{"id":3554,"date":"2022-11-03T12:21:15","date_gmt":"2022-11-03T11:21:15","guid":{"rendered":"https:\/\/ship-tracker.org\/?page_id=3554"},"modified":"2022-11-03T12:25:25","modified_gmt":"2022-11-03T11:25:25","slug":"arvia","status":"publish","type":"page","link":"https:\/\/ship-tracker.org\/pt\/arvia\/","title":{"rendered":"Arvia"},"content":{"rendered":"<h2><span style=\"color: #000000;\">Localiza\u00e7\u00e3o atual e <\/span><span style=\"color: #000000;\">posi\u00e7\u00e3o de Arvia<\/span><\/h2>\n<p>Onde est\u00e1 a posi\u00e7\u00e3o atual da Arvia atualmente?<\/p>\n<p><script type=\"text\/javascript\">\n  var width=\"100%\";var height=\"400\";\n  var mmsi=232040520;\n<\/script><script type=\"text\/javascript\" src=\"https:\/\/www.vesselfinder.com\/aismap.js\"><\/script><\/p>\n<p>Veja a localiza\u00e7\u00e3o atual da Arvia. A posi\u00e7\u00e3o de Arvia pode ser determinada com precis\u00e3o pelos mapas do VesselFinder e MarineTraffic. Assim voc\u00ea est\u00e1 sempre bem informado, onde est\u00e1 seu navio favorito atualmente.<\/p>\n<h2 class=\"title\"><span style=\"color: #000000;\">Revis\u00e3o e especifica\u00e7\u00f5es da Arvia<\/span><\/h2>\n<table style=\"height: 294px;\" width=\"400\">\n<tbody>\n<tr>\n<td style=\"width: 192px;\"><span style=\"color: #000000;\"><strong>Estado da bandeira<\/strong><\/span><\/td>\n<td style=\"width: 192px;\"><span style=\"color: #000000;\">Reino Unido<\/span><\/td>\n<\/tr>\n<tr>\n<td style=\"width: 192px;\"><span style=\"color: #000000;\"><strong>Ano de constru\u00e7\u00e3o<\/strong><\/span><\/td>\n<td style=\"width: 192px;\"><span style=\"color: #000000;\">2022<\/span><\/td>\n<\/tr>\n<tr>\n<td style=\"width: 192px;\"><span style=\"color: #000000;\"><strong>Construtor<\/strong><\/span><\/td>\n<td style=\"width: 192px;\"><span style=\"color: #000000;\">Meyer Werft\u00a0<\/span><\/td>\n<\/tr>\n<tr>\n<td style=\"width: 192px;\"><span style=\"color: #000000;\"><strong>comprimento<\/strong><\/span><\/td>\n<td style=\"width: 192px;\"><span style=\"color: #000000;\"><span class=\"specificationUnit\">345 m<\/span><\/span><\/td>\n<\/tr>\n<tr>\n<td style=\"width: 192px;\"><span style=\"color: #000000;\"><strong>Feixe<\/strong><\/span><\/td>\n<td style=\"width: 192px;\"><span style=\"color: #000000;\"><span class=\"specificationUnit\">42 m<\/span><\/span><\/td>\n<\/tr>\n<tr>\n<td style=\"width: 192px;\"><span style=\"color: #000000;\"><strong>Tonelagem Bruta<\/strong><\/span><\/td>\n<td style=\"width: 192px;\"><span style=\"color: #000000;\"><span class=\"specificationUnit\">184700 gt<\/span><\/span><\/td>\n<\/tr>\n<tr>\n<td style=\"width: 192px;\"><span style=\"color: #000000;\"><strong>Passageiros<\/strong><\/span><\/td>\n<td style=\"width: 192px;\"><span style=\"color: #000000;\">5200<\/span><\/td>\n<\/tr>\n<tr>\n<td style=\"width: 192px;\"><span style=\"color: #000000;\"><strong>Equipe t\u00e9cnica<\/strong><\/span><\/td>\n<td style=\"width: 192px;\"><span style=\"color: #000000;\">1762<\/span><\/td>\n<\/tr>\n<tr>\n<td style=\"width: 192px;\"><span style=\"color: #000000;\"><strong>Decks<\/strong>\u00a0<\/span><\/td>\n<td style=\"width: 192px;\"><span style=\"color: #000000;\">18<\/span><\/td>\n<\/tr>\n<tr>\n<td style=\"width: 192px;\"><span style=\"color: #000000;\"><strong>Rapidez<\/strong><\/span><\/td>\n<td style=\"width: 192px;\"><span style=\"color: #000000;\"><span class=\"specificationUnit\">17 kn<\/span><\/span><\/td>\n<\/tr>\n<tr>\n<td style=\"width: 192px;\"><span style=\"color: #000000;\"><strong><b>Propriet\u00e1rio<\/b><\/strong><\/span><\/td>\n<td style=\"width: 192px;\"><span style=\"color: #000000;\"><a href=\"https:\/\/ship-tracker.org\/pt\/po-cruises\/\">Cruzeiros P&amp;O<\/a><\/span><\/td>\n<\/tr>\n<\/tbody>\n<\/table>\n<p>&nbsp;<\/p>\n<figure id=\"attachment_3555\" aria-describedby=\"caption-attachment-3555\" style=\"width: 600px\" class=\"wp-caption aligncenter\"><img loading=\"lazy\" decoding=\"async\" class=\"size-full wp-image-3555\" src=\"https:\/\/ship-tracker.org\/wp-content\/uploads\/2022\/11\/mw_arvia_dh9_2122-scaled-e1667474280372.jpg\" alt=\"Arvia\" width=\"600\" height=\"368\" srcset=\"https:\/\/ship-tracker.org\/wp-content\/uploads\/2022\/11\/mw_arvia_dh9_2122-scaled-e1667474280372.jpg 600w, https:\/\/ship-tracker.org\/wp-content\/uploads\/2022\/11\/mw_arvia_dh9_2122-scaled-e1667474280372-300x184.jpg 300w, https:\/\/ship-tracker.org\/wp-content\/uploads\/2022\/11\/mw_arvia_dh9_2122-scaled-e1667474280372-18x12.jpg 18w\" sizes=\"auto, (max-width: 600px) 100vw, 600px\" \/><figcaption id=\"caption-attachment-3555\" class=\"wp-caption-text\">\u00a9 Meyer Werft<\/figcaption><\/figure>\n<h3 class=\"title\">Frota da P&amp;O Cruises<\/h3>\n<ul>\n<li><a href=\"https:\/\/ship-tracker.org\/pt\/britannia\/\">Britannia<\/a><\/li>\n<li><a href=\"https:\/\/ship-tracker.org\/pt\/azura\/\">Azura<\/a><\/li>\n<li><a href=\"https:\/\/ship-tracker.org\/pt\/ventura\/\">Ventura<\/a><\/li>\n<li><a href=\"https:\/\/ship-tracker.org\/pt\/arcadia\/\">Arcadia<\/a><\/li>\n<li><a href=\"https:\/\/ship-tracker.org\/pt\/oceana\/\">Oceana<\/a><\/li>\n<li><a href=\"https:\/\/ship-tracker.org\/pt\/aurora\/\">Aurora<\/a><\/li>\n<li><a href=\"https:\/\/ship-tracker.org\/pt\/pacific-explorer\/\">Pacific Explorer<\/a><\/li>\n<li><a href=\"https:\/\/ship-tracker.org\/pt\/pacific-aria\/\">Pacific Aria<\/a><\/li>\n<li><a href=\"https:\/\/ship-tracker.org\/pt\/pacific-dawn\/\">Pacific Dawn<\/a><\/li>\n<\/ul>","protected":false},"excerpt":{"rendered":"<p>Localiza\u00e7\u00e3o atual e posi\u00e7\u00e3o do Arvia. Onde est\u00e1 a posi\u00e7\u00e3o atual do Arvia? Veja a localiza\u00e7\u00e3o atual do Arvia. A posi\u00e7\u00e3o do Arvia pode ser determinada com precis\u00e3o pelos mapas do VesselFinder e do MarineTraffic. Assim, voc\u00ea estar\u00e1 sempre bem informado sobre onde seu navio favorito est\u00e1 atualmente. An\u00e1lise e especifica\u00e7\u00f5es do Arvia. Estado de bandeira: Reino Unido. Ano de constru\u00e7\u00e3o:\u2026&nbsp;<a href=\"https:\/\/ship-tracker.org\/pt\/arvia\/\" rel=\"bookmark\">Ler mais \u00bb<span class=\"screen-reader-text\">Arvia<\/span><\/a><\/p>","protected":false},"author":1,"featured_media":3555,"parent":0,"menu_order":0,"comment_status":"closed","ping_status":"closed","template":"","meta":{"neve_meta_sidebar":"","neve_meta_container":"","neve_meta_enable_content_width":"","neve_meta_content_width":0,"neve_meta_title_alignment":"","neve_meta_author_avatar":"","neve_post_elements_order":"","neve_meta_disable_header":"","neve_meta_disable_footer":"","neve_meta_disable_title":"","neve_meta_reading_time":"","footnotes":""},"class_list":["post-3554","page","type-page","status-publish","has-post-thumbnail","hentry"],"yoast_head":"<!-- This site is optimized with the Yoast SEO plugin v27.4 - https:\/\/yoast.com\/product\/yoast-seo-wordpress\/ -->\n<title>Arvia\u2503Current location and position of P&amp;O Cruises<\/title>\n<meta name=\"description\" content=\"Arvia \u2693 Current location and position of Arvia \u2713 Cruise Ship Tracker \u2713 Live Ship Tracker \u2713 P&amp;O Cruises \u2713 Webcam\" \/>\n<meta name=\"robots\" content=\"index, follow, max-snippet:-1, max-image-preview:large, max-video-preview:-1\" \/>\n<link rel=\"canonical\" href=\"https:\/\/ship-tracker.org\/pt\/arvia\/\" \/>\n<meta property=\"og:locale\" content=\"pt_PT\" \/>\n<meta property=\"og:type\" content=\"article\" \/>\n<meta property=\"og:title\" content=\"Arvia\u2503Current location and position of P&amp;O Cruises\" \/>\n<meta property=\"og:description\" content=\"Arvia \u2693 Current location and position of Arvia \u2713 Cruise Ship Tracker \u2713 Live Ship Tracker \u2713 P&amp;O Cruises \u2713 Webcam\" \/>\n<meta property=\"og:url\" content=\"https:\/\/ship-tracker.org\/pt\/arvia\/\" \/>\n<meta property=\"og:site_name\" content=\"Ship-tracker.org\" \/>\n<meta property=\"article:modified_time\" content=\"2022-11-03T11:25:25+00:00\" \/>\n<meta property=\"og:image\" content=\"https:\/\/ship-tracker.org\/wp-content\/uploads\/2022\/11\/mw_arvia_dh9_2122-scaled-e1667474280372.jpg\" \/>\n\t<meta property=\"og:image:width\" content=\"600\" \/>\n\t<meta property=\"og:image:height\" content=\"368\" \/>\n\t<meta property=\"og:image:type\" content=\"image\/jpeg\" \/>\n<meta name=\"twitter:card\" content=\"summary_large_image\" \/>\n<meta name=\"twitter:label1\" content=\"Tempo estimado de leitura\" \/>\n\t<meta name=\"twitter:data1\" content=\"1 minuto\" \/>\n<script type=\"application\/ld+json\" class=\"yoast-schema-graph\">{\"@context\":\"https:\\\/\\\/schema.org\",\"@graph\":[{\"@type\":\"WebPage\",\"@id\":\"https:\\\/\\\/ship-tracker.org\\\/arvia\\\/\",\"url\":\"https:\\\/\\\/ship-tracker.org\\\/arvia\\\/\",\"name\":\"Arvia\u2503Current location and position of P&O Cruises\",\"isPartOf\":{\"@id\":\"https:\\\/\\\/ship-tracker.org\\\/#website\"},\"primaryImageOfPage\":{\"@id\":\"https:\\\/\\\/ship-tracker.org\\\/arvia\\\/#primaryimage\"},\"image\":{\"@id\":\"https:\\\/\\\/ship-tracker.org\\\/arvia\\\/#primaryimage\"},\"thumbnailUrl\":\"https:\\\/\\\/ship-tracker.org\\\/wp-content\\\/uploads\\\/2022\\\/11\\\/mw_arvia_dh9_2122-scaled-e1667474280372.jpg\",\"datePublished\":\"2022-11-03T11:21:15+00:00\",\"dateModified\":\"2022-11-03T11:25:25+00:00\",\"description\":\"Arvia \u2693 Current location and position of Arvia \u2713 Cruise Ship Tracker \u2713 Live Ship Tracker \u2713 P&O Cruises \u2713 Webcam\",\"breadcrumb\":{\"@id\":\"https:\\\/\\\/ship-tracker.org\\\/arvia\\\/#breadcrumb\"},\"inLanguage\":\"pt-PT\",\"potentialAction\":[{\"@type\":\"ReadAction\",\"target\":[\"https:\\\/\\\/ship-tracker.org\\\/arvia\\\/\"]}]},{\"@type\":\"ImageObject\",\"inLanguage\":\"pt-PT\",\"@id\":\"https:\\\/\\\/ship-tracker.org\\\/arvia\\\/#primaryimage\",\"url\":\"https:\\\/\\\/ship-tracker.org\\\/wp-content\\\/uploads\\\/2022\\\/11\\\/mw_arvia_dh9_2122-scaled-e1667474280372.jpg\",\"contentUrl\":\"https:\\\/\\\/ship-tracker.org\\\/wp-content\\\/uploads\\\/2022\\\/11\\\/mw_arvia_dh9_2122-scaled-e1667474280372.jpg\",\"width\":600,\"height\":368,\"caption\":\"\u00a9 Meyer Werft\"},{\"@type\":\"BreadcrumbList\",\"@id\":\"https:\\\/\\\/ship-tracker.org\\\/arvia\\\/#breadcrumb\",\"itemListElement\":[{\"@type\":\"ListItem\",\"position\":1,\"name\":\"Startseite\",\"item\":\"https:\\\/\\\/ship-tracker.org\\\/\"},{\"@type\":\"ListItem\",\"position\":2,\"name\":\"Arvia\"}]},{\"@type\":\"WebSite\",\"@id\":\"https:\\\/\\\/ship-tracker.org\\\/#website\",\"url\":\"https:\\\/\\\/ship-tracker.org\\\/\",\"name\":\"Ship-tracker.org\",\"description\":\"\",\"potentialAction\":[{\"@type\":\"SearchAction\",\"target\":{\"@type\":\"EntryPoint\",\"urlTemplate\":\"https:\\\/\\\/ship-tracker.org\\\/?s={search_term_string}\"},\"query-input\":{\"@type\":\"PropertyValueSpecification\",\"valueRequired\":true,\"valueName\":\"search_term_string\"}}],\"inLanguage\":\"pt-PT\"}]}<\/script>\n<!-- \/ Yoast SEO plugin. -->","yoast_head_json":{"title":"Arvia\u2503Localiza\u00e7\u00e3o e posi\u00e7\u00e3o atual da P&amp;O Cruises","description":"Arvia \u2693 Localiza\u00e7\u00e3o e posi\u00e7\u00e3o atual de Arvia \u2713 Rastreador de navios de cruzeiro \u2713 Rastreador de navios ao vivo \u2713 Cruzeiros P&amp;O \u2713 Webcam","robots":{"index":"index","follow":"follow","max-snippet":"max-snippet:-1","max-image-preview":"max-image-preview:large","max-video-preview":"max-video-preview:-1"},"canonical":"https:\/\/ship-tracker.org\/pt\/arvia\/","og_locale":"pt_PT","og_type":"article","og_title":"Arvia\u2503Current location and position of P&O Cruises","og_description":"Arvia \u2693 Current location and position of Arvia \u2713 Cruise Ship Tracker \u2713 Live Ship Tracker \u2713 P&O Cruises \u2713 Webcam","og_url":"https:\/\/ship-tracker.org\/pt\/arvia\/","og_site_name":"Ship-tracker.org","article_modified_time":"2022-11-03T11:25:25+00:00","og_image":[{"width":600,"height":368,"url":"https:\/\/ship-tracker.org\/wp-content\/uploads\/2022\/11\/mw_arvia_dh9_2122-scaled-e1667474280372.jpg","type":"image\/jpeg"}],"twitter_card":"summary_large_image","twitter_misc":{"Tempo estimado de leitura":"1 minuto"},"schema":{"@context":"https:\/\/schema.org","@graph":[{"@type":"WebPage","@id":"https:\/\/ship-tracker.org\/arvia\/","url":"https:\/\/ship-tracker.org\/arvia\/","name":"Arvia\u2503Localiza\u00e7\u00e3o e posi\u00e7\u00e3o atual da P&amp;O Cruises","isPartOf":{"@id":"https:\/\/ship-tracker.org\/#website"},"primaryImageOfPage":{"@id":"https:\/\/ship-tracker.org\/arvia\/#primaryimage"},"image":{"@id":"https:\/\/ship-tracker.org\/arvia\/#primaryimage"},"thumbnailUrl":"https:\/\/ship-tracker.org\/wp-content\/uploads\/2022\/11\/mw_arvia_dh9_2122-scaled-e1667474280372.jpg","datePublished":"2022-11-03T11:21:15+00:00","dateModified":"2022-11-03T11:25:25+00:00","description":"Arvia \u2693 Localiza\u00e7\u00e3o e posi\u00e7\u00e3o atual de Arvia \u2713 Rastreador de navios de cruzeiro \u2713 Rastreador de navios ao vivo \u2713 Cruzeiros P&amp;O \u2713 Webcam","breadcrumb":{"@id":"https:\/\/ship-tracker.org\/arvia\/#breadcrumb"},"inLanguage":"pt-PT","potentialAction":[{"@type":"ReadAction","target":["https:\/\/ship-tracker.org\/arvia\/"]}]},{"@type":"ImageObject","inLanguage":"pt-PT","@id":"https:\/\/ship-tracker.org\/arvia\/#primaryimage","url":"https:\/\/ship-tracker.org\/wp-content\/uploads\/2022\/11\/mw_arvia_dh9_2122-scaled-e1667474280372.jpg","contentUrl":"https:\/\/ship-tracker.org\/wp-content\/uploads\/2022\/11\/mw_arvia_dh9_2122-scaled-e1667474280372.jpg","width":600,"height":368,"caption":"\u00a9 Meyer Werft"},{"@type":"BreadcrumbList","@id":"https:\/\/ship-tracker.org\/arvia\/#breadcrumb","itemListElement":[{"@type":"ListItem","position":1,"name":"Startseite","item":"https:\/\/ship-tracker.org\/"},{"@type":"ListItem","position":2,"name":"Arvia"}]},{"@type":"WebSite","@id":"https:\/\/ship-tracker.org\/#website","url":"https:\/\/ship-tracker.org\/","name":"Ship-tracker.org","description":"","potentialAction":[{"@type":"SearchAction","target":{"@type":"EntryPoint","urlTemplate":"https:\/\/ship-tracker.org\/?s={search_term_string}"},"query-input":{"@type":"PropertyValueSpecification","valueRequired":true,"valueName":"search_term_string"}}],"inLanguage":"pt-PT"}]}},"_links":{"self":[{"href":"https:\/\/ship-tracker.org\/pt\/wp-json\/wp\/v2\/pages\/3554","targetHints":{"allow":["GET"]}}],"collection":[{"href":"https:\/\/ship-tracker.org\/pt\/wp-json\/wp\/v2\/pages"}],"about":[{"href":"https:\/\/ship-tracker.org\/pt\/wp-json\/wp\/v2\/types\/page"}],"author":[{"embeddable":true,"href":"https:\/\/ship-tracker.org\/pt\/wp-json\/wp\/v2\/users\/1"}],"replies":[{"embeddable":true,"href":"https:\/\/ship-tracker.org\/pt\/wp-json\/wp\/v2\/comments?post=3554"}],"version-history":[{"count":1,"href":"https:\/\/ship-tracker.org\/pt\/wp-json\/wp\/v2\/pages\/3554\/revisions"}],"predecessor-version":[{"id":3556,"href":"https:\/\/ship-tracker.org\/pt\/wp-json\/wp\/v2\/pages\/3554\/revisions\/3556"}],"wp:featuredmedia":[{"embeddable":true,"href":"https:\/\/ship-tracker.org\/pt\/wp-json\/wp\/v2\/media\/3555"}],"wp:attachment":[{"href":"https:\/\/ship-tracker.org\/pt\/wp-json\/wp\/v2\/media?parent=3554"}],"curies":[{"name":"wp","href":"https:\/\/api.w.org\/{rel}","templated":true}]}}