{"id":3538,"date":"2022-11-01T13:43:11","date_gmt":"2022-11-01T12:43:11","guid":{"rendered":"https:\/\/ship-tracker.org\/?page_id=3538"},"modified":"2022-11-01T13:43:11","modified_gmt":"2022-11-01T12:43:11","slug":"queen-anne","status":"publish","type":"page","link":"https:\/\/ship-tracker.org\/pt\/queen-anne\/","title":{"rendered":"Rainha Ana"},"content":{"rendered":"<p><script async src=\"https:\/\/pagead2.googlesyndication.com\/pagead\/js\/adsbygoogle.js\"><\/script><br \/>\n<!-- Ship-Tracker Display --><br \/>\n<ins class=\"adsbygoogle\" style=\"display: block;\" data-ad-client=\"ca-pub-1316785063791781\" data-ad-slot=\"8075999632\" data-ad-format=\"auto\" data-full-width-responsive=\"true\"><\/ins><br \/>\n<script>\n     (adsbygoogle = window.adsbygoogle || []).push({});\n<\/script><\/p>\n<h2><span style=\"color: #000000;\">Localiza\u00e7\u00e3o atual e <\/span><span style=\"color: #000000;\">posi\u00e7\u00e3o da rainha Anne<\/span><\/h2>\n<p>Onde est\u00e1 a posi\u00e7\u00e3o atual da rainha Anne atualmente?<br \/>\n<script async src=\"https:\/\/pagead2.googlesyndication.com\/pagead\/js\/adsbygoogle.js\"><\/script><br \/>\n<!-- Schip-Tracker Linkanzeigen --><br \/>\n<ins class=\"adsbygoogle\" style=\"display: block;\" data-ad-client=\"ca-pub-1316785063791781\" data-ad-slot=\"3429004156\" data-ad-format=\"link\" data-full-width-responsive=\"true\"><\/ins><br \/>\n<script>\n     (adsbygoogle = window.adsbygoogle || []).push({});\n<\/script><br \/>\n<div class=\"su-gmap su-u-responsive-media-yes\"><iframe loading=\"lazy\" width=\"600\" height=\"400\" src=\"\/\/maps.google.com\/maps?q=Fincantieri&amp;output=embed\" title=\"\"><\/iframe><\/div>\n<script async src=\"https:\/\/pagead2.googlesyndication.com\/pagead\/js\/adsbygoogle.js\"><\/script><br \/>\n<!-- Ship-Tracker Display --><br \/>\n<ins class=\"adsbygoogle\" style=\"display: block;\" data-ad-client=\"ca-pub-1316785063791781\" data-ad-slot=\"8075999632\" data-ad-format=\"auto\" data-full-width-responsive=\"true\"><\/ins><br \/>\n<script>\n     (adsbygoogle = window.adsbygoogle || []).push({});\n<\/script><br \/>\nVeja a localiza\u00e7\u00e3o atual de Queen Anne. A posi\u00e7\u00e3o de Queen Anne pode ser determinada com precis\u00e3o pelos mapas de VesselFinder e MarineTraffic. Ent\u00e3o voc\u00ea est\u00e1 sempre bem informado, onde est\u00e1 seu navio favorito atualmente.<\/p>\n<h2 class=\"title\"><span style=\"color: #000000;\">Revis\u00e3o e especifica\u00e7\u00f5es do Queen Anne<\/span><\/h2>\n<table class=\"responsive\">\n<tbody>\n<tr>\n<td style=\"width: 192px;\"><span style=\"color: #000000;\"><strong>Estado da bandeira<\/strong><\/span><\/td>\n<td style=\"width: 192px;\"><span style=\"color: #000000;\">Reino Unido<\/span><\/td>\n<\/tr>\n<tr>\n<td style=\"width: 192px;\"><span style=\"color: #000000;\"><strong>Ano de constru\u00e7\u00e3o<\/strong><\/span><\/td>\n<td style=\"width: 192px;\"><span style=\"color: #000000;\">2024<\/span><\/td>\n<\/tr>\n<tr>\n<td style=\"width: 192px;\"><span style=\"color: #000000;\"><strong>Construtor<\/strong><\/span><\/td>\n<td style=\"width: 192px;\"><span style=\"color: #000000;\">Fincantieri<\/span><\/td>\n<\/tr>\n<tr>\n<td style=\"width: 192px;\"><span style=\"color: #000000;\"><strong>comprimento<\/strong><\/span><\/td>\n<td style=\"width: 192px;\"><span style=\"color: #000000;\"><span class=\"specificationUnit\">323m<\/span><\/span><\/td>\n<\/tr>\n<tr>\n<td style=\"width: 192px;\"><span style=\"color: #000000;\"><strong>Feixe<\/strong><\/span><\/td>\n<td style=\"width: 192px;\"><span style=\"color: #000000;\"><span class=\"specificationUnit\">36m<\/span><\/span><\/td>\n<\/tr>\n<tr>\n<td style=\"width: 192px;\"><span style=\"color: #000000;\"><strong>Tonelagem Bruta<\/strong><\/span><\/td>\n<td style=\"width: 192px;\"><span style=\"color: #000000;\"><span class=\"specificationUnit\">113000 GT<\/span><\/span><\/td>\n<\/tr>\n<tr>\n<td style=\"width: 192px;\"><span style=\"color: #000000;\"><strong>Passageiros<\/strong><\/span><\/td>\n<td style=\"width: 192px;\"><span style=\"color: #000000;\">2794<\/span><\/td>\n<\/tr>\n<tr>\n<td style=\"width: 192px;\"><span style=\"color: #000000;\"><strong>Equipe t\u00e9cnica<\/strong><\/span><\/td>\n<td style=\"width: 192px;\"><span style=\"color: #000000;\">1225<\/span><\/td>\n<\/tr>\n<tr>\n<td style=\"width: 192px;\"><span style=\"color: #000000;\"><strong>Decks<\/strong>\u00a0<\/span><\/td>\n<td style=\"width: 192px;\"><span style=\"color: #000000;\">13<\/span><\/td>\n<\/tr>\n<tr>\n<td style=\"width: 192px;\"><span style=\"color: #000000;\"><strong>Rapidez<\/strong><\/span><\/td>\n<td style=\"width: 192px;\"><span style=\"color: #000000;\"><span class=\"specificationUnit\">22 kn<\/span><\/span><\/td>\n<\/tr>\n<tr>\n<td style=\"width: 192px;\"><span style=\"color: #000000;\"><strong><b>Porto de registro<\/b><\/strong><\/span><\/td>\n<td style=\"width: 192px;\"><span style=\"color: #000000;\">Hamilton<\/span><\/td>\n<\/tr>\n<tr>\n<td style=\"width: 192px;\"><span style=\"color: #000000;\"><strong>Cabines<\/strong><\/span><\/td>\n<td style=\"width: 192px;\"><span style=\"color: #000000;\">1397<\/span><\/td>\n<\/tr>\n<tr>\n<td style=\"width: 192px;\"><span style=\"color: #000000;\"><strong><b>Propriet\u00e1rio<\/b><\/strong><\/span><\/td>\n<td style=\"width: 192px;\"><a href=\"https:\/\/ship-tracker.org\/pt\/cunard-line\/\"><span style=\"color: #000000;\">Cunard Line<\/span><\/a><\/td>\n<\/tr>\n<\/tbody>\n<\/table>\n<p><script async src=\"https:\/\/pagead2.googlesyndication.com\/pagead\/js\/adsbygoogle.js\"><\/script><br \/>\n<!-- Schip-Tracker Linkanzeigen --><br \/>\n<ins class=\"adsbygoogle\" style=\"display: block;\" data-ad-client=\"ca-pub-1316785063791781\" data-ad-slot=\"3429004156\" data-ad-format=\"link\" data-full-width-responsive=\"true\"><\/ins><br \/>\n<script>\n     (adsbygoogle = window.adsbygoogle || []).push({});\n<\/script><\/p>\n<figure id=\"attachment_3539\" aria-describedby=\"caption-attachment-3539\" style=\"width: 750px\" class=\"wp-caption aligncenter\"><img loading=\"lazy\" decoding=\"async\" class=\"size-full wp-image-3539\" src=\"https:\/\/ship-tracker.org\/wp-content\/uploads\/2022\/11\/Queen_Anne_Single_Ship_Bow_Day_mobile.jpg.1645443522767.image_.750.563.low_.jpg\" alt=\"Rainha Ana\" width=\"750\" height=\"563\" srcset=\"https:\/\/ship-tracker.org\/wp-content\/uploads\/2022\/11\/Queen_Anne_Single_Ship_Bow_Day_mobile.jpg.1645443522767.image_.750.563.low_.jpg 750w, https:\/\/ship-tracker.org\/wp-content\/uploads\/2022\/11\/Queen_Anne_Single_Ship_Bow_Day_mobile.jpg.1645443522767.image_.750.563.low_-300x225.jpg 300w, https:\/\/ship-tracker.org\/wp-content\/uploads\/2022\/11\/Queen_Anne_Single_Ship_Bow_Day_mobile.jpg.1645443522767.image_.750.563.low_-16x12.jpg 16w\" sizes=\"auto, (max-width: 750px) 100vw, 750px\" \/><figcaption id=\"caption-attachment-3539\" class=\"wp-caption-text\">\u00a9 Cunard Line<\/figcaption><\/figure>\n<h3 class=\"title\">Frota Cunard<\/h3>\n<ul>\n<li><a href=\"https:\/\/ship-tracker.org\/pt\/queen-elizabeth\/\">Queen Elizabeth<\/a><\/li>\n<li><a href=\"https:\/\/ship-tracker.org\/pt\/queen-victoria\/\">Queen Victoria<\/a><\/li>\n<\/ul>","protected":false},"excerpt":{"rendered":"<p>Localiza\u00e7\u00e3o atual e posi\u00e7\u00e3o do Queen Anne. Onde est\u00e1 a posi\u00e7\u00e3o atual do Queen Anne? Veja a localiza\u00e7\u00e3o atual do Queen Anne. A posi\u00e7\u00e3o do Queen Anne pode ser determinada com precis\u00e3o pelos mapas do VesselFinder e do MarineTraffic. Assim, voc\u00ea estar\u00e1 sempre bem informado sobre onde seu navio favorito est\u00e1 atualmente. Avalia\u00e7\u00e3o e especifica\u00e7\u00f5es do Queen Anne. Estado de bandeira\u2026&nbsp;<a href=\"https:\/\/ship-tracker.org\/pt\/queen-anne\/\" rel=\"bookmark\">Ler mais \u00bb<span class=\"screen-reader-text\">Rainha Ana<\/span><\/a><\/p>","protected":false},"author":1,"featured_media":0,"parent":0,"menu_order":0,"comment_status":"closed","ping_status":"closed","template":"","meta":{"neve_meta_sidebar":"","neve_meta_container":"","neve_meta_enable_content_width":"","neve_meta_content_width":0,"neve_meta_title_alignment":"","neve_meta_author_avatar":"","neve_post_elements_order":"","neve_meta_disable_header":"","neve_meta_disable_footer":"","neve_meta_disable_title":"","neve_meta_reading_time":"","footnotes":""},"class_list":["post-3538","page","type-page","status-publish","hentry"],"yoast_head":"<!-- This site is optimized with the Yoast SEO plugin v26.9 - https:\/\/yoast.com\/product\/yoast-seo-wordpress\/ -->\n<title>Queen Anne \u2503Current location and position of Cunard Line<\/title>\n<meta name=\"description\" content=\"Queen Anne \u2693 Current location and position of Queen Anne \u2713 Cruise Ship Tracker \u2713 Live Ship Tracker \u2713 Review and Specifications\" \/>\n<meta name=\"robots\" content=\"index, follow, max-snippet:-1, max-image-preview:large, max-video-preview:-1\" \/>\n<link rel=\"canonical\" href=\"https:\/\/ship-tracker.org\/pt\/queen-anne\/\" \/>\n<meta property=\"og:locale\" content=\"pt_PT\" \/>\n<meta property=\"og:type\" content=\"article\" \/>\n<meta property=\"og:title\" content=\"Queen Anne \u2503Current location and position of Cunard Line\" \/>\n<meta property=\"og:description\" content=\"Queen Anne \u2693 Current location and position of Queen Anne \u2713 Cruise Ship Tracker \u2713 Live Ship Tracker \u2713 Review and Specifications\" \/>\n<meta property=\"og:url\" content=\"https:\/\/ship-tracker.org\/pt\/queen-anne\/\" \/>\n<meta property=\"og:site_name\" content=\"Ship-tracker.org\" \/>\n<meta property=\"og:image\" content=\"https:\/\/ship-tracker.org\/wp-content\/uploads\/2022\/11\/Queen_Anne_Single_Ship_Bow_Day_mobile.jpg.1645443522767.image_.750.563.low_.jpg\" \/>\n<meta name=\"twitter:card\" content=\"summary_large_image\" \/>\n<meta name=\"twitter:label1\" content=\"Tempo estimado de leitura\" \/>\n\t<meta name=\"twitter:data1\" content=\"1 minuto\" \/>\n<script type=\"application\/ld+json\" class=\"yoast-schema-graph\">{\"@context\":\"https:\/\/schema.org\",\"@graph\":[{\"@type\":\"WebPage\",\"@id\":\"https:\/\/ship-tracker.org\/queen-anne\/\",\"url\":\"https:\/\/ship-tracker.org\/queen-anne\/\",\"name\":\"Queen Anne \u2503Current location and position of Cunard Line\",\"isPartOf\":{\"@id\":\"https:\/\/ship-tracker.org\/#website\"},\"primaryImageOfPage\":{\"@id\":\"https:\/\/ship-tracker.org\/queen-anne\/#primaryimage\"},\"image\":{\"@id\":\"https:\/\/ship-tracker.org\/queen-anne\/#primaryimage\"},\"thumbnailUrl\":\"https:\/\/ship-tracker.org\/wp-content\/uploads\/2022\/11\/Queen_Anne_Single_Ship_Bow_Day_mobile.jpg.1645443522767.image_.750.563.low_.jpg\",\"datePublished\":\"2022-11-01T12:43:11+00:00\",\"description\":\"Queen Anne \u2693 Current location and position of Queen Anne \u2713 Cruise Ship Tracker \u2713 Live Ship Tracker \u2713 Review and Specifications\",\"breadcrumb\":{\"@id\":\"https:\/\/ship-tracker.org\/queen-anne\/#breadcrumb\"},\"inLanguage\":\"pt-PT\",\"potentialAction\":[{\"@type\":\"ReadAction\",\"target\":[\"https:\/\/ship-tracker.org\/queen-anne\/\"]}]},{\"@type\":\"ImageObject\",\"inLanguage\":\"pt-PT\",\"@id\":\"https:\/\/ship-tracker.org\/queen-anne\/#primaryimage\",\"url\":\"https:\/\/ship-tracker.org\/wp-content\/uploads\/2022\/11\/Queen_Anne_Single_Ship_Bow_Day_mobile.jpg.1645443522767.image_.750.563.low_.jpg\",\"contentUrl\":\"https:\/\/ship-tracker.org\/wp-content\/uploads\/2022\/11\/Queen_Anne_Single_Ship_Bow_Day_mobile.jpg.1645443522767.image_.750.563.low_.jpg\"},{\"@type\":\"BreadcrumbList\",\"@id\":\"https:\/\/ship-tracker.org\/queen-anne\/#breadcrumb\",\"itemListElement\":[{\"@type\":\"ListItem\",\"position\":1,\"name\":\"Startseite\",\"item\":\"https:\/\/ship-tracker.org\/\"},{\"@type\":\"ListItem\",\"position\":2,\"name\":\"Queen Anne\"}]},{\"@type\":\"WebSite\",\"@id\":\"https:\/\/ship-tracker.org\/#website\",\"url\":\"https:\/\/ship-tracker.org\/\",\"name\":\"Ship-tracker.org\",\"description\":\"\",\"potentialAction\":[{\"@type\":\"SearchAction\",\"target\":{\"@type\":\"EntryPoint\",\"urlTemplate\":\"https:\/\/ship-tracker.org\/?s={search_term_string}\"},\"query-input\":{\"@type\":\"PropertyValueSpecification\",\"valueRequired\":true,\"valueName\":\"search_term_string\"}}],\"inLanguage\":\"pt-PT\"}]}<\/script>\n<!-- \/ Yoast SEO plugin. -->","yoast_head_json":{"title":"Queen Anne \u2503Localiza\u00e7\u00e3o atual e posi\u00e7\u00e3o da Cunard Line","description":"Queen Anne \u2693 Localiza\u00e7\u00e3o atual e posi\u00e7\u00e3o da Queen Anne \u2713 Rastreador de navio de cruzeiro \u2713 Rastreador de navio ao vivo \u2713 Revis\u00e3o e especifica\u00e7\u00f5es","robots":{"index":"index","follow":"follow","max-snippet":"max-snippet:-1","max-image-preview":"max-image-preview:large","max-video-preview":"max-video-preview:-1"},"canonical":"https:\/\/ship-tracker.org\/pt\/queen-anne\/","og_locale":"pt_PT","og_type":"article","og_title":"Queen Anne \u2503Current location and position of Cunard Line","og_description":"Queen Anne \u2693 Current location and position of Queen Anne \u2713 Cruise Ship Tracker \u2713 Live Ship Tracker \u2713 Review and Specifications","og_url":"https:\/\/ship-tracker.org\/pt\/queen-anne\/","og_site_name":"Ship-tracker.org","og_image":[{"url":"https:\/\/ship-tracker.org\/wp-content\/uploads\/2022\/11\/Queen_Anne_Single_Ship_Bow_Day_mobile.jpg.1645443522767.image_.750.563.low_.jpg","type":"","width":"","height":""}],"twitter_card":"summary_large_image","twitter_misc":{"Tempo estimado de leitura":"1 minuto"},"schema":{"@context":"https:\/\/schema.org","@graph":[{"@type":"WebPage","@id":"https:\/\/ship-tracker.org\/queen-anne\/","url":"https:\/\/ship-tracker.org\/queen-anne\/","name":"Queen Anne \u2503Localiza\u00e7\u00e3o atual e posi\u00e7\u00e3o da Cunard Line","isPartOf":{"@id":"https:\/\/ship-tracker.org\/#website"},"primaryImageOfPage":{"@id":"https:\/\/ship-tracker.org\/queen-anne\/#primaryimage"},"image":{"@id":"https:\/\/ship-tracker.org\/queen-anne\/#primaryimage"},"thumbnailUrl":"https:\/\/ship-tracker.org\/wp-content\/uploads\/2022\/11\/Queen_Anne_Single_Ship_Bow_Day_mobile.jpg.1645443522767.image_.750.563.low_.jpg","datePublished":"2022-11-01T12:43:11+00:00","description":"Queen Anne \u2693 Localiza\u00e7\u00e3o atual e posi\u00e7\u00e3o da Queen Anne \u2713 Rastreador de navio de cruzeiro \u2713 Rastreador de navio ao vivo \u2713 Revis\u00e3o e especifica\u00e7\u00f5es","breadcrumb":{"@id":"https:\/\/ship-tracker.org\/queen-anne\/#breadcrumb"},"inLanguage":"pt-PT","potentialAction":[{"@type":"ReadAction","target":["https:\/\/ship-tracker.org\/queen-anne\/"]}]},{"@type":"ImageObject","inLanguage":"pt-PT","@id":"https:\/\/ship-tracker.org\/queen-anne\/#primaryimage","url":"https:\/\/ship-tracker.org\/wp-content\/uploads\/2022\/11\/Queen_Anne_Single_Ship_Bow_Day_mobile.jpg.1645443522767.image_.750.563.low_.jpg","contentUrl":"https:\/\/ship-tracker.org\/wp-content\/uploads\/2022\/11\/Queen_Anne_Single_Ship_Bow_Day_mobile.jpg.1645443522767.image_.750.563.low_.jpg"},{"@type":"BreadcrumbList","@id":"https:\/\/ship-tracker.org\/queen-anne\/#breadcrumb","itemListElement":[{"@type":"ListItem","position":1,"name":"Startseite","item":"https:\/\/ship-tracker.org\/"},{"@type":"ListItem","position":2,"name":"Queen Anne"}]},{"@type":"WebSite","@id":"https:\/\/ship-tracker.org\/#website","url":"https:\/\/ship-tracker.org\/","name":"Ship-tracker.org","description":"","potentialAction":[{"@type":"SearchAction","target":{"@type":"EntryPoint","urlTemplate":"https:\/\/ship-tracker.org\/?s={search_term_string}"},"query-input":{"@type":"PropertyValueSpecification","valueRequired":true,"valueName":"search_term_string"}}],"inLanguage":"pt-PT"}]}},"_links":{"self":[{"href":"https:\/\/ship-tracker.org\/pt\/wp-json\/wp\/v2\/pages\/3538","targetHints":{"allow":["GET"]}}],"collection":[{"href":"https:\/\/ship-tracker.org\/pt\/wp-json\/wp\/v2\/pages"}],"about":[{"href":"https:\/\/ship-tracker.org\/pt\/wp-json\/wp\/v2\/types\/page"}],"author":[{"embeddable":true,"href":"https:\/\/ship-tracker.org\/pt\/wp-json\/wp\/v2\/users\/1"}],"replies":[{"embeddable":true,"href":"https:\/\/ship-tracker.org\/pt\/wp-json\/wp\/v2\/comments?post=3538"}],"version-history":[{"count":1,"href":"https:\/\/ship-tracker.org\/pt\/wp-json\/wp\/v2\/pages\/3538\/revisions"}],"predecessor-version":[{"id":3540,"href":"https:\/\/ship-tracker.org\/pt\/wp-json\/wp\/v2\/pages\/3538\/revisions\/3540"}],"wp:attachment":[{"href":"https:\/\/ship-tracker.org\/pt\/wp-json\/wp\/v2\/media?parent=3538"}],"curies":[{"name":"wp","href":"https:\/\/api.w.org\/{rel}","templated":true}]}}