{"id":3450,"date":"2022-02-06T19:35:34","date_gmt":"2022-02-06T18:35:34","guid":{"rendered":"https:\/\/ship-tracker.org\/?page_id=3450"},"modified":"2022-02-06T19:35:34","modified_gmt":"2022-02-06T18:35:34","slug":"argentina-star","status":"publish","type":"page","link":"https:\/\/ship-tracker.org\/pt\/argentina-star\/","title":{"rendered":"ESTRELA ARGENTINA"},"content":{"rendered":"<p><strong>ESTRELA ARGENTINA<\/strong> (IMO: 7636688) atualmente navegando sob a bandeira de <strong>Bahamas<\/strong>. A embarca\u00e7\u00e3o ARGENTINA STAR \u00e9 uma <strong>Navio porta-contentores<\/strong> constru\u00eddas em <strong>1979<\/strong>. Seu comprimento total (LOA) \u00e9 <strong>207.32<\/strong>\u00a0m, o feixe \u00e9 <strong>25.2<\/strong>\u00a0metros.<strong> ESTRELA ARGENTINA<\/strong> capacidade do recipiente \u00e9 <strong>1261<\/strong>\u00a0<strong>TEU<\/strong>.<\/p>\n<h2>Localiza\u00e7\u00e3o e posi\u00e7\u00e3o atual do ARGENTINA STAR (IMO 7636688) \u2013 Navio de Cont\u00eaineres<\/h2>\n<p>Onde est\u00e1 a posi\u00e7\u00e3o atual da ARGENTINA STAR atualmente?<\/p>\n<p><script type=\"text\/javascript\">\n  var width=\"1500\";\n  var height=\"500\";\n  var zoom=\"3\";\n  var click_to_activate=false;\n<\/script><br \/>\n<script type=\"text\/javascript\" src=\"https:\/\/www.vesselfinder.com\/aismap.js\">\n<\/script><\/p>\n<p>Veja a localiza\u00e7\u00e3o atual do ARGENTINA STAR. A posi\u00e7\u00e3o do ARGENTINA STAR pode ser determinada com precis\u00e3o pelos mapas do VesselFinder e MarineTraffic. Assim voc\u00ea est\u00e1 sempre bem informado, onde est\u00e1 seu navio favorito atualmente.<\/p>\n<h2>Detalhes do navio para ARGENTINA STAR<\/h2>\n<table>\n<tbody>\n<tr>\n<td style=\"width: 50%;\"><strong>Detalhes do navio<\/strong><\/td>\n<td style=\"width: 50%;\"><strong>Valor<\/strong><\/td>\n<\/tr>\n<tr>\n<td style=\"width: 50%;\">Nome da embarca\u00e7\u00e3o<\/td>\n<td style=\"width: 50%;\">ESTRELA ARGENTINA<\/td>\n<\/tr>\n<tr>\n<td style=\"width: 50%;\">Tipo de navio<\/td>\n<td style=\"width: 50%;\">Navio porta-contentores<\/td>\n<\/tr>\n<tr>\n<td style=\"width: 50%;\">IMO<\/td>\n<td style=\"width: 50%;\">7636688<\/td>\n<\/tr>\n<tr>\n<td style=\"width: 50%;\">MMSI<\/td>\n<td style=\"width: 50%;\">N \/ D<\/td>\n<\/tr>\n<tr>\n<td style=\"width: 50%;\">Indicativo de chamada<\/td>\n<td style=\"width: 50%;\">N \/ D<\/td>\n<\/tr>\n<tr>\n<td style=\"width: 50%;\">Bandeira<\/td>\n<td style=\"width: 50%;\">Bahamas<\/td>\n<\/tr>\n<tr>\n<td style=\"width: 50%;\">Tonelagem Bruta<\/td>\n<td style=\"width: 50%;\">22635<\/td>\n<\/tr>\n<tr>\n<td style=\"width: 50%;\">Peso morto<\/td>\n<td style=\"width: 50%;\">23756<\/td>\n<\/tr>\n<tr>\n<td style=\"width: 50%;\">comprimento<\/td>\n<td style=\"width: 50%;\">207,32 m<\/td>\n<\/tr>\n<tr>\n<td style=\"width: 50%;\">Feixe<\/td>\n<td style=\"width: 50%;\">25,2 m<\/td>\n<\/tr>\n<tr>\n<td style=\"width: 50%;\">Ano de constru\u00e7\u00e3o<\/td>\n<td style=\"width: 50%;\">1979<\/td>\n<\/tr>\n<tr>\n<td style=\"width: 50%;\">Construtor<\/td>\n<td style=\"width: 50%;\">CA\u00c7ADOR DE CISNE HAVERTON HILL<\/td>\n<\/tr>\n<tr>\n<td style=\"width: 50%;\">Quintal<\/td>\n<td style=\"width: 50%;\">MORRO DE HAVERTON<\/td>\n<\/tr>\n<tr>\n<td style=\"width: 50%;\">TEU<\/td>\n<td style=\"width: 50%;\">1261<\/td>\n<\/tr>\n<tr>\n<td style=\"width: 50%;\">Operador de navio<\/td>\n<td style=\"width: 50%;\"><a href=\"https:\/\/ship-tracker.org\/pt\/maersk-line\/\">Linha MaersK<\/a><\/td>\n<\/tr>\n<\/tbody>\n<\/table>\n<p>Todos os detalhes s\u00e3o para fins informativos e ship-tracker.org n\u00e3o \u00e9 respons\u00e1vel pela precis\u00e3o e confiabilidade dos valores dos dados.<\/p>","protected":false},"excerpt":{"rendered":"<p>ARGENTINA STAR (IMO: 7636688) atualmente navega sob a bandeira das Bahamas. O navio ARGENTINA STAR \u00e9 um navio porta-cont\u00eaineres constru\u00eddo em 1979. Seu comprimento total (LOA) \u00e9 de 207,32 m e sua boca \u00e9 de 25,2 metros. A capacidade do ARGENTINA STAR \u00e9 de 1261 TEU. Localiza\u00e7\u00e3o e posi\u00e7\u00e3o atuais do ARGENTINA STAR (IMO 7636688) \u2013 Navio Porta-cont\u00eaineres. Onde est\u00e1 a posi\u00e7\u00e3o atual\u2026&nbsp;<a href=\"https:\/\/ship-tracker.org\/pt\/argentina-star\/\" rel=\"bookmark\">Ler mais \u00bb<span class=\"screen-reader-text\">ESTRELA ARGENTINA<\/span><\/a><\/p>","protected":false},"author":1,"featured_media":0,"parent":0,"menu_order":0,"comment_status":"closed","ping_status":"closed","template":"","meta":{"neve_meta_sidebar":"","neve_meta_container":"","neve_meta_enable_content_width":"","neve_meta_content_width":0,"neve_meta_title_alignment":"","neve_meta_author_avatar":"","neve_post_elements_order":"","neve_meta_disable_header":"","neve_meta_disable_footer":"","neve_meta_disable_title":"","neve_meta_reading_time":"","footnotes":""},"class_list":["post-3450","page","type-page","status-publish","hentry"],"yoast_head":"<!-- This site is optimized with the Yoast SEO plugin v26.9 - https:\/\/yoast.com\/product\/yoast-seo-wordpress\/ -->\n<title>ARGENTINA STAR - Container Ship, IMO 7636688 - Current location<\/title>\n<meta name=\"description\" content=\"Track current location and position of ARGENTINA STAR Container Ship on Live Map - IMO: 7636688 \u2713 Container Ship Tracking\" \/>\n<meta name=\"robots\" content=\"index, follow, max-snippet:-1, max-image-preview:large, max-video-preview:-1\" \/>\n<link rel=\"canonical\" href=\"https:\/\/ship-tracker.org\/pt\/argentina-star\/\" \/>\n<meta property=\"og:locale\" content=\"pt_PT\" \/>\n<meta property=\"og:type\" content=\"article\" \/>\n<meta property=\"og:title\" content=\"ARGENTINA STAR - Container Ship, IMO 7636688 - Current location\" \/>\n<meta property=\"og:description\" content=\"Track current location and position of ARGENTINA STAR Container Ship on Live Map - IMO: 7636688 \u2713 Container Ship Tracking\" \/>\n<meta property=\"og:url\" content=\"https:\/\/ship-tracker.org\/pt\/argentina-star\/\" \/>\n<meta property=\"og:site_name\" content=\"Ship-tracker.org\" \/>\n<meta name=\"twitter:card\" content=\"summary_large_image\" \/>\n<meta name=\"twitter:label1\" content=\"Tempo estimado de leitura\" \/>\n\t<meta name=\"twitter:data1\" content=\"1 minuto\" \/>\n<script type=\"application\/ld+json\" class=\"yoast-schema-graph\">{\"@context\":\"https:\/\/schema.org\",\"@graph\":[{\"@type\":\"WebPage\",\"@id\":\"https:\/\/ship-tracker.org\/argentina-star\/\",\"url\":\"https:\/\/ship-tracker.org\/argentina-star\/\",\"name\":\"ARGENTINA STAR - Container Ship, IMO 7636688 - Current location\",\"isPartOf\":{\"@id\":\"https:\/\/ship-tracker.org\/#website\"},\"datePublished\":\"2022-02-06T18:35:34+00:00\",\"description\":\"Track current location and position of ARGENTINA STAR Container Ship on Live Map - IMO: 7636688 \u2713 Container Ship Tracking\",\"breadcrumb\":{\"@id\":\"https:\/\/ship-tracker.org\/argentina-star\/#breadcrumb\"},\"inLanguage\":\"pt-PT\",\"potentialAction\":[{\"@type\":\"ReadAction\",\"target\":[\"https:\/\/ship-tracker.org\/argentina-star\/\"]}]},{\"@type\":\"BreadcrumbList\",\"@id\":\"https:\/\/ship-tracker.org\/argentina-star\/#breadcrumb\",\"itemListElement\":[{\"@type\":\"ListItem\",\"position\":1,\"name\":\"Startseite\",\"item\":\"https:\/\/ship-tracker.org\/\"},{\"@type\":\"ListItem\",\"position\":2,\"name\":\"ARGENTINA STAR\"}]},{\"@type\":\"WebSite\",\"@id\":\"https:\/\/ship-tracker.org\/#website\",\"url\":\"https:\/\/ship-tracker.org\/\",\"name\":\"Ship-tracker.org\",\"description\":\"\",\"potentialAction\":[{\"@type\":\"SearchAction\",\"target\":{\"@type\":\"EntryPoint\",\"urlTemplate\":\"https:\/\/ship-tracker.org\/?s={search_term_string}\"},\"query-input\":{\"@type\":\"PropertyValueSpecification\",\"valueRequired\":true,\"valueName\":\"search_term_string\"}}],\"inLanguage\":\"pt-PT\"}]}<\/script>\n<!-- \/ Yoast SEO plugin. -->","yoast_head_json":{"title":"ARGENTINA STAR - Navio Cont\u00eainer, IMO 7636688 - Localiza\u00e7\u00e3o atual","description":"Acompanhe a localiza\u00e7\u00e3o atual e a posi\u00e7\u00e3o do ARGENTINA STAR Container Ship no Live Map - IMO: 7636688 \u2713 Container Ship Tracking","robots":{"index":"index","follow":"follow","max-snippet":"max-snippet:-1","max-image-preview":"max-image-preview:large","max-video-preview":"max-video-preview:-1"},"canonical":"https:\/\/ship-tracker.org\/pt\/argentina-star\/","og_locale":"pt_PT","og_type":"article","og_title":"ARGENTINA STAR - Container Ship, IMO 7636688 - Current location","og_description":"Track current location and position of ARGENTINA STAR Container Ship on Live Map - IMO: 7636688 \u2713 Container Ship Tracking","og_url":"https:\/\/ship-tracker.org\/pt\/argentina-star\/","og_site_name":"Ship-tracker.org","twitter_card":"summary_large_image","twitter_misc":{"Tempo estimado de leitura":"1 minuto"},"schema":{"@context":"https:\/\/schema.org","@graph":[{"@type":"WebPage","@id":"https:\/\/ship-tracker.org\/argentina-star\/","url":"https:\/\/ship-tracker.org\/argentina-star\/","name":"ARGENTINA STAR - Navio Cont\u00eainer, IMO 7636688 - Localiza\u00e7\u00e3o atual","isPartOf":{"@id":"https:\/\/ship-tracker.org\/#website"},"datePublished":"2022-02-06T18:35:34+00:00","description":"Acompanhe a localiza\u00e7\u00e3o atual e a posi\u00e7\u00e3o do ARGENTINA STAR Container Ship no Live Map - IMO: 7636688 \u2713 Container Ship Tracking","breadcrumb":{"@id":"https:\/\/ship-tracker.org\/argentina-star\/#breadcrumb"},"inLanguage":"pt-PT","potentialAction":[{"@type":"ReadAction","target":["https:\/\/ship-tracker.org\/argentina-star\/"]}]},{"@type":"BreadcrumbList","@id":"https:\/\/ship-tracker.org\/argentina-star\/#breadcrumb","itemListElement":[{"@type":"ListItem","position":1,"name":"Startseite","item":"https:\/\/ship-tracker.org\/"},{"@type":"ListItem","position":2,"name":"ARGENTINA STAR"}]},{"@type":"WebSite","@id":"https:\/\/ship-tracker.org\/#website","url":"https:\/\/ship-tracker.org\/","name":"Ship-tracker.org","description":"","potentialAction":[{"@type":"SearchAction","target":{"@type":"EntryPoint","urlTemplate":"https:\/\/ship-tracker.org\/?s={search_term_string}"},"query-input":{"@type":"PropertyValueSpecification","valueRequired":true,"valueName":"search_term_string"}}],"inLanguage":"pt-PT"}]}},"_links":{"self":[{"href":"https:\/\/ship-tracker.org\/pt\/wp-json\/wp\/v2\/pages\/3450","targetHints":{"allow":["GET"]}}],"collection":[{"href":"https:\/\/ship-tracker.org\/pt\/wp-json\/wp\/v2\/pages"}],"about":[{"href":"https:\/\/ship-tracker.org\/pt\/wp-json\/wp\/v2\/types\/page"}],"author":[{"embeddable":true,"href":"https:\/\/ship-tracker.org\/pt\/wp-json\/wp\/v2\/users\/1"}],"replies":[{"embeddable":true,"href":"https:\/\/ship-tracker.org\/pt\/wp-json\/wp\/v2\/comments?post=3450"}],"version-history":[{"count":1,"href":"https:\/\/ship-tracker.org\/pt\/wp-json\/wp\/v2\/pages\/3450\/revisions"}],"predecessor-version":[{"id":3451,"href":"https:\/\/ship-tracker.org\/pt\/wp-json\/wp\/v2\/pages\/3450\/revisions\/3451"}],"wp:attachment":[{"href":"https:\/\/ship-tracker.org\/pt\/wp-json\/wp\/v2\/media?parent=3450"}],"curies":[{"name":"wp","href":"https:\/\/api.w.org\/{rel}","templated":true}]}}