{"id":3446,"date":"2022-02-06T19:26:19","date_gmt":"2022-02-06T18:26:19","guid":{"rendered":"https:\/\/ship-tracker.org\/?page_id=3446"},"modified":"2022-02-06T19:26:19","modified_gmt":"2022-02-06T18:26:19","slug":"po-nedlloyd-luanda","status":"publish","type":"page","link":"https:\/\/ship-tracker.org\/pt\/po-nedlloyd-luanda\/","title":{"rendered":"P&amp;O NEDLLOYD LUANDA"},"content":{"rendered":"<p><strong>P&amp;O NEDLLOYD LUANDA<\/strong> (IMO: 7817115) atualmente navegando sob bandeira da <strong>Bahamas<\/strong>. A embarca\u00e7\u00e3o P&amp;O NEDLLOYD LUANDA \u00e9 uma <strong>Navio porta-contentores<\/strong> constru\u00eddas em <strong>1980<\/strong>. Seu comprimento total (LOA) \u00e9 <strong>169.4<\/strong>\u00a0m, o feixe \u00e9 <strong>27.84<\/strong>\u00a0metros.<strong> P&amp;O NEDLLOYD LUANDA<\/strong> capacidade do recipiente \u00e9 <strong>852<\/strong>\u00a0<strong>TEU<\/strong>.<\/p>\n<h2>Localiza\u00e7\u00e3o atual e posi\u00e7\u00e3o de P&amp;O NEDLLOYD LUANDA (IMO 7817115) \u2013 Navio Porta-Cont\u00eaineres<\/h2>\n<p>Onde est\u00e1 a posi\u00e7\u00e3o actual da P&amp;O NEDLLOYD LUANDA actualmente?<\/p>\n<p><script type=\"text\/javascript\">\n  var width=\"1500\";\n  var height=\"500\";\n  var zoom=\"3\";\n  var click_to_activate=false;\n<\/script><br \/>\n<script type=\"text\/javascript\" src=\"https:\/\/www.vesselfinder.com\/aismap.js\">\n<\/script><\/p>\n<p>Ver localiza\u00e7\u00e3o atual do P&amp;O NEDLLOYD LUANDA. A posi\u00e7\u00e3o do P&amp;O NEDLLOYD LUANDA pode ser determinada com precis\u00e3o pelos mapas do VesselFinder e MarineTraffic. Assim voc\u00ea est\u00e1 sempre bem informado sobre onde est\u00e1 seu navio preferido no momento.<\/p>\n<h2>Detalhes do navio para P&amp;O NEDLLOYD LUANDA<\/h2>\n<table>\n<tbody>\n<tr>\n<td style=\"width: 50%;\"><strong>Detalhes do navio<\/strong><\/td>\n<td style=\"width: 50%;\"><strong>Valor<\/strong><\/td>\n<\/tr>\n<tr>\n<td style=\"width: 50%;\">Nome da embarca\u00e7\u00e3o<\/td>\n<td style=\"width: 50%;\">P&amp;O NEDLLOYD LUANDA<\/td>\n<\/tr>\n<tr>\n<td style=\"width: 50%;\">Tipo de navio<\/td>\n<td style=\"width: 50%;\">Navio porta-contentores<\/td>\n<\/tr>\n<tr>\n<td style=\"width: 50%;\">IMO<\/td>\n<td style=\"width: 50%;\">7817115<\/td>\n<\/tr>\n<tr>\n<td style=\"width: 50%;\">MMSI<\/td>\n<td style=\"width: 50%;\">N \/ D<\/td>\n<\/tr>\n<tr>\n<td style=\"width: 50%;\">Indicativo de chamada<\/td>\n<td style=\"width: 50%;\">N \/ D<\/td>\n<\/tr>\n<tr>\n<td style=\"width: 50%;\">Bandeira<\/td>\n<td style=\"width: 50%;\">Bahamas<\/td>\n<\/tr>\n<tr>\n<td style=\"width: 50%;\">Tonelagem Bruta<\/td>\n<td style=\"width: 50%;\">19636<\/td>\n<\/tr>\n<tr>\n<td style=\"width: 50%;\">Peso morto<\/td>\n<td style=\"width: 50%;\">18250<\/td>\n<\/tr>\n<tr>\n<td style=\"width: 50%;\">comprimento<\/td>\n<td style=\"width: 50%;\">169,4 m<\/td>\n<\/tr>\n<tr>\n<td style=\"width: 50%;\">Feixe<\/td>\n<td style=\"width: 50%;\">27,84m<\/td>\n<\/tr>\n<tr>\n<td style=\"width: 50%;\">Ano de constru\u00e7\u00e3o<\/td>\n<td style=\"width: 50%;\">1980<\/td>\n<\/tr>\n<tr>\n<td style=\"width: 50%;\">Construtor<\/td>\n<td style=\"width: 50%;\">BREMER VULKAN<\/td>\n<\/tr>\n<tr>\n<td style=\"width: 50%;\">Quintal<\/td>\n<td style=\"width: 50%;\">BREMER<\/td>\n<\/tr>\n<tr>\n<td style=\"width: 50%;\">TEU<\/td>\n<td style=\"width: 50%;\">852<\/td>\n<\/tr>\n<tr>\n<td style=\"width: 50%;\">Operador de navio<\/td>\n<td style=\"width: 50%;\"><a href=\"https:\/\/ship-tracker.org\/pt\/maersk-line\/\">Linha MaersK<\/a><\/td>\n<\/tr>\n<\/tbody>\n<\/table>\n<p>Todos os detalhes s\u00e3o para fins informativos e ship-tracker.org n\u00e3o \u00e9 respons\u00e1vel pela precis\u00e3o e confiabilidade dos valores dos dados.<\/p>","protected":false},"excerpt":{"rendered":"<p>O P&amp;O NEDLLOYD LUANDA (IMO: 7817115) atualmente navega sob a bandeira das Bahamas. O navio P&amp;O NEDLLOYD LUANDA \u00e9 um navio porta-cont\u00eaineres constru\u00eddo em 1980. Seu comprimento total (LOA) \u00e9 de 169,4 m e sua boca \u00e9 de 27,84 metros. A capacidade do P&amp;O NEDLLOYD LUANDA \u00e9 de 852 TEU. Localiza\u00e7\u00e3o e posi\u00e7\u00e3o atuais do P&amp;O NEDLLOYD LUANDA (IMO 7817115) \u2013 Navio porta-cont\u00eaineres. Onde\u2026&nbsp;<a href=\"https:\/\/ship-tracker.org\/pt\/po-nedlloyd-luanda\/\" rel=\"bookmark\">Ler mais \u00bb<span class=\"screen-reader-text\">P&amp;O NEDLLOYD LUANDA<\/span><\/a><\/p>","protected":false},"author":1,"featured_media":0,"parent":0,"menu_order":0,"comment_status":"closed","ping_status":"closed","template":"","meta":{"neve_meta_sidebar":"","neve_meta_container":"","neve_meta_enable_content_width":"","neve_meta_content_width":0,"neve_meta_title_alignment":"","neve_meta_author_avatar":"","neve_post_elements_order":"","neve_meta_disable_header":"","neve_meta_disable_footer":"","neve_meta_disable_title":"","neve_meta_reading_time":"","footnotes":""},"class_list":["post-3446","page","type-page","status-publish","hentry"],"yoast_head":"<!-- This site is optimized with the Yoast SEO plugin v27.4 - https:\/\/yoast.com\/product\/yoast-seo-wordpress\/ -->\n<title>P&amp;O NEDLLOYD LUANDA - Container Ship, IMO 7817115<\/title>\n<meta name=\"description\" content=\"Track current location and position of P&amp;O NEDLLOYD LUANDA Container Ship on Live Map - IMO: 7817115 \u2713 Container Ship Tracking\" \/>\n<meta name=\"robots\" content=\"index, follow, max-snippet:-1, max-image-preview:large, max-video-preview:-1\" \/>\n<link rel=\"canonical\" href=\"https:\/\/ship-tracker.org\/pt\/po-nedlloyd-luanda\/\" \/>\n<meta property=\"og:locale\" content=\"pt_PT\" \/>\n<meta property=\"og:type\" content=\"article\" \/>\n<meta property=\"og:title\" content=\"P&amp;O NEDLLOYD LUANDA - Container Ship, IMO 7817115\" \/>\n<meta property=\"og:description\" content=\"Track current location and position of P&amp;O NEDLLOYD LUANDA Container Ship on Live Map - IMO: 7817115 \u2713 Container Ship Tracking\" \/>\n<meta property=\"og:url\" content=\"https:\/\/ship-tracker.org\/pt\/po-nedlloyd-luanda\/\" \/>\n<meta property=\"og:site_name\" content=\"Ship-tracker.org\" \/>\n<meta name=\"twitter:card\" content=\"summary_large_image\" \/>\n<meta name=\"twitter:label1\" content=\"Tempo estimado de leitura\" \/>\n\t<meta name=\"twitter:data1\" content=\"1 minuto\" \/>\n<script type=\"application\/ld+json\" class=\"yoast-schema-graph\">{\"@context\":\"https:\\\/\\\/schema.org\",\"@graph\":[{\"@type\":\"WebPage\",\"@id\":\"https:\\\/\\\/ship-tracker.org\\\/po-nedlloyd-luanda\\\/\",\"url\":\"https:\\\/\\\/ship-tracker.org\\\/po-nedlloyd-luanda\\\/\",\"name\":\"P&O NEDLLOYD LUANDA - Container Ship, IMO 7817115\",\"isPartOf\":{\"@id\":\"https:\\\/\\\/ship-tracker.org\\\/#website\"},\"datePublished\":\"2022-02-06T18:26:19+00:00\",\"description\":\"Track current location and position of P&O NEDLLOYD LUANDA Container Ship on Live Map - IMO: 7817115 \u2713 Container Ship Tracking\",\"breadcrumb\":{\"@id\":\"https:\\\/\\\/ship-tracker.org\\\/po-nedlloyd-luanda\\\/#breadcrumb\"},\"inLanguage\":\"pt-PT\",\"potentialAction\":[{\"@type\":\"ReadAction\",\"target\":[\"https:\\\/\\\/ship-tracker.org\\\/po-nedlloyd-luanda\\\/\"]}]},{\"@type\":\"BreadcrumbList\",\"@id\":\"https:\\\/\\\/ship-tracker.org\\\/po-nedlloyd-luanda\\\/#breadcrumb\",\"itemListElement\":[{\"@type\":\"ListItem\",\"position\":1,\"name\":\"Startseite\",\"item\":\"https:\\\/\\\/ship-tracker.org\\\/\"},{\"@type\":\"ListItem\",\"position\":2,\"name\":\"P&#038;O NEDLLOYD LUANDA\"}]},{\"@type\":\"WebSite\",\"@id\":\"https:\\\/\\\/ship-tracker.org\\\/#website\",\"url\":\"https:\\\/\\\/ship-tracker.org\\\/\",\"name\":\"Ship-tracker.org\",\"description\":\"\",\"potentialAction\":[{\"@type\":\"SearchAction\",\"target\":{\"@type\":\"EntryPoint\",\"urlTemplate\":\"https:\\\/\\\/ship-tracker.org\\\/?s={search_term_string}\"},\"query-input\":{\"@type\":\"PropertyValueSpecification\",\"valueRequired\":true,\"valueName\":\"search_term_string\"}}],\"inLanguage\":\"pt-PT\"}]}<\/script>\n<!-- \/ Yoast SEO plugin. -->","yoast_head_json":{"title":"P&amp;O NEDLLOYD LUANDA - Navio Porta-Cont\u00eaineres, IMO 7817115","description":"Rastreie a localiza\u00e7\u00e3o atual e a posi\u00e7\u00e3o do navio porta-cont\u00eaineres P&amp;O NEDLLOYD LUANDA no mapa ao vivo - IMO: 7817115 \u2713 Rastreamento de navio porta-cont\u00eaineres","robots":{"index":"index","follow":"follow","max-snippet":"max-snippet:-1","max-image-preview":"max-image-preview:large","max-video-preview":"max-video-preview:-1"},"canonical":"https:\/\/ship-tracker.org\/pt\/po-nedlloyd-luanda\/","og_locale":"pt_PT","og_type":"article","og_title":"P&O NEDLLOYD LUANDA - Container Ship, IMO 7817115","og_description":"Track current location and position of P&O NEDLLOYD LUANDA Container Ship on Live Map - IMO: 7817115 \u2713 Container Ship Tracking","og_url":"https:\/\/ship-tracker.org\/pt\/po-nedlloyd-luanda\/","og_site_name":"Ship-tracker.org","twitter_card":"summary_large_image","twitter_misc":{"Tempo estimado de leitura":"1 minuto"},"schema":{"@context":"https:\/\/schema.org","@graph":[{"@type":"WebPage","@id":"https:\/\/ship-tracker.org\/po-nedlloyd-luanda\/","url":"https:\/\/ship-tracker.org\/po-nedlloyd-luanda\/","name":"P&amp;O NEDLLOYD LUANDA - Navio Porta-Cont\u00eaineres, IMO 7817115","isPartOf":{"@id":"https:\/\/ship-tracker.org\/#website"},"datePublished":"2022-02-06T18:26:19+00:00","description":"Rastreie a localiza\u00e7\u00e3o atual e a posi\u00e7\u00e3o do navio porta-cont\u00eaineres P&amp;O NEDLLOYD LUANDA no mapa ao vivo - IMO: 7817115 \u2713 Rastreamento de navio porta-cont\u00eaineres","breadcrumb":{"@id":"https:\/\/ship-tracker.org\/po-nedlloyd-luanda\/#breadcrumb"},"inLanguage":"pt-PT","potentialAction":[{"@type":"ReadAction","target":["https:\/\/ship-tracker.org\/po-nedlloyd-luanda\/"]}]},{"@type":"BreadcrumbList","@id":"https:\/\/ship-tracker.org\/po-nedlloyd-luanda\/#breadcrumb","itemListElement":[{"@type":"ListItem","position":1,"name":"Startseite","item":"https:\/\/ship-tracker.org\/"},{"@type":"ListItem","position":2,"name":"P&#038;O NEDLLOYD LUANDA"}]},{"@type":"WebSite","@id":"https:\/\/ship-tracker.org\/#website","url":"https:\/\/ship-tracker.org\/","name":"Ship-tracker.org","description":"","potentialAction":[{"@type":"SearchAction","target":{"@type":"EntryPoint","urlTemplate":"https:\/\/ship-tracker.org\/?s={search_term_string}"},"query-input":{"@type":"PropertyValueSpecification","valueRequired":true,"valueName":"search_term_string"}}],"inLanguage":"pt-PT"}]}},"_links":{"self":[{"href":"https:\/\/ship-tracker.org\/pt\/wp-json\/wp\/v2\/pages\/3446","targetHints":{"allow":["GET"]}}],"collection":[{"href":"https:\/\/ship-tracker.org\/pt\/wp-json\/wp\/v2\/pages"}],"about":[{"href":"https:\/\/ship-tracker.org\/pt\/wp-json\/wp\/v2\/types\/page"}],"author":[{"embeddable":true,"href":"https:\/\/ship-tracker.org\/pt\/wp-json\/wp\/v2\/users\/1"}],"replies":[{"embeddable":true,"href":"https:\/\/ship-tracker.org\/pt\/wp-json\/wp\/v2\/comments?post=3446"}],"version-history":[{"count":1,"href":"https:\/\/ship-tracker.org\/pt\/wp-json\/wp\/v2\/pages\/3446\/revisions"}],"predecessor-version":[{"id":3447,"href":"https:\/\/ship-tracker.org\/pt\/wp-json\/wp\/v2\/pages\/3446\/revisions\/3447"}],"wp:attachment":[{"href":"https:\/\/ship-tracker.org\/pt\/wp-json\/wp\/v2\/media?parent=3446"}],"curies":[{"name":"wp","href":"https:\/\/api.w.org\/{rel}","templated":true}]}}