{"id":3433,"date":"2022-02-06T19:01:29","date_gmt":"2022-02-06T18:01:29","guid":{"rendered":"https:\/\/ship-tracker.org\/?page_id=3433"},"modified":"2022-02-06T19:01:29","modified_gmt":"2022-02-06T18:01:29","slug":"po-nedlloyd-tauranga","status":"publish","type":"page","link":"https:\/\/ship-tracker.org\/pt\/po-nedlloyd-tauranga\/","title":{"rendered":"P&amp;O NEDLLOYD TAURANGA"},"content":{"rendered":"<p><strong>P&amp;O NEDLLOYD TAURANGA<\/strong> (IMO: 7015913) actualmente navegando sob bandeira da <strong>Hong Kong<\/strong>. A embarca\u00e7\u00e3o P&amp;O NEDLLOYD TAURANGA \u00e9 um <strong>Navio porta-contentores<\/strong> constru\u00eddas em <strong>1970<\/strong>. Seu comprimento total (LOA) \u00e9 <strong>211.49<\/strong>\u00a0m, o feixe \u00e9 <strong>30.08<\/strong>\u00a0metros.<strong> P&amp;O NEDLLOYD TAURANGA<\/strong> capacidade do recipiente \u00e9 <strong>1258<\/strong>\u00a0<strong>TEU<\/strong>.<\/p>\n<h2>Localiza\u00e7\u00e3o atual e posi\u00e7\u00e3o de P&amp;O NEDLLOYD TAURANGA (IMO 7015913) \u2013 Navio porta-cont\u00eaineres<\/h2>\n<p>Onde est\u00e1 a posi\u00e7\u00e3o atual da P&amp;O NEDLLOYD TAURANGA atualmente?<\/p>\n<p><script type=\"text\/javascript\">\n  var width=\"1500\";\n  var height=\"500\";\n  var zoom=\"3\";\n  var click_to_activate=false;\n<\/script><br \/>\n<script type=\"text\/javascript\" src=\"https:\/\/www.vesselfinder.com\/aismap.js\">\n<\/script><\/p>\n<p>Veja a localiza\u00e7\u00e3o atual do P&amp;O NEDLLOYD TAURANGA. A posi\u00e7\u00e3o do P&amp;O NEDLLOYD TAURANGA pode ser determinada com precis\u00e3o pelos mapas do VesselFinder e MarineTraffic. Assim voc\u00ea est\u00e1 sempre bem informado sobre onde est\u00e1 seu navio preferido no momento.<\/p>\n<h2>Detalhes do navio para P&amp;O NEDLLOYD TAURANGA<\/h2>\n<table>\n<tbody>\n<tr>\n<td style=\"width: 50%;\"><strong>Detalhes do navio<\/strong><\/td>\n<td style=\"width: 50%;\"><strong>Valor<\/strong><\/td>\n<\/tr>\n<tr>\n<td style=\"width: 50%;\">Nome da embarca\u00e7\u00e3o<\/td>\n<td style=\"width: 50%;\">P&amp;O NEDLLOYD TAURANGA<\/td>\n<\/tr>\n<tr>\n<td style=\"width: 50%;\">Tipo de navio<\/td>\n<td style=\"width: 50%;\">Navio porta-contentores<\/td>\n<\/tr>\n<tr>\n<td style=\"width: 50%;\">IMO<\/td>\n<td style=\"width: 50%;\">7015913<\/td>\n<\/tr>\n<tr>\n<td style=\"width: 50%;\">MMSI<\/td>\n<td style=\"width: 50%;\">N \/ D<\/td>\n<\/tr>\n<tr>\n<td style=\"width: 50%;\">Indicativo de chamada<\/td>\n<td style=\"width: 50%;\">N \/ D<\/td>\n<\/tr>\n<tr>\n<td style=\"width: 50%;\">Bandeira<\/td>\n<td style=\"width: 50%;\">Hong Kong<\/td>\n<\/tr>\n<tr>\n<td style=\"width: 50%;\">Tonelagem Bruta<\/td>\n<td style=\"width: 50%;\">25093<\/td>\n<\/tr>\n<tr>\n<td style=\"width: 50%;\">Peso morto<\/td>\n<td style=\"width: 50%;\">23016<\/td>\n<\/tr>\n<tr>\n<td style=\"width: 50%;\">comprimento<\/td>\n<td style=\"width: 50%;\">211,49m<\/td>\n<\/tr>\n<tr>\n<td style=\"width: 50%;\">Feixe<\/td>\n<td style=\"width: 50%;\">30,08 m<\/td>\n<\/tr>\n<tr>\n<td style=\"width: 50%;\">Ano de constru\u00e7\u00e3o<\/td>\n<td style=\"width: 50%;\">1970<\/td>\n<\/tr>\n<tr>\n<td style=\"width: 50%;\">Construtor<\/td>\n<td style=\"width: 50%;\">ESTALEIRO MHI KOBE E OBRAS DE M\u00c1QUINAS<\/td>\n<\/tr>\n<tr>\n<td style=\"width: 50%;\">Quintal<\/td>\n<td style=\"width: 50%;\">KOBE<\/td>\n<\/tr>\n<tr>\n<td style=\"width: 50%;\">TEU<\/td>\n<td style=\"width: 50%;\">1258<\/td>\n<\/tr>\n<tr>\n<td style=\"width: 50%;\">Operador de navio<\/td>\n<td style=\"width: 50%;\"><a href=\"https:\/\/ship-tracker.org\/pt\/maersk-line\/\">Linha MaersK<\/a><\/td>\n<\/tr>\n<\/tbody>\n<\/table>\n<p>Todos os detalhes s\u00e3o para fins informativos e ship-tracker.org n\u00e3o \u00e9 respons\u00e1vel pela precis\u00e3o e confiabilidade dos valores dos dados.<\/p>","protected":false},"excerpt":{"rendered":"<p>O P&amp;O NEDLLOYD TAURANGA (IMO: 7015913) atualmente navega sob a bandeira de Hong Kong. O navio P&amp;O NEDLLOYD TAURANGA \u00e9 um navio porta-cont\u00eaineres constru\u00eddo em 1970. Seu comprimento total (LOA) \u00e9 de 211,49 m e sua boca \u00e9 de 30,08 metros. A capacidade de cont\u00eaineres do P&amp;O NEDLLOYD TAURANGA \u00e9 de 1.258 TEU. Localiza\u00e7\u00e3o e posi\u00e7\u00e3o atuais do P&amp;O NEDLLOYD TAURANGA (IMO 7015913) \u2013 Navio porta-cont\u00eaineres\u2026&nbsp;<a href=\"https:\/\/ship-tracker.org\/pt\/po-nedlloyd-tauranga\/\" rel=\"bookmark\">Ler mais \u00bb<span class=\"screen-reader-text\">P&amp;O NEDLLOYD TAURANGA<\/span><\/a><\/p>","protected":false},"author":1,"featured_media":0,"parent":0,"menu_order":0,"comment_status":"closed","ping_status":"closed","template":"","meta":{"neve_meta_sidebar":"","neve_meta_container":"","neve_meta_enable_content_width":"","neve_meta_content_width":0,"neve_meta_title_alignment":"","neve_meta_author_avatar":"","neve_post_elements_order":"","neve_meta_disable_header":"","neve_meta_disable_footer":"","neve_meta_disable_title":"","neve_meta_reading_time":"","footnotes":""},"class_list":["post-3433","page","type-page","status-publish","hentry"],"yoast_head":"<!-- This site is optimized with the Yoast SEO plugin v27.4 - https:\/\/yoast.com\/product\/yoast-seo-wordpress\/ -->\n<title>P&amp;O NEDLLOYD TAURANGA - Container Ship, IMO 7015913<\/title>\n<meta name=\"description\" content=\"Track current location and position of P&amp;O NEDLLOYD TAURANGA Container Ship on Live Map - IMO: 7015913 \u2713 Container Ship Tracking\" \/>\n<meta name=\"robots\" content=\"index, follow, max-snippet:-1, max-image-preview:large, max-video-preview:-1\" \/>\n<link rel=\"canonical\" href=\"https:\/\/ship-tracker.org\/pt\/po-nedlloyd-tauranga\/\" \/>\n<meta property=\"og:locale\" content=\"pt_PT\" \/>\n<meta property=\"og:type\" content=\"article\" \/>\n<meta property=\"og:title\" content=\"P&amp;O NEDLLOYD TAURANGA - Container Ship, IMO 7015913\" \/>\n<meta property=\"og:description\" content=\"Track current location and position of P&amp;O NEDLLOYD TAURANGA Container Ship on Live Map - IMO: 7015913 \u2713 Container Ship Tracking\" \/>\n<meta property=\"og:url\" content=\"https:\/\/ship-tracker.org\/pt\/po-nedlloyd-tauranga\/\" \/>\n<meta property=\"og:site_name\" content=\"Ship-tracker.org\" \/>\n<meta name=\"twitter:card\" content=\"summary_large_image\" \/>\n<meta name=\"twitter:label1\" content=\"Tempo estimado de leitura\" \/>\n\t<meta name=\"twitter:data1\" content=\"1 minuto\" \/>\n<script type=\"application\/ld+json\" class=\"yoast-schema-graph\">{\"@context\":\"https:\\\/\\\/schema.org\",\"@graph\":[{\"@type\":\"WebPage\",\"@id\":\"https:\\\/\\\/ship-tracker.org\\\/po-nedlloyd-tauranga\\\/\",\"url\":\"https:\\\/\\\/ship-tracker.org\\\/po-nedlloyd-tauranga\\\/\",\"name\":\"P&O NEDLLOYD TAURANGA - Container Ship, IMO 7015913\",\"isPartOf\":{\"@id\":\"https:\\\/\\\/ship-tracker.org\\\/#website\"},\"datePublished\":\"2022-02-06T18:01:29+00:00\",\"description\":\"Track current location and position of P&O NEDLLOYD TAURANGA Container Ship on Live Map - IMO: 7015913 \u2713 Container Ship Tracking\",\"breadcrumb\":{\"@id\":\"https:\\\/\\\/ship-tracker.org\\\/po-nedlloyd-tauranga\\\/#breadcrumb\"},\"inLanguage\":\"pt-PT\",\"potentialAction\":[{\"@type\":\"ReadAction\",\"target\":[\"https:\\\/\\\/ship-tracker.org\\\/po-nedlloyd-tauranga\\\/\"]}]},{\"@type\":\"BreadcrumbList\",\"@id\":\"https:\\\/\\\/ship-tracker.org\\\/po-nedlloyd-tauranga\\\/#breadcrumb\",\"itemListElement\":[{\"@type\":\"ListItem\",\"position\":1,\"name\":\"Startseite\",\"item\":\"https:\\\/\\\/ship-tracker.org\\\/\"},{\"@type\":\"ListItem\",\"position\":2,\"name\":\"P&#038;O NEDLLOYD TAURANGA\"}]},{\"@type\":\"WebSite\",\"@id\":\"https:\\\/\\\/ship-tracker.org\\\/#website\",\"url\":\"https:\\\/\\\/ship-tracker.org\\\/\",\"name\":\"Ship-tracker.org\",\"description\":\"\",\"potentialAction\":[{\"@type\":\"SearchAction\",\"target\":{\"@type\":\"EntryPoint\",\"urlTemplate\":\"https:\\\/\\\/ship-tracker.org\\\/?s={search_term_string}\"},\"query-input\":{\"@type\":\"PropertyValueSpecification\",\"valueRequired\":true,\"valueName\":\"search_term_string\"}}],\"inLanguage\":\"pt-PT\"}]}<\/script>\n<!-- \/ Yoast SEO plugin. -->","yoast_head_json":{"title":"P&amp;O NEDLLOYD TAURANGA - Navio porta-cont\u00eaineres, IMO 7015913","description":"Rastreie a localiza\u00e7\u00e3o atual e a posi\u00e7\u00e3o do navio porta-cont\u00eaineres P&amp;O NEDLLOYD TAURANGA no mapa ao vivo - IMO: 7015913 \u2713 Rastreamento de navio porta-cont\u00eaineres","robots":{"index":"index","follow":"follow","max-snippet":"max-snippet:-1","max-image-preview":"max-image-preview:large","max-video-preview":"max-video-preview:-1"},"canonical":"https:\/\/ship-tracker.org\/pt\/po-nedlloyd-tauranga\/","og_locale":"pt_PT","og_type":"article","og_title":"P&O NEDLLOYD TAURANGA - Container Ship, IMO 7015913","og_description":"Track current location and position of P&O NEDLLOYD TAURANGA Container Ship on Live Map - IMO: 7015913 \u2713 Container Ship Tracking","og_url":"https:\/\/ship-tracker.org\/pt\/po-nedlloyd-tauranga\/","og_site_name":"Ship-tracker.org","twitter_card":"summary_large_image","twitter_misc":{"Tempo estimado de leitura":"1 minuto"},"schema":{"@context":"https:\/\/schema.org","@graph":[{"@type":"WebPage","@id":"https:\/\/ship-tracker.org\/po-nedlloyd-tauranga\/","url":"https:\/\/ship-tracker.org\/po-nedlloyd-tauranga\/","name":"P&amp;O NEDLLOYD TAURANGA - Navio porta-cont\u00eaineres, IMO 7015913","isPartOf":{"@id":"https:\/\/ship-tracker.org\/#website"},"datePublished":"2022-02-06T18:01:29+00:00","description":"Rastreie a localiza\u00e7\u00e3o atual e a posi\u00e7\u00e3o do navio porta-cont\u00eaineres P&amp;O NEDLLOYD TAURANGA no mapa ao vivo - IMO: 7015913 \u2713 Rastreamento de navio porta-cont\u00eaineres","breadcrumb":{"@id":"https:\/\/ship-tracker.org\/po-nedlloyd-tauranga\/#breadcrumb"},"inLanguage":"pt-PT","potentialAction":[{"@type":"ReadAction","target":["https:\/\/ship-tracker.org\/po-nedlloyd-tauranga\/"]}]},{"@type":"BreadcrumbList","@id":"https:\/\/ship-tracker.org\/po-nedlloyd-tauranga\/#breadcrumb","itemListElement":[{"@type":"ListItem","position":1,"name":"Startseite","item":"https:\/\/ship-tracker.org\/"},{"@type":"ListItem","position":2,"name":"P&#038;O NEDLLOYD TAURANGA"}]},{"@type":"WebSite","@id":"https:\/\/ship-tracker.org\/#website","url":"https:\/\/ship-tracker.org\/","name":"Ship-tracker.org","description":"","potentialAction":[{"@type":"SearchAction","target":{"@type":"EntryPoint","urlTemplate":"https:\/\/ship-tracker.org\/?s={search_term_string}"},"query-input":{"@type":"PropertyValueSpecification","valueRequired":true,"valueName":"search_term_string"}}],"inLanguage":"pt-PT"}]}},"_links":{"self":[{"href":"https:\/\/ship-tracker.org\/pt\/wp-json\/wp\/v2\/pages\/3433","targetHints":{"allow":["GET"]}}],"collection":[{"href":"https:\/\/ship-tracker.org\/pt\/wp-json\/wp\/v2\/pages"}],"about":[{"href":"https:\/\/ship-tracker.org\/pt\/wp-json\/wp\/v2\/types\/page"}],"author":[{"embeddable":true,"href":"https:\/\/ship-tracker.org\/pt\/wp-json\/wp\/v2\/users\/1"}],"replies":[{"embeddable":true,"href":"https:\/\/ship-tracker.org\/pt\/wp-json\/wp\/v2\/comments?post=3433"}],"version-history":[{"count":1,"href":"https:\/\/ship-tracker.org\/pt\/wp-json\/wp\/v2\/pages\/3433\/revisions"}],"predecessor-version":[{"id":3434,"href":"https:\/\/ship-tracker.org\/pt\/wp-json\/wp\/v2\/pages\/3433\/revisions\/3434"}],"wp:attachment":[{"href":"https:\/\/ship-tracker.org\/pt\/wp-json\/wp\/v2\/media?parent=3433"}],"curies":[{"name":"wp","href":"https:\/\/api.w.org\/{rel}","templated":true}]}}