{"id":3427,"date":"2022-02-06T18:35:52","date_gmt":"2022-02-06T17:35:52","guid":{"rendered":"https:\/\/ship-tracker.org\/?page_id=3427"},"modified":"2022-02-06T18:35:52","modified_gmt":"2022-02-06T17:35:52","slug":"seago-bremerhaven","status":"publish","type":"page","link":"https:\/\/ship-tracker.org\/pt\/seago-bremerhaven\/","title":{"rendered":"SEAGO BREMERHAVEN"},"content":{"rendered":"<p><strong>SEAGO BREMERHAVEN<\/strong> (IMO: 9313967, MMSI 219118000) atualmente navegando sob bandeira da <strong>Dinamarca<\/strong>. O navio SEAGO BREMERHAVEN \u00e9 um <strong>Navio porta-contentores<\/strong> constru\u00eddas em <strong>2007<\/strong>. Seu comprimento total (LOA) \u00e9 <strong>293.83<\/strong>\u00a0m, o feixe \u00e9 <strong>32.18<\/strong>\u00a0metros.<strong> SEAGO BREMERHAVEN<\/strong> capacidade do recipiente \u00e9 <strong>4196<\/strong>\u00a0<strong>TEU<\/strong>.<\/p>\n<h2>Localiza\u00e7\u00e3o atual e posi\u00e7\u00e3o do SEAGO BREMERHAVEN (IMO 9313967) \u2013 Navio porta-cont\u00eaineres<\/h2>\n<p>Onde est\u00e1 a posi\u00e7\u00e3o atual da SEAGO BREMERHAVEN atualmente?<\/p>\n<p><script type=\"text\/javascript\">\n  var width=\"100%\";var height=\"400\";\n  var mmsi=219118000;\n<\/script><script type=\"text\/javascript\" src=\"https:\/\/www.vesselfinder.com\/aismap.js\"><\/script><\/p>\n<p>Veja a localiza\u00e7\u00e3o atual do SEAGO BREMERHAVEN. A posi\u00e7\u00e3o do SEAGO BREMERHAVEN pode ser determinada com precis\u00e3o pelos mapas do VesselFinder e MarineTraffic. Assim voc\u00ea est\u00e1 sempre bem informado sobre onde est\u00e1 seu navio preferido no momento.<\/p>\n<h2>Detalhes do navio para SEAGO BREMERHAVEN<\/h2>\n<table>\n<tbody>\n<tr>\n<td style=\"width: 50%;\"><strong>Detalhes do navio<\/strong><\/td>\n<td style=\"width: 50%;\"><strong>Valor<\/strong><\/td>\n<\/tr>\n<tr>\n<td style=\"width: 50%;\">Nome da embarca\u00e7\u00e3o<\/td>\n<td style=\"width: 50%;\">SEAGO BREMERHAVEN<\/td>\n<\/tr>\n<tr>\n<td style=\"width: 50%;\">Tipo de navio<\/td>\n<td style=\"width: 50%;\">Navio porta-contentores<\/td>\n<\/tr>\n<tr>\n<td style=\"width: 50%;\">IMO<\/td>\n<td style=\"width: 50%;\">9313967<\/td>\n<\/tr>\n<tr>\n<td style=\"width: 50%;\">MMSI<\/td>\n<td style=\"width: 50%;\">219118000<\/td>\n<\/tr>\n<tr>\n<td style=\"width: 50%;\">Indicativo de chamada<\/td>\n<td style=\"width: 50%;\">OXVA2<\/td>\n<\/tr>\n<tr>\n<td style=\"width: 50%;\">Bandeira<\/td>\n<td style=\"width: 50%;\">Dinamarca<\/td>\n<\/tr>\n<tr>\n<td style=\"width: 50%;\">Tonelagem Bruta<\/td>\n<td style=\"width: 50%;\">48788<\/td>\n<\/tr>\n<tr>\n<td style=\"width: 50%;\">Peso morto<\/td>\n<td style=\"width: 50%;\">53890<\/td>\n<\/tr>\n<tr>\n<td style=\"width: 50%;\">comprimento<\/td>\n<td style=\"width: 50%;\">293,83 m<\/td>\n<\/tr>\n<tr>\n<td style=\"width: 50%;\">Feixe<\/td>\n<td style=\"width: 50%;\">32,18m<\/td>\n<\/tr>\n<tr>\n<td style=\"width: 50%;\">Ano de constru\u00e7\u00e3o<\/td>\n<td style=\"width: 50%;\">2007<\/td>\n<\/tr>\n<tr>\n<td style=\"width: 50%;\">Construtor<\/td>\n<td style=\"width: 50%;\">PS WERFTEN STRALSUND<\/td>\n<\/tr>\n<tr>\n<td style=\"width: 50%;\">Quintal<\/td>\n<td style=\"width: 50%;\">ESTRALSUND<\/td>\n<\/tr>\n<tr>\n<td style=\"width: 50%;\">TEU<\/td>\n<td style=\"width: 50%;\">4196<\/td>\n<\/tr>\n<tr>\n<td style=\"width: 50%;\">Operador de navio<\/td>\n<td style=\"width: 50%;\"><a href=\"https:\/\/ship-tracker.org\/pt\/maersk-line\/\">Linha MaersK<\/a><\/td>\n<\/tr>\n<\/tbody>\n<\/table>\n<p>Todos os detalhes s\u00e3o para fins informativos e ship-tracker.org n\u00e3o \u00e9 respons\u00e1vel pela precis\u00e3o e confiabilidade dos valores dos dados.<\/p>","protected":false},"excerpt":{"rendered":"<p>SEAGO BREMERHAVEN (IMO: 9313967, MMSI 219118000) atualmente navegando sob a bandeira da Dinamarca. O navio SEAGO BREMERHAVEN \u00e9 um navio porta-cont\u00eaineres constru\u00eddo em 2007. Seu comprimento total (LOA) \u00e9 de 293,83 m e sua boca \u00e9 de 32,18 metros. A capacidade do SEAGO BREMERHAVEN \u00e9 de 4196 TEU. Localiza\u00e7\u00e3o e posi\u00e7\u00e3o atuais do SEAGO BREMERHAVEN (IMO 9313967) \u2013 Navio Porta-cont\u00eaineres. Onde est\u00e1\u2026&nbsp;<a href=\"https:\/\/ship-tracker.org\/pt\/seago-bremerhaven\/\" rel=\"bookmark\">Ler mais \u00bb<span class=\"screen-reader-text\">SEAGO BREMERHAVEN<\/span><\/a><\/p>","protected":false},"author":1,"featured_media":0,"parent":0,"menu_order":0,"comment_status":"closed","ping_status":"closed","template":"","meta":{"neve_meta_sidebar":"","neve_meta_container":"","neve_meta_enable_content_width":"","neve_meta_content_width":0,"neve_meta_title_alignment":"","neve_meta_author_avatar":"","neve_post_elements_order":"","neve_meta_disable_header":"","neve_meta_disable_footer":"","neve_meta_disable_title":"","neve_meta_reading_time":"","footnotes":""},"class_list":["post-3427","page","type-page","status-publish","hentry"],"yoast_head":"<!-- This site is optimized with the Yoast SEO plugin v26.9 - https:\/\/yoast.com\/product\/yoast-seo-wordpress\/ -->\n<title>SEAGO BREMERHAVEN - Container Ship, IMO 9313967 - Current location<\/title>\n<meta name=\"description\" content=\"Track current location and position of SEAGO BREMERHAVEN Container Ship on Live Map - IMO: 9313967 \u2713 Container Ship Tracking\" \/>\n<meta name=\"robots\" content=\"index, follow, max-snippet:-1, max-image-preview:large, max-video-preview:-1\" \/>\n<link rel=\"canonical\" href=\"https:\/\/ship-tracker.org\/pt\/seago-bremerhaven\/\" \/>\n<meta property=\"og:locale\" content=\"pt_PT\" \/>\n<meta property=\"og:type\" content=\"article\" \/>\n<meta property=\"og:title\" content=\"SEAGO BREMERHAVEN - Container Ship, IMO 9313967 - Current location\" \/>\n<meta property=\"og:description\" content=\"Track current location and position of SEAGO BREMERHAVEN Container Ship on Live Map - IMO: 9313967 \u2713 Container Ship Tracking\" \/>\n<meta property=\"og:url\" content=\"https:\/\/ship-tracker.org\/pt\/seago-bremerhaven\/\" \/>\n<meta property=\"og:site_name\" content=\"Ship-tracker.org\" \/>\n<meta name=\"twitter:card\" content=\"summary_large_image\" \/>\n<meta name=\"twitter:label1\" content=\"Tempo estimado de leitura\" \/>\n\t<meta name=\"twitter:data1\" content=\"1 minuto\" \/>\n<script type=\"application\/ld+json\" class=\"yoast-schema-graph\">{\"@context\":\"https:\/\/schema.org\",\"@graph\":[{\"@type\":\"WebPage\",\"@id\":\"https:\/\/ship-tracker.org\/seago-bremerhaven\/\",\"url\":\"https:\/\/ship-tracker.org\/seago-bremerhaven\/\",\"name\":\"SEAGO BREMERHAVEN - Container Ship, IMO 9313967 - Current location\",\"isPartOf\":{\"@id\":\"https:\/\/ship-tracker.org\/#website\"},\"datePublished\":\"2022-02-06T17:35:52+00:00\",\"description\":\"Track current location and position of SEAGO BREMERHAVEN Container Ship on Live Map - IMO: 9313967 \u2713 Container Ship Tracking\",\"breadcrumb\":{\"@id\":\"https:\/\/ship-tracker.org\/seago-bremerhaven\/#breadcrumb\"},\"inLanguage\":\"pt-PT\",\"potentialAction\":[{\"@type\":\"ReadAction\",\"target\":[\"https:\/\/ship-tracker.org\/seago-bremerhaven\/\"]}]},{\"@type\":\"BreadcrumbList\",\"@id\":\"https:\/\/ship-tracker.org\/seago-bremerhaven\/#breadcrumb\",\"itemListElement\":[{\"@type\":\"ListItem\",\"position\":1,\"name\":\"Startseite\",\"item\":\"https:\/\/ship-tracker.org\/\"},{\"@type\":\"ListItem\",\"position\":2,\"name\":\"SEAGO BREMERHAVEN\"}]},{\"@type\":\"WebSite\",\"@id\":\"https:\/\/ship-tracker.org\/#website\",\"url\":\"https:\/\/ship-tracker.org\/\",\"name\":\"Ship-tracker.org\",\"description\":\"\",\"potentialAction\":[{\"@type\":\"SearchAction\",\"target\":{\"@type\":\"EntryPoint\",\"urlTemplate\":\"https:\/\/ship-tracker.org\/?s={search_term_string}\"},\"query-input\":{\"@type\":\"PropertyValueSpecification\",\"valueRequired\":true,\"valueName\":\"search_term_string\"}}],\"inLanguage\":\"pt-PT\"}]}<\/script>\n<!-- \/ Yoast SEO plugin. -->","yoast_head_json":{"title":"SEAGO BREMERHAVEN - Navio porta-cont\u00eaineres, IMO 9313967 - Localiza\u00e7\u00e3o atual","description":"Rastreie a localiza\u00e7\u00e3o atual e a posi\u00e7\u00e3o do navio porta-cont\u00eaineres SEAGO BREMERHAVEN no mapa ao vivo - IMO: 9313967 \u2713 Rastreamento de navio porta-cont\u00eaineres","robots":{"index":"index","follow":"follow","max-snippet":"max-snippet:-1","max-image-preview":"max-image-preview:large","max-video-preview":"max-video-preview:-1"},"canonical":"https:\/\/ship-tracker.org\/pt\/seago-bremerhaven\/","og_locale":"pt_PT","og_type":"article","og_title":"SEAGO BREMERHAVEN - Container Ship, IMO 9313967 - Current location","og_description":"Track current location and position of SEAGO BREMERHAVEN Container Ship on Live Map - IMO: 9313967 \u2713 Container Ship Tracking","og_url":"https:\/\/ship-tracker.org\/pt\/seago-bremerhaven\/","og_site_name":"Ship-tracker.org","twitter_card":"summary_large_image","twitter_misc":{"Tempo estimado de leitura":"1 minuto"},"schema":{"@context":"https:\/\/schema.org","@graph":[{"@type":"WebPage","@id":"https:\/\/ship-tracker.org\/seago-bremerhaven\/","url":"https:\/\/ship-tracker.org\/seago-bremerhaven\/","name":"SEAGO BREMERHAVEN - Navio porta-cont\u00eaineres, IMO 9313967 - Localiza\u00e7\u00e3o atual","isPartOf":{"@id":"https:\/\/ship-tracker.org\/#website"},"datePublished":"2022-02-06T17:35:52+00:00","description":"Rastreie a localiza\u00e7\u00e3o atual e a posi\u00e7\u00e3o do navio porta-cont\u00eaineres SEAGO BREMERHAVEN no mapa ao vivo - IMO: 9313967 \u2713 Rastreamento de navio porta-cont\u00eaineres","breadcrumb":{"@id":"https:\/\/ship-tracker.org\/seago-bremerhaven\/#breadcrumb"},"inLanguage":"pt-PT","potentialAction":[{"@type":"ReadAction","target":["https:\/\/ship-tracker.org\/seago-bremerhaven\/"]}]},{"@type":"BreadcrumbList","@id":"https:\/\/ship-tracker.org\/seago-bremerhaven\/#breadcrumb","itemListElement":[{"@type":"ListItem","position":1,"name":"Startseite","item":"https:\/\/ship-tracker.org\/"},{"@type":"ListItem","position":2,"name":"SEAGO BREMERHAVEN"}]},{"@type":"WebSite","@id":"https:\/\/ship-tracker.org\/#website","url":"https:\/\/ship-tracker.org\/","name":"Ship-tracker.org","description":"","potentialAction":[{"@type":"SearchAction","target":{"@type":"EntryPoint","urlTemplate":"https:\/\/ship-tracker.org\/?s={search_term_string}"},"query-input":{"@type":"PropertyValueSpecification","valueRequired":true,"valueName":"search_term_string"}}],"inLanguage":"pt-PT"}]}},"_links":{"self":[{"href":"https:\/\/ship-tracker.org\/pt\/wp-json\/wp\/v2\/pages\/3427","targetHints":{"allow":["GET"]}}],"collection":[{"href":"https:\/\/ship-tracker.org\/pt\/wp-json\/wp\/v2\/pages"}],"about":[{"href":"https:\/\/ship-tracker.org\/pt\/wp-json\/wp\/v2\/types\/page"}],"author":[{"embeddable":true,"href":"https:\/\/ship-tracker.org\/pt\/wp-json\/wp\/v2\/users\/1"}],"replies":[{"embeddable":true,"href":"https:\/\/ship-tracker.org\/pt\/wp-json\/wp\/v2\/comments?post=3427"}],"version-history":[{"count":3,"href":"https:\/\/ship-tracker.org\/pt\/wp-json\/wp\/v2\/pages\/3427\/revisions"}],"predecessor-version":[{"id":3430,"href":"https:\/\/ship-tracker.org\/pt\/wp-json\/wp\/v2\/pages\/3427\/revisions\/3430"}],"wp:attachment":[{"href":"https:\/\/ship-tracker.org\/pt\/wp-json\/wp\/v2\/media?parent=3427"}],"curies":[{"name":"wp","href":"https:\/\/api.w.org\/{rel}","templated":true}]}}