{"id":3409,"date":"2022-02-06T13:03:02","date_gmt":"2022-02-06T12:03:02","guid":{"rendered":"https:\/\/ship-tracker.org\/?page_id=3409"},"modified":"2022-02-06T19:41:03","modified_gmt":"2022-02-06T18:41:03","slug":"maersk-line","status":"publish","type":"page","link":"https:\/\/ship-tracker.org\/pt\/maersk-line\/","title":{"rendered":"Linha MaersK"},"content":{"rendered":"<h2>Rastreador de Cont\u00eaineres Maersk<\/h2>\n<p>Onde est\u00e1 a posi\u00e7\u00e3o atual da Maersk Container Fleet atualmente?<\/p>\n<h2>Frota de Cont\u00eaineres Maersk<\/h2>\n<table class=\"responsive\">\n<tbody>\n<tr>\n<td style=\"width: 31.9578%;\"><strong>Nome<\/strong><\/td>\n<td style=\"width: 12.3317%;\"><strong>IMO<\/strong><\/td>\n<td style=\"width: 10.5117%;\"><strong>Constru\u00eddo<\/strong><\/td>\n<td style=\"width: 24.0341%;\"><strong>Bandeira<\/strong><\/td>\n<td style=\"width: 11.5646%;\"><strong>TEU<\/strong><\/td>\n<td style=\"width: 222.111%;\"><strong>comprimento<\/strong><\/td>\n<\/tr>\n<tr>\n<td style=\"width: 31.9578%;\"><a href=\"https:\/\/ship-tracker.org\/pt\/seago-istanbul\/\">SEAGO ISTAMBUL<\/a><\/td>\n<td style=\"width: 12.3317%;\">9313943<\/td>\n<td style=\"width: 10.5117%;\">2007<\/td>\n<td style=\"width: 24.0341%;\">Dinamarca<\/td>\n<td style=\"width: 11.5646%;\">4504<\/td>\n<td style=\"width: 222.111%;\">293.86<\/td>\n<\/tr>\n<tr>\n<td style=\"width: 31.9578%;\"><a href=\"https:\/\/ship-tracker.org\/pt\/seago-piraeus\/\">SEAGO PIRAEU<\/a><\/td>\n<td style=\"width: 12.3317%;\">9313955<\/td>\n<td style=\"width: 10.5117%;\">2007<\/td>\n<td style=\"width: 24.0341%;\">Dinamarca<\/td>\n<td style=\"width: 11.5646%;\">4196<\/td>\n<td style=\"width: 222.111%;\">294.1<\/td>\n<\/tr>\n<tr>\n<td style=\"width: 31.9578%;\"><a href=\"https:\/\/ship-tracker.org\/pt\/seago-bremerhaven\/\">SEAGO BREMERHAVEN<\/a><\/td>\n<td style=\"width: 12.3317%;\">9313967<\/td>\n<td style=\"width: 10.5117%;\">2007<\/td>\n<td style=\"width: 24.0341%;\">Dinamarca<\/td>\n<td style=\"width: 11.5646%;\">4196<\/td>\n<td style=\"width: 222.111%;\">293.83<\/td>\n<\/tr>\n<tr>\n<td style=\"width: 31.9578%;\"><a href=\"https:\/\/ship-tracker.org\/pt\/po-nedlloyd-tauranga\/\">P&amp;O NEDLLOYD TAURANGA<\/a><\/td>\n<td style=\"width: 12.3317%;\">7015913<\/td>\n<td style=\"width: 10.5117%;\">1970<\/td>\n<td style=\"width: 24.0341%;\">Hong Kong<\/td>\n<td style=\"width: 11.5646%;\">1258<\/td>\n<td style=\"width: 222.111%;\">211.49<\/td>\n<\/tr>\n<tr>\n<td style=\"width: 31.9578%;\"><a href=\"https:\/\/ship-tracker.org\/pt\/po-nedlloyd-luanda\/\">P&amp;O NEDLLOYD LUANDA<\/a><\/td>\n<td style=\"width: 12.3317%;\">7817115<\/td>\n<td style=\"width: 10.5117%;\">1980<\/td>\n<td style=\"width: 24.0341%;\">Bahamas<\/td>\n<td style=\"width: 11.5646%;\">852<\/td>\n<td style=\"width: 222.111%;\">169.4<\/td>\n<\/tr>\n<tr>\n<td style=\"width: 31.9578%;\"><a href=\"https:\/\/ship-tracker.org\/pt\/melbourne-star\/\">ESTRELA DE MELBOURNE<\/a><\/td>\n<td style=\"width: 12.3317%;\">7108162<\/td>\n<td style=\"width: 10.5117%;\">1971<\/td>\n<td style=\"width: 24.0341%;\">Reino Unido<\/td>\n<td style=\"width: 11.5646%;\">1294<\/td>\n<td style=\"width: 222.111%;\">217.25<\/td>\n<\/tr>\n<tr>\n<td style=\"width: 31.9578%;\"><a href=\"https:\/\/ship-tracker.org\/pt\/argentina-star\/\">ESTRELA ARGENTINA<\/a><\/td>\n<td style=\"width: 12.3317%;\">7636688<\/td>\n<td style=\"width: 10.5117%;\">1979<\/td>\n<td style=\"width: 24.0341%;\">Bahamas<\/td>\n<td style=\"width: 11.5646%;\">1261<\/td>\n<td style=\"width: 222.111%;\">207.32<\/td>\n<\/tr>\n<tr>\n<td style=\"width: 31.9578%;\"><a href=\"https:\/\/ship-tracker.org\/pt\/mumbai-maersk\/\">MUMBAI MAERSK<\/a><\/td>\n<td style=\"width: 12.3317%;\">9780471<\/td>\n<td style=\"width: 10.5117%;\">2018<\/td>\n<td style=\"width: 24.0341%;\">Dinamarca<\/td>\n<td style=\"width: 11.5646%;\">19630<\/td>\n<td style=\"width: 222.111%;\">399<\/td>\n<\/tr>\n<tr>\n<td style=\"width: 31.9578%;\"><\/td>\n<td style=\"width: 12.3317%;\"><\/td>\n<td style=\"width: 10.5117%;\"><\/td>\n<td style=\"width: 24.0341%;\"><\/td>\n<td style=\"width: 11.5646%;\"><\/td>\n<td style=\"width: 222.111%;\"><\/td>\n<\/tr>\n<\/tbody>\n<\/table>","protected":false},"excerpt":{"rendered":"<p>Maersk Container Tracker Where is the current position of Maersk Container Fleet presently? Maersk Container Fleet Name IMO Built Flag TEU Length SEAGO ISTANBUL 9313943 2007 Denmark 4504 293.86 SEAGO PIRAEUS 9313955 2007 Denmark 4196 294.1 SEAGO BREMERHAVEN 9313967 2007 Denmark 4196 293.83 P&amp;O NEDLLOYD TAURANGA 7015913 1970 Hong Kong 1258 211.49 P&amp;O NEDLLOYD LUANDA&hellip;&nbsp;<a href=\"https:\/\/ship-tracker.org\/pt\/maersk-line\/\" rel=\"bookmark\">Ler mais \u00bb<span class=\"screen-reader-text\">Linha MaersK<\/span><\/a><\/p>","protected":false},"author":1,"featured_media":3413,"parent":0,"menu_order":0,"comment_status":"closed","ping_status":"closed","template":"","meta":{"neve_meta_sidebar":"","neve_meta_container":"","neve_meta_enable_content_width":"","neve_meta_content_width":0,"neve_meta_title_alignment":"","neve_meta_author_avatar":"","neve_post_elements_order":"","neve_meta_disable_header":"","neve_meta_disable_footer":"","neve_meta_disable_title":"","neve_meta_reading_time":"","footnotes":""},"class_list":["post-3409","page","type-page","status-publish","has-post-thumbnail","hentry"],"yoast_head":"<!-- This site is optimized with the Yoast SEO plugin v26.9 - https:\/\/yoast.com\/product\/yoast-seo-wordpress\/ -->\n<title>Maersk Line Container Tracking - Ship-tracker.org<\/title>\n<meta name=\"description\" content=\"MAERSK container tracking. Track your shipment with MAERSK shipping line.\" \/>\n<meta name=\"robots\" content=\"index, follow, max-snippet:-1, max-image-preview:large, max-video-preview:-1\" \/>\n<link rel=\"canonical\" href=\"https:\/\/ship-tracker.org\/pt\/maersk-line\/\" \/>\n<meta property=\"og:locale\" content=\"pt_PT\" \/>\n<meta property=\"og:type\" content=\"article\" \/>\n<meta property=\"og:title\" content=\"Maersk Line Container Tracking - Ship-tracker.org\" \/>\n<meta property=\"og:description\" content=\"MAERSK container tracking. Track your shipment with MAERSK shipping line.\" \/>\n<meta property=\"og:url\" content=\"https:\/\/ship-tracker.org\/pt\/maersk-line\/\" \/>\n<meta property=\"og:site_name\" content=\"Ship-tracker.org\" \/>\n<meta property=\"article:modified_time\" content=\"2022-02-06T18:41:03+00:00\" \/>\n<meta property=\"og:image\" content=\"https:\/\/ship-tracker.org\/wp-content\/uploads\/2022\/02\/maersk_line.jpg\" \/>\n\t<meta property=\"og:image:width\" content=\"711\" \/>\n\t<meta property=\"og:image:height\" content=\"502\" \/>\n\t<meta property=\"og:image:type\" content=\"image\/jpeg\" \/>\n<meta name=\"twitter:card\" content=\"summary_large_image\" \/>\n<meta name=\"twitter:label1\" content=\"Tempo estimado de leitura\" \/>\n\t<meta name=\"twitter:data1\" content=\"1 minuto\" \/>\n<script type=\"application\/ld+json\" class=\"yoast-schema-graph\">{\"@context\":\"https:\/\/schema.org\",\"@graph\":[{\"@type\":\"WebPage\",\"@id\":\"https:\/\/ship-tracker.org\/maersk-line\/\",\"url\":\"https:\/\/ship-tracker.org\/maersk-line\/\",\"name\":\"Maersk Line Container Tracking - Ship-tracker.org\",\"isPartOf\":{\"@id\":\"https:\/\/ship-tracker.org\/#website\"},\"primaryImageOfPage\":{\"@id\":\"https:\/\/ship-tracker.org\/maersk-line\/#primaryimage\"},\"image\":{\"@id\":\"https:\/\/ship-tracker.org\/maersk-line\/#primaryimage\"},\"thumbnailUrl\":\"https:\/\/ship-tracker.org\/wp-content\/uploads\/2022\/02\/maersk_line.jpg\",\"datePublished\":\"2022-02-06T12:03:02+00:00\",\"dateModified\":\"2022-02-06T18:41:03+00:00\",\"description\":\"MAERSK container tracking. Track your shipment with MAERSK shipping line.\",\"breadcrumb\":{\"@id\":\"https:\/\/ship-tracker.org\/maersk-line\/#breadcrumb\"},\"inLanguage\":\"pt-PT\",\"potentialAction\":[{\"@type\":\"ReadAction\",\"target\":[\"https:\/\/ship-tracker.org\/maersk-line\/\"]}]},{\"@type\":\"ImageObject\",\"inLanguage\":\"pt-PT\",\"@id\":\"https:\/\/ship-tracker.org\/maersk-line\/#primaryimage\",\"url\":\"https:\/\/ship-tracker.org\/wp-content\/uploads\/2022\/02\/maersk_line.jpg\",\"contentUrl\":\"https:\/\/ship-tracker.org\/wp-content\/uploads\/2022\/02\/maersk_line.jpg\",\"width\":711,\"height\":502,\"caption\":\"Maersk Line\"},{\"@type\":\"BreadcrumbList\",\"@id\":\"https:\/\/ship-tracker.org\/maersk-line\/#breadcrumb\",\"itemListElement\":[{\"@type\":\"ListItem\",\"position\":1,\"name\":\"Startseite\",\"item\":\"https:\/\/ship-tracker.org\/\"},{\"@type\":\"ListItem\",\"position\":2,\"name\":\"Maersk Line\"}]},{\"@type\":\"WebSite\",\"@id\":\"https:\/\/ship-tracker.org\/#website\",\"url\":\"https:\/\/ship-tracker.org\/\",\"name\":\"Ship-tracker.org\",\"description\":\"\",\"potentialAction\":[{\"@type\":\"SearchAction\",\"target\":{\"@type\":\"EntryPoint\",\"urlTemplate\":\"https:\/\/ship-tracker.org\/?s={search_term_string}\"},\"query-input\":{\"@type\":\"PropertyValueSpecification\",\"valueRequired\":true,\"valueName\":\"search_term_string\"}}],\"inLanguage\":\"pt-PT\"}]}<\/script>\n<!-- \/ Yoast SEO plugin. -->","yoast_head_json":{"title":"Rastreamento de cont\u00eaineres da Maersk Line - Ship-tracker.org","description":"Rastreamento de cont\u00eaineres MAERSK. Rastreie sua remessa com a linha de navega\u00e7\u00e3o MAERSK.","robots":{"index":"index","follow":"follow","max-snippet":"max-snippet:-1","max-image-preview":"max-image-preview:large","max-video-preview":"max-video-preview:-1"},"canonical":"https:\/\/ship-tracker.org\/pt\/maersk-line\/","og_locale":"pt_PT","og_type":"article","og_title":"Maersk Line Container Tracking - Ship-tracker.org","og_description":"MAERSK container tracking. Track your shipment with MAERSK shipping line.","og_url":"https:\/\/ship-tracker.org\/pt\/maersk-line\/","og_site_name":"Ship-tracker.org","article_modified_time":"2022-02-06T18:41:03+00:00","og_image":[{"width":711,"height":502,"url":"https:\/\/ship-tracker.org\/wp-content\/uploads\/2022\/02\/maersk_line.jpg","type":"image\/jpeg"}],"twitter_card":"summary_large_image","twitter_misc":{"Tempo estimado de leitura":"1 minuto"},"schema":{"@context":"https:\/\/schema.org","@graph":[{"@type":"WebPage","@id":"https:\/\/ship-tracker.org\/maersk-line\/","url":"https:\/\/ship-tracker.org\/maersk-line\/","name":"Rastreamento de cont\u00eaineres da Maersk Line - Ship-tracker.org","isPartOf":{"@id":"https:\/\/ship-tracker.org\/#website"},"primaryImageOfPage":{"@id":"https:\/\/ship-tracker.org\/maersk-line\/#primaryimage"},"image":{"@id":"https:\/\/ship-tracker.org\/maersk-line\/#primaryimage"},"thumbnailUrl":"https:\/\/ship-tracker.org\/wp-content\/uploads\/2022\/02\/maersk_line.jpg","datePublished":"2022-02-06T12:03:02+00:00","dateModified":"2022-02-06T18:41:03+00:00","description":"Rastreamento de cont\u00eaineres MAERSK. Rastreie sua remessa com a linha de navega\u00e7\u00e3o MAERSK.","breadcrumb":{"@id":"https:\/\/ship-tracker.org\/maersk-line\/#breadcrumb"},"inLanguage":"pt-PT","potentialAction":[{"@type":"ReadAction","target":["https:\/\/ship-tracker.org\/maersk-line\/"]}]},{"@type":"ImageObject","inLanguage":"pt-PT","@id":"https:\/\/ship-tracker.org\/maersk-line\/#primaryimage","url":"https:\/\/ship-tracker.org\/wp-content\/uploads\/2022\/02\/maersk_line.jpg","contentUrl":"https:\/\/ship-tracker.org\/wp-content\/uploads\/2022\/02\/maersk_line.jpg","width":711,"height":502,"caption":"Maersk Line"},{"@type":"BreadcrumbList","@id":"https:\/\/ship-tracker.org\/maersk-line\/#breadcrumb","itemListElement":[{"@type":"ListItem","position":1,"name":"Startseite","item":"https:\/\/ship-tracker.org\/"},{"@type":"ListItem","position":2,"name":"Maersk Line"}]},{"@type":"WebSite","@id":"https:\/\/ship-tracker.org\/#website","url":"https:\/\/ship-tracker.org\/","name":"Ship-tracker.org","description":"","potentialAction":[{"@type":"SearchAction","target":{"@type":"EntryPoint","urlTemplate":"https:\/\/ship-tracker.org\/?s={search_term_string}"},"query-input":{"@type":"PropertyValueSpecification","valueRequired":true,"valueName":"search_term_string"}}],"inLanguage":"pt-PT"}]}},"_links":{"self":[{"href":"https:\/\/ship-tracker.org\/pt\/wp-json\/wp\/v2\/pages\/3409","targetHints":{"allow":["GET"]}}],"collection":[{"href":"https:\/\/ship-tracker.org\/pt\/wp-json\/wp\/v2\/pages"}],"about":[{"href":"https:\/\/ship-tracker.org\/pt\/wp-json\/wp\/v2\/types\/page"}],"author":[{"embeddable":true,"href":"https:\/\/ship-tracker.org\/pt\/wp-json\/wp\/v2\/users\/1"}],"replies":[{"embeddable":true,"href":"https:\/\/ship-tracker.org\/pt\/wp-json\/wp\/v2\/comments?post=3409"}],"version-history":[{"count":10,"href":"https:\/\/ship-tracker.org\/pt\/wp-json\/wp\/v2\/pages\/3409\/revisions"}],"predecessor-version":[{"id":3454,"href":"https:\/\/ship-tracker.org\/pt\/wp-json\/wp\/v2\/pages\/3409\/revisions\/3454"}],"wp:featuredmedia":[{"embeddable":true,"href":"https:\/\/ship-tracker.org\/pt\/wp-json\/wp\/v2\/media\/3413"}],"wp:attachment":[{"href":"https:\/\/ship-tracker.org\/pt\/wp-json\/wp\/v2\/media?parent=3409"}],"curies":[{"name":"wp","href":"https:\/\/api.w.org\/{rel}","templated":true}]}}