{"id":3172,"date":"2020-05-14T19:48:45","date_gmt":"2020-05-14T17:48:45","guid":{"rendered":"https:\/\/ship-tracker.org\/?page_id=3172"},"modified":"2022-10-27T16:36:04","modified_gmt":"2022-10-27T14:36:04","slug":"irish-ferries","status":"publish","type":"page","link":"https:\/\/ship-tracker.org\/pt\/irish-ferries\/","title":{"rendered":"Irish Ferries"},"content":{"rendered":"<h2>Navios de localiza\u00e7\u00e3o de frotas da Irish Ferries, n\u00fameros OMI e MMSI<\/h2>\n<p><iframe id=\"dealFinder\" style=\"z-index: 1;\" src=\"https:\/\/wiz.directferries.com\/partners\/deal_finder_iframe.aspx?stdc=F4925&amp;cult=en-GB&amp;btn=47a347&amp;btnh=168b16&amp;btnt=FFFFFF&amp;tclr=000001&amp;lclr=000001&amp;lbld=400&amp;pclr=64b6e6&amp;sclr=64b6e6&amp;targ=0\" height=\"285\" frameborder=\"0\" marginwidth=\"0\" marginheight=\"0\" scrolling=\"no\"><\/iframe><br \/>\nOnde est\u00e1 atualmente a posi\u00e7\u00e3o atual da Irish Ferries Fleet?<\/p>\n<table style=\"border-collapse: collapse; width: 100%; height: 168px;\">\n<tbody>\n<tr style=\"height: 24px;\">\n<td style=\"width: 33.3575%; height: 24px;\"><span style=\"color: #1f405b;\"><strong>Navio<\/strong><\/span><\/td>\n<td style=\"width: 33.285%; height: 24px;\"><span style=\"color: #1f405b;\"><strong>IMO<\/strong><\/span><\/td>\n<td style=\"width: 33.285%; height: 24px;\"><span style=\"color: #1f405b;\"><strong>MMSI<\/strong><\/span><\/td>\n<\/tr>\n<tr style=\"height: 24px;\">\n<td style=\"width: 33.3575%; height: 24px;\"><a href=\"https:\/\/ship-tracker.org\/pt\/isle-of-inishmore\/\">Isle of Inishmore<\/a><\/td>\n<td style=\"width: 33.285%; height: 24px;\">9142605<\/td>\n<td style=\"width: 33.285%; height: 24px;\">209093000<\/td>\n<\/tr>\n<tr style=\"height: 24px;\">\n<td style=\"width: 33.3575%; height: 24px;\"><a href=\"https:\/\/ship-tracker.org\/pt\/gnv-allegra\/\">GNV Allegra<\/a><\/td>\n<td style=\"width: 33.285%; height: 24px;\">8506311<\/td>\n<td style=\"width: 33.285%; height: 24px;\">247392600<\/td>\n<\/tr>\n<tr style=\"height: 24px;\">\n<td style=\"width: 33.3575%; height: 24px;\"><a href=\"https:\/\/ship-tracker.org\/pt\/dublin-swift\/\">Dublin Swift<\/a><\/td>\n<td style=\"width: 33.285%; height: 24px;\">9243227<\/td>\n<td style=\"width: 33.285%; height: 24px;\">209192000<\/td>\n<\/tr>\n<tr style=\"height: 24px;\">\n<td style=\"width: 33.3575%; height: 24px;\"><a href=\"https:\/\/ship-tracker.org\/pt\/ulysses\/\">Ulysses<\/a><\/td>\n<td style=\"width: 33.285%; height: 24px;\">9214991<\/td>\n<td style=\"width: 33.285%; height: 24px;\">209952000<\/td>\n<\/tr>\n<tr style=\"height: 24px;\">\n<td style=\"width: 33.3575%; height: 24px;\"><a href=\"https:\/\/ship-tracker.org\/pt\/epsilon\/\">Epsilon<\/a><\/td>\n<td style=\"width: 33.285%; height: 24px;\">9539054<\/td>\n<td style=\"width: 33.285%; height: 24px;\">247297100<\/td>\n<\/tr>\n<tr style=\"height: 24px;\">\n<td style=\"width: 33.3575%; height: 24px;\"><a href=\"https:\/\/ship-tracker.org\/pt\/w-b-yeats\/\">W.B Yeats<\/a><\/td>\n<td style=\"width: 33.285%; height: 24px;\">9809679<\/td>\n<td style=\"width: 33.285%; height: 24px;\">209146000<\/td>\n<\/tr>\n<\/tbody>\n<\/table>","protected":false},"excerpt":{"rendered":"<p>Localiza\u00e7\u00e3o da Frota de Ferries Irlandesa Navios, n\u00fameros IMO e MMSI Onde est\u00e1 a posi\u00e7\u00e3o atual da Frota de Ferries Irlandesa atualmente? Navio IMO MMSI Ilha de Inishmore 9142605 209093000 GNV Allegra 8506311 247392600 Dublin Swift 9243227 209192000 Ulysses 9214991 209952000 Epsilon 9539054 247297104 WB Yeats 980967297104 WB Yeats 980967<\/p>","protected":false},"author":1,"featured_media":3173,"parent":0,"menu_order":0,"comment_status":"closed","ping_status":"closed","template":"","meta":{"neve_meta_sidebar":"","neve_meta_container":"","neve_meta_enable_content_width":"","neve_meta_content_width":0,"neve_meta_title_alignment":"","neve_meta_author_avatar":"","neve_post_elements_order":"","neve_meta_disable_header":"","neve_meta_disable_footer":"","neve_meta_disable_title":"","neve_meta_reading_time":"","footnotes":""},"class_list":["post-3172","page","type-page","status-publish","has-post-thumbnail","hentry"],"yoast_head":"<!-- This site is optimized with the Yoast SEO plugin v26.9 - https:\/\/yoast.com\/product\/yoast-seo-wordpress\/ -->\n<title>Track Irish Ferries Fleet | Cruise Ships | Marine Vessel<\/title>\n<meta name=\"description\" content=\"Irish Ferries Fleet Location | Current Positions of Irish Ferries Ships, IMO numbers, MMSI, Webcam | Live Fleet Maps | Ship Tracker\" \/>\n<meta name=\"robots\" content=\"index, follow, max-snippet:-1, max-image-preview:large, max-video-preview:-1\" \/>\n<link rel=\"canonical\" href=\"https:\/\/ship-tracker.org\/pt\/irish-ferries\/\" \/>\n<meta property=\"og:locale\" content=\"pt_PT\" \/>\n<meta property=\"og:type\" content=\"article\" \/>\n<meta property=\"og:title\" content=\"Track Irish Ferries Fleet | Cruise Ships | Marine Vessel\" \/>\n<meta property=\"og:description\" content=\"Irish Ferries Fleet Location | Current Positions of Irish Ferries Ships, IMO numbers, MMSI, Webcam | Live Fleet Maps | Ship Tracker\" \/>\n<meta property=\"og:url\" content=\"https:\/\/ship-tracker.org\/pt\/irish-ferries\/\" \/>\n<meta property=\"og:site_name\" content=\"Ship-tracker.org\" \/>\n<meta property=\"article:modified_time\" content=\"2022-10-27T14:36:04+00:00\" \/>\n<meta property=\"og:image\" content=\"https:\/\/ship-tracker.org\/wp-content\/uploads\/2020\/05\/if_corplogocolourbackground_hr-e1589478184960.jpg\" \/>\n\t<meta property=\"og:image:width\" content=\"600\" \/>\n\t<meta property=\"og:image:height\" content=\"331\" \/>\n\t<meta property=\"og:image:type\" content=\"image\/jpeg\" \/>\n<meta name=\"twitter:card\" content=\"summary_large_image\" \/>\n<meta name=\"twitter:label1\" content=\"Tempo estimado de leitura\" \/>\n\t<meta name=\"twitter:data1\" content=\"1 minuto\" \/>\n<script type=\"application\/ld+json\" class=\"yoast-schema-graph\">{\"@context\":\"https:\/\/schema.org\",\"@graph\":[{\"@type\":\"WebPage\",\"@id\":\"https:\/\/ship-tracker.org\/irish-ferries\/\",\"url\":\"https:\/\/ship-tracker.org\/irish-ferries\/\",\"name\":\"Track Irish Ferries Fleet | Cruise Ships | Marine Vessel\",\"isPartOf\":{\"@id\":\"https:\/\/ship-tracker.org\/#website\"},\"primaryImageOfPage\":{\"@id\":\"https:\/\/ship-tracker.org\/irish-ferries\/#primaryimage\"},\"image\":{\"@id\":\"https:\/\/ship-tracker.org\/irish-ferries\/#primaryimage\"},\"thumbnailUrl\":\"https:\/\/ship-tracker.org\/wp-content\/uploads\/2020\/05\/if_corplogocolourbackground_hr-e1589478184960.jpg\",\"datePublished\":\"2020-05-14T17:48:45+00:00\",\"dateModified\":\"2022-10-27T14:36:04+00:00\",\"description\":\"Irish Ferries Fleet Location | Current Positions of Irish Ferries Ships, IMO numbers, MMSI, Webcam | Live Fleet Maps | Ship Tracker\",\"breadcrumb\":{\"@id\":\"https:\/\/ship-tracker.org\/irish-ferries\/#breadcrumb\"},\"inLanguage\":\"pt-PT\",\"potentialAction\":[{\"@type\":\"ReadAction\",\"target\":[\"https:\/\/ship-tracker.org\/irish-ferries\/\"]}]},{\"@type\":\"ImageObject\",\"inLanguage\":\"pt-PT\",\"@id\":\"https:\/\/ship-tracker.org\/irish-ferries\/#primaryimage\",\"url\":\"https:\/\/ship-tracker.org\/wp-content\/uploads\/2020\/05\/if_corplogocolourbackground_hr-e1589478184960.jpg\",\"contentUrl\":\"https:\/\/ship-tracker.org\/wp-content\/uploads\/2020\/05\/if_corplogocolourbackground_hr-e1589478184960.jpg\",\"width\":600,\"height\":331,\"caption\":\"Irish Ferries\"},{\"@type\":\"BreadcrumbList\",\"@id\":\"https:\/\/ship-tracker.org\/irish-ferries\/#breadcrumb\",\"itemListElement\":[{\"@type\":\"ListItem\",\"position\":1,\"name\":\"Startseite\",\"item\":\"https:\/\/ship-tracker.org\/\"},{\"@type\":\"ListItem\",\"position\":2,\"name\":\"Irish Ferries\"}]},{\"@type\":\"WebSite\",\"@id\":\"https:\/\/ship-tracker.org\/#website\",\"url\":\"https:\/\/ship-tracker.org\/\",\"name\":\"Ship-tracker.org\",\"description\":\"\",\"potentialAction\":[{\"@type\":\"SearchAction\",\"target\":{\"@type\":\"EntryPoint\",\"urlTemplate\":\"https:\/\/ship-tracker.org\/?s={search_term_string}\"},\"query-input\":{\"@type\":\"PropertyValueSpecification\",\"valueRequired\":true,\"valueName\":\"search_term_string\"}}],\"inLanguage\":\"pt-PT\"}]}<\/script>\n<!-- \/ Yoast SEO plugin. -->","yoast_head_json":{"title":"Rastrear Frota de Ferries Irlandeses | Navios de Cruzeiro | Embarca\u00e7\u00e3o Mar\u00edtima","description":"Localiza\u00e7\u00e3o da Frota da Irish Ferries | Posi\u00e7\u00f5es atuais dos navios da Irish Ferries, n\u00fameros IMO, MMSI, webcam | Mapas de frota ao vivo | Rastreador de navios","robots":{"index":"index","follow":"follow","max-snippet":"max-snippet:-1","max-image-preview":"max-image-preview:large","max-video-preview":"max-video-preview:-1"},"canonical":"https:\/\/ship-tracker.org\/pt\/irish-ferries\/","og_locale":"pt_PT","og_type":"article","og_title":"Track Irish Ferries Fleet | Cruise Ships | Marine Vessel","og_description":"Irish Ferries Fleet Location | Current Positions of Irish Ferries Ships, IMO numbers, MMSI, Webcam | Live Fleet Maps | Ship Tracker","og_url":"https:\/\/ship-tracker.org\/pt\/irish-ferries\/","og_site_name":"Ship-tracker.org","article_modified_time":"2022-10-27T14:36:04+00:00","og_image":[{"width":600,"height":331,"url":"https:\/\/ship-tracker.org\/wp-content\/uploads\/2020\/05\/if_corplogocolourbackground_hr-e1589478184960.jpg","type":"image\/jpeg"}],"twitter_card":"summary_large_image","twitter_misc":{"Tempo estimado de leitura":"1 minuto"},"schema":{"@context":"https:\/\/schema.org","@graph":[{"@type":"WebPage","@id":"https:\/\/ship-tracker.org\/irish-ferries\/","url":"https:\/\/ship-tracker.org\/irish-ferries\/","name":"Rastrear Frota de Ferries Irlandeses | Navios de Cruzeiro | Embarca\u00e7\u00e3o Mar\u00edtima","isPartOf":{"@id":"https:\/\/ship-tracker.org\/#website"},"primaryImageOfPage":{"@id":"https:\/\/ship-tracker.org\/irish-ferries\/#primaryimage"},"image":{"@id":"https:\/\/ship-tracker.org\/irish-ferries\/#primaryimage"},"thumbnailUrl":"https:\/\/ship-tracker.org\/wp-content\/uploads\/2020\/05\/if_corplogocolourbackground_hr-e1589478184960.jpg","datePublished":"2020-05-14T17:48:45+00:00","dateModified":"2022-10-27T14:36:04+00:00","description":"Localiza\u00e7\u00e3o da Frota da Irish Ferries | Posi\u00e7\u00f5es atuais dos navios da Irish Ferries, n\u00fameros IMO, MMSI, webcam | Mapas de frota ao vivo | Rastreador de navios","breadcrumb":{"@id":"https:\/\/ship-tracker.org\/irish-ferries\/#breadcrumb"},"inLanguage":"pt-PT","potentialAction":[{"@type":"ReadAction","target":["https:\/\/ship-tracker.org\/irish-ferries\/"]}]},{"@type":"ImageObject","inLanguage":"pt-PT","@id":"https:\/\/ship-tracker.org\/irish-ferries\/#primaryimage","url":"https:\/\/ship-tracker.org\/wp-content\/uploads\/2020\/05\/if_corplogocolourbackground_hr-e1589478184960.jpg","contentUrl":"https:\/\/ship-tracker.org\/wp-content\/uploads\/2020\/05\/if_corplogocolourbackground_hr-e1589478184960.jpg","width":600,"height":331,"caption":"Irish Ferries"},{"@type":"BreadcrumbList","@id":"https:\/\/ship-tracker.org\/irish-ferries\/#breadcrumb","itemListElement":[{"@type":"ListItem","position":1,"name":"Startseite","item":"https:\/\/ship-tracker.org\/"},{"@type":"ListItem","position":2,"name":"Irish Ferries"}]},{"@type":"WebSite","@id":"https:\/\/ship-tracker.org\/#website","url":"https:\/\/ship-tracker.org\/","name":"Ship-tracker.org","description":"","potentialAction":[{"@type":"SearchAction","target":{"@type":"EntryPoint","urlTemplate":"https:\/\/ship-tracker.org\/?s={search_term_string}"},"query-input":{"@type":"PropertyValueSpecification","valueRequired":true,"valueName":"search_term_string"}}],"inLanguage":"pt-PT"}]}},"_links":{"self":[{"href":"https:\/\/ship-tracker.org\/pt\/wp-json\/wp\/v2\/pages\/3172","targetHints":{"allow":["GET"]}}],"collection":[{"href":"https:\/\/ship-tracker.org\/pt\/wp-json\/wp\/v2\/pages"}],"about":[{"href":"https:\/\/ship-tracker.org\/pt\/wp-json\/wp\/v2\/types\/page"}],"author":[{"embeddable":true,"href":"https:\/\/ship-tracker.org\/pt\/wp-json\/wp\/v2\/users\/1"}],"replies":[{"embeddable":true,"href":"https:\/\/ship-tracker.org\/pt\/wp-json\/wp\/v2\/comments?post=3172"}],"version-history":[{"count":3,"href":"https:\/\/ship-tracker.org\/pt\/wp-json\/wp\/v2\/pages\/3172\/revisions"}],"predecessor-version":[{"id":3499,"href":"https:\/\/ship-tracker.org\/pt\/wp-json\/wp\/v2\/pages\/3172\/revisions\/3499"}],"wp:featuredmedia":[{"embeddable":true,"href":"https:\/\/ship-tracker.org\/pt\/wp-json\/wp\/v2\/media\/3173"}],"wp:attachment":[{"href":"https:\/\/ship-tracker.org\/pt\/wp-json\/wp\/v2\/media?parent=3172"}],"curies":[{"name":"wp","href":"https:\/\/api.w.org\/{rel}","templated":true}]}}