{"id":3061,"date":"2020-05-12T20:11:49","date_gmt":"2020-05-12T18:11:49","guid":{"rendered":"https:\/\/ship-tracker.org\/?page_id=3061"},"modified":"2022-10-27T16:23:10","modified_gmt":"2022-10-27T14:23:10","slug":"pride-of-burgundy","status":"publish","type":"page","link":"https:\/\/ship-tracker.org\/pt\/pride-of-burgundy\/","title":{"rendered":"Pride of Burgundy"},"content":{"rendered":"<p><script async src=\"https:\/\/pagead2.googlesyndication.com\/pagead\/js\/adsbygoogle.js\"><span data-mce-type=\"bookmark\" style=\"display: inline-block; width: 0px; overflow: hidden; line-height: 0;\" class=\"mce_SELRES_start\">\ufeff<\/span><span data-mce-type=\"bookmark\" style=\"display: inline-block; width: 0px; overflow: hidden; line-height: 0;\" class=\"mce_SELRES_start\">\ufeff<\/span><span data-mce-type=\"bookmark\" style=\"display: inline-block; width: 0px; overflow: hidden; line-height: 0;\" class=\"mce_SELRES_start\">\ufeff<\/span><\/script><br \/>\n<!-- Ship-Tracker Display --><br \/>\n<ins class=\"adsbygoogle\" style=\"display: block;\" data-ad-client=\"ca-pub-1316785063791781\" data-ad-slot=\"8075999632\" data-ad-format=\"auto\" data-full-width-responsive=\"true\"><\/ins><br \/>\n<script>\n     (adsbygoogle = window.adsbygoogle || []).push({});\n<\/script><\/p>\n<h2><span style=\"color: #000000;\">Localiza\u00e7\u00e3o atual e <\/span><span style=\"color: #000000;\">posi\u00e7\u00e3o do Orgulho da Borgonha <\/span><\/h2>\n<p>Onde est\u00e1 a posi\u00e7\u00e3o atual do Orgulho da Borgonha atualmente?<br \/>\n<script async src=\"https:\/\/pagead2.googlesyndication.com\/pagead\/js\/adsbygoogle.js\"><\/script><br \/>\n<!-- Schip-Tracker Linkanzeigen --><br \/>\n<ins class=\"adsbygoogle\" style=\"display: block;\" data-ad-client=\"ca-pub-1316785063791781\" data-ad-slot=\"3429004156\" data-ad-format=\"link\" data-full-width-responsive=\"true\"><\/ins><br \/>\n<script>\n     (adsbygoogle = window.adsbygoogle || []).push({});\n<\/script><br \/>\n<script type=\"text\/javascript\">\n  var width=\"100%\";var height=\"400\";\n  var mmsi=209529000;\n<\/script><script type=\"text\/javascript\" src=\"https:\/\/www.vesselfinder.com\/aismap.js\"><\/script><br \/>\n<script async src=\"https:\/\/pagead2.googlesyndication.com\/pagead\/js\/adsbygoogle.js\"><\/script><br \/>\n<!-- Ship-Tracker Display --><br \/>\n<ins class=\"adsbygoogle\" style=\"display: block;\" data-ad-client=\"ca-pub-1316785063791781\" data-ad-slot=\"8075999632\" data-ad-format=\"auto\" data-full-width-responsive=\"true\"><\/ins><br \/>\n<script>\n     (adsbygoogle = window.adsbygoogle || []).push({});\n<\/script><\/p>\n<p>Veja a localiza\u00e7\u00e3o atual do Orgulho da Borgonha. A posi\u00e7\u00e3o do Orgulho da Borgonha pode ser determinada com precis\u00e3o pelos mapas do VesselFinder e do MarineTraffic. Assim, voc\u00ea est\u00e1 sempre bem informado sobre onde est\u00e1 seu navio favorito atualmente.<\/p>\n<h2 class=\"title\"><span style=\"color: #000000;\">An\u00e1lise e especifica\u00e7\u00f5es do Orgulho da Borgonha<\/span><\/h2>\n<table style=\"height: 294px;\" width=\"400\">\n<tbody>\n<tr>\n<td style=\"width: 192px;\"><span style=\"color: #000000;\"><strong>Estado da bandeira<\/strong><\/span><\/td>\n<td style=\"width: 192px;\"><span style=\"color: #000000;\">Chipre<\/span><\/td>\n<\/tr>\n<tr>\n<td style=\"width: 192px;\"><span style=\"color: #000000;\"><strong>Ano de constru\u00e7\u00e3o<\/strong><\/span><\/td>\n<td style=\"width: 192px;\"><span style=\"color: #000000;\">1993 \u00a0<\/span><\/td>\n<\/tr>\n<tr>\n<td style=\"width: 192px;\"><span style=\"color: #000000;\"><strong>Construtor<\/strong><\/span><\/td>\n<td style=\"width: 192px;\"><span style=\"color: #000000;\">Schichau Seebeckwerft<\/span><\/td>\n<\/tr>\n<tr>\n<td style=\"width: 192px;\"><span style=\"color: #000000;\"><strong>comprimento<\/strong><\/span><\/td>\n<td style=\"width: 192px;\"><span style=\"color: #000000;\"><span class=\"specificationUnit\">180 m<\/span><\/span><\/td>\n<\/tr>\n<tr>\n<td style=\"width: 192px;\"><span style=\"color: #000000;\"><strong>Feixe<\/strong><\/span><\/td>\n<td style=\"width: 192px;\"><span style=\"color: #000000;\"><span class=\"specificationUnit\">28 m<\/span><\/span><\/td>\n<\/tr>\n<tr>\n<td style=\"width: 192px;\"><span style=\"color: #000000;\"><strong>Tonelagem Bruta<\/strong><\/span><\/td>\n<td style=\"width: 192px;\"><span style=\"color: #000000;\"><span class=\"specificationUnit\">28138 gt<\/span><\/span><\/td>\n<\/tr>\n<tr>\n<td style=\"width: 192px;\"><span style=\"color: #000000;\"><strong>Passageiros<\/strong><\/span><\/td>\n<td style=\"width: 192px;\"><span style=\"color: #000000;\">1420<\/span><\/td>\n<\/tr>\n<tr>\n<td style=\"width: 192px;\"><span style=\"color: #000000;\"><strong>Equipe t\u00e9cnica<\/strong><\/span><\/td>\n<td style=\"width: 192px;\"><span style=\"color: #000000;\">200<\/span><\/td>\n<\/tr>\n<tr>\n<td style=\"width: 192px;\"><span style=\"color: #000000;\"><strong>Rapidez<\/strong><\/span><\/td>\n<td style=\"width: 192px;\"><span style=\"color: #000000;\"><span class=\"specificationUnit\">21 kn<\/span><\/span><\/td>\n<\/tr>\n<tr>\n<td style=\"width: 192px;\"><span style=\"color: #000000;\"><strong><b>Carros<\/b><\/strong><\/span><\/td>\n<td style=\"width: 192px;\"><span style=\"color: #000000;\">600<\/span><\/td>\n<\/tr>\n<tr>\n<td style=\"width: 192px;\"><span style=\"color: #000000;\"><strong><b>Propriet\u00e1rio<\/b><\/strong><\/span><\/td>\n<td style=\"width: 192px;\"><a href=\"https:\/\/ship-tracker.org\/pt\/po-ferries\/\"><span style=\"color: #000000;\">P&amp;O Ferries<\/span><\/a><\/td>\n<\/tr>\n<\/tbody>\n<\/table>\n<h3 class=\"title\">Frota de P&amp;O Ferries<\/h3>\n<ul>\n<li><a href=\"https:\/\/ship-tracker.org\/pt\/pride-of-kent\/\">Pride of Kent<\/a><\/li>\n<li><a href=\"https:\/\/ship-tracker.org\/pt\/pride-of-canterbury\/\">Pride of Canterbury<\/a><\/li>\n<li><a href=\"https:\/\/ship-tracker.org\/pt\/spirit-of-france\/\">Spirit of France<\/a><\/li>\n<li><a href=\"https:\/\/ship-tracker.org\/pt\/spirit-of-britain\/\">Spirit of Britain<\/a><\/li>\n<li><a href=\"https:\/\/ship-tracker.org\/pt\/pride-of-bruges\/\">Pride of Bruges<\/a><\/li>\n<li><a href=\"https:\/\/ship-tracker.org\/pt\/pride-of-york\/\">Pride of York<\/a><\/li>\n<li><a href=\"https:\/\/ship-tracker.org\/pt\/pride-of-hull\/\">Pride of Hull<\/a><\/li>\n<li><a href=\"https:\/\/ship-tracker.org\/pt\/pride-of-rotterdam\/\">Pride of Rotterdam<\/a><\/li>\n<li><a href=\"https:\/\/ship-tracker.org\/pt\/norbank\/\">Norbank<\/a><\/li>\n<li><a href=\"https:\/\/ship-tracker.org\/pt\/norbay\/\">Norbay<\/a><\/li>\n<li><a href=\"https:\/\/ship-tracker.org\/pt\/european-highlander\/\">European Highlander<\/a><\/li>\n<li><a href=\"https:\/\/ship-tracker.org\/pt\/european-causeway\/\">European Causeway<\/a><\/li>\n<\/ul>\n<p><script async src=\"https:\/\/pagead2.googlesyndication.com\/pagead\/js\/adsbygoogle.js\"><\/script><br \/>\n<!-- Schip-Tracker Linkanzeigen --><br \/>\n<ins class=\"adsbygoogle\" style=\"display: block;\" data-ad-client=\"ca-pub-1316785063791781\" data-ad-slot=\"3429004156\" data-ad-format=\"link\" data-full-width-responsive=\"true\"><\/ins><br \/>\n<script>\n     (adsbygoogle = window.adsbygoogle || []).push({});\n<\/script><\/p>\n<h4><span style=\"color: #000000;\">V\u00eddeo do Orgulho da Borgonha<\/span><\/h4>\n<div class=\"su-youtube su-u-responsive-media-yes\"><iframe loading=\"lazy\" width=\"600\" height=\"400\" src=\"https:\/\/www.youtube.com\/embed\/ynzLnEp7xo0?\" frameborder=\"0\" allowfullscreen allow=\"autoplay; encrypted-media; picture-in-picture\" title=\"\"><\/iframe><\/div>","protected":false},"excerpt":{"rendered":"<p>Localiza\u00e7\u00e3o atual e posi\u00e7\u00e3o do Pride of Burgundy Onde est\u00e1 a posi\u00e7\u00e3o atual do Pride of Burgundy atualmente? Veja a localiza\u00e7\u00e3o atual do Orgulho da Borgonha. A posi\u00e7\u00e3o do Pride of Burgundy pode ser determinada com precis\u00e3o pelos mapas do VesselFinder e MarineTraffic. Assim voc\u00ea est\u00e1 sempre bem informado sobre onde est\u00e1 seu navio preferido no momento. Orgulhoso de\u2026&nbsp;<a href=\"https:\/\/ship-tracker.org\/pt\/pride-of-burgundy\/\" rel=\"bookmark\">Ler mais \u00bb<span class=\"screen-reader-text\">Pride of Burgundy<\/span><\/a><\/p>","protected":false},"author":1,"featured_media":3031,"parent":0,"menu_order":0,"comment_status":"closed","ping_status":"closed","template":"","meta":{"neve_meta_sidebar":"","neve_meta_container":"","neve_meta_enable_content_width":"","neve_meta_content_width":0,"neve_meta_title_alignment":"","neve_meta_author_avatar":"","neve_post_elements_order":"","neve_meta_disable_header":"","neve_meta_disable_footer":"","neve_meta_disable_title":"","neve_meta_reading_time":"","footnotes":""},"class_list":["post-3061","page","type-page","status-publish","has-post-thumbnail","hentry"],"yoast_head":"<!-- This site is optimized with the Yoast SEO plugin v26.9 - https:\/\/yoast.com\/product\/yoast-seo-wordpress\/ -->\n<title>Pride of Burgundy \u2503Current location and position of P&amp;O Ferries<\/title>\n<meta name=\"description\" content=\"Pride of Burgundy \u2693 Current location and position of Pride of Burgundy \u2713 Cruise Ship Tracker \u2713 Live Ship Tracker \u2503P&amp;O Ferries\" \/>\n<meta name=\"robots\" content=\"index, follow, max-snippet:-1, max-image-preview:large, max-video-preview:-1\" \/>\n<link rel=\"canonical\" href=\"https:\/\/ship-tracker.org\/pt\/pride-of-burgundy\/\" \/>\n<meta property=\"og:locale\" content=\"pt_PT\" \/>\n<meta property=\"og:type\" content=\"article\" \/>\n<meta property=\"og:title\" content=\"Pride of Burgundy \u2503Current location and position of P&amp;O Ferries\" \/>\n<meta property=\"og:description\" content=\"Pride of Burgundy \u2693 Current location and position of Pride of Burgundy \u2713 Cruise Ship Tracker \u2713 Live Ship Tracker \u2503P&amp;O Ferries\" \/>\n<meta property=\"og:url\" content=\"https:\/\/ship-tracker.org\/pt\/pride-of-burgundy\/\" \/>\n<meta property=\"og:site_name\" content=\"Ship-tracker.org\" \/>\n<meta property=\"article:modified_time\" content=\"2022-10-27T14:23:10+00:00\" \/>\n<meta property=\"og:image\" content=\"https:\/\/ship-tracker.org\/wp-content\/uploads\/2020\/05\/po_irish_sea_european_causeway.jpg\" \/>\n\t<meta property=\"og:image:width\" content=\"360\" \/>\n\t<meta property=\"og:image:height\" content=\"250\" \/>\n\t<meta property=\"og:image:type\" content=\"image\/jpeg\" \/>\n<meta name=\"twitter:card\" content=\"summary_large_image\" \/>\n<meta name=\"twitter:label1\" content=\"Tempo estimado de leitura\" \/>\n\t<meta name=\"twitter:data1\" content=\"1 minuto\" \/>\n<script type=\"application\/ld+json\" class=\"yoast-schema-graph\">{\"@context\":\"https:\/\/schema.org\",\"@graph\":[{\"@type\":\"WebPage\",\"@id\":\"https:\/\/ship-tracker.org\/pride-of-burgundy\/\",\"url\":\"https:\/\/ship-tracker.org\/pride-of-burgundy\/\",\"name\":\"Pride of Burgundy \u2503Current location and position of P&O Ferries\",\"isPartOf\":{\"@id\":\"https:\/\/ship-tracker.org\/#website\"},\"primaryImageOfPage\":{\"@id\":\"https:\/\/ship-tracker.org\/pride-of-burgundy\/#primaryimage\"},\"image\":{\"@id\":\"https:\/\/ship-tracker.org\/pride-of-burgundy\/#primaryimage\"},\"thumbnailUrl\":\"https:\/\/ship-tracker.org\/wp-content\/uploads\/2020\/05\/po_irish_sea_european_causeway.jpg\",\"datePublished\":\"2020-05-12T18:11:49+00:00\",\"dateModified\":\"2022-10-27T14:23:10+00:00\",\"description\":\"Pride of Burgundy \u2693 Current location and position of Pride of Burgundy \u2713 Cruise Ship Tracker \u2713 Live Ship Tracker \u2503P&O Ferries\",\"breadcrumb\":{\"@id\":\"https:\/\/ship-tracker.org\/pride-of-burgundy\/#breadcrumb\"},\"inLanguage\":\"pt-PT\",\"potentialAction\":[{\"@type\":\"ReadAction\",\"target\":[\"https:\/\/ship-tracker.org\/pride-of-burgundy\/\"]}]},{\"@type\":\"ImageObject\",\"inLanguage\":\"pt-PT\",\"@id\":\"https:\/\/ship-tracker.org\/pride-of-burgundy\/#primaryimage\",\"url\":\"https:\/\/ship-tracker.org\/wp-content\/uploads\/2020\/05\/po_irish_sea_european_causeway.jpg\",\"contentUrl\":\"https:\/\/ship-tracker.org\/wp-content\/uploads\/2020\/05\/po_irish_sea_european_causeway.jpg\",\"width\":360,\"height\":250,\"caption\":\"Pride of Burgundy\"},{\"@type\":\"BreadcrumbList\",\"@id\":\"https:\/\/ship-tracker.org\/pride-of-burgundy\/#breadcrumb\",\"itemListElement\":[{\"@type\":\"ListItem\",\"position\":1,\"name\":\"Startseite\",\"item\":\"https:\/\/ship-tracker.org\/\"},{\"@type\":\"ListItem\",\"position\":2,\"name\":\"Pride of Burgundy\"}]},{\"@type\":\"WebSite\",\"@id\":\"https:\/\/ship-tracker.org\/#website\",\"url\":\"https:\/\/ship-tracker.org\/\",\"name\":\"Ship-tracker.org\",\"description\":\"\",\"potentialAction\":[{\"@type\":\"SearchAction\",\"target\":{\"@type\":\"EntryPoint\",\"urlTemplate\":\"https:\/\/ship-tracker.org\/?s={search_term_string}\"},\"query-input\":{\"@type\":\"PropertyValueSpecification\",\"valueRequired\":true,\"valueName\":\"search_term_string\"}}],\"inLanguage\":\"pt-PT\"}]}<\/script>\n<!-- \/ Yoast SEO plugin. -->","yoast_head_json":{"title":"Orgulho da Borgonha \u2503 Localiza\u00e7\u00e3o atual e posi\u00e7\u00e3o de P&amp;O Ferries","description":"Orgulho da Borgonha \u2693 Localiza\u00e7\u00e3o atual e posi\u00e7\u00e3o do Orgulho da Borgonha \u2713 Rastreador de navio de cruzeiro \u2713 Rastreador de navio ao vivo \u2503P&amp;O Ferries","robots":{"index":"index","follow":"follow","max-snippet":"max-snippet:-1","max-image-preview":"max-image-preview:large","max-video-preview":"max-video-preview:-1"},"canonical":"https:\/\/ship-tracker.org\/pt\/pride-of-burgundy\/","og_locale":"pt_PT","og_type":"article","og_title":"Pride of Burgundy \u2503Current location and position of P&O Ferries","og_description":"Pride of Burgundy \u2693 Current location and position of Pride of Burgundy \u2713 Cruise Ship Tracker \u2713 Live Ship Tracker \u2503P&O Ferries","og_url":"https:\/\/ship-tracker.org\/pt\/pride-of-burgundy\/","og_site_name":"Ship-tracker.org","article_modified_time":"2022-10-27T14:23:10+00:00","og_image":[{"width":360,"height":250,"url":"https:\/\/ship-tracker.org\/wp-content\/uploads\/2020\/05\/po_irish_sea_european_causeway.jpg","type":"image\/jpeg"}],"twitter_card":"summary_large_image","twitter_misc":{"Tempo estimado de leitura":"1 minuto"},"schema":{"@context":"https:\/\/schema.org","@graph":[{"@type":"WebPage","@id":"https:\/\/ship-tracker.org\/pride-of-burgundy\/","url":"https:\/\/ship-tracker.org\/pride-of-burgundy\/","name":"Orgulho da Borgonha \u2503 Localiza\u00e7\u00e3o atual e posi\u00e7\u00e3o de P&amp;O Ferries","isPartOf":{"@id":"https:\/\/ship-tracker.org\/#website"},"primaryImageOfPage":{"@id":"https:\/\/ship-tracker.org\/pride-of-burgundy\/#primaryimage"},"image":{"@id":"https:\/\/ship-tracker.org\/pride-of-burgundy\/#primaryimage"},"thumbnailUrl":"https:\/\/ship-tracker.org\/wp-content\/uploads\/2020\/05\/po_irish_sea_european_causeway.jpg","datePublished":"2020-05-12T18:11:49+00:00","dateModified":"2022-10-27T14:23:10+00:00","description":"Orgulho da Borgonha \u2693 Localiza\u00e7\u00e3o atual e posi\u00e7\u00e3o do Orgulho da Borgonha \u2713 Rastreador de navio de cruzeiro \u2713 Rastreador de navio ao vivo \u2503P&amp;O Ferries","breadcrumb":{"@id":"https:\/\/ship-tracker.org\/pride-of-burgundy\/#breadcrumb"},"inLanguage":"pt-PT","potentialAction":[{"@type":"ReadAction","target":["https:\/\/ship-tracker.org\/pride-of-burgundy\/"]}]},{"@type":"ImageObject","inLanguage":"pt-PT","@id":"https:\/\/ship-tracker.org\/pride-of-burgundy\/#primaryimage","url":"https:\/\/ship-tracker.org\/wp-content\/uploads\/2020\/05\/po_irish_sea_european_causeway.jpg","contentUrl":"https:\/\/ship-tracker.org\/wp-content\/uploads\/2020\/05\/po_irish_sea_european_causeway.jpg","width":360,"height":250,"caption":"Pride of Burgundy"},{"@type":"BreadcrumbList","@id":"https:\/\/ship-tracker.org\/pride-of-burgundy\/#breadcrumb","itemListElement":[{"@type":"ListItem","position":1,"name":"Startseite","item":"https:\/\/ship-tracker.org\/"},{"@type":"ListItem","position":2,"name":"Pride of Burgundy"}]},{"@type":"WebSite","@id":"https:\/\/ship-tracker.org\/#website","url":"https:\/\/ship-tracker.org\/","name":"Ship-tracker.org","description":"","potentialAction":[{"@type":"SearchAction","target":{"@type":"EntryPoint","urlTemplate":"https:\/\/ship-tracker.org\/?s={search_term_string}"},"query-input":{"@type":"PropertyValueSpecification","valueRequired":true,"valueName":"search_term_string"}}],"inLanguage":"pt-PT"}]}},"_links":{"self":[{"href":"https:\/\/ship-tracker.org\/pt\/wp-json\/wp\/v2\/pages\/3061","targetHints":{"allow":["GET"]}}],"collection":[{"href":"https:\/\/ship-tracker.org\/pt\/wp-json\/wp\/v2\/pages"}],"about":[{"href":"https:\/\/ship-tracker.org\/pt\/wp-json\/wp\/v2\/types\/page"}],"author":[{"embeddable":true,"href":"https:\/\/ship-tracker.org\/pt\/wp-json\/wp\/v2\/users\/1"}],"replies":[{"embeddable":true,"href":"https:\/\/ship-tracker.org\/pt\/wp-json\/wp\/v2\/comments?post=3061"}],"version-history":[{"count":6,"href":"https:\/\/ship-tracker.org\/pt\/wp-json\/wp\/v2\/pages\/3061\/revisions"}],"predecessor-version":[{"id":3099,"href":"https:\/\/ship-tracker.org\/pt\/wp-json\/wp\/v2\/pages\/3061\/revisions\/3099"}],"wp:featuredmedia":[{"embeddable":true,"href":"https:\/\/ship-tracker.org\/pt\/wp-json\/wp\/v2\/media\/3031"}],"wp:attachment":[{"href":"https:\/\/ship-tracker.org\/pt\/wp-json\/wp\/v2\/media?parent=3061"}],"curies":[{"name":"wp","href":"https:\/\/api.w.org\/{rel}","templated":true}]}}