{"id":2991,"date":"2020-05-12T17:16:37","date_gmt":"2020-05-12T15:16:37","guid":{"rendered":"https:\/\/ship-tracker.org\/?page_id=2991"},"modified":"2022-10-27T16:37:06","modified_gmt":"2022-10-27T14:37:06","slug":"color-line","status":"publish","type":"page","link":"https:\/\/ship-tracker.org\/pt\/color-line\/","title":{"rendered":"Color Line"},"content":{"rendered":"<h2>Navios de localiza\u00e7\u00e3o de frota da linha de cores, n\u00fameros IMO e MMSI<\/h2>\n<p><iframe id=\"dealFinder\" style=\"z-index: 1;\" src=\"https:\/\/wiz.directferries.com\/partners\/deal_finder_iframe.aspx?stdc=F4925&amp;cult=en-GB&amp;btn=47a347&amp;btnh=168b16&amp;btnt=FFFFFF&amp;tclr=000001&amp;lclr=000001&amp;lbld=400&amp;pclr=64b6e6&amp;sclr=64b6e6&amp;targ=0\" height=\"285\" frameborder=\"0\" marginwidth=\"0\" marginheight=\"0\" scrolling=\"no\"><\/iframe><br \/>\nOnde est\u00e1 atualmente a posi\u00e7\u00e3o atual da frota de balsas Color Line?<\/p>\n<table style=\"border-collapse: collapse; width: 100%; height: 192px;\">\n<tbody>\n<tr style=\"height: 24px;\">\n<td style=\"width: 457px; height: 24px;\"><span style=\"color: #1f405b;\"><strong>Navio<\/strong><\/span><\/td>\n<td style=\"width: 456px; height: 24px;\"><span style=\"color: #1f405b;\"><strong>IMO<\/strong><\/span><\/td>\n<td style=\"width: 456px; height: 24px;\"><span style=\"color: #1f405b;\"><strong>MMSI<\/strong><\/span><\/td>\n<\/tr>\n<tr style=\"height: 24px;\">\n<td style=\"width: 457px; height: 24px;\"><a href=\"https:\/\/ship-tracker.org\/pt\/color-fantasy\/\">Color Fantasy<\/a><\/td>\n<td style=\"width: 456px; height: 24px;\">9278234<\/td>\n<td style=\"width: 456px; height: 24px;\">257182000<\/td>\n<\/tr>\n<tr style=\"height: 24px;\">\n<td style=\"width: 457px; height: 24px;\"><a href=\"https:\/\/ship-tracker.org\/pt\/color-magic\/\">Color Magic<\/a><\/td>\n<td style=\"width: 456px; height: 24px;\">9349863<\/td>\n<td style=\"width: 456px; height: 24px;\">259222000<\/td>\n<\/tr>\n<tr style=\"height: 24px;\">\n<td style=\"width: 457px; height: 24px;\"><a href=\"https:\/\/ship-tracker.org\/pt\/superspeed-1\/\">SuperSpeed 1<\/a><\/td>\n<td style=\"width: 456px; height: 24px;\">9374519<\/td>\n<td style=\"width: 456px; height: 24px;\">259490000<\/td>\n<\/tr>\n<tr style=\"height: 24px;\">\n<td style=\"width: 457px; height: 24px;\"><a href=\"https:\/\/ship-tracker.org\/pt\/superspeed-2\/\">SuperSpeed 2<\/a><\/td>\n<td style=\"width: 456px; height: 24px;\">9378682<\/td>\n<td style=\"width: 456px; height: 24px;\">258092000<\/td>\n<\/tr>\n<tr style=\"height: 24px;\">\n<td style=\"width: 457px; height: 24px;\"><a href=\"https:\/\/ship-tracker.org\/pt\/color-viking\/\">Color Viking<\/a><\/td>\n<td style=\"width: 456px; height: 24px;\">8317942<\/td>\n<td style=\"width: 456px; height: 24px;\">259278000<\/td>\n<\/tr>\n<tr style=\"height: 24px;\">\n<td style=\"width: 457px; height: 24px;\"><a href=\"https:\/\/ship-tracker.org\/pt\/color-carrier\/\">Color Carrier<\/a><\/td>\n<td style=\"width: 456px; height: 24px;\">9132002<\/td>\n<td style=\"width: 456px; height: 24px;\">257653000<\/td>\n<\/tr>\n<tr style=\"height: 24px;\">\n<td style=\"width: 457px; height: 24px;\"><a href=\"https:\/\/ship-tracker.org\/pt\/color-hybrit\/\">Color Hybrit<\/a><\/td>\n<td style=\"width: 456px; height: 24px;\">9824289<\/td>\n<td style=\"width: 456px; height: 24px;\">257465000<\/td>\n<\/tr>\n<\/tbody>\n<\/table>\n<h2>Sobre a linha de cores<\/h2>\n<p>A Color Line \u00e9 uma companhia de balsas norueguesa que opera em quatro rotas com seis navios. A rota mais famosa \u00e9 a rota de Kiel para Oslo e volta com o Color Magic e o Color Fantasy, que mais parecem um navio de cruzeiro do que uma balsa. Existem espet\u00e1culos de teatro sofisticados, um parque aqu\u00e1tico e uma espa\u00e7osa \u00e1rea de spa e bem-estar para relaxar. H\u00e1 tamb\u00e9m um grande passeio a bordo com v\u00e1rias lojas e restaurantes.<\/p>\n<p>As outras quatro balsas da Color Line operam nas rotas de Sandefjord e Str\u00f6mstad (Color Viking \/ Color Bohus) e na rota entre Hirthals e Kristiansand e Hirthals e Larvik (Super Speed I e Super Speed II). A partir de junho de 2019, uma nova balsa h\u00edbrida ser\u00e1 colocada em servi\u00e7o para a rota Sandefjord e Str\u00f6mstad. A bordo dessas balsas puras, ser\u00e3o oferecidas viagens de incentivo e confer\u00eancias para o setor privado.<\/p>","protected":false},"excerpt":{"rendered":"<p>Localiza\u00e7\u00e3o da frota da Color Line Navios, n\u00fameros IMO e MMSI Onde est\u00e1 a posi\u00e7\u00e3o atual da frota de ferry da Color Line atualmente? Navio IMO MMSI Color Fantasy 9278234 257182000 Color Magic 9349863 259222000 SuperSpeed 1 9374519 259490000 SuperSpeed 2 9378682 258092000 Color Viking 8317942 259278000 Color Carrier 913200 2 257653000 Color Hybrit 9824289 257465000 Sobre Color Line Color\u2026&nbsp;<a href=\"https:\/\/ship-tracker.org\/pt\/color-line\/\" rel=\"bookmark\">Ler mais \u00bb<span class=\"screen-reader-text\">Color Line<\/span><\/a><\/p>","protected":false},"author":1,"featured_media":2993,"parent":0,"menu_order":0,"comment_status":"closed","ping_status":"closed","template":"","meta":{"neve_meta_sidebar":"","neve_meta_container":"","neve_meta_enable_content_width":"","neve_meta_content_width":0,"neve_meta_title_alignment":"","neve_meta_author_avatar":"","neve_post_elements_order":"","neve_meta_disable_header":"","neve_meta_disable_footer":"","neve_meta_disable_title":"","neve_meta_reading_time":"","footnotes":""},"class_list":["post-2991","page","type-page","status-publish","has-post-thumbnail","hentry"],"yoast_head":"<!-- This site is optimized with the Yoast SEO plugin v27.4 - https:\/\/yoast.com\/product\/yoast-seo-wordpress\/ -->\n<title>Track Color Line Fleet | Cruise Ships | Marine Vessel<\/title>\n<meta name=\"description\" content=\"Color Line Fleet Location | Current Positions of Color Line ferry Ships, IMO numbers, MMSI, Webcam | Live Fleet Maps | Ship Tracker\" \/>\n<meta name=\"robots\" content=\"index, follow, max-snippet:-1, max-image-preview:large, max-video-preview:-1\" \/>\n<link rel=\"canonical\" href=\"https:\/\/ship-tracker.org\/pt\/color-line\/\" \/>\n<meta property=\"og:locale\" content=\"pt_PT\" \/>\n<meta property=\"og:type\" content=\"article\" \/>\n<meta property=\"og:title\" content=\"Track Color Line Fleet | Cruise Ships | Marine Vessel\" \/>\n<meta property=\"og:description\" content=\"Color Line Fleet Location | Current Positions of Color Line ferry Ships, IMO numbers, MMSI, Webcam | Live Fleet Maps | Ship Tracker\" \/>\n<meta property=\"og:url\" content=\"https:\/\/ship-tracker.org\/pt\/color-line\/\" \/>\n<meta property=\"og:site_name\" content=\"Ship-tracker.org\" \/>\n<meta property=\"article:modified_time\" content=\"2022-10-27T14:37:06+00:00\" \/>\n<meta property=\"og:image\" content=\"https:\/\/ship-tracker.org\/wp-content\/uploads\/2020\/05\/Logo-4eck_COLO.jpg\" \/>\n\t<meta property=\"og:image:width\" content=\"800\" \/>\n\t<meta property=\"og:image:height\" content=\"800\" \/>\n\t<meta property=\"og:image:type\" content=\"image\/jpeg\" \/>\n<meta name=\"twitter:card\" content=\"summary_large_image\" \/>\n<meta name=\"twitter:label1\" content=\"Tempo estimado de leitura\" \/>\n\t<meta name=\"twitter:data1\" content=\"1 minuto\" \/>\n<script type=\"application\/ld+json\" class=\"yoast-schema-graph\">{\"@context\":\"https:\\\/\\\/schema.org\",\"@graph\":[{\"@type\":\"WebPage\",\"@id\":\"https:\\\/\\\/ship-tracker.org\\\/color-line\\\/\",\"url\":\"https:\\\/\\\/ship-tracker.org\\\/color-line\\\/\",\"name\":\"Track Color Line Fleet | Cruise Ships | Marine Vessel\",\"isPartOf\":{\"@id\":\"https:\\\/\\\/ship-tracker.org\\\/#website\"},\"primaryImageOfPage\":{\"@id\":\"https:\\\/\\\/ship-tracker.org\\\/color-line\\\/#primaryimage\"},\"image\":{\"@id\":\"https:\\\/\\\/ship-tracker.org\\\/color-line\\\/#primaryimage\"},\"thumbnailUrl\":\"https:\\\/\\\/ship-tracker.org\\\/wp-content\\\/uploads\\\/2020\\\/05\\\/Logo-4eck_COLO.jpg\",\"datePublished\":\"2020-05-12T15:16:37+00:00\",\"dateModified\":\"2022-10-27T14:37:06+00:00\",\"description\":\"Color Line Fleet Location | Current Positions of Color Line ferry Ships, IMO numbers, MMSI, Webcam | Live Fleet Maps | Ship Tracker\",\"breadcrumb\":{\"@id\":\"https:\\\/\\\/ship-tracker.org\\\/color-line\\\/#breadcrumb\"},\"inLanguage\":\"pt-PT\",\"potentialAction\":[{\"@type\":\"ReadAction\",\"target\":[\"https:\\\/\\\/ship-tracker.org\\\/color-line\\\/\"]}]},{\"@type\":\"ImageObject\",\"inLanguage\":\"pt-PT\",\"@id\":\"https:\\\/\\\/ship-tracker.org\\\/color-line\\\/#primaryimage\",\"url\":\"https:\\\/\\\/ship-tracker.org\\\/wp-content\\\/uploads\\\/2020\\\/05\\\/Logo-4eck_COLO.jpg\",\"contentUrl\":\"https:\\\/\\\/ship-tracker.org\\\/wp-content\\\/uploads\\\/2020\\\/05\\\/Logo-4eck_COLO.jpg\",\"width\":800,\"height\":800,\"caption\":\"Color Line\"},{\"@type\":\"BreadcrumbList\",\"@id\":\"https:\\\/\\\/ship-tracker.org\\\/color-line\\\/#breadcrumb\",\"itemListElement\":[{\"@type\":\"ListItem\",\"position\":1,\"name\":\"Startseite\",\"item\":\"https:\\\/\\\/ship-tracker.org\\\/\"},{\"@type\":\"ListItem\",\"position\":2,\"name\":\"Color Line\"}]},{\"@type\":\"WebSite\",\"@id\":\"https:\\\/\\\/ship-tracker.org\\\/#website\",\"url\":\"https:\\\/\\\/ship-tracker.org\\\/\",\"name\":\"Ship-tracker.org\",\"description\":\"\",\"potentialAction\":[{\"@type\":\"SearchAction\",\"target\":{\"@type\":\"EntryPoint\",\"urlTemplate\":\"https:\\\/\\\/ship-tracker.org\\\/?s={search_term_string}\"},\"query-input\":{\"@type\":\"PropertyValueSpecification\",\"valueRequired\":true,\"valueName\":\"search_term_string\"}}],\"inLanguage\":\"pt-PT\"}]}<\/script>\n<!-- \/ Yoast SEO plugin. -->","yoast_head_json":{"title":"Faixa Color Line Frota | Navios de Cruzeiro | Embarca\u00e7\u00e3o Mar\u00edtima","description":"Color Line Localiza\u00e7\u00e3o da Frota | Posi\u00e7\u00f5es atuais de navios de balsa Color Line, n\u00fameros IMO, MMSI, webcam | Mapas de frota ao vivo | Rastreador de navios","robots":{"index":"index","follow":"follow","max-snippet":"max-snippet:-1","max-image-preview":"max-image-preview:large","max-video-preview":"max-video-preview:-1"},"canonical":"https:\/\/ship-tracker.org\/pt\/color-line\/","og_locale":"pt_PT","og_type":"article","og_title":"Track Color Line Fleet | Cruise Ships | Marine Vessel","og_description":"Color Line Fleet Location | Current Positions of Color Line ferry Ships, IMO numbers, MMSI, Webcam | Live Fleet Maps | Ship Tracker","og_url":"https:\/\/ship-tracker.org\/pt\/color-line\/","og_site_name":"Ship-tracker.org","article_modified_time":"2022-10-27T14:37:06+00:00","og_image":[{"width":800,"height":800,"url":"https:\/\/ship-tracker.org\/wp-content\/uploads\/2020\/05\/Logo-4eck_COLO.jpg","type":"image\/jpeg"}],"twitter_card":"summary_large_image","twitter_misc":{"Tempo estimado de leitura":"1 minuto"},"schema":{"@context":"https:\/\/schema.org","@graph":[{"@type":"WebPage","@id":"https:\/\/ship-tracker.org\/color-line\/","url":"https:\/\/ship-tracker.org\/color-line\/","name":"Faixa Color Line Frota | Navios de Cruzeiro | Embarca\u00e7\u00e3o Mar\u00edtima","isPartOf":{"@id":"https:\/\/ship-tracker.org\/#website"},"primaryImageOfPage":{"@id":"https:\/\/ship-tracker.org\/color-line\/#primaryimage"},"image":{"@id":"https:\/\/ship-tracker.org\/color-line\/#primaryimage"},"thumbnailUrl":"https:\/\/ship-tracker.org\/wp-content\/uploads\/2020\/05\/Logo-4eck_COLO.jpg","datePublished":"2020-05-12T15:16:37+00:00","dateModified":"2022-10-27T14:37:06+00:00","description":"Color Line Localiza\u00e7\u00e3o da Frota | Posi\u00e7\u00f5es atuais de navios de balsa Color Line, n\u00fameros IMO, MMSI, webcam | Mapas de frota ao vivo | Rastreador de navios","breadcrumb":{"@id":"https:\/\/ship-tracker.org\/color-line\/#breadcrumb"},"inLanguage":"pt-PT","potentialAction":[{"@type":"ReadAction","target":["https:\/\/ship-tracker.org\/color-line\/"]}]},{"@type":"ImageObject","inLanguage":"pt-PT","@id":"https:\/\/ship-tracker.org\/color-line\/#primaryimage","url":"https:\/\/ship-tracker.org\/wp-content\/uploads\/2020\/05\/Logo-4eck_COLO.jpg","contentUrl":"https:\/\/ship-tracker.org\/wp-content\/uploads\/2020\/05\/Logo-4eck_COLO.jpg","width":800,"height":800,"caption":"Color Line"},{"@type":"BreadcrumbList","@id":"https:\/\/ship-tracker.org\/color-line\/#breadcrumb","itemListElement":[{"@type":"ListItem","position":1,"name":"Startseite","item":"https:\/\/ship-tracker.org\/"},{"@type":"ListItem","position":2,"name":"Color Line"}]},{"@type":"WebSite","@id":"https:\/\/ship-tracker.org\/#website","url":"https:\/\/ship-tracker.org\/","name":"Ship-tracker.org","description":"","potentialAction":[{"@type":"SearchAction","target":{"@type":"EntryPoint","urlTemplate":"https:\/\/ship-tracker.org\/?s={search_term_string}"},"query-input":{"@type":"PropertyValueSpecification","valueRequired":true,"valueName":"search_term_string"}}],"inLanguage":"pt-PT"}]}},"_links":{"self":[{"href":"https:\/\/ship-tracker.org\/pt\/wp-json\/wp\/v2\/pages\/2991","targetHints":{"allow":["GET"]}}],"collection":[{"href":"https:\/\/ship-tracker.org\/pt\/wp-json\/wp\/v2\/pages"}],"about":[{"href":"https:\/\/ship-tracker.org\/pt\/wp-json\/wp\/v2\/types\/page"}],"author":[{"embeddable":true,"href":"https:\/\/ship-tracker.org\/pt\/wp-json\/wp\/v2\/users\/1"}],"replies":[{"embeddable":true,"href":"https:\/\/ship-tracker.org\/pt\/wp-json\/wp\/v2\/comments?post=2991"}],"version-history":[{"count":7,"href":"https:\/\/ship-tracker.org\/pt\/wp-json\/wp\/v2\/pages\/2991\/revisions"}],"predecessor-version":[{"id":3502,"href":"https:\/\/ship-tracker.org\/pt\/wp-json\/wp\/v2\/pages\/2991\/revisions\/3502"}],"wp:featuredmedia":[{"embeddable":true,"href":"https:\/\/ship-tracker.org\/pt\/wp-json\/wp\/v2\/media\/2993"}],"wp:attachment":[{"href":"https:\/\/ship-tracker.org\/pt\/wp-json\/wp\/v2\/media?parent=2991"}],"curies":[{"name":"wp","href":"https:\/\/api.w.org\/{rel}","templated":true}]}}