{"id":2788,"date":"2020-05-10T13:50:20","date_gmt":"2020-05-10T11:50:20","guid":{"rendered":"https:\/\/ship-tracker.org\/?page_id=2788"},"modified":"2022-10-27T15:44:34","modified_gmt":"2022-10-27T13:44:34","slug":"superstar-libra","status":"publish","type":"page","link":"https:\/\/ship-tracker.org\/pt\/superstar-libra\/","title":{"rendered":"SuperStar Libra"},"content":{"rendered":"<p><script async src=\"https:\/\/pagead2.googlesyndication.com\/pagead\/js\/adsbygoogle.js\"><span data-mce-type=\"bookmark\" style=\"display: inline-block; width: 0px; overflow: hidden; line-height: 0;\" class=\"mce_SELRES_start\">\ufeff<\/span><\/script><br \/>\n<!-- Ship-Tracker Display --><br \/>\n<ins class=\"adsbygoogle\" style=\"display: block;\" data-ad-client=\"ca-pub-1316785063791781\" data-ad-slot=\"8075999632\" data-ad-format=\"auto\" data-full-width-responsive=\"true\"><\/ins><br \/>\n<script>\n     (adsbygoogle = window.adsbygoogle || []).push({});\n<\/script><\/p>\n<h2><span style=\"color: #000000;\">Localiza\u00e7\u00e3o atual e <\/span><span style=\"color: #000000;\">posi\u00e7\u00e3o do SuperStar Libra<\/span><\/h2>\n<p>Onde est\u00e1 a posi\u00e7\u00e3o atual do SuperStar Libra atualmente?<br \/>\n<script async src=\"https:\/\/pagead2.googlesyndication.com\/pagead\/js\/adsbygoogle.js\"><\/script><br \/>\n<!-- Schip-Tracker Linkanzeigen --><br \/>\n<ins class=\"adsbygoogle\" style=\"display: block;\" data-ad-client=\"ca-pub-1316785063791781\" data-ad-slot=\"3429004156\" data-ad-format=\"link\" data-full-width-responsive=\"true\"><\/ins><br \/>\n<script>\n     (adsbygoogle = window.adsbygoogle || []).push({});\n<\/script><br \/>\n<script type=\"text\/javascript\">\n  var width=\"100%\";var height=\"400\";\n  var mmsi=308188000;\n<\/script><script type=\"text\/javascript\" src=\"https:\/\/www.vesselfinder.com\/aismap.js\"><\/script><br \/>\n<script async src=\"https:\/\/pagead2.googlesyndication.com\/pagead\/js\/adsbygoogle.js\"><\/script><br \/>\n<!-- Ship-Tracker Display --><br \/>\n<ins class=\"adsbygoogle\" style=\"display: block;\" data-ad-client=\"ca-pub-1316785063791781\" data-ad-slot=\"8075999632\" data-ad-format=\"auto\" data-full-width-responsive=\"true\"><\/ins><br \/>\n<script>\n     (adsbygoogle = window.adsbygoogle || []).push({});\n<\/script><\/p>\n<p>Veja a localiza\u00e7\u00e3o atual do SuperStar Libra. A posi\u00e7\u00e3o do SuperStar Libra pode ser determinada com precis\u00e3o pelos mapas do VesselFinder e do MarineTraffic. Assim, voc\u00ea est\u00e1 sempre bem informado sobre onde est\u00e1 seu navio favorito atualmente.<\/p>\n<h2 class=\"title\"><span style=\"color: #000000;\">Revis\u00e3o e especifica\u00e7\u00f5es do SuperStar Libra<\/span><\/h2>\n<table style=\"height: 294px;\" width=\"400\">\n<tbody>\n<tr>\n<td style=\"width: 192px;\"><span style=\"color: #000000;\"><strong>Estado da bandeira<\/strong><\/span><\/td>\n<td style=\"width: 192px;\"><span style=\"color: #000000;\">Bahamas<\/span><\/td>\n<\/tr>\n<tr>\n<td style=\"width: 192px;\"><span style=\"color: #000000;\"><strong>Ano de constru\u00e7\u00e3o<\/strong><\/span><\/td>\n<td style=\"width: 192px;\"><span style=\"color: #000000;\">1988 \u00a0<\/span><\/td>\n<\/tr>\n<tr>\n<td style=\"width: 192px;\"><span style=\"color: #000000;\"><strong>Construtor<\/strong><\/span><\/td>\n<td style=\"width: 192px;\"><span style=\"color: #000000;\">Wartsila Marine<\/span><\/td>\n<\/tr>\n<tr>\n<td style=\"width: 192px;\"><span style=\"color: #000000;\"><strong>comprimento<\/strong><\/span><\/td>\n<td style=\"width: 192px;\"><span style=\"color: #000000;\"><span class=\"specificationUnit\">216 m<\/span><\/span><\/td>\n<\/tr>\n<tr>\n<td style=\"width: 192px;\"><span style=\"color: #000000;\"><strong>Feixe<\/strong><\/span><\/td>\n<td style=\"width: 192px;\"><span style=\"color: #000000;\"><span class=\"specificationUnit\">28 m<\/span><\/span><\/td>\n<\/tr>\n<tr>\n<td style=\"width: 192px;\"><span style=\"color: #000000;\"><strong>Tonelagem Bruta<\/strong><\/span><\/td>\n<td style=\"width: 192px;\"><span style=\"color: #000000;\"><span class=\"specificationUnit\">42285 gt<\/span><\/span><\/td>\n<\/tr>\n<tr>\n<td style=\"width: 192px;\"><span style=\"color: #000000;\"><strong>Passageiros<\/strong><\/span><\/td>\n<td style=\"width: 192px;\"><span style=\"color: #000000;\">1500<\/span><\/td>\n<\/tr>\n<tr>\n<td style=\"width: 192px;\"><span style=\"color: #000000;\"><strong>Equipe t\u00e9cnica<\/strong><\/span><\/td>\n<td style=\"width: 192px;\"><span style=\"color: #000000;\">740<\/span><\/td>\n<\/tr>\n<tr>\n<td style=\"width: 192px;\"><span style=\"color: #000000;\"><strong>Decks<\/strong>\u00a0<\/span><\/td>\n<td style=\"width: 192px;\"><span style=\"color: #000000;\">10<\/span><\/td>\n<\/tr>\n<tr>\n<td style=\"width: 192px;\"><span style=\"color: #000000;\"><strong>Rapidez<\/strong><\/span><\/td>\n<td style=\"width: 192px;\"><span style=\"color: #000000;\"><span class=\"specificationUnit\">20 kn<\/span><\/span><\/td>\n<\/tr>\n<tr>\n<td style=\"width: 192px;\"><span style=\"color: #000000;\"><strong><b>Propriet\u00e1rio<\/b><\/strong><\/span><\/td>\n<td style=\"width: 192px;\"><a href=\"https:\/\/ship-tracker.org\/pt\/star-cruises\/\"><span style=\"color: #000000;\">Star Cruises<\/span><\/a><\/td>\n<\/tr>\n<\/tbody>\n<\/table>\n<p>&nbsp;<\/p>\n<h3 class=\"title\">Frota da Star Cruises<\/h3>\n<ul>\n<li><a href=\"https:\/\/ship-tracker.org\/pt\/superstar-aquarius\/\">SuperStar Aquarius<\/a><\/li>\n<li><a href=\"https:\/\/ship-tracker.org\/pt\/superstar-gemini\/\">SuperStar Gemini<\/a><\/li>\n<li><a href=\"https:\/\/ship-tracker.org\/pt\/star-pisces\/\">Star Pisces<\/a><\/li>\n<\/ul>\n<p><script async src=\"https:\/\/pagead2.googlesyndication.com\/pagead\/js\/adsbygoogle.js\"><\/script><br \/>\n<!-- Schip-Tracker Linkanzeigen --><br \/>\n<ins class=\"adsbygoogle\" style=\"display: block;\" data-ad-client=\"ca-pub-1316785063791781\" data-ad-slot=\"3429004156\" data-ad-format=\"link\" data-full-width-responsive=\"true\"><\/ins><br \/>\n<script>\n     (adsbygoogle = window.adsbygoogle || []).push({});\n<\/script><\/p>\n<h4><span style=\"color: #000000;\">V\u00eddeo SuperStar Libra<\/span><\/h4>\n<div class=\"su-youtube su-u-responsive-media-yes\"><iframe loading=\"lazy\" width=\"600\" height=\"400\" src=\"https:\/\/www.youtube.com\/embed\/3rFfpW4o9gc?\" frameborder=\"0\" allowfullscreen allow=\"autoplay; encrypted-media; picture-in-picture\" title=\"\"><\/iframe><\/div>","protected":false},"excerpt":{"rendered":"<p>Localiza\u00e7\u00e3o atual e posi\u00e7\u00e3o do SuperStar Libra. Onde est\u00e1 a posi\u00e7\u00e3o atual do SuperStar Libra? Veja a localiza\u00e7\u00e3o atual do SuperStar Libra. A posi\u00e7\u00e3o do SuperStar Libra pode ser determinada com precis\u00e3o pelos mapas do VesselFinder e do MarineTraffic. Assim, voc\u00ea estar\u00e1 sempre bem informado sobre onde seu navio favorito est\u00e1 atualmente. An\u00e1lise e especifica\u00e7\u00f5es do SuperStar Libra. Bandeira\u2026&nbsp;<a href=\"https:\/\/ship-tracker.org\/pt\/superstar-libra\/\" rel=\"bookmark\">Ler mais \u00bb<span class=\"screen-reader-text\">SuperStar Libra<\/span><\/a><\/p>","protected":false},"author":1,"featured_media":746,"parent":0,"menu_order":0,"comment_status":"closed","ping_status":"closed","template":"","meta":{"neve_meta_sidebar":"","neve_meta_container":"","neve_meta_enable_content_width":"","neve_meta_content_width":0,"neve_meta_title_alignment":"","neve_meta_author_avatar":"","neve_post_elements_order":"","neve_meta_disable_header":"","neve_meta_disable_footer":"","neve_meta_disable_title":"","neve_meta_reading_time":"","footnotes":""},"class_list":["post-2788","page","type-page","status-publish","has-post-thumbnail","hentry"],"yoast_head":"<!-- This site is optimized with the Yoast SEO plugin v26.9 - https:\/\/yoast.com\/product\/yoast-seo-wordpress\/ -->\n<title>SuperStar Libra\u2503Current location and position of Star Cruises<\/title>\n<meta name=\"description\" content=\"SuperStar Libra \u2693 Current location and position of SuperStar Libra \u2713 Cruise Ship Tracker \u2713 Live Ship Tracker \u2503Star Cruises\" \/>\n<meta name=\"robots\" content=\"index, follow, max-snippet:-1, max-image-preview:large, max-video-preview:-1\" \/>\n<link rel=\"canonical\" href=\"https:\/\/ship-tracker.org\/pt\/superstar-libra\/\" \/>\n<meta property=\"og:locale\" content=\"pt_PT\" \/>\n<meta property=\"og:type\" content=\"article\" \/>\n<meta property=\"og:title\" content=\"SuperStar Libra\u2503Current location and position of Star Cruises\" \/>\n<meta property=\"og:description\" content=\"SuperStar Libra \u2693 Current location and position of SuperStar Libra \u2713 Cruise Ship Tracker \u2713 Live Ship Tracker \u2503Star Cruises\" \/>\n<meta property=\"og:url\" content=\"https:\/\/ship-tracker.org\/pt\/superstar-libra\/\" \/>\n<meta property=\"og:site_name\" content=\"Ship-tracker.org\" \/>\n<meta property=\"article:modified_time\" content=\"2022-10-27T13:44:34+00:00\" \/>\n<meta property=\"og:image\" content=\"https:\/\/ship-tracker.org\/wp-content\/uploads\/2019\/03\/cruise-ship-615116_640-1.jpg\" \/>\n\t<meta property=\"og:image:width\" content=\"640\" \/>\n\t<meta property=\"og:image:height\" content=\"357\" \/>\n\t<meta property=\"og:image:type\" content=\"image\/jpeg\" \/>\n<meta name=\"twitter:card\" content=\"summary_large_image\" \/>\n<meta name=\"twitter:label1\" content=\"Tempo estimado de leitura\" \/>\n\t<meta name=\"twitter:data1\" content=\"1 minuto\" \/>\n<script type=\"application\/ld+json\" class=\"yoast-schema-graph\">{\"@context\":\"https:\/\/schema.org\",\"@graph\":[{\"@type\":\"WebPage\",\"@id\":\"https:\/\/ship-tracker.org\/superstar-libra\/\",\"url\":\"https:\/\/ship-tracker.org\/superstar-libra\/\",\"name\":\"SuperStar Libra\u2503Current location and position of Star Cruises\",\"isPartOf\":{\"@id\":\"https:\/\/ship-tracker.org\/#website\"},\"primaryImageOfPage\":{\"@id\":\"https:\/\/ship-tracker.org\/superstar-libra\/#primaryimage\"},\"image\":{\"@id\":\"https:\/\/ship-tracker.org\/superstar-libra\/#primaryimage\"},\"thumbnailUrl\":\"https:\/\/ship-tracker.org\/wp-content\/uploads\/2019\/03\/cruise-ship-615116_640-1.jpg\",\"datePublished\":\"2020-05-10T11:50:20+00:00\",\"dateModified\":\"2022-10-27T13:44:34+00:00\",\"description\":\"SuperStar Libra \u2693 Current location and position of SuperStar Libra \u2713 Cruise Ship Tracker \u2713 Live Ship Tracker \u2503Star Cruises\",\"breadcrumb\":{\"@id\":\"https:\/\/ship-tracker.org\/superstar-libra\/#breadcrumb\"},\"inLanguage\":\"pt-PT\",\"potentialAction\":[{\"@type\":\"ReadAction\",\"target\":[\"https:\/\/ship-tracker.org\/superstar-libra\/\"]}]},{\"@type\":\"ImageObject\",\"inLanguage\":\"pt-PT\",\"@id\":\"https:\/\/ship-tracker.org\/superstar-libra\/#primaryimage\",\"url\":\"https:\/\/ship-tracker.org\/wp-content\/uploads\/2019\/03\/cruise-ship-615116_640-1.jpg\",\"contentUrl\":\"https:\/\/ship-tracker.org\/wp-content\/uploads\/2019\/03\/cruise-ship-615116_640-1.jpg\",\"width\":640,\"height\":357,\"caption\":\"EVER GIVEN\"},{\"@type\":\"BreadcrumbList\",\"@id\":\"https:\/\/ship-tracker.org\/superstar-libra\/#breadcrumb\",\"itemListElement\":[{\"@type\":\"ListItem\",\"position\":1,\"name\":\"Startseite\",\"item\":\"https:\/\/ship-tracker.org\/\"},{\"@type\":\"ListItem\",\"position\":2,\"name\":\"SuperStar Libra\"}]},{\"@type\":\"WebSite\",\"@id\":\"https:\/\/ship-tracker.org\/#website\",\"url\":\"https:\/\/ship-tracker.org\/\",\"name\":\"Ship-tracker.org\",\"description\":\"\",\"potentialAction\":[{\"@type\":\"SearchAction\",\"target\":{\"@type\":\"EntryPoint\",\"urlTemplate\":\"https:\/\/ship-tracker.org\/?s={search_term_string}\"},\"query-input\":{\"@type\":\"PropertyValueSpecification\",\"valueRequired\":true,\"valueName\":\"search_term_string\"}}],\"inLanguage\":\"pt-PT\"}]}<\/script>\n<!-- \/ Yoast SEO plugin. -->","yoast_head_json":{"title":"SuperStar Libra\u2503Localiza\u00e7\u00e3o atual e posi\u00e7\u00e3o dos Star Cruises","description":"SuperStar Libra \u2693 Localiza\u00e7\u00e3o atual e posi\u00e7\u00e3o do SuperStar Libra \u2713 Rastreador de navio de cruzeiro \u2713 Rastreador de navio ao vivo \u2503Star Cruises","robots":{"index":"index","follow":"follow","max-snippet":"max-snippet:-1","max-image-preview":"max-image-preview:large","max-video-preview":"max-video-preview:-1"},"canonical":"https:\/\/ship-tracker.org\/pt\/superstar-libra\/","og_locale":"pt_PT","og_type":"article","og_title":"SuperStar Libra\u2503Current location and position of Star Cruises","og_description":"SuperStar Libra \u2693 Current location and position of SuperStar Libra \u2713 Cruise Ship Tracker \u2713 Live Ship Tracker \u2503Star Cruises","og_url":"https:\/\/ship-tracker.org\/pt\/superstar-libra\/","og_site_name":"Ship-tracker.org","article_modified_time":"2022-10-27T13:44:34+00:00","og_image":[{"width":640,"height":357,"url":"https:\/\/ship-tracker.org\/wp-content\/uploads\/2019\/03\/cruise-ship-615116_640-1.jpg","type":"image\/jpeg"}],"twitter_card":"summary_large_image","twitter_misc":{"Tempo estimado de leitura":"1 minuto"},"schema":{"@context":"https:\/\/schema.org","@graph":[{"@type":"WebPage","@id":"https:\/\/ship-tracker.org\/superstar-libra\/","url":"https:\/\/ship-tracker.org\/superstar-libra\/","name":"SuperStar Libra\u2503Localiza\u00e7\u00e3o atual e posi\u00e7\u00e3o dos Star Cruises","isPartOf":{"@id":"https:\/\/ship-tracker.org\/#website"},"primaryImageOfPage":{"@id":"https:\/\/ship-tracker.org\/superstar-libra\/#primaryimage"},"image":{"@id":"https:\/\/ship-tracker.org\/superstar-libra\/#primaryimage"},"thumbnailUrl":"https:\/\/ship-tracker.org\/wp-content\/uploads\/2019\/03\/cruise-ship-615116_640-1.jpg","datePublished":"2020-05-10T11:50:20+00:00","dateModified":"2022-10-27T13:44:34+00:00","description":"SuperStar Libra \u2693 Localiza\u00e7\u00e3o atual e posi\u00e7\u00e3o do SuperStar Libra \u2713 Rastreador de navio de cruzeiro \u2713 Rastreador de navio ao vivo \u2503Star Cruises","breadcrumb":{"@id":"https:\/\/ship-tracker.org\/superstar-libra\/#breadcrumb"},"inLanguage":"pt-PT","potentialAction":[{"@type":"ReadAction","target":["https:\/\/ship-tracker.org\/superstar-libra\/"]}]},{"@type":"ImageObject","inLanguage":"pt-PT","@id":"https:\/\/ship-tracker.org\/superstar-libra\/#primaryimage","url":"https:\/\/ship-tracker.org\/wp-content\/uploads\/2019\/03\/cruise-ship-615116_640-1.jpg","contentUrl":"https:\/\/ship-tracker.org\/wp-content\/uploads\/2019\/03\/cruise-ship-615116_640-1.jpg","width":640,"height":357,"caption":"EVER GIVEN"},{"@type":"BreadcrumbList","@id":"https:\/\/ship-tracker.org\/superstar-libra\/#breadcrumb","itemListElement":[{"@type":"ListItem","position":1,"name":"Startseite","item":"https:\/\/ship-tracker.org\/"},{"@type":"ListItem","position":2,"name":"SuperStar Libra"}]},{"@type":"WebSite","@id":"https:\/\/ship-tracker.org\/#website","url":"https:\/\/ship-tracker.org\/","name":"Ship-tracker.org","description":"","potentialAction":[{"@type":"SearchAction","target":{"@type":"EntryPoint","urlTemplate":"https:\/\/ship-tracker.org\/?s={search_term_string}"},"query-input":{"@type":"PropertyValueSpecification","valueRequired":true,"valueName":"search_term_string"}}],"inLanguage":"pt-PT"}]}},"_links":{"self":[{"href":"https:\/\/ship-tracker.org\/pt\/wp-json\/wp\/v2\/pages\/2788","targetHints":{"allow":["GET"]}}],"collection":[{"href":"https:\/\/ship-tracker.org\/pt\/wp-json\/wp\/v2\/pages"}],"about":[{"href":"https:\/\/ship-tracker.org\/pt\/wp-json\/wp\/v2\/types\/page"}],"author":[{"embeddable":true,"href":"https:\/\/ship-tracker.org\/pt\/wp-json\/wp\/v2\/users\/1"}],"replies":[{"embeddable":true,"href":"https:\/\/ship-tracker.org\/pt\/wp-json\/wp\/v2\/comments?post=2788"}],"version-history":[{"count":4,"href":"https:\/\/ship-tracker.org\/pt\/wp-json\/wp\/v2\/pages\/2788\/revisions"}],"predecessor-version":[{"id":2834,"href":"https:\/\/ship-tracker.org\/pt\/wp-json\/wp\/v2\/pages\/2788\/revisions\/2834"}],"wp:featuredmedia":[{"embeddable":true,"href":"https:\/\/ship-tracker.org\/pt\/wp-json\/wp\/v2\/media\/746"}],"wp:attachment":[{"href":"https:\/\/ship-tracker.org\/pt\/wp-json\/wp\/v2\/media?parent=2788"}],"curies":[{"name":"wp","href":"https:\/\/api.w.org\/{rel}","templated":true}]}}