{"id":2675,"date":"2020-05-09T15:47:59","date_gmt":"2020-05-09T13:47:59","guid":{"rendered":"https:\/\/ship-tracker.org\/?page_id=2675"},"modified":"2022-11-03T12:22:00","modified_gmt":"2022-11-03T11:22:00","slug":"po-cruises","status":"publish","type":"page","link":"https:\/\/ship-tracker.org\/pt\/po-cruises\/","title":{"rendered":"P&amp;O Cruises"},"content":{"rendered":"<h2>Navios de localiza\u00e7\u00e3o de frota da P&amp;O Cruises, n\u00fameros IMO, MMSI, webcams<\/h2>\n<p>Onde est\u00e1 atualmente a posi\u00e7\u00e3o atual da P&amp;O Cruises Fleet?<\/p>\n<table>\n<tbody>\n<tr style=\"height: 24px;\">\n<td style=\"width: 457px; height: 24px;\"><span style=\"color: #1f405b;\"><strong>Navio<\/strong><\/span><\/td>\n<td style=\"width: 456px; height: 24px;\"><span style=\"color: #1f405b;\"><strong>IMO<\/strong><\/span><\/td>\n<td style=\"width: 456px; height: 24px;\"><span style=\"color: #1f405b;\"><strong>MMSI<\/strong><\/span><\/td>\n<\/tr>\n<tr>\n<td style=\"width: 457px;\"><a href=\"https:\/\/ship-tracker.org\/pt\/arvia\/\">Arvia<\/a><\/td>\n<td style=\"width: 456px;\">9849693<\/td>\n<td style=\"width: 456px;\">232040520<\/td>\n<\/tr>\n<tr style=\"height: 24px;\">\n<td style=\"width: 457px; height: 24px;\"><a href=\"https:\/\/ship-tracker.org\/pt\/iona\/\">Iona<\/a><\/td>\n<td style=\"width: 456px; height: 24px;\">9826548<\/td>\n<td style=\"width: 456px; height: 24px;\">232025845<\/td>\n<\/tr>\n<tr style=\"height: 24px;\">\n<td style=\"width: 457px; height: 24px;\"><a href=\"https:\/\/ship-tracker.org\/pt\/britannia\/\">Britannia<\/a><\/td>\n<td style=\"width: 456px; height: 24px;\">9614036<\/td>\n<td style=\"width: 456px; height: 24px;\">235106595<\/td>\n<\/tr>\n<tr style=\"height: 24px;\">\n<td style=\"width: 457px; height: 24px;\"><a href=\"https:\/\/ship-tracker.org\/pt\/azura\/\">Azura<\/a><\/td>\n<td style=\"width: 456px; height: 24px;\">9424883<\/td>\n<td style=\"width: 456px; height: 24px;\">310610000<\/td>\n<\/tr>\n<tr style=\"height: 24px;\">\n<td style=\"width: 457px; height: 24px;\"><a href=\"https:\/\/ship-tracker.org\/pt\/ventura\/\">Ventura<\/a><\/td>\n<td style=\"width: 456px; height: 24px;\">9333175<\/td>\n<td style=\"width: 456px; height: 24px;\">310562000<\/td>\n<\/tr>\n<tr style=\"height: 24px;\">\n<td style=\"width: 457px; height: 24px;\"><a href=\"https:\/\/ship-tracker.org\/pt\/arcadia\/\">Arcadia<\/a><\/td>\n<td style=\"width: 456px; height: 24px;\">9226906<\/td>\n<td style=\"width: 456px; height: 24px;\">310459000<\/td>\n<\/tr>\n<tr style=\"height: 24px;\">\n<td style=\"width: 457px; height: 24px;\"><a href=\"https:\/\/ship-tracker.org\/pt\/oceana\/\">Oceana<\/a><\/td>\n<td style=\"width: 456px; height: 24px;\">9169550<\/td>\n<td style=\"width: 456px; height: 24px;\">310473000<\/td>\n<\/tr>\n<tr style=\"height: 24px;\">\n<td style=\"width: 457px; height: 24px;\"><a href=\"https:\/\/ship-tracker.org\/pt\/aurora\/\">Aurora<\/a><\/td>\n<td style=\"width: 456px; height: 24px;\">9169524<\/td>\n<td style=\"width: 456px; height: 24px;\">310556000<\/td>\n<\/tr>\n<tr style=\"height: 24px;\">\n<td style=\"width: 457px; height: 24px;\"><a href=\"https:\/\/ship-tracker.org\/pt\/pacific-explorer\/\">Pacific Explorer<\/a><\/td>\n<td style=\"width: 456px; height: 24px;\">9103996<\/td>\n<td style=\"width: 456px; height: 24px;\">232006603<\/td>\n<\/tr>\n<tr style=\"height: 24px;\">\n<td style=\"width: 457px; height: 24px;\"><a href=\"https:\/\/ship-tracker.org\/pt\/pacific-aria\/\">Pacific Aria<\/a><\/td>\n<td style=\"width: 456px; height: 24px;\">8919269<\/td>\n<td style=\"width: 456px; height: 24px;\">235113823<\/td>\n<\/tr>\n<tr style=\"height: 24px;\">\n<td style=\"width: 457px; height: 24px;\"><a href=\"https:\/\/ship-tracker.org\/pt\/pacific-dawn\/\">Pacific Dawn<\/a><\/td>\n<td style=\"width: 456px; height: 24px;\">8521232<\/td>\n<td style=\"width: 456px; height: 24px;\">235059368<\/td>\n<\/tr>\n<\/tbody>\n<\/table>\n<h2>Sobre a P&amp;O Cruises<\/h2>\n<p>A P&amp;O Cruises representa a tradi\u00e7\u00e3o brit\u00e2nica de cruzeiros h\u00e1 mais de 180 anos. A companhia de navega\u00e7\u00e3o possui 8 navios com capacidade entre 1.874 e 3.647 passageiros e est\u00e1 em casa em todos os oceanos do mundo. A empresa, que faz parte do Carnival Group, oferece uma experi\u00eancia tradicional em alto mar com um toque ingl\u00eas. O novo carro-chefe Britannia (3.600 convidados) juntou-se \u00e0 frota na primavera de 2015.<\/p>\n<p>Em maio de 2020, o Iona (5.200 passageiros), o maior navio da hist\u00f3ria da empresa, seguir\u00e1. Ser\u00e1 operado com g\u00e1s l\u00edquido, assim como outra nova constru\u00e7\u00e3o, prevista para 2022.<\/p>","protected":false},"excerpt":{"rendered":"<p>Localiza\u00e7\u00e3o da frota da P&amp;O Cruises Navios, n\u00fameros IMO, MMSI, webcams Onde est\u00e1 a posi\u00e7\u00e3o atual da frota da P&amp;O Cruises atualmente? Navio IMO MMSI Arvia 9849693 232040520 Iona 9826548 232025845 Britannia 9614036 235106595 Azura 9424883 310610000 Ventura 9333175 310562000 Arcadia 9226906 3104 59000 Oceana 9169550 310473000 Aurora 9169524 310556000 Pacific Explorer 9103996 232006603 Pacific Aria 8919269 235113823 Pacific\u2026&nbsp;<a href=\"https:\/\/ship-tracker.org\/pt\/po-cruises\/\" rel=\"bookmark\">Ler mais \u00bb<span class=\"screen-reader-text\">P&amp;O Cruises<\/span><\/a><\/p>","protected":false},"author":1,"featured_media":2676,"parent":0,"menu_order":0,"comment_status":"closed","ping_status":"closed","template":"","meta":{"neve_meta_sidebar":"","neve_meta_container":"","neve_meta_enable_content_width":"","neve_meta_content_width":0,"neve_meta_title_alignment":"","neve_meta_author_avatar":"","neve_post_elements_order":"","neve_meta_disable_header":"","neve_meta_disable_footer":"","neve_meta_disable_title":"","neve_meta_reading_time":"","footnotes":""},"class_list":["post-2675","page","type-page","status-publish","has-post-thumbnail","hentry"],"yoast_head":"<!-- This site is optimized with the Yoast SEO plugin v26.9 - https:\/\/yoast.com\/product\/yoast-seo-wordpress\/ -->\n<title>Track P&amp;O Cruises | Cruise Ships | Marine Vessel | Ship Tracker<\/title>\n<meta name=\"description\" content=\"P&amp;O Cruises Fleet Location | Current Positions of P&amp;O Cruises Ships, IMO numbers, MMSI, Webcam | Live Fleet Maps | Live Ship Tracker\" \/>\n<meta name=\"robots\" content=\"index, follow, max-snippet:-1, max-image-preview:large, max-video-preview:-1\" \/>\n<link rel=\"canonical\" href=\"https:\/\/ship-tracker.org\/pt\/po-cruises\/\" \/>\n<meta property=\"og:locale\" content=\"pt_PT\" \/>\n<meta property=\"og:type\" content=\"article\" \/>\n<meta property=\"og:title\" content=\"Track P&amp;O Cruises | Cruise Ships | Marine Vessel | Ship Tracker\" \/>\n<meta property=\"og:description\" content=\"P&amp;O Cruises Fleet Location | Current Positions of P&amp;O Cruises Ships, IMO numbers, MMSI, Webcam | Live Fleet Maps | Live Ship Tracker\" \/>\n<meta property=\"og:url\" content=\"https:\/\/ship-tracker.org\/pt\/po-cruises\/\" \/>\n<meta property=\"og:site_name\" content=\"Ship-tracker.org\" \/>\n<meta property=\"article:modified_time\" content=\"2022-11-03T11:22:00+00:00\" \/>\n<meta property=\"og:image\" content=\"https:\/\/ship-tracker.org\/wp-content\/uploads\/2020\/05\/reederei-p-o-cruises.jpg\" \/>\n\t<meta property=\"og:image:width\" content=\"325\" \/>\n\t<meta property=\"og:image:height\" content=\"245\" \/>\n\t<meta property=\"og:image:type\" content=\"image\/jpeg\" \/>\n<meta name=\"twitter:card\" content=\"summary_large_image\" \/>\n<meta name=\"twitter:label1\" content=\"Tempo estimado de leitura\" \/>\n\t<meta name=\"twitter:data1\" content=\"1 minuto\" \/>\n<script type=\"application\/ld+json\" class=\"yoast-schema-graph\">{\"@context\":\"https:\/\/schema.org\",\"@graph\":[{\"@type\":\"WebPage\",\"@id\":\"https:\/\/ship-tracker.org\/po-cruises\/\",\"url\":\"https:\/\/ship-tracker.org\/po-cruises\/\",\"name\":\"Track P&O Cruises | Cruise Ships | Marine Vessel | Ship Tracker\",\"isPartOf\":{\"@id\":\"https:\/\/ship-tracker.org\/#website\"},\"primaryImageOfPage\":{\"@id\":\"https:\/\/ship-tracker.org\/po-cruises\/#primaryimage\"},\"image\":{\"@id\":\"https:\/\/ship-tracker.org\/po-cruises\/#primaryimage\"},\"thumbnailUrl\":\"https:\/\/ship-tracker.org\/wp-content\/uploads\/2020\/05\/reederei-p-o-cruises.jpg\",\"datePublished\":\"2020-05-09T13:47:59+00:00\",\"dateModified\":\"2022-11-03T11:22:00+00:00\",\"description\":\"P&O Cruises Fleet Location | Current Positions of P&O Cruises Ships, IMO numbers, MMSI, Webcam | Live Fleet Maps | Live Ship Tracker\",\"breadcrumb\":{\"@id\":\"https:\/\/ship-tracker.org\/po-cruises\/#breadcrumb\"},\"inLanguage\":\"pt-PT\",\"potentialAction\":[{\"@type\":\"ReadAction\",\"target\":[\"https:\/\/ship-tracker.org\/po-cruises\/\"]}]},{\"@type\":\"ImageObject\",\"inLanguage\":\"pt-PT\",\"@id\":\"https:\/\/ship-tracker.org\/po-cruises\/#primaryimage\",\"url\":\"https:\/\/ship-tracker.org\/wp-content\/uploads\/2020\/05\/reederei-p-o-cruises.jpg\",\"contentUrl\":\"https:\/\/ship-tracker.org\/wp-content\/uploads\/2020\/05\/reederei-p-o-cruises.jpg\",\"width\":325,\"height\":245,\"caption\":\"P&O Cruises\"},{\"@type\":\"BreadcrumbList\",\"@id\":\"https:\/\/ship-tracker.org\/po-cruises\/#breadcrumb\",\"itemListElement\":[{\"@type\":\"ListItem\",\"position\":1,\"name\":\"Startseite\",\"item\":\"https:\/\/ship-tracker.org\/\"},{\"@type\":\"ListItem\",\"position\":2,\"name\":\"P&#038;O Cruises\"}]},{\"@type\":\"WebSite\",\"@id\":\"https:\/\/ship-tracker.org\/#website\",\"url\":\"https:\/\/ship-tracker.org\/\",\"name\":\"Ship-tracker.org\",\"description\":\"\",\"potentialAction\":[{\"@type\":\"SearchAction\",\"target\":{\"@type\":\"EntryPoint\",\"urlTemplate\":\"https:\/\/ship-tracker.org\/?s={search_term_string}\"},\"query-input\":{\"@type\":\"PropertyValueSpecification\",\"valueRequired\":true,\"valueName\":\"search_term_string\"}}],\"inLanguage\":\"pt-PT\"}]}<\/script>\n<!-- \/ Yoast SEO plugin. -->","yoast_head_json":{"title":"Acompanhar Cruzeiros P&amp;O | Navios de Cruzeiro | Embarca\u00e7\u00e3o Mar\u00edtima | Rastreador de Navios","description":"Localiza\u00e7\u00e3o da frota da P&amp;O Cruises | Posi\u00e7\u00f5es Atuais dos Navios da P&amp;O Cruises, n\u00fameros IMO, MMSI, Webcam | Mapas de frota ao vivo | Rastreador de navios ao vivo","robots":{"index":"index","follow":"follow","max-snippet":"max-snippet:-1","max-image-preview":"max-image-preview:large","max-video-preview":"max-video-preview:-1"},"canonical":"https:\/\/ship-tracker.org\/pt\/po-cruises\/","og_locale":"pt_PT","og_type":"article","og_title":"Track P&O Cruises | Cruise Ships | Marine Vessel | Ship Tracker","og_description":"P&O Cruises Fleet Location | Current Positions of P&O Cruises Ships, IMO numbers, MMSI, Webcam | Live Fleet Maps | Live Ship Tracker","og_url":"https:\/\/ship-tracker.org\/pt\/po-cruises\/","og_site_name":"Ship-tracker.org","article_modified_time":"2022-11-03T11:22:00+00:00","og_image":[{"width":325,"height":245,"url":"https:\/\/ship-tracker.org\/wp-content\/uploads\/2020\/05\/reederei-p-o-cruises.jpg","type":"image\/jpeg"}],"twitter_card":"summary_large_image","twitter_misc":{"Tempo estimado de leitura":"1 minuto"},"schema":{"@context":"https:\/\/schema.org","@graph":[{"@type":"WebPage","@id":"https:\/\/ship-tracker.org\/po-cruises\/","url":"https:\/\/ship-tracker.org\/po-cruises\/","name":"Acompanhar Cruzeiros P&amp;O | Navios de Cruzeiro | Embarca\u00e7\u00e3o Mar\u00edtima | Rastreador de Navios","isPartOf":{"@id":"https:\/\/ship-tracker.org\/#website"},"primaryImageOfPage":{"@id":"https:\/\/ship-tracker.org\/po-cruises\/#primaryimage"},"image":{"@id":"https:\/\/ship-tracker.org\/po-cruises\/#primaryimage"},"thumbnailUrl":"https:\/\/ship-tracker.org\/wp-content\/uploads\/2020\/05\/reederei-p-o-cruises.jpg","datePublished":"2020-05-09T13:47:59+00:00","dateModified":"2022-11-03T11:22:00+00:00","description":"Localiza\u00e7\u00e3o da frota da P&amp;O Cruises | Posi\u00e7\u00f5es Atuais dos Navios da P&amp;O Cruises, n\u00fameros IMO, MMSI, Webcam | Mapas de frota ao vivo | Rastreador de navios ao vivo","breadcrumb":{"@id":"https:\/\/ship-tracker.org\/po-cruises\/#breadcrumb"},"inLanguage":"pt-PT","potentialAction":[{"@type":"ReadAction","target":["https:\/\/ship-tracker.org\/po-cruises\/"]}]},{"@type":"ImageObject","inLanguage":"pt-PT","@id":"https:\/\/ship-tracker.org\/po-cruises\/#primaryimage","url":"https:\/\/ship-tracker.org\/wp-content\/uploads\/2020\/05\/reederei-p-o-cruises.jpg","contentUrl":"https:\/\/ship-tracker.org\/wp-content\/uploads\/2020\/05\/reederei-p-o-cruises.jpg","width":325,"height":245,"caption":"P&O Cruises"},{"@type":"BreadcrumbList","@id":"https:\/\/ship-tracker.org\/po-cruises\/#breadcrumb","itemListElement":[{"@type":"ListItem","position":1,"name":"Startseite","item":"https:\/\/ship-tracker.org\/"},{"@type":"ListItem","position":2,"name":"P&#038;O Cruises"}]},{"@type":"WebSite","@id":"https:\/\/ship-tracker.org\/#website","url":"https:\/\/ship-tracker.org\/","name":"Ship-tracker.org","description":"","potentialAction":[{"@type":"SearchAction","target":{"@type":"EntryPoint","urlTemplate":"https:\/\/ship-tracker.org\/?s={search_term_string}"},"query-input":{"@type":"PropertyValueSpecification","valueRequired":true,"valueName":"search_term_string"}}],"inLanguage":"pt-PT"}]}},"_links":{"self":[{"href":"https:\/\/ship-tracker.org\/pt\/wp-json\/wp\/v2\/pages\/2675","targetHints":{"allow":["GET"]}}],"collection":[{"href":"https:\/\/ship-tracker.org\/pt\/wp-json\/wp\/v2\/pages"}],"about":[{"href":"https:\/\/ship-tracker.org\/pt\/wp-json\/wp\/v2\/types\/page"}],"author":[{"embeddable":true,"href":"https:\/\/ship-tracker.org\/pt\/wp-json\/wp\/v2\/users\/1"}],"replies":[{"embeddable":true,"href":"https:\/\/ship-tracker.org\/pt\/wp-json\/wp\/v2\/comments?post=2675"}],"version-history":[{"count":7,"href":"https:\/\/ship-tracker.org\/pt\/wp-json\/wp\/v2\/pages\/2675\/revisions"}],"predecessor-version":[{"id":3557,"href":"https:\/\/ship-tracker.org\/pt\/wp-json\/wp\/v2\/pages\/2675\/revisions\/3557"}],"wp:featuredmedia":[{"embeddable":true,"href":"https:\/\/ship-tracker.org\/pt\/wp-json\/wp\/v2\/media\/2676"}],"wp:attachment":[{"href":"https:\/\/ship-tracker.org\/pt\/wp-json\/wp\/v2\/media?parent=2675"}],"curies":[{"name":"wp","href":"https:\/\/api.w.org\/{rel}","templated":true}]}}