{"id":2129,"date":"2020-04-29T14:18:01","date_gmt":"2020-04-29T12:18:01","guid":{"rendered":"https:\/\/ship-tracker.org\/?page_id=2129"},"modified":"2022-10-27T16:01:30","modified_gmt":"2022-10-27T14:01:30","slug":"tui-cruises","status":"publish","type":"page","link":"https:\/\/ship-tracker.org\/pt\/tui-cruises\/","title":{"rendered":"TUI Cruises"},"content":{"rendered":"<h2>Navios de localiza\u00e7\u00e3o de frota da TUI Cruises, n\u00fameros IMO, MMSI, webcams<\/h2>\n<p>Onde est\u00e1 atualmente a posi\u00e7\u00e3o atual da TUI Cruises Fleet?<\/p>\n<table>\n<tbody>\n<tr style=\"height: 24px;\">\n<td style=\"width: 457px; height: 24px;\"><span style=\"color: #1f405b;\"><strong>Navio<\/strong><\/span><\/td>\n<td style=\"width: 456px; height: 24px;\"><span style=\"color: #1f405b;\"><strong>IMO<\/strong><\/span><\/td>\n<td style=\"width: 456px; height: 24px;\"><span style=\"color: #1f405b;\"><strong>MMSI<\/strong><\/span><\/td>\n<\/tr>\n<tr style=\"height: 24px;\">\n<td style=\"width: 457px; height: 24px;\"><a href=\"https:\/\/ship-tracker.org\/pt\/neue-mein-schiff-1\/\">Mein Schiff 1<\/a><\/td>\n<td style=\"width: 456px; height: 24px;\">9783564<\/td>\n<td style=\"width: 456px; height: 24px;\">248513000<\/td>\n<\/tr>\n<tr style=\"height: 24px;\">\n<td style=\"width: 457px; height: 24px;\"><a href=\"https:\/\/ship-tracker.org\/pt\/mein-schiff-2\/\">Mein Schiff 2<\/a><\/td>\n<td style=\"width: 456px; height: 24px;\">9106302<\/td>\n<td style=\"width: 456px; height: 24px;\">249053000<\/td>\n<\/tr>\n<tr style=\"height: 24px;\">\n<td style=\"width: 457px; height: 24px;\"><a href=\"https:\/\/ship-tracker.org\/pt\/mein-schiff-3\/\">Mein Schiff 3<\/a><\/td>\n<td style=\"width: 456px; height: 24px;\">9641730<\/td>\n<td style=\"width: 456px; height: 24px;\">229090000<\/td>\n<\/tr>\n<tr style=\"height: 24px;\">\n<td style=\"width: 457px; height: 24px;\"><a href=\"https:\/\/ship-tracker.org\/pt\/mein-schiff-4\/\">Mein Schiff 4<\/a><\/td>\n<td style=\"width: 456px; height: 24px;\">9678408<\/td>\n<td style=\"width: 456px; height: 24px;\">229678000<\/td>\n<\/tr>\n<tr style=\"height: 24px;\">\n<td style=\"width: 457px; height: 24px;\"><a href=\"https:\/\/ship-tracker.org\/pt\/mein-schiff-5\/\">Mein Schiff 5<\/a><\/td>\n<td style=\"width: 456px; height: 24px;\">9112789<\/td>\n<td style=\"width: 456px; height: 24px;\">247117300<\/td>\n<\/tr>\n<tr style=\"height: 24px;\">\n<td style=\"width: 457px; height: 24px;\"><a href=\"https:\/\/ship-tracker.org\/pt\/mein-schiff-6\/\">Mein Schiff 6<\/a><\/td>\n<td style=\"width: 456px; height: 24px;\">9753208<\/td>\n<td style=\"width: 456px; height: 24px;\">249660000<\/td>\n<\/tr>\n<tr style=\"height: 24px;\">\n<td style=\"width: 457px; height: 24px;\">Mein Schiff 7<\/td>\n<td style=\"width: 456px; height: 24px;\">2023<\/td>\n<td style=\"width: 456px; height: 24px;\">novo navio<\/td>\n<\/tr>\n<tr style=\"height: 24px;\">\n<td style=\"width: 457px; height: 24px;\">Mein Schiff 8<\/td>\n<td style=\"width: 456px; height: 24px;\">2024<\/td>\n<td style=\"width: 456px; height: 24px;\">novo navio<\/td>\n<\/tr>\n<\/tbody>\n<\/table>\n<h2>Sobre a TUI Cruises<\/h2>\n<p>A TUI Cruises \u00e9 uma das companhias de navega\u00e7\u00e3o que a tornaram uma das mais populares da \u00e9poca. No entanto, \u00e9 uma das marcas mais jovens de l\u00edngua alem\u00e3 para cruzeiros. Assim como a AIDA, os destinos cobrem o mundo inteiro. A bordo do \u201cMein Schiffe\u201d, por outro lado, prevalece um conceito abrangente e abrangente, que inclui muitos servi\u00e7os premium.<\/p>\n<p>A TUI Cruises representa uma mistura saud\u00e1vel de cruzeiros tradicionais e \u00f3timas ofertas para clubes. Aqui, tamb\u00e9m, o foco est\u00e1 sempre em um pacote uniforme e confort\u00e1vel e, \u00e9 claro, em muito descanso e relaxamento. A bordo, encontramos in\u00fameros locais de retiro e possibilidades de deixar sua alma oscilar. Grandes \u00e1reas de spa e bem-estar, com cerca de 1.700 metros quadrados, proporcionam \u00f3timas f\u00e9rias. O conceito de bem-estar est\u00e1 em alta, pois muitos turistas est\u00e3o entusiasmados com os cruzeiros com a TUI.<\/p>\n<p>O aspecto de se sentir bem \u00e9 absolutamente refletido no conceito premium com tudo inclu\u00eddo. O tempo todo, os viajantes podem se servir nos restaurantes e bares e aproveitar o cruzeiro. E tudo isso em diferentes sal\u00f5es e bares aconchegantes, projetados de maneira moderna e atraente. Assim como muitas salas de leitura e trabalho mobiliadas. Al\u00e9m disso, a maioria dos restaurantes n\u00e3o tem hor\u00e1rios de mesa, portanto n\u00e3o h\u00e1 press\u00e3o de tempo ou mesas lotadas durante o jantar. Uma grande qualidade a bordo convence os turistas.<\/p>\n<p>A TUI Cruises faz parte de uma alian\u00e7a entre a Royal Caribbean Cruises Ltd. e a TUI AG. A empresa foi fundada em Hamburgo em 2008 e, desde o in\u00edcio, a TUI oferece o programa completo para seus convidados em seus navios. As frotas s\u00e3o todas chamadas de &quot;Mein Schiff&quot; e representam um \u00f3timo servi\u00e7o e ofertas individuais.<\/p>","protected":false},"excerpt":{"rendered":"<p>Localiza\u00e7\u00e3o da frota da TUI Cruises Navios, n\u00fameros IMO, MMSI, webcams Onde est\u00e1 a posi\u00e7\u00e3o atual da frota da TUI Cruises atualmente? Navio IMO MMSI Mein Schiff 1 9783564 248513000 Mein Schiff 2 9106302 249053000 Mein Schiff 3 9641730 229090000 Mein Schiff 4 9678408 229678000 Mein Schiff 5 9112789 2471173 00 Mein Schiff 6 9753208 249660000 Mein Schiff 7\u2026&nbsp;<a href=\"https:\/\/ship-tracker.org\/pt\/tui-cruises\/\" rel=\"bookmark\">Ler mais \u00bb<span class=\"screen-reader-text\">TUI Cruises<\/span><\/a><\/p>","protected":false},"author":1,"featured_media":2130,"parent":0,"menu_order":0,"comment_status":"closed","ping_status":"closed","template":"","meta":{"neve_meta_sidebar":"","neve_meta_container":"","neve_meta_enable_content_width":"","neve_meta_content_width":0,"neve_meta_title_alignment":"","neve_meta_author_avatar":"","neve_post_elements_order":"","neve_meta_disable_header":"","neve_meta_disable_footer":"","neve_meta_disable_title":"","neve_meta_reading_time":"","footnotes":""},"class_list":["post-2129","page","type-page","status-publish","has-post-thumbnail","hentry"],"yoast_head":"<!-- This site is optimized with the Yoast SEO plugin v27.4 - https:\/\/yoast.com\/product\/yoast-seo-wordpress\/ -->\n<title>Track TUI Cruises | Cruise Ships | Marine Vessel | Ship Tracker<\/title>\n<meta name=\"description\" content=\"TUI Cruises Fleet Location | Current Positions of TUI Cruises Ships, IMO numbers, MMSI, Webcam | Live Fleet Maps | Live Ship Tracker\" \/>\n<meta name=\"robots\" content=\"index, follow, max-snippet:-1, max-image-preview:large, max-video-preview:-1\" \/>\n<link rel=\"canonical\" href=\"https:\/\/ship-tracker.org\/pt\/tui-cruises\/\" \/>\n<meta property=\"og:locale\" content=\"pt_PT\" \/>\n<meta property=\"og:type\" content=\"article\" \/>\n<meta property=\"og:title\" content=\"Track TUI Cruises | Cruise Ships | Marine Vessel | Ship Tracker\" \/>\n<meta property=\"og:description\" content=\"TUI Cruises Fleet Location | Current Positions of TUI Cruises Ships, IMO numbers, MMSI, Webcam | Live Fleet Maps | Live Ship Tracker\" \/>\n<meta property=\"og:url\" content=\"https:\/\/ship-tracker.org\/pt\/tui-cruises\/\" \/>\n<meta property=\"og:site_name\" content=\"Ship-tracker.org\" \/>\n<meta property=\"article:modified_time\" content=\"2022-10-27T14:01:30+00:00\" \/>\n<meta property=\"og:image\" content=\"https:\/\/ship-tracker.org\/wp-content\/uploads\/2020\/04\/tui-cruises-logo4.jpg\" \/>\n\t<meta property=\"og:image:width\" content=\"461\" \/>\n\t<meta property=\"og:image:height\" content=\"405\" \/>\n\t<meta property=\"og:image:type\" content=\"image\/jpeg\" \/>\n<meta name=\"twitter:card\" content=\"summary_large_image\" \/>\n<meta name=\"twitter:label1\" content=\"Tempo estimado de leitura\" \/>\n\t<meta name=\"twitter:data1\" content=\"2 minutos\" \/>\n<script type=\"application\/ld+json\" class=\"yoast-schema-graph\">{\"@context\":\"https:\\\/\\\/schema.org\",\"@graph\":[{\"@type\":\"WebPage\",\"@id\":\"https:\\\/\\\/ship-tracker.org\\\/tui-cruises\\\/\",\"url\":\"https:\\\/\\\/ship-tracker.org\\\/tui-cruises\\\/\",\"name\":\"Track TUI Cruises | Cruise Ships | Marine Vessel | Ship Tracker\",\"isPartOf\":{\"@id\":\"https:\\\/\\\/ship-tracker.org\\\/#website\"},\"primaryImageOfPage\":{\"@id\":\"https:\\\/\\\/ship-tracker.org\\\/tui-cruises\\\/#primaryimage\"},\"image\":{\"@id\":\"https:\\\/\\\/ship-tracker.org\\\/tui-cruises\\\/#primaryimage\"},\"thumbnailUrl\":\"https:\\\/\\\/ship-tracker.org\\\/wp-content\\\/uploads\\\/2020\\\/04\\\/tui-cruises-logo4.jpg\",\"datePublished\":\"2020-04-29T12:18:01+00:00\",\"dateModified\":\"2022-10-27T14:01:30+00:00\",\"description\":\"TUI Cruises Fleet Location | Current Positions of TUI Cruises Ships, IMO numbers, MMSI, Webcam | Live Fleet Maps | Live Ship Tracker\",\"breadcrumb\":{\"@id\":\"https:\\\/\\\/ship-tracker.org\\\/tui-cruises\\\/#breadcrumb\"},\"inLanguage\":\"pt-PT\",\"potentialAction\":[{\"@type\":\"ReadAction\",\"target\":[\"https:\\\/\\\/ship-tracker.org\\\/tui-cruises\\\/\"]}]},{\"@type\":\"ImageObject\",\"inLanguage\":\"pt-PT\",\"@id\":\"https:\\\/\\\/ship-tracker.org\\\/tui-cruises\\\/#primaryimage\",\"url\":\"https:\\\/\\\/ship-tracker.org\\\/wp-content\\\/uploads\\\/2020\\\/04\\\/tui-cruises-logo4.jpg\",\"contentUrl\":\"https:\\\/\\\/ship-tracker.org\\\/wp-content\\\/uploads\\\/2020\\\/04\\\/tui-cruises-logo4.jpg\",\"width\":461,\"height\":405,\"caption\":\"TUI Cruises\"},{\"@type\":\"BreadcrumbList\",\"@id\":\"https:\\\/\\\/ship-tracker.org\\\/tui-cruises\\\/#breadcrumb\",\"itemListElement\":[{\"@type\":\"ListItem\",\"position\":1,\"name\":\"Startseite\",\"item\":\"https:\\\/\\\/ship-tracker.org\\\/\"},{\"@type\":\"ListItem\",\"position\":2,\"name\":\"TUI Cruises\"}]},{\"@type\":\"WebSite\",\"@id\":\"https:\\\/\\\/ship-tracker.org\\\/#website\",\"url\":\"https:\\\/\\\/ship-tracker.org\\\/\",\"name\":\"Ship-tracker.org\",\"description\":\"\",\"potentialAction\":[{\"@type\":\"SearchAction\",\"target\":{\"@type\":\"EntryPoint\",\"urlTemplate\":\"https:\\\/\\\/ship-tracker.org\\\/?s={search_term_string}\"},\"query-input\":{\"@type\":\"PropertyValueSpecification\",\"valueRequired\":true,\"valueName\":\"search_term_string\"}}],\"inLanguage\":\"pt-PT\"}]}<\/script>\n<!-- \/ Yoast SEO plugin. -->","yoast_head_json":{"title":"Acompanhar Cruzeiros TUI | Navios de Cruzeiro | Embarca\u00e7\u00e3o Mar\u00edtima | Rastreador de Navios","description":"Localiza\u00e7\u00e3o da frota da TUI Cruises | Posi\u00e7\u00f5es Atuais dos Navios da TUI Cruises, n\u00fameros IMO, MMSI, Webcam | Mapas de frota ao vivo | Rastreador de navios ao vivo","robots":{"index":"index","follow":"follow","max-snippet":"max-snippet:-1","max-image-preview":"max-image-preview:large","max-video-preview":"max-video-preview:-1"},"canonical":"https:\/\/ship-tracker.org\/pt\/tui-cruises\/","og_locale":"pt_PT","og_type":"article","og_title":"Track TUI Cruises | Cruise Ships | Marine Vessel | Ship Tracker","og_description":"TUI Cruises Fleet Location | Current Positions of TUI Cruises Ships, IMO numbers, MMSI, Webcam | Live Fleet Maps | Live Ship Tracker","og_url":"https:\/\/ship-tracker.org\/pt\/tui-cruises\/","og_site_name":"Ship-tracker.org","article_modified_time":"2022-10-27T14:01:30+00:00","og_image":[{"width":461,"height":405,"url":"https:\/\/ship-tracker.org\/wp-content\/uploads\/2020\/04\/tui-cruises-logo4.jpg","type":"image\/jpeg"}],"twitter_card":"summary_large_image","twitter_misc":{"Tempo estimado de leitura":"2 minutos"},"schema":{"@context":"https:\/\/schema.org","@graph":[{"@type":"WebPage","@id":"https:\/\/ship-tracker.org\/tui-cruises\/","url":"https:\/\/ship-tracker.org\/tui-cruises\/","name":"Acompanhar Cruzeiros TUI | Navios de Cruzeiro | Embarca\u00e7\u00e3o Mar\u00edtima | Rastreador de Navios","isPartOf":{"@id":"https:\/\/ship-tracker.org\/#website"},"primaryImageOfPage":{"@id":"https:\/\/ship-tracker.org\/tui-cruises\/#primaryimage"},"image":{"@id":"https:\/\/ship-tracker.org\/tui-cruises\/#primaryimage"},"thumbnailUrl":"https:\/\/ship-tracker.org\/wp-content\/uploads\/2020\/04\/tui-cruises-logo4.jpg","datePublished":"2020-04-29T12:18:01+00:00","dateModified":"2022-10-27T14:01:30+00:00","description":"Localiza\u00e7\u00e3o da frota da TUI Cruises | Posi\u00e7\u00f5es Atuais dos Navios da TUI Cruises, n\u00fameros IMO, MMSI, Webcam | Mapas de frota ao vivo | Rastreador de navios ao vivo","breadcrumb":{"@id":"https:\/\/ship-tracker.org\/tui-cruises\/#breadcrumb"},"inLanguage":"pt-PT","potentialAction":[{"@type":"ReadAction","target":["https:\/\/ship-tracker.org\/tui-cruises\/"]}]},{"@type":"ImageObject","inLanguage":"pt-PT","@id":"https:\/\/ship-tracker.org\/tui-cruises\/#primaryimage","url":"https:\/\/ship-tracker.org\/wp-content\/uploads\/2020\/04\/tui-cruises-logo4.jpg","contentUrl":"https:\/\/ship-tracker.org\/wp-content\/uploads\/2020\/04\/tui-cruises-logo4.jpg","width":461,"height":405,"caption":"TUI Cruises"},{"@type":"BreadcrumbList","@id":"https:\/\/ship-tracker.org\/tui-cruises\/#breadcrumb","itemListElement":[{"@type":"ListItem","position":1,"name":"Startseite","item":"https:\/\/ship-tracker.org\/"},{"@type":"ListItem","position":2,"name":"TUI Cruises"}]},{"@type":"WebSite","@id":"https:\/\/ship-tracker.org\/#website","url":"https:\/\/ship-tracker.org\/","name":"Ship-tracker.org","description":"","potentialAction":[{"@type":"SearchAction","target":{"@type":"EntryPoint","urlTemplate":"https:\/\/ship-tracker.org\/?s={search_term_string}"},"query-input":{"@type":"PropertyValueSpecification","valueRequired":true,"valueName":"search_term_string"}}],"inLanguage":"pt-PT"}]}},"_links":{"self":[{"href":"https:\/\/ship-tracker.org\/pt\/wp-json\/wp\/v2\/pages\/2129","targetHints":{"allow":["GET"]}}],"collection":[{"href":"https:\/\/ship-tracker.org\/pt\/wp-json\/wp\/v2\/pages"}],"about":[{"href":"https:\/\/ship-tracker.org\/pt\/wp-json\/wp\/v2\/types\/page"}],"author":[{"embeddable":true,"href":"https:\/\/ship-tracker.org\/pt\/wp-json\/wp\/v2\/users\/1"}],"replies":[{"embeddable":true,"href":"https:\/\/ship-tracker.org\/pt\/wp-json\/wp\/v2\/comments?post=2129"}],"version-history":[{"count":4,"href":"https:\/\/ship-tracker.org\/pt\/wp-json\/wp\/v2\/pages\/2129\/revisions"}],"predecessor-version":[{"id":3491,"href":"https:\/\/ship-tracker.org\/pt\/wp-json\/wp\/v2\/pages\/2129\/revisions\/3491"}],"wp:featuredmedia":[{"embeddable":true,"href":"https:\/\/ship-tracker.org\/pt\/wp-json\/wp\/v2\/media\/2130"}],"wp:attachment":[{"href":"https:\/\/ship-tracker.org\/pt\/wp-json\/wp\/v2\/media?parent=2129"}],"curies":[{"name":"wp","href":"https:\/\/api.w.org\/{rel}","templated":true}]}}