{"id":2126,"date":"2020-04-29T14:19:16","date_gmt":"2020-04-29T12:19:16","guid":{"rendered":"https:\/\/ship-tracker.org\/?page_id=2126"},"modified":"2022-10-27T16:01:01","modified_gmt":"2022-10-27T14:01:01","slug":"aida-cruises","status":"publish","type":"page","link":"https:\/\/ship-tracker.org\/pt\/aida-cruises\/","title":{"rendered":"AIDA Cruises"},"content":{"rendered":"<h2>Navios de localiza\u00e7\u00e3o da frota da AIDA Cruises, n\u00fameros IMO, MMSI, webcams<\/h2>\n<p>Onde est\u00e1 atualmente a posi\u00e7\u00e3o atual da AIDA Cruises Fleet?<\/p>\n<table>\n<tbody>\n<tr style=\"height: 24px;\">\n<td style=\"width: 457px; height: 24px;\"><span style=\"color: #1f405b;\"><strong>Navio<\/strong><\/span><\/td>\n<td style=\"width: 456px; height: 24px;\"><span style=\"color: #1f405b;\"><strong>IMO<\/strong><\/span><\/td>\n<td style=\"width: 456px; height: 24px;\"><span style=\"color: #1f405b;\"><strong>MMSI<\/strong><\/span><\/td>\n<\/tr>\n<tr style=\"height: 24px;\">\n<td style=\"width: 457px; height: 24px;\"><a href=\"https:\/\/ship-tracker.org\/pt\/aidanova\/\">AIDAnova<\/a><\/td>\n<td style=\"width: 456px; height: 24px;\">9781865<\/td>\n<td style=\"width: 456px; height: 24px;\">247389200<\/td>\n<\/tr>\n<tr style=\"height: 24px;\">\n<td style=\"width: 457px; height: 24px;\"><a href=\"https:\/\/ship-tracker.org\/pt\/aidaperla\/\">AIDAperla<\/a><\/td>\n<td style=\"width: 456px; height: 24px;\">9636967<\/td>\n<td style=\"width: 456px; height: 24px;\">247385300<\/td>\n<\/tr>\n<tr style=\"height: 24px;\">\n<td style=\"width: 457px; height: 24px;\"><a href=\"https:\/\/ship-tracker.org\/pt\/aidaprima\/\">AIDAprima<\/a><\/td>\n<td style=\"width: 456px; height: 24px;\">9636955<\/td>\n<td style=\"width: 456px; height: 24px;\">247353800<\/td>\n<\/tr>\n<tr style=\"height: 24px;\">\n<td style=\"width: 457px; height: 24px;\"><a href=\"https:\/\/ship-tracker.org\/pt\/aidastella\/\">AIDAstella<\/a><\/td>\n<td style=\"width: 456px; height: 24px;\">9601132<\/td>\n<td style=\"width: 456px; height: 24px;\">247322800<\/td>\n<\/tr>\n<tr style=\"height: 24px;\">\n<td style=\"width: 457px; height: 24px;\"><a href=\"https:\/\/ship-tracker.org\/pt\/aidamar\/\">AIDAmar<\/a><\/td>\n<td style=\"width: 456px; height: 24px;\">9490052<\/td>\n<td style=\"width: 456px; height: 24px;\">247312900<\/td>\n<\/tr>\n<tr style=\"height: 24px;\">\n<td style=\"width: 457px; height: 24px;\"><a href=\"https:\/\/ship-tracker.org\/pt\/aidasol\/\">AIDAsol<\/a><\/td>\n<td style=\"width: 456px; height: 24px;\">9490040<\/td>\n<td style=\"width: 456px; height: 24px;\">247302900<\/td>\n<\/tr>\n<tr style=\"height: 24px;\">\n<td style=\"width: 457px; height: 24px;\"><a href=\"https:\/\/ship-tracker.org\/pt\/aidablu\/\">AIDAblu<\/a><\/td>\n<td style=\"width: 456px; height: 24px;\">9398888<\/td>\n<td style=\"width: 456px; height: 24px;\">247282500<\/td>\n<\/tr>\n<tr style=\"height: 24px;\">\n<td style=\"width: 457px; height: 24px;\"><a href=\"https:\/\/ship-tracker.org\/pt\/aidaluna\/\">AIDAluna<\/a><\/td>\n<td style=\"width: 456px; height: 24px;\">9334868<\/td>\n<td style=\"width: 456px; height: 24px;\">247255400<\/td>\n<\/tr>\n<tr style=\"height: 24px;\">\n<td style=\"width: 457px; height: 24px;\"><a href=\"https:\/\/ship-tracker.org\/pt\/aidabella\/\">AIDAbella<\/a><\/td>\n<td style=\"width: 456px; height: 24px;\">9362542<\/td>\n<td style=\"width: 456px; height: 24px;\">247229700<\/td>\n<\/tr>\n<tr style=\"height: 24px;\">\n<td style=\"width: 457px; height: 24px;\"><a href=\"https:\/\/ship-tracker.org\/pt\/aidadiva\/\">AIDAdiva<\/a><\/td>\n<td style=\"width: 456px; height: 24px;\">9334856<\/td>\n<td style=\"width: 456px; height: 24px;\">247187700<\/td>\n<\/tr>\n<tr style=\"height: 24px;\">\n<td style=\"width: 457px; height: 24px;\"><a href=\"https:\/\/ship-tracker.org\/pt\/aidaaura\/\">AIDAaura<\/a><\/td>\n<td style=\"width: 456px; height: 24px;\">9221566<\/td>\n<td style=\"width: 456px; height: 24px;\">247117400<\/td>\n<\/tr>\n<tr style=\"height: 24px;\">\n<td style=\"width: 457px; height: 24px;\"><a href=\"https:\/\/ship-tracker.org\/pt\/aidavita\/\">AIDAvita<\/a><\/td>\n<td style=\"width: 456px; height: 24px;\">9221554<\/td>\n<td style=\"width: 456px; height: 24px;\">247114900<\/td>\n<\/tr>\n<tr style=\"height: 24px;\">\n<td style=\"width: 457px; height: 24px;\"><a href=\"https:\/\/ship-tracker.org\/pt\/aidamira\/\">AIDAmira<\/a><\/td>\n<td style=\"width: 456px; height: 24px;\">9172777<\/td>\n<td style=\"width: 456px; height: 24px;\">247325300<\/td>\n<\/tr>\n<tr style=\"height: 24px;\">\n<td style=\"width: 457px; height: 24px;\"><a href=\"https:\/\/ship-tracker.org\/pt\/aidacara\/\">AIDAcara<\/a><\/td>\n<td style=\"width: 456px; height: 24px;\">9112789<\/td>\n<td style=\"width: 456px; height: 24px;\">247117300<\/td>\n<\/tr>\n<tr style=\"height: 24px;\">\n<td style=\"width: 457px; height: 24px;\"><a href=\"https:\/\/ship-tracker.org\/pt\/aidacosma\/\">AIDAcosma<\/a><\/td>\n<td style=\"width: 456px; height: 24px;\">9781877<\/td>\n<td style=\"width: 456px; height: 24px;\">247435300<\/td>\n<\/tr>\n<\/tbody>\n<\/table>\n<h2>Sobre a AIDA Cruises<\/h2>\n<p>A AIDA Cruises \u00e9 uma companhia de navega\u00e7\u00e3o com sede em Rostock e l\u00edder de mercado no mercado alem\u00e3o de cruzeiros. A hist\u00f3ria de sucesso come\u00e7ou em 1996 com o presente AIDAcara. 1999 marca o in\u00edcio da hist\u00f3ria da companhia de navega\u00e7\u00e3o AIDA, na \u00e9poca ainda sob o nome &quot;Seetours&quot;. Apenas 5 anos depois, a AIDA recebeu sua atual marca e cruza os mares sob a bandeira italiana desde ent\u00e3o. Enquanto isso, a AIDA Cruises j\u00e1 foi nomeada, ou melhor, pertence ao l\u00edder mundial do mercado de cruzeiros. Em 1996, a Deutsche Reederei entrou no mercado pela primeira vez com o AIDA Cara. Com sede em Rostock, quase 8.000 funcion\u00e1rios est\u00e3o atualmente trabalhando em navios de cruzeiro AIDA.<\/p>\n<p>Enquanto isso, in\u00fameros navios pertencem \u00e0 AIDA. No in\u00edcio, o AIDAcara foi o primeiro navio pronto para transportar os h\u00f3spedes atrav\u00e9s dos mares. Desde ent\u00e3o, mais 11 navios foram postos em servi\u00e7o pela AIDA, como o AIDAvita ou o AIDAaura. E isso n\u00e3o \u00e9 tudo, porque no futuro v\u00e1rios outros navios da AIDA ser\u00e3o lan\u00e7ados. Mais recentemente, foi o AIDAnova que teve permiss\u00e3o para apresentar a nova gera\u00e7\u00e3o. Assim, podemos ficar curiosos sobre o que a AIDA est\u00e1 planejando para seus h\u00f3spedes no mar nos pr\u00f3ximos anos.<\/p>\n<p>AIDA significa variedade e significa excelente qualidade e acima de tudo diversidade. Portanto, n\u00e3o \u00e9 chato em um cruzeiro da AIDA. Aventura e relaxamento, dois conceitos que funcionam perfeitamente juntos. Nos \u00faltimos anos, a AIDA conseguiu criar uma atmosfera muito especial a bordo. J\u00e1 em 2014, a transportadora recebeu um pr\u00eamio e o German Cruise Prize pelo \u201cmelhor produto da fam\u00edlia\u201d e pela melhor \u201cqualidade do servi\u00e7o. Obviamente, n\u00e3o est\u00e1 exclu\u00eddo que outros pr\u00eamios e honrarias se seguir\u00e3o.<\/p>\n<p>Para os viajantes da Alemanha, os tripulantes de l\u00edngua alem\u00e3 est\u00e3o sempre dispon\u00edveis a bordo do AIDA, para que n\u00e3o haja necessidade de se preocupar do ponto de vista do idioma. Tamb\u00e9m \u00e9 prescrito um c\u00f3digo de vestu\u00e1rio para os funcion\u00e1rios, para que voc\u00ea possa sempre reconhecer sua pessoa de contato. Os navios de cruzeiro da AIDA costumam navegar \u00e0 noite, para que os destinos possam ser visitados e experimentados durante o dia.<\/p>","protected":false},"excerpt":{"rendered":"<p>Localiza\u00e7\u00e3o da frota da AIDA Cruises Navios, n\u00fameros IMO, MMSI, webcams Onde est\u00e1 a posi\u00e7\u00e3o atual da frota da AIDA Cruises atualmente? Navio IMO MMSI AIDAnova 9781865 247389200 AIDAperla 9636967 247385300 AIDAprima 9636955 247353800 AIDAstella 9601132 247322800 AIDAmar 9490052 247312900 AIDAsol 9490040 247302900 AIDAblu 9398888 247282500 AIDAluna 9334868 247255400 AIDAbella 9362542 247229700 AIDAdiva 9334856 247187700 AIDAaura 9221566 247117400\u2026&nbsp;<a href=\"https:\/\/ship-tracker.org\/pt\/aida-cruises\/\" rel=\"bookmark\">Ler mais \u00bb<span class=\"screen-reader-text\">AIDA Cruises<\/span><\/a><\/p>","protected":false},"author":1,"featured_media":2127,"parent":0,"menu_order":0,"comment_status":"closed","ping_status":"closed","template":"","meta":{"neve_meta_sidebar":"","neve_meta_container":"","neve_meta_enable_content_width":"","neve_meta_content_width":0,"neve_meta_title_alignment":"","neve_meta_author_avatar":"","neve_post_elements_order":"","neve_meta_disable_header":"","neve_meta_disable_footer":"","neve_meta_disable_title":"","neve_meta_reading_time":"","footnotes":""},"class_list":["post-2126","page","type-page","status-publish","has-post-thumbnail","hentry"],"yoast_head":"<!-- This site is optimized with the Yoast SEO plugin v27.4 - https:\/\/yoast.com\/product\/yoast-seo-wordpress\/ -->\n<title>Track AIDA Cruises Fleet | Cruise Ships | Marine Vessel<\/title>\n<meta name=\"description\" content=\"AIDA Cruises Fleet Location | Current Positions of AIDA Cruises Ships, IMO numbers, MMSI, Webcam | Live Fleet Maps | Live Ship Tracker\" \/>\n<meta name=\"robots\" content=\"index, follow, max-snippet:-1, max-image-preview:large, max-video-preview:-1\" \/>\n<link rel=\"canonical\" href=\"https:\/\/ship-tracker.org\/pt\/aida-cruises\/\" \/>\n<meta property=\"og:locale\" content=\"pt_PT\" \/>\n<meta property=\"og:type\" content=\"article\" \/>\n<meta property=\"og:title\" content=\"Track AIDA Cruises Fleet | Cruise Ships | Marine Vessel\" \/>\n<meta property=\"og:description\" content=\"AIDA Cruises Fleet Location | Current Positions of AIDA Cruises Ships, IMO numbers, MMSI, Webcam | Live Fleet Maps | Live Ship Tracker\" \/>\n<meta property=\"og:url\" content=\"https:\/\/ship-tracker.org\/pt\/aida-cruises\/\" \/>\n<meta property=\"og:site_name\" content=\"Ship-tracker.org\" \/>\n<meta property=\"article:modified_time\" content=\"2022-10-27T14:01:01+00:00\" \/>\n<meta property=\"og:image\" content=\"https:\/\/ship-tracker.org\/wp-content\/uploads\/2020\/04\/aida-cruises-logo.jpg\" \/>\n\t<meta property=\"og:image:width\" content=\"461\" \/>\n\t<meta property=\"og:image:height\" content=\"405\" \/>\n\t<meta property=\"og:image:type\" content=\"image\/jpeg\" \/>\n<meta name=\"twitter:card\" content=\"summary_large_image\" \/>\n<meta name=\"twitter:label1\" content=\"Tempo estimado de leitura\" \/>\n\t<meta name=\"twitter:data1\" content=\"2 minutos\" \/>\n<script type=\"application\/ld+json\" class=\"yoast-schema-graph\">{\"@context\":\"https:\\\/\\\/schema.org\",\"@graph\":[{\"@type\":\"WebPage\",\"@id\":\"https:\\\/\\\/ship-tracker.org\\\/aida-cruises\\\/\",\"url\":\"https:\\\/\\\/ship-tracker.org\\\/aida-cruises\\\/\",\"name\":\"Track AIDA Cruises Fleet | Cruise Ships | Marine Vessel\",\"isPartOf\":{\"@id\":\"https:\\\/\\\/ship-tracker.org\\\/#website\"},\"primaryImageOfPage\":{\"@id\":\"https:\\\/\\\/ship-tracker.org\\\/aida-cruises\\\/#primaryimage\"},\"image\":{\"@id\":\"https:\\\/\\\/ship-tracker.org\\\/aida-cruises\\\/#primaryimage\"},\"thumbnailUrl\":\"https:\\\/\\\/ship-tracker.org\\\/wp-content\\\/uploads\\\/2020\\\/04\\\/aida-cruises-logo.jpg\",\"datePublished\":\"2020-04-29T12:19:16+00:00\",\"dateModified\":\"2022-10-27T14:01:01+00:00\",\"description\":\"AIDA Cruises Fleet Location | Current Positions of AIDA Cruises Ships, IMO numbers, MMSI, Webcam | Live Fleet Maps | Live Ship Tracker\",\"breadcrumb\":{\"@id\":\"https:\\\/\\\/ship-tracker.org\\\/aida-cruises\\\/#breadcrumb\"},\"inLanguage\":\"pt-PT\",\"potentialAction\":[{\"@type\":\"ReadAction\",\"target\":[\"https:\\\/\\\/ship-tracker.org\\\/aida-cruises\\\/\"]}]},{\"@type\":\"ImageObject\",\"inLanguage\":\"pt-PT\",\"@id\":\"https:\\\/\\\/ship-tracker.org\\\/aida-cruises\\\/#primaryimage\",\"url\":\"https:\\\/\\\/ship-tracker.org\\\/wp-content\\\/uploads\\\/2020\\\/04\\\/aida-cruises-logo.jpg\",\"contentUrl\":\"https:\\\/\\\/ship-tracker.org\\\/wp-content\\\/uploads\\\/2020\\\/04\\\/aida-cruises-logo.jpg\",\"width\":461,\"height\":405,\"caption\":\"AIDA Cruises\"},{\"@type\":\"BreadcrumbList\",\"@id\":\"https:\\\/\\\/ship-tracker.org\\\/aida-cruises\\\/#breadcrumb\",\"itemListElement\":[{\"@type\":\"ListItem\",\"position\":1,\"name\":\"Startseite\",\"item\":\"https:\\\/\\\/ship-tracker.org\\\/\"},{\"@type\":\"ListItem\",\"position\":2,\"name\":\"AIDA Cruises\"}]},{\"@type\":\"WebSite\",\"@id\":\"https:\\\/\\\/ship-tracker.org\\\/#website\",\"url\":\"https:\\\/\\\/ship-tracker.org\\\/\",\"name\":\"Ship-tracker.org\",\"description\":\"\",\"potentialAction\":[{\"@type\":\"SearchAction\",\"target\":{\"@type\":\"EntryPoint\",\"urlTemplate\":\"https:\\\/\\\/ship-tracker.org\\\/?s={search_term_string}\"},\"query-input\":{\"@type\":\"PropertyValueSpecification\",\"valueRequired\":true,\"valueName\":\"search_term_string\"}}],\"inLanguage\":\"pt-PT\"}]}<\/script>\n<!-- \/ Yoast SEO plugin. -->","yoast_head_json":{"title":"Acompanhar Frota de Cruzeiros AIDA | Navios de Cruzeiro | Embarca\u00e7\u00e3o Mar\u00edtima","description":"Localiza\u00e7\u00e3o da Frota de Cruzeiros AIDA | Posi\u00e7\u00f5es atuais dos navios da AIDA Cruises, n\u00fameros IMO, MMSI, webcam | Mapas da Frota ao Vivo | Rastreador de navios ao vivo","robots":{"index":"index","follow":"follow","max-snippet":"max-snippet:-1","max-image-preview":"max-image-preview:large","max-video-preview":"max-video-preview:-1"},"canonical":"https:\/\/ship-tracker.org\/pt\/aida-cruises\/","og_locale":"pt_PT","og_type":"article","og_title":"Track AIDA Cruises Fleet | Cruise Ships | Marine Vessel","og_description":"AIDA Cruises Fleet Location | Current Positions of AIDA Cruises Ships, IMO numbers, MMSI, Webcam | Live Fleet Maps | Live Ship Tracker","og_url":"https:\/\/ship-tracker.org\/pt\/aida-cruises\/","og_site_name":"Ship-tracker.org","article_modified_time":"2022-10-27T14:01:01+00:00","og_image":[{"width":461,"height":405,"url":"https:\/\/ship-tracker.org\/wp-content\/uploads\/2020\/04\/aida-cruises-logo.jpg","type":"image\/jpeg"}],"twitter_card":"summary_large_image","twitter_misc":{"Tempo estimado de leitura":"2 minutos"},"schema":{"@context":"https:\/\/schema.org","@graph":[{"@type":"WebPage","@id":"https:\/\/ship-tracker.org\/aida-cruises\/","url":"https:\/\/ship-tracker.org\/aida-cruises\/","name":"Acompanhar Frota de Cruzeiros AIDA | Navios de Cruzeiro | Embarca\u00e7\u00e3o Mar\u00edtima","isPartOf":{"@id":"https:\/\/ship-tracker.org\/#website"},"primaryImageOfPage":{"@id":"https:\/\/ship-tracker.org\/aida-cruises\/#primaryimage"},"image":{"@id":"https:\/\/ship-tracker.org\/aida-cruises\/#primaryimage"},"thumbnailUrl":"https:\/\/ship-tracker.org\/wp-content\/uploads\/2020\/04\/aida-cruises-logo.jpg","datePublished":"2020-04-29T12:19:16+00:00","dateModified":"2022-10-27T14:01:01+00:00","description":"Localiza\u00e7\u00e3o da Frota de Cruzeiros AIDA | Posi\u00e7\u00f5es atuais dos navios da AIDA Cruises, n\u00fameros IMO, MMSI, webcam | Mapas da Frota ao Vivo | Rastreador de navios ao vivo","breadcrumb":{"@id":"https:\/\/ship-tracker.org\/aida-cruises\/#breadcrumb"},"inLanguage":"pt-PT","potentialAction":[{"@type":"ReadAction","target":["https:\/\/ship-tracker.org\/aida-cruises\/"]}]},{"@type":"ImageObject","inLanguage":"pt-PT","@id":"https:\/\/ship-tracker.org\/aida-cruises\/#primaryimage","url":"https:\/\/ship-tracker.org\/wp-content\/uploads\/2020\/04\/aida-cruises-logo.jpg","contentUrl":"https:\/\/ship-tracker.org\/wp-content\/uploads\/2020\/04\/aida-cruises-logo.jpg","width":461,"height":405,"caption":"AIDA Cruises"},{"@type":"BreadcrumbList","@id":"https:\/\/ship-tracker.org\/aida-cruises\/#breadcrumb","itemListElement":[{"@type":"ListItem","position":1,"name":"Startseite","item":"https:\/\/ship-tracker.org\/"},{"@type":"ListItem","position":2,"name":"AIDA Cruises"}]},{"@type":"WebSite","@id":"https:\/\/ship-tracker.org\/#website","url":"https:\/\/ship-tracker.org\/","name":"Ship-tracker.org","description":"","potentialAction":[{"@type":"SearchAction","target":{"@type":"EntryPoint","urlTemplate":"https:\/\/ship-tracker.org\/?s={search_term_string}"},"query-input":{"@type":"PropertyValueSpecification","valueRequired":true,"valueName":"search_term_string"}}],"inLanguage":"pt-PT"}]}},"_links":{"self":[{"href":"https:\/\/ship-tracker.org\/pt\/wp-json\/wp\/v2\/pages\/2126","targetHints":{"allow":["GET"]}}],"collection":[{"href":"https:\/\/ship-tracker.org\/pt\/wp-json\/wp\/v2\/pages"}],"about":[{"href":"https:\/\/ship-tracker.org\/pt\/wp-json\/wp\/v2\/types\/page"}],"author":[{"embeddable":true,"href":"https:\/\/ship-tracker.org\/pt\/wp-json\/wp\/v2\/users\/1"}],"replies":[{"embeddable":true,"href":"https:\/\/ship-tracker.org\/pt\/wp-json\/wp\/v2\/comments?post=2126"}],"version-history":[{"count":6,"href":"https:\/\/ship-tracker.org\/pt\/wp-json\/wp\/v2\/pages\/2126\/revisions"}],"predecessor-version":[{"id":3489,"href":"https:\/\/ship-tracker.org\/pt\/wp-json\/wp\/v2\/pages\/2126\/revisions\/3489"}],"wp:featuredmedia":[{"embeddable":true,"href":"https:\/\/ship-tracker.org\/pt\/wp-json\/wp\/v2\/media\/2127"}],"wp:attachment":[{"href":"https:\/\/ship-tracker.org\/pt\/wp-json\/wp\/v2\/media?parent=2126"}],"curies":[{"name":"wp","href":"https:\/\/api.w.org\/{rel}","templated":true}]}}