{"id":2114,"date":"2020-04-29T14:23:28","date_gmt":"2020-04-29T12:23:28","guid":{"rendered":"https:\/\/ship-tracker.org\/?page_id=2114"},"modified":"2022-10-27T16:01:46","modified_gmt":"2022-10-27T14:01:46","slug":"windstar-cruises","status":"publish","type":"page","link":"https:\/\/ship-tracker.org\/pt\/windstar-cruises\/","title":{"rendered":"Windstar Cruises"},"content":{"rendered":"<h2>Windstar Cruises Localiza\u00e7\u00e3o da frota Navios, n\u00fameros IMO, MMSI, webcams<\/h2>\n<p>Onde est\u00e1 atualmente a posi\u00e7\u00e3o atual da Windstar Cruises Fleet?<\/p>\n<table style=\"border-collapse: collapse; width: 100%; height: 168px;\">\n<tbody>\n<tr style=\"height: 24px;\">\n<td style=\"width: 33.3575%; height: 24px;\"><span style=\"color: #1f405b;\"><strong>Navio<\/strong><\/span><\/td>\n<td style=\"width: 33.285%; height: 24px;\"><span style=\"color: #1f405b;\"><strong>IMO<\/strong><\/span><\/td>\n<td style=\"width: 33.285%; height: 24px;\"><span style=\"color: #1f405b;\"><strong>MMSI<\/strong><\/span><\/td>\n<\/tr>\n<tr style=\"height: 24px;\">\n<td style=\"width: 33.3575%; height: 24px;\"><a href=\"https:\/\/ship-tracker.org\/pt\/star-legend\/\">Star Legend<\/a><\/td>\n<td style=\"width: 33.285%; height: 24px;\">9008598<\/td>\n<td style=\"width: 33.285%; height: 24px;\">311085000<\/td>\n<\/tr>\n<tr style=\"height: 24px;\">\n<td style=\"width: 33.3575%; height: 24px;\"><a href=\"https:\/\/ship-tracker.org\/pt\/wind-surf\/\">Wind Surf<\/a><\/td>\n<td style=\"width: 33.285%; height: 24px;\">8700785<\/td>\n<td style=\"width: 33.285%; height: 24px;\">309242000<\/td>\n<\/tr>\n<tr style=\"height: 24px;\">\n<td style=\"width: 33.3575%; height: 24px;\"><a href=\"https:\/\/ship-tracker.org\/pt\/star-breeze\/\">Star Breeze<\/a><\/td>\n<td style=\"width: 33.285%; height: 24px;\">8807997<\/td>\n<td style=\"width: 33.285%; height: 24px;\">311083000<\/td>\n<\/tr>\n<tr style=\"height: 24px;\">\n<td style=\"width: 33.3575%; height: 24px;\"><a href=\"https:\/\/ship-tracker.org\/pt\/wind-spirit\/\">Wind Spirit<\/a><\/td>\n<td style=\"width: 33.285%; height: 24px;\">8603509<\/td>\n<td style=\"width: 33.285%; height: 24px;\">309056000<\/td>\n<\/tr>\n<tr style=\"height: 24px;\">\n<td style=\"width: 33.3575%; height: 24px;\"><a href=\"https:\/\/ship-tracker.org\/pt\/star-pride\/\">Star Pride<\/a><\/td>\n<td style=\"width: 33.285%; height: 24px;\">8707343<\/td>\n<td style=\"width: 33.285%; height: 24px;\">311084000<\/td>\n<\/tr>\n<tr style=\"height: 24px;\">\n<td style=\"width: 33.3575%; height: 24px;\"><a href=\"https:\/\/ship-tracker.org\/pt\/wind-star\/\">Wind Star<\/a><\/td>\n<td style=\"width: 33.285%; height: 24px;\">8420878<\/td>\n<td style=\"width: 33.285%; height: 24px;\">309163000<\/td>\n<\/tr>\n<\/tbody>\n<\/table>\n<h2>Sobre a Windstar Cruises<\/h2>\n<p>Windstar Cruises \u00e9 uma marca de luxo que opera uma frota de navios e mega-iates menores, com capacidade para at\u00e9 310 passageiros. A empresa viaja para 150 portos no Caribe, Am\u00e9rica Central, Pac\u00edfico Sul, \u00c1sia e Europa. A Windstar \u00e9 atualmente uma subsidi\u00e1ria da Xanterra Parks and Reso.<\/p>","protected":false},"excerpt":{"rendered":"<p>Localiza\u00e7\u00e3o da frota da Windstar Cruises Navios, n\u00fameros IMO, MMSI, webcams Onde est\u00e1 a posi\u00e7\u00e3o atual da frota da Windstar Cruises atualmente? Navio IMO MMSI Star Legend 9008598 311085000 Wind Surf 8700785 309242000 Star Breeze 8807997 311083000 Wind Spirit 8603509 309056000 Star Pride 8707343 311084000 Wind Star 8420878 3091 63000 Sobre Windstar Cruises Windstar Cruises \u00e9 uma marca de luxo\u2026&nbsp;<a href=\"https:\/\/ship-tracker.org\/pt\/windstar-cruises\/\" rel=\"bookmark\">Ler mais \u00bb<span class=\"screen-reader-text\">Windstar Cruises<\/span><\/a><\/p>","protected":false},"author":1,"featured_media":2115,"parent":0,"menu_order":0,"comment_status":"closed","ping_status":"closed","template":"","meta":{"neve_meta_sidebar":"","neve_meta_container":"","neve_meta_enable_content_width":"","neve_meta_content_width":0,"neve_meta_title_alignment":"","neve_meta_author_avatar":"","neve_post_elements_order":"","neve_meta_disable_header":"","neve_meta_disable_footer":"","neve_meta_disable_title":"","neve_meta_reading_time":"","footnotes":""},"class_list":["post-2114","page","type-page","status-publish","has-post-thumbnail","hentry"],"yoast_head":"<!-- This site is optimized with the Yoast SEO plugin v26.9 - https:\/\/yoast.com\/product\/yoast-seo-wordpress\/ -->\n<title>Track Windstar Cruises Fleet | Cruise Ships | Marine Vessel<\/title>\n<meta name=\"description\" content=\"Windstar Cruises Fleet Location | Current Positions of Windstar Cruises Ships, IMO numbers, MMSI, Webcam | Live Fleet Maps | Ship Tracker\" \/>\n<meta name=\"robots\" content=\"index, follow, max-snippet:-1, max-image-preview:large, max-video-preview:-1\" \/>\n<link rel=\"canonical\" href=\"https:\/\/ship-tracker.org\/pt\/windstar-cruises\/\" \/>\n<meta property=\"og:locale\" content=\"pt_PT\" \/>\n<meta property=\"og:type\" content=\"article\" \/>\n<meta property=\"og:title\" content=\"Track Windstar Cruises Fleet | Cruise Ships | Marine Vessel\" \/>\n<meta property=\"og:description\" content=\"Windstar Cruises Fleet Location | Current Positions of Windstar Cruises Ships, IMO numbers, MMSI, Webcam | Live Fleet Maps | Ship Tracker\" \/>\n<meta property=\"og:url\" content=\"https:\/\/ship-tracker.org\/pt\/windstar-cruises\/\" \/>\n<meta property=\"og:site_name\" content=\"Ship-tracker.org\" \/>\n<meta property=\"article:modified_time\" content=\"2022-10-27T14:01:46+00:00\" \/>\n<meta property=\"og:image\" content=\"https:\/\/ship-tracker.org\/wp-content\/uploads\/2020\/04\/windstar-web.jpg\" \/>\n\t<meta property=\"og:image:width\" content=\"1000\" \/>\n\t<meta property=\"og:image:height\" content=\"682\" \/>\n\t<meta property=\"og:image:type\" content=\"image\/jpeg\" \/>\n<meta name=\"twitter:card\" content=\"summary_large_image\" \/>\n<meta name=\"twitter:label1\" content=\"Tempo estimado de leitura\" \/>\n\t<meta name=\"twitter:data1\" content=\"1 minuto\" \/>\n<script type=\"application\/ld+json\" class=\"yoast-schema-graph\">{\"@context\":\"https:\/\/schema.org\",\"@graph\":[{\"@type\":\"WebPage\",\"@id\":\"https:\/\/ship-tracker.org\/windstar-cruises\/\",\"url\":\"https:\/\/ship-tracker.org\/windstar-cruises\/\",\"name\":\"Track Windstar Cruises Fleet | Cruise Ships | Marine Vessel\",\"isPartOf\":{\"@id\":\"https:\/\/ship-tracker.org\/#website\"},\"primaryImageOfPage\":{\"@id\":\"https:\/\/ship-tracker.org\/windstar-cruises\/#primaryimage\"},\"image\":{\"@id\":\"https:\/\/ship-tracker.org\/windstar-cruises\/#primaryimage\"},\"thumbnailUrl\":\"https:\/\/ship-tracker.org\/wp-content\/uploads\/2020\/04\/windstar-web.jpg\",\"datePublished\":\"2020-04-29T12:23:28+00:00\",\"dateModified\":\"2022-10-27T14:01:46+00:00\",\"description\":\"Windstar Cruises Fleet Location | Current Positions of Windstar Cruises Ships, IMO numbers, MMSI, Webcam | Live Fleet Maps | Ship Tracker\",\"breadcrumb\":{\"@id\":\"https:\/\/ship-tracker.org\/windstar-cruises\/#breadcrumb\"},\"inLanguage\":\"pt-PT\",\"potentialAction\":[{\"@type\":\"ReadAction\",\"target\":[\"https:\/\/ship-tracker.org\/windstar-cruises\/\"]}]},{\"@type\":\"ImageObject\",\"inLanguage\":\"pt-PT\",\"@id\":\"https:\/\/ship-tracker.org\/windstar-cruises\/#primaryimage\",\"url\":\"https:\/\/ship-tracker.org\/wp-content\/uploads\/2020\/04\/windstar-web.jpg\",\"contentUrl\":\"https:\/\/ship-tracker.org\/wp-content\/uploads\/2020\/04\/windstar-web.jpg\",\"width\":1000,\"height\":682,\"caption\":\"Windstar Cruises\"},{\"@type\":\"BreadcrumbList\",\"@id\":\"https:\/\/ship-tracker.org\/windstar-cruises\/#breadcrumb\",\"itemListElement\":[{\"@type\":\"ListItem\",\"position\":1,\"name\":\"Startseite\",\"item\":\"https:\/\/ship-tracker.org\/\"},{\"@type\":\"ListItem\",\"position\":2,\"name\":\"Windstar Cruises\"}]},{\"@type\":\"WebSite\",\"@id\":\"https:\/\/ship-tracker.org\/#website\",\"url\":\"https:\/\/ship-tracker.org\/\",\"name\":\"Ship-tracker.org\",\"description\":\"\",\"potentialAction\":[{\"@type\":\"SearchAction\",\"target\":{\"@type\":\"EntryPoint\",\"urlTemplate\":\"https:\/\/ship-tracker.org\/?s={search_term_string}\"},\"query-input\":{\"@type\":\"PropertyValueSpecification\",\"valueRequired\":true,\"valueName\":\"search_term_string\"}}],\"inLanguage\":\"pt-PT\"}]}<\/script>\n<!-- \/ Yoast SEO plugin. -->","yoast_head_json":{"title":"Rastrear frota Windstar Cruises | Navios de cruzeiro | Marine Vessel","description":"Localiza\u00e7\u00e3o da frota da Windstar Cruises | Posi\u00e7\u00f5es atuais dos navios da Windstar Cruises, n\u00fameros IMO, MMSI, webcam | Mapas de frota ao vivo | Rastreador de navios","robots":{"index":"index","follow":"follow","max-snippet":"max-snippet:-1","max-image-preview":"max-image-preview:large","max-video-preview":"max-video-preview:-1"},"canonical":"https:\/\/ship-tracker.org\/pt\/windstar-cruises\/","og_locale":"pt_PT","og_type":"article","og_title":"Track Windstar Cruises Fleet | Cruise Ships | Marine Vessel","og_description":"Windstar Cruises Fleet Location | Current Positions of Windstar Cruises Ships, IMO numbers, MMSI, Webcam | Live Fleet Maps | Ship Tracker","og_url":"https:\/\/ship-tracker.org\/pt\/windstar-cruises\/","og_site_name":"Ship-tracker.org","article_modified_time":"2022-10-27T14:01:46+00:00","og_image":[{"width":1000,"height":682,"url":"https:\/\/ship-tracker.org\/wp-content\/uploads\/2020\/04\/windstar-web.jpg","type":"image\/jpeg"}],"twitter_card":"summary_large_image","twitter_misc":{"Tempo estimado de leitura":"1 minuto"},"schema":{"@context":"https:\/\/schema.org","@graph":[{"@type":"WebPage","@id":"https:\/\/ship-tracker.org\/windstar-cruises\/","url":"https:\/\/ship-tracker.org\/windstar-cruises\/","name":"Rastrear frota Windstar Cruises | Navios de cruzeiro | Marine Vessel","isPartOf":{"@id":"https:\/\/ship-tracker.org\/#website"},"primaryImageOfPage":{"@id":"https:\/\/ship-tracker.org\/windstar-cruises\/#primaryimage"},"image":{"@id":"https:\/\/ship-tracker.org\/windstar-cruises\/#primaryimage"},"thumbnailUrl":"https:\/\/ship-tracker.org\/wp-content\/uploads\/2020\/04\/windstar-web.jpg","datePublished":"2020-04-29T12:23:28+00:00","dateModified":"2022-10-27T14:01:46+00:00","description":"Localiza\u00e7\u00e3o da frota da Windstar Cruises | Posi\u00e7\u00f5es atuais dos navios da Windstar Cruises, n\u00fameros IMO, MMSI, webcam | Mapas de frota ao vivo | Rastreador de navios","breadcrumb":{"@id":"https:\/\/ship-tracker.org\/windstar-cruises\/#breadcrumb"},"inLanguage":"pt-PT","potentialAction":[{"@type":"ReadAction","target":["https:\/\/ship-tracker.org\/windstar-cruises\/"]}]},{"@type":"ImageObject","inLanguage":"pt-PT","@id":"https:\/\/ship-tracker.org\/windstar-cruises\/#primaryimage","url":"https:\/\/ship-tracker.org\/wp-content\/uploads\/2020\/04\/windstar-web.jpg","contentUrl":"https:\/\/ship-tracker.org\/wp-content\/uploads\/2020\/04\/windstar-web.jpg","width":1000,"height":682,"caption":"Windstar Cruises"},{"@type":"BreadcrumbList","@id":"https:\/\/ship-tracker.org\/windstar-cruises\/#breadcrumb","itemListElement":[{"@type":"ListItem","position":1,"name":"Startseite","item":"https:\/\/ship-tracker.org\/"},{"@type":"ListItem","position":2,"name":"Windstar Cruises"}]},{"@type":"WebSite","@id":"https:\/\/ship-tracker.org\/#website","url":"https:\/\/ship-tracker.org\/","name":"Ship-tracker.org","description":"","potentialAction":[{"@type":"SearchAction","target":{"@type":"EntryPoint","urlTemplate":"https:\/\/ship-tracker.org\/?s={search_term_string}"},"query-input":{"@type":"PropertyValueSpecification","valueRequired":true,"valueName":"search_term_string"}}],"inLanguage":"pt-PT"}]}},"_links":{"self":[{"href":"https:\/\/ship-tracker.org\/pt\/wp-json\/wp\/v2\/pages\/2114","targetHints":{"allow":["GET"]}}],"collection":[{"href":"https:\/\/ship-tracker.org\/pt\/wp-json\/wp\/v2\/pages"}],"about":[{"href":"https:\/\/ship-tracker.org\/pt\/wp-json\/wp\/v2\/types\/page"}],"author":[{"embeddable":true,"href":"https:\/\/ship-tracker.org\/pt\/wp-json\/wp\/v2\/users\/1"}],"replies":[{"embeddable":true,"href":"https:\/\/ship-tracker.org\/pt\/wp-json\/wp\/v2\/comments?post=2114"}],"version-history":[{"count":3,"href":"https:\/\/ship-tracker.org\/pt\/wp-json\/wp\/v2\/pages\/2114\/revisions"}],"predecessor-version":[{"id":2484,"href":"https:\/\/ship-tracker.org\/pt\/wp-json\/wp\/v2\/pages\/2114\/revisions\/2484"}],"wp:featuredmedia":[{"embeddable":true,"href":"https:\/\/ship-tracker.org\/pt\/wp-json\/wp\/v2\/media\/2115"}],"wp:attachment":[{"href":"https:\/\/ship-tracker.org\/pt\/wp-json\/wp\/v2\/media?parent=2114"}],"curies":[{"name":"wp","href":"https:\/\/api.w.org\/{rel}","templated":true}]}}