{"id":2111,"date":"2020-04-29T14:24:35","date_gmt":"2020-04-29T12:24:35","guid":{"rendered":"https:\/\/ship-tracker.org\/?page_id=2111"},"modified":"2022-11-01T13:12:04","modified_gmt":"2022-11-01T12:12:04","slug":"viking-ocean-cruises","status":"publish","type":"page","link":"https:\/\/ship-tracker.org\/pt\/viking-ocean-cruises\/","title":{"rendered":"Viking Ocean Cruises"},"content":{"rendered":"<h2>Navios de localiza\u00e7\u00e3o da frota da Viking Ocean Cruises, n\u00fameros IMO, MMSI, webcams<\/h2>\n<p>Onde est\u00e1 atualmente a posi\u00e7\u00e3o atual da frota da Viking Ocean Cruises?<\/p>\n<table style=\"border-collapse: collapse; width: 100%; height: 288px;\">\n<tbody>\n<tr style=\"height: 24px;\">\n<td style=\"width: 33.3333%; height: 24px;\"><span style=\"color: #1f405b;\"><strong>Navio<\/strong><\/span><\/td>\n<td style=\"width: 33.3333%; height: 24px;\"><span style=\"color: #1f405b;\"><strong>IMO<\/strong><\/span><\/td>\n<td style=\"width: 33.3333%; height: 24px;\"><span style=\"color: #1f405b;\"><strong>MMSI<\/strong><\/span><\/td>\n<\/tr>\n<tr style=\"height: 24px;\">\n<td style=\"width: 33.3333%; height: 24px;\"><a href=\"https:\/\/ship-tracker.org\/pt\/viking-jupiter\/\">Viking Jupiter<\/a><\/td>\n<td style=\"width: 33.3333%; height: 24px;\">9796262<\/td>\n<td style=\"width: 33.3333%; height: 24px;\">257058920<\/td>\n<\/tr>\n<tr style=\"height: 24px;\">\n<td style=\"width: 33.3333%; height: 24px;\"><a href=\"https:\/\/ship-tracker.org\/pt\/viking-orion\/\">Viking Orion<\/a><\/td>\n<td style=\"width: 33.3333%; height: 24px;\">9796250<\/td>\n<td style=\"width: 33.3333%; height: 24px;\">257034130<\/td>\n<\/tr>\n<tr style=\"height: 24px;\">\n<td style=\"width: 33.3333%; height: 24px;\"><a href=\"https:\/\/ship-tracker.org\/pt\/viking-sky\/\">Viking Sky<\/a><\/td>\n<td style=\"width: 33.3333%; height: 24px;\">9796250<\/td>\n<td style=\"width: 33.3333%; height: 24px;\">257034130<\/td>\n<\/tr>\n<tr style=\"height: 24px;\">\n<td style=\"width: 33.3333%; height: 24px;\"><a href=\"https:\/\/ship-tracker.org\/pt\/viking-sun\/\">Viking Sun<\/a><\/td>\n<td style=\"width: 33.3333%; height: 24px;\">9725433<\/td>\n<td style=\"width: 33.3333%; height: 24px;\">257179000<\/td>\n<\/tr>\n<tr style=\"height: 24px;\">\n<td style=\"width: 33.3333%; height: 24px;\"><a href=\"https:\/\/ship-tracker.org\/pt\/viking-sea\/\">Viking Sea<\/a><\/td>\n<td style=\"width: 33.3333%; height: 24px;\">9725421<\/td>\n<td style=\"width: 33.3333%; height: 24px;\">258215000<\/td>\n<\/tr>\n<tr style=\"height: 24px;\">\n<td style=\"width: 33.3333%; height: 24px;\"><a href=\"https:\/\/ship-tracker.org\/pt\/viking-star\/\">Viking Star<\/a><\/td>\n<td style=\"width: 33.3333%; height: 24px;\">9650418<\/td>\n<td style=\"width: 33.3333%; height: 24px;\">257903000<\/td>\n<\/tr>\n<tr style=\"height: 24px;\">\n<td style=\"width: 33.3333%; height: 24px;\">Viking Mississippi<\/td>\n<td style=\"width: 33.3333%; height: 24px;\"><\/td>\n<td style=\"width: 33.3333%; height: 24px;\">368261120<\/td>\n<\/tr>\n<tr style=\"height: 24px;\">\n<td style=\"width: 33.3333%; height: 24px;\"><a href=\"https:\/\/ship-tracker.org\/pt\/viking-polaris\/\">Viking Polaris<\/a><\/td>\n<td style=\"width: 33.3333%; height: 24px;\">9863209<\/td>\n<td style=\"width: 33.3333%; height: 24px;\">259144000<\/td>\n<\/tr>\n<tr class=\"alt\" style=\"height: 24px;\">\n<td style=\"width: 33.3333%; height: 24px;\"><a href=\"https:\/\/ship-tracker.org\/pt\/viking-octantis\/\">Viking Octantis<\/a><\/td>\n<td style=\"width: 33.3333%; height: 24px;\">9863194<\/td>\n<td style=\"width: 33.3333%; height: 24px;\">259070000<\/td>\n<\/tr>\n<tr style=\"height: 24px;\">\n<td style=\"width: 33.3333%; height: 24px;\"><a href=\"https:\/\/ship-tracker.org\/pt\/viking-venus\/\">Viking Venus<\/a><\/td>\n<td style=\"width: 33.3333%; height: 24px;\">9833175<\/td>\n<td style=\"width: 33.3333%; height: 24px;\">257552000<\/td>\n<\/tr>\n<\/tbody>\n<\/table>","protected":false},"excerpt":{"rendered":"<p>Localiza\u00e7\u00e3o da frota da Viking Ocean Cruises Navios, n\u00fameros IMO, MMSI, webcams Onde est\u00e1 a posi\u00e7\u00e3o atual da frota da Viking Ocean Cruises atualmente? Navio IMO MMSI Viking J\u00fapiter 9796262 257058920 Viking Orion 9796250 257034130 Viking Sky 9796250 257034130 Viking Sun 9725433 257179000 Viking Sea 9725421 258215000 Viking Star 9650418 257903 000 Viking Mississippi 368261120 Viking Polaris 9863209 259144000\u2026&nbsp;<a href=\"https:\/\/ship-tracker.org\/pt\/viking-ocean-cruises\/\" rel=\"bookmark\">Ler mais \u00bb<span class=\"screen-reader-text\">Viking Ocean Cruises<\/span><\/a><\/p>","protected":false},"author":1,"featured_media":2112,"parent":0,"menu_order":0,"comment_status":"closed","ping_status":"closed","template":"","meta":{"neve_meta_sidebar":"","neve_meta_container":"","neve_meta_enable_content_width":"","neve_meta_content_width":0,"neve_meta_title_alignment":"","neve_meta_author_avatar":"","neve_post_elements_order":"","neve_meta_disable_header":"","neve_meta_disable_footer":"","neve_meta_disable_title":"","neve_meta_reading_time":"","footnotes":""},"class_list":["post-2111","page","type-page","status-publish","has-post-thumbnail","hentry"],"yoast_head":"<!-- This site is optimized with the Yoast SEO plugin v26.9 - https:\/\/yoast.com\/product\/yoast-seo-wordpress\/ -->\n<title>Track Viking Ocean Cruises Fleet | Cruise Ships | Marine Vessel<\/title>\n<meta name=\"description\" content=\"Viking Ocean Cruises Fleet Location | Current Positions of Viking Ocean Cruises Ships, IMO numbers, MMSI, Webcam | Live Fleet Maps | Tracker\" \/>\n<meta name=\"robots\" content=\"index, follow, max-snippet:-1, max-image-preview:large, max-video-preview:-1\" \/>\n<link rel=\"canonical\" href=\"https:\/\/ship-tracker.org\/pt\/viking-ocean-cruises\/\" \/>\n<meta property=\"og:locale\" content=\"pt_PT\" \/>\n<meta property=\"og:type\" content=\"article\" \/>\n<meta property=\"og:title\" content=\"Track Viking Ocean Cruises Fleet | Cruise Ships | Marine Vessel\" \/>\n<meta property=\"og:description\" content=\"Viking Ocean Cruises Fleet Location | Current Positions of Viking Ocean Cruises Ships, IMO numbers, MMSI, Webcam | Live Fleet Maps | Tracker\" \/>\n<meta property=\"og:url\" content=\"https:\/\/ship-tracker.org\/pt\/viking-ocean-cruises\/\" \/>\n<meta property=\"og:site_name\" content=\"Ship-tracker.org\" \/>\n<meta property=\"article:modified_time\" content=\"2022-11-01T12:12:04+00:00\" \/>\n<meta property=\"og:image\" content=\"https:\/\/ship-tracker.org\/wp-content\/uploads\/2020\/04\/78.jpg\" \/>\n\t<meta property=\"og:image:width\" content=\"800\" \/>\n\t<meta property=\"og:image:height\" content=\"600\" \/>\n\t<meta property=\"og:image:type\" content=\"image\/jpeg\" \/>\n<meta name=\"twitter:card\" content=\"summary_large_image\" \/>\n<meta name=\"twitter:label1\" content=\"Tempo estimado de leitura\" \/>\n\t<meta name=\"twitter:data1\" content=\"1 minuto\" \/>\n<script type=\"application\/ld+json\" class=\"yoast-schema-graph\">{\"@context\":\"https:\/\/schema.org\",\"@graph\":[{\"@type\":\"WebPage\",\"@id\":\"https:\/\/ship-tracker.org\/viking-ocean-cruises\/\",\"url\":\"https:\/\/ship-tracker.org\/viking-ocean-cruises\/\",\"name\":\"Track Viking Ocean Cruises Fleet | Cruise Ships | Marine Vessel\",\"isPartOf\":{\"@id\":\"https:\/\/ship-tracker.org\/#website\"},\"primaryImageOfPage\":{\"@id\":\"https:\/\/ship-tracker.org\/viking-ocean-cruises\/#primaryimage\"},\"image\":{\"@id\":\"https:\/\/ship-tracker.org\/viking-ocean-cruises\/#primaryimage\"},\"thumbnailUrl\":\"https:\/\/ship-tracker.org\/wp-content\/uploads\/2020\/04\/78.jpg\",\"datePublished\":\"2020-04-29T12:24:35+00:00\",\"dateModified\":\"2022-11-01T12:12:04+00:00\",\"description\":\"Viking Ocean Cruises Fleet Location | Current Positions of Viking Ocean Cruises Ships, IMO numbers, MMSI, Webcam | Live Fleet Maps | Tracker\",\"breadcrumb\":{\"@id\":\"https:\/\/ship-tracker.org\/viking-ocean-cruises\/#breadcrumb\"},\"inLanguage\":\"pt-PT\",\"potentialAction\":[{\"@type\":\"ReadAction\",\"target\":[\"https:\/\/ship-tracker.org\/viking-ocean-cruises\/\"]}]},{\"@type\":\"ImageObject\",\"inLanguage\":\"pt-PT\",\"@id\":\"https:\/\/ship-tracker.org\/viking-ocean-cruises\/#primaryimage\",\"url\":\"https:\/\/ship-tracker.org\/wp-content\/uploads\/2020\/04\/78.jpg\",\"contentUrl\":\"https:\/\/ship-tracker.org\/wp-content\/uploads\/2020\/04\/78.jpg\",\"width\":800,\"height\":600,\"caption\":\"Viking Ocean Cruises\"},{\"@type\":\"BreadcrumbList\",\"@id\":\"https:\/\/ship-tracker.org\/viking-ocean-cruises\/#breadcrumb\",\"itemListElement\":[{\"@type\":\"ListItem\",\"position\":1,\"name\":\"Startseite\",\"item\":\"https:\/\/ship-tracker.org\/\"},{\"@type\":\"ListItem\",\"position\":2,\"name\":\"Viking Ocean Cruises\"}]},{\"@type\":\"WebSite\",\"@id\":\"https:\/\/ship-tracker.org\/#website\",\"url\":\"https:\/\/ship-tracker.org\/\",\"name\":\"Ship-tracker.org\",\"description\":\"\",\"potentialAction\":[{\"@type\":\"SearchAction\",\"target\":{\"@type\":\"EntryPoint\",\"urlTemplate\":\"https:\/\/ship-tracker.org\/?s={search_term_string}\"},\"query-input\":{\"@type\":\"PropertyValueSpecification\",\"valueRequired\":true,\"valueName\":\"search_term_string\"}}],\"inLanguage\":\"pt-PT\"}]}<\/script>\n<!-- \/ Yoast SEO plugin. -->","yoast_head_json":{"title":"Frota Viking Ocean Cruises de trilha | Navios de cruzeiro | Marine Vessel","description":"Localiza\u00e7\u00e3o da frota da Viking Ocean Cruises | Posi\u00e7\u00f5es atuais dos navios da Viking Ocean Cruises, n\u00fameros IMO, MMSI, webcam | Mapas de frota ao vivo | Rastreador","robots":{"index":"index","follow":"follow","max-snippet":"max-snippet:-1","max-image-preview":"max-image-preview:large","max-video-preview":"max-video-preview:-1"},"canonical":"https:\/\/ship-tracker.org\/pt\/viking-ocean-cruises\/","og_locale":"pt_PT","og_type":"article","og_title":"Track Viking Ocean Cruises Fleet | Cruise Ships | Marine Vessel","og_description":"Viking Ocean Cruises Fleet Location | Current Positions of Viking Ocean Cruises Ships, IMO numbers, MMSI, Webcam | Live Fleet Maps | Tracker","og_url":"https:\/\/ship-tracker.org\/pt\/viking-ocean-cruises\/","og_site_name":"Ship-tracker.org","article_modified_time":"2022-11-01T12:12:04+00:00","og_image":[{"width":800,"height":600,"url":"https:\/\/ship-tracker.org\/wp-content\/uploads\/2020\/04\/78.jpg","type":"image\/jpeg"}],"twitter_card":"summary_large_image","twitter_misc":{"Tempo estimado de leitura":"1 minuto"},"schema":{"@context":"https:\/\/schema.org","@graph":[{"@type":"WebPage","@id":"https:\/\/ship-tracker.org\/viking-ocean-cruises\/","url":"https:\/\/ship-tracker.org\/viking-ocean-cruises\/","name":"Frota Viking Ocean Cruises de trilha | Navios de cruzeiro | Marine Vessel","isPartOf":{"@id":"https:\/\/ship-tracker.org\/#website"},"primaryImageOfPage":{"@id":"https:\/\/ship-tracker.org\/viking-ocean-cruises\/#primaryimage"},"image":{"@id":"https:\/\/ship-tracker.org\/viking-ocean-cruises\/#primaryimage"},"thumbnailUrl":"https:\/\/ship-tracker.org\/wp-content\/uploads\/2020\/04\/78.jpg","datePublished":"2020-04-29T12:24:35+00:00","dateModified":"2022-11-01T12:12:04+00:00","description":"Localiza\u00e7\u00e3o da frota da Viking Ocean Cruises | Posi\u00e7\u00f5es atuais dos navios da Viking Ocean Cruises, n\u00fameros IMO, MMSI, webcam | Mapas de frota ao vivo | Rastreador","breadcrumb":{"@id":"https:\/\/ship-tracker.org\/viking-ocean-cruises\/#breadcrumb"},"inLanguage":"pt-PT","potentialAction":[{"@type":"ReadAction","target":["https:\/\/ship-tracker.org\/viking-ocean-cruises\/"]}]},{"@type":"ImageObject","inLanguage":"pt-PT","@id":"https:\/\/ship-tracker.org\/viking-ocean-cruises\/#primaryimage","url":"https:\/\/ship-tracker.org\/wp-content\/uploads\/2020\/04\/78.jpg","contentUrl":"https:\/\/ship-tracker.org\/wp-content\/uploads\/2020\/04\/78.jpg","width":800,"height":600,"caption":"Viking Ocean Cruises"},{"@type":"BreadcrumbList","@id":"https:\/\/ship-tracker.org\/viking-ocean-cruises\/#breadcrumb","itemListElement":[{"@type":"ListItem","position":1,"name":"Startseite","item":"https:\/\/ship-tracker.org\/"},{"@type":"ListItem","position":2,"name":"Viking Ocean Cruises"}]},{"@type":"WebSite","@id":"https:\/\/ship-tracker.org\/#website","url":"https:\/\/ship-tracker.org\/","name":"Ship-tracker.org","description":"","potentialAction":[{"@type":"SearchAction","target":{"@type":"EntryPoint","urlTemplate":"https:\/\/ship-tracker.org\/?s={search_term_string}"},"query-input":{"@type":"PropertyValueSpecification","valueRequired":true,"valueName":"search_term_string"}}],"inLanguage":"pt-PT"}]}},"_links":{"self":[{"href":"https:\/\/ship-tracker.org\/pt\/wp-json\/wp\/v2\/pages\/2111","targetHints":{"allow":["GET"]}}],"collection":[{"href":"https:\/\/ship-tracker.org\/pt\/wp-json\/wp\/v2\/pages"}],"about":[{"href":"https:\/\/ship-tracker.org\/pt\/wp-json\/wp\/v2\/types\/page"}],"author":[{"embeddable":true,"href":"https:\/\/ship-tracker.org\/pt\/wp-json\/wp\/v2\/users\/1"}],"replies":[{"embeddable":true,"href":"https:\/\/ship-tracker.org\/pt\/wp-json\/wp\/v2\/comments?post=2111"}],"version-history":[{"count":5,"href":"https:\/\/ship-tracker.org\/pt\/wp-json\/wp\/v2\/pages\/2111\/revisions"}],"predecessor-version":[{"id":3524,"href":"https:\/\/ship-tracker.org\/pt\/wp-json\/wp\/v2\/pages\/2111\/revisions\/3524"}],"wp:featuredmedia":[{"embeddable":true,"href":"https:\/\/ship-tracker.org\/pt\/wp-json\/wp\/v2\/media\/2112"}],"wp:attachment":[{"href":"https:\/\/ship-tracker.org\/pt\/wp-json\/wp\/v2\/media?parent=2111"}],"curies":[{"name":"wp","href":"https:\/\/api.w.org\/{rel}","templated":true}]}}