{"id":2107,"date":"2020-04-29T14:25:32","date_gmt":"2020-04-29T12:25:32","guid":{"rendered":"https:\/\/ship-tracker.org\/?page_id=2107"},"modified":"2022-11-01T13:13:23","modified_gmt":"2022-11-01T12:13:23","slug":"holland-america-line","status":"publish","type":"page","link":"https:\/\/ship-tracker.org\/pt\/holland-america-line\/","title":{"rendered":"Holland America Line"},"content":{"rendered":"<h2>Navios de localiza\u00e7\u00e3o da frota da Holland America Line, n\u00fameros IMO, MMSI, webcams<\/h2>\n<p>Onde est\u00e1 atualmente a posi\u00e7\u00e3o atual da Holland America Line Fleet?<\/p>\n<table style=\"border-collapse: collapse; width: 100%; height: 384px;\">\n<tbody>\n<tr style=\"height: 24px;\">\n<td style=\"width: 33.3333%; height: 24px;\"><span style=\"color: #1f405b;\"><strong>Navio<\/strong><\/span><\/td>\n<td style=\"width: 33.3333%; height: 24px;\"><span style=\"color: #1f405b;\"><strong>IMO<\/strong><\/span><\/td>\n<td style=\"width: 33.3333%; height: 24px;\"><span style=\"color: #1f405b;\"><strong>MMSI<\/strong><\/span><\/td>\n<\/tr>\n<tr style=\"height: 24px;\">\n<td style=\"width: 33.3333%; height: 24px;\"><a href=\"https:\/\/ship-tracker.org\/pt\/ms-nieuw-statendam\/\">MS Nieuw Statendam<\/a><\/td>\n<td style=\"width: 33.3333%; height: 24px;\">9767106<\/td>\n<td style=\"width: 33.3333%; height: 24px;\">244140580<\/td>\n<\/tr>\n<tr style=\"height: 24px;\">\n<td style=\"width: 33.3333%; height: 24px;\"><a href=\"https:\/\/ship-tracker.org\/pt\/ms-koningsdam\/\">MS Koningsdam<\/a><\/td>\n<td style=\"width: 33.3333%; height: 24px;\">9692557<\/td>\n<td style=\"width: 33.3333%; height: 24px;\">244830547<\/td>\n<\/tr>\n<tr style=\"height: 24px;\">\n<td style=\"width: 33.3333%; height: 24px;\"><a href=\"https:\/\/ship-tracker.org\/pt\/ms-nieuw-amsterdam\/\">MS Nieuw Amsterdam<\/a><\/td>\n<td style=\"width: 33.3333%; height: 24px;\">9378450<\/td>\n<td style=\"width: 33.3333%; height: 24px;\">246648000<\/td>\n<\/tr>\n<tr style=\"height: 24px;\">\n<td style=\"width: 33.3333%; height: 24px;\"><a href=\"https:\/\/ship-tracker.org\/pt\/ms-eurodam\/\">MS Eurodam<\/a><\/td>\n<td style=\"width: 33.3333%; height: 24px;\">9378448<\/td>\n<td style=\"width: 33.3333%; height: 24px;\">245206000<\/td>\n<\/tr>\n<tr style=\"height: 24px;\">\n<td style=\"width: 33.3333%; height: 24px;\"><a href=\"https:\/\/ship-tracker.org\/pt\/ms-noordam\/\">MS Noordam<\/a><\/td>\n<td style=\"width: 33.3333%; height: 24px;\">9230115<\/td>\n<td style=\"width: 33.3333%; height: 24px;\">246028000<\/td>\n<\/tr>\n<tr style=\"height: 24px;\">\n<td style=\"width: 33.3333%; height: 24px;\"><a href=\"https:\/\/ship-tracker.org\/pt\/ms-westerdam\/\">MS Westerdam<\/a><\/td>\n<td style=\"width: 33.3333%; height: 24px;\">9226891<\/td>\n<td style=\"width: 33.3333%; height: 24px;\">244128000<\/td>\n<\/tr>\n<tr style=\"height: 24px;\">\n<td style=\"width: 33.3333%; height: 24px;\"><a href=\"https:\/\/ship-tracker.org\/pt\/ms-oosterdam\/\">MS Oosterdam<\/a><\/td>\n<td style=\"width: 33.3333%; height: 24px;\">9221281<\/td>\n<td style=\"width: 33.3333%; height: 24px;\">245417000<\/td>\n<\/tr>\n<tr class=\"alt\" style=\"height: 24px;\">\n<td style=\"width: 33.3333%; height: 24px;\"><a href=\"https:\/\/ship-tracker.org\/pt\/ms-zuiderdam\/\">MS Zuiderdam<\/a><\/td>\n<td style=\"width: 33.3333%; height: 24px;\">9221279<\/td>\n<td style=\"width: 33.3333%; height: 24px;\">245304000<\/td>\n<\/tr>\n<tr style=\"height: 24px;\">\n<td style=\"width: 33.3333%; height: 24px;\"><a href=\"https:\/\/ship-tracker.org\/pt\/ms-amsterdam\/\">MS Amsterdam<\/a><\/td>\n<td style=\"width: 33.3333%; height: 24px;\">9188037<\/td>\n<td style=\"width: 33.3333%; height: 24px;\">244370000<\/td>\n<\/tr>\n<tr style=\"height: 24px;\">\n<td style=\"width: 33.3333%; height: 24px;\"><a href=\"https:\/\/ship-tracker.org\/pt\/ms-zaandam\/\">MS Zaandam<\/a><\/td>\n<td style=\"width: 33.3333%; height: 24px;\">9156527<\/td>\n<td style=\"width: 33.3333%; height: 24px;\">246442000<\/td>\n<\/tr>\n<tr style=\"height: 24px;\">\n<td style=\"width: 33.3333%; height: 24px;\"><a href=\"https:\/\/ship-tracker.org\/pt\/ms-volendam\/\">MS Volendam<\/a><\/td>\n<td style=\"width: 33.3333%; height: 24px;\">9156515<\/td>\n<td style=\"width: 33.3333%; height: 24px;\">245968000<\/td>\n<\/tr>\n<tr style=\"height: 24px;\">\n<td style=\"width: 33.3333%; height: 24px;\"><a href=\"https:\/\/ship-tracker.org\/pt\/ms-rotterdam\/\">MS Rotterdam<\/a><\/td>\n<td style=\"width: 33.3333%; height: 24px;\">9122552<\/td>\n<td style=\"width: 33.3333%; height: 24px;\">246167000<\/td>\n<\/tr>\n<tr style=\"height: 24px;\">\n<td style=\"width: 33.3333%; height: 24px;\"><a href=\"https:\/\/ship-tracker.org\/pt\/ms-veendam\/\">MS Veendam<\/a><\/td>\n<td style=\"width: 33.3333%; height: 24px;\">9102992<\/td>\n<td style=\"width: 33.3333%; height: 24px;\">246506000<\/td>\n<\/tr>\n<tr style=\"height: 24px;\">\n<td style=\"width: 33.3333%; height: 24px;\"><a href=\"https:\/\/ship-tracker.org\/pt\/ms-maasdam\/\">MS Maasdam<\/a><\/td>\n<td style=\"width: 33.3333%; height: 24px;\">8919257<\/td>\n<td style=\"width: 33.3333%; height: 24px;\">244958000<\/td>\n<\/tr>\n<\/tbody>\n<\/table>\n<h2>Sobre a Holland America Line<\/h2>\n<p>A Holland America Line (HAL) foi fundada h\u00e1 130 anos em Roterd\u00e3 e inicialmente serviu como um servi\u00e7o regular entre a Holanda e a Am\u00e9rica. Enquanto isso, a companhia de navega\u00e7\u00e3o est\u00e1 sediada nos EUA e oferece cruzeiros exclusivamente no segmento de luxo h\u00e1 quase 50 anos. Desde ent\u00e3o, adquiriu uma excelente reputa\u00e7\u00e3o. Holland America Line - que significa navios de cruzeiro confort\u00e1veis, destinos emocionantes e servi\u00e7o de primeira classe.<\/p>\n<p>A maioria dos navios da Holland America Line est\u00e1 equipada com cabines com vista para o mar, muitas das quais com varanda ou terra\u00e7o privativo. Um destaque extra \u00e9 a madeira de teca usada nas varandas e varandas, proporcionando aos h\u00f3spedes um toque extra de sensa\u00e7\u00e3o mar\u00edtima. Aqui, longe da agita\u00e7\u00e3o do deck, os passageiros podem n\u00e3o apenas tomar sol sem se incomodar, mas tamb\u00e9m desfrutar de uma refei\u00e7\u00e3o ou uma bebida no ar fresco do mar. Uma caracter\u00edstica especial dos navios da Holland America Line \u00e9 que todos t\u00eam as dimens\u00f5es corretas para o Canal do Panam\u00e1, o que torna sua passagem um destaque especial para a transportadora.<\/p>","protected":false},"excerpt":{"rendered":"<p>Localiza\u00e7\u00e3o da frota da Holland America Line Navios, n\u00fameros IMO, MMSI, webcams Onde est\u00e1 a posi\u00e7\u00e3o atual da frota da Holland America Line atualmente? Navio IMO MMSI MS Nieuw Statendam 9767106 244140580 MS Koningsdam 9692557 244830547 MS Nieuw Amsterdam 9378450 246648000 MS Eurodam 9378448 245206000 MS Noordam 9230115 246028000 MS Westerdam 9226891 244128000 MS Oosterdam 9221281 245417000 MS\u2026&nbsp;<a href=\"https:\/\/ship-tracker.org\/pt\/holland-america-line\/\" rel=\"bookmark\">Ler mais \u00bb<span class=\"screen-reader-text\">Holland America Line<\/span><\/a><\/p>","protected":false},"author":1,"featured_media":2108,"parent":0,"menu_order":0,"comment_status":"closed","ping_status":"closed","template":"","meta":{"neve_meta_sidebar":"","neve_meta_container":"","neve_meta_enable_content_width":"","neve_meta_content_width":0,"neve_meta_title_alignment":"","neve_meta_author_avatar":"","neve_post_elements_order":"","neve_meta_disable_header":"","neve_meta_disable_footer":"","neve_meta_disable_title":"","neve_meta_reading_time":"","footnotes":""},"class_list":["post-2107","page","type-page","status-publish","has-post-thumbnail","hentry"],"yoast_head":"<!-- This site is optimized with the Yoast SEO plugin v26.9 - https:\/\/yoast.com\/product\/yoast-seo-wordpress\/ -->\n<title>Track Holland America Line Fleet | Cruise Ships | Marine Vessel<\/title>\n<meta name=\"description\" content=\"Holland America Line Fleet Location | Current Positions of Holland America Line Ships, IMO numbers, MMSI, Webcam | Live Fleet Maps\" \/>\n<meta name=\"robots\" content=\"index, follow, max-snippet:-1, max-image-preview:large, max-video-preview:-1\" \/>\n<link rel=\"canonical\" href=\"https:\/\/ship-tracker.org\/pt\/holland-america-line\/\" \/>\n<meta property=\"og:locale\" content=\"pt_PT\" \/>\n<meta property=\"og:type\" content=\"article\" \/>\n<meta property=\"og:title\" content=\"Track Holland America Line Fleet | Cruise Ships | Marine Vessel\" \/>\n<meta property=\"og:description\" content=\"Holland America Line Fleet Location | Current Positions of Holland America Line Ships, IMO numbers, MMSI, Webcam | Live Fleet Maps\" \/>\n<meta property=\"og:url\" content=\"https:\/\/ship-tracker.org\/pt\/holland-america-line\/\" \/>\n<meta property=\"og:site_name\" content=\"Ship-tracker.org\" \/>\n<meta property=\"article:modified_time\" content=\"2022-11-01T12:13:23+00:00\" \/>\n<meta property=\"og:image\" content=\"https:\/\/ship-tracker.org\/wp-content\/uploads\/2020\/04\/holland-america-case-study-1200x800-1.jpg\" \/>\n\t<meta property=\"og:image:width\" content=\"1200\" \/>\n\t<meta property=\"og:image:height\" content=\"800\" \/>\n\t<meta property=\"og:image:type\" content=\"image\/jpeg\" \/>\n<meta name=\"twitter:card\" content=\"summary_large_image\" \/>\n<meta name=\"twitter:label1\" content=\"Tempo estimado de leitura\" \/>\n\t<meta name=\"twitter:data1\" content=\"2 minutos\" \/>\n<script type=\"application\/ld+json\" class=\"yoast-schema-graph\">{\"@context\":\"https:\/\/schema.org\",\"@graph\":[{\"@type\":\"WebPage\",\"@id\":\"https:\/\/ship-tracker.org\/holland-america-line\/\",\"url\":\"https:\/\/ship-tracker.org\/holland-america-line\/\",\"name\":\"Track Holland America Line Fleet | Cruise Ships | Marine Vessel\",\"isPartOf\":{\"@id\":\"https:\/\/ship-tracker.org\/#website\"},\"primaryImageOfPage\":{\"@id\":\"https:\/\/ship-tracker.org\/holland-america-line\/#primaryimage\"},\"image\":{\"@id\":\"https:\/\/ship-tracker.org\/holland-america-line\/#primaryimage\"},\"thumbnailUrl\":\"https:\/\/ship-tracker.org\/wp-content\/uploads\/2020\/04\/holland-america-case-study-1200x800-1.jpg\",\"datePublished\":\"2020-04-29T12:25:32+00:00\",\"dateModified\":\"2022-11-01T12:13:23+00:00\",\"description\":\"Holland America Line Fleet Location | Current Positions of Holland America Line Ships, IMO numbers, MMSI, Webcam | Live Fleet Maps\",\"breadcrumb\":{\"@id\":\"https:\/\/ship-tracker.org\/holland-america-line\/#breadcrumb\"},\"inLanguage\":\"pt-PT\",\"potentialAction\":[{\"@type\":\"ReadAction\",\"target\":[\"https:\/\/ship-tracker.org\/holland-america-line\/\"]}]},{\"@type\":\"ImageObject\",\"inLanguage\":\"pt-PT\",\"@id\":\"https:\/\/ship-tracker.org\/holland-america-line\/#primaryimage\",\"url\":\"https:\/\/ship-tracker.org\/wp-content\/uploads\/2020\/04\/holland-america-case-study-1200x800-1.jpg\",\"contentUrl\":\"https:\/\/ship-tracker.org\/wp-content\/uploads\/2020\/04\/holland-america-case-study-1200x800-1.jpg\",\"width\":1200,\"height\":800,\"caption\":\"Holland America Line\"},{\"@type\":\"BreadcrumbList\",\"@id\":\"https:\/\/ship-tracker.org\/holland-america-line\/#breadcrumb\",\"itemListElement\":[{\"@type\":\"ListItem\",\"position\":1,\"name\":\"Startseite\",\"item\":\"https:\/\/ship-tracker.org\/\"},{\"@type\":\"ListItem\",\"position\":2,\"name\":\"Holland America Line\"}]},{\"@type\":\"WebSite\",\"@id\":\"https:\/\/ship-tracker.org\/#website\",\"url\":\"https:\/\/ship-tracker.org\/\",\"name\":\"Ship-tracker.org\",\"description\":\"\",\"potentialAction\":[{\"@type\":\"SearchAction\",\"target\":{\"@type\":\"EntryPoint\",\"urlTemplate\":\"https:\/\/ship-tracker.org\/?s={search_term_string}\"},\"query-input\":{\"@type\":\"PropertyValueSpecification\",\"valueRequired\":true,\"valueName\":\"search_term_string\"}}],\"inLanguage\":\"pt-PT\"}]}<\/script>\n<!-- \/ Yoast SEO plugin. -->","yoast_head_json":{"title":"Rastrear a frota da Holland America Line | Navios de cruzeiro | Marine Vessel","description":"Localiza\u00e7\u00e3o da frota da Holland America Line | Posi\u00e7\u00f5es atuais dos navios da Holland America Line, n\u00fameros IMO, MMSI, Webcam | Mapas de frota ao vivo","robots":{"index":"index","follow":"follow","max-snippet":"max-snippet:-1","max-image-preview":"max-image-preview:large","max-video-preview":"max-video-preview:-1"},"canonical":"https:\/\/ship-tracker.org\/pt\/holland-america-line\/","og_locale":"pt_PT","og_type":"article","og_title":"Track Holland America Line Fleet | Cruise Ships | Marine Vessel","og_description":"Holland America Line Fleet Location | Current Positions of Holland America Line Ships, IMO numbers, MMSI, Webcam | Live Fleet Maps","og_url":"https:\/\/ship-tracker.org\/pt\/holland-america-line\/","og_site_name":"Ship-tracker.org","article_modified_time":"2022-11-01T12:13:23+00:00","og_image":[{"width":1200,"height":800,"url":"https:\/\/ship-tracker.org\/wp-content\/uploads\/2020\/04\/holland-america-case-study-1200x800-1.jpg","type":"image\/jpeg"}],"twitter_card":"summary_large_image","twitter_misc":{"Tempo estimado de leitura":"2 minutos"},"schema":{"@context":"https:\/\/schema.org","@graph":[{"@type":"WebPage","@id":"https:\/\/ship-tracker.org\/holland-america-line\/","url":"https:\/\/ship-tracker.org\/holland-america-line\/","name":"Rastrear a frota da Holland America Line | Navios de cruzeiro | Marine Vessel","isPartOf":{"@id":"https:\/\/ship-tracker.org\/#website"},"primaryImageOfPage":{"@id":"https:\/\/ship-tracker.org\/holland-america-line\/#primaryimage"},"image":{"@id":"https:\/\/ship-tracker.org\/holland-america-line\/#primaryimage"},"thumbnailUrl":"https:\/\/ship-tracker.org\/wp-content\/uploads\/2020\/04\/holland-america-case-study-1200x800-1.jpg","datePublished":"2020-04-29T12:25:32+00:00","dateModified":"2022-11-01T12:13:23+00:00","description":"Localiza\u00e7\u00e3o da frota da Holland America Line | Posi\u00e7\u00f5es atuais dos navios da Holland America Line, n\u00fameros IMO, MMSI, Webcam | Mapas de frota ao vivo","breadcrumb":{"@id":"https:\/\/ship-tracker.org\/holland-america-line\/#breadcrumb"},"inLanguage":"pt-PT","potentialAction":[{"@type":"ReadAction","target":["https:\/\/ship-tracker.org\/holland-america-line\/"]}]},{"@type":"ImageObject","inLanguage":"pt-PT","@id":"https:\/\/ship-tracker.org\/holland-america-line\/#primaryimage","url":"https:\/\/ship-tracker.org\/wp-content\/uploads\/2020\/04\/holland-america-case-study-1200x800-1.jpg","contentUrl":"https:\/\/ship-tracker.org\/wp-content\/uploads\/2020\/04\/holland-america-case-study-1200x800-1.jpg","width":1200,"height":800,"caption":"Holland America Line"},{"@type":"BreadcrumbList","@id":"https:\/\/ship-tracker.org\/holland-america-line\/#breadcrumb","itemListElement":[{"@type":"ListItem","position":1,"name":"Startseite","item":"https:\/\/ship-tracker.org\/"},{"@type":"ListItem","position":2,"name":"Holland America Line"}]},{"@type":"WebSite","@id":"https:\/\/ship-tracker.org\/#website","url":"https:\/\/ship-tracker.org\/","name":"Ship-tracker.org","description":"","potentialAction":[{"@type":"SearchAction","target":{"@type":"EntryPoint","urlTemplate":"https:\/\/ship-tracker.org\/?s={search_term_string}"},"query-input":{"@type":"PropertyValueSpecification","valueRequired":true,"valueName":"search_term_string"}}],"inLanguage":"pt-PT"}]}},"_links":{"self":[{"href":"https:\/\/ship-tracker.org\/pt\/wp-json\/wp\/v2\/pages\/2107","targetHints":{"allow":["GET"]}}],"collection":[{"href":"https:\/\/ship-tracker.org\/pt\/wp-json\/wp\/v2\/pages"}],"about":[{"href":"https:\/\/ship-tracker.org\/pt\/wp-json\/wp\/v2\/types\/page"}],"author":[{"embeddable":true,"href":"https:\/\/ship-tracker.org\/pt\/wp-json\/wp\/v2\/users\/1"}],"replies":[{"embeddable":true,"href":"https:\/\/ship-tracker.org\/pt\/wp-json\/wp\/v2\/comments?post=2107"}],"version-history":[{"count":7,"href":"https:\/\/ship-tracker.org\/pt\/wp-json\/wp\/v2\/pages\/2107\/revisions"}],"predecessor-version":[{"id":3525,"href":"https:\/\/ship-tracker.org\/pt\/wp-json\/wp\/v2\/pages\/2107\/revisions\/3525"}],"wp:featuredmedia":[{"embeddable":true,"href":"https:\/\/ship-tracker.org\/pt\/wp-json\/wp\/v2\/media\/2108"}],"wp:attachment":[{"href":"https:\/\/ship-tracker.org\/pt\/wp-json\/wp\/v2\/media?parent=2107"}],"curies":[{"name":"wp","href":"https:\/\/api.w.org\/{rel}","templated":true}]}}