{"id":2060,"date":"2020-04-29T14:15:55","date_gmt":"2020-04-29T12:15:55","guid":{"rendered":"https:\/\/ship-tracker.org\/?page_id=2060"},"modified":"2023-08-13T02:47:17","modified_gmt":"2023-08-13T00:47:17","slug":"royal-caribbean","status":"publish","type":"page","link":"https:\/\/ship-tracker.org\/pt\/royal-caribbean\/","title":{"rendered":"Royal Caribbean"},"content":{"rendered":"<h2>Navios de localiza\u00e7\u00e3o da frota da Royal Caribbean, n\u00fameros IMO, MMSI, webcams<\/h2>\n<p>Onde est\u00e1 atualmente a posi\u00e7\u00e3o atual da Royal Caribbean Fleet?<\/p>\n<table style=\"border-collapse: collapse; width: 100%; height: 733px;\">\n<tbody>\n<tr style=\"height: 23px;\">\n<td style=\"width: 33.3333%; height: 23px;\"><span style=\"color: #1f405b;\"><strong>Navio<\/strong><\/span><\/td>\n<td style=\"width: 33.3333%; height: 23px;\"><span style=\"color: #1f405b;\"><strong>IMO<\/strong><\/span><\/td>\n<td style=\"width: 33.3333%; height: 23px;\"><span style=\"color: #1f405b;\"><strong>MMSI<\/strong><\/span><\/td>\n<\/tr>\n<tr style=\"height: 24px;\">\n<td style=\"width: 33.3333%; height: 24px;\"><a href=\"https:\/\/ship-tracker.org\/pt\/adventure-of-the-seas\/\">Adventure of the Seas<\/a><\/td>\n<td style=\"width: 33.3333%; height: 24px;\">9167227<\/td>\n<td style=\"width: 33.3333%; height: 24px;\">311263000<\/td>\n<\/tr>\n<tr style=\"height: 24px;\">\n<td style=\"width: 33.3333%; height: 24px;\"><a href=\"https:\/\/ship-tracker.org\/pt\/allure-of-the-seas\/\">Allure of the Seas<\/a><\/td>\n<td style=\"width: 33.3333%; height: 24px;\">9383948<\/td>\n<td style=\"width: 33.3333%; height: 24px;\">311020700<\/td>\n<\/tr>\n<tr style=\"height: 24px;\">\n<td style=\"width: 33.3333%; height: 24px;\"><a href=\"https:\/\/ship-tracker.org\/pt\/anthem-of-the-seas\/\">Anthem of the Seas<\/a><\/td>\n<td style=\"width: 33.3333%; height: 24px;\">9656101<\/td>\n<td style=\"width: 33.3333%; height: 24px;\">311000274<\/td>\n<\/tr>\n<tr style=\"height: 24px;\">\n<td style=\"width: 33.3333%; height: 24px;\"><a href=\"https:\/\/ship-tracker.org\/pt\/brilliance-of-the-seas\/\">Brilliance of the Seas<\/a><\/td>\n<td style=\"width: 33.3333%; height: 24px;\">9195200<\/td>\n<td style=\"width: 33.3333%; height: 24px;\">311361000<\/td>\n<\/tr>\n<tr style=\"height: 24px;\">\n<td style=\"width: 33.3333%; height: 24px;\"><a href=\"https:\/\/ship-tracker.org\/pt\/enchantment-of-the-seas\/\">Enchantment of the Seas<\/a><\/td>\n<td style=\"width: 33.3333%; height: 24px;\">9111802<\/td>\n<td style=\"width: 33.3333%; height: 24px;\">311733000<\/td>\n<\/tr>\n<tr style=\"height: 24px;\">\n<td style=\"width: 33.3333%; height: 24px;\"><a href=\"https:\/\/ship-tracker.org\/pt\/explorer-of-the-seas\/\">Explorer of the Seas<\/a><\/td>\n<td style=\"width: 33.3333%; height: 24px;\">9161728<\/td>\n<td style=\"width: 33.3333%; height: 24px;\">311316000<\/td>\n<\/tr>\n<tr style=\"height: 24px;\">\n<td style=\"width: 33.3333%; height: 24px;\"><a href=\"https:\/\/ship-tracker.org\/pt\/freedom-of-the-seas\/\">Freedom of the Seas<\/a><\/td>\n<td style=\"width: 33.3333%; height: 24px;\">9304033<\/td>\n<td style=\"width: 33.3333%; height: 24px;\">309906000<\/td>\n<\/tr>\n<tr style=\"height: 24px;\">\n<td style=\"width: 33.3333%; height: 24px;\"><a href=\"https:\/\/ship-tracker.org\/pt\/grandeur-of-the-seas\/\">Grandeza dos mares<\/a><\/td>\n<td style=\"width: 33.3333%; height: 24px;\">9102978<\/td>\n<td style=\"width: 33.3333%; height: 24px;\">311315000<\/td>\n<\/tr>\n<tr style=\"height: 24px;\">\n<td style=\"width: 33.3333%; height: 24px;\"><a href=\"https:\/\/ship-tracker.org\/pt\/harmony-of-the-seas\/\">Harmonia dos mares<\/a><\/td>\n<td style=\"width: 33.3333%; height: 24px;\">9682875<\/td>\n<td style=\"width: 33.3333%; height: 24px;\">311000396<\/td>\n<\/tr>\n<tr style=\"height: 24px;\">\n<td style=\"width: 33.3333%; height: 24px;\"><a href=\"https:\/\/ship-tracker.org\/pt\/independence-of-the-seas\/\">Independence of the Seas<\/a><\/td>\n<td style=\"width: 33.3333%; height: 24px;\">9349681<\/td>\n<td style=\"width: 33.3333%; height: 24px;\">309374000<\/td>\n<\/tr>\n<tr style=\"height: 24px;\">\n<td style=\"width: 33.3333%; height: 24px;\"><a href=\"https:\/\/ship-tracker.org\/pt\/jewel-of-the-seas\/\">Jewel of the Seas<\/a><\/td>\n<td style=\"width: 33.3333%; height: 24px;\">9228356<\/td>\n<td style=\"width: 33.3333%; height: 24px;\">311583000<\/td>\n<\/tr>\n<tr style=\"height: 24px;\">\n<td style=\"width: 33.3333%; height: 24px;\"><a href=\"https:\/\/ship-tracker.org\/pt\/liberty-of-the-seas\/\">Liberty of the Seas<\/a><\/td>\n<td style=\"width: 33.3333%; height: 24px;\">9330032<\/td>\n<td style=\"width: 33.3333%; height: 24px;\">309436000<\/td>\n<\/tr>\n<tr style=\"height: 24px;\">\n<td style=\"width: 33.3333%; height: 24px;\"><a href=\"https:\/\/ship-tracker.org\/pt\/mariner-of-the-seas\/\">Mariner of the Seas<\/a><\/td>\n<td style=\"width: 33.3333%; height: 24px;\">9227510<\/td>\n<td style=\"width: 33.3333%; height: 24px;\">311493000<\/td>\n<\/tr>\n<tr style=\"height: 24px;\">\n<td style=\"width: 33.3333%; height: 24px;\"><a href=\"https:\/\/ship-tracker.org\/pt\/navigator-of-the-seas\/\">Navigator of the Seas<\/a><\/td>\n<td style=\"width: 33.3333%; height: 24px;\">9227508<\/td>\n<td style=\"width: 33.3333%; height: 24px;\">311478000<\/td>\n<\/tr>\n<tr style=\"height: 24px;\">\n<td style=\"width: 33.3333%; height: 24px;\"><a href=\"https:\/\/ship-tracker.org\/pt\/oasis-of-the-seas\/\">Oasis of the Seas<\/a><\/td>\n<td style=\"width: 33.3333%; height: 24px;\">9383936<\/td>\n<td style=\"width: 33.3333%; height: 24px;\">311020600<\/td>\n<\/tr>\n<tr style=\"height: 24px;\">\n<td style=\"width: 33.3333%; height: 24px;\"><a href=\"https:\/\/ship-tracker.org\/pt\/ovation-of-the-seas\/\">Ovation of the Seas<\/a><\/td>\n<td style=\"width: 33.3333%; height: 24px;\">9697753<\/td>\n<td style=\"width: 33.3333%; height: 24px;\">311000397<\/td>\n<\/tr>\n<tr style=\"height: 24px;\">\n<td style=\"width: 33.3333%; height: 24px;\"><a href=\"https:\/\/ship-tracker.org\/pt\/quantum-of-the-seas\/\">Quantum of the Seas<\/a><\/td>\n<td style=\"width: 33.3333%; height: 24px;\">9549463<\/td>\n<td style=\"width: 33.3333%; height: 24px;\">311000267<\/td>\n<\/tr>\n<tr style=\"height: 24px;\">\n<td style=\"width: 33.3333%; height: 24px;\"><a href=\"https:\/\/ship-tracker.org\/pt\/radiance-of-the-seas\/\">Radiance of the Seas<\/a><\/td>\n<td style=\"width: 33.3333%; height: 24px;\">9195195<\/td>\n<td style=\"width: 33.3333%; height: 24px;\">311319000<\/td>\n<\/tr>\n<tr style=\"height: 24px;\">\n<td style=\"width: 33.3333%; height: 24px;\"><a href=\"https:\/\/ship-tracker.org\/pt\/rhapsody-of-the-seas\/\">Rhapsody of the Seas<\/a><\/td>\n<td style=\"width: 33.3333%; height: 24px;\">9116864<\/td>\n<td style=\"width: 33.3333%; height: 24px;\">311805000<\/td>\n<\/tr>\n<tr style=\"height: 24px;\">\n<td style=\"width: 33.3333%; height: 24px;\"><a href=\"https:\/\/ship-tracker.org\/pt\/serenade-of-the-seas\/\">Serenade of the Seas<\/a><\/td>\n<td style=\"width: 33.3333%; height: 24px;\">9228344<\/td>\n<td style=\"width: 33.3333%; height: 24px;\">311492000<\/td>\n<\/tr>\n<tr style=\"height: 24px;\">\n<td style=\"width: 33.3333%; height: 24px;\"><a href=\"https:\/\/ship-tracker.org\/pt\/spectrum-of-the-seas\/\">Spectrum of the Seas<\/a><\/td>\n<td style=\"width: 33.3333%; height: 24px;\">9778856<\/td>\n<td style=\"width: 33.3333%; height: 24px;\">311000749<\/td>\n<\/tr>\n<tr style=\"height: 24px;\">\n<td style=\"width: 33.3333%; height: 24px;\"><a href=\"https:\/\/ship-tracker.org\/pt\/symphony-of-the-seas\/\">Symphony of the Seas<\/a><\/td>\n<td style=\"width: 33.3333%; height: 24px;\">9744001<\/td>\n<td style=\"width: 33.3333%; height: 24px;\">311000660<\/td>\n<\/tr>\n<tr style=\"height: 24px;\">\n<td style=\"width: 33.3333%; height: 24px;\"><a href=\"https:\/\/ship-tracker.org\/pt\/vision-of-the-seas\/\">Vision of the Seas<\/a><\/td>\n<td style=\"width: 33.3333%; height: 24px;\">9116876<\/td>\n<td style=\"width: 33.3333%; height: 24px;\">311321000<\/td>\n<\/tr>\n<tr style=\"height: 16px;\">\n<td style=\"width: 33.3333%; height: 16px;\"><a href=\"https:\/\/ship-tracker.org\/pt\/voyager-of-the-seas\/\">Voyager of the Seas<\/a><\/td>\n<td style=\"width: 33.3333%; height: 16px;\">9161716<\/td>\n<td style=\"width: 33.3333%; height: 16px;\">311317000<\/td>\n<\/tr>\n<tr style=\"height: 24px;\">\n<td style=\"width: 33.3333%; height: 24px;\"><a href=\"https:\/\/ship-tracker.org\/pt\/odyssey-of-the-seas\/\">Odyssey of the Seas<\/a><\/td>\n<td style=\"width: 33.3333%; height: 24px;\">9795737<\/td>\n<td style=\"width: 33.3333%; height: 24px;\">311000912<\/td>\n<\/tr>\n<tr style=\"height: 24px;\">\n<td style=\"width: 33.3333%; height: 24px;\"><a href=\"https:\/\/ship-tracker.org\/pt\/wonder-of-the-seas\/\">Wonder Of The Seas<\/a><\/td>\n<td style=\"width: 33.3333%; height: 24px;\">9838345<\/td>\n<td style=\"width: 33.3333%; height: 24px;\">311001033<\/td>\n<\/tr>\n<tr style=\"height: 23px;\">\n<td style=\"width: 33.3333%; height: 23px;\"><a href=\"https:\/\/ship-tracker.org\/pt\/icon-of-the-seas\/\">\u00edcone dos mares<\/a><\/td>\n<td style=\"width: 33.3333%; height: 23px;\">9829930<\/td>\n<td style=\"width: 33.3333%; height: 23px;\">311001178<\/td>\n<\/tr>\n<tr style=\"height: 23px;\">\n<td style=\"width: 33.3333%; height: 23px;\"><a href=\"https:\/\/ship-tracker.org\/pt\/utopia-of-the-seas\/\">utopia dos mares<\/a><\/td>\n<td style=\"width: 33.3333%; height: 23px;\"><\/td>\n<td style=\"width: 33.3333%; height: 23px;\"><\/td>\n<\/tr>\n<\/tbody>\n<\/table>\n<h2>Sobre a Royal Caribbean<\/h2>\n<p>A Royal Caribbean International \u00e9 uma das maiores marcas globais de cruzeiros, atualmente operando 20 navios e mais dois em constru\u00e7\u00e3o. O que diferencia a Royal Caribbean de outras linhas de cruzeiro \u00e9 a nossa filosofia: &quot;O c\u00e9u \u00e9 o limite&quot;. Nada \u00e9 imposs\u00edvel para a nossa companhia de navega\u00e7\u00e3o. Prova disso s\u00e3o as atividades a bordo, que variam de via ferrata, simuladores de surf, telef\u00e9ricos, trampolins, pistas de gelo a v\u00f4os de reconhecimento de helic\u00f3ptero e nata\u00e7\u00e3o com arraias. Voc\u00ea acabou de dizer a palavra - e n\u00f3s tornamos isso poss\u00edvel!<\/p>\n<p>Nossos navios s\u00e3o p\u00e9rolas de classe inovadora que visitam quase todos os lugares do mundo. Cruzeiros atraentes acontecem o ano todo no Caribe, no Mediterr\u00e2neo e na Riviera Mexicana. Cruzeiros sazonais para o norte da Europa, Am\u00e9rica do Sul, Extremo Oriente e Austr\u00e1lia tamb\u00e9m s\u00e3o reservados com alegria e frequ\u00eancia. A Royal Caribbean International navega para as encantadoras Bahamas, \u00e1spero Alasca, M\u00e9xico, tropical Hava\u00ed, Canad\u00e1 e Nova Inglaterra, lend\u00e1rio Panam\u00e1, rica Europa e ex\u00f3tica \u00c1sia.<\/p>\n<p>Royal Caribbean International \u00e9 a escolha perfeita para fam\u00edlias, casais e indiv\u00edduos de todas as idades que procuram f\u00e9rias e experi\u00eancias ativas. O Gold Anchor Service \u00e9 um programa de fidelidade popular da Royal Caribbean International que recompensa membros fi\u00e9is. Nossos navios de cruzeiro s\u00e3o como centros de lazer, complexos de entretenimento, galerias de arte, v\u00e1rios restaurantes e resorts \u00e0 beira-mar em um. Aqui voc\u00ea pode desfrutar de cozinha gourmet, entretenimento de primeira classe e relaxamento em acomoda\u00e7\u00f5es espa\u00e7osas e escaladas - tudo sob o mesmo teto.<\/p>","protected":false},"excerpt":{"rendered":"<p>Localiza\u00e7\u00e3o da Frota da Royal Caribbean Navios, n\u00fameros IMO, MMSI, Webcams Onde est\u00e1 a posi\u00e7\u00e3o atual da Frota da Royal Caribbean atualmente? Navio IMO MMSI Adventure of the Seas 9167227 311263000 Allure of the Seas 9383948 311020700 Anthem of the Seas 9656101 311000274 Brilliance of the Seas 9195200 311361000 Enchantment of the Seas 9111802 31173 3000 Explorador do\u2026&nbsp;<a href=\"https:\/\/ship-tracker.org\/pt\/royal-caribbean\/\" rel=\"bookmark\">Ler mais \u00bb<span class=\"screen-reader-text\">Royal Caribbean<\/span><\/a><\/p>","protected":false},"author":1,"featured_media":2063,"parent":0,"menu_order":0,"comment_status":"closed","ping_status":"closed","template":"","meta":{"neve_meta_sidebar":"","neve_meta_container":"","neve_meta_enable_content_width":"off","neve_meta_content_width":100,"neve_meta_title_alignment":"","neve_meta_author_avatar":"","neve_post_elements_order":"","neve_meta_disable_header":"","neve_meta_disable_footer":"","neve_meta_disable_title":"","neve_meta_reading_time":"","footnotes":""},"class_list":["post-2060","page","type-page","status-publish","has-post-thumbnail","hentry"],"yoast_head":"<!-- This site is optimized with the Yoast SEO plugin v26.9 - https:\/\/yoast.com\/product\/yoast-seo-wordpress\/ -->\n<title>Track Royal Caribbean Fleet | Cruise Ships | Marine Vessel<\/title>\n<meta name=\"description\" content=\"Royal Caribbean Fleet Location | Current Positions of Royal Caribbean Ships, IMO numbers, MMSI, Webcam | Live Fleet Maps | Live Ship Tracker\" \/>\n<meta name=\"robots\" content=\"index, follow, max-snippet:-1, max-image-preview:large, max-video-preview:-1\" \/>\n<link rel=\"canonical\" href=\"https:\/\/ship-tracker.org\/pt\/royal-caribbean\/\" \/>\n<meta property=\"og:locale\" content=\"pt_PT\" \/>\n<meta property=\"og:type\" content=\"article\" \/>\n<meta property=\"og:title\" content=\"Track Royal Caribbean Fleet | Cruise Ships | Marine Vessel\" \/>\n<meta property=\"og:description\" content=\"Royal Caribbean Fleet Location | Current Positions of Royal Caribbean Ships, IMO numbers, MMSI, Webcam | Live Fleet Maps | Live Ship Tracker\" \/>\n<meta property=\"og:url\" content=\"https:\/\/ship-tracker.org\/pt\/royal-caribbean\/\" \/>\n<meta property=\"og:site_name\" content=\"Ship-tracker.org\" \/>\n<meta property=\"article:modified_time\" content=\"2023-08-13T00:47:17+00:00\" \/>\n<meta property=\"og:image\" content=\"https:\/\/ship-tracker.org\/wp-content\/uploads\/2020\/04\/rcl-web.jpg\" \/>\n\t<meta property=\"og:image:width\" content=\"1000\" \/>\n\t<meta property=\"og:image:height\" content=\"682\" \/>\n\t<meta property=\"og:image:type\" content=\"image\/jpeg\" \/>\n<meta name=\"twitter:card\" content=\"summary_large_image\" \/>\n<meta name=\"twitter:label1\" content=\"Tempo estimado de leitura\" \/>\n\t<meta name=\"twitter:data1\" content=\"2 minutos\" \/>\n<script type=\"application\/ld+json\" class=\"yoast-schema-graph\">{\"@context\":\"https:\/\/schema.org\",\"@graph\":[{\"@type\":\"WebPage\",\"@id\":\"https:\/\/ship-tracker.org\/royal-caribbean\/\",\"url\":\"https:\/\/ship-tracker.org\/royal-caribbean\/\",\"name\":\"Track Royal Caribbean Fleet | Cruise Ships | Marine Vessel\",\"isPartOf\":{\"@id\":\"https:\/\/ship-tracker.org\/#website\"},\"primaryImageOfPage\":{\"@id\":\"https:\/\/ship-tracker.org\/royal-caribbean\/#primaryimage\"},\"image\":{\"@id\":\"https:\/\/ship-tracker.org\/royal-caribbean\/#primaryimage\"},\"thumbnailUrl\":\"https:\/\/ship-tracker.org\/wp-content\/uploads\/2020\/04\/rcl-web.jpg\",\"datePublished\":\"2020-04-29T12:15:55+00:00\",\"dateModified\":\"2023-08-13T00:47:17+00:00\",\"description\":\"Royal Caribbean Fleet Location | Current Positions of Royal Caribbean Ships, IMO numbers, MMSI, Webcam | Live Fleet Maps | Live Ship Tracker\",\"breadcrumb\":{\"@id\":\"https:\/\/ship-tracker.org\/royal-caribbean\/#breadcrumb\"},\"inLanguage\":\"pt-PT\",\"potentialAction\":[{\"@type\":\"ReadAction\",\"target\":[\"https:\/\/ship-tracker.org\/royal-caribbean\/\"]}]},{\"@type\":\"ImageObject\",\"inLanguage\":\"pt-PT\",\"@id\":\"https:\/\/ship-tracker.org\/royal-caribbean\/#primaryimage\",\"url\":\"https:\/\/ship-tracker.org\/wp-content\/uploads\/2020\/04\/rcl-web.jpg\",\"contentUrl\":\"https:\/\/ship-tracker.org\/wp-content\/uploads\/2020\/04\/rcl-web.jpg\",\"width\":1000,\"height\":682,\"caption\":\"Royal Caribbean\"},{\"@type\":\"BreadcrumbList\",\"@id\":\"https:\/\/ship-tracker.org\/royal-caribbean\/#breadcrumb\",\"itemListElement\":[{\"@type\":\"ListItem\",\"position\":1,\"name\":\"Startseite\",\"item\":\"https:\/\/ship-tracker.org\/\"},{\"@type\":\"ListItem\",\"position\":2,\"name\":\"Royal Caribbean\"}]},{\"@type\":\"WebSite\",\"@id\":\"https:\/\/ship-tracker.org\/#website\",\"url\":\"https:\/\/ship-tracker.org\/\",\"name\":\"Ship-tracker.org\",\"description\":\"\",\"potentialAction\":[{\"@type\":\"SearchAction\",\"target\":{\"@type\":\"EntryPoint\",\"urlTemplate\":\"https:\/\/ship-tracker.org\/?s={search_term_string}\"},\"query-input\":{\"@type\":\"PropertyValueSpecification\",\"valueRequired\":true,\"valueName\":\"search_term_string\"}}],\"inLanguage\":\"pt-PT\"}]}<\/script>\n<!-- \/ Yoast SEO plugin. -->","yoast_head_json":{"title":"Rastrear frota da Royal Caribbean | Navios de cruzeiro | Marine Vessel","description":"Localiza\u00e7\u00e3o da frota da Royal Caribbean | Posi\u00e7\u00f5es atuais dos navios da Royal Caribbean, n\u00fameros IMO, MMSI, webcam | Mapas da Frota ao Vivo | Rastreador de navios ao vivo","robots":{"index":"index","follow":"follow","max-snippet":"max-snippet:-1","max-image-preview":"max-image-preview:large","max-video-preview":"max-video-preview:-1"},"canonical":"https:\/\/ship-tracker.org\/pt\/royal-caribbean\/","og_locale":"pt_PT","og_type":"article","og_title":"Track Royal Caribbean Fleet | Cruise Ships | Marine Vessel","og_description":"Royal Caribbean Fleet Location | Current Positions of Royal Caribbean Ships, IMO numbers, MMSI, Webcam | Live Fleet Maps | Live Ship Tracker","og_url":"https:\/\/ship-tracker.org\/pt\/royal-caribbean\/","og_site_name":"Ship-tracker.org","article_modified_time":"2023-08-13T00:47:17+00:00","og_image":[{"width":1000,"height":682,"url":"https:\/\/ship-tracker.org\/wp-content\/uploads\/2020\/04\/rcl-web.jpg","type":"image\/jpeg"}],"twitter_card":"summary_large_image","twitter_misc":{"Tempo estimado de leitura":"2 minutos"},"schema":{"@context":"https:\/\/schema.org","@graph":[{"@type":"WebPage","@id":"https:\/\/ship-tracker.org\/royal-caribbean\/","url":"https:\/\/ship-tracker.org\/royal-caribbean\/","name":"Rastrear frota da Royal Caribbean | Navios de cruzeiro | Marine Vessel","isPartOf":{"@id":"https:\/\/ship-tracker.org\/#website"},"primaryImageOfPage":{"@id":"https:\/\/ship-tracker.org\/royal-caribbean\/#primaryimage"},"image":{"@id":"https:\/\/ship-tracker.org\/royal-caribbean\/#primaryimage"},"thumbnailUrl":"https:\/\/ship-tracker.org\/wp-content\/uploads\/2020\/04\/rcl-web.jpg","datePublished":"2020-04-29T12:15:55+00:00","dateModified":"2023-08-13T00:47:17+00:00","description":"Localiza\u00e7\u00e3o da frota da Royal Caribbean | Posi\u00e7\u00f5es atuais dos navios da Royal Caribbean, n\u00fameros IMO, MMSI, webcam | Mapas da Frota ao Vivo | Rastreador de navios ao vivo","breadcrumb":{"@id":"https:\/\/ship-tracker.org\/royal-caribbean\/#breadcrumb"},"inLanguage":"pt-PT","potentialAction":[{"@type":"ReadAction","target":["https:\/\/ship-tracker.org\/royal-caribbean\/"]}]},{"@type":"ImageObject","inLanguage":"pt-PT","@id":"https:\/\/ship-tracker.org\/royal-caribbean\/#primaryimage","url":"https:\/\/ship-tracker.org\/wp-content\/uploads\/2020\/04\/rcl-web.jpg","contentUrl":"https:\/\/ship-tracker.org\/wp-content\/uploads\/2020\/04\/rcl-web.jpg","width":1000,"height":682,"caption":"Royal Caribbean"},{"@type":"BreadcrumbList","@id":"https:\/\/ship-tracker.org\/royal-caribbean\/#breadcrumb","itemListElement":[{"@type":"ListItem","position":1,"name":"Startseite","item":"https:\/\/ship-tracker.org\/"},{"@type":"ListItem","position":2,"name":"Royal Caribbean"}]},{"@type":"WebSite","@id":"https:\/\/ship-tracker.org\/#website","url":"https:\/\/ship-tracker.org\/","name":"Ship-tracker.org","description":"","potentialAction":[{"@type":"SearchAction","target":{"@type":"EntryPoint","urlTemplate":"https:\/\/ship-tracker.org\/?s={search_term_string}"},"query-input":{"@type":"PropertyValueSpecification","valueRequired":true,"valueName":"search_term_string"}}],"inLanguage":"pt-PT"}]}},"_links":{"self":[{"href":"https:\/\/ship-tracker.org\/pt\/wp-json\/wp\/v2\/pages\/2060","targetHints":{"allow":["GET"]}}],"collection":[{"href":"https:\/\/ship-tracker.org\/pt\/wp-json\/wp\/v2\/pages"}],"about":[{"href":"https:\/\/ship-tracker.org\/pt\/wp-json\/wp\/v2\/types\/page"}],"author":[{"embeddable":true,"href":"https:\/\/ship-tracker.org\/pt\/wp-json\/wp\/v2\/users\/1"}],"replies":[{"embeddable":true,"href":"https:\/\/ship-tracker.org\/pt\/wp-json\/wp\/v2\/comments?post=2060"}],"version-history":[{"count":10,"href":"https:\/\/ship-tracker.org\/pt\/wp-json\/wp\/v2\/pages\/2060\/revisions"}],"predecessor-version":[{"id":2952,"href":"https:\/\/ship-tracker.org\/pt\/wp-json\/wp\/v2\/pages\/2060\/revisions\/2952"}],"wp:featuredmedia":[{"embeddable":true,"href":"https:\/\/ship-tracker.org\/pt\/wp-json\/wp\/v2\/media\/2063"}],"wp:attachment":[{"href":"https:\/\/ship-tracker.org\/pt\/wp-json\/wp\/v2\/media?parent=2060"}],"curies":[{"name":"wp","href":"https:\/\/api.w.org\/{rel}","templated":true}]}}