{"id":2056,"date":"2020-04-29T14:29:44","date_gmt":"2020-04-29T12:29:44","guid":{"rendered":"https:\/\/ship-tracker.org\/?page_id=2056"},"modified":"2022-10-27T16:00:27","modified_gmt":"2022-10-27T14:00:27","slug":"hurtigruten","status":"publish","type":"page","link":"https:\/\/ship-tracker.org\/pt\/hurtigruten\/","title":{"rendered":"Hurtigruten"},"content":{"rendered":"<h2>Navios de localiza\u00e7\u00e3o da frota Hurtigruten, n\u00fameros IMO, MMSI, webcams<\/h2>\n<p>Onde est\u00e1 atualmente a posi\u00e7\u00e3o atual da frota de Hurtigruten?<\/p>\n<table style=\"border-collapse: collapse; width: 100%; height: 384px;\">\n<tbody>\n<tr style=\"height: 24px;\">\n<td style=\"width: 33.3333%; height: 24px;\"><span style=\"color: #1f405b;\"><strong>Navio<\/strong><\/span><\/td>\n<td style=\"width: 33.3333%; height: 24px;\"><span style=\"color: #1f405b;\"><strong>IMO<\/strong><\/span><\/td>\n<td style=\"width: 33.3333%; height: 24px;\"><span style=\"color: #1f405b;\"><strong>MMSI<\/strong><\/span><\/td>\n<\/tr>\n<tr style=\"height: 24px;\">\n<td style=\"width: 33.3333%; height: 24px;\"><a href=\"https:\/\/ship-tracker.org\/pt\/ms-lofoten\/\">MS Lofoten<\/a><\/td>\n<td style=\"width: 33.3333%; height: 24px;\">5424562<\/td>\n<td style=\"width: 33.3333%; height: 24px;\">258477000<\/td>\n<\/tr>\n<tr style=\"height: 24px;\">\n<td style=\"width: 33.3333%; height: 24px;\"><a href=\"https:\/\/ship-tracker.org\/pt\/ms-fridtjof-nansen\/\">MS Fridtjof Nansen<\/a><\/td>\n<td style=\"width: 33.3333%; height: 24px;\">9813084<\/td>\n<td style=\"width: 33.3333%; height: 24px;\">257088070<\/td>\n<\/tr>\n<tr style=\"height: 24px;\">\n<td style=\"width: 33.3333%; height: 24px;\"><a href=\"https:\/\/ship-tracker.org\/pt\/ms-roald-amundsen\/\">MS Roald Amundsen<\/a><\/td>\n<td style=\"width: 33.3333%; height: 24px;\">9813072<\/td>\n<td style=\"width: 33.3333%; height: 24px;\">257425000<\/td>\n<\/tr>\n<tr style=\"height: 24px;\">\n<td style=\"width: 33.3333%; height: 24px;\"><a href=\"https:\/\/ship-tracker.org\/pt\/ms-spitsbergen\/\">MS Spitsbergen<\/a><\/td>\n<td style=\"width: 33.3333%; height: 24px;\">9434060<\/td>\n<td style=\"width: 33.3333%; height: 24px;\">258157000<\/td>\n<\/tr>\n<tr style=\"height: 24px;\">\n<td style=\"width: 33.3333%; height: 24px;\"><a href=\"https:\/\/ship-tracker.org\/pt\/ms-fram\/\">MS Fram<\/a><\/td>\n<td style=\"width: 33.3333%; height: 24px;\">9370018<\/td>\n<td style=\"width: 33.3333%; height: 24px;\">258932000<\/td>\n<\/tr>\n<tr style=\"height: 24px;\">\n<td style=\"width: 33.3333%; height: 24px;\"><a href=\"https:\/\/ship-tracker.org\/pt\/ms-midnatsol\/\">MS Midnatsol<\/a><\/td>\n<td style=\"width: 33.3333%; height: 24px;\">9247728<\/td>\n<td style=\"width: 33.3333%; height: 24px;\">258595000<\/td>\n<\/tr>\n<tr style=\"height: 24px;\">\n<td style=\"width: 33.3333%; height: 24px;\"><a href=\"https:\/\/ship-tracker.org\/pt\/ms-trollfjord\/\">MS Trollfjord<\/a><\/td>\n<td style=\"width: 33.3333%; height: 24px;\">9233258<\/td>\n<td style=\"width: 33.3333%; height: 24px;\">258465000<\/td>\n<\/tr>\n<tr style=\"height: 24px;\">\n<td style=\"width: 33.3333%; height: 24px;\"><a href=\"https:\/\/ship-tracker.org\/pt\/ms-nordnorge\/\">MS Nordnorge<\/a><\/td>\n<td style=\"width: 33.3333%; height: 24px;\">9107784<\/td>\n<td style=\"width: 33.3333%; height: 24px;\">259371000<\/td>\n<\/tr>\n<tr style=\"height: 24px;\">\n<td style=\"width: 33.3333%; height: 24px;\"><a href=\"https:\/\/ship-tracker.org\/pt\/ms-polarlys\/\">MS Polarlys<\/a><\/td>\n<td style=\"width: 33.3333%; height: 24px;\">9107796<\/td>\n<td style=\"width: 33.3333%; height: 24px;\">259322000<\/td>\n<\/tr>\n<tr style=\"height: 24px;\">\n<td style=\"width: 33.3333%; height: 24px;\"><a href=\"https:\/\/ship-tracker.org\/pt\/ms-nordkapp\/\">MS Nordkapp<\/a><\/td>\n<td style=\"width: 33.3333%; height: 24px;\">9107772<\/td>\n<td style=\"width: 33.3333%; height: 24px;\">259330000<\/td>\n<\/tr>\n<tr style=\"height: 24px;\">\n<td style=\"width: 33.3333%; height: 24px;\"><a href=\"https:\/\/ship-tracker.org\/pt\/ms-nordlys\/\">MS Nordlys<\/a><\/td>\n<td style=\"width: 33.3333%; height: 24px;\">9048914<\/td>\n<td style=\"width: 33.3333%; height: 24px;\">259139000<\/td>\n<\/tr>\n<tr style=\"height: 24px;\">\n<td style=\"width: 33.3333%; height: 24px;\"><a href=\"https:\/\/ship-tracker.org\/pt\/ms-richard-with\/\">MS Richard With<\/a><\/td>\n<td style=\"width: 33.3333%; height: 24px;\">9040429<\/td>\n<td style=\"width: 33.3333%; height: 24px;\">258500000<\/td>\n<\/tr>\n<tr style=\"height: 24px;\">\n<td style=\"width: 33.3333%; height: 24px;\"><a href=\"https:\/\/ship-tracker.org\/pt\/ms-kong-harald\/\">MS Kong Harald<\/a><\/td>\n<td style=\"width: 33.3333%; height: 24px;\">9039119<\/td>\n<td style=\"width: 33.3333%; height: 24px;\">257200000<\/td>\n<\/tr>\n<tr style=\"height: 24px;\">\n<td style=\"width: 33.3333%; height: 24px;\"><a href=\"https:\/\/ship-tracker.org\/pt\/ms-vesteralen\/\">MS Vesteralen<\/a><\/td>\n<td style=\"width: 33.3333%; height: 24px;\">8019368<\/td>\n<td style=\"width: 33.3333%; height: 24px;\">258478000<\/td>\n<\/tr>\n<tr style=\"height: 24px;\">\n<td style=\"width: 33.3333%; height: 24px;\"><a href=\"https:\/\/ship-tracker.org\/pt\/ms-lofoten\/\">MS Lofoten<\/a><\/td>\n<td style=\"width: 33.3333%; height: 24px;\">5424562<\/td>\n<td style=\"width: 33.3333%; height: 24px;\">258477000<\/td>\n<\/tr>\n<\/tbody>\n<\/table>\n<h2>Sobre Hurtigruten<\/h2>\n<p>Hurtigruten \u00e9 uma das poucas companhias de navega\u00e7\u00e3o que o leva ao conto de fadas dos fiordes noruegueses e do Cabo Norte durante todo o ano. Certos navios do Hurtigruten oferecem a possibilidade de transportar pessoas e carros do sul at\u00e9 o extremo norte da Noruega e, ao mesmo tempo, oferecem todo o conforto que voc\u00ea espera em um cruzeiro. Al\u00e9m das linhas regulares de transporte e cruzeiros ao longo da costa norueguesa, nossas rotas incluem alguns dos programas de cruzeiro mais interessantes para as partes mais distantes do mundo, como Svalbard, Isl\u00e2ndia, Groenl\u00e2ndia e Ant\u00e1rtica. Hurtigruten \u00e9 descrito como o \u201ccruzeiro mais bonito do mundo\u201d. Se essa descri\u00e7\u00e3o for verdadeira, voc\u00ea deve descobrir por si mesmo.<\/p>\n<p>Hurtigruten \u00e9 uma experi\u00eancia especial! O cruzeiro come\u00e7a na antiga cidade hanse\u00e1tica de Bergen e vai at\u00e9 Kirkenes, perto da fronteira com a R\u00fassia e depois volta para Bergen. Uma viagem mar\u00edtima de 12 dias, durante a qual n\u00e3o menos de 34 portos s\u00e3o visitados na viagem de ida. Na viagem de volta, os mesmos portos ser\u00e3o novamente visualizados, mas voc\u00ea chegar\u00e1 aos portos durante o dia, enquanto a viagem de ida e volta ocorrer\u00e1 \u00e0 noite. Excurs\u00f5es s\u00e3o organizadas a partir de diferentes portos.<\/p>\n<p>Cada navio tem seu pr\u00f3prio car\u00e1ter e est\u00e1 equipado com todas as conveni\u00eancias e conforto modernos para garantir uma viagem agrad\u00e1vel. Existem 4 tipos diferentes de navios. Voc\u00ea pode escolher entre v\u00e1rios tipos de cabines, com mais ou menos luxo, mas voc\u00ea experimentar\u00e1 a mesma qualidade em todos os navios em qualquer lugar. Assim, voc\u00ea pode desfrutar de deliciosos buffets e refei\u00e7\u00f5es em todos os navios do Hurtigruten: carne e peixe, frio e quente.<\/p>\n<p>&nbsp;<\/p>","protected":false},"excerpt":{"rendered":"<p>Localiza\u00e7\u00e3o da Frota Hurtigruten Navios, n\u00fameros IMO, MMSI, Webcams Onde est\u00e1 a posi\u00e7\u00e3o atual da Frota Hurtigruten atualmente? Navio IMO MMSI MS Lofoten 5424562 258477000 MS Fridtjof Nansen 9813084 257088070 MS Roald Amundsen 9813072 257425000 MS Spitsbergen 9434060 258157000 MS Fram 9370018 25893200 0 MS Midnatsol 9247728 258595000 MS Trollfjord 9233258 258465000 MS Nordnorge 9107784 259371000 MS\u2026&nbsp;<a href=\"https:\/\/ship-tracker.org\/pt\/hurtigruten\/\" rel=\"bookmark\">Ler mais \u00bb<span class=\"screen-reader-text\">Hurtigruten<\/span><\/a><\/p>","protected":false},"author":1,"featured_media":2057,"parent":0,"menu_order":0,"comment_status":"closed","ping_status":"closed","template":"","meta":{"neve_meta_sidebar":"","neve_meta_container":"","neve_meta_enable_content_width":"","neve_meta_content_width":0,"neve_meta_title_alignment":"","neve_meta_author_avatar":"","neve_post_elements_order":"","neve_meta_disable_header":"","neve_meta_disable_footer":"","neve_meta_disable_title":"","neve_meta_reading_time":"","footnotes":""},"class_list":["post-2056","page","type-page","status-publish","has-post-thumbnail","hentry"],"yoast_head":"<!-- This site is optimized with the Yoast SEO plugin v26.9 - https:\/\/yoast.com\/product\/yoast-seo-wordpress\/ -->\n<title>Track Hurtigruten Fleet | Cruise Ships | Marine Vessel<\/title>\n<meta name=\"description\" content=\"Hurtigruten Fleet Location | Current Positions of Hurtigruten Ships, IMO numbers, MMSI, Webcam | Live Fleet Maps | Live Ship Tracker\" \/>\n<meta name=\"robots\" content=\"index, follow, max-snippet:-1, max-image-preview:large, max-video-preview:-1\" \/>\n<link rel=\"canonical\" href=\"https:\/\/ship-tracker.org\/pt\/hurtigruten\/\" \/>\n<meta property=\"og:locale\" content=\"pt_PT\" \/>\n<meta property=\"og:type\" content=\"article\" \/>\n<meta property=\"og:title\" content=\"Track Hurtigruten Fleet | Cruise Ships | Marine Vessel\" \/>\n<meta property=\"og:description\" content=\"Hurtigruten Fleet Location | Current Positions of Hurtigruten Ships, IMO numbers, MMSI, Webcam | Live Fleet Maps | Live Ship Tracker\" \/>\n<meta property=\"og:url\" content=\"https:\/\/ship-tracker.org\/pt\/hurtigruten\/\" \/>\n<meta property=\"og:site_name\" content=\"Ship-tracker.org\" \/>\n<meta property=\"article:modified_time\" content=\"2022-10-27T14:00:27+00:00\" \/>\n<meta property=\"og:image\" content=\"https:\/\/ship-tracker.org\/wp-content\/uploads\/2020\/04\/hurtigruten-web.jpg\" \/>\n\t<meta property=\"og:image:width\" content=\"1000\" \/>\n\t<meta property=\"og:image:height\" content=\"682\" \/>\n\t<meta property=\"og:image:type\" content=\"image\/jpeg\" \/>\n<meta name=\"twitter:card\" content=\"summary_large_image\" \/>\n<meta name=\"twitter:label1\" content=\"Tempo estimado de leitura\" \/>\n\t<meta name=\"twitter:data1\" content=\"2 minutos\" \/>\n<script type=\"application\/ld+json\" class=\"yoast-schema-graph\">{\"@context\":\"https:\/\/schema.org\",\"@graph\":[{\"@type\":\"WebPage\",\"@id\":\"https:\/\/ship-tracker.org\/hurtigruten\/\",\"url\":\"https:\/\/ship-tracker.org\/hurtigruten\/\",\"name\":\"Track Hurtigruten Fleet | Cruise Ships | Marine Vessel\",\"isPartOf\":{\"@id\":\"https:\/\/ship-tracker.org\/#website\"},\"primaryImageOfPage\":{\"@id\":\"https:\/\/ship-tracker.org\/hurtigruten\/#primaryimage\"},\"image\":{\"@id\":\"https:\/\/ship-tracker.org\/hurtigruten\/#primaryimage\"},\"thumbnailUrl\":\"https:\/\/ship-tracker.org\/wp-content\/uploads\/2020\/04\/hurtigruten-web.jpg\",\"datePublished\":\"2020-04-29T12:29:44+00:00\",\"dateModified\":\"2022-10-27T14:00:27+00:00\",\"description\":\"Hurtigruten Fleet Location | Current Positions of Hurtigruten Ships, IMO numbers, MMSI, Webcam | Live Fleet Maps | Live Ship Tracker\",\"breadcrumb\":{\"@id\":\"https:\/\/ship-tracker.org\/hurtigruten\/#breadcrumb\"},\"inLanguage\":\"pt-PT\",\"potentialAction\":[{\"@type\":\"ReadAction\",\"target\":[\"https:\/\/ship-tracker.org\/hurtigruten\/\"]}]},{\"@type\":\"ImageObject\",\"inLanguage\":\"pt-PT\",\"@id\":\"https:\/\/ship-tracker.org\/hurtigruten\/#primaryimage\",\"url\":\"https:\/\/ship-tracker.org\/wp-content\/uploads\/2020\/04\/hurtigruten-web.jpg\",\"contentUrl\":\"https:\/\/ship-tracker.org\/wp-content\/uploads\/2020\/04\/hurtigruten-web.jpg\",\"width\":1000,\"height\":682,\"caption\":\"Hurtigruten\"},{\"@type\":\"BreadcrumbList\",\"@id\":\"https:\/\/ship-tracker.org\/hurtigruten\/#breadcrumb\",\"itemListElement\":[{\"@type\":\"ListItem\",\"position\":1,\"name\":\"Startseite\",\"item\":\"https:\/\/ship-tracker.org\/\"},{\"@type\":\"ListItem\",\"position\":2,\"name\":\"Hurtigruten\"}]},{\"@type\":\"WebSite\",\"@id\":\"https:\/\/ship-tracker.org\/#website\",\"url\":\"https:\/\/ship-tracker.org\/\",\"name\":\"Ship-tracker.org\",\"description\":\"\",\"potentialAction\":[{\"@type\":\"SearchAction\",\"target\":{\"@type\":\"EntryPoint\",\"urlTemplate\":\"https:\/\/ship-tracker.org\/?s={search_term_string}\"},\"query-input\":{\"@type\":\"PropertyValueSpecification\",\"valueRequired\":true,\"valueName\":\"search_term_string\"}}],\"inLanguage\":\"pt-PT\"}]}<\/script>\n<!-- \/ Yoast SEO plugin. -->","yoast_head_json":{"title":"Rastrear Frota Hurtigruten | Navios de Cruzeiro | Embarca\u00e7\u00e3o Mar\u00edtima","description":"Localiza\u00e7\u00e3o da Frota Hurtigruten | Posi\u00e7\u00f5es Atuais dos Navios Hurtigruten, n\u00fameros IMO, MMSI, Webcam | Mapas de frota ao vivo | Rastreador de navios ao vivo","robots":{"index":"index","follow":"follow","max-snippet":"max-snippet:-1","max-image-preview":"max-image-preview:large","max-video-preview":"max-video-preview:-1"},"canonical":"https:\/\/ship-tracker.org\/pt\/hurtigruten\/","og_locale":"pt_PT","og_type":"article","og_title":"Track Hurtigruten Fleet | Cruise Ships | Marine Vessel","og_description":"Hurtigruten Fleet Location | Current Positions of Hurtigruten Ships, IMO numbers, MMSI, Webcam | Live Fleet Maps | Live Ship Tracker","og_url":"https:\/\/ship-tracker.org\/pt\/hurtigruten\/","og_site_name":"Ship-tracker.org","article_modified_time":"2022-10-27T14:00:27+00:00","og_image":[{"width":1000,"height":682,"url":"https:\/\/ship-tracker.org\/wp-content\/uploads\/2020\/04\/hurtigruten-web.jpg","type":"image\/jpeg"}],"twitter_card":"summary_large_image","twitter_misc":{"Tempo estimado de leitura":"2 minutos"},"schema":{"@context":"https:\/\/schema.org","@graph":[{"@type":"WebPage","@id":"https:\/\/ship-tracker.org\/hurtigruten\/","url":"https:\/\/ship-tracker.org\/hurtigruten\/","name":"Rastrear Frota Hurtigruten | Navios de Cruzeiro | Embarca\u00e7\u00e3o Mar\u00edtima","isPartOf":{"@id":"https:\/\/ship-tracker.org\/#website"},"primaryImageOfPage":{"@id":"https:\/\/ship-tracker.org\/hurtigruten\/#primaryimage"},"image":{"@id":"https:\/\/ship-tracker.org\/hurtigruten\/#primaryimage"},"thumbnailUrl":"https:\/\/ship-tracker.org\/wp-content\/uploads\/2020\/04\/hurtigruten-web.jpg","datePublished":"2020-04-29T12:29:44+00:00","dateModified":"2022-10-27T14:00:27+00:00","description":"Localiza\u00e7\u00e3o da Frota Hurtigruten | Posi\u00e7\u00f5es Atuais dos Navios Hurtigruten, n\u00fameros IMO, MMSI, Webcam | Mapas de frota ao vivo | Rastreador de navios ao vivo","breadcrumb":{"@id":"https:\/\/ship-tracker.org\/hurtigruten\/#breadcrumb"},"inLanguage":"pt-PT","potentialAction":[{"@type":"ReadAction","target":["https:\/\/ship-tracker.org\/hurtigruten\/"]}]},{"@type":"ImageObject","inLanguage":"pt-PT","@id":"https:\/\/ship-tracker.org\/hurtigruten\/#primaryimage","url":"https:\/\/ship-tracker.org\/wp-content\/uploads\/2020\/04\/hurtigruten-web.jpg","contentUrl":"https:\/\/ship-tracker.org\/wp-content\/uploads\/2020\/04\/hurtigruten-web.jpg","width":1000,"height":682,"caption":"Hurtigruten"},{"@type":"BreadcrumbList","@id":"https:\/\/ship-tracker.org\/hurtigruten\/#breadcrumb","itemListElement":[{"@type":"ListItem","position":1,"name":"Startseite","item":"https:\/\/ship-tracker.org\/"},{"@type":"ListItem","position":2,"name":"Hurtigruten"}]},{"@type":"WebSite","@id":"https:\/\/ship-tracker.org\/#website","url":"https:\/\/ship-tracker.org\/","name":"Ship-tracker.org","description":"","potentialAction":[{"@type":"SearchAction","target":{"@type":"EntryPoint","urlTemplate":"https:\/\/ship-tracker.org\/?s={search_term_string}"},"query-input":{"@type":"PropertyValueSpecification","valueRequired":true,"valueName":"search_term_string"}}],"inLanguage":"pt-PT"}]}},"_links":{"self":[{"href":"https:\/\/ship-tracker.org\/pt\/wp-json\/wp\/v2\/pages\/2056","targetHints":{"allow":["GET"]}}],"collection":[{"href":"https:\/\/ship-tracker.org\/pt\/wp-json\/wp\/v2\/pages"}],"about":[{"href":"https:\/\/ship-tracker.org\/pt\/wp-json\/wp\/v2\/types\/page"}],"author":[{"embeddable":true,"href":"https:\/\/ship-tracker.org\/pt\/wp-json\/wp\/v2\/users\/1"}],"replies":[{"embeddable":true,"href":"https:\/\/ship-tracker.org\/pt\/wp-json\/wp\/v2\/comments?post=2056"}],"version-history":[{"count":5,"href":"https:\/\/ship-tracker.org\/pt\/wp-json\/wp\/v2\/pages\/2056\/revisions"}],"predecessor-version":[{"id":2475,"href":"https:\/\/ship-tracker.org\/pt\/wp-json\/wp\/v2\/pages\/2056\/revisions\/2475"}],"wp:featuredmedia":[{"embeddable":true,"href":"https:\/\/ship-tracker.org\/pt\/wp-json\/wp\/v2\/media\/2057"}],"wp:attachment":[{"href":"https:\/\/ship-tracker.org\/pt\/wp-json\/wp\/v2\/media?parent=2056"}],"curies":[{"name":"wp","href":"https:\/\/api.w.org\/{rel}","templated":true}]}}