{"id":2049,"date":"2020-04-29T14:38:31","date_gmt":"2020-04-29T12:38:31","guid":{"rendered":"https:\/\/ship-tracker.org\/?page_id=2049"},"modified":"2022-11-01T13:43:29","modified_gmt":"2022-11-01T12:43:29","slug":"cunard-line","status":"publish","type":"page","link":"https:\/\/ship-tracker.org\/pt\/cunard-line\/","title":{"rendered":"Cunard Line"},"content":{"rendered":"<h2>Navios de localiza\u00e7\u00e3o de frota da linha Cunard, n\u00fameros IMO, MMSI, webcams<\/h2>\n<p>Onde est\u00e1 atualmente a posi\u00e7\u00e3o atual da frota da Cunard Line?<\/p>\n<table style=\"border-collapse: collapse; width: 100%; height: 96px;\">\n<tbody>\n<tr style=\"height: 24px;\">\n<td style=\"width: 33.3333%; height: 24px;\"><span style=\"color: #1f405b;\"><strong>Navio<\/strong><\/span><\/td>\n<td style=\"width: 33.3333%; height: 24px;\"><span style=\"color: #1f405b;\"><strong>IMO<\/strong><\/span><\/td>\n<td style=\"width: 33.3333%; height: 24px;\"><span style=\"color: #1f405b;\"><strong>MMSI<\/strong><\/span><\/td>\n<\/tr>\n<tr style=\"height: 24px;\">\n<td style=\"width: 33.3333%; height: 24px;\"><a href=\"https:\/\/ship-tracker.org\/pt\/queen-elizabeth\/\">Queen Elizabeth<\/a><\/td>\n<td style=\"width: 33.3333%; height: 24px;\">9477438<\/td>\n<td style=\"width: 33.3333%; height: 24px;\">310625000<\/td>\n<\/tr>\n<tr style=\"height: 24px;\">\n<td style=\"width: 33.3333%; height: 24px;\"><a href=\"https:\/\/ship-tracker.org\/pt\/queen-victoria\/\">Queen Victoria<\/a><\/td>\n<td style=\"width: 33.3333%; height: 24px;\">9320556<\/td>\n<td style=\"width: 33.3333%; height: 24px;\">310624000<\/td>\n<\/tr>\n<tr style=\"height: 24px;\">\n<td style=\"width: 33.3333%; height: 24px;\"><a href=\"https:\/\/ship-tracker.org\/pt\/queen-mary-2\/\">Queen Mary 2<\/a><\/td>\n<td style=\"width: 33.3333%; height: 24px;\">9241061<\/td>\n<td style=\"width: 33.3333%; height: 24px;\">310627000<\/td>\n<\/tr>\n<tr>\n<td style=\"width: 33.3333%;\"><a href=\"https:\/\/ship-tracker.org\/pt\/queen-anne\/\">Rainha Ana<\/a><\/td>\n<td style=\"width: 33.3333%;\">2024<\/td>\n<td style=\"width: 33.3333%;\"><\/td>\n<\/tr>\n<\/tbody>\n<\/table>\n<h2>Sobre a linha Cunard<\/h2>\n<p>Cunard Line significa luxo e eleg\u00e2ncia brit\u00e2nicos cl\u00e1ssicos. A frota da Cunard consiste em tr\u00eas elegantes navios de cruzeiro de 5 estrelas: Queen Elizabeth, Queen Victoria e Queen Mary 2. Por 150 anos, os navios da Cunard Line navegam nos oceanos. Com navios como o Queen Mary e o Queen Elizabeth, nossa companhia de navega\u00e7\u00e3o se tornou mundialmente famosa na rota entre Southampton e Nova York. Ainda hoje voc\u00ea pode experimentar como \u00e9 ver a Est\u00e1tua da Liberdade e o horizonte de Manhattan ap\u00f3s uma luxuosa viagem mar\u00edtima de 6 dias.<\/p>\n<p>Escolha um cruzeiro com a Cunard Line agora para experimentar aventuras extraordin\u00e1rias e descobrir o mundo inteiro. Os itiner\u00e1rios cuidadosamente projetados garantir\u00e3o que voc\u00ea aproveite ao m\u00e1ximo seu tempo de viagem. A frota da Cunard o levar\u00e1 aos destinos mais bonitos do mundo, como Noruega, Creta, Bermuda e Austr\u00e1lia. Voc\u00ea tamb\u00e9m pode viajar pelo mundo em cruzeiros de at\u00e9 4 meses de dura\u00e7\u00e3o. A Linha Cunard oferece versatilidade de cruzeiros, para que todos os seus desejos possam ser realizados.<\/p>\n<p>Nos navios da Cunard Line, as refei\u00e7\u00f5es nos principais restaurantes e restaurantes com buf\u00ea est\u00e3o inclu\u00eddas no pre\u00e7o, assim como caf\u00e9 e ch\u00e1 nas m\u00e1quinas de venda autom\u00e1tica no restaurante com buffet. Existe um custo adicional para especialidades de caf\u00e9, como cappuccino, caf\u00e9 expresso e refrigerantes. Nos restaurantes especializados, como o Verandah Grill, voc\u00ea paga uma sobretaxa e a reserva \u00e9 recomendada.<\/p>\n<p>Relaxe, por exemplo, em uma cadeira de leitura bem colocada na biblioteca. Voc\u00ea tamb\u00e9m tem uma grande variedade de experi\u00eancias diferentes de restaurantes e bares para escolher, al\u00e9m de uma revigorante corrida matinal no conv\u00e9s da avenida. Nossos navios de cruzeiro t\u00eam quartos cuidadosamente projetados, cabines espa\u00e7osas e restaurantes bonitos e relaxantes para que voc\u00ea possa se divertir totalmente durante o cruzeiro. A bordo, a nostalgia \u00e9 combinada com a modernidade. Apesar do car\u00e1ter cl\u00e1ssico, todas as comodidades modernas usuais est\u00e3o \u00e0 sua disposi\u00e7\u00e3o.<\/p>","protected":false},"excerpt":{"rendered":"<p>Cunard Line Fleet Localiza\u00e7\u00e3o Navios, n\u00fameros IMO, MMSI, Webcams Onde est\u00e1 a posi\u00e7\u00e3o atual da Cunard Line Fleet atualmente? Navio IMO MMSI Queen Elizabeth 9477438 310625000 Queen Victoria 9320556 310624000 Queen Mary 2 9241061 310627000 Queen Anne 2024 Sobre a Cunard Line A Cunard Line representa o luxo e a eleg\u00e2ncia cl\u00e1ssicos brit\u00e2nicos. A frota da Cunard consiste em\u2026&nbsp;<a href=\"https:\/\/ship-tracker.org\/pt\/cunard-line\/\" rel=\"bookmark\">Ler mais \u00bb<span class=\"screen-reader-text\">Cunard Line<\/span><\/a><\/p>","protected":false},"author":1,"featured_media":2055,"parent":0,"menu_order":0,"comment_status":"closed","ping_status":"closed","template":"","meta":{"neve_meta_sidebar":"","neve_meta_container":"","neve_meta_enable_content_width":"","neve_meta_content_width":0,"neve_meta_title_alignment":"","neve_meta_author_avatar":"","neve_post_elements_order":"","neve_meta_disable_header":"","neve_meta_disable_footer":"","neve_meta_disable_title":"","neve_meta_reading_time":"","footnotes":""},"class_list":["post-2049","page","type-page","status-publish","has-post-thumbnail","hentry"],"yoast_head":"<!-- This site is optimized with the Yoast SEO plugin v27.4 - https:\/\/yoast.com\/product\/yoast-seo-wordpress\/ -->\n<title>Track Cunard Line Fleet | Cruise Ships | Marine Vessel<\/title>\n<meta name=\"description\" content=\"Cunard Line Fleet Location | Current Positions of Cunard Line Ships, IMO numbers, MMSI, Webcam | Live Fleet Maps | Live Ship Tracker\" \/>\n<meta name=\"robots\" content=\"index, follow, max-snippet:-1, max-image-preview:large, max-video-preview:-1\" \/>\n<link rel=\"canonical\" href=\"https:\/\/ship-tracker.org\/pt\/cunard-line\/\" \/>\n<meta property=\"og:locale\" content=\"pt_PT\" \/>\n<meta property=\"og:type\" content=\"article\" \/>\n<meta property=\"og:title\" content=\"Track Cunard Line Fleet | Cruise Ships | Marine Vessel\" \/>\n<meta property=\"og:description\" content=\"Cunard Line Fleet Location | Current Positions of Cunard Line Ships, IMO numbers, MMSI, Webcam | Live Fleet Maps | Live Ship Tracker\" \/>\n<meta property=\"og:url\" content=\"https:\/\/ship-tracker.org\/pt\/cunard-line\/\" \/>\n<meta property=\"og:site_name\" content=\"Ship-tracker.org\" \/>\n<meta property=\"article:modified_time\" content=\"2022-11-01T12:43:29+00:00\" \/>\n<meta property=\"og:image\" content=\"https:\/\/ship-tracker.org\/wp-content\/uploads\/2020\/04\/reederei-cunard.jpg\" \/>\n\t<meta property=\"og:image:width\" content=\"325\" \/>\n\t<meta property=\"og:image:height\" content=\"245\" \/>\n\t<meta property=\"og:image:type\" content=\"image\/jpeg\" \/>\n<meta name=\"twitter:card\" content=\"summary_large_image\" \/>\n<meta name=\"twitter:label1\" content=\"Tempo estimado de leitura\" \/>\n\t<meta name=\"twitter:data1\" content=\"2 minutos\" \/>\n<script type=\"application\/ld+json\" class=\"yoast-schema-graph\">{\"@context\":\"https:\\\/\\\/schema.org\",\"@graph\":[{\"@type\":\"WebPage\",\"@id\":\"https:\\\/\\\/ship-tracker.org\\\/cunard-line\\\/\",\"url\":\"https:\\\/\\\/ship-tracker.org\\\/cunard-line\\\/\",\"name\":\"Track Cunard Line Fleet | Cruise Ships | Marine Vessel\",\"isPartOf\":{\"@id\":\"https:\\\/\\\/ship-tracker.org\\\/#website\"},\"primaryImageOfPage\":{\"@id\":\"https:\\\/\\\/ship-tracker.org\\\/cunard-line\\\/#primaryimage\"},\"image\":{\"@id\":\"https:\\\/\\\/ship-tracker.org\\\/cunard-line\\\/#primaryimage\"},\"thumbnailUrl\":\"https:\\\/\\\/ship-tracker.org\\\/wp-content\\\/uploads\\\/2020\\\/04\\\/reederei-cunard.jpg\",\"datePublished\":\"2020-04-29T12:38:31+00:00\",\"dateModified\":\"2022-11-01T12:43:29+00:00\",\"description\":\"Cunard Line Fleet Location | Current Positions of Cunard Line Ships, IMO numbers, MMSI, Webcam | Live Fleet Maps | Live Ship Tracker\",\"breadcrumb\":{\"@id\":\"https:\\\/\\\/ship-tracker.org\\\/cunard-line\\\/#breadcrumb\"},\"inLanguage\":\"pt-PT\",\"potentialAction\":[{\"@type\":\"ReadAction\",\"target\":[\"https:\\\/\\\/ship-tracker.org\\\/cunard-line\\\/\"]}]},{\"@type\":\"ImageObject\",\"inLanguage\":\"pt-PT\",\"@id\":\"https:\\\/\\\/ship-tracker.org\\\/cunard-line\\\/#primaryimage\",\"url\":\"https:\\\/\\\/ship-tracker.org\\\/wp-content\\\/uploads\\\/2020\\\/04\\\/reederei-cunard.jpg\",\"contentUrl\":\"https:\\\/\\\/ship-tracker.org\\\/wp-content\\\/uploads\\\/2020\\\/04\\\/reederei-cunard.jpg\",\"width\":325,\"height\":245,\"caption\":\"Cunard Line\"},{\"@type\":\"BreadcrumbList\",\"@id\":\"https:\\\/\\\/ship-tracker.org\\\/cunard-line\\\/#breadcrumb\",\"itemListElement\":[{\"@type\":\"ListItem\",\"position\":1,\"name\":\"Startseite\",\"item\":\"https:\\\/\\\/ship-tracker.org\\\/\"},{\"@type\":\"ListItem\",\"position\":2,\"name\":\"Cunard Line\"}]},{\"@type\":\"WebSite\",\"@id\":\"https:\\\/\\\/ship-tracker.org\\\/#website\",\"url\":\"https:\\\/\\\/ship-tracker.org\\\/\",\"name\":\"Ship-tracker.org\",\"description\":\"\",\"potentialAction\":[{\"@type\":\"SearchAction\",\"target\":{\"@type\":\"EntryPoint\",\"urlTemplate\":\"https:\\\/\\\/ship-tracker.org\\\/?s={search_term_string}\"},\"query-input\":{\"@type\":\"PropertyValueSpecification\",\"valueRequired\":true,\"valueName\":\"search_term_string\"}}],\"inLanguage\":\"pt-PT\"}]}<\/script>\n<!-- \/ Yoast SEO plugin. -->","yoast_head_json":{"title":"Frota da Linha Cunard | Navios de cruzeiro | Marine Vessel","description":"Localiza\u00e7\u00e3o da frota da Cunard Line | Posi\u00e7\u00f5es Atuais dos Navios da Cunard Line, n\u00fameros IMO, MMSI, Webcam | Mapas de frota ao vivo | Rastreador de navios ao vivo","robots":{"index":"index","follow":"follow","max-snippet":"max-snippet:-1","max-image-preview":"max-image-preview:large","max-video-preview":"max-video-preview:-1"},"canonical":"https:\/\/ship-tracker.org\/pt\/cunard-line\/","og_locale":"pt_PT","og_type":"article","og_title":"Track Cunard Line Fleet | Cruise Ships | Marine Vessel","og_description":"Cunard Line Fleet Location | Current Positions of Cunard Line Ships, IMO numbers, MMSI, Webcam | Live Fleet Maps | Live Ship Tracker","og_url":"https:\/\/ship-tracker.org\/pt\/cunard-line\/","og_site_name":"Ship-tracker.org","article_modified_time":"2022-11-01T12:43:29+00:00","og_image":[{"width":325,"height":245,"url":"https:\/\/ship-tracker.org\/wp-content\/uploads\/2020\/04\/reederei-cunard.jpg","type":"image\/jpeg"}],"twitter_card":"summary_large_image","twitter_misc":{"Tempo estimado de leitura":"2 minutos"},"schema":{"@context":"https:\/\/schema.org","@graph":[{"@type":"WebPage","@id":"https:\/\/ship-tracker.org\/cunard-line\/","url":"https:\/\/ship-tracker.org\/cunard-line\/","name":"Frota da Linha Cunard | Navios de cruzeiro | Marine Vessel","isPartOf":{"@id":"https:\/\/ship-tracker.org\/#website"},"primaryImageOfPage":{"@id":"https:\/\/ship-tracker.org\/cunard-line\/#primaryimage"},"image":{"@id":"https:\/\/ship-tracker.org\/cunard-line\/#primaryimage"},"thumbnailUrl":"https:\/\/ship-tracker.org\/wp-content\/uploads\/2020\/04\/reederei-cunard.jpg","datePublished":"2020-04-29T12:38:31+00:00","dateModified":"2022-11-01T12:43:29+00:00","description":"Localiza\u00e7\u00e3o da frota da Cunard Line | Posi\u00e7\u00f5es Atuais dos Navios da Cunard Line, n\u00fameros IMO, MMSI, Webcam | Mapas de frota ao vivo | Rastreador de navios ao vivo","breadcrumb":{"@id":"https:\/\/ship-tracker.org\/cunard-line\/#breadcrumb"},"inLanguage":"pt-PT","potentialAction":[{"@type":"ReadAction","target":["https:\/\/ship-tracker.org\/cunard-line\/"]}]},{"@type":"ImageObject","inLanguage":"pt-PT","@id":"https:\/\/ship-tracker.org\/cunard-line\/#primaryimage","url":"https:\/\/ship-tracker.org\/wp-content\/uploads\/2020\/04\/reederei-cunard.jpg","contentUrl":"https:\/\/ship-tracker.org\/wp-content\/uploads\/2020\/04\/reederei-cunard.jpg","width":325,"height":245,"caption":"Cunard Line"},{"@type":"BreadcrumbList","@id":"https:\/\/ship-tracker.org\/cunard-line\/#breadcrumb","itemListElement":[{"@type":"ListItem","position":1,"name":"Startseite","item":"https:\/\/ship-tracker.org\/"},{"@type":"ListItem","position":2,"name":"Cunard Line"}]},{"@type":"WebSite","@id":"https:\/\/ship-tracker.org\/#website","url":"https:\/\/ship-tracker.org\/","name":"Ship-tracker.org","description":"","potentialAction":[{"@type":"SearchAction","target":{"@type":"EntryPoint","urlTemplate":"https:\/\/ship-tracker.org\/?s={search_term_string}"},"query-input":{"@type":"PropertyValueSpecification","valueRequired":true,"valueName":"search_term_string"}}],"inLanguage":"pt-PT"}]}},"_links":{"self":[{"href":"https:\/\/ship-tracker.org\/pt\/wp-json\/wp\/v2\/pages\/2049","targetHints":{"allow":["GET"]}}],"collection":[{"href":"https:\/\/ship-tracker.org\/pt\/wp-json\/wp\/v2\/pages"}],"about":[{"href":"https:\/\/ship-tracker.org\/pt\/wp-json\/wp\/v2\/types\/page"}],"author":[{"embeddable":true,"href":"https:\/\/ship-tracker.org\/pt\/wp-json\/wp\/v2\/users\/1"}],"replies":[{"embeddable":true,"href":"https:\/\/ship-tracker.org\/pt\/wp-json\/wp\/v2\/comments?post=2049"}],"version-history":[{"count":10,"href":"https:\/\/ship-tracker.org\/pt\/wp-json\/wp\/v2\/pages\/2049\/revisions"}],"predecessor-version":[{"id":3541,"href":"https:\/\/ship-tracker.org\/pt\/wp-json\/wp\/v2\/pages\/2049\/revisions\/3541"}],"wp:featuredmedia":[{"embeddable":true,"href":"https:\/\/ship-tracker.org\/pt\/wp-json\/wp\/v2\/media\/2055"}],"wp:attachment":[{"href":"https:\/\/ship-tracker.org\/pt\/wp-json\/wp\/v2\/media?parent=2049"}],"curies":[{"name":"wp","href":"https:\/\/api.w.org\/{rel}","templated":true}]}}