{"id":1273,"date":"2019-10-04T13:41:19","date_gmt":"2019-10-04T11:41:19","guid":{"rendered":"https:\/\/ship-tracker.org\/?page_id=1273"},"modified":"2025-12-30T06:32:21","modified_gmt":"2025-12-30T05:32:21","slug":"site-notice","status":"publish","type":"page","link":"https:\/\/ship-tracker.org\/pt\/site-notice\/","title":{"rendered":"Aviso do site"},"content":{"rendered":"<p><strong>Informa\u00e7\u00f5es nos termos do \u00a7 5 TMG<\/strong><br \/>\n<strong>Contato:<\/strong><\/p>\n<p>Petros Aslanakis<br \/>\n889\/850 Muuu 5<br \/>\nNong Prue, Bang Lamung<br \/>\nChon Buri 20150<br \/>\nTail\u00e2ndia<\/p>\n<p>E-mail: info (@) ship-tracker.org<\/p>\n<p><strong>Fonte das imagens:<\/strong><\/p>\n<ul>\n<li>\u00a9 Pixabay<\/li>\n<li>\u00a9 fontawesome.com<\/li>\n<li>\u00a9 AIDA Cruises<\/li>\n<li>\u00a9 TUI Cruises<\/li>\n<li>\u00a9 MSC Cruzeiros<\/li>\n<li>\u00a9 Costa Crociere<\/li>\n<li>\u00a9 Royal Caribbean Cruises Ltd<\/li>\n<li>\u00a9 Corpora\u00e7\u00e3o Carnival Cruise Line<\/li>\n<li>\u00a9 Crystal Cruises<\/li>\n<li>\u00a9 Linha America America<\/li>\n<li>\u00a9 Celebrity Cruises<\/li>\n<li>\u00a9 Dream Cruises<\/li>\n<\/ul>\n<p><strong>Resolu\u00e7\u00e3o de disputas da UE<\/strong><\/p>\n<p>A Comiss\u00e3o Europeia fornece uma plataforma para resolu\u00e7\u00e3o de disputas on-line (ODR):\u00a0<a href=\"http:\/\/ec.europa.eu\/consumers\/odr\">http:\/\/ec.europa.eu\/consumers\/odr<\/a><br \/>\nNosso endere\u00e7o de e-mail pode ser encontrado acima no aviso do site.<br \/>\nN\u00e3o estamos dispostos ou obrigados a participar de processos de resolu\u00e7\u00e3o de disputas perante um conselho de arbitragem de consumidores.<\/p>\n<div class=\"wpb_text_column wpb_content_element\">\n<div class=\"wpb_wrapper\">\n<h2>aviso Legal<\/h2>\n<p><strong>Responsabilidade pelo conte\u00fado<\/strong><\/p>\n<p>Como prestadores de servi\u00e7os, somos respons\u00e1veis pelo pr\u00f3prio conte\u00fado desses sites, de acordo com a Sec. 7, par\u00e1grafo 1 German Telemedia Act (TMG). No entanto, de acordo com a Sec. 8 a 10 da Lei Alem\u00e3 de Telem\u00eddia (TMG), os prestadores de servi\u00e7os n\u00e3o s\u00e3o obrigados a monitorar permanentemente as informa\u00e7\u00f5es enviadas ou armazenadas ou a procurar evid\u00eancias que indiquem atividades ilegais.<\/p>\n<p><strong>Responsabilidade pelos Links<\/strong><\/p>\n<p>Nossa oferta inclui links para sites externos de terceiros. N\u00e3o temos influ\u00eancia sobre o conte\u00fado desses sites, portanto, n\u00e3o podemos garantir esse conte\u00fado. Fornecedores ou administradores de sites vinculados s\u00e3o sempre respons\u00e1veis por seu pr\u00f3prio conte\u00fado. Os sites vinculados foram verificados quanto a poss\u00edveis viola\u00e7\u00f5es da lei no momento do estabelecimento do link. Conte\u00fado ilegal n\u00e3o foi detectado no momento da vincula\u00e7\u00e3o. Um monitoramento permanente do conte\u00fado de sites vinculados n\u00e3o pode ser imposto sem indica\u00e7\u00f5es razo\u00e1veis de que houve uma viola\u00e7\u00e3o da lei. Os links ilegais ser\u00e3o removidos imediatamente no momento em que tivermos conhecimento deles.<\/p>\n<p><strong>direito autoral<\/strong><\/p>\n<p>Os conte\u00fados e compila\u00e7\u00f5es publicados nesses sites pelos fornecedores est\u00e3o sujeitos \u00e0s leis de direitos autorais alem\u00e3s. A reprodu\u00e7\u00e3o, edi\u00e7\u00e3o, distribui\u00e7\u00e3o e o uso de qualquer tipo fora do escopo da lei de direitos autorais requerem uma permiss\u00e3o por escrito do autor ou autor. Downloads e c\u00f3pias desses sites s\u00e3o permitidos apenas para uso privado. \u00c9 proibido o uso comercial de nosso conte\u00fado sem a permiss\u00e3o do autor. As leis de direitos autorais de terceiros s\u00e3o respeitadas desde que o conte\u00fado desses sites n\u00e3o seja origin\u00e1rio do provedor. Contribui\u00e7\u00f5es de terceiros neste site s\u00e3o indicadas como tal. No entanto, se voc\u00ea observar alguma viola\u00e7\u00e3o da lei de direitos autorais, informe-nos. Esse conte\u00fado ser\u00e1 removido imediatamente.<\/p>\n<\/div>\n<\/div>","protected":false},"excerpt":{"rendered":"<p>Informa\u00e7\u00f5es de acordo com o \u00a7 5 da Lei Alem\u00e3 de Servi\u00e7os de Telecomunica\u00e7\u00f5es (TMG): Contato: Petros Aslanakis, 889\/850 Moo 5 Nong Prue, Bang Lamung Chon Buri 20150, Tail\u00e2ndia. E-mail: info(@)ship-tracker.org. Fonte das imagens: \u00a9 Pixabay \u00a9 fontawesome.com \u00a9 AIDA Cruises \u00a9 TUI Cruises \u00a9 MSC Cruises \u00a9 Costa Crociere \u00a9 Royal Caribbean Cruises Ltd \u00a9 Carnival Cruise Line Corporation \u00a9 Crystal Cruises \u00a9\u2026&nbsp;<a href=\"https:\/\/ship-tracker.org\/pt\/site-notice\/\" rel=\"bookmark\">Ler mais \u00bb<span class=\"screen-reader-text\">Aviso do site<\/span><\/a><\/p>","protected":false},"author":1,"featured_media":0,"parent":0,"menu_order":0,"comment_status":"closed","ping_status":"closed","template":"","meta":{"neve_meta_sidebar":"","neve_meta_container":"","neve_meta_enable_content_width":"off","neve_meta_content_width":100,"neve_meta_title_alignment":"","neve_meta_author_avatar":"","neve_post_elements_order":"","neve_meta_disable_header":"","neve_meta_disable_footer":"","neve_meta_disable_title":"","neve_meta_reading_time":"","footnotes":""},"class_list":["post-1273","page","type-page","status-publish","hentry"],"yoast_head":"<!-- This site is optimized with the Yoast SEO plugin v26.9 - https:\/\/yoast.com\/product\/yoast-seo-wordpress\/ -->\n<title>Site Notice - Ship-tracker.org<\/title>\n<meta name=\"robots\" content=\"noindex, follow\" \/>\n<meta property=\"og:locale\" content=\"pt_PT\" \/>\n<meta property=\"og:type\" content=\"article\" \/>\n<meta property=\"og:title\" content=\"Site Notice - Ship-tracker.org\" \/>\n<meta property=\"og:description\" content=\"Information pursuant to \u00a7 5 TMG Contact: Petros Aslanakis 889\/850 Moo 5 Nong Prue, Bang Lamung Chon Buri 20150 Thailand E-Mail: info(@)ship-tracker.org Source of images: \u00a9 Pixabay \u00a9 fontawesome.com \u00a9 AIDA Cruises \u00a9 TUI Cruises \u00a9 MSC Cruises \u00a9 Costa Crociere \u00a9 Royal Caribbean Cruises Ltd \u00a9 Carnival Cruise Line Corporation \u00a9 Crystal Cruises \u00a9&hellip;&nbsp;Read More &raquo;Site Notice\" \/>\n<meta property=\"og:url\" content=\"https:\/\/ship-tracker.org\/pt\/site-notice\/\" \/>\n<meta property=\"og:site_name\" content=\"Ship-tracker.org\" \/>\n<meta property=\"article:modified_time\" content=\"2025-12-30T05:32:21+00:00\" \/>\n<meta name=\"twitter:card\" content=\"summary_large_image\" \/>\n<meta name=\"twitter:label1\" content=\"Tempo estimado de leitura\" \/>\n\t<meta name=\"twitter:data1\" content=\"2 minutos\" \/>\n<script type=\"application\/ld+json\" class=\"yoast-schema-graph\">{\"@context\":\"https:\/\/schema.org\",\"@graph\":[{\"@type\":\"WebPage\",\"@id\":\"https:\/\/ship-tracker.org\/site-notice\/\",\"url\":\"https:\/\/ship-tracker.org\/site-notice\/\",\"name\":\"Site Notice - Ship-tracker.org\",\"isPartOf\":{\"@id\":\"https:\/\/ship-tracker.org\/#website\"},\"datePublished\":\"2019-10-04T11:41:19+00:00\",\"dateModified\":\"2025-12-30T05:32:21+00:00\",\"breadcrumb\":{\"@id\":\"https:\/\/ship-tracker.org\/site-notice\/#breadcrumb\"},\"inLanguage\":\"pt-PT\",\"potentialAction\":[{\"@type\":\"ReadAction\",\"target\":[\"https:\/\/ship-tracker.org\/site-notice\/\"]}]},{\"@type\":\"BreadcrumbList\",\"@id\":\"https:\/\/ship-tracker.org\/site-notice\/#breadcrumb\",\"itemListElement\":[{\"@type\":\"ListItem\",\"position\":1,\"name\":\"Startseite\",\"item\":\"https:\/\/ship-tracker.org\/\"},{\"@type\":\"ListItem\",\"position\":2,\"name\":\"Site Notice\"}]},{\"@type\":\"WebSite\",\"@id\":\"https:\/\/ship-tracker.org\/#website\",\"url\":\"https:\/\/ship-tracker.org\/\",\"name\":\"Ship-tracker.org\",\"description\":\"\",\"potentialAction\":[{\"@type\":\"SearchAction\",\"target\":{\"@type\":\"EntryPoint\",\"urlTemplate\":\"https:\/\/ship-tracker.org\/?s={search_term_string}\"},\"query-input\":{\"@type\":\"PropertyValueSpecification\",\"valueRequired\":true,\"valueName\":\"search_term_string\"}}],\"inLanguage\":\"pt-PT\"}]}<\/script>\n<!-- \/ Yoast SEO plugin. -->","yoast_head_json":{"title":"Aviso do site - Ship-tracker.org","robots":{"index":"noindex","follow":"follow"},"og_locale":"pt_PT","og_type":"article","og_title":"Site Notice - Ship-tracker.org","og_description":"Information pursuant to \u00a7 5 TMG Contact: Petros Aslanakis 889\/850 Moo 5 Nong Prue, Bang Lamung Chon Buri 20150 Thailand E-Mail: info(@)ship-tracker.org Source of images: \u00a9 Pixabay \u00a9 fontawesome.com \u00a9 AIDA Cruises \u00a9 TUI Cruises \u00a9 MSC Cruises \u00a9 Costa Crociere \u00a9 Royal Caribbean Cruises Ltd \u00a9 Carnival Cruise Line Corporation \u00a9 Crystal Cruises \u00a9&hellip;&nbsp;Read More &raquo;Site Notice","og_url":"https:\/\/ship-tracker.org\/pt\/site-notice\/","og_site_name":"Ship-tracker.org","article_modified_time":"2025-12-30T05:32:21+00:00","twitter_card":"summary_large_image","twitter_misc":{"Tempo estimado de leitura":"2 minutos"},"schema":{"@context":"https:\/\/schema.org","@graph":[{"@type":"WebPage","@id":"https:\/\/ship-tracker.org\/site-notice\/","url":"https:\/\/ship-tracker.org\/site-notice\/","name":"Aviso do site - Ship-tracker.org","isPartOf":{"@id":"https:\/\/ship-tracker.org\/#website"},"datePublished":"2019-10-04T11:41:19+00:00","dateModified":"2025-12-30T05:32:21+00:00","breadcrumb":{"@id":"https:\/\/ship-tracker.org\/site-notice\/#breadcrumb"},"inLanguage":"pt-PT","potentialAction":[{"@type":"ReadAction","target":["https:\/\/ship-tracker.org\/site-notice\/"]}]},{"@type":"BreadcrumbList","@id":"https:\/\/ship-tracker.org\/site-notice\/#breadcrumb","itemListElement":[{"@type":"ListItem","position":1,"name":"Startseite","item":"https:\/\/ship-tracker.org\/"},{"@type":"ListItem","position":2,"name":"Site Notice"}]},{"@type":"WebSite","@id":"https:\/\/ship-tracker.org\/#website","url":"https:\/\/ship-tracker.org\/","name":"Ship-tracker.org","description":"","potentialAction":[{"@type":"SearchAction","target":{"@type":"EntryPoint","urlTemplate":"https:\/\/ship-tracker.org\/?s={search_term_string}"},"query-input":{"@type":"PropertyValueSpecification","valueRequired":true,"valueName":"search_term_string"}}],"inLanguage":"pt-PT"}]}},"_links":{"self":[{"href":"https:\/\/ship-tracker.org\/pt\/wp-json\/wp\/v2\/pages\/1273","targetHints":{"allow":["GET"]}}],"collection":[{"href":"https:\/\/ship-tracker.org\/pt\/wp-json\/wp\/v2\/pages"}],"about":[{"href":"https:\/\/ship-tracker.org\/pt\/wp-json\/wp\/v2\/types\/page"}],"author":[{"embeddable":true,"href":"https:\/\/ship-tracker.org\/pt\/wp-json\/wp\/v2\/users\/1"}],"replies":[{"embeddable":true,"href":"https:\/\/ship-tracker.org\/pt\/wp-json\/wp\/v2\/comments?post=1273"}],"version-history":[{"count":6,"href":"https:\/\/ship-tracker.org\/pt\/wp-json\/wp\/v2\/pages\/1273\/revisions"}],"predecessor-version":[{"id":5376,"href":"https:\/\/ship-tracker.org\/pt\/wp-json\/wp\/v2\/pages\/1273\/revisions\/5376"}],"wp:attachment":[{"href":"https:\/\/ship-tracker.org\/pt\/wp-json\/wp\/v2\/media?parent=1273"}],"curies":[{"name":"wp","href":"https:\/\/api.w.org\/{rel}","templated":true}]}}