{"id":1190,"date":"2019-10-02T11:53:35","date_gmt":"2019-10-02T09:53:35","guid":{"rendered":"https:\/\/ship-tracker.org\/?page_id=1190"},"modified":"2021-11-08T21:48:09","modified_gmt":"2021-11-08T20:48:09","slug":"sun-princess","status":"publish","type":"page","link":"https:\/\/ship-tracker.org\/pt\/sun-princess\/","title":{"rendered":"Sun Princess"},"content":{"rendered":"<p><script async src=\"https:\/\/pagead2.googlesyndication.com\/pagead\/js\/adsbygoogle.js\"><\/script><br \/>\n<!-- Ship-Tracker Display --><br \/>\n<ins class=\"adsbygoogle\" style=\"display: block;\" data-ad-client=\"ca-pub-1316785063791781\" data-ad-slot=\"8075999632\" data-ad-format=\"auto\" data-full-width-responsive=\"true\"><\/ins><br \/>\n<script>\n     (adsbygoogle = window.adsbygoogle || []).push({});\n<\/script><\/p>\n<h2><span style=\"color: #000000;\">Localiza\u00e7\u00e3o atual e <\/span><span style=\"color: #000000;\">posi\u00e7\u00e3o da princesa do sol <\/span><\/h2>\n<p>Onde est\u00e1 a posi\u00e7\u00e3o atual da Princesa do Sol atualmente?<br \/>\n<script async src=\"https:\/\/pagead2.googlesyndication.com\/pagead\/js\/adsbygoogle.js\"><\/script><br \/>\n<!-- Schip-Tracker Linkanzeigen --><br \/>\n<ins class=\"adsbygoogle\" style=\"display: block;\" data-ad-client=\"ca-pub-1316785063791781\" data-ad-slot=\"3429004156\" data-ad-format=\"link\" data-full-width-responsive=\"true\"><\/ins><br \/>\n<script>\n     (adsbygoogle = window.adsbygoogle || []).push({});\n<\/script><br \/>\n<script type=\"text\/javascript\">var width=\"100%\";var height=\"400\";var mmsi=310438000;<\/script><script type=\"text\/javascript\" src=\"https:\/\/www.vesselfinder.com\/aismap.js\"><\/script><br \/>\n<script async src=\"https:\/\/pagead2.googlesyndication.com\/pagead\/js\/adsbygoogle.js\"><\/script><br \/>\n<!-- Ship-Tracker Display --><br \/>\n<ins class=\"adsbygoogle\" style=\"display: block;\" data-ad-client=\"ca-pub-1316785063791781\" data-ad-slot=\"8075999632\" data-ad-format=\"auto\" data-full-width-responsive=\"true\"><\/ins><br \/>\n<script>\n     (adsbygoogle = window.adsbygoogle || []).push({});\n<\/script><br \/>\nVisualize a localiza\u00e7\u00e3o atual do Sun Princess. A posi\u00e7\u00e3o do Sun Princess pode ser determinada com precis\u00e3o pelos mapas do VesselFinder e do MarineTraffic. Assim, voc\u00ea est\u00e1 sempre bem informado onde est\u00e1 o seu navio favorito atualmente.<\/p>\n<h2 class=\"title\"><span style=\"color: #000000;\">An\u00e1lise e especifica\u00e7\u00f5es de Sun Princess<\/span><\/h2>\n<table class=\"responsive\">\n<tbody>\n<tr>\n<td style=\"width: 192px;\"><span style=\"color: #000000;\"><strong>Estado da bandeira<\/strong><\/span><\/td>\n<td style=\"width: 192px;\"><span style=\"color: #000000;\">Bermudas<\/span><\/td>\n<\/tr>\n<tr>\n<td style=\"width: 192px;\"><span style=\"color: #000000;\"><strong>Ano de constru\u00e7\u00e3o<\/strong><\/span><\/td>\n<td style=\"width: 192px;\"><span style=\"color: #000000;\">1995<\/span><\/td>\n<\/tr>\n<tr>\n<td style=\"width: 192px;\"><span style=\"color: #000000;\"><strong>Construtor<\/strong><\/span><\/td>\n<td style=\"width: 192px;\"><span style=\"color: #000000;\">Fincantieri<\/span><\/td>\n<\/tr>\n<tr>\n<td style=\"width: 192px;\"><span style=\"color: #000000;\"><strong>comprimento<\/strong><\/span><\/td>\n<td style=\"width: 192px;\"><span style=\"color: #000000;\"><span class=\"specificationUnit\">261 m<\/span><\/span><\/td>\n<\/tr>\n<tr>\n<td style=\"width: 192px;\"><span style=\"color: #000000;\"><strong>Feixe<\/strong><\/span><\/td>\n<td style=\"width: 192px;\"><span style=\"color: #000000;\"><span class=\"specificationUnit\">32 m<\/span><\/span><\/td>\n<\/tr>\n<tr>\n<td style=\"width: 192px;\"><span style=\"color: #000000;\"><strong>Tonelagem Bruta<\/strong><\/span><\/td>\n<td style=\"width: 192px;\"><span style=\"color: #000000;\">77441<span class=\"specificationUnit\">\u00a0gt<\/span><\/span><\/td>\n<\/tr>\n<tr>\n<td style=\"width: 192px;\"><span style=\"color: #000000;\"><strong>Passageiros<\/strong><\/span><\/td>\n<td style=\"width: 192px;\"><span style=\"color: #000000;\">2400<\/span><\/td>\n<\/tr>\n<tr>\n<td style=\"width: 192px;\"><span style=\"color: #000000;\"><strong>Equipe t\u00e9cnica<\/strong><\/span><\/td>\n<td style=\"width: 192px;\"><span style=\"color: #000000;\">900<\/span><\/td>\n<\/tr>\n<tr>\n<td style=\"width: 192px;\"><span style=\"color: #000000;\"><strong>Decks<\/strong>\u00a0<\/span><\/td>\n<td style=\"width: 192px;\"><span style=\"color: #000000;\">14<\/span><\/td>\n<\/tr>\n<tr>\n<td style=\"width: 192px;\"><span style=\"color: #000000;\"><strong>Rapidez<\/strong><\/span><\/td>\n<td style=\"width: 192px;\"><span style=\"color: #000000;\">22<span class=\"specificationUnit\">\u00a0kn<\/span><\/span><\/td>\n<\/tr>\n<tr>\n<td style=\"width: 192px;\"><span style=\"color: #000000;\"><strong><b>Porto de registro<\/b><\/strong><\/span><\/td>\n<td style=\"width: 192px;\"><span style=\"color: #000000;\">Hamilton<\/span><\/td>\n<\/tr>\n<tr>\n<td style=\"width: 192px;\"><span style=\"color: #000000;\"><strong><b>Propuls\u00e3o<\/b><\/strong><\/span><\/td>\n<td style=\"width: 192px;\"><span style=\"color: #000000;\">Diesel-el\u00e9trico<\/span><\/td>\n<\/tr>\n<tr>\n<td style=\"width: 192px;\"><span style=\"color: #000000;\"><strong><b>Propriet\u00e1rio<\/b><\/strong><\/span><\/td>\n<td style=\"width: 192px;\"><a href=\"https:\/\/ship-tracker.org\/pt\/princes-cruises\/\">Princess Cruises<\/a><\/td>\n<\/tr>\n<\/tbody>\n<\/table>\n<p><script async src=\"https:\/\/pagead2.googlesyndication.com\/pagead\/js\/adsbygoogle.js\"><\/script><br \/>\n<!-- Schip-Tracker Linkanzeigen --><br \/>\n<ins class=\"adsbygoogle\" style=\"display: block;\" data-ad-client=\"ca-pub-1316785063791781\" data-ad-slot=\"3429004156\" data-ad-format=\"link\" data-full-width-responsive=\"true\"><\/ins><br \/>\n<script>\n     (adsbygoogle = window.adsbygoogle || []).push({});\n<\/script><br \/>\n<img loading=\"lazy\" decoding=\"async\" class=\"aligncenter wp-image-746 size-full\" src=\"https:\/\/ship-tracker.org\/wp-content\/uploads\/2019\/03\/cruise-ship-615116_640-1.jpg\" alt=\"Sun Princess \" width=\"640\" height=\"357\" srcset=\"https:\/\/ship-tracker.org\/wp-content\/uploads\/2019\/03\/cruise-ship-615116_640-1.jpg 640w, https:\/\/ship-tracker.org\/wp-content\/uploads\/2019\/03\/cruise-ship-615116_640-1-300x167.jpg 300w\" sizes=\"auto, (max-width: 640px) 100vw, 640px\" \/><\/p>\n<h3 class=\"title\">Frota Princess Cruises<\/h3>\n<ul>\n<li><a href=\"https:\/\/ship-tracker.org\/pt\/discovery-princess\/\">Discovery Princess<\/a><\/li>\n<li><a href=\"https:\/\/ship-tracker.org\/pt\/enchanted-princess\/\">Enchanted Princess<\/a><\/li>\n<li><a href=\"https:\/\/ship-tracker.org\/pt\/sky-princess\/\">Sky Princess<\/a><\/li>\n<li><a href=\"https:\/\/ship-tracker.org\/pt\/majestic-princess\/\">Majestic Princess<\/a><\/li>\n<li><a href=\"https:\/\/ship-tracker.org\/pt\/regal-princess\/\">Regal Princess<\/a><\/li>\n<li><a href=\"https:\/\/ship-tracker.org\/pt\/royal-princess\/\">Royal Princess<\/a><\/li>\n<li><a href=\"https:\/\/ship-tracker.org\/pt\/ruby-princess\/\">Ruby Princess<\/a><\/li>\n<li><a href=\"https:\/\/ship-tracker.org\/pt\/emerald-princess\/\">Emerald Princess<\/a><\/li>\n<li><a href=\"https:\/\/ship-tracker.org\/pt\/crown-princess\/\">Crown Princess<\/a><\/li>\n<li><a href=\"https:\/\/ship-tracker.org\/pt\/diamond-princess\/\">Diamond Princess<\/a><\/li>\n<li><a href=\"https:\/\/ship-tracker.org\/pt\/caribbean-princess\/\">Caribbean Princess<\/a><\/li>\n<li><a href=\"https:\/\/ship-tracker.org\/pt\/sapphire-princess\/\">Sapphire Princess<\/a><\/li>\n<li><a href=\"https:\/\/ship-tracker.org\/pt\/island-princess\/\">Princess Island<\/a><\/li>\n<li><a href=\"https:\/\/ship-tracker.org\/pt\/coral-princess\/\">Coral Princess<\/a><\/li>\n<li><a href=\"https:\/\/ship-tracker.org\/pt\/star-princess\/\">Star Princess<\/a><\/li>\n<li><a href=\"https:\/\/ship-tracker.org\/pt\/pacific-princess\/\">Pacific Princess<\/a><\/li>\n<li><a href=\"https:\/\/ship-tracker.org\/pt\/sea-princess\/\">Sea Princess<\/a><\/li>\n<li><a href=\"https:\/\/ship-tracker.org\/pt\/grand-princess\/\">Grand Princess<\/a><\/li>\n<\/ul>","protected":false},"excerpt":{"rendered":"<p>Localiza\u00e7\u00e3o atual e posi\u00e7\u00e3o da Sun Princess Onde est\u00e1 a posi\u00e7\u00e3o atual da Sun Princess atualmente? Veja a localiza\u00e7\u00e3o atual do Sun Princess. A posi\u00e7\u00e3o do Sun Princess pode ser determinada com precis\u00e3o pelos mapas do VesselFinder e do MarineTraffic. Assim voc\u00ea est\u00e1 sempre bem informado sobre onde est\u00e1 seu navio preferido no momento. Revis\u00e3o e especifica\u00e7\u00f5es do Sun Princess Estado da bandeira\u2026&nbsp;<a href=\"https:\/\/ship-tracker.org\/pt\/sun-princess\/\" rel=\"bookmark\">Ler mais \u00bb<span class=\"screen-reader-text\">Sun Princess<\/span><\/a><\/p>","protected":false},"author":1,"featured_media":0,"parent":0,"menu_order":0,"comment_status":"closed","ping_status":"closed","template":"","meta":{"neve_meta_sidebar":"","neve_meta_container":"","neve_meta_enable_content_width":"","neve_meta_content_width":0,"neve_meta_title_alignment":"","neve_meta_author_avatar":"","neve_post_elements_order":"","neve_meta_disable_header":"","neve_meta_disable_footer":"","neve_meta_disable_title":"","neve_meta_reading_time":"","footnotes":""},"class_list":["post-1190","page","type-page","status-publish","hentry"],"yoast_head":"<!-- This site is optimized with the Yoast SEO plugin v26.9 - https:\/\/yoast.com\/product\/yoast-seo-wordpress\/ -->\n<title>Sun Princess \u2503 Current location and position of Princess Cruises<\/title>\n<meta name=\"description\" content=\"Sun Princess \u2693 Current location and position of Sun Princess \u2713 Cruise Ship Tracker \u2713 Live Ship Tracker \u2713 Review and Specifications\" \/>\n<meta name=\"robots\" content=\"index, follow, max-snippet:-1, max-image-preview:large, max-video-preview:-1\" \/>\n<link rel=\"canonical\" href=\"https:\/\/ship-tracker.org\/pt\/sun-princess\/\" \/>\n<meta property=\"og:locale\" content=\"pt_PT\" \/>\n<meta property=\"og:type\" content=\"article\" \/>\n<meta property=\"og:title\" content=\"Sun Princess \u2503 Current location and position of Princess Cruises\" \/>\n<meta property=\"og:description\" content=\"Sun Princess \u2693 Current location and position of Sun Princess \u2713 Cruise Ship Tracker \u2713 Live Ship Tracker \u2713 Review and Specifications\" \/>\n<meta property=\"og:url\" content=\"https:\/\/ship-tracker.org\/pt\/sun-princess\/\" \/>\n<meta property=\"og:site_name\" content=\"Ship-tracker.org\" \/>\n<meta property=\"article:modified_time\" content=\"2021-11-08T20:48:09+00:00\" \/>\n<meta property=\"og:image\" content=\"https:\/\/ship-tracker.org\/wp-content\/uploads\/2019\/03\/cruise-ship-615116_640-1.jpg\" \/>\n<meta name=\"twitter:card\" content=\"summary_large_image\" \/>\n<meta name=\"twitter:label1\" content=\"Tempo estimado de leitura\" \/>\n\t<meta name=\"twitter:data1\" content=\"1 minuto\" \/>\n<script type=\"application\/ld+json\" class=\"yoast-schema-graph\">{\"@context\":\"https:\/\/schema.org\",\"@graph\":[{\"@type\":\"WebPage\",\"@id\":\"https:\/\/ship-tracker.org\/sun-princess\/\",\"url\":\"https:\/\/ship-tracker.org\/sun-princess\/\",\"name\":\"Sun Princess \u2503 Current location and position of Princess Cruises\",\"isPartOf\":{\"@id\":\"https:\/\/ship-tracker.org\/#website\"},\"primaryImageOfPage\":{\"@id\":\"https:\/\/ship-tracker.org\/sun-princess\/#primaryimage\"},\"image\":{\"@id\":\"https:\/\/ship-tracker.org\/sun-princess\/#primaryimage\"},\"thumbnailUrl\":\"https:\/\/ship-tracker.org\/wp-content\/uploads\/2019\/03\/cruise-ship-615116_640-1.jpg\",\"datePublished\":\"2019-10-02T09:53:35+00:00\",\"dateModified\":\"2021-11-08T20:48:09+00:00\",\"description\":\"Sun Princess \u2693 Current location and position of Sun Princess \u2713 Cruise Ship Tracker \u2713 Live Ship Tracker \u2713 Review and Specifications\",\"breadcrumb\":{\"@id\":\"https:\/\/ship-tracker.org\/sun-princess\/#breadcrumb\"},\"inLanguage\":\"pt-PT\",\"potentialAction\":[{\"@type\":\"ReadAction\",\"target\":[\"https:\/\/ship-tracker.org\/sun-princess\/\"]}]},{\"@type\":\"ImageObject\",\"inLanguage\":\"pt-PT\",\"@id\":\"https:\/\/ship-tracker.org\/sun-princess\/#primaryimage\",\"url\":\"https:\/\/ship-tracker.org\/wp-content\/uploads\/2019\/03\/cruise-ship-615116_640-1.jpg\",\"contentUrl\":\"https:\/\/ship-tracker.org\/wp-content\/uploads\/2019\/03\/cruise-ship-615116_640-1.jpg\"},{\"@type\":\"BreadcrumbList\",\"@id\":\"https:\/\/ship-tracker.org\/sun-princess\/#breadcrumb\",\"itemListElement\":[{\"@type\":\"ListItem\",\"position\":1,\"name\":\"Startseite\",\"item\":\"https:\/\/ship-tracker.org\/\"},{\"@type\":\"ListItem\",\"position\":2,\"name\":\"Sun Princess\"}]},{\"@type\":\"WebSite\",\"@id\":\"https:\/\/ship-tracker.org\/#website\",\"url\":\"https:\/\/ship-tracker.org\/\",\"name\":\"Ship-tracker.org\",\"description\":\"\",\"potentialAction\":[{\"@type\":\"SearchAction\",\"target\":{\"@type\":\"EntryPoint\",\"urlTemplate\":\"https:\/\/ship-tracker.org\/?s={search_term_string}\"},\"query-input\":{\"@type\":\"PropertyValueSpecification\",\"valueRequired\":true,\"valueName\":\"search_term_string\"}}],\"inLanguage\":\"pt-PT\"}]}<\/script>\n<!-- \/ Yoast SEO plugin. -->","yoast_head_json":{"title":"Sun Princess \u2503 Localiza\u00e7\u00e3o atual e posi\u00e7\u00e3o dos Princess Cruises","description":"Sun Princess \u2693 Localiza\u00e7\u00e3o e posi\u00e7\u00e3o atual de Sun Princess \u2713 Rastreador de navio de cruzeiro \u2713 Rastreador de navio ao vivo \u2713 Revis\u00e3o e especifica\u00e7\u00f5es","robots":{"index":"index","follow":"follow","max-snippet":"max-snippet:-1","max-image-preview":"max-image-preview:large","max-video-preview":"max-video-preview:-1"},"canonical":"https:\/\/ship-tracker.org\/pt\/sun-princess\/","og_locale":"pt_PT","og_type":"article","og_title":"Sun Princess \u2503 Current location and position of Princess Cruises","og_description":"Sun Princess \u2693 Current location and position of Sun Princess \u2713 Cruise Ship Tracker \u2713 Live Ship Tracker \u2713 Review and Specifications","og_url":"https:\/\/ship-tracker.org\/pt\/sun-princess\/","og_site_name":"Ship-tracker.org","article_modified_time":"2021-11-08T20:48:09+00:00","og_image":[{"url":"https:\/\/ship-tracker.org\/wp-content\/uploads\/2019\/03\/cruise-ship-615116_640-1.jpg","type":"","width":"","height":""}],"twitter_card":"summary_large_image","twitter_misc":{"Tempo estimado de leitura":"1 minuto"},"schema":{"@context":"https:\/\/schema.org","@graph":[{"@type":"WebPage","@id":"https:\/\/ship-tracker.org\/sun-princess\/","url":"https:\/\/ship-tracker.org\/sun-princess\/","name":"Sun Princess \u2503 Localiza\u00e7\u00e3o atual e posi\u00e7\u00e3o dos Princess Cruises","isPartOf":{"@id":"https:\/\/ship-tracker.org\/#website"},"primaryImageOfPage":{"@id":"https:\/\/ship-tracker.org\/sun-princess\/#primaryimage"},"image":{"@id":"https:\/\/ship-tracker.org\/sun-princess\/#primaryimage"},"thumbnailUrl":"https:\/\/ship-tracker.org\/wp-content\/uploads\/2019\/03\/cruise-ship-615116_640-1.jpg","datePublished":"2019-10-02T09:53:35+00:00","dateModified":"2021-11-08T20:48:09+00:00","description":"Sun Princess \u2693 Localiza\u00e7\u00e3o e posi\u00e7\u00e3o atual de Sun Princess \u2713 Rastreador de navio de cruzeiro \u2713 Rastreador de navio ao vivo \u2713 Revis\u00e3o e especifica\u00e7\u00f5es","breadcrumb":{"@id":"https:\/\/ship-tracker.org\/sun-princess\/#breadcrumb"},"inLanguage":"pt-PT","potentialAction":[{"@type":"ReadAction","target":["https:\/\/ship-tracker.org\/sun-princess\/"]}]},{"@type":"ImageObject","inLanguage":"pt-PT","@id":"https:\/\/ship-tracker.org\/sun-princess\/#primaryimage","url":"https:\/\/ship-tracker.org\/wp-content\/uploads\/2019\/03\/cruise-ship-615116_640-1.jpg","contentUrl":"https:\/\/ship-tracker.org\/wp-content\/uploads\/2019\/03\/cruise-ship-615116_640-1.jpg"},{"@type":"BreadcrumbList","@id":"https:\/\/ship-tracker.org\/sun-princess\/#breadcrumb","itemListElement":[{"@type":"ListItem","position":1,"name":"Startseite","item":"https:\/\/ship-tracker.org\/"},{"@type":"ListItem","position":2,"name":"Sun Princess"}]},{"@type":"WebSite","@id":"https:\/\/ship-tracker.org\/#website","url":"https:\/\/ship-tracker.org\/","name":"Ship-tracker.org","description":"","potentialAction":[{"@type":"SearchAction","target":{"@type":"EntryPoint","urlTemplate":"https:\/\/ship-tracker.org\/?s={search_term_string}"},"query-input":{"@type":"PropertyValueSpecification","valueRequired":true,"valueName":"search_term_string"}}],"inLanguage":"pt-PT"}]}},"_links":{"self":[{"href":"https:\/\/ship-tracker.org\/pt\/wp-json\/wp\/v2\/pages\/1190","targetHints":{"allow":["GET"]}}],"collection":[{"href":"https:\/\/ship-tracker.org\/pt\/wp-json\/wp\/v2\/pages"}],"about":[{"href":"https:\/\/ship-tracker.org\/pt\/wp-json\/wp\/v2\/types\/page"}],"author":[{"embeddable":true,"href":"https:\/\/ship-tracker.org\/pt\/wp-json\/wp\/v2\/users\/1"}],"replies":[{"embeddable":true,"href":"https:\/\/ship-tracker.org\/pt\/wp-json\/wp\/v2\/comments?post=1190"}],"version-history":[{"count":5,"href":"https:\/\/ship-tracker.org\/pt\/wp-json\/wp\/v2\/pages\/1190\/revisions"}],"predecessor-version":[{"id":2391,"href":"https:\/\/ship-tracker.org\/pt\/wp-json\/wp\/v2\/pages\/1190\/revisions\/2391"}],"wp:attachment":[{"href":"https:\/\/ship-tracker.org\/pt\/wp-json\/wp\/v2\/media?parent=1190"}],"curies":[{"name":"wp","href":"https:\/\/api.w.org\/{rel}","templated":true}]}}