{"id":109,"date":"2017-09-14T16:27:46","date_gmt":"2017-09-14T14:27:46","guid":{"rendered":"http:\/\/ship-tracker.org\/?page_id=109"},"modified":"2019-10-10T17:02:01","modified_gmt":"2019-10-10T15:02:01","slug":"passion-of-the-seas","status":"publish","type":"page","link":"https:\/\/ship-tracker.org\/pt\/passion-of-the-seas\/","title":{"rendered":"Paix\u00e3o dos mares"},"content":{"rendered":"<p><script async src=\"https:\/\/pagead2.googlesyndication.com\/pagead\/js\/adsbygoogle.js\"><\/script><br \/>\n<!-- Ship-Tracker Display --><br \/>\n<ins class=\"adsbygoogle\"\n     style=\"display:block\"\n     data-ad-client=\"ca-pub-1316785063791781\"\n     data-ad-slot=\"8075999632\"\n     data-ad-format=\"auto\"\n     data-full-width-responsive=\"true\"><\/ins><br \/>\n<script>\n     (adsbygoogle = window.adsbygoogle || []).push({});\n<\/script><\/p>\n<h2><span style=\"color: #000000;\">Localiza\u00e7\u00e3o atual e <\/span><span style=\"color: #000000;\">posi\u00e7\u00e3o de paix\u00e3o dos mares<\/span><\/h2>\n<p>Onde est\u00e1 atualmente a posi\u00e7\u00e3o atual do Passion Of The Seas?<br \/>\n<script async src=\"https:\/\/pagead2.googlesyndication.com\/pagead\/js\/adsbygoogle.js\"><\/script><br \/>\n<!-- Schip-Tracker Linkanzeigen --><br \/>\n<ins class=\"adsbygoogle\"\n     style=\"display:block\"\n     data-ad-client=\"ca-pub-1316785063791781\"\n     data-ad-slot=\"3429004156\"\n     data-ad-format=\"link\"\n     data-full-width-responsive=\"true\"><\/ins><br \/>\n<script>\n     (adsbygoogle = window.adsbygoogle || []).push({});\n<\/script><br \/>\n<div class=\"su-gmap su-u-responsive-media-yes\"><iframe loading=\"lazy\" width=\"600\" height=\"400\" src=\"\/\/maps.google.com\/maps?q=meyer%20werft&amp;output=embed\" title=\"\"><\/iframe><\/div>\n<p><script async src=\"https:\/\/pagead2.googlesyndication.com\/pagead\/js\/adsbygoogle.js\"><\/script><br \/>\n<!-- Ship-Tracker Display --><br \/>\n<ins class=\"adsbygoogle\"\n     style=\"display:block\"\n     data-ad-client=\"ca-pub-1316785063791781\"\n     data-ad-slot=\"8075999632\"\n     data-ad-format=\"auto\"\n     data-full-width-responsive=\"true\"><\/ins><br \/>\n<script>\n     (adsbygoogle = window.adsbygoogle || []).push({});\n<\/script><\/p>\n<p>A localiza\u00e7\u00e3o da Passion Of The Seas pode ser determinada com precis\u00e3o pelos mapas do VesselFinder e da MarineTraffic. Ent\u00e3o voc\u00ea est\u00e1 sempre bem informado, onde est\u00e1 atualmente seu navio favorito.<\/p>\n<h2 class=\"title\"><span style=\"color: #000000;\">Revis\u00e3o e especifica\u00e7\u00f5es do Passion Of The Seas<\/span><\/h2>\n<table style=\"height: 296px;\" width=\"400\">\n<tbody>\n<tr>\n<td style=\"width: 192px;\"><span style=\"color: #000000;\"><strong>Ano de constru\u00e7\u00e3o<\/strong><\/span><\/td>\n<td style=\"width: 192px;\"><span style=\"color: #000000;\">2019<\/span><\/td>\n<\/tr>\n<tr>\n<td style=\"width: 192px;\"><span style=\"color: #000000;\"><strong>Construtor<\/strong><\/span><\/td>\n<td style=\"width: 192px;\"><span style=\"color: #000000;\">Meyer Werft<\/span><\/td>\n<\/tr>\n<tr>\n<td style=\"width: 192px;\"><span style=\"color: #000000;\"><strong>comprimento<\/strong><\/span><\/td>\n<td style=\"width: 192px;\"><span style=\"color: #000000;\">347<span class=\"specificationUnit\">\u00a0m<\/span><\/span><\/td>\n<\/tr>\n<tr>\n<td style=\"width: 192px;\"><span style=\"color: #000000;\"><strong>Tonelagem Bruta<\/strong><\/span><\/td>\n<td style=\"width: 192px;\"><span style=\"color: #000000;\">168666<span class=\"specificationUnit\">\u00a0gt<\/span><\/span><\/td>\n<\/tr>\n<tr>\n<td style=\"width: 192px;\"><span style=\"color: #000000;\"><strong><b>Propuls\u00e3o<\/b><\/strong><\/span><\/td>\n<td style=\"width: 192px;\"><span style=\"color: #000000;\">Diesel-el\u00e9trico<\/span><\/td>\n<\/tr>\n<tr>\n<td style=\"width: 192px;\"><span style=\"color: #000000;\"><strong><b>Propriet\u00e1rio<\/b><\/strong><\/span><\/td>\n<td style=\"width: 192px;\"><a href=\"https:\/\/www.royalcaribbean.com\/\" target=\"_blank\" rel=\"noopener noreferrer\">Royal Caribbean Cruises<\/a><\/td>\n<\/tr>\n<\/tbody>\n<\/table>\n<figure id=\"attachment_164\" aria-describedby=\"caption-attachment-164\" style=\"width: 1000px\" class=\"wp-caption aligncenter\"><img loading=\"lazy\" decoding=\"async\" class=\"wp-image-164 size-full\" src=\"https:\/\/ship-tracker.org\/wp-content\/uploads\/2017\/09\/1818-a337fe3f73d.jpg\" alt=\"Paix\u00e3o dos mares\" width=\"1000\" height=\"600\" srcset=\"https:\/\/ship-tracker.org\/wp-content\/uploads\/2017\/09\/1818-a337fe3f73d.jpg 1000w, https:\/\/ship-tracker.org\/wp-content\/uploads\/2017\/09\/1818-a337fe3f73d-300x180.jpg 300w, https:\/\/ship-tracker.org\/wp-content\/uploads\/2017\/09\/1818-a337fe3f73d-768x461.jpg 768w\" sizes=\"auto, (max-width: 1000px) 100vw, 1000px\" \/><figcaption id=\"caption-attachment-164\" class=\"wp-caption-text\">Paix\u00e3o dos mares<\/p>\n<p>\u00a9 Royal Caribbean Cruises Ltd<\/figcaption><\/figure>\n<p><script async src=\"https:\/\/pagead2.googlesyndication.com\/pagead\/js\/adsbygoogle.js\"><\/script><br \/>\n<!-- Schip-Tracker Linkanzeigen --><br \/>\n<ins class=\"adsbygoogle\"\n     style=\"display:block\"\n     data-ad-client=\"ca-pub-1316785063791781\"\n     data-ad-slot=\"3429004156\"\n     data-ad-format=\"link\"\n     data-full-width-responsive=\"true\"><\/ins><br \/>\n<script>\n     (adsbygoogle = window.adsbygoogle || []).push({});\n<\/script><\/p>\n<h4><span style=\"color: #000000;\">Paix\u00e3o dos Mares V\u00eddeo<\/span><\/h4>\n<div class=\"su-youtube su-u-responsive-media-yes\"><iframe loading=\"lazy\" width=\"600\" height=\"400\" src=\"https:\/\/www.youtube.com\/embed\/-srgb3RtjH4?\" frameborder=\"0\" allowfullscreen allow=\"autoplay; encrypted-media; picture-in-picture\" title=\"\"><\/iframe><\/div>","protected":false},"excerpt":{"rendered":"<p>Current location and position of Passion Of The Seas Where is the current position of Passion Of The Seas presently? View Passion Of The Seas current location.The position of Passion Of The Seas can be accurately determined by the maps of VesselFinder and MarineTraffic. So you are always well informed, where your favorite ship is&hellip;&nbsp;<a href=\"https:\/\/ship-tracker.org\/pt\/passion-of-the-seas\/\" rel=\"bookmark\">Ler mais \u00bb<span class=\"screen-reader-text\">Paix\u00e3o dos mares<\/span><\/a><\/p>","protected":false},"author":1,"featured_media":0,"parent":0,"menu_order":0,"comment_status":"closed","ping_status":"closed","template":"","meta":{"neve_meta_sidebar":"","neve_meta_container":"","neve_meta_enable_content_width":"","neve_meta_content_width":0,"neve_meta_title_alignment":"","neve_meta_author_avatar":"","neve_post_elements_order":"","neve_meta_disable_header":"","neve_meta_disable_footer":"","neve_meta_disable_title":"","neve_meta_reading_time":"","footnotes":""},"class_list":["post-109","page","type-page","status-publish","hentry"],"yoast_head":"<!-- This site is optimized with the Yoast SEO plugin v26.9 - https:\/\/yoast.com\/product\/yoast-seo-wordpress\/ -->\n<title>Passion Of The Seas \u2503 Current location and position<\/title>\n<meta name=\"description\" content=\"ll\u2b50\u27a4 Passion Of The Seas \u2693 \u2705 Current location and position of Passion Of The Seas \u2705 Cruise Ship Tracker \u2705 Live Ship Tracker \u250314. Abril 2026 \u2503\" \/>\n<meta name=\"robots\" content=\"index, follow, max-snippet:-1, max-image-preview:large, max-video-preview:-1\" \/>\n<link rel=\"canonical\" href=\"https:\/\/ship-tracker.org\/pt\/passion-of-the-seas\/\" \/>\n<meta property=\"og:locale\" content=\"pt_PT\" \/>\n<meta property=\"og:type\" content=\"article\" \/>\n<meta property=\"og:title\" content=\"Passion Of The Seas \u2503 Current location and position\" \/>\n<meta property=\"og:description\" content=\"ll\u2b50\u27a4 Passion Of The Seas \u2693 \u2705 Current location and position of Passion Of The Seas \u2705 Cruise Ship Tracker \u2705 Live Ship Tracker \u250314. Abril 2026 \u2503\" \/>\n<meta property=\"og:url\" content=\"https:\/\/ship-tracker.org\/pt\/passion-of-the-seas\/\" \/>\n<meta property=\"og:site_name\" content=\"Ship-tracker.org\" \/>\n<meta property=\"article:modified_time\" content=\"2019-10-10T15:02:01+00:00\" \/>\n<meta property=\"og:image\" content=\"https:\/\/ship-tracker.org\/wp-content\/uploads\/2017\/09\/1818-a337fe3f73d.jpg\" \/>\n<meta name=\"twitter:card\" content=\"summary_large_image\" \/>\n<meta name=\"twitter:label1\" content=\"Tempo estimado de leitura\" \/>\n\t<meta name=\"twitter:data1\" content=\"1 minuto\" \/>\n<script type=\"application\/ld+json\" class=\"yoast-schema-graph\">{\"@context\":\"https:\/\/schema.org\",\"@graph\":[{\"@type\":\"WebPage\",\"@id\":\"https:\/\/ship-tracker.org\/passion-of-the-seas\/\",\"url\":\"https:\/\/ship-tracker.org\/passion-of-the-seas\/\",\"name\":\"Passion Of The Seas \u2503 Current location and position\",\"isPartOf\":{\"@id\":\"https:\/\/ship-tracker.org\/#website\"},\"primaryImageOfPage\":{\"@id\":\"https:\/\/ship-tracker.org\/passion-of-the-seas\/#primaryimage\"},\"image\":{\"@id\":\"https:\/\/ship-tracker.org\/passion-of-the-seas\/#primaryimage\"},\"thumbnailUrl\":\"https:\/\/ship-tracker.org\/wp-content\/uploads\/2017\/09\/1818-a337fe3f73d.jpg\",\"datePublished\":\"2017-09-14T14:27:46+00:00\",\"dateModified\":\"2019-10-10T15:02:01+00:00\",\"description\":\"ll\u2b50\u27a4 Passion Of The Seas \u2693 \u2705 Current location and position of Passion Of The Seas \u2705 Cruise Ship Tracker \u2705 Live Ship Tracker \u250314. Abril 2026 \u2503\",\"breadcrumb\":{\"@id\":\"https:\/\/ship-tracker.org\/passion-of-the-seas\/#breadcrumb\"},\"inLanguage\":\"pt-PT\",\"potentialAction\":[{\"@type\":\"ReadAction\",\"target\":[\"https:\/\/ship-tracker.org\/passion-of-the-seas\/\"]}]},{\"@type\":\"ImageObject\",\"inLanguage\":\"pt-PT\",\"@id\":\"https:\/\/ship-tracker.org\/passion-of-the-seas\/#primaryimage\",\"url\":\"https:\/\/ship-tracker.org\/wp-content\/uploads\/2017\/09\/1818-a337fe3f73d.jpg\",\"contentUrl\":\"https:\/\/ship-tracker.org\/wp-content\/uploads\/2017\/09\/1818-a337fe3f73d.jpg\"},{\"@type\":\"BreadcrumbList\",\"@id\":\"https:\/\/ship-tracker.org\/passion-of-the-seas\/#breadcrumb\",\"itemListElement\":[{\"@type\":\"ListItem\",\"position\":1,\"name\":\"Startseite\",\"item\":\"https:\/\/ship-tracker.org\/\"},{\"@type\":\"ListItem\",\"position\":2,\"name\":\"Passion Of The Seas\"}]},{\"@type\":\"WebSite\",\"@id\":\"https:\/\/ship-tracker.org\/#website\",\"url\":\"https:\/\/ship-tracker.org\/\",\"name\":\"Ship-tracker.org\",\"description\":\"\",\"potentialAction\":[{\"@type\":\"SearchAction\",\"target\":{\"@type\":\"EntryPoint\",\"urlTemplate\":\"https:\/\/ship-tracker.org\/?s={search_term_string}\"},\"query-input\":{\"@type\":\"PropertyValueSpecification\",\"valueRequired\":true,\"valueName\":\"search_term_string\"}}],\"inLanguage\":\"pt-PT\"}]}<\/script>\n<!-- \/ Yoast SEO plugin. -->","yoast_head_json":{"title":"Passion Of The Seas location Localiza\u00e7\u00e3o e posi\u00e7\u00e3o atual","description":"ll\u2b50\u27a4 Passion Of The Seas \u2693 \u2705 Current location and position of Passion Of The Seas \u2705 Cruise Ship Tracker \u2705 Live Ship Tracker \u250314. Abril 2026 \u2503","robots":{"index":"index","follow":"follow","max-snippet":"max-snippet:-1","max-image-preview":"max-image-preview:large","max-video-preview":"max-video-preview:-1"},"canonical":"https:\/\/ship-tracker.org\/pt\/passion-of-the-seas\/","og_locale":"pt_PT","og_type":"article","og_title":"Passion Of The Seas \u2503 Current location and position","og_description":"ll\u2b50\u27a4 Passion Of The Seas \u2693 \u2705 Current location and position of Passion Of The Seas \u2705 Cruise Ship Tracker \u2705 Live Ship Tracker \u250314. Abril 2026 \u2503","og_url":"https:\/\/ship-tracker.org\/pt\/passion-of-the-seas\/","og_site_name":"Ship-tracker.org","article_modified_time":"2019-10-10T15:02:01+00:00","og_image":[{"url":"https:\/\/ship-tracker.org\/wp-content\/uploads\/2017\/09\/1818-a337fe3f73d.jpg","type":"","width":"","height":""}],"twitter_card":"summary_large_image","twitter_misc":{"Tempo estimado de leitura":"1 minuto"},"schema":{"@context":"https:\/\/schema.org","@graph":[{"@type":"WebPage","@id":"https:\/\/ship-tracker.org\/passion-of-the-seas\/","url":"https:\/\/ship-tracker.org\/passion-of-the-seas\/","name":"Passion Of The Seas location Localiza\u00e7\u00e3o e posi\u00e7\u00e3o atual","isPartOf":{"@id":"https:\/\/ship-tracker.org\/#website"},"primaryImageOfPage":{"@id":"https:\/\/ship-tracker.org\/passion-of-the-seas\/#primaryimage"},"image":{"@id":"https:\/\/ship-tracker.org\/passion-of-the-seas\/#primaryimage"},"thumbnailUrl":"https:\/\/ship-tracker.org\/wp-content\/uploads\/2017\/09\/1818-a337fe3f73d.jpg","datePublished":"2017-09-14T14:27:46+00:00","dateModified":"2019-10-10T15:02:01+00:00","description":"ll\u2b50\u27a4 Passion Of The Seas \u2693 \u2705 Current location and position of Passion Of The Seas \u2705 Cruise Ship Tracker \u2705 Live Ship Tracker \u250314. Abril 2026 \u2503","breadcrumb":{"@id":"https:\/\/ship-tracker.org\/passion-of-the-seas\/#breadcrumb"},"inLanguage":"pt-PT","potentialAction":[{"@type":"ReadAction","target":["https:\/\/ship-tracker.org\/passion-of-the-seas\/"]}]},{"@type":"ImageObject","inLanguage":"pt-PT","@id":"https:\/\/ship-tracker.org\/passion-of-the-seas\/#primaryimage","url":"https:\/\/ship-tracker.org\/wp-content\/uploads\/2017\/09\/1818-a337fe3f73d.jpg","contentUrl":"https:\/\/ship-tracker.org\/wp-content\/uploads\/2017\/09\/1818-a337fe3f73d.jpg"},{"@type":"BreadcrumbList","@id":"https:\/\/ship-tracker.org\/passion-of-the-seas\/#breadcrumb","itemListElement":[{"@type":"ListItem","position":1,"name":"Startseite","item":"https:\/\/ship-tracker.org\/"},{"@type":"ListItem","position":2,"name":"Passion Of The Seas"}]},{"@type":"WebSite","@id":"https:\/\/ship-tracker.org\/#website","url":"https:\/\/ship-tracker.org\/","name":"Ship-tracker.org","description":"","potentialAction":[{"@type":"SearchAction","target":{"@type":"EntryPoint","urlTemplate":"https:\/\/ship-tracker.org\/?s={search_term_string}"},"query-input":{"@type":"PropertyValueSpecification","valueRequired":true,"valueName":"search_term_string"}}],"inLanguage":"pt-PT"}]}},"_links":{"self":[{"href":"https:\/\/ship-tracker.org\/pt\/wp-json\/wp\/v2\/pages\/109","targetHints":{"allow":["GET"]}}],"collection":[{"href":"https:\/\/ship-tracker.org\/pt\/wp-json\/wp\/v2\/pages"}],"about":[{"href":"https:\/\/ship-tracker.org\/pt\/wp-json\/wp\/v2\/types\/page"}],"author":[{"embeddable":true,"href":"https:\/\/ship-tracker.org\/pt\/wp-json\/wp\/v2\/users\/1"}],"replies":[{"embeddable":true,"href":"https:\/\/ship-tracker.org\/pt\/wp-json\/wp\/v2\/comments?post=109"}],"version-history":[{"count":7,"href":"https:\/\/ship-tracker.org\/pt\/wp-json\/wp\/v2\/pages\/109\/revisions"}],"predecessor-version":[{"id":1486,"href":"https:\/\/ship-tracker.org\/pt\/wp-json\/wp\/v2\/pages\/109\/revisions\/1486"}],"wp:attachment":[{"href":"https:\/\/ship-tracker.org\/pt\/wp-json\/wp\/v2\/media?parent=109"}],"curies":[{"name":"wp","href":"https:\/\/api.w.org\/{rel}","templated":true}]}}