{"id":75,"date":"2017-09-14T14:19:35","date_gmt":"2017-09-14T12:19:35","guid":{"rendered":"http:\/\/ship-tracker.org\/?page_id=75"},"modified":"2023-08-13T03:18:14","modified_gmt":"2023-08-13T01:18:14","slug":"mariner-of-the-seas","status":"publish","type":"page","link":"https:\/\/ship-tracker.org\/nb\/mariner-of-the-seas\/","title":{"rendered":"Mariner Of The Seas"},"content":{"rendered":"<h2><span style=\"color: #000000;\">N\u00e5v\u00e6rende plassering og <\/span><span style=\"color: #000000;\">stilling som Mariner Of The Seas<\/span><\/h2>\n<p>Hvor er den n\u00e5v\u00e6rende posisjonen til Mariner Of The Seas for tiden?<\/p>\n<p><script type=\"text\/javascript\">\n  var width=\"1500\";\n  var height=\"500\";\n  var click_to_activate=false;\n  var default_maptype=2;\n  var imo=9227510;\n<\/script><br \/>\n<script type=\"text\/javascript\" src=\"https:\/\/www.vesselfinder.com\/aismap.js\">\n<\/script><\/p>\n<p>Se Mariner Of The Seas n\u00e5v\u00e6rende plassering. Posisjonen til Mariner Of The Seas kan bestemmes n\u00f8yaktig av kartene over Schiffsiff og MarineTraffic. S\u00e5 du er alltid godt informert om hvor favorittskipet ditt er for \u00f8yeblikket.<\/p>\n<h2 class=\"title\"><span style=\"color: #000000;\">Mariner Of The Seas gjennomgang og spesifikasjoner<\/span><\/h2>\n<table style=\"height: 306px;\" width=\"400\">\n<tbody>\n<tr>\n<td style=\"width: 192px;\"><span style=\"color: #000000;\"><strong>Flaggstat<\/strong><\/span><\/td>\n<td style=\"width: 192px;\"><span style=\"color: #000000;\">Bahamas<\/span><\/td>\n<\/tr>\n<tr>\n<td style=\"width: 192px;\"><span style=\"color: #000000;\"><strong>Bygge\u00e5r<\/strong><\/span><\/td>\n<td style=\"width: 192px;\"><span style=\"color: #000000;\">2003<\/span><\/td>\n<\/tr>\n<tr>\n<td style=\"width: 192px;\"><span style=\"color: #000000;\"><strong>Bygger<\/strong><\/span><\/td>\n<td style=\"width: 192px;\"><span style=\"color: #000000;\">Kv\u00e6rner Masa-Yards<\/span><\/td>\n<\/tr>\n<tr>\n<td style=\"width: 192px;\"><span style=\"color: #000000;\"><strong>Lengde<\/strong><\/span><\/td>\n<td style=\"width: 192px;\"><span style=\"color: #000000;\">311<span class=\"specificationUnit\">\u00a0m<\/span><\/span><\/td>\n<\/tr>\n<tr>\n<td style=\"width: 192px;\"><span style=\"color: #000000;\"><strong>Str\u00e5le<\/strong><\/span><\/td>\n<td style=\"width: 192px;\"><span style=\"color: #000000;\">49<span class=\"specificationUnit\">\u00a0m<\/span><\/span><\/td>\n<\/tr>\n<tr>\n<td style=\"width: 192px;\"><span style=\"color: #000000;\"><strong>Bruttotonn<\/strong><\/span><\/td>\n<td style=\"width: 192px;\"><span style=\"color: #000000;\">138279<span class=\"specificationUnit\">\u00a0gt<\/span><\/span><\/td>\n<\/tr>\n<tr>\n<td style=\"width: 192px;\"><span style=\"color: #000000;\"><strong>Passasjerer<\/strong><\/span><\/td>\n<td style=\"width: 192px;\"><span style=\"color: #000000;\">3732<\/span><\/td>\n<\/tr>\n<tr>\n<td style=\"width: 192px;\"><span style=\"color: #000000;\"><strong>Mannskap<\/strong><\/span><\/td>\n<td style=\"width: 192px;\"><span style=\"color: #000000;\">1213<\/span><\/td>\n<\/tr>\n<tr>\n<td style=\"width: 192px;\"><span style=\"color: #000000;\"><strong>Dekk<\/strong><\/span><\/td>\n<td style=\"width: 192px;\"><span style=\"color: #000000;\">15<\/span><\/td>\n<\/tr>\n<tr>\n<td style=\"width: 192px;\"><span style=\"color: #000000;\"><strong>Hastighet<\/strong><\/span><\/td>\n<td style=\"width: 192px;\"><span style=\"color: #000000;\">24<span class=\"specificationUnit\">\u00a0kn<\/span><\/span><\/td>\n<\/tr>\n<tr>\n<td style=\"width: 192px;\"><span style=\"color: #000000;\"><strong><b>Registerhavn<\/b><\/strong><\/span><\/td>\n<td style=\"width: 192px;\"><span style=\"color: #000000;\">Nassau<\/span><\/td>\n<\/tr>\n<tr>\n<td style=\"width: 192px;\"><span style=\"color: #000000;\"><strong><b>Fremdrift<\/b><\/strong><\/span><\/td>\n<td style=\"width: 192px;\"><span style=\"color: #000000;\">Diesel-elektrisk<\/span><\/td>\n<\/tr>\n<tr>\n<td style=\"width: 192px;\"><span style=\"color: #000000;\"><strong><b>Eieren<\/b><\/strong><\/span><\/td>\n<td style=\"width: 192px;\"><a href=\"https:\/\/ship-tracker.org\/nb\/royal-caribbean\/\">Royal Caribbean<\/a><\/td>\n<\/tr>\n<\/tbody>\n<\/table>\n<figure id=\"attachment_122\" aria-describedby=\"caption-attachment-122\" style=\"width: 720px\" class=\"wp-caption aligncenter\"><img loading=\"lazy\" decoding=\"async\" class=\"wp-image-122 size-full\" src=\"https:\/\/ship-tracker.org\/wp-content\/uploads\/2017\/09\/mariner_of_the_seas.jpg\" alt=\"Mariner Of The Seas\" width=\"720\" height=\"270\" srcset=\"https:\/\/ship-tracker.org\/wp-content\/uploads\/2017\/09\/mariner_of_the_seas.jpg 720w, https:\/\/ship-tracker.org\/wp-content\/uploads\/2017\/09\/mariner_of_the_seas-300x113.jpg 300w\" sizes=\"auto, (max-width: 720px) 100vw, 720px\" \/><figcaption id=\"caption-attachment-122\" class=\"wp-caption-text\">Mariner Of The Seas \u00a9 Royal Caribbean Cruises Ltd<\/figcaption><\/figure>\n<h3 class=\"title\">Royal Caribbean-fl\u00e5ten<\/h3>\n<ul>\n<li><a href=\"https:\/\/ship-tracker.org\/nb\/odyssey-of-the-seas\/\">Odyssey of the Seas<\/a><\/li>\n<li><a href=\"https:\/\/ship-tracker.org\/nb\/adventure-of-the-seas\/\">Havets eventyr<\/a><\/li>\n<li><a href=\"https:\/\/ship-tracker.org\/nb\/spectrum-of-the-seas\/\">Spektrum av havet<\/a><\/li>\n<li><a href=\"https:\/\/ship-tracker.org\/nb\/symphony-of-the-seas\/\">Symphony of the Seas<\/a><\/li>\n<li><a href=\"https:\/\/ship-tracker.org\/nb\/ovation-of-the-seas\/\">Ovation Of The Seas<\/a><\/li>\n<li><a href=\"https:\/\/ship-tracker.org\/nb\/harmony-of-the-seas\/\">Havets harmoni<\/a><\/li>\n<li><a href=\"https:\/\/ship-tracker.org\/nb\/anthem-of-the-seas\/\">Anthem of the Seas<\/a><\/li>\n<li><a href=\"https:\/\/ship-tracker.org\/nb\/quantum-of-the-seas\/\">Quantum Of The Seas<\/a><\/li>\n<li><a href=\"https:\/\/ship-tracker.org\/nb\/allure-of-the-seas\/\">Allure Of The Seas<\/a><\/li>\n<li><a href=\"https:\/\/ship-tracker.org\/nb\/oasis-of-the-seas\/\">Oase of the Seas<\/a><\/li>\n<li><a href=\"https:\/\/ship-tracker.org\/nb\/independence-of-the-seas\/\">Independence Of The Seas<\/a><\/li>\n<li><a href=\"https:\/\/ship-tracker.org\/nb\/liberty-of-the-seas\/\">Liberty of the Seas<\/a><\/li>\n<li><a href=\"https:\/\/ship-tracker.org\/nb\/freedom-of-the-seas\/\">Havets frihet<\/a><\/li>\n<li><a href=\"https:\/\/ship-tracker.org\/nb\/jewel-of-the-seas\/\">Jewel Of The Seas<\/a><\/li>\n<li><a href=\"https:\/\/ship-tracker.org\/nb\/serenade-of-the-seas\/\">Serenade of the Seas<\/a><\/li>\n<li><a href=\"https:\/\/ship-tracker.org\/nb\/navigator-of-the-seas\/\">Navigator of the Seas<\/a><\/li>\n<li><a href=\"https:\/\/ship-tracker.org\/nb\/brilliance-of-the-seas\/\">Brilliance Of The Seas<\/a><\/li>\n<li><a href=\"https:\/\/ship-tracker.org\/nb\/radiance-of-the-seas\/\">Radiance Of The Seas<\/a><\/li>\n<li><a href=\"https:\/\/ship-tracker.org\/nb\/explorer-of-the-seas\/\">Utforsker av havet<\/a><\/li>\n<li><a href=\"https:\/\/ship-tracker.org\/nb\/voyager-of-the-seas\/\">Voyager of the Seas<\/a><\/li>\n<li><a href=\"https:\/\/ship-tracker.org\/nb\/vision-of-the-seas\/\">Visjon av havet<\/a><\/li>\n<li><a href=\"https:\/\/ship-tracker.org\/nb\/enchantment-of-the-seas\/\">Havets fortryllelse<\/a><\/li>\n<li><a href=\"https:\/\/ship-tracker.org\/nb\/rhapsody-of-the-seas\/\">Rhapsody Of The Seas<\/a><\/li>\n<li><a href=\"https:\/\/ship-tracker.org\/nb\/grandeur-of-the-seas\/\">Havets storhet<\/a><\/li>\n<li><a href=\"https:\/\/ship-tracker.org\/nb\/wonder-of-the-seas\/\">Wonder Of the Seas<\/a><\/li>\n<li><a href=\"https:\/\/ship-tracker.org\/nb\/icon-of-the-seas\/\">Ikon for havet<\/a><\/li>\n<li><a href=\"https:\/\/ship-tracker.org\/nb\/utopia-of-the-seas\/\">Utopia of the Seas<\/a><\/li>\n<\/ul>\n<h4><span style=\"color: #000000;\">Mariner Of The Seas video<\/span><\/h4>\n<div class=\"su-youtube su-u-responsive-media-yes\"><iframe loading=\"lazy\" width=\"600\" height=\"400\" src=\"https:\/\/www.youtube.com\/embed\/GE7QM3iaJbg?\" frameborder=\"0\" allowfullscreen allow=\"autoplay; encrypted-media; picture-in-picture\" title=\"\"><\/iframe><\/div>","protected":false},"excerpt":{"rendered":"<p>N\u00e5v\u00e6rende plassering og posisjon for Mariner Of The Seas Hvor er Mariner Of The Seas&#039; n\u00e5v\u00e6rende posisjon? Se Mariner Of The Seas&#039; n\u00e5v\u00e6rende plassering. Posisjonen til Mariner Of The Seas kan bestemmes n\u00f8yaktig av kartene til Lloyds og MarineTraffic. S\u00e5 du er alltid godt informert om hvor favorittskipet ditt er ...&nbsp;<a href=\"https:\/\/ship-tracker.org\/nb\/mariner-of-the-seas\/\" rel=\"bookmark\">Les mer \u00bb<span class=\"screen-reader-text\">Mariner Of The Seas<\/span><\/a><\/p>","protected":false},"author":1,"featured_media":0,"parent":0,"menu_order":0,"comment_status":"closed","ping_status":"closed","template":"","meta":{"neve_meta_sidebar":"","neve_meta_container":"","neve_meta_enable_content_width":"off","neve_meta_content_width":100,"neve_meta_title_alignment":"","neve_meta_author_avatar":"","neve_post_elements_order":"","neve_meta_disable_header":"","neve_meta_disable_footer":"","neve_meta_disable_title":"","neve_meta_reading_time":"","footnotes":""},"class_list":["post-75","page","type-page","status-publish","hentry"],"yoast_head":"<!-- This site is optimized with the Yoast SEO plugin v26.9 - https:\/\/yoast.com\/product\/yoast-seo-wordpress\/ -->\n<title>Mariner Of The Seas \u2503 Current location and position<\/title>\n<meta name=\"description\" content=\"Mariner Of The Seas \u2693 Current location and position of Mariner Of The Seas \u2713 Cruise Ship Tracker \u2713 Live Ship Tracker\" \/>\n<meta name=\"robots\" content=\"index, follow, max-snippet:-1, max-image-preview:large, max-video-preview:-1\" \/>\n<link rel=\"canonical\" href=\"https:\/\/ship-tracker.org\/nb\/mariner-of-the-seas\/\" \/>\n<meta property=\"og:locale\" content=\"nb_NO\" \/>\n<meta property=\"og:type\" content=\"article\" \/>\n<meta property=\"og:title\" content=\"Mariner Of The Seas \u2503 Current location and position\" \/>\n<meta property=\"og:description\" content=\"Mariner Of The Seas \u2693 Current location and position of Mariner Of The Seas \u2713 Cruise Ship Tracker \u2713 Live Ship Tracker\" \/>\n<meta property=\"og:url\" content=\"https:\/\/ship-tracker.org\/nb\/mariner-of-the-seas\/\" \/>\n<meta property=\"og:site_name\" content=\"Ship-tracker.org\" \/>\n<meta property=\"article:modified_time\" content=\"2023-08-13T01:18:14+00:00\" \/>\n<meta property=\"og:image\" content=\"https:\/\/ship-tracker.org\/wp-content\/uploads\/2017\/09\/mariner_of_the_seas.jpg\" \/>\n<meta name=\"twitter:card\" content=\"summary_large_image\" \/>\n<meta name=\"twitter:label1\" content=\"Ansl. lesetid\" \/>\n\t<meta name=\"twitter:data1\" content=\"2 minutter\" \/>\n<script type=\"application\/ld+json\" class=\"yoast-schema-graph\">{\"@context\":\"https:\/\/schema.org\",\"@graph\":[{\"@type\":\"WebPage\",\"@id\":\"https:\/\/ship-tracker.org\/mariner-of-the-seas\/\",\"url\":\"https:\/\/ship-tracker.org\/mariner-of-the-seas\/\",\"name\":\"Mariner Of The Seas \u2503 Current location and position\",\"isPartOf\":{\"@id\":\"https:\/\/ship-tracker.org\/#website\"},\"primaryImageOfPage\":{\"@id\":\"https:\/\/ship-tracker.org\/mariner-of-the-seas\/#primaryimage\"},\"image\":{\"@id\":\"https:\/\/ship-tracker.org\/mariner-of-the-seas\/#primaryimage\"},\"thumbnailUrl\":\"https:\/\/ship-tracker.org\/wp-content\/uploads\/2017\/09\/mariner_of_the_seas.jpg\",\"datePublished\":\"2017-09-14T12:19:35+00:00\",\"dateModified\":\"2023-08-13T01:18:14+00:00\",\"description\":\"Mariner Of The Seas \u2693 Current location and position of Mariner Of The Seas \u2713 Cruise Ship Tracker \u2713 Live Ship Tracker\",\"breadcrumb\":{\"@id\":\"https:\/\/ship-tracker.org\/mariner-of-the-seas\/#breadcrumb\"},\"inLanguage\":\"nb-NO\",\"potentialAction\":[{\"@type\":\"ReadAction\",\"target\":[\"https:\/\/ship-tracker.org\/mariner-of-the-seas\/\"]}]},{\"@type\":\"ImageObject\",\"inLanguage\":\"nb-NO\",\"@id\":\"https:\/\/ship-tracker.org\/mariner-of-the-seas\/#primaryimage\",\"url\":\"https:\/\/ship-tracker.org\/wp-content\/uploads\/2017\/09\/mariner_of_the_seas.jpg\",\"contentUrl\":\"https:\/\/ship-tracker.org\/wp-content\/uploads\/2017\/09\/mariner_of_the_seas.jpg\"},{\"@type\":\"BreadcrumbList\",\"@id\":\"https:\/\/ship-tracker.org\/mariner-of-the-seas\/#breadcrumb\",\"itemListElement\":[{\"@type\":\"ListItem\",\"position\":1,\"name\":\"Startseite\",\"item\":\"https:\/\/ship-tracker.org\/\"},{\"@type\":\"ListItem\",\"position\":2,\"name\":\"Mariner Of The Seas\"}]},{\"@type\":\"WebSite\",\"@id\":\"https:\/\/ship-tracker.org\/#website\",\"url\":\"https:\/\/ship-tracker.org\/\",\"name\":\"Ship-tracker.org\",\"description\":\"\",\"potentialAction\":[{\"@type\":\"SearchAction\",\"target\":{\"@type\":\"EntryPoint\",\"urlTemplate\":\"https:\/\/ship-tracker.org\/?s={search_term_string}\"},\"query-input\":{\"@type\":\"PropertyValueSpecification\",\"valueRequired\":true,\"valueName\":\"search_term_string\"}}],\"inLanguage\":\"nb-NO\"}]}<\/script>\n<!-- \/ Yoast SEO plugin. -->","yoast_head_json":{"title":"Mariner Of The Seas \u2503 N\u00e5v\u00e6rende plassering og posisjon","description":"Mariner Of The Seas \u2693 N\u00e5v\u00e6rende plassering og posisjon til Mariner Of The Seas \u2713 Cruise Ship Tracker \u2713 Live Ship Tracker","robots":{"index":"index","follow":"follow","max-snippet":"max-snippet:-1","max-image-preview":"max-image-preview:large","max-video-preview":"max-video-preview:-1"},"canonical":"https:\/\/ship-tracker.org\/nb\/mariner-of-the-seas\/","og_locale":"nb_NO","og_type":"article","og_title":"Mariner Of The Seas \u2503 Current location and position","og_description":"Mariner Of The Seas \u2693 Current location and position of Mariner Of The Seas \u2713 Cruise Ship Tracker \u2713 Live Ship Tracker","og_url":"https:\/\/ship-tracker.org\/nb\/mariner-of-the-seas\/","og_site_name":"Ship-tracker.org","article_modified_time":"2023-08-13T01:18:14+00:00","og_image":[{"url":"https:\/\/ship-tracker.org\/wp-content\/uploads\/2017\/09\/mariner_of_the_seas.jpg","type":"","width":"","height":""}],"twitter_card":"summary_large_image","twitter_misc":{"Ansl. lesetid":"2 minutter"},"schema":{"@context":"https:\/\/schema.org","@graph":[{"@type":"WebPage","@id":"https:\/\/ship-tracker.org\/mariner-of-the-seas\/","url":"https:\/\/ship-tracker.org\/mariner-of-the-seas\/","name":"Mariner Of The Seas \u2503 N\u00e5v\u00e6rende plassering og posisjon","isPartOf":{"@id":"https:\/\/ship-tracker.org\/#website"},"primaryImageOfPage":{"@id":"https:\/\/ship-tracker.org\/mariner-of-the-seas\/#primaryimage"},"image":{"@id":"https:\/\/ship-tracker.org\/mariner-of-the-seas\/#primaryimage"},"thumbnailUrl":"https:\/\/ship-tracker.org\/wp-content\/uploads\/2017\/09\/mariner_of_the_seas.jpg","datePublished":"2017-09-14T12:19:35+00:00","dateModified":"2023-08-13T01:18:14+00:00","description":"Mariner Of The Seas \u2693 N\u00e5v\u00e6rende plassering og posisjon til Mariner Of The Seas \u2713 Cruise Ship Tracker \u2713 Live Ship Tracker","breadcrumb":{"@id":"https:\/\/ship-tracker.org\/mariner-of-the-seas\/#breadcrumb"},"inLanguage":"nb-NO","potentialAction":[{"@type":"ReadAction","target":["https:\/\/ship-tracker.org\/mariner-of-the-seas\/"]}]},{"@type":"ImageObject","inLanguage":"nb-NO","@id":"https:\/\/ship-tracker.org\/mariner-of-the-seas\/#primaryimage","url":"https:\/\/ship-tracker.org\/wp-content\/uploads\/2017\/09\/mariner_of_the_seas.jpg","contentUrl":"https:\/\/ship-tracker.org\/wp-content\/uploads\/2017\/09\/mariner_of_the_seas.jpg"},{"@type":"BreadcrumbList","@id":"https:\/\/ship-tracker.org\/mariner-of-the-seas\/#breadcrumb","itemListElement":[{"@type":"ListItem","position":1,"name":"Startseite","item":"https:\/\/ship-tracker.org\/"},{"@type":"ListItem","position":2,"name":"Mariner Of The Seas"}]},{"@type":"WebSite","@id":"https:\/\/ship-tracker.org\/#website","url":"https:\/\/ship-tracker.org\/","name":"Ship-tracker.org","description":"","potentialAction":[{"@type":"SearchAction","target":{"@type":"EntryPoint","urlTemplate":"https:\/\/ship-tracker.org\/?s={search_term_string}"},"query-input":{"@type":"PropertyValueSpecification","valueRequired":true,"valueName":"search_term_string"}}],"inLanguage":"nb-NO"}]}},"_links":{"self":[{"href":"https:\/\/ship-tracker.org\/nb\/wp-json\/wp\/v2\/pages\/75","targetHints":{"allow":["GET"]}}],"collection":[{"href":"https:\/\/ship-tracker.org\/nb\/wp-json\/wp\/v2\/pages"}],"about":[{"href":"https:\/\/ship-tracker.org\/nb\/wp-json\/wp\/v2\/types\/page"}],"author":[{"embeddable":true,"href":"https:\/\/ship-tracker.org\/nb\/wp-json\/wp\/v2\/users\/1"}],"replies":[{"embeddable":true,"href":"https:\/\/ship-tracker.org\/nb\/wp-json\/wp\/v2\/comments?post=75"}],"version-history":[{"count":10,"href":"https:\/\/ship-tracker.org\/nb\/wp-json\/wp\/v2\/pages\/75\/revisions"}],"predecessor-version":[{"id":4511,"href":"https:\/\/ship-tracker.org\/nb\/wp-json\/wp\/v2\/pages\/75\/revisions\/4511"}],"wp:attachment":[{"href":"https:\/\/ship-tracker.org\/nb\/wp-json\/wp\/v2\/media?parent=75"}],"curies":[{"name":"wp","href":"https:\/\/api.w.org\/{rel}","templated":true}]}}