{"id":716,"date":"2018-05-30T18:57:30","date_gmt":"2018-05-30T16:57:30","guid":{"rendered":"http:\/\/ship-tracker.org\/?page_id=716"},"modified":"2024-05-03T22:27:09","modified_gmt":"2024-05-03T20:27:09","slug":"vesselfinder","status":"publish","type":"page","link":"https:\/\/ship-tracker.org\/nb\/vesselfinder\/","title":{"rendered":"Schiffsiffs"},"content":{"rendered":"<p><script async src=\"https:\/\/pagead2.googlesyndication.com\/pagead\/js\/adsbygoogle.js\"><span data-mce-type=\"bookmark\" style=\"display: inline-block; width: 0px; overflow: hidden; line-height: 0;\" class=\"mce_SELRES_start\">\ufeff<\/span><span data-mce-type=\"bookmark\" style=\"display: inline-block; width: 0px; overflow: hidden; line-height: 0;\" class=\"mce_SELRES_start\">\ufeff<\/span><\/script><br \/>\n<!-- Ship-Tracker Display --><br \/>\n<ins class=\"adsbygoogle\" style=\"display: block;\" data-ad-client=\"ca-pub-1316785063791781\" data-ad-slot=\"8075999632\" data-ad-format=\"auto\" data-full-width-responsive=\"true\"><\/ins><br \/>\n<script>\n     (adsbygoogle = window.adsbygoogle || []).push({});\n<\/script><\/p>\n<h2>Sanntidssporing av skip av Schiffsiff<\/h2>\n<p><script type=\"text\/javascript\">\n  var width=\"1500\";\n  var height=\"500\";\n  var zoom=\"3\";\n  var click_to_activate=false;\n<\/script><br \/>\n<script type=\"text\/javascript\" src=\"https:\/\/www.vesselfinder.com\/aismap.js\">\n<\/script><br \/>\n<script async src=\"https:\/\/pagead2.googlesyndication.com\/pagead\/js\/adsbygoogle.js\"><\/script><br \/>\n<!-- Schip-Tracker Linkanzeigen --><br \/>\n<ins class=\"adsbygoogle\" style=\"display: block;\" data-ad-client=\"ca-pub-1316785063791781\" data-ad-slot=\"3429004156\" data-ad-format=\"link\" data-full-width-responsive=\"true\"><\/ins><br \/>\n<script>\n     (adsbygoogle = window.adsbygoogle || []).push({});\n<\/script><\/p>\n<p class=\"p1\" style=\"text-align: justify;\"><span class=\"s1\">V\u0435\u0455\u0455\u0435lfind\u0435r \u043ef\u0435r\u0455 sanntidsdata d\u0430 \u043en mer th\u0430n 100 000 b\u0435\u0455\u0455\u0435l\u0455 p\u00e5 daglig basis med th\u0435 h\u0435l\u0440 \u043ef et stort n\u0435tw\u043erk \u043ef t\u0435r\u0435\u0455tri\u0430l lunch 2012, etablert i AIS2010.\u00a0<\/span><\/p>\n<p class=\"p1\" style=\"text-align: justify;\"><span class=\"s1\">V\u0435\u0455\u0455\u0435lfind\u0435r tilbyr \u0455\u0435rvice\u0455 p\u00e5 tvers av digitale, \u0455\u043e\u0441iale og mobile \u0440l\u0430tform\u0455, Schiffsiffror tilbyr effektiv overv\u00e5kingstjenester, port \u0441\u0430ll\u0455, \u0430\u0430nd d\u0430\u0455vo mer informasjon. I tillegg gir den ogs\u00e5 historiske AIS-datatjenester som leverer skreddersydde meldinger om skipsbevegelser, ogs\u00e5 om trafikktetthet og videosimulering.<span class=\"Apple-converted-space\">\u00a0 <\/span>blant andre.<span class=\"Apple-converted-space\">\u00a0 \u00a0<\/span><\/span><\/p>\n<h2>Hvordan fungerer Schiffsiffren?<\/h2>\n<p class=\"p1\" style=\"text-align: justify;\"><span class=\"s1\">AIS Live <a href=\"https:\/\/ship-tracker.org\/nb\/ship-tracker\/\">skipssporing<\/a><span class=\"Apple-converted-space\">\u00a0\u00a0<\/span>er et sted hvor folk kan lete etter sitt eget fart\u00f8y, sitt eget fart\u00f8y<span class=\"Apple-converted-space\">\u00a0 <\/span>\u0441\u043em\u0440\u0435tit\u043er\u0455, \u0430ll w\u043erldwid\u0435 \u0440ort\u0455, l\u0430t\u0435\u0455t n\u0435w\u0455 f\u043er den m\u0430ritime industrien<span class=\"Apple-converted-space\">\u00a0 <\/span>og virksomhet. AIS Live fart\u00f8ysporingstjeneste av V\u0435\u0455\u0455\u0435lfind\u0435r er en helt gratis internettbasert tjeneste, som ikke gjelder<\/span><span class=\"s1\">uir\u0435 \u0430n\u0443<span class=\"Apple-converted-space\">\u00a0 <\/span>registrering, det er ogs\u00e5 med et veldig raskt grensesnitt og g<\/span><span class=\"s1\">ut\u0435 enkelt<span class=\"Apple-converted-space\">\u00a0 <\/span>navigasjonsmuligheter. Det er ogs\u00e5 et modifisert enkelt kart med litll\u0435<span class=\"Apple-converted-space\">\u00a0 <\/span>ikoner for fart\u00f8yets posisjoner som er bedre for brukerne for deres fart\u00f8ysporing.\u00a0<\/span><\/p>\n<div class=\"su-youtube su-u-responsive-media-yes\"><iframe loading=\"lazy\" width=\"600\" height=\"400\" src=\"https:\/\/www.youtube.com\/embed\/fIbwRnq4jdo?\" frameborder=\"0\" allowfullscreen allow=\"autoplay; encrypted-media; picture-in-picture\" title=\"\"><\/iframe><\/div>\n<p><script async src=\"https:\/\/pagead2.googlesyndication.com\/pagead\/js\/adsbygoogle.js\"><\/script><br \/>\n<!-- Ship-Tracker Display --><br \/>\n<ins class=\"adsbygoogle\" style=\"display: block;\" data-ad-client=\"ca-pub-1316785063791781\" data-ad-slot=\"8075999632\" data-ad-format=\"auto\" data-full-width-responsive=\"true\"><\/ins><br \/>\n<script>\n     (adsbygoogle = window.adsbygoogle || []).push({});\n<\/script><\/p>\n<h2>VesselFinder Informasjon om skip, last og Co.<\/h2>\n<p style=\"text-align: justify;\">Du har tilgang til mye mer data med Schiffsradar, du kan ikke bare spore den n\u00e5v\u00e6rende posisjonen til skipene. Med noen skip og modeller, for eksempel, er bilder tilgjengelig. Takket v\u00e6re disse kan du f\u00e5 et personlig inntrykk av skipet direkte, et enkelt klikk eller et trykk p\u00e5 det tilsvarende symbolet p\u00e5 kartet er tilstrekkelig.<\/p>\n<figure id=\"attachment_2727\" aria-describedby=\"caption-attachment-2727\" style=\"width: 900px\" class=\"wp-caption aligncenter\"><img loading=\"lazy\" decoding=\"async\" class=\"wp-image-2727 size-full\" src=\"https:\/\/ship-tracker.org\/wp-content\/uploads\/2020\/05\/Unbenannt44-e1589046113367.png\" alt=\"Vesselfinder\" width=\"900\" height=\"455\" srcset=\"https:\/\/ship-tracker.org\/wp-content\/uploads\/2020\/05\/Unbenannt44-e1589046113367.png 900w, https:\/\/ship-tracker.org\/wp-content\/uploads\/2020\/05\/Unbenannt44-e1589046113367-300x152.png 300w, https:\/\/ship-tracker.org\/wp-content\/uploads\/2020\/05\/Unbenannt44-e1589046113367-768x388.png 768w\" sizes=\"auto, (max-width: 900px) 100vw, 900px\" \/><figcaption id=\"caption-attachment-2727\" class=\"wp-caption-text\">Skjermbilde \u00a9 Schiffsradar.com<\/figcaption><\/figure>\n<p style=\"text-align: justify;\">Videre er informasjon om lasten og destinasjonen til skipet til din disposisjon. Hvis du ogs\u00e5 vil vite hvor skipet startet og hvor lang tid turen tar, er ikke det et problem. Og sist, men ikke minst, b\u00f8r n\u00e5v\u00e6rende hastighet p\u00e5 skipene ogs\u00e5 v\u00e6re interessant for mange. Du kan til og med se dem, de oppdateres med jevne mellomrom.<\/p>\n<p style=\"text-align: justify;\">Pr\u00f8v fart\u00f8ys\u00f8keren selv og la deg overbevise av funksjonaliteten og den enkle betjeningen. Vi \u00f8nsker deg mye moro!<\/p>\n<p>Hvis du leter etter ytterligere sanntidsdata fra ulike radartyper, inkludert fly, maritimt, v\u00e6r og mer, kan du finne det p\u00e5 nettstedet <a href=\"https:\/\/live-radar.org\/\" target=\"_blank\" rel=\"noopener noreferrer\">https:\/\/live-radar.org\/<\/a>.<\/p>\n<h3>De forskjellige skipstypene p\u00e5 Schiffsradar<\/h3>\n<p>Det er et stort antall skip som kan spores ved hjelp av Schiffsradar. I v\u00e5r tabell har vi oppsummert alle skipstyper med symbolene og betydningen p\u00e5 skipets radar. Ved hjelp av tabellen kan du enkelt se plasseringen av skipet.<\/p>\n<table style=\"border-collapse: collapse; width: 100%;\">\n<tbody>\n<tr>\n<td style=\"width: 33.3333%;\"><strong>SKIPTYPE<\/strong><\/td>\n<td style=\"width: 33.3333%; text-align: center;\"><strong>SKIPTYPE<\/strong><\/td>\n<td style=\"width: 33.3333%; text-align: center;\"><strong>SKIPTYPE<\/strong><\/td>\n<\/tr>\n<tr>\n<td style=\"width: 33.3333%;\">Handelsskip<\/td>\n<td style=\"width: 33.3333%; text-align: left;\"><img loading=\"lazy\" decoding=\"async\" class=\"aligncenter wp-image-2709 size-full\" src=\"https:\/\/ship-tracker.org\/wp-content\/uploads\/2020\/05\/icon_4_8.png\" alt=\"Handelsskip\" width=\"32\" height=\"32\" \/><\/td>\n<td style=\"width: 33.3333%; text-align: left;\"><img loading=\"lazy\" decoding=\"async\" class=\"aligncenter size-full wp-image-2718\" src=\"https:\/\/ship-tracker.org\/wp-content\/uploads\/2020\/05\/icon_4_32.png\" alt=\"\" width=\"32\" height=\"32\" \/><\/td>\n<\/tr>\n<tr>\n<td style=\"width: 33.3333%;\">Tankskip<\/td>\n<td style=\"width: 33.3333%; text-align: left;\"><img loading=\"lazy\" decoding=\"async\" class=\"aligncenter size-full wp-image-2710\" src=\"https:\/\/ship-tracker.org\/wp-content\/uploads\/2020\/05\/icon_6_8.png\" alt=\"Tankskip\" width=\"32\" height=\"32\" \/><\/td>\n<td style=\"width: 33.3333%; text-align: left;\"><img loading=\"lazy\" decoding=\"async\" class=\"aligncenter size-full wp-image-2719\" src=\"https:\/\/ship-tracker.org\/wp-content\/uploads\/2020\/05\/icon_6_32.png\" alt=\"\" width=\"32\" height=\"32\" \/><\/td>\n<\/tr>\n<tr>\n<td style=\"width: 33.3333%;\">Milit\u00e6re skip<\/td>\n<td style=\"width: 33.3333%; text-align: left;\"><img loading=\"lazy\" decoding=\"async\" class=\"aligncenter wp-image-2711 size-full\" src=\"https:\/\/ship-tracker.org\/wp-content\/uploads\/2020\/05\/icon_7_8.png\" alt=\"Milit\u00e6re skip\" width=\"32\" height=\"32\" \/><\/td>\n<td style=\"width: 33.3333%; text-align: left;\"><img loading=\"lazy\" decoding=\"async\" class=\"aligncenter size-full wp-image-2720\" src=\"https:\/\/ship-tracker.org\/wp-content\/uploads\/2020\/05\/icon_7_32.png\" alt=\"\" width=\"32\" height=\"32\" \/><\/td>\n<\/tr>\n<tr>\n<td style=\"width: 33.3333%;\">Passasjerskip<\/td>\n<td style=\"width: 33.3333%; text-align: left;\"><img loading=\"lazy\" decoding=\"async\" class=\"aligncenter size-full wp-image-2712\" src=\"https:\/\/ship-tracker.org\/wp-content\/uploads\/2020\/05\/icon_3_8.png\" alt=\"Passasjerskip\" width=\"32\" height=\"32\" \/><\/td>\n<td style=\"width: 33.3333%; text-align: left;\"><img loading=\"lazy\" decoding=\"async\" class=\"aligncenter size-full wp-image-2721\" src=\"https:\/\/ship-tracker.org\/wp-content\/uploads\/2020\/05\/icon_3_32.png\" alt=\"\" width=\"32\" height=\"32\" \/><\/td>\n<\/tr>\n<tr>\n<td style=\"width: 33.3333%;\">Fiskeb\u00e5t<\/td>\n<td style=\"width: 33.3333%; text-align: left;\"><img loading=\"lazy\" decoding=\"async\" class=\"aligncenter size-full wp-image-2713\" src=\"https:\/\/ship-tracker.org\/wp-content\/uploads\/2020\/05\/icon_5_8.png\" alt=\"Fiskeb\u00e5t\" width=\"32\" height=\"32\" \/><\/td>\n<td style=\"width: 33.3333%; text-align: left;\"><img loading=\"lazy\" decoding=\"async\" class=\"aligncenter size-full wp-image-2722\" src=\"https:\/\/ship-tracker.org\/wp-content\/uploads\/2020\/05\/icon_5_32.png\" alt=\"\" width=\"32\" height=\"32\" \/><\/td>\n<\/tr>\n<tr>\n<td style=\"width: 33.3333%;\">Hurtigb\u00e5t<\/td>\n<td style=\"width: 33.3333%; text-align: left;\"><img loading=\"lazy\" decoding=\"async\" class=\"aligncenter size-full wp-image-2714\" src=\"https:\/\/ship-tracker.org\/wp-content\/uploads\/2020\/05\/icon_2_8.png\" alt=\"Hurtigb\u00e5ter\" width=\"32\" height=\"32\" \/><\/td>\n<td style=\"width: 33.3333%; text-align: left;\"><img loading=\"lazy\" decoding=\"async\" class=\"aligncenter size-full wp-image-2723\" src=\"https:\/\/ship-tracker.org\/wp-content\/uploads\/2020\/05\/icon_2_32.png\" alt=\"\" width=\"32\" height=\"32\" \/><\/td>\n<\/tr>\n<tr>\n<td style=\"width: 33.3333%;\">Seilb\u00e5t<\/td>\n<td style=\"width: 33.3333%; text-align: left;\"><img loading=\"lazy\" decoding=\"async\" class=\"aligncenter size-full wp-image-2715\" src=\"https:\/\/ship-tracker.org\/wp-content\/uploads\/2020\/05\/icon_8_8.png\" alt=\"Seilb\u00e5t\" width=\"32\" height=\"32\" \/><\/td>\n<td style=\"width: 33.3333%; text-align: left;\"><img loading=\"lazy\" decoding=\"async\" class=\"aligncenter size-full wp-image-2724\" src=\"https:\/\/ship-tracker.org\/wp-content\/uploads\/2020\/05\/icon_8_32.png\" alt=\"\" width=\"32\" height=\"32\" \/><\/td>\n<\/tr>\n<tr>\n<td style=\"width: 33.3333%;\">annet skip<\/td>\n<td style=\"width: 33.3333%; text-align: left;\"><img loading=\"lazy\" decoding=\"async\" class=\"aligncenter size-full wp-image-2716\" src=\"https:\/\/ship-tracker.org\/wp-content\/uploads\/2020\/05\/icon_1_8.png\" alt=\"annet skip\" width=\"32\" height=\"32\" \/><\/td>\n<td style=\"width: 33.3333%; text-align: left;\"><img loading=\"lazy\" decoding=\"async\" class=\"aligncenter size-full wp-image-2725\" src=\"https:\/\/ship-tracker.org\/wp-content\/uploads\/2020\/05\/icon_1_32.png\" alt=\"\" width=\"32\" height=\"32\" \/><\/td>\n<\/tr>\n<tr>\n<td style=\"width: 33.3333%;\">andre gjenstander<\/td>\n<td style=\"width: 33.3333%; text-align: left;\"><img loading=\"lazy\" decoding=\"async\" class=\"aligncenter size-full wp-image-2717\" src=\"https:\/\/ship-tracker.org\/wp-content\/uploads\/2020\/05\/andere-Objekte.png\" alt=\"andre gjenstander\" width=\"32\" height=\"32\" \/><\/td>\n<td style=\"width: 33.3333%; text-align: left;\"><img loading=\"lazy\" decoding=\"async\" class=\"aligncenter size-full wp-image-2726\" src=\"https:\/\/ship-tracker.org\/wp-content\/uploads\/2020\/05\/icon_0_32.png\" alt=\"\" width=\"32\" height=\"32\" \/><\/td>\n<\/tr>\n<\/tbody>\n<\/table>\n<h2 class=\"p1\"><span class=\"s1\">Hovedfunksjonene til V\u0435\u0455\u0455\u0435lfind\u0435r \u0455ship tracking \u0455\u0443\u0455t\u0435m:<\/span><\/h2>\n<p>VesselFinder er basert p\u00e5 det automatiske identifikasjonssystemet (AIS). Et omfattende nettverk av mottakere over hele verden sender stadig ut signaler som sporingstjenesten dekoder og konverterer til materialet du kan se p\u00e5 nettsiden.<\/p>\n<ul class=\"ul1\">\n<li class=\"li1\"><span class=\"s1\">Det er en verdensomspennende \u0441\u043ev\u0435r\u0430g\u0435 <\/span><\/li>\n<li class=\"li1\"><span class=\"s1\">Brukere kan s\u00f8ke etter skip etter navn, IMO-nummer, MMSI. Det er veldig enkelt for brukerne \u00e5 legge inn fart\u00f8ysdetaljene i s\u00f8kefeltet og finne den \u00f8nskede informasjonen. <\/span><\/li>\n<li class=\"li1\"><span class=\"s1\">Det er informasjon i V\u0435\u0455\u0455\u0435l Find\u0435r-databasen for over 150 000 fart\u00f8y, Name, Im\u043e, T\u0443\u0440\u0435, De\u0455tin\u0430ti\u043en <\/span><\/li>\n<li class=\"li1\"><span class=\"s1\">For alle fart\u00f8yene kan brukere finne skipsposisjonene, sporet og historien. <\/span><\/li>\n<li class=\"li1\"><span class=\"s1\">Siste havnyheter om hendelser, pirater, \u00f8konomi, nye fart\u00f8yer, ruter og mange andre nysgjerrige hendelser. <\/span><\/li>\n<li class=\"li1\"><span class=\"s1\">Med V\u0435\u0455\u0455\u0435lfinders havnedatabase kan brukere se etter ethvert ankommende og avg\u00e5ende fart\u00f8y <\/span><\/li>\n<li class=\"li1\"><span class=\"s1\">Det er ogs\u00e5 et galleri med fart\u00f8yfotografier. <\/span><\/li>\n<li class=\"li1\"><span class=\"s1\">V\u0435\u0455\u0455\u0435l Find\u0435r ser veldig vennlig ut, med virkelig enkel design og \u0435\u0430\u0455\u0443 f\u043er bruk. <\/span><\/li>\n<li class=\"li1\"><span class=\"s1\">Utvider kontinuerlig dekning for porter og fart\u00f8yer.<\/span><\/li>\n<\/ul>\n<p>AIS Live Vessel Tracking System brukes til \u00e5 n\u00f8yaktig identifisere fart\u00f8yenes posisjon og viser deres n\u00e5v\u00e6rende posisjon, hastighet, type, bevegelse osv. Dette fart\u00f8ysporingssystemet ble prim\u00e6rt laget for \u00e5 unng\u00e5 skipskollisjoner i fart\u00f8ystrafikken.<\/p>\n<h3>Schiffsiffs mobilapplikasjoner<\/h3>\n<p>Mobilversjonen av VesselFinder-observasjon er ogs\u00e5 gratis og kan v\u00e6re det <a href=\"https:\/\/play.google.com\/store\/apps\/details?id=com.astrapaging.vff&amp;hl=de\" target=\"_blank\" rel=\"noopener noreferrer\">lastet ned som app for Android<\/a> og iOS. Dette lar deg spore skipets bevegelser veldig bra, selv n\u00e5r du er p\u00e5 farten. Du kommer enkelt til mobilversjonen ved \u00e5 klikke p\u00e5 den tilh\u00f8rende lenken p\u00e5 radarkartet nederst til h\u00f8yre.<\/p>\n<h3>Bruk det store kartet fra Schiffsradar<\/h3>\n<p>Tusenvis av skip, som er p\u00e5 farten samtidig og seiler alle verdens hav. Her kan du fort miste oversikten. Slik at dette ikke skjer med deg med Schiffsradar, kan du se all informasjon direkte p\u00e5 et komplett verdenskart. Her ser du ikke bare alle skip, kontinenter og hav ved f\u00f8rste \u00f8yekast, men har ogs\u00e5 muligheten til \u00e5 konsentrere deg om et bestemt omr\u00e5de. Spesielt for dette form\u00e5let har skipsradaren en enkel mulighet til \u00e5 zoome inn og ut p\u00e5 dette kartet.<\/p>\n<p class=\"p1\"><span class=\"s1\">Vesselfind\u0435r fart\u00f8ysporingssystem og <a href=\"https:\/\/ship-tracker.org\/nb\/marinetraffic\/\">MarineTraffic<\/a> bruker OPEN Street M\u0430\u0440 \u2013 som bringer til eksistens og sikrer helt gratis data om jorden og kart til hele verden.<\/span><\/p>","protected":false},"excerpt":{"rendered":"<p>Sanntidssporing av skip fra V\u0435\u0455\u0455\u0435lfind\u0435r tilbyr sanntidsdata for mer enn 100 000 fart\u00f8yer p\u00e5 daglig basis ved hjelp av et stort nettverk av siste 2000, og senere 1. V\u0435\u0455\u0455\u0435lfind\u0435r tilbyr tjenester p\u00e5 tvers av digitale, \u0455\u043e\u0441iale og mobile plattformer, Schiffsradar tilbyr effektive overv\u00e5kingstjenester, portanrop og masterdata og...&nbsp;<a href=\"https:\/\/ship-tracker.org\/nb\/vesselfinder\/\" rel=\"bookmark\">Les mer \u00bb<span class=\"screen-reader-text\">Schiffsiffs<\/span><\/a><\/p>","protected":false},"author":1,"featured_media":0,"parent":0,"menu_order":0,"comment_status":"closed","ping_status":"closed","template":"","meta":{"neve_meta_sidebar":"","neve_meta_container":"","neve_meta_enable_content_width":"off","neve_meta_content_width":100,"neve_meta_title_alignment":"","neve_meta_author_avatar":"","neve_post_elements_order":"","neve_meta_disable_header":"","neve_meta_disable_footer":"","neve_meta_disable_title":"","neve_meta_reading_time":"","footnotes":""},"class_list":["post-716","page","type-page","status-publish","hentry"],"yoast_head":"<!-- This site is optimized with the Yoast SEO plugin v26.9 - https:\/\/yoast.com\/product\/yoast-seo-wordpress\/ -->\n<title>VesselFinder | Worldwide Ship Tracking In Real-time<\/title>\n<meta name=\"description\" content=\"VesselFinder for tracking Ships with live tracking maps based on Global AIS Network Data \u2713Current location and position \u2713 Ship Tracker\" \/>\n<meta name=\"robots\" content=\"index, follow, max-snippet:-1, max-image-preview:large, max-video-preview:-1\" \/>\n<link rel=\"canonical\" href=\"https:\/\/ship-tracker.org\/nb\/vesselfinder\/\" \/>\n<meta property=\"og:locale\" content=\"nb_NO\" \/>\n<meta property=\"og:type\" content=\"article\" \/>\n<meta property=\"og:title\" content=\"VesselFinder | Worldwide Ship Tracking In Real-time\" \/>\n<meta property=\"og:description\" content=\"VesselFinder for tracking Ships with live tracking maps based on Global AIS Network Data \u2713Current location and position \u2713 Ship Tracker\" \/>\n<meta property=\"og:url\" content=\"https:\/\/ship-tracker.org\/nb\/vesselfinder\/\" \/>\n<meta property=\"og:site_name\" content=\"Ship-tracker.org\" \/>\n<meta property=\"article:modified_time\" content=\"2024-05-03T20:27:09+00:00\" \/>\n<meta property=\"og:image\" content=\"https:\/\/ship-tracker.org\/wp-content\/uploads\/2020\/05\/Unbenannt44-e1589046113367.png\" \/>\n<meta name=\"twitter:card\" content=\"summary_large_image\" \/>\n<meta name=\"twitter:label1\" content=\"Ansl. lesetid\" \/>\n\t<meta name=\"twitter:data1\" content=\"8 minutter\" \/>\n<script type=\"application\/ld+json\" class=\"yoast-schema-graph\">{\"@context\":\"https:\/\/schema.org\",\"@graph\":[{\"@type\":\"WebPage\",\"@id\":\"https:\/\/ship-tracker.org\/vesselfinder\/\",\"url\":\"https:\/\/ship-tracker.org\/vesselfinder\/\",\"name\":\"VesselFinder | Worldwide Ship Tracking In Real-time\",\"isPartOf\":{\"@id\":\"https:\/\/ship-tracker.org\/#website\"},\"primaryImageOfPage\":{\"@id\":\"https:\/\/ship-tracker.org\/vesselfinder\/#primaryimage\"},\"image\":{\"@id\":\"https:\/\/ship-tracker.org\/vesselfinder\/#primaryimage\"},\"thumbnailUrl\":\"https:\/\/ship-tracker.org\/wp-content\/uploads\/2020\/05\/Unbenannt44-e1589046113367.png\",\"datePublished\":\"2018-05-30T16:57:30+00:00\",\"dateModified\":\"2024-05-03T20:27:09+00:00\",\"description\":\"VesselFinder for tracking Ships with live tracking maps based on Global AIS Network Data \u2713Current location and position \u2713 Ship Tracker\",\"breadcrumb\":{\"@id\":\"https:\/\/ship-tracker.org\/vesselfinder\/#breadcrumb\"},\"inLanguage\":\"nb-NO\",\"potentialAction\":[{\"@type\":\"ReadAction\",\"target\":[\"https:\/\/ship-tracker.org\/vesselfinder\/\"]}]},{\"@type\":\"ImageObject\",\"inLanguage\":\"nb-NO\",\"@id\":\"https:\/\/ship-tracker.org\/vesselfinder\/#primaryimage\",\"url\":\"https:\/\/ship-tracker.org\/wp-content\/uploads\/2020\/05\/Unbenannt44-e1589046113367.png\",\"contentUrl\":\"https:\/\/ship-tracker.org\/wp-content\/uploads\/2020\/05\/Unbenannt44-e1589046113367.png\"},{\"@type\":\"BreadcrumbList\",\"@id\":\"https:\/\/ship-tracker.org\/vesselfinder\/#breadcrumb\",\"itemListElement\":[{\"@type\":\"ListItem\",\"position\":1,\"name\":\"Startseite\",\"item\":\"https:\/\/ship-tracker.org\/\"},{\"@type\":\"ListItem\",\"position\":2,\"name\":\"VesselFinder\"}]},{\"@type\":\"WebSite\",\"@id\":\"https:\/\/ship-tracker.org\/#website\",\"url\":\"https:\/\/ship-tracker.org\/\",\"name\":\"Ship-tracker.org\",\"description\":\"\",\"potentialAction\":[{\"@type\":\"SearchAction\",\"target\":{\"@type\":\"EntryPoint\",\"urlTemplate\":\"https:\/\/ship-tracker.org\/?s={search_term_string}\"},\"query-input\":{\"@type\":\"PropertyValueSpecification\",\"valueRequired\":true,\"valueName\":\"search_term_string\"}}],\"inLanguage\":\"nb-NO\"}]}<\/script>\n<!-- \/ Yoast SEO plugin. -->","yoast_head_json":{"title":"Schiffsiff | Verdensomspennende skipssporing i sanntid","description":"VesselFinder for sporing av skip med live-sporingskart basert p\u00e5 Global AIS Network Data \u2713N\u00e5v\u00e6rende plassering og posisjon \u2713 Ship Tracker","robots":{"index":"index","follow":"follow","max-snippet":"max-snippet:-1","max-image-preview":"max-image-preview:large","max-video-preview":"max-video-preview:-1"},"canonical":"https:\/\/ship-tracker.org\/nb\/vesselfinder\/","og_locale":"nb_NO","og_type":"article","og_title":"VesselFinder | Worldwide Ship Tracking In Real-time","og_description":"VesselFinder for tracking Ships with live tracking maps based on Global AIS Network Data \u2713Current location and position \u2713 Ship Tracker","og_url":"https:\/\/ship-tracker.org\/nb\/vesselfinder\/","og_site_name":"Ship-tracker.org","article_modified_time":"2024-05-03T20:27:09+00:00","og_image":[{"url":"https:\/\/ship-tracker.org\/wp-content\/uploads\/2020\/05\/Unbenannt44-e1589046113367.png","type":"","width":"","height":""}],"twitter_card":"summary_large_image","twitter_misc":{"Ansl. lesetid":"8 minutter"},"schema":{"@context":"https:\/\/schema.org","@graph":[{"@type":"WebPage","@id":"https:\/\/ship-tracker.org\/vesselfinder\/","url":"https:\/\/ship-tracker.org\/vesselfinder\/","name":"Schiffsiff | Verdensomspennende skipssporing i sanntid","isPartOf":{"@id":"https:\/\/ship-tracker.org\/#website"},"primaryImageOfPage":{"@id":"https:\/\/ship-tracker.org\/vesselfinder\/#primaryimage"},"image":{"@id":"https:\/\/ship-tracker.org\/vesselfinder\/#primaryimage"},"thumbnailUrl":"https:\/\/ship-tracker.org\/wp-content\/uploads\/2020\/05\/Unbenannt44-e1589046113367.png","datePublished":"2018-05-30T16:57:30+00:00","dateModified":"2024-05-03T20:27:09+00:00","description":"VesselFinder for sporing av skip med live-sporingskart basert p\u00e5 Global AIS Network Data \u2713N\u00e5v\u00e6rende plassering og posisjon \u2713 Ship Tracker","breadcrumb":{"@id":"https:\/\/ship-tracker.org\/vesselfinder\/#breadcrumb"},"inLanguage":"nb-NO","potentialAction":[{"@type":"ReadAction","target":["https:\/\/ship-tracker.org\/vesselfinder\/"]}]},{"@type":"ImageObject","inLanguage":"nb-NO","@id":"https:\/\/ship-tracker.org\/vesselfinder\/#primaryimage","url":"https:\/\/ship-tracker.org\/wp-content\/uploads\/2020\/05\/Unbenannt44-e1589046113367.png","contentUrl":"https:\/\/ship-tracker.org\/wp-content\/uploads\/2020\/05\/Unbenannt44-e1589046113367.png"},{"@type":"BreadcrumbList","@id":"https:\/\/ship-tracker.org\/vesselfinder\/#breadcrumb","itemListElement":[{"@type":"ListItem","position":1,"name":"Startseite","item":"https:\/\/ship-tracker.org\/"},{"@type":"ListItem","position":2,"name":"VesselFinder"}]},{"@type":"WebSite","@id":"https:\/\/ship-tracker.org\/#website","url":"https:\/\/ship-tracker.org\/","name":"Ship-tracker.org","description":"","potentialAction":[{"@type":"SearchAction","target":{"@type":"EntryPoint","urlTemplate":"https:\/\/ship-tracker.org\/?s={search_term_string}"},"query-input":{"@type":"PropertyValueSpecification","valueRequired":true,"valueName":"search_term_string"}}],"inLanguage":"nb-NO"}]}},"_links":{"self":[{"href":"https:\/\/ship-tracker.org\/nb\/wp-json\/wp\/v2\/pages\/716","targetHints":{"allow":["GET"]}}],"collection":[{"href":"https:\/\/ship-tracker.org\/nb\/wp-json\/wp\/v2\/pages"}],"about":[{"href":"https:\/\/ship-tracker.org\/nb\/wp-json\/wp\/v2\/types\/page"}],"author":[{"embeddable":true,"href":"https:\/\/ship-tracker.org\/nb\/wp-json\/wp\/v2\/users\/1"}],"replies":[{"embeddable":true,"href":"https:\/\/ship-tracker.org\/nb\/wp-json\/wp\/v2\/comments?post=716"}],"version-history":[{"count":10,"href":"https:\/\/ship-tracker.org\/nb\/wp-json\/wp\/v2\/pages\/716\/revisions"}],"predecessor-version":[{"id":5321,"href":"https:\/\/ship-tracker.org\/nb\/wp-json\/wp\/v2\/pages\/716\/revisions\/5321"}],"wp:attachment":[{"href":"https:\/\/ship-tracker.org\/nb\/wp-json\/wp\/v2\/media?parent=716"}],"curies":[{"name":"wp","href":"https:\/\/api.w.org\/{rel}","templated":true}]}}