{"id":622,"date":"2017-09-19T17:02:13","date_gmt":"2017-09-19T15:02:13","guid":{"rendered":"http:\/\/ship-tracker.org\/?page_id=622"},"modified":"2022-10-27T14:19:56","modified_gmt":"2022-10-27T12:19:56","slug":"carnival-conquest","status":"publish","type":"page","link":"https:\/\/ship-tracker.org\/nb\/carnival-conquest\/","title":{"rendered":"Karneval erobring"},"content":{"rendered":"<p><script async src=\"https:\/\/pagead2.googlesyndication.com\/pagead\/js\/adsbygoogle.js\"><\/script><br \/>\n<!-- Ship-Tracker Display --><br \/>\n<ins class=\"adsbygoogle\" style=\"display: block;\" data-ad-client=\"ca-pub-1316785063791781\" data-ad-slot=\"8075999632\" data-ad-format=\"auto\" data-full-width-responsive=\"true\"><\/ins><br \/>\n<script>\n     (adsbygoogle = window.adsbygoogle || []).push({});\n<\/script><\/p>\n<h2><span style=\"color: #000000;\">N\u00e5v\u00e6rende plassering og <\/span><span style=\"color: #000000;\">plassering av Carnival Conquest<\/span><\/h2>\n<p>Hvor er den n\u00e5v\u00e6rende posisjonen til Carnival Conquest for tiden?<br \/>\n<script async src=\"https:\/\/pagead2.googlesyndication.com\/pagead\/js\/adsbygoogle.js\"><\/script><br \/>\n<!-- Schip-Tracker Linkanzeigen --><br \/>\n<ins class=\"adsbygoogle\" style=\"display: block;\" data-ad-client=\"ca-pub-1316785063791781\" data-ad-slot=\"3429004156\" data-ad-format=\"link\" data-full-width-responsive=\"true\"><\/ins><br \/>\n<script>\n     (adsbygoogle = window.adsbygoogle || []).push({});\n<\/script><br \/>\n<script type=\"text\/javascript\">\n  var width=\"1500\";\n  var height=\"500\";\n  var click_to_activate=false;\n  var default_maptype=2;\n  var imo=9198355;\n<\/script><br \/>\n<script type=\"text\/javascript\" src=\"https:\/\/www.vesselfinder.com\/aismap.js\">\n<\/script><br \/>\n<script async src=\"https:\/\/pagead2.googlesyndication.com\/pagead\/js\/adsbygoogle.js\"><\/script><br \/>\n<!-- Ship-Tracker Display --><br \/>\n<ins class=\"adsbygoogle\" style=\"display: block;\" data-ad-client=\"ca-pub-1316785063791781\" data-ad-slot=\"8075999632\" data-ad-format=\"auto\" data-full-width-responsive=\"true\"><\/ins><br \/>\n<script>\n     (adsbygoogle = window.adsbygoogle || []).push({});\n<\/script><\/p>\n<p>Se Carnival Conquests n\u00e5v\u00e6rende plassering. Posisjonen til Carnival Conquest kan bestemmes n\u00f8yaktig av kartene over Schiffsiff og MarineTraffic. S\u00e5 du er alltid godt informert om hvor favorittskipet ditt er for \u00f8yeblikket.<\/p>\n<h2 class=\"pageTitle shipItemTitle\"><span style=\"color: #000000;\">Carnival Conquest gjennomgang og spesifikasjoner<\/span><\/h2>\n<table style=\"height: 294px;\" width=\"400\">\n<tbody>\n<tr>\n<td style=\"width: 192px;\"><span style=\"color: #000000;\"><strong>Flaggstat<\/strong><\/span><\/td>\n<td style=\"width: 192px;\"><span style=\"color: #000000;\">Panama<\/span><\/td>\n<\/tr>\n<tr>\n<td style=\"width: 192px;\"><span style=\"color: #000000;\"><strong>Bygge\u00e5r<\/strong><\/span><\/td>\n<td style=\"width: 192px;\"><span style=\"color: #000000;\">2002<\/span><\/td>\n<\/tr>\n<tr>\n<td style=\"width: 192px;\"><span style=\"color: #000000;\"><strong>Bygger<\/strong><\/span><\/td>\n<td style=\"width: 192px;\"><span style=\"color: #000000;\">Fincantieri<\/span><\/td>\n<\/tr>\n<tr>\n<td style=\"width: 192px;\"><span style=\"color: #000000;\"><strong>Lengde<\/strong><\/span><\/td>\n<td style=\"width: 192px;\"><span style=\"color: #000000;\">290<span class=\"specificationUnit\">\u00a0m<\/span><br \/>\n<\/span><\/td>\n<\/tr>\n<tr>\n<td style=\"width: 192px;\"><span style=\"color: #000000;\"><strong>Str\u00e5le<\/strong><\/span><\/td>\n<td style=\"width: 192px;\"><span style=\"color: #000000;\">38<span class=\"specificationUnit\">\u00a0m<\/span><\/span><\/td>\n<\/tr>\n<tr>\n<td style=\"width: 192px;\"><span style=\"color: #000000;\"><strong>Bruttotonn<\/strong><\/span><\/td>\n<td style=\"width: 192px;\"><span style=\"color: #000000;\">110239<span class=\"specificationUnit\">\u00a0gt<\/span><\/span><\/td>\n<\/tr>\n<tr>\n<td style=\"width: 192px;\"><span style=\"color: #000000;\"><strong>Passasjerer<\/strong><\/span><\/td>\n<td style=\"width: 192px;\"><span style=\"color: #000000;\">3581<\/span><\/td>\n<\/tr>\n<tr>\n<td style=\"width: 192px;\"><span style=\"color: #000000;\"><strong>Mannskap<\/strong><\/span><\/td>\n<td style=\"width: 192px;\"><span style=\"color: #000000;\">1150<\/span><\/td>\n<\/tr>\n<tr>\n<td style=\"width: 192px;\"><span style=\"color: #000000;\"><strong>Dekk<\/strong>\u00a0<\/span><\/td>\n<td style=\"width: 192px;\"><span style=\"color: #000000;\">13<\/span><\/td>\n<\/tr>\n<tr>\n<td style=\"width: 192px;\"><span style=\"color: #000000;\"><strong>Hastighet<\/strong><\/span><\/td>\n<td style=\"width: 192px;\"><span style=\"color: #000000;\">23<span class=\"specificationUnit\">\u00a0kn<\/span><\/span><\/td>\n<\/tr>\n<tr>\n<td style=\"width: 192px;\"><span style=\"color: #000000;\"><strong><b>Fremdrift<\/b><\/strong><\/span><\/td>\n<td style=\"width: 192px;\"><span style=\"color: #000000;\">Diesel-elektrisk<\/span><\/td>\n<\/tr>\n<tr>\n<td style=\"width: 192px;\"><span style=\"color: #000000;\"><strong><b>Eieren<\/b><\/strong><\/span><\/td>\n<td style=\"width: 192px;\"><a href=\"https:\/\/ship-tracker.org\/nb\/carnival-cruise-line\/\">Carnival Cruise Line<\/a><\/td>\n<\/tr>\n<\/tbody>\n<\/table>\n<p><img loading=\"lazy\" decoding=\"async\" class=\"aligncenter wp-image-382 size-full\" src=\"https:\/\/ship-tracker.org\/wp-content\/uploads\/2017\/09\/cruise-1419799_640.jpg\" alt=\"Karneval erobring\" width=\"640\" height=\"283\" srcset=\"https:\/\/ship-tracker.org\/wp-content\/uploads\/2017\/09\/cruise-1419799_640.jpg 640w, https:\/\/ship-tracker.org\/wp-content\/uploads\/2017\/09\/cruise-1419799_640-300x133.jpg 300w\" sizes=\"auto, (max-width: 640px) 100vw, 640px\" \/><\/p>\n<h3 class=\"title\">Carnival Cruise Line fl\u00e5te<\/h3>\n<ul>\n<li><a href=\"https:\/\/ship-tracker.org\/nb\/carnival-mardi-gras\/\">Karneval Mardi Gras<\/a><\/li>\n<li><a href=\"https:\/\/ship-tracker.org\/nb\/carnival-panorama\/\">Karneval Panorama<\/a><\/li>\n<li><a href=\"https:\/\/ship-tracker.org\/nb\/carnival-horizon\/\">Karneval Horisont<\/a><\/li>\n<li><a href=\"https:\/\/ship-tracker.org\/nb\/carnival-vista\/\">Karneval Vista<\/a><\/li>\n<li><a href=\"https:\/\/ship-tracker.org\/nb\/carnival-breeze\/\">Carnival Breeze<\/a><\/li>\n<li><a href=\"https:\/\/ship-tracker.org\/nb\/carnival-magic\/\">Magi i karnevalet<\/a><\/li>\n<li><a href=\"https:\/\/ship-tracker.org\/nb\/carnival-dream\/\">Karnevalsdr\u00f8m<\/a><\/li>\n<li><a href=\"https:\/\/ship-tracker.org\/nb\/carnival-splendor\/\">Carnival Splendor<\/a><\/li>\n<li><a href=\"https:\/\/ship-tracker.org\/nb\/carnival-freedom\/\">Karnevalsfrihet<\/a><\/li>\n<li><a href=\"https:\/\/ship-tracker.org\/nb\/carnival-liberty\/\">Karneval Liberty<\/a><\/li>\n<li><a href=\"https:\/\/ship-tracker.org\/nb\/carnival-valor\/\">Carnival Valor<\/a><\/li>\n<li><a href=\"https:\/\/ship-tracker.org\/nb\/carnival-miracle\/\">Karnevalsmirakel<\/a><\/li>\n<li><a href=\"https:\/\/ship-tracker.org\/nb\/carnival-glory\/\">Carnival Glory<\/a><\/li>\n<li><a href=\"https:\/\/ship-tracker.org\/nb\/carnival-legend\/\">Karnevalslegende<\/a><\/li>\n<li><a href=\"https:\/\/ship-tracker.org\/nb\/carnival-spirit\/\">Karnevals\u00e5nd<\/a><\/li>\n<li><a href=\"https:\/\/ship-tracker.org\/nb\/carnival-pride\/\">Carnival Pride<\/a><\/li>\n<li><a href=\"https:\/\/ship-tracker.org\/nb\/carnival-radiance\/\">Carnival Radiance<\/a><\/li>\n<li><a href=\"https:\/\/ship-tracker.org\/nb\/carnival-sunrise\/\">Karneval soloppgang<\/a><\/li>\n<li><a href=\"https:\/\/ship-tracker.org\/nb\/carnival-elation\/\">Carnival Elation<\/a><\/li>\n<li><a href=\"https:\/\/ship-tracker.org\/nb\/carnival-paradise\/\">Karneval paradis<\/a><\/li>\n<li><a href=\"https:\/\/ship-tracker.org\/nb\/carnival-inspiration\/\">Karneval inspirasjon<\/a><\/li>\n<li><a href=\"https:\/\/ship-tracker.org\/nb\/carnival-sunshine\/\">Karneval solskinn<\/a><\/li>\n<li><a href=\"https:\/\/ship-tracker.org\/nb\/carnival-imagination\/\">Karnevalsfantasi<\/a><\/li>\n<li><a href=\"https:\/\/ship-tracker.org\/nb\/carnival-fascination\/\">Karnevalsfascinasjon<\/a><\/li>\n<li><a href=\"https:\/\/ship-tracker.org\/nb\/carnival-sensation\/\">Karnevalssensasjon<\/a><\/li>\n<li><a href=\"https:\/\/ship-tracker.org\/nb\/carnival-ecstasy\/\">Carnival Ecstasy<\/a><\/li>\n<li><a href=\"https:\/\/ship-tracker.org\/nb\/carnival-fantasy\/\">Karnevalsfantasi<\/a><\/li>\n<\/ul>\n<p><script async src=\"https:\/\/pagead2.googlesyndication.com\/pagead\/js\/adsbygoogle.js\"><\/script><br \/>\n<!-- Schip-Tracker Linkanzeigen --><br \/>\n<ins class=\"adsbygoogle\" style=\"display: block;\" data-ad-client=\"ca-pub-1316785063791781\" data-ad-slot=\"3429004156\" data-ad-format=\"link\" data-full-width-responsive=\"true\"><\/ins><br \/>\n<script>\n     (adsbygoogle = window.adsbygoogle || []).push({});\n<\/script><\/p>\n<h4><span style=\"color: #000000;\">Carnival Conquest Video<\/span><\/h4>\n<div class=\"su-youtube su-u-responsive-media-yes\"><iframe loading=\"lazy\" width=\"600\" height=\"400\" src=\"https:\/\/www.youtube.com\/embed\/r_MMqjaEpGA?\" frameborder=\"0\" allowfullscreen allow=\"autoplay; encrypted-media; picture-in-picture\" title=\"\"><\/iframe><\/div>","protected":false},"excerpt":{"rendered":"<p>Gjeldende plassering og posisjon for Carnival Conquest Hvor er Carnival Conquests n\u00e5v\u00e6rende posisjon? Se Carnival Conquests n\u00e5v\u00e6rende plassering. Posisjonen til Carnival Conquest kan bestemmes n\u00f8yaktig av kartene til Skipsskib og MarineTraffic. S\u00e5 du er alltid godt informert om hvor favorittskipet ditt er for \u00f8yeblikket. Carnival Conquest-anmeldelse og spesifikasjoner Flaggstat\u2026&nbsp;<a href=\"https:\/\/ship-tracker.org\/nb\/carnival-conquest\/\" rel=\"bookmark\">Les mer \u00bb<span class=\"screen-reader-text\">Karneval erobring<\/span><\/a><\/p>","protected":false},"author":1,"featured_media":0,"parent":0,"menu_order":0,"comment_status":"closed","ping_status":"closed","template":"","meta":{"neve_meta_sidebar":"","neve_meta_container":"","neve_meta_enable_content_width":"","neve_meta_content_width":0,"neve_meta_title_alignment":"","neve_meta_author_avatar":"","neve_post_elements_order":"","neve_meta_disable_header":"","neve_meta_disable_footer":"","neve_meta_disable_title":"","neve_meta_reading_time":"","footnotes":""},"class_list":["post-622","page","type-page","status-publish","hentry"],"yoast_head":"<!-- This site is optimized with the Yoast SEO plugin v26.9 - https:\/\/yoast.com\/product\/yoast-seo-wordpress\/ -->\n<title>Carnival Conquest \u2503 Current location and position<\/title>\n<meta name=\"description\" content=\"Carnival Conquest \u2693 Current location and position of Carnival Conquest \u2713 Cruise Ship Tracker \u2713 Live Ship Tracker \u2713 Webcam\" \/>\n<meta name=\"robots\" content=\"index, follow, max-snippet:-1, max-image-preview:large, max-video-preview:-1\" \/>\n<link rel=\"canonical\" href=\"https:\/\/ship-tracker.org\/nb\/carnival-conquest\/\" \/>\n<meta property=\"og:locale\" content=\"nb_NO\" \/>\n<meta property=\"og:type\" content=\"article\" \/>\n<meta property=\"og:title\" content=\"Carnival Conquest \u2503 Current location and position\" \/>\n<meta property=\"og:description\" content=\"Carnival Conquest \u2693 Current location and position of Carnival Conquest \u2713 Cruise Ship Tracker \u2713 Live Ship Tracker \u2713 Webcam\" \/>\n<meta property=\"og:url\" content=\"https:\/\/ship-tracker.org\/nb\/carnival-conquest\/\" \/>\n<meta property=\"og:site_name\" content=\"Ship-tracker.org\" \/>\n<meta property=\"article:modified_time\" content=\"2022-10-27T12:19:56+00:00\" \/>\n<meta property=\"og:image\" content=\"https:\/\/ship-tracker.org\/wp-content\/uploads\/2017\/09\/cruise-1419799_640.jpg\" \/>\n<meta name=\"twitter:card\" content=\"summary_large_image\" \/>\n<meta name=\"twitter:label1\" content=\"Ansl. lesetid\" \/>\n\t<meta name=\"twitter:data1\" content=\"1 minutt\" \/>\n<script type=\"application\/ld+json\" class=\"yoast-schema-graph\">{\"@context\":\"https:\/\/schema.org\",\"@graph\":[{\"@type\":\"WebPage\",\"@id\":\"https:\/\/ship-tracker.org\/carnival-conquest\/\",\"url\":\"https:\/\/ship-tracker.org\/carnival-conquest\/\",\"name\":\"Carnival Conquest \u2503 Current location and position\",\"isPartOf\":{\"@id\":\"https:\/\/ship-tracker.org\/#website\"},\"primaryImageOfPage\":{\"@id\":\"https:\/\/ship-tracker.org\/carnival-conquest\/#primaryimage\"},\"image\":{\"@id\":\"https:\/\/ship-tracker.org\/carnival-conquest\/#primaryimage\"},\"thumbnailUrl\":\"https:\/\/ship-tracker.org\/wp-content\/uploads\/2017\/09\/cruise-1419799_640.jpg\",\"datePublished\":\"2017-09-19T15:02:13+00:00\",\"dateModified\":\"2022-10-27T12:19:56+00:00\",\"description\":\"Carnival Conquest \u2693 Current location and position of Carnival Conquest \u2713 Cruise Ship Tracker \u2713 Live Ship Tracker \u2713 Webcam\",\"breadcrumb\":{\"@id\":\"https:\/\/ship-tracker.org\/carnival-conquest\/#breadcrumb\"},\"inLanguage\":\"nb-NO\",\"potentialAction\":[{\"@type\":\"ReadAction\",\"target\":[\"https:\/\/ship-tracker.org\/carnival-conquest\/\"]}]},{\"@type\":\"ImageObject\",\"inLanguage\":\"nb-NO\",\"@id\":\"https:\/\/ship-tracker.org\/carnival-conquest\/#primaryimage\",\"url\":\"https:\/\/ship-tracker.org\/wp-content\/uploads\/2017\/09\/cruise-1419799_640.jpg\",\"contentUrl\":\"https:\/\/ship-tracker.org\/wp-content\/uploads\/2017\/09\/cruise-1419799_640.jpg\"},{\"@type\":\"BreadcrumbList\",\"@id\":\"https:\/\/ship-tracker.org\/carnival-conquest\/#breadcrumb\",\"itemListElement\":[{\"@type\":\"ListItem\",\"position\":1,\"name\":\"Startseite\",\"item\":\"https:\/\/ship-tracker.org\/\"},{\"@type\":\"ListItem\",\"position\":2,\"name\":\"Carnival Conquest\"}]},{\"@type\":\"WebSite\",\"@id\":\"https:\/\/ship-tracker.org\/#website\",\"url\":\"https:\/\/ship-tracker.org\/\",\"name\":\"Ship-tracker.org\",\"description\":\"\",\"potentialAction\":[{\"@type\":\"SearchAction\",\"target\":{\"@type\":\"EntryPoint\",\"urlTemplate\":\"https:\/\/ship-tracker.org\/?s={search_term_string}\"},\"query-input\":{\"@type\":\"PropertyValueSpecification\",\"valueRequired\":true,\"valueName\":\"search_term_string\"}}],\"inLanguage\":\"nb-NO\"}]}<\/script>\n<!-- \/ Yoast SEO plugin. -->","yoast_head_json":{"title":"Carnival Conquest \u2503 N\u00e5v\u00e6rende plassering og posisjon","description":"Carnival Conquest \u2693 N\u00e5v\u00e6rende plassering og posisjon til Carnival Conquest \u2713 Cruiseship Tracker \u2713 Live Ship Tracker \u2713 Webcam","robots":{"index":"index","follow":"follow","max-snippet":"max-snippet:-1","max-image-preview":"max-image-preview:large","max-video-preview":"max-video-preview:-1"},"canonical":"https:\/\/ship-tracker.org\/nb\/carnival-conquest\/","og_locale":"nb_NO","og_type":"article","og_title":"Carnival Conquest \u2503 Current location and position","og_description":"Carnival Conquest \u2693 Current location and position of Carnival Conquest \u2713 Cruise Ship Tracker \u2713 Live Ship Tracker \u2713 Webcam","og_url":"https:\/\/ship-tracker.org\/nb\/carnival-conquest\/","og_site_name":"Ship-tracker.org","article_modified_time":"2022-10-27T12:19:56+00:00","og_image":[{"url":"https:\/\/ship-tracker.org\/wp-content\/uploads\/2017\/09\/cruise-1419799_640.jpg","type":"","width":"","height":""}],"twitter_card":"summary_large_image","twitter_misc":{"Ansl. lesetid":"1 minutt"},"schema":{"@context":"https:\/\/schema.org","@graph":[{"@type":"WebPage","@id":"https:\/\/ship-tracker.org\/carnival-conquest\/","url":"https:\/\/ship-tracker.org\/carnival-conquest\/","name":"Carnival Conquest \u2503 N\u00e5v\u00e6rende plassering og posisjon","isPartOf":{"@id":"https:\/\/ship-tracker.org\/#website"},"primaryImageOfPage":{"@id":"https:\/\/ship-tracker.org\/carnival-conquest\/#primaryimage"},"image":{"@id":"https:\/\/ship-tracker.org\/carnival-conquest\/#primaryimage"},"thumbnailUrl":"https:\/\/ship-tracker.org\/wp-content\/uploads\/2017\/09\/cruise-1419799_640.jpg","datePublished":"2017-09-19T15:02:13+00:00","dateModified":"2022-10-27T12:19:56+00:00","description":"Carnival Conquest \u2693 N\u00e5v\u00e6rende plassering og posisjon til Carnival Conquest \u2713 Cruiseship Tracker \u2713 Live Ship Tracker \u2713 Webcam","breadcrumb":{"@id":"https:\/\/ship-tracker.org\/carnival-conquest\/#breadcrumb"},"inLanguage":"nb-NO","potentialAction":[{"@type":"ReadAction","target":["https:\/\/ship-tracker.org\/carnival-conquest\/"]}]},{"@type":"ImageObject","inLanguage":"nb-NO","@id":"https:\/\/ship-tracker.org\/carnival-conquest\/#primaryimage","url":"https:\/\/ship-tracker.org\/wp-content\/uploads\/2017\/09\/cruise-1419799_640.jpg","contentUrl":"https:\/\/ship-tracker.org\/wp-content\/uploads\/2017\/09\/cruise-1419799_640.jpg"},{"@type":"BreadcrumbList","@id":"https:\/\/ship-tracker.org\/carnival-conquest\/#breadcrumb","itemListElement":[{"@type":"ListItem","position":1,"name":"Startseite","item":"https:\/\/ship-tracker.org\/"},{"@type":"ListItem","position":2,"name":"Carnival Conquest"}]},{"@type":"WebSite","@id":"https:\/\/ship-tracker.org\/#website","url":"https:\/\/ship-tracker.org\/","name":"Ship-tracker.org","description":"","potentialAction":[{"@type":"SearchAction","target":{"@type":"EntryPoint","urlTemplate":"https:\/\/ship-tracker.org\/?s={search_term_string}"},"query-input":{"@type":"PropertyValueSpecification","valueRequired":true,"valueName":"search_term_string"}}],"inLanguage":"nb-NO"}]}},"_links":{"self":[{"href":"https:\/\/ship-tracker.org\/nb\/wp-json\/wp\/v2\/pages\/622","targetHints":{"allow":["GET"]}}],"collection":[{"href":"https:\/\/ship-tracker.org\/nb\/wp-json\/wp\/v2\/pages"}],"about":[{"href":"https:\/\/ship-tracker.org\/nb\/wp-json\/wp\/v2\/types\/page"}],"author":[{"embeddable":true,"href":"https:\/\/ship-tracker.org\/nb\/wp-json\/wp\/v2\/users\/1"}],"replies":[{"embeddable":true,"href":"https:\/\/ship-tracker.org\/nb\/wp-json\/wp\/v2\/comments?post=622"}],"version-history":[{"count":7,"href":"https:\/\/ship-tracker.org\/nb\/wp-json\/wp\/v2\/pages\/622\/revisions"}],"predecessor-version":[{"id":2328,"href":"https:\/\/ship-tracker.org\/nb\/wp-json\/wp\/v2\/pages\/622\/revisions\/2328"}],"wp:attachment":[{"href":"https:\/\/ship-tracker.org\/nb\/wp-json\/wp\/v2\/media?parent=622"}],"curies":[{"name":"wp","href":"https:\/\/api.w.org\/{rel}","templated":true}]}}