{"id":6,"date":"2017-09-13T13:59:08","date_gmt":"2017-09-13T11:59:08","guid":{"rendered":"http:\/\/ship-tracker.org\/?page_id=6"},"modified":"2017-09-14T16:43:07","modified_gmt":"2017-09-14T14:43:07","slug":"disclaimer","status":"publish","type":"page","link":"https:\/\/ship-tracker.org\/nb\/disclaimer\/","title":{"rendered":"Ansvarsfraskrivelse"},"content":{"rendered":"<p style=\"text-align: justify;\"><span style=\"font-family: georgia, palatino, serif;\"><span style=\"font-family: helvetica, arial, sans-serif;\">ship-tracker.org-nettstedet (&quot;nettstedet&quot;) er en nettbasert informasjonstjeneste. &quot;Ship-tracker.org &quot;, med forbehold om at du overholder vilk\u00e5rene og betingelsene nedenfor.<\/span>\u00a0<span style=\"font-family: helvetica, arial, sans-serif;\"><strong>VENNLIGST LES DETTE DOKUMENTET N\u00d8YE F\u00d8R DU G\u00c5R TIL ELLER BRUKER NETTSTEDET. VED \u00c5 G\u00c5 TIL ELLER BRUKE NETTSTEDET GODTAR DU \u00c5 V\u00c6RE BUNDET AV VILK\u00c5RENE OG BETINGELSENE ANGITT NEDENFOR. HVIS DU IKKE \u00d8NSKER \u00c5 V\u00c6RE BUNDET AV DISSE VILK\u00c5R OG BETINGELSER, KAN DU IKKE F\u00c5 TILGANG TIL ELLER BRUKE NETTSTEDET. Ship-tracker.org KAN ENDRE DENNE AVTALEN N\u00c5R SOM HELST, OG SLIKE ENDRINGER SKAL V\u00c6RE EFFEKTIV Umiddelbart VED PUBLERING AV DEN ENDREDE AVTALEN P\u00c5 NETTSTEDET. DU GODTAR \u00c5 GJENNOMF\u00d8RE AVTALEN REGELMESSIG FOR \u00c5 V\u00c6RE OPPMERKSOM P\u00c5 SLIKE ENDRINGER, OG DIN FORTSETTE TILGANG ELLER BRUK AV NETTSTEDET SKAL ANSES DIN SLUTTE GODKJENNING AV DEN ENDREDE AVTALEN.<\/strong><\/span><\/span><\/p>\n<p style=\"text-align: justify;\"><span style=\"font-family: helvetica, arial, sans-serif;\"><strong>1. Opphavsrett, lisenser og id\u00e9innsendinger.<\/strong><\/span><\/p>\n<p style=\"text-align: justify;\"><span style=\"font-family: helvetica, arial, sans-serif;\">Hele innholdet p\u00e5 nettstedet er beskyttet av internasjonale lover om opphavsrett og varemerke. Eieren av opphavsretten og varemerkene er Ship-tracker.org , dets tilknyttede selskaper eller andre tredjeparts lisensgivere.\u00a0<strong>DU M\u00c5 IKKE ENDRE, KOPIERE, REPRODUSERE, REPUBLISERE, LASTE OP, PLASTE, SENDE, ELLER DISTRIBUERE, P\u00c5 NOEN M\u00c5TE, MATERIALET P\u00c5 NETTSTEDET, INKLUDERT TEKST, GRAFIKK, KODE OG\/ELLER PROGRAMVARE.<\/strong>\u00a0Du kan skrive ut og laste ned deler av materiale fra de forskjellige omr\u00e5dene p\u00e5 nettstedet utelukkende for din egen ikke-kommersielle bruk, forutsatt at du godtar \u00e5 ikke endre eller slette merknader om opphavsrett eller eiendomsrett fra materialet. Du samtykker i \u00e5 gi Ship-tracker.org en ikke-eksklusiv, royaltyfri, verdensomspennende, evigvarende lisens, med rett til underlisens, til \u00e5 reprodusere, distribuere, overf\u00f8re, lage avledede verk av, offentlig vise og offentlig fremf\u00f8re alle materiale og annen informasjon (inkludert, uten begrensning, ideer som finnes deri for nye eller forbedrede produkter og tjenester) du sender til alle offentlige omr\u00e5der p\u00e5 nettstedet (som oppslagstavler, fora og nyhetsgrupper) eller via e-post til Ship-tracker. org p\u00e5 alle m\u00e5ter og i alle medier som n\u00e5 er kjent eller senere utviklet. Du gir ogs\u00e5 Ship-tracker.org rett til \u00e5 bruke navnet ditt i forbindelse med innsendt materiale og annen informasjon samt i forbindelse med all reklame, markedsf\u00f8ring og reklamemateriell relatert til dette. Du samtykker i at du ikke skal ha noen klagerett mot Ship-tracker.org for p\u00e5st\u00e5tte eller faktiske brudd eller misbruk av noen eiendomsrett i din kommunikasjon til Ship-tracker.org.\u00a0<strong>VAREMERKER.<\/strong>Publikasjoner, produkter, innhold eller tjenester referert til her eller p\u00e5 nettstedet er de eksklusive varemerkene eller tjenestemerkene til Ship-tracker.org. Andre produkt- og firmanavn nevnt p\u00e5 nettstedet kan v\u00e6re varemerker for deres respektive eiere.<\/span><\/p>\n<p style=\"text-align: justify;\"><span style=\"font-family: helvetica, arial, sans-serif;\"><strong>2. Bruk av nettstedet.<\/strong><\/span><\/p>\n<p style=\"text-align: justify;\"><span style=\"font-family: helvetica, arial, sans-serif;\">Du forst\u00e5r at, bortsett fra informasjon, produkter eller tjenester som tydelig er identifisert som levert av Ship-tracker.org, ikke driver, kontrollerer eller st\u00f8tter noen informasjon, produkter eller tjenester p\u00e5 Internett p\u00e5 noen m\u00e5te. Med unntak av Ship-tracker.org-identifisert informasjon, produkter eller tjenester, tilbys all informasjon, produkter og tjenester som tilbys gjennom nettstedet eller p\u00e5 Internett generelt av tredjeparter, som ikke er tilknyttet Ship-tracker.org. Du forst\u00e5r ogs\u00e5 at Ship-tracker.org ikke kan og ikke garanterer eller garanterer at filer som er tilgjengelige for nedlasting via nettstedet vil v\u00e6re fri for infeksjon eller virus, ormer, trojanske hester eller annen kode som viser kontaminerende eller destruktive egenskaper. Du er ansvarlig for \u00e5 implementere tilstrekkelige prosedyrer og sjekkpunkter for \u00e5 tilfredsstille dine spesielle krav til n\u00f8yaktighet av datainngang og -utgang, og for \u00e5 opprettholde et middel utenfor nettstedet for rekonstruksjon av tapte data.<\/span><\/p>\n<p style=\"text-align: justify;\"><span style=\"font-family: helvetica, arial, sans-serif;\">DU P\u00c5TAR SAMLET ANSVAR OG RISIKO FOR DIN BRUK AV NETTSTEDET OG INTERNETTET. Ship-tracker.org GIR NETTSTEDET OG RELATERT INFORMASJON &quot;SOM DEN ER&quot; OG GIR IKKE UTTRYKKTE ELLER UNDERFORST\u00c5TE GARANTIER, REPRESSENTASJONER ELLER GODKJENNINGER (INKLUDERT UTEN BEGRENSNING GARANTIER OM ETT ELLER UNDERFORST\u00c5TTE GARANTIER ELLER UNDERBEGRENSNING) FORM\u00c5L) MED HENSYN TIL TJENESTEN, EVENTUELLE VAREINFORMASJON ELLER TJENESTER SOM LEVERES GJENNOM TJENESTEN ELLER P\u00c5 INTERNETT GENERELT, OG Ship-tracker.org SKAL IKKE V\u00c6RE ANSVARLIG FOR NOEN KOSTNADER ELLER SKADE SOM OPPST\u00c5R VERKEN DIREKTE ELLER DIREKTE. DET ER ENESTE DITT ANSVAR \u00c5 VURDERE N\u00d8YAKTIGHETEN, FULLSTENDIGHETEN OG NYTTIGHETEN AV ALLE MENINGER, R\u00c5D, TJENESTER, VARER OG ANNEN INFORMASJON GITT GJENNOM TJENESTEN ELLER P\u00c5 INTERNETT GENERELT. Ship-tracker.org GARANTERER IKKE AT TJENESTEN VIL V\u00c6RE UAVBRUTT ELLER FEILFRI ELLER AT DEFEKTER I TJENESTEN VIL BLI RETTE.<\/span><\/p>\n<p style=\"text-align: justify;\"><span style=\"font-family: helvetica, arial, sans-serif;\">DU FORST\u00c5R VIDERE AT INTERNETTS RENE NATUR INNEHOLDER UREDIGERTE MATERIALER SOM NOEN ER SEKSUELT EKSPLISITT ELLER KAN V\u00c6RE OFFENSIVE FOR DEG. DIN TILGANG TIL SLIKE MATERIALER ER P\u00c5 DIN RISIKO. Ship-tracker.org HAR INGEN KONTROLL OVER OG ACCEPTERER IKKE INGEN ANSVAR FOR SLIKE MATERIALER.<\/span><\/p>\n<p style=\"text-align: justify;\"><span style=\"font-family: helvetica, arial, sans-serif;\"><strong>ANSVARSBEGRENSNING<\/strong><\/span><\/p>\n<p style=\"text-align: justify;\"><span style=\"font-family: helvetica, arial, sans-serif;\">UNDER INGEN HENDELSE VIL Ship-tracker.org V\u00c6RE ANSVARLIG FOR (I) EVENTUELLE TILFELDIGE, F\u00d8LGESKADER ELLER INDIREKTE SKADER (INKLUDERT, MEN IKKE BEGRENSET TIL, SKADER FOR TAP AV FORTJENESTE, FORRETNINGSAVBRUDD, TAP AV PROGRAMMER ELLER INFORMASJON), SOM ST\u00c5R P\u00c5 BRUKEN AV ELLER MANGLENDE \u00c5 BRUKE TJENESTEN, ELLER NOEN INFORMASJON ELLER TRANSAKSJONER SOM LEVERES P\u00c5 TJENESTEN, ELLER NEDLASTES FRA TJENESTEN, ELLER FORSINKELSE AV SLIK INFORMASJON ELLER TJENESTER. SELV OM Ship-tracker.org ELLER DETS AUTORISERTE REPRESENTANTER HAR BLITT VARSLET OM MULIGHETEN FOR SLIKE SKADER, ELLER (II) EVENTUELLE KRAV SOM HELST TIL FEIL, UTLEVELSER ELLER ANDRE UN\u00d8YAKTIGHETER OG\/ELLER ANVISNING AV SERVICEEN. FORDI NOEN STATER IKKE TILLATER UTELUKKELSE ELLER BEGRENSNING AV ANSVAR FOR F\u00d8LGESKADER ELLER TILFELDIGE SKADER, GJELDER MULIGVIS IKKE OVENFOR BEGRENSNING FOR DEG. I SLIKE STATER ER Ship-tracker.org ANSVAR BEGRENSET I DET ST\u00d8RSTE UTREDNING LOV TILLATER.<\/span><\/p>\n<p style=\"text-align: justify;\"><span style=\"font-family: helvetica, arial, sans-serif;\">Ship-tracker.org gir ingen representasjoner overhodet om noen andre nettsider som du kan f\u00e5 tilgang til gjennom denne eller som kan lenke til denne siden. N\u00e5r du g\u00e5r inn p\u00e5 et nettsted som ikke er fra Ship-tracker.org, m\u00e5 du forst\u00e5 at det er uavhengig av Ship-tracker.org, og at Ship-tracker.org ikke har kontroll over innholdet p\u00e5 det nettstedet. I tillegg betyr ikke en lenke til et Ship-tracker.org-nettsted at Ship-tracker.org godkjenner eller aksepterer noe ansvar for innholdet eller bruken av et slikt nettsted.<\/span><\/p>\n<p style=\"text-align: justify;\"><span style=\"font-family: helvetica, arial, sans-serif;\"><strong>3. Skadeserstatning.<\/strong><\/span><\/p>\n<p style=\"text-align: justify;\"><span style=\"font-family: helvetica, arial, sans-serif;\">Du godtar \u00e5 holde skadesl\u00f8s, forsvare og holde Ship-tracker.org, dets ledere, direkt\u00f8rer, ansatte, agenter, lisensgivere, leverand\u00f8rer og eventuelle tredjeparts informasjonsleverand\u00f8rer til tjenesten skadesl\u00f8s fra og mot alle tap, utgifter, skader og kostnader, inkludert rimelige advokatsal\u00e6rer, som f\u00f8lge av brudd p\u00e5 denne avtalen (inkludert uaktsom eller urettmessig oppf\u00f8rsel) av deg eller andre personer som har tilgang til tjenesten.<\/span><\/p>\n<p style=\"text-align: justify;\"><span style=\"font-family: helvetica, arial, sans-serif;\"><strong>4. Tredjeparts rettigheter.<\/strong><\/span><\/p>\n<p style=\"text-align: justify;\"><span style=\"font-family: helvetica, arial, sans-serif;\">Bestemmelsene i paragraf 2 (Bruk av tjenesten) og 3 (skadeserstatning) er til fordel for Ship-tracker.org og dets ledere, direkt\u00f8rer, ansatte, agenter, lisensgivere, leverand\u00f8rer og eventuelle tredjepartsleverand\u00f8rer av informasjon til tjenesten . Hver av disse personene eller enhetene skal ha rett til \u00e5 hevde og h\u00e5ndheve disse bestemmelsene direkte mot deg p\u00e5 egne vegne.<\/span><\/p>\n<p style=\"text-align: justify;\"><span style=\"font-family: helvetica, arial, sans-serif;\"><strong>5. Term; Avslutning.<\/strong><\/span><\/p>\n<p style=\"text-align: justify;\"><span style=\"font-family: helvetica, arial, sans-serif;\">Denne avtalen kan sies opp av begge parter uten varsel n\u00e5r som helst, uansett \u00e5rsak. Bestemmelsene i paragraf 1 (Opphavsrett, lisenser og innsendinger av ideer), 2 (Bruk av tjenesten), 3 (skadeserstatning), 4 (tredjepartsrettigheter) og 6 (Diverse) skal overleve enhver oppsigelse av denne avtalen.<\/span><\/p>\n<p style=\"text-align: justify;\"><span style=\"font-family: helvetica, arial, sans-serif;\"><strong>6. Diverse.<\/strong><\/span><\/p>\n<p style=\"text-align: justify;\"><span style=\"font-family: helvetica, arial, sans-serif;\">Denne avtalen skal alle styres og tolkes i samsvar med lovene i Bulgaria som gjelder for avtaler som er inng\u00e5tt og skal utf\u00f8res i Bulgaria. Du godtar at ethvert rettslig skritt eller prosedyre mellom Ship-tracker.org og deg for ethvert form\u00e5l ang\u00e5ende denne avtalen eller partenes forpliktelser i henhold til denne skal f\u00f8res eksklusivt for en f\u00f8deral eller statlig domstol med kompetent jurisdiksjon i Bulgaria. Enhver s\u00f8ksm\u00e5ls\u00e5rsak eller krav du m\u00e5tte ha med hensyn til tjenesten m\u00e5 p\u00e5begynnes innen ett (1) \u00e5r etter at kravet eller s\u00f8ksm\u00e5let oppst\u00e5r, eller slikt krav eller s\u00f8ksm\u00e5l er foreldet. Ship-tracker.orgs unnlatelse av \u00e5 insistere p\u00e5 eller h\u00e5ndheve streng utf\u00f8relse av noen bestemmelse i denne avtalen skal ikke tolkes som en fraskrivelse av noen bestemmelse eller rettighet. Verken oppf\u00f8rselen mellom partene eller handelspraksis skal endre noen bestemmelse i denne avtalen. Ship-tracker.org kan tildele sine rettigheter og plikter under denne avtalen til enhver part n\u00e5r som helst uten varsel til deg. Alle rettigheter som ikke uttrykkelig er gitt her, er forbeholdt.<\/span><\/p>","protected":false},"excerpt":{"rendered":"<p>Nettstedet ship-tracker.org (\u00abnettstedet\u00bb) er en online informasjonstjeneste. \u00abShip-tracker.org\u00bb, underlagt din overholdelse av vilk\u00e5rene og betingelsene som er angitt nedenfor. LES DETTE DOKUMENTET N\u00d8YE F\u00d8R DU G\u00c5R TIL ELLER BRUKER NETTSTEDET. VED \u00c5 G\u00c5 TIL ELLER BRUKE NETTSTEDET, GODTAR DU \u00c5 V\u00c6RE BUNDET AV VILK\u00c5RENE OG BETINGELSENE ANGITT NEDENFOR. HVIS\u2026&nbsp;<a href=\"https:\/\/ship-tracker.org\/nb\/disclaimer\/\" rel=\"bookmark\">Les mer \u00bb<span class=\"screen-reader-text\">Ansvarsfraskrivelse<\/span><\/a><\/p>","protected":false},"author":1,"featured_media":0,"parent":0,"menu_order":0,"comment_status":"closed","ping_status":"closed","template":"","meta":{"neve_meta_sidebar":"","neve_meta_container":"","neve_meta_enable_content_width":"","neve_meta_content_width":0,"neve_meta_title_alignment":"","neve_meta_author_avatar":"","neve_post_elements_order":"","neve_meta_disable_header":"","neve_meta_disable_footer":"","neve_meta_disable_title":"","neve_meta_reading_time":"","footnotes":""},"class_list":["post-6","page","type-page","status-publish","hentry"],"yoast_head":"<!-- This site is optimized with the Yoast SEO plugin v26.9 - https:\/\/yoast.com\/product\/yoast-seo-wordpress\/ -->\n<title>Disclaimer - Ship-tracker.org<\/title>\n<meta name=\"robots\" content=\"noindex, follow\" \/>\n<meta property=\"og:locale\" content=\"nb_NO\" \/>\n<meta property=\"og:type\" content=\"article\" \/>\n<meta property=\"og:title\" content=\"Disclaimer - Ship-tracker.org\" \/>\n<meta property=\"og:description\" content=\"The ship-tracker.org\u00a0Web Site (the &#8220;Site&#8221;) is an online information service . &#8220;Ship-tracker.org &#8220;, subject to your compliance with the terms and conditions set forth below.\u00a0PLEASE READ THIS DOCUMENT CAREFULLY BEFORE ACCESSING OR USING THE SITE. BY ACCESSING OR USING THE SITE, YOU AGREE TO BE BOUND BY THE TERMS AND CONDITIONS SET FORTH BELOW. IF&hellip;&nbsp;Read More &raquo;Disclaimer\" \/>\n<meta property=\"og:url\" content=\"https:\/\/ship-tracker.org\/nb\/disclaimer\/\" \/>\n<meta property=\"og:site_name\" content=\"Ship-tracker.org\" \/>\n<meta property=\"article:modified_time\" content=\"2017-09-14T14:43:07+00:00\" \/>\n<meta name=\"twitter:card\" content=\"summary_large_image\" \/>\n<meta name=\"twitter:label1\" content=\"Ansl. lesetid\" \/>\n\t<meta name=\"twitter:data1\" content=\"7 minutter\" \/>\n<script type=\"application\/ld+json\" class=\"yoast-schema-graph\">{\"@context\":\"https:\/\/schema.org\",\"@graph\":[{\"@type\":\"WebPage\",\"@id\":\"https:\/\/ship-tracker.org\/it\/disclaimer\/\",\"url\":\"https:\/\/ship-tracker.org\/it\/disclaimer\/\",\"name\":\"Disclaimer - Ship-tracker.org\",\"isPartOf\":{\"@id\":\"https:\/\/ship-tracker.org\/#website\"},\"datePublished\":\"2017-09-13T11:59:08+00:00\",\"dateModified\":\"2017-09-14T14:43:07+00:00\",\"breadcrumb\":{\"@id\":\"https:\/\/ship-tracker.org\/it\/disclaimer\/#breadcrumb\"},\"inLanguage\":\"nb-NO\",\"potentialAction\":[{\"@type\":\"ReadAction\",\"target\":[\"https:\/\/ship-tracker.org\/it\/disclaimer\/\"]}]},{\"@type\":\"BreadcrumbList\",\"@id\":\"https:\/\/ship-tracker.org\/it\/disclaimer\/#breadcrumb\",\"itemListElement\":[{\"@type\":\"ListItem\",\"position\":1,\"name\":\"Startseite\",\"item\":\"https:\/\/ship-tracker.org\/\"},{\"@type\":\"ListItem\",\"position\":2,\"name\":\"Disclaimer\"}]},{\"@type\":\"WebSite\",\"@id\":\"https:\/\/ship-tracker.org\/#website\",\"url\":\"https:\/\/ship-tracker.org\/\",\"name\":\"Ship-tracker.org\",\"description\":\"\",\"potentialAction\":[{\"@type\":\"SearchAction\",\"target\":{\"@type\":\"EntryPoint\",\"urlTemplate\":\"https:\/\/ship-tracker.org\/?s={search_term_string}\"},\"query-input\":{\"@type\":\"PropertyValueSpecification\",\"valueRequired\":true,\"valueName\":\"search_term_string\"}}],\"inLanguage\":\"nb-NO\"}]}<\/script>\n<!-- \/ Yoast SEO plugin. -->","yoast_head_json":{"title":"Ansvarsfraskrivelse - Ship-tracker.org","robots":{"index":"noindex","follow":"follow"},"og_locale":"nb_NO","og_type":"article","og_title":"Disclaimer - Ship-tracker.org","og_description":"The ship-tracker.org\u00a0Web Site (the &#8220;Site&#8221;) is an online information service . &#8220;Ship-tracker.org &#8220;, subject to your compliance with the terms and conditions set forth below.\u00a0PLEASE READ THIS DOCUMENT CAREFULLY BEFORE ACCESSING OR USING THE SITE. BY ACCESSING OR USING THE SITE, YOU AGREE TO BE BOUND BY THE TERMS AND CONDITIONS SET FORTH BELOW. IF&hellip;&nbsp;Read More &raquo;Disclaimer","og_url":"https:\/\/ship-tracker.org\/nb\/disclaimer\/","og_site_name":"Ship-tracker.org","article_modified_time":"2017-09-14T14:43:07+00:00","twitter_card":"summary_large_image","twitter_misc":{"Ansl. lesetid":"7 minutter"},"schema":{"@context":"https:\/\/schema.org","@graph":[{"@type":"WebPage","@id":"https:\/\/ship-tracker.org\/it\/disclaimer\/","url":"https:\/\/ship-tracker.org\/it\/disclaimer\/","name":"Ansvarsfraskrivelse - Ship-tracker.org","isPartOf":{"@id":"https:\/\/ship-tracker.org\/#website"},"datePublished":"2017-09-13T11:59:08+00:00","dateModified":"2017-09-14T14:43:07+00:00","breadcrumb":{"@id":"https:\/\/ship-tracker.org\/it\/disclaimer\/#breadcrumb"},"inLanguage":"nb-NO","potentialAction":[{"@type":"ReadAction","target":["https:\/\/ship-tracker.org\/it\/disclaimer\/"]}]},{"@type":"BreadcrumbList","@id":"https:\/\/ship-tracker.org\/it\/disclaimer\/#breadcrumb","itemListElement":[{"@type":"ListItem","position":1,"name":"Startseite","item":"https:\/\/ship-tracker.org\/"},{"@type":"ListItem","position":2,"name":"Disclaimer"}]},{"@type":"WebSite","@id":"https:\/\/ship-tracker.org\/#website","url":"https:\/\/ship-tracker.org\/","name":"Ship-tracker.org","description":"","potentialAction":[{"@type":"SearchAction","target":{"@type":"EntryPoint","urlTemplate":"https:\/\/ship-tracker.org\/?s={search_term_string}"},"query-input":{"@type":"PropertyValueSpecification","valueRequired":true,"valueName":"search_term_string"}}],"inLanguage":"nb-NO"}]}},"_links":{"self":[{"href":"https:\/\/ship-tracker.org\/nb\/wp-json\/wp\/v2\/pages\/6","targetHints":{"allow":["GET"]}}],"collection":[{"href":"https:\/\/ship-tracker.org\/nb\/wp-json\/wp\/v2\/pages"}],"about":[{"href":"https:\/\/ship-tracker.org\/nb\/wp-json\/wp\/v2\/types\/page"}],"author":[{"embeddable":true,"href":"https:\/\/ship-tracker.org\/nb\/wp-json\/wp\/v2\/users\/1"}],"replies":[{"embeddable":true,"href":"https:\/\/ship-tracker.org\/nb\/wp-json\/wp\/v2\/comments?post=6"}],"version-history":[{"count":3,"href":"https:\/\/ship-tracker.org\/nb\/wp-json\/wp\/v2\/pages\/6\/revisions"}],"predecessor-version":[{"id":9,"href":"https:\/\/ship-tracker.org\/nb\/wp-json\/wp\/v2\/pages\/6\/revisions\/9"}],"wp:attachment":[{"href":"https:\/\/ship-tracker.org\/nb\/wp-json\/wp\/v2\/media?parent=6"}],"curies":[{"name":"wp","href":"https:\/\/api.w.org\/{rel}","templated":true}]}}