{"id":567,"date":"2017-09-19T00:12:43","date_gmt":"2017-09-18T22:12:43","guid":{"rendered":"http:\/\/ship-tracker.org\/?page_id=567"},"modified":"2022-10-27T14:00:27","modified_gmt":"2022-10-27T12:00:27","slug":"crystal-ravel","status":"publish","type":"page","link":"https:\/\/ship-tracker.org\/nb\/crystal-ravel\/","title":{"rendered":"Krystall Ravel"},"content":{"rendered":"<p><script async src=\"https:\/\/pagead2.googlesyndication.com\/pagead\/js\/adsbygoogle.js\"><\/script><br \/>\n<!-- Ship-Tracker Display --><br \/>\n<ins class=\"adsbygoogle\" style=\"display: block;\" data-ad-client=\"ca-pub-1316785063791781\" data-ad-slot=\"8075999632\" data-ad-format=\"auto\" data-full-width-responsive=\"true\"><\/ins><br \/>\n<script>\n     (adsbygoogle = window.adsbygoogle || []).push({});\n<\/script><\/p>\n<h2><span style=\"color: #000000;\">N\u00e5v\u00e6rende plassering og <\/span><span style=\"color: #000000;\">plassering av Crystal Ravel<\/span><\/h2>\n<p>Hvor er den n\u00e5v\u00e6rende posisjonen til Crystal Ravel n\u00e5?<br \/>\n<script async src=\"https:\/\/pagead2.googlesyndication.com\/pagead\/js\/adsbygoogle.js\"><\/script><br \/>\n<!-- Schip-Tracker Linkanzeigen --><br \/>\n<ins class=\"adsbygoogle\" style=\"display: block;\" data-ad-client=\"ca-pub-1316785063791781\" data-ad-slot=\"3429004156\" data-ad-format=\"link\" data-full-width-responsive=\"true\"><\/ins><br \/>\n<script>\n     (adsbygoogle = window.adsbygoogle || []).push({});\n<\/script><br \/>\n<script type=\"text\/javascript\">var width=\"100%\";var height=\"400\";var mmsi=248377000;<\/script><script type=\"text\/javascript\" src=\"https:\/\/www.vesselfinder.com\/aismap.js\"><\/script><\/p>\n<p><script async src=\"https:\/\/pagead2.googlesyndication.com\/pagead\/js\/adsbygoogle.js\"><\/script><br \/>\n<!-- Ship-Tracker Display --><br \/>\n<ins class=\"adsbygoogle\" style=\"display: block;\" data-ad-client=\"ca-pub-1316785063791781\" data-ad-slot=\"8075999632\" data-ad-format=\"auto\" data-full-width-responsive=\"true\"><\/ins><br \/>\n<script>\n     (adsbygoogle = window.adsbygoogle || []).push({});\n<\/script><\/p>\n<p>Se Crystal Ravels n\u00e5v\u00e6rende posisjon. Posisjonen til Crystal Ravel kan bestemmes n\u00f8yaktig av kartene over Schiffsradar og MarineTraffic. S\u00e5 du er alltid godt informert om hvor favorittskipet ditt er for \u00f8yeblikket.<\/p>\n<h2 class=\"title\"><span style=\"color: #000000;\">Crystal Ravel gjennomgang og spesifikasjoner<\/span><\/h2>\n<table style=\"height: 294px;\" width=\"400\">\n<tbody>\n<tr>\n<td style=\"width: 192px;\"><span style=\"color: #000000;\"><strong>Flaggstat<\/strong><\/span><\/td>\n<td style=\"width: 192px;\"><span style=\"color: #000000;\">Tyskland<\/span><\/td>\n<\/tr>\n<tr>\n<td style=\"width: 192px;\"><span style=\"color: #000000;\"><strong>Bygge\u00e5r<\/strong><\/span><\/td>\n<td style=\"width: 192px;\"><span style=\"color: #000000;\">2017<\/span><\/td>\n<\/tr>\n<tr>\n<td style=\"width: 192px;\"><span style=\"color: #000000;\"><strong>Bygger<\/strong><\/span><\/td>\n<td style=\"width: 192px;\"><span style=\"color: #000000;\">MV Werften<\/span><\/td>\n<\/tr>\n<tr>\n<td style=\"width: 192px;\"><span style=\"color: #000000;\"><strong>Lengde<\/strong><\/span><\/td>\n<td style=\"width: 192px;\"><span style=\"color: #000000;\">135<span class=\"specificationUnit\">\u00a0m<\/span><br \/>\n<\/span><\/td>\n<\/tr>\n<tr>\n<td style=\"width: 192px;\"><span style=\"color: #000000;\"><strong>Str\u00e5le<\/strong><\/span><\/td>\n<td style=\"width: 192px;\"><span style=\"color: #000000;\">12<span class=\"specificationUnit\">\u00a0m<\/span><\/span><\/td>\n<\/tr>\n<tr>\n<td style=\"width: 192px;\"><span style=\"color: #000000;\"><strong>Bruttotonn<\/strong><\/span><\/td>\n<td style=\"width: 192px;\"><span style=\"color: #000000;\">5000<span class=\"specificationUnit\">\u00a0gt<\/span><\/span><\/td>\n<\/tr>\n<tr>\n<td style=\"width: 192px;\"><span style=\"color: #000000;\"><strong>Passasjerer<\/strong><\/span><\/td>\n<td style=\"width: 192px;\"><span style=\"color: #000000;\">169<\/span><\/td>\n<\/tr>\n<tr>\n<td style=\"width: 192px;\"><span style=\"color: #000000;\"><strong>Mannskap<\/strong><\/span><\/td>\n<td style=\"width: 192px;\"><span style=\"color: #000000;\">85<\/span><\/td>\n<\/tr>\n<tr>\n<td style=\"width: 192px;\"><span style=\"color: #000000;\"><strong>Dekk<\/strong>\u00a0<\/span><\/td>\n<td style=\"width: 192px;\"><span style=\"color: #000000;\">4<\/span><\/td>\n<\/tr>\n<tr>\n<td style=\"width: 192px;\"><span style=\"color: #000000;\"><strong>Hastighet<\/strong><\/span><\/td>\n<td style=\"width: 192px;\"><span style=\"color: #000000;\">12<span class=\"specificationUnit\">\u00a0kn<\/span><\/span><\/td>\n<\/tr>\n<tr>\n<td style=\"width: 192px;\"><span style=\"color: #000000;\"><strong><b>Fremdrift<\/b><\/strong><\/span><\/td>\n<td style=\"width: 192px;\"><span style=\"color: #000000;\">Diesel-elektrisk<\/span><\/td>\n<\/tr>\n<tr>\n<td style=\"width: 192px;\"><span style=\"color: #000000;\"><strong><b>Cruiserederi<\/b><\/strong><\/span><\/td>\n<td style=\"width: 192px;\"><a href=\"https:\/\/ship-tracker.org\/nb\/crystal-cruises\/\">Crystal Cruises<\/a><\/td>\n<\/tr>\n<\/tbody>\n<\/table>\n<p><script async src=\"https:\/\/pagead2.googlesyndication.com\/pagead\/js\/adsbygoogle.js\"><\/script><br \/>\n<!-- Schip-Tracker Linkanzeigen --><br \/>\n<ins class=\"adsbygoogle\" style=\"display: block;\" data-ad-client=\"ca-pub-1316785063791781\" data-ad-slot=\"3429004156\" data-ad-format=\"link\" data-full-width-responsive=\"true\"><\/ins><br \/>\n<script>\n     (adsbygoogle = window.adsbygoogle || []).push({});\n<\/script><br \/>\n<img loading=\"lazy\" decoding=\"async\" class=\"aligncenter wp-image-382 size-full\" src=\"https:\/\/ship-tracker.org\/wp-content\/uploads\/2017\/09\/cruise-1419799_640.jpg\" alt=\"Krystall Ravel\" width=\"640\" height=\"283\" srcset=\"https:\/\/ship-tracker.org\/wp-content\/uploads\/2017\/09\/cruise-1419799_640.jpg 640w, https:\/\/ship-tracker.org\/wp-content\/uploads\/2017\/09\/cruise-1419799_640-300x133.jpg 300w\" sizes=\"auto, (max-width: 640px) 100vw, 640px\" \/><\/p>\n<h3 class=\"title\">Crystal Cruises fl\u00e5te<\/h3>\n<ul>\n<li><a href=\"https:\/\/ship-tracker.org\/nb\/crystal-endeavor\/\">Crystal Endeavour<\/a><\/li>\n<li><a href=\"https:\/\/ship-tracker.org\/nb\/crystal-serenity\/\">Crystal Serenity<\/a><\/li>\n<li><a href=\"https:\/\/ship-tracker.org\/nb\/crystal-symphony\/\">Krystallsymfoni<\/a><\/li>\n<li><a href=\"https:\/\/ship-tracker.org\/nb\/crystal-esprit\/\">Crystal Esprit<\/a><\/li>\n<li><a href=\"https:\/\/ship-tracker.org\/nb\/crystal-debussy\/\">Crystal Debussy<\/a><\/li>\n<li><a href=\"https:\/\/ship-tracker.org\/nb\/crystal-bach\/\">Krystall Bach<\/a><\/li>\n<li><a href=\"https:\/\/ship-tracker.org\/nb\/crystal-mahler\/\">Krystall Mahler<\/a><\/li>\n<li><a href=\"https:\/\/ship-tracker.org\/nb\/crystal-mozart\/\">Krystall Mozart<\/a><\/li>\n<\/ul>","protected":false},"excerpt":{"rendered":"<p>Gjeldende plassering og posisjon for Crystal Ravel Hvor er Crystal Ravels n\u00e5v\u00e6rende posisjon? Se Crystal Ravels n\u00e5v\u00e6rende plassering. Crystal Ravels posisjon kan bestemmes n\u00f8yaktig av kartene til Skipsfart\u00f8y og MarineTraffic. S\u00e5 du er alltid godt informert om hvor favorittskipet ditt er for \u00f8yeblikket. Crystal Ravel anmeldelse og spesifikasjoner Flaggstat\u2026&nbsp;<a href=\"https:\/\/ship-tracker.org\/nb\/crystal-ravel\/\" rel=\"bookmark\">Les mer \u00bb<span class=\"screen-reader-text\">Krystall Ravel<\/span><\/a><\/p>","protected":false},"author":1,"featured_media":0,"parent":0,"menu_order":0,"comment_status":"closed","ping_status":"closed","template":"","meta":{"neve_meta_sidebar":"","neve_meta_container":"","neve_meta_enable_content_width":"","neve_meta_content_width":0,"neve_meta_title_alignment":"","neve_meta_author_avatar":"","neve_post_elements_order":"","neve_meta_disable_header":"","neve_meta_disable_footer":"","neve_meta_disable_title":"","neve_meta_reading_time":"","footnotes":""},"class_list":["post-567","page","type-page","status-publish","hentry"],"yoast_head":"<!-- This site is optimized with the Yoast SEO plugin v26.9 - https:\/\/yoast.com\/product\/yoast-seo-wordpress\/ -->\n<title>Crystal Ravel \u2503 Current location and position of Crystal Cruises<\/title>\n<meta name=\"description\" content=\"Crystal Ravel \u2693 Current location and position of Crystal Ravel \u2713 Cruise Ship Tracker \u2713 Live Ship Tracker \u2713 Webcam\" \/>\n<meta name=\"robots\" content=\"index, follow, max-snippet:-1, max-image-preview:large, max-video-preview:-1\" \/>\n<link rel=\"canonical\" href=\"https:\/\/ship-tracker.org\/nb\/crystal-ravel\/\" \/>\n<meta property=\"og:locale\" content=\"nb_NO\" \/>\n<meta property=\"og:type\" content=\"article\" \/>\n<meta property=\"og:title\" content=\"Crystal Ravel \u2503 Current location and position of Crystal Cruises\" \/>\n<meta property=\"og:description\" content=\"Crystal Ravel \u2693 Current location and position of Crystal Ravel \u2713 Cruise Ship Tracker \u2713 Live Ship Tracker \u2713 Webcam\" \/>\n<meta property=\"og:url\" content=\"https:\/\/ship-tracker.org\/nb\/crystal-ravel\/\" \/>\n<meta property=\"og:site_name\" content=\"Ship-tracker.org\" \/>\n<meta property=\"article:modified_time\" content=\"2022-10-27T12:00:27+00:00\" \/>\n<meta property=\"og:image\" content=\"https:\/\/ship-tracker.org\/wp-content\/uploads\/2017\/09\/cruise-1419799_640.jpg\" \/>\n<meta name=\"twitter:card\" content=\"summary_large_image\" \/>\n<meta name=\"twitter:label1\" content=\"Ansl. lesetid\" \/>\n\t<meta name=\"twitter:data1\" content=\"1 minutt\" \/>\n<script type=\"application\/ld+json\" class=\"yoast-schema-graph\">{\"@context\":\"https:\/\/schema.org\",\"@graph\":[{\"@type\":\"WebPage\",\"@id\":\"https:\/\/ship-tracker.org\/crystal-ravel\/\",\"url\":\"https:\/\/ship-tracker.org\/crystal-ravel\/\",\"name\":\"Crystal Ravel \u2503 Current location and position of Crystal Cruises\",\"isPartOf\":{\"@id\":\"https:\/\/ship-tracker.org\/#website\"},\"primaryImageOfPage\":{\"@id\":\"https:\/\/ship-tracker.org\/crystal-ravel\/#primaryimage\"},\"image\":{\"@id\":\"https:\/\/ship-tracker.org\/crystal-ravel\/#primaryimage\"},\"thumbnailUrl\":\"https:\/\/ship-tracker.org\/wp-content\/uploads\/2017\/09\/cruise-1419799_640.jpg\",\"datePublished\":\"2017-09-18T22:12:43+00:00\",\"dateModified\":\"2022-10-27T12:00:27+00:00\",\"description\":\"Crystal Ravel \u2693 Current location and position of Crystal Ravel \u2713 Cruise Ship Tracker \u2713 Live Ship Tracker \u2713 Webcam\",\"breadcrumb\":{\"@id\":\"https:\/\/ship-tracker.org\/crystal-ravel\/#breadcrumb\"},\"inLanguage\":\"nb-NO\",\"potentialAction\":[{\"@type\":\"ReadAction\",\"target\":[\"https:\/\/ship-tracker.org\/crystal-ravel\/\"]}]},{\"@type\":\"ImageObject\",\"inLanguage\":\"nb-NO\",\"@id\":\"https:\/\/ship-tracker.org\/crystal-ravel\/#primaryimage\",\"url\":\"https:\/\/ship-tracker.org\/wp-content\/uploads\/2017\/09\/cruise-1419799_640.jpg\",\"contentUrl\":\"https:\/\/ship-tracker.org\/wp-content\/uploads\/2017\/09\/cruise-1419799_640.jpg\"},{\"@type\":\"BreadcrumbList\",\"@id\":\"https:\/\/ship-tracker.org\/crystal-ravel\/#breadcrumb\",\"itemListElement\":[{\"@type\":\"ListItem\",\"position\":1,\"name\":\"Startseite\",\"item\":\"https:\/\/ship-tracker.org\/\"},{\"@type\":\"ListItem\",\"position\":2,\"name\":\"Crystal Ravel\"}]},{\"@type\":\"WebSite\",\"@id\":\"https:\/\/ship-tracker.org\/#website\",\"url\":\"https:\/\/ship-tracker.org\/\",\"name\":\"Ship-tracker.org\",\"description\":\"\",\"potentialAction\":[{\"@type\":\"SearchAction\",\"target\":{\"@type\":\"EntryPoint\",\"urlTemplate\":\"https:\/\/ship-tracker.org\/?s={search_term_string}\"},\"query-input\":{\"@type\":\"PropertyValueSpecification\",\"valueRequired\":true,\"valueName\":\"search_term_string\"}}],\"inLanguage\":\"nb-NO\"}]}<\/script>\n<!-- \/ Yoast SEO plugin. -->","yoast_head_json":{"title":"Crystal Ravel \u2503 N\u00e5v\u00e6rende plassering og posisjon til Crystal Cruises","description":"Crystal Ravel \u2693 N\u00e5v\u00e6rende plassering og posisjon til Crystal Ravel \u2713 Cruiseship Tracker \u2713 Live Ship Tracker \u2713 Webcam","robots":{"index":"index","follow":"follow","max-snippet":"max-snippet:-1","max-image-preview":"max-image-preview:large","max-video-preview":"max-video-preview:-1"},"canonical":"https:\/\/ship-tracker.org\/nb\/crystal-ravel\/","og_locale":"nb_NO","og_type":"article","og_title":"Crystal Ravel \u2503 Current location and position of Crystal Cruises","og_description":"Crystal Ravel \u2693 Current location and position of Crystal Ravel \u2713 Cruise Ship Tracker \u2713 Live Ship Tracker \u2713 Webcam","og_url":"https:\/\/ship-tracker.org\/nb\/crystal-ravel\/","og_site_name":"Ship-tracker.org","article_modified_time":"2022-10-27T12:00:27+00:00","og_image":[{"url":"https:\/\/ship-tracker.org\/wp-content\/uploads\/2017\/09\/cruise-1419799_640.jpg","type":"","width":"","height":""}],"twitter_card":"summary_large_image","twitter_misc":{"Ansl. lesetid":"1 minutt"},"schema":{"@context":"https:\/\/schema.org","@graph":[{"@type":"WebPage","@id":"https:\/\/ship-tracker.org\/crystal-ravel\/","url":"https:\/\/ship-tracker.org\/crystal-ravel\/","name":"Crystal Ravel \u2503 N\u00e5v\u00e6rende plassering og posisjon til Crystal Cruises","isPartOf":{"@id":"https:\/\/ship-tracker.org\/#website"},"primaryImageOfPage":{"@id":"https:\/\/ship-tracker.org\/crystal-ravel\/#primaryimage"},"image":{"@id":"https:\/\/ship-tracker.org\/crystal-ravel\/#primaryimage"},"thumbnailUrl":"https:\/\/ship-tracker.org\/wp-content\/uploads\/2017\/09\/cruise-1419799_640.jpg","datePublished":"2017-09-18T22:12:43+00:00","dateModified":"2022-10-27T12:00:27+00:00","description":"Crystal Ravel \u2693 N\u00e5v\u00e6rende plassering og posisjon til Crystal Ravel \u2713 Cruiseship Tracker \u2713 Live Ship Tracker \u2713 Webcam","breadcrumb":{"@id":"https:\/\/ship-tracker.org\/crystal-ravel\/#breadcrumb"},"inLanguage":"nb-NO","potentialAction":[{"@type":"ReadAction","target":["https:\/\/ship-tracker.org\/crystal-ravel\/"]}]},{"@type":"ImageObject","inLanguage":"nb-NO","@id":"https:\/\/ship-tracker.org\/crystal-ravel\/#primaryimage","url":"https:\/\/ship-tracker.org\/wp-content\/uploads\/2017\/09\/cruise-1419799_640.jpg","contentUrl":"https:\/\/ship-tracker.org\/wp-content\/uploads\/2017\/09\/cruise-1419799_640.jpg"},{"@type":"BreadcrumbList","@id":"https:\/\/ship-tracker.org\/crystal-ravel\/#breadcrumb","itemListElement":[{"@type":"ListItem","position":1,"name":"Startseite","item":"https:\/\/ship-tracker.org\/"},{"@type":"ListItem","position":2,"name":"Crystal Ravel"}]},{"@type":"WebSite","@id":"https:\/\/ship-tracker.org\/#website","url":"https:\/\/ship-tracker.org\/","name":"Ship-tracker.org","description":"","potentialAction":[{"@type":"SearchAction","target":{"@type":"EntryPoint","urlTemplate":"https:\/\/ship-tracker.org\/?s={search_term_string}"},"query-input":{"@type":"PropertyValueSpecification","valueRequired":true,"valueName":"search_term_string"}}],"inLanguage":"nb-NO"}]}},"_links":{"self":[{"href":"https:\/\/ship-tracker.org\/nb\/wp-json\/wp\/v2\/pages\/567","targetHints":{"allow":["GET"]}}],"collection":[{"href":"https:\/\/ship-tracker.org\/nb\/wp-json\/wp\/v2\/pages"}],"about":[{"href":"https:\/\/ship-tracker.org\/nb\/wp-json\/wp\/v2\/types\/page"}],"author":[{"embeddable":true,"href":"https:\/\/ship-tracker.org\/nb\/wp-json\/wp\/v2\/users\/1"}],"replies":[{"embeddable":true,"href":"https:\/\/ship-tracker.org\/nb\/wp-json\/wp\/v2\/comments?post=567"}],"version-history":[{"count":6,"href":"https:\/\/ship-tracker.org\/nb\/wp-json\/wp\/v2\/pages\/567\/revisions"}],"predecessor-version":[{"id":2310,"href":"https:\/\/ship-tracker.org\/nb\/wp-json\/wp\/v2\/pages\/567\/revisions\/2310"}],"wp:attachment":[{"href":"https:\/\/ship-tracker.org\/nb\/wp-json\/wp\/v2\/media?parent=567"}],"curies":[{"name":"wp","href":"https:\/\/api.w.org\/{rel}","templated":true}]}}