{"id":515,"date":"2017-09-18T16:56:14","date_gmt":"2017-09-18T14:56:14","guid":{"rendered":"http:\/\/ship-tracker.org\/?page_id=515"},"modified":"2022-10-27T13:54:36","modified_gmt":"2022-10-27T11:54:36","slug":"msc-bellissima","status":"publish","type":"page","link":"https:\/\/ship-tracker.org\/nb\/msc-bellissima\/","title":{"rendered":"MSC Bellissima"},"content":{"rendered":"<p><script async src=\"https:\/\/pagead2.googlesyndication.com\/pagead\/js\/adsbygoogle.js\"><\/script><br \/>\n<!-- Ship-Tracker Display --><br \/>\n<ins class=\"adsbygoogle\" style=\"display: block;\" data-ad-client=\"ca-pub-1316785063791781\" data-ad-slot=\"8075999632\" data-ad-format=\"auto\" data-full-width-responsive=\"true\"><\/ins><br \/>\n<script>\n     (adsbygoogle = window.adsbygoogle || []).push({});\n<\/script><\/p>\n<h2><span style=\"color: #000000;\">N\u00e5v\u00e6rende plassering og <\/span><span style=\"color: #000000;\">stillingen til MSC Bellissima<\/span><\/h2>\n<p>Hvor er den n\u00e5v\u00e6rende stillingen til MSC Bellissima for tiden?<br \/>\n<script async src=\"https:\/\/pagead2.googlesyndication.com\/pagead\/js\/adsbygoogle.js\"><\/script><br \/>\n<!-- Schip-Tracker Linkanzeigen --><br \/>\n<ins class=\"adsbygoogle\" style=\"display: block;\" data-ad-client=\"ca-pub-1316785063791781\" data-ad-slot=\"3429004156\" data-ad-format=\"link\" data-full-width-responsive=\"true\"><\/ins><br \/>\n<script>\n     (adsbygoogle = window.adsbygoogle || []).push({});\n<\/script><br \/>\n<script type=\"text\/javascript\">var width=\"100%\";var height=\"400\";var mmsi=248992000;<\/script><script type=\"text\/javascript\" src=\"https:\/\/www.vesselfinder.com\/aismap.js\"><\/script><\/p>\n<p><script async src=\"https:\/\/pagead2.googlesyndication.com\/pagead\/js\/adsbygoogle.js\"><\/script><br \/>\n<!-- Ship-Tracker Display --><br \/>\n<ins class=\"adsbygoogle\" style=\"display: block;\" data-ad-client=\"ca-pub-1316785063791781\" data-ad-slot=\"8075999632\" data-ad-format=\"auto\" data-full-width-responsive=\"true\"><\/ins><br \/>\n<script>\n     (adsbygoogle = window.adsbygoogle || []).push({});\n<\/script><\/p>\n<p>Se MSC Bellissimas n\u00e5v\u00e6rende posisjon. Posisjonen til MSC Bellissima kan bestemmes n\u00f8yaktig av kartene over Schiffsiff og MarineTraffic. S\u00e5 du er alltid godt informert om hvor favorittskipet ditt er for \u00f8yeblikket.<\/p>\n<h2 class=\"title\"><span style=\"color: #000000;\">MSC Bellissima gjennomgang og spesifikasjoner<\/span><\/h2>\n<table style=\"height: 294px;\" width=\"400\">\n<tbody>\n<tr>\n<td style=\"width: 192px;\"><strong><span style=\"color: #000000;\">Klasse<\/span><\/strong><\/td>\n<td style=\"width: 192px;\"><span style=\"color: #000000;\">Meraviglia<\/span><\/td>\n<\/tr>\n<tr>\n<td style=\"width: 192px;\"><strong><span style=\"color: #000000;\">Bygge\u00e5r<\/span><\/strong><\/td>\n<td style=\"width: 192px;\"><span style=\"color: #000000;\">2019<\/span><\/td>\n<\/tr>\n<tr>\n<td style=\"width: 192px;\"><strong><span style=\"color: #000000;\">Bygger<\/span><\/strong><\/td>\n<td style=\"width: 192px;\"><span style=\"color: #000000;\">St Nazaire, Frankrike<\/span><\/td>\n<\/tr>\n<tr>\n<td style=\"width: 192px;\"><strong><span style=\"color: #000000;\">Lengde<\/span><\/strong><\/td>\n<td style=\"width: 192px;\"><span style=\"color: #000000;\">315<span class=\"specificationUnit\">\u00a0m<\/span>\u00a0<\/span><\/td>\n<\/tr>\n<tr>\n<td style=\"width: 192px;\"><strong><span style=\"color: #000000;\">Str\u00e5le<\/span><\/strong><\/td>\n<td style=\"width: 192px;\"><span style=\"color: #000000;\">43<span class=\"specificationUnit\">\u00a0m<\/span><\/span><\/td>\n<\/tr>\n<tr>\n<td style=\"width: 192px;\"><strong><span style=\"color: #000000;\">Bruttotonn<\/span><\/strong><\/td>\n<td style=\"width: 192px;\"><span style=\"color: #000000;\">171598<span class=\"specificationUnit\">\u00a0gt<\/span><\/span><\/td>\n<\/tr>\n<tr>\n<td style=\"width: 192px;\"><strong><span style=\"color: #000000;\">Passasjerer<\/span><\/strong><\/td>\n<td style=\"width: 192px;\"><span style=\"color: #000000;\">5714<\/span><\/td>\n<\/tr>\n<tr>\n<td style=\"width: 192px;\"><strong><span style=\"color: #000000;\">Mannskap<\/span><\/strong><\/td>\n<td style=\"width: 192px;\"><span style=\"color: #000000;\">1400<\/span><\/td>\n<\/tr>\n<tr>\n<td style=\"width: 192px;\"><strong><span style=\"color: #000000;\">Dekk\u00a0<\/span><\/strong><\/td>\n<td style=\"width: 192px;\"><span style=\"color: #000000;\">18<\/span><\/td>\n<\/tr>\n<tr>\n<td style=\"width: 192px;\"><strong><span style=\"color: #000000;\">Hastighet<\/span><\/strong><\/td>\n<td style=\"width: 192px;\"><span style=\"color: #000000;\">23<span class=\"specificationUnit\">\u00a0kn<\/span><\/span><\/td>\n<\/tr>\n<tr>\n<td style=\"width: 192px;\"><strong><span style=\"color: #000000;\">Hytter<\/span><\/strong><\/td>\n<td style=\"width: 192px;\"><span style=\"color: #000000;\">2244<\/span><\/td>\n<\/tr>\n<tr>\n<td style=\"width: 192px;\"><strong><span style=\"color: #000000;\">Fremdrift<\/span><\/strong><\/td>\n<td style=\"width: 192px;\"><span style=\"color: #000000;\">Diesel-elektrisk<\/span><\/td>\n<\/tr>\n<tr>\n<td style=\"width: 192px;\"><strong><span style=\"color: #000000;\">Eieren<\/span><\/strong><\/td>\n<td style=\"width: 192px;\"><a href=\"https:\/\/ship-tracker.org\/nb\/msc-cruises\/\">MSC Cruises<\/a><\/td>\n<\/tr>\n<\/tbody>\n<\/table>\n<p><img loading=\"lazy\" decoding=\"async\" class=\"aligncenter wp-image-382 size-full\" src=\"https:\/\/ship-tracker.org\/wp-content\/uploads\/2017\/09\/cruise-1419799_640.jpg\" alt=\"MSC Bellissima\" width=\"640\" height=\"283\" srcset=\"https:\/\/ship-tracker.org\/wp-content\/uploads\/2017\/09\/cruise-1419799_640.jpg 640w, https:\/\/ship-tracker.org\/wp-content\/uploads\/2017\/09\/cruise-1419799_640-300x133.jpg 300w\" sizes=\"auto, (max-width: 640px) 100vw, 640px\" \/><\/p>\n<h3 class=\"title\">MSC Cruises fl\u00e5te<\/h3>\n<ul>\n<li><a href=\"https:\/\/ship-tracker.org\/nb\/msc-europa\/\">MSC Europa<\/a><\/li>\n<li><a href=\"https:\/\/ship-tracker.org\/nb\/msc-seashore\/\">MSC Seashore<\/a><\/li>\n<li><a href=\"https:\/\/ship-tracker.org\/nb\/msc-virtuosa\/\">MSC Virtuosa<\/a><\/li>\n<li><a href=\"https:\/\/ship-tracker.org\/nb\/msc-grandiosa\/\">MSC Grandiosa<\/a><\/li>\n<li><a href=\"https:\/\/ship-tracker.org\/nb\/msc-seaview\/\">MSC Seaview<\/a><\/li>\n<li><a href=\"https:\/\/ship-tracker.org\/nb\/msc-meraviglia\/\">MSC Meraviglia<\/a><\/li>\n<li><a href=\"https:\/\/ship-tracker.org\/nb\/msc-seaside\/\">MSC Seaside<\/a><\/li>\n<li><a href=\"https:\/\/ship-tracker.org\/nb\/msc-preziosa\/\">MSC Preziosa<\/a><\/li>\n<li><a href=\"https:\/\/ship-tracker.org\/nb\/msc-divina\/\">MSC Divina<\/a><\/li>\n<li><a href=\"https:\/\/ship-tracker.org\/nb\/msc-magnifica\/\">MSC Magnifica<\/a><\/li>\n<li><a href=\"https:\/\/ship-tracker.org\/nb\/msc-splendida\/\">MSC Splendida<\/a><\/li>\n<li><a href=\"https:\/\/ship-tracker.org\/nb\/msc-poesia\/\">MSC Poesia<\/a><\/li>\n<li><a href=\"https:\/\/ship-tracker.org\/nb\/msc-fantasia\/\">MSC Fantasia<\/a><\/li>\n<li><a href=\"https:\/\/ship-tracker.org\/nb\/msc-orchestra\/\">MSC orkester<\/a><\/li>\n<li><a href=\"https:\/\/ship-tracker.org\/nb\/msc-musica\/\">MSC Musica<\/a><\/li>\n<li><a href=\"https:\/\/ship-tracker.org\/nb\/msc-opera\/\">MSC Opera<\/a><\/li>\n<li><a href=\"https:\/\/ship-tracker.org\/nb\/msc-lirica\/\">MSC Lirica<\/a><\/li>\n<li><a href=\"https:\/\/ship-tracker.org\/nb\/msc-sinfonia\/\">MSC Sinfonia<\/a><\/li>\n<li><a href=\"https:\/\/ship-tracker.org\/nb\/msc-armonia\/\">MSC Armonia<\/a><\/li>\n<\/ul>\n<p><script async src=\"https:\/\/pagead2.googlesyndication.com\/pagead\/js\/adsbygoogle.js\"><\/script><br \/>\n<!-- Schip-Tracker Linkanzeigen --><br \/>\n<ins class=\"adsbygoogle\" style=\"display: block;\" data-ad-client=\"ca-pub-1316785063791781\" data-ad-slot=\"3429004156\" data-ad-format=\"link\" data-full-width-responsive=\"true\"><\/ins><br \/>\n<script>\n     (adsbygoogle = window.adsbygoogle || []).push({});\n<\/script><\/p>\n<h4><span style=\"color: #000000;\">MSC Bellissima-video<\/span><\/h4>\n<div class=\"su-youtube su-u-responsive-media-yes\"><iframe loading=\"lazy\" width=\"600\" height=\"400\" src=\"https:\/\/www.youtube.com\/embed\/9a3r24AL_F0?\" frameborder=\"0\" allowfullscreen allow=\"autoplay; encrypted-media; picture-in-picture\" title=\"\"><\/iframe><\/div>","protected":false},"excerpt":{"rendered":"<p>N\u00e5v\u00e6rende plassering og posisjon for MSC Bellissima Hvor er MSC Bellissimas n\u00e5v\u00e6rende posisjon? Se MSC Bellissimas n\u00e5v\u00e6rende plassering. MSC Bellissimas posisjon kan bestemmes n\u00f8yaktig av kartene til Skipsfart\u00f8yet og MarineTraffic. S\u00e5 du er alltid godt informert om hvor favorittskipet ditt befinner seg for \u00f8yeblikket. MSC Bellissima-anmeldelse og spesifikasjoner Klasse Meraviglia\u2026&nbsp;<a href=\"https:\/\/ship-tracker.org\/nb\/msc-bellissima\/\" rel=\"bookmark\">Les mer \u00bb<span class=\"screen-reader-text\">MSC Bellissima<\/span><\/a><\/p>","protected":false},"author":1,"featured_media":0,"parent":0,"menu_order":0,"comment_status":"closed","ping_status":"closed","template":"","meta":{"neve_meta_sidebar":"","neve_meta_container":"","neve_meta_enable_content_width":"","neve_meta_content_width":0,"neve_meta_title_alignment":"","neve_meta_author_avatar":"","neve_post_elements_order":"","neve_meta_disable_header":"","neve_meta_disable_footer":"","neve_meta_disable_title":"","neve_meta_reading_time":"","footnotes":""},"class_list":["post-515","page","type-page","status-publish","hentry"],"yoast_head":"<!-- This site is optimized with the Yoast SEO plugin v26.9 - https:\/\/yoast.com\/product\/yoast-seo-wordpress\/ -->\n<title>MSC Bellissima \u2503 Current location and position of MSC Cruises<\/title>\n<meta name=\"description\" content=\"MSC Bellissima \u2693 Current location and position of MSC Bellissima \u2713 Cruise Ship Tracker \u2713 Live Ship Tracker \u2713 Webcam\" \/>\n<meta name=\"robots\" content=\"index, follow, max-snippet:-1, max-image-preview:large, max-video-preview:-1\" \/>\n<link rel=\"canonical\" href=\"https:\/\/ship-tracker.org\/nb\/msc-bellissima\/\" \/>\n<meta property=\"og:locale\" content=\"nb_NO\" \/>\n<meta property=\"og:type\" content=\"article\" \/>\n<meta property=\"og:title\" content=\"MSC Bellissima \u2503 Current location and position of MSC Cruises\" \/>\n<meta property=\"og:description\" content=\"MSC Bellissima \u2693 Current location and position of MSC Bellissima \u2713 Cruise Ship Tracker \u2713 Live Ship Tracker \u2713 Webcam\" \/>\n<meta property=\"og:url\" content=\"https:\/\/ship-tracker.org\/nb\/msc-bellissima\/\" \/>\n<meta property=\"og:site_name\" content=\"Ship-tracker.org\" \/>\n<meta property=\"article:modified_time\" content=\"2022-10-27T11:54:36+00:00\" \/>\n<meta property=\"og:image\" content=\"https:\/\/ship-tracker.org\/wp-content\/uploads\/2017\/09\/cruise-1419799_640.jpg\" \/>\n<meta name=\"twitter:card\" content=\"summary_large_image\" \/>\n<meta name=\"twitter:label1\" content=\"Ansl. lesetid\" \/>\n\t<meta name=\"twitter:data1\" content=\"1 minutt\" \/>\n<script type=\"application\/ld+json\" class=\"yoast-schema-graph\">{\"@context\":\"https:\/\/schema.org\",\"@graph\":[{\"@type\":\"WebPage\",\"@id\":\"https:\/\/ship-tracker.org\/msc-bellissima\/\",\"url\":\"https:\/\/ship-tracker.org\/msc-bellissima\/\",\"name\":\"MSC Bellissima \u2503 Current location and position of MSC Cruises\",\"isPartOf\":{\"@id\":\"https:\/\/ship-tracker.org\/#website\"},\"primaryImageOfPage\":{\"@id\":\"https:\/\/ship-tracker.org\/msc-bellissima\/#primaryimage\"},\"image\":{\"@id\":\"https:\/\/ship-tracker.org\/msc-bellissima\/#primaryimage\"},\"thumbnailUrl\":\"https:\/\/ship-tracker.org\/wp-content\/uploads\/2017\/09\/cruise-1419799_640.jpg\",\"datePublished\":\"2017-09-18T14:56:14+00:00\",\"dateModified\":\"2022-10-27T11:54:36+00:00\",\"description\":\"MSC Bellissima \u2693 Current location and position of MSC Bellissima \u2713 Cruise Ship Tracker \u2713 Live Ship Tracker \u2713 Webcam\",\"breadcrumb\":{\"@id\":\"https:\/\/ship-tracker.org\/msc-bellissima\/#breadcrumb\"},\"inLanguage\":\"nb-NO\",\"potentialAction\":[{\"@type\":\"ReadAction\",\"target\":[\"https:\/\/ship-tracker.org\/msc-bellissima\/\"]}]},{\"@type\":\"ImageObject\",\"inLanguage\":\"nb-NO\",\"@id\":\"https:\/\/ship-tracker.org\/msc-bellissima\/#primaryimage\",\"url\":\"https:\/\/ship-tracker.org\/wp-content\/uploads\/2017\/09\/cruise-1419799_640.jpg\",\"contentUrl\":\"https:\/\/ship-tracker.org\/wp-content\/uploads\/2017\/09\/cruise-1419799_640.jpg\"},{\"@type\":\"BreadcrumbList\",\"@id\":\"https:\/\/ship-tracker.org\/msc-bellissima\/#breadcrumb\",\"itemListElement\":[{\"@type\":\"ListItem\",\"position\":1,\"name\":\"Startseite\",\"item\":\"https:\/\/ship-tracker.org\/\"},{\"@type\":\"ListItem\",\"position\":2,\"name\":\"MSC Bellissima\"}]},{\"@type\":\"WebSite\",\"@id\":\"https:\/\/ship-tracker.org\/#website\",\"url\":\"https:\/\/ship-tracker.org\/\",\"name\":\"Ship-tracker.org\",\"description\":\"\",\"potentialAction\":[{\"@type\":\"SearchAction\",\"target\":{\"@type\":\"EntryPoint\",\"urlTemplate\":\"https:\/\/ship-tracker.org\/?s={search_term_string}\"},\"query-input\":{\"@type\":\"PropertyValueSpecification\",\"valueRequired\":true,\"valueName\":\"search_term_string\"}}],\"inLanguage\":\"nb-NO\"}]}<\/script>\n<!-- \/ Yoast SEO plugin. -->","yoast_head_json":{"title":"MSC Bellissima \u2503 N\u00e5v\u00e6rende plassering og posisjon til MSC Cruises","description":"MSC Bellissima \u2693 N\u00e5v\u00e6rende plassering og posisjon til MSC Bellissima \u2713 Cruiseship Tracker \u2713 Live Ship Tracker \u2713 Webcam","robots":{"index":"index","follow":"follow","max-snippet":"max-snippet:-1","max-image-preview":"max-image-preview:large","max-video-preview":"max-video-preview:-1"},"canonical":"https:\/\/ship-tracker.org\/nb\/msc-bellissima\/","og_locale":"nb_NO","og_type":"article","og_title":"MSC Bellissima \u2503 Current location and position of MSC Cruises","og_description":"MSC Bellissima \u2693 Current location and position of MSC Bellissima \u2713 Cruise Ship Tracker \u2713 Live Ship Tracker \u2713 Webcam","og_url":"https:\/\/ship-tracker.org\/nb\/msc-bellissima\/","og_site_name":"Ship-tracker.org","article_modified_time":"2022-10-27T11:54:36+00:00","og_image":[{"url":"https:\/\/ship-tracker.org\/wp-content\/uploads\/2017\/09\/cruise-1419799_640.jpg","type":"","width":"","height":""}],"twitter_card":"summary_large_image","twitter_misc":{"Ansl. lesetid":"1 minutt"},"schema":{"@context":"https:\/\/schema.org","@graph":[{"@type":"WebPage","@id":"https:\/\/ship-tracker.org\/msc-bellissima\/","url":"https:\/\/ship-tracker.org\/msc-bellissima\/","name":"MSC Bellissima \u2503 N\u00e5v\u00e6rende plassering og posisjon til MSC Cruises","isPartOf":{"@id":"https:\/\/ship-tracker.org\/#website"},"primaryImageOfPage":{"@id":"https:\/\/ship-tracker.org\/msc-bellissima\/#primaryimage"},"image":{"@id":"https:\/\/ship-tracker.org\/msc-bellissima\/#primaryimage"},"thumbnailUrl":"https:\/\/ship-tracker.org\/wp-content\/uploads\/2017\/09\/cruise-1419799_640.jpg","datePublished":"2017-09-18T14:56:14+00:00","dateModified":"2022-10-27T11:54:36+00:00","description":"MSC Bellissima \u2693 N\u00e5v\u00e6rende plassering og posisjon til MSC Bellissima \u2713 Cruiseship Tracker \u2713 Live Ship Tracker \u2713 Webcam","breadcrumb":{"@id":"https:\/\/ship-tracker.org\/msc-bellissima\/#breadcrumb"},"inLanguage":"nb-NO","potentialAction":[{"@type":"ReadAction","target":["https:\/\/ship-tracker.org\/msc-bellissima\/"]}]},{"@type":"ImageObject","inLanguage":"nb-NO","@id":"https:\/\/ship-tracker.org\/msc-bellissima\/#primaryimage","url":"https:\/\/ship-tracker.org\/wp-content\/uploads\/2017\/09\/cruise-1419799_640.jpg","contentUrl":"https:\/\/ship-tracker.org\/wp-content\/uploads\/2017\/09\/cruise-1419799_640.jpg"},{"@type":"BreadcrumbList","@id":"https:\/\/ship-tracker.org\/msc-bellissima\/#breadcrumb","itemListElement":[{"@type":"ListItem","position":1,"name":"Startseite","item":"https:\/\/ship-tracker.org\/"},{"@type":"ListItem","position":2,"name":"MSC Bellissima"}]},{"@type":"WebSite","@id":"https:\/\/ship-tracker.org\/#website","url":"https:\/\/ship-tracker.org\/","name":"Ship-tracker.org","description":"","potentialAction":[{"@type":"SearchAction","target":{"@type":"EntryPoint","urlTemplate":"https:\/\/ship-tracker.org\/?s={search_term_string}"},"query-input":{"@type":"PropertyValueSpecification","valueRequired":true,"valueName":"search_term_string"}}],"inLanguage":"nb-NO"}]}},"_links":{"self":[{"href":"https:\/\/ship-tracker.org\/nb\/wp-json\/wp\/v2\/pages\/515","targetHints":{"allow":["GET"]}}],"collection":[{"href":"https:\/\/ship-tracker.org\/nb\/wp-json\/wp\/v2\/pages"}],"about":[{"href":"https:\/\/ship-tracker.org\/nb\/wp-json\/wp\/v2\/types\/page"}],"author":[{"embeddable":true,"href":"https:\/\/ship-tracker.org\/nb\/wp-json\/wp\/v2\/users\/1"}],"replies":[{"embeddable":true,"href":"https:\/\/ship-tracker.org\/nb\/wp-json\/wp\/v2\/comments?post=515"}],"version-history":[{"count":6,"href":"https:\/\/ship-tracker.org\/nb\/wp-json\/wp\/v2\/pages\/515\/revisions"}],"predecessor-version":[{"id":2293,"href":"https:\/\/ship-tracker.org\/nb\/wp-json\/wp\/v2\/pages\/515\/revisions\/2293"}],"wp:attachment":[{"href":"https:\/\/ship-tracker.org\/nb\/wp-json\/wp\/v2\/media?parent=515"}],"curies":[{"name":"wp","href":"https:\/\/api.w.org\/{rel}","templated":true}]}}