{"id":4458,"date":"2023-08-13T02:23:48","date_gmt":"2023-08-13T00:23:48","guid":{"rendered":"https:\/\/ship-tracker.org\/?page_id=4458"},"modified":"2024-02-03T18:58:06","modified_gmt":"2024-02-03T17:58:06","slug":"icon-of-the-seas","status":"publish","type":"page","link":"https:\/\/ship-tracker.org\/nb\/icon-of-the-seas\/","title":{"rendered":"Ikon av havet"},"content":{"rendered":"<h2><span style=\"color: #000000;\">N\u00e5v\u00e6rende plassering og <\/span><span style=\"color: #000000;\">plassering av Icon Of The Seas<\/span><\/h2>\n<p>Hvor er den n\u00e5v\u00e6rende posisjonen til Icon Of The Seas for tiden?<\/p>\n<p><script type=\"text\/javascript\">\n  var width=\"100%\";var height=\"400\";\n  var mmsi=311001178;\n<\/script><script type=\"text\/javascript\" src=\"https:\/\/www.vesselfinder.com\/aismap.js\"><\/script><\/p>\n<p>Vis Icon Of The Seas n\u00e5v\u00e6rende plassering. Posisjonen til Icon Of The Seas kan bestemmes n\u00f8yaktig av kartene over Schiffsradar og MarineTraffic. S\u00e5 du er alltid godt informert om hvor favorittskipet ditt er for \u00f8yeblikket.<\/p>\n<h2 class=\"title\"><span style=\"color: #000000;\">Icon Of The Seas gjennomgang og spesifikasjoner<\/span><\/h2>\n<table>\n<tbody>\n<tr style=\"height: 24px;\">\n<td style=\"width: 192px; height: 24px;\"><strong><span style=\"color: #000000;\">Bygge\u00e5r<\/span><\/strong><\/td>\n<td style=\"width: 192px; height: 24px;\">2023<\/td>\n<\/tr>\n<tr style=\"height: 24px;\">\n<td style=\"width: 192px; height: 24px;\"><strong><span style=\"color: #000000;\">Bygger<\/span><\/strong><\/td>\n<td style=\"width: 192px; height: 24px;\"><span style=\"color: #000000;\">Meyer Werft Turku\u00a0<\/span><\/td>\n<\/tr>\n<tr>\n<td style=\"width: 192px;\"><strong>Skipstype<span style=\"color: #000000;\"><br \/>\n<\/span><\/strong><\/td>\n<td style=\"width: 192px;\"><span style=\"color: #000000;\">Passasjerskip (Cruise).<\/span><\/td>\n<\/tr>\n<tr style=\"height: 24px;\">\n<td style=\"width: 192px; height: 24px;\"><strong><span style=\"color: #000000;\">Klasse<\/span><\/strong><\/td>\n<td style=\"width: 192px; height: 24px;\"><span style=\"color: #000000;\">RCI-IKON<\/span><\/td>\n<\/tr>\n<tr>\n<td style=\"width: 192px;\"><strong>Kallesignal<span style=\"color: #000000;\"><br \/>\n<\/span><\/strong><\/td>\n<td style=\"width: 192px;\"><span style=\"color: #000000;\">C6FU5<\/span><\/td>\n<\/tr>\n<tr>\n<td style=\"width: 192px;\"><strong><span style=\"color: #000000;\">Flagg<\/span><\/strong><\/td>\n<td style=\"width: 192px;\"><span style=\"color: #000000;\">Bahamas<\/span><\/td>\n<\/tr>\n<tr style=\"height: 24px;\">\n<td style=\"width: 192px; height: 24px;\"><strong><span style=\"color: #000000;\">Bruttotonn<\/span><\/strong><\/td>\n<td style=\"width: 192px; height: 24px;\"><span style=\"color: #000000;\"><span class=\"specificationUnit\">250800 gt<\/span><\/span><\/td>\n<\/tr>\n<tr style=\"height: 24px;\">\n<td style=\"width: 192px; height: 24px;\"><strong><span style=\"color: #000000;\">Passasjerer<\/span><\/strong><\/td>\n<td style=\"width: 192px; height: 24px;\">7600<\/td>\n<\/tr>\n<tr style=\"height: 24px;\">\n<td style=\"width: 192px; height: 24px;\"><strong><span style=\"color: #000000;\">Mannskap<\/span><\/strong><\/td>\n<td style=\"width: 192px; height: 24px;\">2805<\/td>\n<\/tr>\n<tr>\n<td style=\"width: 192px;\"><strong><span style=\"color: #000000;\">Hytter <\/span><\/strong><\/td>\n<td style=\"width: 192px;\">2805<\/td>\n<\/tr>\n<tr>\n<td style=\"width: 192px;\"><strong><span style=\"color: #000000;\">Dekk med lugarer<\/span><\/strong><\/td>\n<td style=\"width: 192px;\">12<\/td>\n<\/tr>\n<tr style=\"height: 24px;\">\n<td style=\"width: 192px; height: 24px;\"><strong><span style=\"color: #000000;\">Dekk<\/span><\/strong><\/td>\n<td style=\"width: 192px; height: 24px;\"><span style=\"color: #000000;\">19<\/span><\/td>\n<\/tr>\n<tr style=\"height: 24px;\">\n<td style=\"width: 192px; height: 24px;\"><strong><span style=\"color: #000000;\">Hastighet<\/span><\/strong><\/td>\n<td style=\"width: 192px; height: 24px;\"><span style=\"color: #000000;\">22<span class=\"specificationUnit\">\u00a0kn<\/span><\/span><\/td>\n<\/tr>\n<tr style=\"height: 24px;\">\n<td style=\"width: 192px; height: 24px;\"><strong><span style=\"color: #000000;\">Lengde<\/span><\/strong><\/td>\n<td style=\"width: 192px; height: 24px;\"><span style=\"color: #000000;\"><span class=\"specificationUnit\">365 m<\/span><\/span><\/td>\n<\/tr>\n<tr style=\"height: 24px;\">\n<td style=\"width: 192px; height: 24px;\"><strong><span style=\"color: #000000;\">Str\u00e5le<\/span><\/strong><\/td>\n<td style=\"width: 192px; height: 24px;\"><span style=\"color: #000000;\">65 m<\/span><\/td>\n<\/tr>\n<tr style=\"height: 24px;\">\n<td style=\"width: 192px; height: 24px;\"><span style=\"color: #000000;\"><strong><b>Eieren<\/b><\/strong><\/span><\/td>\n<td style=\"width: 192px; height: 24px;\"><a href=\"https:\/\/ship-tracker.org\/nb\/royal-caribbean\/\">Royal Caribbean\u00a0<\/a><\/td>\n<\/tr>\n<tr>\n<td style=\"width: 192px;\"><span style=\"color: #000000;\"><strong><b>IMO<\/b><\/strong><\/span><\/td>\n<td style=\"width: 192px;\">9829930<\/td>\n<\/tr>\n<tr>\n<td style=\"width: 192px;\"><span style=\"color: #000000;\"><strong><b>MMSI<\/b><\/strong><\/span><\/td>\n<td style=\"width: 192px;\">311001178<\/td>\n<\/tr>\n<\/tbody>\n<\/table>\n<figure id=\"attachment_16882\" aria-describedby=\"caption-attachment-16882\" style=\"width: 1024px\" class=\"wp-caption aligncenter\"><img loading=\"lazy\" decoding=\"async\" class=\"wp-image-16882 size-full\" src=\"https:\/\/schiffsradar.org\/wp-content\/uploads\/2020\/02\/wonder-of-the-seas-name-reveal-asset-1024x683-1.jpg\" alt=\"Ikon av havet\" width=\"1024\" height=\"683\" \/><figcaption id=\"caption-attachment-16882\" class=\"wp-caption-text\">\u00a9 Royal Caribbean<\/figcaption><\/figure>\n<h3 class=\"title\">Royal Caribbean-fl\u00e5ten<\/h3>\n<ul>\n<li><a href=\"https:\/\/ship-tracker.org\/nb\/odyssey-of-the-seas\/\">Odyssey of the Seas<\/a><\/li>\n<li><a href=\"https:\/\/ship-tracker.org\/nb\/spectrum-of-the-seas\/\">Spektrum av havet<\/a><\/li>\n<li><a href=\"https:\/\/ship-tracker.org\/nb\/symphony-of-the-seas\/\">Symphony of the Seas<\/a><\/li>\n<li><a href=\"https:\/\/ship-tracker.org\/nb\/ovation-of-the-seas\/\">Ovation Of The Seas<\/a><\/li>\n<li><a href=\"https:\/\/ship-tracker.org\/nb\/harmony-of-the-seas\/\">Havets harmoni<\/a><\/li>\n<li><a href=\"https:\/\/ship-tracker.org\/nb\/anthem-of-the-seas\/\">Anthem of the Seas<\/a><\/li>\n<li><a href=\"https:\/\/ship-tracker.org\/nb\/quantum-of-the-seas\/\">Quantum Of The Seas<\/a><\/li>\n<li><a href=\"https:\/\/ship-tracker.org\/nb\/allure-of-the-seas\/\">Allure Of The Seas<\/a><\/li>\n<li><a href=\"https:\/\/ship-tracker.org\/nb\/oasis-of-the-seas\/\">Oase of the Seas<\/a><\/li>\n<li><a href=\"https:\/\/ship-tracker.org\/nb\/independence-of-the-seas\/\">Independence Of The Seas<\/a><\/li>\n<li><a href=\"https:\/\/ship-tracker.org\/nb\/liberty-of-the-seas\/\">Liberty of the Seas<\/a><\/li>\n<li><a href=\"https:\/\/ship-tracker.org\/nb\/freedom-of-the-seas\/\">Havets frihet<\/a><\/li>\n<li><a href=\"https:\/\/ship-tracker.org\/nb\/jewel-of-the-seas\/\">Jewel Of The Seas<\/a><\/li>\n<li><a href=\"https:\/\/ship-tracker.org\/nb\/serenade-of-the-seas\/\">Serenade of the Seas<\/a><\/li>\n<li><a href=\"https:\/\/ship-tracker.org\/nb\/mariner-of-the-seas\/\">Mariner Of The Seas<\/a><\/li>\n<li><a href=\"https:\/\/ship-tracker.org\/nb\/navigator-of-the-seas\/\">Navigator of the Seas<\/a><\/li>\n<li><a href=\"https:\/\/ship-tracker.org\/nb\/brilliance-of-the-seas\/\">Brilliance Of The Seas<\/a><\/li>\n<li><a href=\"https:\/\/ship-tracker.org\/nb\/adventure-of-the-seas\/\">Havets eventyr<\/a><\/li>\n<li><a href=\"https:\/\/ship-tracker.org\/nb\/radiance-of-the-seas\/\">Radiance Of The Seas<\/a><\/li>\n<li><a href=\"https:\/\/ship-tracker.org\/nb\/explorer-of-the-seas\/\">Utforsker av havet<\/a><\/li>\n<li><a href=\"https:\/\/ship-tracker.org\/nb\/voyager-of-the-seas\/\">Voyager of the Seas<\/a><\/li>\n<li><a href=\"https:\/\/ship-tracker.org\/nb\/vision-of-the-seas\/\">Visjon av havet<\/a><\/li>\n<li><a href=\"https:\/\/ship-tracker.org\/nb\/enchantment-of-the-seas\/\">Havets fortryllelse<\/a><\/li>\n<li><a href=\"https:\/\/ship-tracker.org\/nb\/rhapsody-of-the-seas\/\">Rhapsody Of The Seas<\/a><\/li>\n<li><a href=\"https:\/\/ship-tracker.org\/nb\/grandeur-of-the-seas\/\">Havets storhet<\/a><\/li>\n<li><a href=\"https:\/\/ship-tracker.org\/nb\/wonder-of-the-seas\/\">Wonder Of the Seas<\/a><\/li>\n<li><a href=\"https:\/\/ship-tracker.org\/nb\/utopia-of-the-seas\/\">Utopia of the Seas<\/a><\/li>\n<\/ul>","protected":false},"excerpt":{"rendered":"<p>N\u00e5v\u00e6rende plassering og posisjon for Icon Of The Seas Hvor er den n\u00e5v\u00e6rende posisjonen til Icon Of The Seas for \u00f8yeblikket? Se Icon Of The Seas n\u00e5v\u00e6rende plassering. Posisjonen til Icon Of The Seas kan bestemmes n\u00f8yaktig av kartene til Skipsfart\u00f8y og MarineTraffic. S\u00e5 du er alltid godt informert om hvor favorittskipet ditt er ...&nbsp;<a href=\"https:\/\/ship-tracker.org\/nb\/icon-of-the-seas\/\" rel=\"bookmark\">Les mer \u00bb<span class=\"screen-reader-text\">Ikon av havet<\/span><\/a><\/p>","protected":false},"author":1,"featured_media":4459,"parent":0,"menu_order":0,"comment_status":"closed","ping_status":"closed","template":"","meta":{"neve_meta_sidebar":"","neve_meta_container":"","neve_meta_enable_content_width":"off","neve_meta_content_width":100,"neve_meta_title_alignment":"","neve_meta_author_avatar":"","neve_post_elements_order":"","neve_meta_disable_header":"","neve_meta_disable_footer":"","neve_meta_disable_title":"","neve_meta_reading_time":"","footnotes":""},"class_list":["post-4458","page","type-page","status-publish","has-post-thumbnail","hentry"],"yoast_head":"<!-- This site is optimized with the Yoast SEO plugin v27.4 - https:\/\/yoast.com\/product\/yoast-seo-wordpress\/ -->\n<title>Icon Of The Seas\u2503Current location and position<\/title>\n<meta name=\"description\" content=\"Icon Of The Seas \u2693 Current location and position of Icon Of The Seas \u2713 Cruise Ship Tracker \u2713 Live Ship Tracker\" \/>\n<meta name=\"robots\" content=\"index, follow, max-snippet:-1, max-image-preview:large, max-video-preview:-1\" \/>\n<link rel=\"canonical\" href=\"https:\/\/ship-tracker.org\/nb\/icon-of-the-seas\/\" \/>\n<meta property=\"og:locale\" content=\"nb_NO\" \/>\n<meta property=\"og:type\" content=\"article\" \/>\n<meta property=\"og:title\" content=\"Icon Of The Seas\u2503Current location and position\" \/>\n<meta property=\"og:description\" content=\"Icon Of The Seas \u2693 Current location and position of Icon Of The Seas \u2713 Cruise Ship Tracker \u2713 Live Ship Tracker\" \/>\n<meta property=\"og:url\" content=\"https:\/\/ship-tracker.org\/nb\/icon-of-the-seas\/\" \/>\n<meta property=\"og:site_name\" content=\"Ship-tracker.org\" \/>\n<meta property=\"article:modified_time\" content=\"2024-02-03T17:58:06+00:00\" \/>\n<meta property=\"og:image\" content=\"https:\/\/ship-tracker.org\/wp-content\/uploads\/2023\/08\/wonder-of-the-seas-name-reveal-asset-1024x683-1.webp\" \/>\n\t<meta property=\"og:image:width\" content=\"1024\" \/>\n\t<meta property=\"og:image:height\" content=\"683\" \/>\n\t<meta property=\"og:image:type\" content=\"image\/webp\" \/>\n<meta name=\"twitter:card\" content=\"summary_large_image\" \/>\n<meta name=\"twitter:label1\" content=\"Ansl. lesetid\" \/>\n\t<meta name=\"twitter:data1\" content=\"2 minutter\" \/>\n<script type=\"application\/ld+json\" class=\"yoast-schema-graph\">{\"@context\":\"https:\\\/\\\/schema.org\",\"@graph\":[{\"@type\":\"WebPage\",\"@id\":\"https:\\\/\\\/ship-tracker.org\\\/icon-of-the-seas\\\/\",\"url\":\"https:\\\/\\\/ship-tracker.org\\\/icon-of-the-seas\\\/\",\"name\":\"Icon Of The Seas\u2503Current location and position\",\"isPartOf\":{\"@id\":\"https:\\\/\\\/ship-tracker.org\\\/#website\"},\"primaryImageOfPage\":{\"@id\":\"https:\\\/\\\/ship-tracker.org\\\/icon-of-the-seas\\\/#primaryimage\"},\"image\":{\"@id\":\"https:\\\/\\\/ship-tracker.org\\\/icon-of-the-seas\\\/#primaryimage\"},\"thumbnailUrl\":\"https:\\\/\\\/ship-tracker.org\\\/wp-content\\\/uploads\\\/2023\\\/08\\\/wonder-of-the-seas-name-reveal-asset-1024x683-1.webp\",\"datePublished\":\"2023-08-13T00:23:48+00:00\",\"dateModified\":\"2024-02-03T17:58:06+00:00\",\"description\":\"Icon Of The Seas \u2693 Current location and position of Icon Of The Seas \u2713 Cruise Ship Tracker \u2713 Live Ship Tracker\",\"breadcrumb\":{\"@id\":\"https:\\\/\\\/ship-tracker.org\\\/icon-of-the-seas\\\/#breadcrumb\"},\"inLanguage\":\"nb-NO\",\"potentialAction\":[{\"@type\":\"ReadAction\",\"target\":[\"https:\\\/\\\/ship-tracker.org\\\/icon-of-the-seas\\\/\"]}]},{\"@type\":\"ImageObject\",\"inLanguage\":\"nb-NO\",\"@id\":\"https:\\\/\\\/ship-tracker.org\\\/icon-of-the-seas\\\/#primaryimage\",\"url\":\"https:\\\/\\\/ship-tracker.org\\\/wp-content\\\/uploads\\\/2023\\\/08\\\/wonder-of-the-seas-name-reveal-asset-1024x683-1.webp\",\"contentUrl\":\"https:\\\/\\\/ship-tracker.org\\\/wp-content\\\/uploads\\\/2023\\\/08\\\/wonder-of-the-seas-name-reveal-asset-1024x683-1.webp\",\"width\":1024,\"height\":683,\"caption\":\"\u00a9 Royal Caribbean\"},{\"@type\":\"BreadcrumbList\",\"@id\":\"https:\\\/\\\/ship-tracker.org\\\/icon-of-the-seas\\\/#breadcrumb\",\"itemListElement\":[{\"@type\":\"ListItem\",\"position\":1,\"name\":\"Startseite\",\"item\":\"https:\\\/\\\/ship-tracker.org\\\/\"},{\"@type\":\"ListItem\",\"position\":2,\"name\":\"Icon Of The Seas\"}]},{\"@type\":\"WebSite\",\"@id\":\"https:\\\/\\\/ship-tracker.org\\\/#website\",\"url\":\"https:\\\/\\\/ship-tracker.org\\\/\",\"name\":\"Ship-tracker.org\",\"description\":\"\",\"potentialAction\":[{\"@type\":\"SearchAction\",\"target\":{\"@type\":\"EntryPoint\",\"urlTemplate\":\"https:\\\/\\\/ship-tracker.org\\\/?s={search_term_string}\"},\"query-input\":{\"@type\":\"PropertyValueSpecification\",\"valueRequired\":true,\"valueName\":\"search_term_string\"}}],\"inLanguage\":\"nb-NO\"}]}<\/script>\n<!-- \/ Yoast SEO plugin. -->","yoast_head_json":{"title":"Icon Of The Seas\u2503N\u00e5v\u00e6rende plassering og posisjon","description":"Icon Of The Seas \u2693 N\u00e5v\u00e6rende plassering og posisjon til Icon Of The Seas \u2713 Cruiseship Tracker \u2713 Live Ship Tracker","robots":{"index":"index","follow":"follow","max-snippet":"max-snippet:-1","max-image-preview":"max-image-preview:large","max-video-preview":"max-video-preview:-1"},"canonical":"https:\/\/ship-tracker.org\/nb\/icon-of-the-seas\/","og_locale":"nb_NO","og_type":"article","og_title":"Icon Of The Seas\u2503Current location and position","og_description":"Icon Of The Seas \u2693 Current location and position of Icon Of The Seas \u2713 Cruise Ship Tracker \u2713 Live Ship Tracker","og_url":"https:\/\/ship-tracker.org\/nb\/icon-of-the-seas\/","og_site_name":"Ship-tracker.org","article_modified_time":"2024-02-03T17:58:06+00:00","og_image":[{"width":1024,"height":683,"url":"https:\/\/ship-tracker.org\/wp-content\/uploads\/2023\/08\/wonder-of-the-seas-name-reveal-asset-1024x683-1.webp","type":"image\/webp"}],"twitter_card":"summary_large_image","twitter_misc":{"Ansl. lesetid":"2 minutter"},"schema":{"@context":"https:\/\/schema.org","@graph":[{"@type":"WebPage","@id":"https:\/\/ship-tracker.org\/icon-of-the-seas\/","url":"https:\/\/ship-tracker.org\/icon-of-the-seas\/","name":"Icon Of The Seas\u2503N\u00e5v\u00e6rende plassering og posisjon","isPartOf":{"@id":"https:\/\/ship-tracker.org\/#website"},"primaryImageOfPage":{"@id":"https:\/\/ship-tracker.org\/icon-of-the-seas\/#primaryimage"},"image":{"@id":"https:\/\/ship-tracker.org\/icon-of-the-seas\/#primaryimage"},"thumbnailUrl":"https:\/\/ship-tracker.org\/wp-content\/uploads\/2023\/08\/wonder-of-the-seas-name-reveal-asset-1024x683-1.webp","datePublished":"2023-08-13T00:23:48+00:00","dateModified":"2024-02-03T17:58:06+00:00","description":"Icon Of The Seas \u2693 N\u00e5v\u00e6rende plassering og posisjon til Icon Of The Seas \u2713 Cruiseship Tracker \u2713 Live Ship Tracker","breadcrumb":{"@id":"https:\/\/ship-tracker.org\/icon-of-the-seas\/#breadcrumb"},"inLanguage":"nb-NO","potentialAction":[{"@type":"ReadAction","target":["https:\/\/ship-tracker.org\/icon-of-the-seas\/"]}]},{"@type":"ImageObject","inLanguage":"nb-NO","@id":"https:\/\/ship-tracker.org\/icon-of-the-seas\/#primaryimage","url":"https:\/\/ship-tracker.org\/wp-content\/uploads\/2023\/08\/wonder-of-the-seas-name-reveal-asset-1024x683-1.webp","contentUrl":"https:\/\/ship-tracker.org\/wp-content\/uploads\/2023\/08\/wonder-of-the-seas-name-reveal-asset-1024x683-1.webp","width":1024,"height":683,"caption":"\u00a9 Royal Caribbean"},{"@type":"BreadcrumbList","@id":"https:\/\/ship-tracker.org\/icon-of-the-seas\/#breadcrumb","itemListElement":[{"@type":"ListItem","position":1,"name":"Startseite","item":"https:\/\/ship-tracker.org\/"},{"@type":"ListItem","position":2,"name":"Icon Of The Seas"}]},{"@type":"WebSite","@id":"https:\/\/ship-tracker.org\/#website","url":"https:\/\/ship-tracker.org\/","name":"Ship-tracker.org","description":"","potentialAction":[{"@type":"SearchAction","target":{"@type":"EntryPoint","urlTemplate":"https:\/\/ship-tracker.org\/?s={search_term_string}"},"query-input":{"@type":"PropertyValueSpecification","valueRequired":true,"valueName":"search_term_string"}}],"inLanguage":"nb-NO"}]}},"_links":{"self":[{"href":"https:\/\/ship-tracker.org\/nb\/wp-json\/wp\/v2\/pages\/4458","targetHints":{"allow":["GET"]}}],"collection":[{"href":"https:\/\/ship-tracker.org\/nb\/wp-json\/wp\/v2\/pages"}],"about":[{"href":"https:\/\/ship-tracker.org\/nb\/wp-json\/wp\/v2\/types\/page"}],"author":[{"embeddable":true,"href":"https:\/\/ship-tracker.org\/nb\/wp-json\/wp\/v2\/users\/1"}],"replies":[{"embeddable":true,"href":"https:\/\/ship-tracker.org\/nb\/wp-json\/wp\/v2\/comments?post=4458"}],"version-history":[{"count":5,"href":"https:\/\/ship-tracker.org\/nb\/wp-json\/wp\/v2\/pages\/4458\/revisions"}],"predecessor-version":[{"id":5318,"href":"https:\/\/ship-tracker.org\/nb\/wp-json\/wp\/v2\/pages\/4458\/revisions\/5318"}],"wp:featuredmedia":[{"embeddable":true,"href":"https:\/\/ship-tracker.org\/nb\/wp-json\/wp\/v2\/media\/4459"}],"wp:attachment":[{"href":"https:\/\/ship-tracker.org\/nb\/wp-json\/wp\/v2\/media?parent=4458"}],"curies":[{"name":"wp","href":"https:\/\/api.w.org\/{rel}","templated":true}]}}