{"id":4048,"date":"2023-06-29T16:49:19","date_gmt":"2023-06-29T14:49:19","guid":{"rendered":"https:\/\/ship-tracker.org\/?page_id=4048"},"modified":"2023-06-29T16:49:19","modified_gmt":"2023-06-29T14:49:19","slug":"maersk-vilnius","status":"publish","type":"page","link":"https:\/\/ship-tracker.org\/nb\/maersk-vilnius\/","title":{"rendered":"MAERSK VILNIUS"},"content":{"rendered":"<h2><span style=\"color: #000000;\">N\u00e5v\u00e6rende plassering og <\/span><span style=\"color: #000000;\">stilling til MAERSK VILNIUS<\/span><\/h2>\n<p>Hvor er MAERSK VILNIUS n\u00e5v\u00e6rende beliggenhet?<br \/>\n<script type=\"text\/javascript\">\n  var width=\"100%\";var height=\"400\";\n  var mmsi=565533000;\n<\/script><script type=\"text\/javascript\" src=\"https:\/\/www.vesselfinder.com\/aismap.js\"><\/script><\/p>\n<p>MAERSK VILNIUS, et lastefart\u00f8y registrert under Singapores flagg, navigerer for tiden havet. Skipet, som har IMO-nummer 9408956 og MMSI-nummer 565533000, m\u00e5ler 180 meter i lengde og 28 meter i bredde. Kartene nedenfor viser relevant reiseinformasjon, inkludert skipets n\u00e5v\u00e6rende plassering, neste planlagte anl\u00f8pssted, estimert ankomsttid (ETA), forventet ankomsttid (PTA), hastighet, kurs og dypg\u00e5ende. Ytterligere ressurser som bilder, videoer, lokal tid og UTC-tid er ogs\u00e5 gitt.<\/p>\n<h2 class=\"pageTitle shipItemTitle\"><span style=\"color: #000000;\">MAERSK VILNIUS gjennomgang og spesifikasjoner<\/span><\/h2>\n<table>\n<tbody>\n<tr>\n<td style=\"width: 192px;\">Flaggstat<\/td>\n<td style=\"width: 192px;\">Singapore<\/td>\n<\/tr>\n<tr>\n<td style=\"width: 192px;\">Bygge\u00e5r<strong><br \/>\n<\/strong><\/td>\n<td style=\"width: 192px;\">2010<\/td>\n<\/tr>\n<tr>\n<td style=\"width: 192px;\">Skipstype<\/td>\n<td style=\"width: 192px;\">Containerskip<\/td>\n<\/tr>\n<tr>\n<td style=\"width: 192px;\">Kallesignal<\/td>\n<td style=\"width: 192px;\">9V8503<\/td>\n<\/tr>\n<tr>\n<td style=\"width: 192px;\">Bruttotonn<\/td>\n<td style=\"width: 192px;\">20927<\/td>\n<\/tr>\n<tr>\n<td style=\"width: 192px;\">Sommer d\u00f8dvekt<\/td>\n<td style=\"width: 192px;\">26020<\/td>\n<\/tr>\n<tr>\n<td style=\"width: 192px;\">Lengde<\/td>\n<td style=\"width: 192px;\"><span class=\"specificationUnit\">180 m<\/span><\/td>\n<\/tr>\n<tr>\n<td style=\"width: 192px;\">Str\u00e5le<\/td>\n<td style=\"width: 192px;\"><span class=\"specificationUnit\">28 m<\/span><\/td>\n<\/tr>\n<tr>\n<td style=\"width: 192px;\">IMO<\/td>\n<td style=\"width: 192px;\">9408956<\/td>\n<\/tr>\n<tr>\n<td style=\"width: 192px;\">MMSI<\/td>\n<td style=\"width: 192px;\">565533000<\/td>\n<\/tr>\n<tr>\n<td style=\"width: 192px;\">Eieren<\/td>\n<td style=\"width: 192px;\"><a href=\"https:\/\/ship-tracker.org\/nb\/maersk\/\">Maersk<\/a><\/td>\n<\/tr>\n<\/tbody>\n<\/table>","protected":false},"excerpt":{"rendered":"<p>N\u00e5v\u00e6rende plassering og posisjon for MAERSK VILNIUS Hvor befinner MAERSK VILNIUS seg for tiden? MAERSK VILNIUS, et lasteskip registrert under Singapores flagg, navigerer for tiden. Skipet, med IMO-nummer 9408956 og MMSI-nummer 565533000, m\u00e5ler 180 meter i lengde og 28 meter i bredde. Kartene\u2026&nbsp;<a href=\"https:\/\/ship-tracker.org\/nb\/maersk-vilnius\/\" rel=\"bookmark\">Les mer \u00bb<span class=\"screen-reader-text\">MAERSK VILNIUS<\/span><\/a><\/p>","protected":false},"author":1,"featured_media":3637,"parent":0,"menu_order":0,"comment_status":"closed","ping_status":"closed","template":"","meta":{"neve_meta_sidebar":"","neve_meta_container":"","neve_meta_enable_content_width":"off","neve_meta_content_width":100,"neve_meta_title_alignment":"","neve_meta_author_avatar":"","neve_post_elements_order":"","neve_meta_disable_header":"","neve_meta_disable_footer":"","neve_meta_disable_title":"","neve_meta_reading_time":"","footnotes":""},"class_list":["post-4048","page","type-page","status-publish","has-post-thumbnail","hentry"],"yoast_head":"<!-- This site is optimized with the Yoast SEO plugin v27.4 - https:\/\/yoast.com\/product\/yoast-seo-wordpress\/ -->\n<title>MAERSK VILNIUS\u2503Current location and position (cargo ship)<\/title>\n<meta name=\"description\" content=\"MAERSK VILNIUS \u2693 Current location and position of MAERSK Vessel \u2713 Maersk container tracking \u2713 Live Ship Tracker \u2713 Container ship\" \/>\n<meta name=\"robots\" content=\"index, follow, max-snippet:-1, max-image-preview:large, max-video-preview:-1\" \/>\n<link rel=\"canonical\" href=\"https:\/\/ship-tracker.org\/nb\/maersk-vilnius\/\" \/>\n<meta property=\"og:locale\" content=\"nb_NO\" \/>\n<meta property=\"og:type\" content=\"article\" \/>\n<meta property=\"og:title\" content=\"MAERSK VILNIUS\u2503Current location and position (cargo ship)\" \/>\n<meta property=\"og:description\" content=\"MAERSK VILNIUS \u2693 Current location and position of MAERSK Vessel \u2713 Maersk container tracking \u2713 Live Ship Tracker \u2713 Container ship\" \/>\n<meta property=\"og:url\" content=\"https:\/\/ship-tracker.org\/nb\/maersk-vilnius\/\" \/>\n<meta property=\"og:site_name\" content=\"Ship-tracker.org\" \/>\n<meta property=\"og:image\" content=\"https:\/\/ship-tracker.org\/wp-content\/uploads\/2023\/06\/maersk-tanjong-g275700498_640.jpg\" \/>\n\t<meta property=\"og:image:width\" content=\"640\" \/>\n\t<meta property=\"og:image:height\" content=\"446\" \/>\n\t<meta property=\"og:image:type\" content=\"image\/jpeg\" \/>\n<meta name=\"twitter:card\" content=\"summary_large_image\" \/>\n<meta name=\"twitter:label1\" content=\"Ansl. lesetid\" \/>\n\t<meta name=\"twitter:data1\" content=\"1 minutt\" \/>\n<script type=\"application\/ld+json\" class=\"yoast-schema-graph\">{\"@context\":\"https:\\\/\\\/schema.org\",\"@graph\":[{\"@type\":\"WebPage\",\"@id\":\"https:\\\/\\\/ship-tracker.org\\\/maersk-vilnius\\\/\",\"url\":\"https:\\\/\\\/ship-tracker.org\\\/maersk-vilnius\\\/\",\"name\":\"MAERSK VILNIUS\u2503Current location and position (cargo ship)\",\"isPartOf\":{\"@id\":\"https:\\\/\\\/ship-tracker.org\\\/#website\"},\"primaryImageOfPage\":{\"@id\":\"https:\\\/\\\/ship-tracker.org\\\/maersk-vilnius\\\/#primaryimage\"},\"image\":{\"@id\":\"https:\\\/\\\/ship-tracker.org\\\/maersk-vilnius\\\/#primaryimage\"},\"thumbnailUrl\":\"https:\\\/\\\/ship-tracker.org\\\/wp-content\\\/uploads\\\/2023\\\/06\\\/maersk-tanjong-g275700498_640.jpg\",\"datePublished\":\"2023-06-29T14:49:19+00:00\",\"description\":\"MAERSK VILNIUS \u2693 Current location and position of MAERSK Vessel \u2713 Maersk container tracking \u2713 Live Ship Tracker \u2713 Container ship\",\"breadcrumb\":{\"@id\":\"https:\\\/\\\/ship-tracker.org\\\/maersk-vilnius\\\/#breadcrumb\"},\"inLanguage\":\"nb-NO\",\"potentialAction\":[{\"@type\":\"ReadAction\",\"target\":[\"https:\\\/\\\/ship-tracker.org\\\/maersk-vilnius\\\/\"]}]},{\"@type\":\"ImageObject\",\"inLanguage\":\"nb-NO\",\"@id\":\"https:\\\/\\\/ship-tracker.org\\\/maersk-vilnius\\\/#primaryimage\",\"url\":\"https:\\\/\\\/ship-tracker.org\\\/wp-content\\\/uploads\\\/2023\\\/06\\\/maersk-tanjong-g275700498_640.jpg\",\"contentUrl\":\"https:\\\/\\\/ship-tracker.org\\\/wp-content\\\/uploads\\\/2023\\\/06\\\/maersk-tanjong-g275700498_640.jpg\",\"width\":640,\"height\":446,\"caption\":\"MAERSK ABERDEEN\"},{\"@type\":\"BreadcrumbList\",\"@id\":\"https:\\\/\\\/ship-tracker.org\\\/maersk-vilnius\\\/#breadcrumb\",\"itemListElement\":[{\"@type\":\"ListItem\",\"position\":1,\"name\":\"Startseite\",\"item\":\"https:\\\/\\\/ship-tracker.org\\\/\"},{\"@type\":\"ListItem\",\"position\":2,\"name\":\"MAERSK VILNIUS\"}]},{\"@type\":\"WebSite\",\"@id\":\"https:\\\/\\\/ship-tracker.org\\\/#website\",\"url\":\"https:\\\/\\\/ship-tracker.org\\\/\",\"name\":\"Ship-tracker.org\",\"description\":\"\",\"potentialAction\":[{\"@type\":\"SearchAction\",\"target\":{\"@type\":\"EntryPoint\",\"urlTemplate\":\"https:\\\/\\\/ship-tracker.org\\\/?s={search_term_string}\"},\"query-input\":{\"@type\":\"PropertyValueSpecification\",\"valueRequired\":true,\"valueName\":\"search_term_string\"}}],\"inLanguage\":\"nb-NO\"}]}<\/script>\n<!-- \/ Yoast SEO plugin. -->","yoast_head_json":{"title":"MAERSK VILNIUS\u2503N\u00e5v\u00e6rende plassering og posisjon (lasteskip)","description":"MAERSK VILNIUS \u2693 N\u00e5v\u00e6rende plassering og posisjon til MAERSK-fart\u00f8yet \u2713 Maersk containersporing \u2713 Live Ship Tracker \u2713 Containerskip","robots":{"index":"index","follow":"follow","max-snippet":"max-snippet:-1","max-image-preview":"max-image-preview:large","max-video-preview":"max-video-preview:-1"},"canonical":"https:\/\/ship-tracker.org\/nb\/maersk-vilnius\/","og_locale":"nb_NO","og_type":"article","og_title":"MAERSK VILNIUS\u2503Current location and position (cargo ship)","og_description":"MAERSK VILNIUS \u2693 Current location and position of MAERSK Vessel \u2713 Maersk container tracking \u2713 Live Ship Tracker \u2713 Container ship","og_url":"https:\/\/ship-tracker.org\/nb\/maersk-vilnius\/","og_site_name":"Ship-tracker.org","og_image":[{"width":640,"height":446,"url":"https:\/\/ship-tracker.org\/wp-content\/uploads\/2023\/06\/maersk-tanjong-g275700498_640.jpg","type":"image\/jpeg"}],"twitter_card":"summary_large_image","twitter_misc":{"Ansl. lesetid":"1 minutt"},"schema":{"@context":"https:\/\/schema.org","@graph":[{"@type":"WebPage","@id":"https:\/\/ship-tracker.org\/maersk-vilnius\/","url":"https:\/\/ship-tracker.org\/maersk-vilnius\/","name":"MAERSK VILNIUS\u2503N\u00e5v\u00e6rende plassering og posisjon (lasteskip)","isPartOf":{"@id":"https:\/\/ship-tracker.org\/#website"},"primaryImageOfPage":{"@id":"https:\/\/ship-tracker.org\/maersk-vilnius\/#primaryimage"},"image":{"@id":"https:\/\/ship-tracker.org\/maersk-vilnius\/#primaryimage"},"thumbnailUrl":"https:\/\/ship-tracker.org\/wp-content\/uploads\/2023\/06\/maersk-tanjong-g275700498_640.jpg","datePublished":"2023-06-29T14:49:19+00:00","description":"MAERSK VILNIUS \u2693 N\u00e5v\u00e6rende plassering og posisjon til MAERSK-fart\u00f8yet \u2713 Maersk containersporing \u2713 Live Ship Tracker \u2713 Containerskip","breadcrumb":{"@id":"https:\/\/ship-tracker.org\/maersk-vilnius\/#breadcrumb"},"inLanguage":"nb-NO","potentialAction":[{"@type":"ReadAction","target":["https:\/\/ship-tracker.org\/maersk-vilnius\/"]}]},{"@type":"ImageObject","inLanguage":"nb-NO","@id":"https:\/\/ship-tracker.org\/maersk-vilnius\/#primaryimage","url":"https:\/\/ship-tracker.org\/wp-content\/uploads\/2023\/06\/maersk-tanjong-g275700498_640.jpg","contentUrl":"https:\/\/ship-tracker.org\/wp-content\/uploads\/2023\/06\/maersk-tanjong-g275700498_640.jpg","width":640,"height":446,"caption":"MAERSK ABERDEEN"},{"@type":"BreadcrumbList","@id":"https:\/\/ship-tracker.org\/maersk-vilnius\/#breadcrumb","itemListElement":[{"@type":"ListItem","position":1,"name":"Startseite","item":"https:\/\/ship-tracker.org\/"},{"@type":"ListItem","position":2,"name":"MAERSK VILNIUS"}]},{"@type":"WebSite","@id":"https:\/\/ship-tracker.org\/#website","url":"https:\/\/ship-tracker.org\/","name":"Ship-tracker.org","description":"","potentialAction":[{"@type":"SearchAction","target":{"@type":"EntryPoint","urlTemplate":"https:\/\/ship-tracker.org\/?s={search_term_string}"},"query-input":{"@type":"PropertyValueSpecification","valueRequired":true,"valueName":"search_term_string"}}],"inLanguage":"nb-NO"}]}},"_links":{"self":[{"href":"https:\/\/ship-tracker.org\/nb\/wp-json\/wp\/v2\/pages\/4048","targetHints":{"allow":["GET"]}}],"collection":[{"href":"https:\/\/ship-tracker.org\/nb\/wp-json\/wp\/v2\/pages"}],"about":[{"href":"https:\/\/ship-tracker.org\/nb\/wp-json\/wp\/v2\/types\/page"}],"author":[{"embeddable":true,"href":"https:\/\/ship-tracker.org\/nb\/wp-json\/wp\/v2\/users\/1"}],"replies":[{"embeddable":true,"href":"https:\/\/ship-tracker.org\/nb\/wp-json\/wp\/v2\/comments?post=4048"}],"version-history":[{"count":1,"href":"https:\/\/ship-tracker.org\/nb\/wp-json\/wp\/v2\/pages\/4048\/revisions"}],"predecessor-version":[{"id":4049,"href":"https:\/\/ship-tracker.org\/nb\/wp-json\/wp\/v2\/pages\/4048\/revisions\/4049"}],"wp:featuredmedia":[{"embeddable":true,"href":"https:\/\/ship-tracker.org\/nb\/wp-json\/wp\/v2\/media\/3637"}],"wp:attachment":[{"href":"https:\/\/ship-tracker.org\/nb\/wp-json\/wp\/v2\/media?parent=4048"}],"curies":[{"name":"wp","href":"https:\/\/api.w.org\/{rel}","templated":true}]}}