{"id":4021,"date":"2023-06-29T16:04:20","date_gmt":"2023-06-29T14:04:20","guid":{"rendered":"https:\/\/ship-tracker.org\/?page_id=4021"},"modified":"2023-06-29T16:04:20","modified_gmt":"2023-06-29T14:04:20","slug":"rhone-maersk","status":"publish","type":"page","link":"https:\/\/ship-tracker.org\/nb\/rhone-maersk\/","title":{"rendered":"RHONE MAERSK"},"content":{"rendered":"<h2><span style=\"color: #000000;\">N\u00e5v\u00e6rende plassering og <\/span><span style=\"color: #000000;\">stillingen til RHONE MAERSK<\/span><\/h2>\n<p>Hvor er den n\u00e5v\u00e6rende plasseringen av RHONE MAERSK for tiden?<br \/>\n<script type=\"text\/javascript\">\n  var width=\"100%\";var height=\"400\";\n  var mmsi=219130000;\n<\/script><script type=\"text\/javascript\" src=\"https:\/\/www.vesselfinder.com\/aismap.js\"><\/script><\/p>\n<p>RHONE MAERSK, et lastefart\u00f8y registrert under dansk flagg, navigerer for tiden havet. Skipet, som har IMO-nummer 9457000 og MMSI-nummer 219130000, m\u00e5ler 249 meter i lengde og 37 meter i bredde. Kartene nedenfor viser relevant reiseinformasjon, inkludert skipets n\u00e5v\u00e6rende plassering, neste planlagte anl\u00f8pssted, estimert ankomsttid (ETA), forventet ankomsttid (PTA), hastighet, kurs og dypg\u00e5ende. Ytterligere ressurser som bilder, videoer, lokal tid og UTC-tid er ogs\u00e5 gitt.<\/p>\n<h2 class=\"pageTitle shipItemTitle\"><span style=\"color: #000000;\">RHONE MAERSK anmeldelse og spesifikasjoner<\/span><\/h2>\n<table>\n<tbody>\n<tr>\n<td style=\"width: 192px;\">Flaggstat<\/td>\n<td style=\"width: 192px;\">Danmark<\/td>\n<\/tr>\n<tr>\n<td style=\"width: 192px;\">Bygge\u00e5r<strong><br \/>\n<\/strong><\/td>\n<td style=\"width: 192px;\">2012<\/td>\n<\/tr>\n<tr>\n<td style=\"width: 192px;\">Skipstype<\/td>\n<td style=\"width: 192px;\">Containerskip<\/td>\n<\/tr>\n<tr>\n<td style=\"width: 192px;\">Kallesignal<\/td>\n<td style=\"width: 192px;\">OXGX2<\/td>\n<\/tr>\n<tr>\n<td style=\"width: 192px;\">Bruttotonn<\/td>\n<td style=\"width: 192px;\">50855<\/td>\n<\/tr>\n<tr>\n<td style=\"width: 192px;\">Sommer d\u00f8dvekt<\/td>\n<td style=\"width: 192px;\">61962<\/td>\n<\/tr>\n<tr>\n<td style=\"width: 192px;\">Lengde<\/td>\n<td style=\"width: 192px;\"><span class=\"specificationUnit\">249 m<\/span><\/td>\n<\/tr>\n<tr>\n<td style=\"width: 192px;\">Str\u00e5le<\/td>\n<td style=\"width: 192px;\"><span class=\"specificationUnit\">37 m<\/span><\/td>\n<\/tr>\n<tr>\n<td style=\"width: 192px;\">IMO<\/td>\n<td style=\"width: 192px;\">9457000<\/td>\n<\/tr>\n<tr>\n<td style=\"width: 192px;\">MMSI<\/td>\n<td style=\"width: 192px;\">219130000<\/td>\n<\/tr>\n<tr>\n<td style=\"width: 192px;\">Eieren<\/td>\n<td style=\"width: 192px;\"><a href=\"https:\/\/ship-tracker.org\/nb\/maersk\/\">Maersk<\/a><\/td>\n<\/tr>\n<\/tbody>\n<\/table>","protected":false},"excerpt":{"rendered":"<p>Current location and position of RHONE MAERSK Where is the current location of RHONE MAERSK presently? The RHONE MAERSK, a cargo vessel registered under the flag of Denmark, is currently navigating the seas. The ship, bearing IMO number 9457000 and MMSI number 219130000, measures 249 meters in length and 37 meters in beam. The maps&hellip;&nbsp;<a href=\"https:\/\/ship-tracker.org\/nb\/rhone-maersk\/\" rel=\"bookmark\">Les mer \u00bb<span class=\"screen-reader-text\">RHONE MAERSK<\/span><\/a><\/p>","protected":false},"author":1,"featured_media":3637,"parent":0,"menu_order":0,"comment_status":"closed","ping_status":"closed","template":"","meta":{"neve_meta_sidebar":"","neve_meta_container":"","neve_meta_enable_content_width":"off","neve_meta_content_width":100,"neve_meta_title_alignment":"","neve_meta_author_avatar":"","neve_post_elements_order":"","neve_meta_disable_header":"","neve_meta_disable_footer":"","neve_meta_disable_title":"","neve_meta_reading_time":"","footnotes":""},"class_list":["post-4021","page","type-page","status-publish","has-post-thumbnail","hentry"],"yoast_head":"<!-- This site is optimized with the Yoast SEO plugin v27.4 - https:\/\/yoast.com\/product\/yoast-seo-wordpress\/ -->\n<title>RHONE MAERSK\u2503Current location and position (cargo ship)<\/title>\n<meta name=\"description\" content=\"RHONE MAERSK \u2693 Current location and position of MAERSK Vessel \u2713 Maersk container tracking \u2713 Live Ship Tracker \u2713 Container ship\" \/>\n<meta name=\"robots\" content=\"index, follow, max-snippet:-1, max-image-preview:large, max-video-preview:-1\" \/>\n<link rel=\"canonical\" href=\"https:\/\/ship-tracker.org\/nb\/rhone-maersk\/\" \/>\n<meta property=\"og:locale\" content=\"nb_NO\" \/>\n<meta property=\"og:type\" content=\"article\" \/>\n<meta property=\"og:title\" content=\"RHONE MAERSK\u2503Current location and position (cargo ship)\" \/>\n<meta property=\"og:description\" content=\"RHONE MAERSK \u2693 Current location and position of MAERSK Vessel \u2713 Maersk container tracking \u2713 Live Ship Tracker \u2713 Container ship\" \/>\n<meta property=\"og:url\" content=\"https:\/\/ship-tracker.org\/nb\/rhone-maersk\/\" \/>\n<meta property=\"og:site_name\" content=\"Ship-tracker.org\" \/>\n<meta property=\"og:image\" content=\"https:\/\/ship-tracker.org\/wp-content\/uploads\/2023\/06\/maersk-tanjong-g275700498_640.jpg\" \/>\n\t<meta property=\"og:image:width\" content=\"640\" \/>\n\t<meta property=\"og:image:height\" content=\"446\" \/>\n\t<meta property=\"og:image:type\" content=\"image\/jpeg\" \/>\n<meta name=\"twitter:card\" content=\"summary_large_image\" \/>\n<meta name=\"twitter:label1\" content=\"Ansl. lesetid\" \/>\n\t<meta name=\"twitter:data1\" content=\"1 minutt\" \/>\n<script type=\"application\/ld+json\" class=\"yoast-schema-graph\">{\"@context\":\"https:\\\/\\\/schema.org\",\"@graph\":[{\"@type\":\"WebPage\",\"@id\":\"https:\\\/\\\/ship-tracker.org\\\/rhone-maersk\\\/\",\"url\":\"https:\\\/\\\/ship-tracker.org\\\/rhone-maersk\\\/\",\"name\":\"RHONE MAERSK\u2503Current location and position (cargo ship)\",\"isPartOf\":{\"@id\":\"https:\\\/\\\/ship-tracker.org\\\/#website\"},\"primaryImageOfPage\":{\"@id\":\"https:\\\/\\\/ship-tracker.org\\\/rhone-maersk\\\/#primaryimage\"},\"image\":{\"@id\":\"https:\\\/\\\/ship-tracker.org\\\/rhone-maersk\\\/#primaryimage\"},\"thumbnailUrl\":\"https:\\\/\\\/ship-tracker.org\\\/wp-content\\\/uploads\\\/2023\\\/06\\\/maersk-tanjong-g275700498_640.jpg\",\"datePublished\":\"2023-06-29T14:04:20+00:00\",\"description\":\"RHONE MAERSK \u2693 Current location and position of MAERSK Vessel \u2713 Maersk container tracking \u2713 Live Ship Tracker \u2713 Container ship\",\"breadcrumb\":{\"@id\":\"https:\\\/\\\/ship-tracker.org\\\/rhone-maersk\\\/#breadcrumb\"},\"inLanguage\":\"nb-NO\",\"potentialAction\":[{\"@type\":\"ReadAction\",\"target\":[\"https:\\\/\\\/ship-tracker.org\\\/rhone-maersk\\\/\"]}]},{\"@type\":\"ImageObject\",\"inLanguage\":\"nb-NO\",\"@id\":\"https:\\\/\\\/ship-tracker.org\\\/rhone-maersk\\\/#primaryimage\",\"url\":\"https:\\\/\\\/ship-tracker.org\\\/wp-content\\\/uploads\\\/2023\\\/06\\\/maersk-tanjong-g275700498_640.jpg\",\"contentUrl\":\"https:\\\/\\\/ship-tracker.org\\\/wp-content\\\/uploads\\\/2023\\\/06\\\/maersk-tanjong-g275700498_640.jpg\",\"width\":640,\"height\":446,\"caption\":\"MAERSK ABERDEEN\"},{\"@type\":\"BreadcrumbList\",\"@id\":\"https:\\\/\\\/ship-tracker.org\\\/rhone-maersk\\\/#breadcrumb\",\"itemListElement\":[{\"@type\":\"ListItem\",\"position\":1,\"name\":\"Startseite\",\"item\":\"https:\\\/\\\/ship-tracker.org\\\/\"},{\"@type\":\"ListItem\",\"position\":2,\"name\":\"RHONE MAERSK\"}]},{\"@type\":\"WebSite\",\"@id\":\"https:\\\/\\\/ship-tracker.org\\\/#website\",\"url\":\"https:\\\/\\\/ship-tracker.org\\\/\",\"name\":\"Ship-tracker.org\",\"description\":\"\",\"potentialAction\":[{\"@type\":\"SearchAction\",\"target\":{\"@type\":\"EntryPoint\",\"urlTemplate\":\"https:\\\/\\\/ship-tracker.org\\\/?s={search_term_string}\"},\"query-input\":{\"@type\":\"PropertyValueSpecification\",\"valueRequired\":true,\"valueName\":\"search_term_string\"}}],\"inLanguage\":\"nb-NO\"}]}<\/script>\n<!-- \/ Yoast SEO plugin. -->","yoast_head_json":{"title":"RHONE MAERSK\u2503N\u00e5v\u00e6rende plassering og posisjon (lasteskip)","description":"RHONE MAERSK \u2693 N\u00e5v\u00e6rende plassering og posisjon til MAERSK-fart\u00f8yet \u2713 Maersk containersporing \u2713 Live Ship Tracker \u2713 Containerskip","robots":{"index":"index","follow":"follow","max-snippet":"max-snippet:-1","max-image-preview":"max-image-preview:large","max-video-preview":"max-video-preview:-1"},"canonical":"https:\/\/ship-tracker.org\/nb\/rhone-maersk\/","og_locale":"nb_NO","og_type":"article","og_title":"RHONE MAERSK\u2503Current location and position (cargo ship)","og_description":"RHONE MAERSK \u2693 Current location and position of MAERSK Vessel \u2713 Maersk container tracking \u2713 Live Ship Tracker \u2713 Container ship","og_url":"https:\/\/ship-tracker.org\/nb\/rhone-maersk\/","og_site_name":"Ship-tracker.org","og_image":[{"width":640,"height":446,"url":"https:\/\/ship-tracker.org\/wp-content\/uploads\/2023\/06\/maersk-tanjong-g275700498_640.jpg","type":"image\/jpeg"}],"twitter_card":"summary_large_image","twitter_misc":{"Ansl. lesetid":"1 minutt"},"schema":{"@context":"https:\/\/schema.org","@graph":[{"@type":"WebPage","@id":"https:\/\/ship-tracker.org\/rhone-maersk\/","url":"https:\/\/ship-tracker.org\/rhone-maersk\/","name":"RHONE MAERSK\u2503N\u00e5v\u00e6rende plassering og posisjon (lasteskip)","isPartOf":{"@id":"https:\/\/ship-tracker.org\/#website"},"primaryImageOfPage":{"@id":"https:\/\/ship-tracker.org\/rhone-maersk\/#primaryimage"},"image":{"@id":"https:\/\/ship-tracker.org\/rhone-maersk\/#primaryimage"},"thumbnailUrl":"https:\/\/ship-tracker.org\/wp-content\/uploads\/2023\/06\/maersk-tanjong-g275700498_640.jpg","datePublished":"2023-06-29T14:04:20+00:00","description":"RHONE MAERSK \u2693 N\u00e5v\u00e6rende plassering og posisjon til MAERSK-fart\u00f8yet \u2713 Maersk containersporing \u2713 Live Ship Tracker \u2713 Containerskip","breadcrumb":{"@id":"https:\/\/ship-tracker.org\/rhone-maersk\/#breadcrumb"},"inLanguage":"nb-NO","potentialAction":[{"@type":"ReadAction","target":["https:\/\/ship-tracker.org\/rhone-maersk\/"]}]},{"@type":"ImageObject","inLanguage":"nb-NO","@id":"https:\/\/ship-tracker.org\/rhone-maersk\/#primaryimage","url":"https:\/\/ship-tracker.org\/wp-content\/uploads\/2023\/06\/maersk-tanjong-g275700498_640.jpg","contentUrl":"https:\/\/ship-tracker.org\/wp-content\/uploads\/2023\/06\/maersk-tanjong-g275700498_640.jpg","width":640,"height":446,"caption":"MAERSK ABERDEEN"},{"@type":"BreadcrumbList","@id":"https:\/\/ship-tracker.org\/rhone-maersk\/#breadcrumb","itemListElement":[{"@type":"ListItem","position":1,"name":"Startseite","item":"https:\/\/ship-tracker.org\/"},{"@type":"ListItem","position":2,"name":"RHONE MAERSK"}]},{"@type":"WebSite","@id":"https:\/\/ship-tracker.org\/#website","url":"https:\/\/ship-tracker.org\/","name":"Ship-tracker.org","description":"","potentialAction":[{"@type":"SearchAction","target":{"@type":"EntryPoint","urlTemplate":"https:\/\/ship-tracker.org\/?s={search_term_string}"},"query-input":{"@type":"PropertyValueSpecification","valueRequired":true,"valueName":"search_term_string"}}],"inLanguage":"nb-NO"}]}},"_links":{"self":[{"href":"https:\/\/ship-tracker.org\/nb\/wp-json\/wp\/v2\/pages\/4021","targetHints":{"allow":["GET"]}}],"collection":[{"href":"https:\/\/ship-tracker.org\/nb\/wp-json\/wp\/v2\/pages"}],"about":[{"href":"https:\/\/ship-tracker.org\/nb\/wp-json\/wp\/v2\/types\/page"}],"author":[{"embeddable":true,"href":"https:\/\/ship-tracker.org\/nb\/wp-json\/wp\/v2\/users\/1"}],"replies":[{"embeddable":true,"href":"https:\/\/ship-tracker.org\/nb\/wp-json\/wp\/v2\/comments?post=4021"}],"version-history":[{"count":1,"href":"https:\/\/ship-tracker.org\/nb\/wp-json\/wp\/v2\/pages\/4021\/revisions"}],"predecessor-version":[{"id":4022,"href":"https:\/\/ship-tracker.org\/nb\/wp-json\/wp\/v2\/pages\/4021\/revisions\/4022"}],"wp:featuredmedia":[{"embeddable":true,"href":"https:\/\/ship-tracker.org\/nb\/wp-json\/wp\/v2\/media\/3637"}],"wp:attachment":[{"href":"https:\/\/ship-tracker.org\/nb\/wp-json\/wp\/v2\/media?parent=4021"}],"curies":[{"name":"wp","href":"https:\/\/api.w.org\/{rel}","templated":true}]}}