{"id":400,"date":"2017-09-15T22:26:10","date_gmt":"2017-09-15T20:26:10","guid":{"rendered":"http:\/\/ship-tracker.org\/?page_id=400"},"modified":"2021-11-08T21:04:41","modified_gmt":"2021-11-08T20:04:41","slug":"ship-tracker","status":"publish","type":"page","link":"https:\/\/ship-tracker.org\/nb\/","title":{"rendered":"Skipssporer"},"content":{"rendered":"<p><script async src=\"https:\/\/pagead2.googlesyndication.com\/pagead\/js\/adsbygoogle.js\"><\/script><br \/>\n<!-- Ship-Tracker Display --><br \/>\n<ins class=\"adsbygoogle\" style=\"display: block;\" data-ad-client=\"ca-pub-1316785063791781\" data-ad-slot=\"8075999632\" data-ad-format=\"auto\" data-full-width-responsive=\"true\"><\/ins><br \/>\n<script>\n     (adsbygoogle = window.adsbygoogle || []).push({});\n<\/script><\/p>\n<h2>Skipssporing \u2013 Hvordan fungerer sporing av fart\u00f8y og skip?<\/h2>\n<p><script type=\"text\/javascript\">\nwidth='100%';\nheight='450';\n<\/script><br \/>\n<script type=\"text\/javascript\" src=\"\/\/www.marinetraffic.com\/js\/embed.js\"><\/script><br \/>\n<script async src=\"https:\/\/pagead2.googlesyndication.com\/pagead\/js\/adsbygoogle.js\"><\/script><br \/>\n<!-- Schip-Tracker Linkanzeigen --><br \/>\n<ins class=\"adsbygoogle\" style=\"display: block;\" data-ad-client=\"ca-pub-1316785063791781\" data-ad-slot=\"3429004156\" data-ad-format=\"link\" data-full-width-responsive=\"true\"><\/ins><br \/>\n<script>\n     (adsbygoogle = window.adsbygoogle || []).push({});\n<\/script><\/p>\n<p class=\"p1\" style=\"text-align: justify;\"><span class=\"s1\">Sporing av skip med et museklikk \u2013 takket v\u00e6re internett er dette virkeligheten. Men hvordan kan du faktisk spore store fart\u00f8yer og skip av alle typer? Hvordan kan du bruke de riktige plattformene til din fordel, og hvordan kan du finne ut hvilken type skip du nettopp har valgt? Finn her all informasjon om skipssporing og finn ut s\u00e5 mye kunnskap som mulig om skipet du velger!<\/span><\/p>\n<h2 class=\"p1\"><span class=\"s1\">Hvordan fungerer en skipssporing?<\/span><\/h2>\n<p class=\"p1\" style=\"text-align: justify;\"><span class=\"s1\">Tusenvis av store skip cruiser over havene hver eneste dag. Hvert av disse skipene bruker sporing kalt &quot;Automatic Identification System&quot;. Dette skipsporingsprogrammet hjelper til med \u00e5 unng\u00e5 kollisjoner og fungerer ogs\u00e5 som en m\u00e5te \u00e5 finne skip raskt i n\u00f8dssituasjoner. Et par selskaper har fokusert p\u00e5 \u00e5 tilby n\u00f8yaktig skipssporing i sanntid online. De bruker skipssporingsdata og AIS-sporing og leverer kart p\u00e5 nettet, som viser fart\u00f8y og skip i sanntid. AIS er en fascinerende teknologi som redder liv og gj\u00f8r marin transport mye enklere, men som ogs\u00e5 gir verdifull innsikt om marin industri over hele verden.<\/span><\/p>\n<h2 class=\"p1\"><span class=\"s1\">Hva inneholder en AIS-melding?<\/span><\/h2>\n<p class=\"p1\" style=\"text-align: justify;\"><span class=\"s1\">Det &quot;automatiske identifikasjonssystemet&quot; gir mye informasjon. Hver eneste melding viser GPS-posisjonen til avsenderen. I tillegg inneholder den Speed Over Ground (\u201cSOG\u201d) \u2013 grovt sett den faktiske hastigheten til skipet. Videre gir AIS kurs over bakken (&quot;COG&quot;). S\u00e5 du vet ogs\u00e5 i hvilken retning fart\u00f8yet er p\u00e5 vei. Ettersom du ogs\u00e5 mottar den unike fart\u00f8y-ID-en til skipet, kan du vanligvis finne mer informasjon om den spesifikke b\u00e5ten du ser p\u00e5. Dette er grunnen til at gratis skipsporingsnettsteder er i stand til \u00e5 gi en s\u00e5 stor mengde data.<\/span><\/p>\n<h2 class=\"p1\"><span class=\"s1\">Hva kan du enkelt finne p\u00e5 et skipsporingsnettsted?<\/span><\/h2>\n<p class=\"p1\" style=\"text-align: justify;\"><span class=\"s1\">Gratis sporing av levende skip er ikke begrenset til gjeldende posisjon, som vi diskuterte i forrige avsnitt. Det gir faktisk langt mer enn det. Som et eksempel, nettstedet <a href=\"https:\/\/www.marinetraffic.com\/\" target=\"_blank\" rel=\"noopener noreferrer\"><span class=\"s2\">MarineTraffic<\/span><\/a> gir mye informasjon. Du kan finne f\u00f8lgende data:<\/span><\/p>\n<ul class=\"ul1\">\n<li class=\"li1\"><span class=\"s1\">dypg\u00e5ende til skipet<\/span><\/li>\n<li class=\"li1\"><span class=\"s1\">lengde og bred<\/span><\/li>\n<li class=\"li1\"><span class=\"s1\">&quot;nasjonalitet&quot; til skipet - hvor fikk skipet lisensen?<\/span><\/li>\n<li class=\"li1\"><span class=\"s1\">m\u00e5l<\/span><\/li>\n<li class=\"li1\"><span class=\"s1\">gjennomsnittsfart i knop<\/span><\/li>\n<li class=\"li1\"><span class=\"s1\">maksimal hastighet i knop<\/span><\/li>\n<li class=\"li1\"><span class=\"s1\">n\u00e5v\u00e6rende kurs (vinkel)<\/span><\/li>\n<li class=\"li1\"><span class=\"s1\">beregnet ankomsttid (&quot;ETA&quot;)<\/span><\/li>\n<li class=\"li1\"><span class=\"s1\">faktisk avgangstidspunkt (&quot;ATD&quot;)<\/span><\/li>\n<\/ul>\n<figure id=\"attachment_2025\" aria-describedby=\"caption-attachment-2025\" style=\"width: 768px\" class=\"wp-caption aligncenter\"><img loading=\"lazy\" decoding=\"async\" class=\"wp-image-2025 size-full\" src=\"https:\/\/ship-tracker.org\/wp-content\/uploads\/2020\/04\/karte-kreuzfahrt-kreuzfahrtschiff-schiffsposition-schiffsradar-768x388-1.jpg\" alt=\"Sj\u00f8trafikk\" width=\"768\" height=\"388\" srcset=\"https:\/\/ship-tracker.org\/wp-content\/uploads\/2020\/04\/karte-kreuzfahrt-kreuzfahrtschiff-schiffsposition-schiffsradar-768x388-1.jpg 768w, https:\/\/ship-tracker.org\/wp-content\/uploads\/2020\/04\/karte-kreuzfahrt-kreuzfahrtschiff-schiffsposition-schiffsradar-768x388-1-300x152.jpg 300w\" sizes=\"auto, (max-width: 768px) 100vw, 768px\" \/><figcaption id=\"caption-attachment-2025\" class=\"wp-caption-text\">Skjermbilde \u00a9 Marinetraffic.com<\/figcaption><\/figure>\n<p class=\"p1\"><span class=\"s1\">Det er mye mer data tilgjengelig p\u00e5 nettsiden. For mer detaljert informasjon m\u00e5 du betale for \u00e5 motta all innsikt.<\/span><\/p>\n<h3 class=\"p1\"><span class=\"s1\">Vesselfinder \u2013 Et attraktivt alternativ til MarineTraffic<\/span><\/h3>\n<p class=\"p1\" style=\"text-align: justify;\"><span class=\"s1\">Selvf\u00f8lgelig vil du ikke n\u00f8dvendigvis betale for et premium-medlemskap. Det er derfor nettsiden <a href=\"http:\/\/www.vesselfinder.com\" target=\"_blank\" rel=\"noopener noreferrer\"><span class=\"s2\">Schiffsiffs<\/span><\/a> passer utmerket som alternativ. Mens begge nettstedene har et ganske likt live-kart over alle kommersielle skip over hele verden, er det noen f\u00e5 forskjeller. Hovedsakelig f\u00e5r du ganske enkelt mye mer informasjon om hvert skip som seiler akkurat n\u00e5.<\/span><\/p>\n<figure id=\"attachment_2727\" aria-describedby=\"caption-attachment-2727\" style=\"width: 900px\" class=\"wp-caption aligncenter\"><img loading=\"lazy\" decoding=\"async\" class=\"wp-image-2727 size-full\" src=\"https:\/\/ship-tracker.org\/wp-content\/uploads\/2020\/05\/Unbenannt44-e1589046113367.png\" alt=\"Vesselfinder\" width=\"900\" height=\"455\" srcset=\"https:\/\/ship-tracker.org\/wp-content\/uploads\/2020\/05\/Unbenannt44-e1589046113367.png 900w, https:\/\/ship-tracker.org\/wp-content\/uploads\/2020\/05\/Unbenannt44-e1589046113367-300x152.png 300w, https:\/\/ship-tracker.org\/wp-content\/uploads\/2020\/05\/Unbenannt44-e1589046113367-768x388.png 768w\" sizes=\"auto, (max-width: 900px) 100vw, 900px\" \/><figcaption id=\"caption-attachment-2727\" class=\"wp-caption-text\">Skjermbilde \u00a9 Vesselfinder.com<\/figcaption><\/figure>\n<p class=\"p1\" style=\"text-align: justify;\"><span class=\"s1\">Du kan for eksempel finne ut hvor det valgte skipet sist oppholdt seg. Var det havn i Hamburg eller for eksempel Bremerhaven? Du kan finne ut ved \u00e5 klikke p\u00e5 skipet. Du finner mye mer informasjon bare tilgjengelig gratis uten krav om medlemskap.<\/span><\/p>\n<h3 class=\"p1\"><span class=\"s1\">Hvordan kan du dra nytte av gratis skipsporing?<\/span><\/h3>\n<p class=\"p1\" style=\"text-align: justify;\"><span class=\"s1\">F\u00f8rst og fremst er det ganske enkelt interessant for mange mennesker der ute. Den maritime industrien har v\u00e6rt en fascinasjon i \u00e5rhundrer, og den sterke interessen vedvarer frem til i dag. Derfor sjekker de fleste en skipsporing som hobby og interesse, da du kan finne mye informasjon om skip. Som er kunnskap som andre mennesker, som ikke er kjent med ideen om en skipsporing, kanskje ikke har.<\/span><\/p>\n<p class=\"p1\" style=\"text-align: justify;\"><span class=\"s1\">Men selvf\u00f8lgelig kan du bruke en skipsporing ogs\u00e5 som en praktisk m\u00e5te \u00e5 tilegne seg mer kunnskap for \u00e5 forst\u00e5 hverdagen bedre. For eksempel kan du f\u00f8lge veien til handelsskip som reiser fra Kina til Europa. Du kan spore rutene deres og selv sjekke hvor langt de g\u00e5r. Dette kan v\u00e6re interessant for deg, hvis du brenner for forurensning og klimaendringer.<\/span><\/p>\n<h2 class=\"p1\"><span class=\"s1\">Praktisk bruk av skipssporing<\/span><\/h2>\n<p class=\"p1\" style=\"text-align: justify;\"><span class=\"s1\">\u00c5penbart skipsporingssider som Schiffsradar og MarineTraffic er ikke bare laget for folk som bare er nysgjerrige p\u00e5 skip i havet. Disse skipsporingsnettstedene tilbyr praktisk bruk for mange mennesker over hele verden.<\/span><\/p>\n<p class=\"p1\" style=\"text-align: justify;\"><span class=\"s1\">For eksempel kan du ha mye nytte av skipssporere hvis du bestemmer deg for \u00e5 velge \u00e5 g\u00e5 p\u00e5 maritime studier etter finalen. For eksempel, hvis du velger \u00e5 studere sj\u00f8rett, kan du l\u00e6re mye ved \u00e5 sjekke juridiske data om fart\u00f8y og skip som seiler akkurat n\u00e5. Under hvilke flagg seiler de fleste skip i verden? Seiler alle skip over hele verden lovlig eller er det skip som ikke f\u00f8lger loven \u2013 for eksempel n\u00e5r det handler om maksimal kapasitet eller ISO-standarder (generelle regler for alle containerskip).<\/span><\/p>\n<h3 class=\"p1\"><span class=\"s1\">Andre ideer om hvordan du bruker skipsporing<\/span><\/h3>\n<p class=\"p1\" style=\"text-align: justify;\"><span class=\"s1\">Det er mange alternativer du kan bruke for \u00e5 finne ut mer om ditt marine milj\u00f8. For eksempel kan du ta et eksempel p\u00e5 &quot;Ports Near Me&quot;-alternativet. Dette gj\u00f8r at du kan finne havner som er n\u00e6r hjembyen din, hvis du bor n\u00e6r sj\u00f8en. Skipssporingsnettsteder som MarineTraffic er ogs\u00e5 veldig nyttige n\u00e5r du er p\u00e5 ferie og kanskje vil bruke litt tid p\u00e5 lokale havner. Maritim kultur og havnemilj\u00f8 har vanligvis alltid en unik atmosf\u00e6re. Det er forskjellig i alle land, s\u00e5 det vil v\u00e6re en ny opplevelse for deg \u2013 uansett om du er i Shanghai, Kina eller Hamburg, Tyskland.<\/span><\/p>\n<h2 class=\"p1\"><span class=\"s1\">Hvordan finner jeg mer informasjon om hvordan skipsporing fungerer?<\/span><\/h2>\n<p class=\"p1\" style=\"text-align: justify;\"><span class=\"s1\">Skipsporing og AIS spiller en stor rolle i den maritime verden. Derfor kan du finne tonnevis med informasjon p\u00e5 internett. Nettsteder som f.eks <a href=\"http:\/\/www.marineinsight.com\" target=\"_blank\" rel=\"noopener noreferrer\"><span class=\"s2\">www.marineinsight.com<\/span><\/a> gi en rekke artikler om ulike emner som vil hjelpe deg \u00e5 forst\u00e5 den maritime verden fullt ut. De dekker ogs\u00e5 artikler og nyheter om AIS og andre systemer. <\/span><\/p>\n<h3 class=\"p1\"><span class=\"s1\">Sammendrag \u2013 Hvorfor skipssporing b\u00f8r v\u00e6re kjent for deg<\/span><\/h3>\n<p class=\"p1\" style=\"text-align: justify;\"><span class=\"s1\">Forsendelse av store mengder varer over havet ved hjelp av enorme containerskip bidro i hovedsak til v\u00e5r h\u00f8ye levestandard og rikdom. Det er en enormt billig og p\u00e5litelig transportform som har blitt enormt optimalisert de siste ti\u00e5rene. Ved \u00e5 bruke en skipsporing kan du finne hvert fart\u00f8y og hvert handelsskip med en unik fart\u00f8y-ID med bare noen f\u00e5 museklikk. Det er ikke bare interessant \u00e5 sjekke det ut \u2013 \u00e5 bruke tid p\u00e5 det vil berike perspektivet ditt p\u00e5 verdenshandel og mange andre aspekter.<\/span><\/p>\n<p><script async src=\"https:\/\/pagead2.googlesyndication.com\/pagead\/js\/adsbygoogle.js\"><\/script><br \/>\n<!-- Ship-Tracker Display --><br \/>\n<ins class=\"adsbygoogle\" style=\"display: block;\" data-ad-client=\"ca-pub-1316785063791781\" data-ad-slot=\"8075999632\" data-ad-format=\"auto\" data-full-width-responsive=\"true\"><\/ins><br \/>\n<script>\n     (adsbygoogle = window.adsbygoogle || []).push({});\n<\/script><\/p>\n<p>Se alt <a href=\"https:\/\/ship-tracker.org\/nb\/cruise-ship-tracker\/\">Cruiseskips n\u00e5v\u00e6rende plassering.<\/a> Posisjonen til cruiseskip kan bestemmes n\u00f8yaktig av kartene over <a href=\"https:\/\/ship-tracker.org\/nb\/vesselfinder\/\">Schiffsiffs<\/a> og <a href=\"https:\/\/ship-tracker.org\/nb\/marinetraffic\/\">MarineTraffic<\/a>. S\u00e5 du er alltid godt informert om hvor favorittskipet ditt er for \u00f8yeblikket.<\/p>\n<p>&nbsp;<\/p>","protected":false},"excerpt":{"rendered":"<p>Skipssporing \u2013 Hvordan fungerer sporing av fart\u00f8y og skip? Sporing av skip med et museklikk \u2013 takket v\u00e6re internett er dette virkeligheten. Men hvordan kan du faktisk spore store fart\u00f8yer og skip av alle typer? Hvordan kan du bruke de riktige plattformene til din fordel, og hvordan kan du bestemme...&nbsp;<a href=\"https:\/\/ship-tracker.org\/nb\/\" rel=\"bookmark\">Les mer \u00bb<span class=\"screen-reader-text\">Skipssporer<\/span><\/a><\/p>","protected":false},"author":1,"featured_media":2025,"parent":0,"menu_order":0,"comment_status":"closed","ping_status":"closed","template":"","meta":{"neve_meta_sidebar":"","neve_meta_container":"","neve_meta_enable_content_width":"","neve_meta_content_width":0,"neve_meta_title_alignment":"","neve_meta_author_avatar":"","neve_post_elements_order":"","neve_meta_disable_header":"","neve_meta_disable_footer":"","neve_meta_disable_title":"","neve_meta_reading_time":"","footnotes":""},"class_list":["post-400","page","type-page","status-publish","has-post-thumbnail","hentry"],"yoast_head":"<!-- This site is optimized with the Yoast SEO plugin v26.9 - https:\/\/yoast.com\/product\/yoast-seo-wordpress\/ -->\n<title>Ship Tracker \u2503How does tracking vessels and ships work?<\/title>\n<meta name=\"description\" content=\"Ship Tracker \u2693 Current position of All Cruise-ships \u2713 Live Ship Tracker \u2713 Review and Specifications \u2713 Webcam \u2713 Ship Tracking\" \/>\n<meta name=\"robots\" content=\"index, follow, max-snippet:-1, max-image-preview:large, max-video-preview:-1\" \/>\n<link rel=\"canonical\" href=\"https:\/\/ship-tracker.org\/nb\/\" \/>\n<meta property=\"og:locale\" content=\"nb_NO\" \/>\n<meta property=\"og:type\" content=\"article\" \/>\n<meta property=\"og:title\" content=\"Ship Tracker \u2503How does tracking vessels and ships work?\" \/>\n<meta property=\"og:description\" content=\"Ship Tracker \u2693 Current position of All Cruise-ships \u2713 Live Ship Tracker \u2713 Review and Specifications \u2713 Webcam \u2713 Ship Tracking\" \/>\n<meta property=\"og:url\" content=\"https:\/\/ship-tracker.org\/nb\/\" \/>\n<meta property=\"og:site_name\" content=\"Ship-tracker.org\" \/>\n<meta property=\"article:modified_time\" content=\"2021-11-08T20:04:41+00:00\" \/>\n<meta property=\"og:image\" content=\"https:\/\/ship-tracker.org\/wp-content\/uploads\/2020\/04\/karte-kreuzfahrt-kreuzfahrtschiff-schiffsposition-schiffsradar-768x388-1.jpg\" \/>\n\t<meta property=\"og:image:width\" content=\"768\" \/>\n\t<meta property=\"og:image:height\" content=\"388\" \/>\n\t<meta property=\"og:image:type\" content=\"image\/jpeg\" \/>\n<meta name=\"twitter:card\" content=\"summary_large_image\" \/>\n<meta name=\"twitter:label1\" content=\"Ansl. lesetid\" \/>\n\t<meta name=\"twitter:data1\" content=\"6 minutter\" \/>\n<script type=\"application\/ld+json\" class=\"yoast-schema-graph\">{\"@context\":\"https:\/\/schema.org\",\"@graph\":[{\"@type\":\"WebPage\",\"@id\":\"https:\/\/ship-tracker.org\/\",\"url\":\"https:\/\/ship-tracker.org\/\",\"name\":\"Ship Tracker \u2503How does tracking vessels and ships work?\",\"isPartOf\":{\"@id\":\"https:\/\/ship-tracker.org\/#website\"},\"primaryImageOfPage\":{\"@id\":\"https:\/\/ship-tracker.org\/#primaryimage\"},\"image\":{\"@id\":\"https:\/\/ship-tracker.org\/#primaryimage\"},\"thumbnailUrl\":\"https:\/\/ship-tracker.org\/wp-content\/uploads\/2020\/04\/karte-kreuzfahrt-kreuzfahrtschiff-schiffsposition-schiffsradar-768x388-1.jpg\",\"datePublished\":\"2017-09-15T20:26:10+00:00\",\"dateModified\":\"2021-11-08T20:04:41+00:00\",\"description\":\"Ship Tracker \u2693 Current position of All Cruise-ships \u2713 Live Ship Tracker \u2713 Review and Specifications \u2713 Webcam \u2713 Ship Tracking\",\"breadcrumb\":{\"@id\":\"https:\/\/ship-tracker.org\/#breadcrumb\"},\"inLanguage\":\"nb-NO\",\"potentialAction\":[{\"@type\":\"ReadAction\",\"target\":[\"https:\/\/ship-tracker.org\/\"]}]},{\"@type\":\"ImageObject\",\"inLanguage\":\"nb-NO\",\"@id\":\"https:\/\/ship-tracker.org\/#primaryimage\",\"url\":\"https:\/\/ship-tracker.org\/wp-content\/uploads\/2020\/04\/karte-kreuzfahrt-kreuzfahrtschiff-schiffsposition-schiffsradar-768x388-1.jpg\",\"contentUrl\":\"https:\/\/ship-tracker.org\/wp-content\/uploads\/2020\/04\/karte-kreuzfahrt-kreuzfahrtschiff-schiffsposition-schiffsradar-768x388-1.jpg\",\"width\":768,\"height\":388,\"caption\":\"MarineTraffic\"},{\"@type\":\"BreadcrumbList\",\"@id\":\"https:\/\/ship-tracker.org\/#breadcrumb\",\"itemListElement\":[{\"@type\":\"ListItem\",\"position\":1,\"name\":\"Startseite\",\"item\":\"https:\/\/ship-tracker.org\/\"},{\"@type\":\"ListItem\",\"position\":2,\"name\":\"Ship Tracker\"}]},{\"@type\":\"WebSite\",\"@id\":\"https:\/\/ship-tracker.org\/#website\",\"url\":\"https:\/\/ship-tracker.org\/\",\"name\":\"Ship-tracker.org\",\"description\":\"\",\"potentialAction\":[{\"@type\":\"SearchAction\",\"target\":{\"@type\":\"EntryPoint\",\"urlTemplate\":\"https:\/\/ship-tracker.org\/?s={search_term_string}\"},\"query-input\":{\"@type\":\"PropertyValueSpecification\",\"valueRequired\":true,\"valueName\":\"search_term_string\"}}],\"inLanguage\":\"nb-NO\"}]}<\/script>\n<!-- \/ Yoast SEO plugin. -->","yoast_head_json":{"title":"Ship Tracker \u2503Hvordan fungerer sporing av fart\u00f8y og skip?","description":"Ship Tracker \u2693 N\u00e5v\u00e6rende posisjon for alle cruiseskip \u2713 Live Ship Tracker \u2713 Gjennomgang og spesifikasjoner \u2713 Webkamera \u2713 Skipssporing","robots":{"index":"index","follow":"follow","max-snippet":"max-snippet:-1","max-image-preview":"max-image-preview:large","max-video-preview":"max-video-preview:-1"},"canonical":"https:\/\/ship-tracker.org\/nb\/","og_locale":"nb_NO","og_type":"article","og_title":"Ship Tracker \u2503How does tracking vessels and ships work?","og_description":"Ship Tracker \u2693 Current position of All Cruise-ships \u2713 Live Ship Tracker \u2713 Review and Specifications \u2713 Webcam \u2713 Ship Tracking","og_url":"https:\/\/ship-tracker.org\/nb\/","og_site_name":"Ship-tracker.org","article_modified_time":"2021-11-08T20:04:41+00:00","og_image":[{"width":768,"height":388,"url":"https:\/\/ship-tracker.org\/wp-content\/uploads\/2020\/04\/karte-kreuzfahrt-kreuzfahrtschiff-schiffsposition-schiffsradar-768x388-1.jpg","type":"image\/jpeg"}],"twitter_card":"summary_large_image","twitter_misc":{"Ansl. lesetid":"6 minutter"},"schema":{"@context":"https:\/\/schema.org","@graph":[{"@type":"WebPage","@id":"https:\/\/ship-tracker.org\/","url":"https:\/\/ship-tracker.org\/","name":"Ship Tracker \u2503Hvordan fungerer sporing av fart\u00f8y og skip?","isPartOf":{"@id":"https:\/\/ship-tracker.org\/#website"},"primaryImageOfPage":{"@id":"https:\/\/ship-tracker.org\/#primaryimage"},"image":{"@id":"https:\/\/ship-tracker.org\/#primaryimage"},"thumbnailUrl":"https:\/\/ship-tracker.org\/wp-content\/uploads\/2020\/04\/karte-kreuzfahrt-kreuzfahrtschiff-schiffsposition-schiffsradar-768x388-1.jpg","datePublished":"2017-09-15T20:26:10+00:00","dateModified":"2021-11-08T20:04:41+00:00","description":"Ship Tracker \u2693 N\u00e5v\u00e6rende posisjon for alle cruiseskip \u2713 Live Ship Tracker \u2713 Gjennomgang og spesifikasjoner \u2713 Webkamera \u2713 Skipssporing","breadcrumb":{"@id":"https:\/\/ship-tracker.org\/#breadcrumb"},"inLanguage":"nb-NO","potentialAction":[{"@type":"ReadAction","target":["https:\/\/ship-tracker.org\/"]}]},{"@type":"ImageObject","inLanguage":"nb-NO","@id":"https:\/\/ship-tracker.org\/#primaryimage","url":"https:\/\/ship-tracker.org\/wp-content\/uploads\/2020\/04\/karte-kreuzfahrt-kreuzfahrtschiff-schiffsposition-schiffsradar-768x388-1.jpg","contentUrl":"https:\/\/ship-tracker.org\/wp-content\/uploads\/2020\/04\/karte-kreuzfahrt-kreuzfahrtschiff-schiffsposition-schiffsradar-768x388-1.jpg","width":768,"height":388,"caption":"MarineTraffic"},{"@type":"BreadcrumbList","@id":"https:\/\/ship-tracker.org\/#breadcrumb","itemListElement":[{"@type":"ListItem","position":1,"name":"Startseite","item":"https:\/\/ship-tracker.org\/"},{"@type":"ListItem","position":2,"name":"Ship Tracker"}]},{"@type":"WebSite","@id":"https:\/\/ship-tracker.org\/#website","url":"https:\/\/ship-tracker.org\/","name":"Ship-tracker.org","description":"","potentialAction":[{"@type":"SearchAction","target":{"@type":"EntryPoint","urlTemplate":"https:\/\/ship-tracker.org\/?s={search_term_string}"},"query-input":{"@type":"PropertyValueSpecification","valueRequired":true,"valueName":"search_term_string"}}],"inLanguage":"nb-NO"}]}},"_links":{"self":[{"href":"https:\/\/ship-tracker.org\/nb\/wp-json\/wp\/v2\/pages\/400","targetHints":{"allow":["GET"]}}],"collection":[{"href":"https:\/\/ship-tracker.org\/nb\/wp-json\/wp\/v2\/pages"}],"about":[{"href":"https:\/\/ship-tracker.org\/nb\/wp-json\/wp\/v2\/types\/page"}],"author":[{"embeddable":true,"href":"https:\/\/ship-tracker.org\/nb\/wp-json\/wp\/v2\/users\/1"}],"replies":[{"embeddable":true,"href":"https:\/\/ship-tracker.org\/nb\/wp-json\/wp\/v2\/comments?post=400"}],"version-history":[{"count":10,"href":"https:\/\/ship-tracker.org\/nb\/wp-json\/wp\/v2\/pages\/400\/revisions"}],"predecessor-version":[{"id":3281,"href":"https:\/\/ship-tracker.org\/nb\/wp-json\/wp\/v2\/pages\/400\/revisions\/3281"}],"wp:featuredmedia":[{"embeddable":true,"href":"https:\/\/ship-tracker.org\/nb\/wp-json\/wp\/v2\/media\/2025"}],"wp:attachment":[{"href":"https:\/\/ship-tracker.org\/nb\/wp-json\/wp\/v2\/media?parent=400"}],"curies":[{"name":"wp","href":"https:\/\/api.w.org\/{rel}","templated":true}]}}