{"id":3597,"date":"2023-06-14T15:13:28","date_gmt":"2023-06-14T13:13:28","guid":{"rendered":"https:\/\/ship-tracker.org\/?page_id=3597"},"modified":"2024-11-10T22:20:54","modified_gmt":"2024-11-10T21:20:54","slug":"military-ship-tracker","status":"publish","type":"page","link":"https:\/\/ship-tracker.org\/nb\/military-ship-tracker\/","title":{"rendered":"Milit\u00e6r skipsporing"},"content":{"rendered":"<p>Spor alle krigsskip over hele verden med v\u00e5r milit\u00e6re skipsporing 24\/7 i sanntid! F\u00e5 diverse tilleggsinformasjon ved \u00e5 klikke p\u00e5 et skipsikon p\u00e5 kartet.<\/p>\n<h2>Global Warships Live Map<\/h2>\n<p><iframe loading=\"lazy\" id=\"vesselfinder\" src=\"https:\/\/www.vesselfinder.com\/aismap?zoom=undefined&amp;lat=49&amp;lon=6.3&amp;width=100%25&amp;height=736&amp;names=true&amp;track=false&amp;fleet=&amp;fleet_name=false&amp;fleet_hide_old_positions=false&amp;clicktoact=false&amp;store_pos=true&amp;fil=4&amp;ra=https%3A%2F%2Fwww.marinevesseltraffic.com%2F2013%2F02%2Fmilitary-ship-track.html%3Ffull_screen%3Dyes\" name=\"vesselfinder\" width=\"100%\" height=\"736\" frameborder=\"0\" data-dashlane-frameid=\"382\">Nettleseren st\u00f8tter ikke innebygde objekter.<br \/>\nBes\u00f8k direkte <a href=\"https:\/\/www.vesselfinder.com\" target=\"_blank\" rel=\"noopener\">www.vesselfinder.com<\/a><\/iframe><br \/>\nMilit\u00e6r skipsporing spiller en kritisk rolle i de strategiske operasjonene til mariner over hele verden. Det gj\u00f8r det mulig for marinene \u00e5 overv\u00e5ke fart\u00f8yenes posisjoner, forbedre operasjonell effektivitet og sikre maritim sikkerhet.<\/p>\n<h2>Viktigheten av milit\u00e6r skipssporing<\/h2>\n<p>Skipssporing i milit\u00e6r sammenheng er viktig av flere grunner:<\/p>\n<ol>\n<li><strong>Taktisk bevissthet:<\/strong> Sanntidssporing gir marinene et n\u00f8yaktig bilde av sine eiendelers plassering, noe som bidrar til forbedret taktisk bevissthet og beslutningstaking.<\/li>\n<li><strong>Operasjonell effektivitet:<\/strong> Det hjelper til med \u00e5 optimalisere utplasseringen og rutingen av marinefart\u00f8yer, og dermed \u00f8ke operasjonell effektivitet og spare ressurser.<\/li>\n<li><strong>Trygghet og sikkerhet:<\/strong> Sporing kan bidra til \u00e5 forhindre ulykker ved \u00e5 identifisere potensielle kollisjonskurser. Det forbedrer ogs\u00e5 sikkerheten ved \u00e5 varsle kommandosentraler om uplanlagte avvik, som kan indikere en potensiell trussel eller n\u00f8dsituasjon.<\/li>\n<\/ol>\n<h2>Teknologi<\/h2>\n<p>Flere teknologier muliggj\u00f8r sporing av milit\u00e6re skip:<\/p>\n<ol>\n<li><strong>Radarsystemer:<\/strong> Radarsystemer, for eksempel Automatic Identification System (AIS), brukes ofte til \u00e5 spore skip. Milit\u00e6re fart\u00f8yer sl\u00e5r imidlertid ofte av AIS-transpondere av sikkerhetsgrunner, da det ogs\u00e5 kan oppdages av motstandere.<\/li>\n<li><strong>Satellittoverv\u00e5king:<\/strong> Satellitter gir en global oversikt over havene, slik at milit\u00e6re kan overv\u00e5ke fart\u00f8yene sine, spesielt i avsidesliggende omr\u00e5der.<\/li>\n<li><strong>Ekkoloddsystemer:<\/strong> Ekkoloddsystemer under vann kan spore ub\u00e5ter og andre milit\u00e6re undervannsressurser.<\/li>\n<\/ol>\n<p>Utfordringer og fremtidig utvikling:<\/p>\n<p>Mens sporing av milit\u00e6re skip gir mange fordeler, kommer det ogs\u00e5 med sine utfordringer. Den strategiske informasjonen som er involvert gj\u00f8r sikkerhet til en topp prioritet. Avansert kryptering og andre cybersikkerhetstiltak er n\u00f8dvendig for \u00e5 hindre motstandere i \u00e5 fange opp sporingsdata.<\/p>\n<p>I tillegg kan sporing i avsidesliggende omr\u00e5der, som Arktis, v\u00e6re utfordrende p\u00e5 grunn av mangel p\u00e5 infrastruktur og t\u00f8ffe milj\u00f8forhold. Nye teknologier som ubemannede droner og AI forventes \u00e5 forbedre sporingsevnen i slike regioner.<\/p>\n<h3>Konklusjon<\/h3>\n<p>Milit\u00e6ret <a href=\"https:\/\/ship-tracker.org\/nb\/\">skipssporer<\/a> er en strategisk n\u00f8dvendighet som bidrar betydelig til en marines operasjonelle effektivitet, sikkerhet og sikkerhet. Etter hvert som teknologiske fremskritt fortsetter, vil sporingssystemer bli enda mer n\u00f8yaktige, p\u00e5litelige og sikre, noe som ytterligere \u00f8ker deres strategiske verdi i maritime operasjoner.<\/p>","protected":false},"excerpt":{"rendered":"<p>Spor alle krigsskip over hele verden med v\u00e5r milit\u00e6re skipsporing 24\/7 i sanntid! F\u00e5 diverse tilleggsinformasjon ved \u00e5 klikke p\u00e5 et skipsikon p\u00e5 kartet. Global Warships Live Map Browser st\u00f8tter ikke innebygde objekter. Bes\u00f8k direkte www.vesselfinder.com Milit\u00e6r skipssporing spiller en kritisk rolle i de strategiske operasjonene til mariner over hele verden. Det muliggj\u00f8r\u2026&nbsp;<a href=\"https:\/\/ship-tracker.org\/nb\/military-ship-tracker\/\" rel=\"bookmark\">Les mer \u00bb<span class=\"screen-reader-text\">Milit\u00e6r skipsporing<\/span><\/a><\/p>","protected":false},"author":1,"featured_media":3599,"parent":0,"menu_order":0,"comment_status":"closed","ping_status":"closed","template":"","meta":{"neve_meta_sidebar":"","neve_meta_container":"","neve_meta_enable_content_width":"off","neve_meta_content_width":100,"neve_meta_title_alignment":"","neve_meta_author_avatar":"","neve_post_elements_order":"","neve_meta_disable_header":"","neve_meta_disable_footer":"","neve_meta_disable_title":"","neve_meta_reading_time":"","footnotes":""},"class_list":["post-3597","page","type-page","status-publish","has-post-thumbnail","hentry"],"yoast_head":"<!-- This site is optimized with the Yoast SEO plugin v26.9 - https:\/\/yoast.com\/product\/yoast-seo-wordpress\/ -->\n<title>Military Ship Tracker - Ship-tracker.org<\/title>\n<meta name=\"description\" content=\"Military Ship Tracker \u2693 Current position of All warships \u2713 Live Ship Tracker \u2713 IMO, MMSI and Specifications \u2713 Live Map by country\" \/>\n<meta name=\"robots\" content=\"index, follow, max-snippet:-1, max-image-preview:large, max-video-preview:-1\" \/>\n<link rel=\"canonical\" href=\"https:\/\/ship-tracker.org\/nb\/military-ship-tracker\/\" \/>\n<meta property=\"og:locale\" content=\"nb_NO\" \/>\n<meta property=\"og:type\" content=\"article\" \/>\n<meta property=\"og:title\" content=\"Military Ship Tracker - Ship-tracker.org\" \/>\n<meta property=\"og:description\" content=\"Military Ship Tracker \u2693 Current position of All warships \u2713 Live Ship Tracker \u2713 IMO, MMSI and Specifications \u2713 Live Map by country\" \/>\n<meta property=\"og:url\" content=\"https:\/\/ship-tracker.org\/nb\/military-ship-tracker\/\" \/>\n<meta property=\"og:site_name\" content=\"Ship-tracker.org\" \/>\n<meta property=\"article:modified_time\" content=\"2024-11-10T21:20:54+00:00\" \/>\n<meta property=\"og:image\" content=\"https:\/\/ship-tracker.org\/wp-content\/uploads\/2023\/06\/ships-g5e179667c_640.jpg\" \/>\n\t<meta property=\"og:image:width\" content=\"640\" \/>\n\t<meta property=\"og:image:height\" content=\"420\" \/>\n\t<meta property=\"og:image:type\" content=\"image\/jpeg\" \/>\n<meta name=\"twitter:card\" content=\"summary_large_image\" \/>\n<meta name=\"twitter:label1\" content=\"Ansl. lesetid\" \/>\n\t<meta name=\"twitter:data1\" content=\"2 minutter\" \/>\n<script type=\"application\/ld+json\" class=\"yoast-schema-graph\">{\"@context\":\"https:\/\/schema.org\",\"@graph\":[{\"@type\":\"WebPage\",\"@id\":\"https:\/\/ship-tracker.org\/military-ship-tracker\/\",\"url\":\"https:\/\/ship-tracker.org\/military-ship-tracker\/\",\"name\":\"Military Ship Tracker - Ship-tracker.org\",\"isPartOf\":{\"@id\":\"https:\/\/ship-tracker.org\/#website\"},\"primaryImageOfPage\":{\"@id\":\"https:\/\/ship-tracker.org\/military-ship-tracker\/#primaryimage\"},\"image\":{\"@id\":\"https:\/\/ship-tracker.org\/military-ship-tracker\/#primaryimage\"},\"thumbnailUrl\":\"https:\/\/ship-tracker.org\/wp-content\/uploads\/2023\/06\/ships-g5e179667c_640.jpg\",\"datePublished\":\"2023-06-14T13:13:28+00:00\",\"dateModified\":\"2024-11-10T21:20:54+00:00\",\"description\":\"Military Ship Tracker \u2693 Current position of All warships \u2713 Live Ship Tracker \u2713 IMO, MMSI and Specifications \u2713 Live Map by country\",\"breadcrumb\":{\"@id\":\"https:\/\/ship-tracker.org\/military-ship-tracker\/#breadcrumb\"},\"inLanguage\":\"nb-NO\",\"potentialAction\":[{\"@type\":\"ReadAction\",\"target\":[\"https:\/\/ship-tracker.org\/military-ship-tracker\/\"]}]},{\"@type\":\"ImageObject\",\"inLanguage\":\"nb-NO\",\"@id\":\"https:\/\/ship-tracker.org\/military-ship-tracker\/#primaryimage\",\"url\":\"https:\/\/ship-tracker.org\/wp-content\/uploads\/2023\/06\/ships-g5e179667c_640.jpg\",\"contentUrl\":\"https:\/\/ship-tracker.org\/wp-content\/uploads\/2023\/06\/ships-g5e179667c_640.jpg\",\"width\":640,\"height\":420,\"caption\":\"Military Ship Tracker\"},{\"@type\":\"BreadcrumbList\",\"@id\":\"https:\/\/ship-tracker.org\/military-ship-tracker\/#breadcrumb\",\"itemListElement\":[{\"@type\":\"ListItem\",\"position\":1,\"name\":\"Startseite\",\"item\":\"https:\/\/ship-tracker.org\/\"},{\"@type\":\"ListItem\",\"position\":2,\"name\":\"Military Ship Tracker\"}]},{\"@type\":\"WebSite\",\"@id\":\"https:\/\/ship-tracker.org\/#website\",\"url\":\"https:\/\/ship-tracker.org\/\",\"name\":\"Ship-tracker.org\",\"description\":\"\",\"potentialAction\":[{\"@type\":\"SearchAction\",\"target\":{\"@type\":\"EntryPoint\",\"urlTemplate\":\"https:\/\/ship-tracker.org\/?s={search_term_string}\"},\"query-input\":{\"@type\":\"PropertyValueSpecification\",\"valueRequired\":true,\"valueName\":\"search_term_string\"}}],\"inLanguage\":\"nb-NO\"}]}<\/script>\n<!-- \/ Yoast SEO plugin. -->","yoast_head_json":{"title":"Milit\u00e6r skipsporing - Ship-tracker.org","description":"Milit\u00e6r skipsporing \u2693 N\u00e5v\u00e6rende posisjon for alle krigsskip \u2713 Live Ship Tracker \u2713 IMO, MMSI og spesifikasjoner \u2713 Live kart etter land","robots":{"index":"index","follow":"follow","max-snippet":"max-snippet:-1","max-image-preview":"max-image-preview:large","max-video-preview":"max-video-preview:-1"},"canonical":"https:\/\/ship-tracker.org\/nb\/military-ship-tracker\/","og_locale":"nb_NO","og_type":"article","og_title":"Military Ship Tracker - Ship-tracker.org","og_description":"Military Ship Tracker \u2693 Current position of All warships \u2713 Live Ship Tracker \u2713 IMO, MMSI and Specifications \u2713 Live Map by country","og_url":"https:\/\/ship-tracker.org\/nb\/military-ship-tracker\/","og_site_name":"Ship-tracker.org","article_modified_time":"2024-11-10T21:20:54+00:00","og_image":[{"width":640,"height":420,"url":"https:\/\/ship-tracker.org\/wp-content\/uploads\/2023\/06\/ships-g5e179667c_640.jpg","type":"image\/jpeg"}],"twitter_card":"summary_large_image","twitter_misc":{"Ansl. lesetid":"2 minutter"},"schema":{"@context":"https:\/\/schema.org","@graph":[{"@type":"WebPage","@id":"https:\/\/ship-tracker.org\/military-ship-tracker\/","url":"https:\/\/ship-tracker.org\/military-ship-tracker\/","name":"Milit\u00e6r skipsporing - Ship-tracker.org","isPartOf":{"@id":"https:\/\/ship-tracker.org\/#website"},"primaryImageOfPage":{"@id":"https:\/\/ship-tracker.org\/military-ship-tracker\/#primaryimage"},"image":{"@id":"https:\/\/ship-tracker.org\/military-ship-tracker\/#primaryimage"},"thumbnailUrl":"https:\/\/ship-tracker.org\/wp-content\/uploads\/2023\/06\/ships-g5e179667c_640.jpg","datePublished":"2023-06-14T13:13:28+00:00","dateModified":"2024-11-10T21:20:54+00:00","description":"Milit\u00e6r skipsporing \u2693 N\u00e5v\u00e6rende posisjon for alle krigsskip \u2713 Live Ship Tracker \u2713 IMO, MMSI og spesifikasjoner \u2713 Live kart etter land","breadcrumb":{"@id":"https:\/\/ship-tracker.org\/military-ship-tracker\/#breadcrumb"},"inLanguage":"nb-NO","potentialAction":[{"@type":"ReadAction","target":["https:\/\/ship-tracker.org\/military-ship-tracker\/"]}]},{"@type":"ImageObject","inLanguage":"nb-NO","@id":"https:\/\/ship-tracker.org\/military-ship-tracker\/#primaryimage","url":"https:\/\/ship-tracker.org\/wp-content\/uploads\/2023\/06\/ships-g5e179667c_640.jpg","contentUrl":"https:\/\/ship-tracker.org\/wp-content\/uploads\/2023\/06\/ships-g5e179667c_640.jpg","width":640,"height":420,"caption":"Military Ship Tracker"},{"@type":"BreadcrumbList","@id":"https:\/\/ship-tracker.org\/military-ship-tracker\/#breadcrumb","itemListElement":[{"@type":"ListItem","position":1,"name":"Startseite","item":"https:\/\/ship-tracker.org\/"},{"@type":"ListItem","position":2,"name":"Military Ship Tracker"}]},{"@type":"WebSite","@id":"https:\/\/ship-tracker.org\/#website","url":"https:\/\/ship-tracker.org\/","name":"Ship-tracker.org","description":"","potentialAction":[{"@type":"SearchAction","target":{"@type":"EntryPoint","urlTemplate":"https:\/\/ship-tracker.org\/?s={search_term_string}"},"query-input":{"@type":"PropertyValueSpecification","valueRequired":true,"valueName":"search_term_string"}}],"inLanguage":"nb-NO"}]}},"_links":{"self":[{"href":"https:\/\/ship-tracker.org\/nb\/wp-json\/wp\/v2\/pages\/3597","targetHints":{"allow":["GET"]}}],"collection":[{"href":"https:\/\/ship-tracker.org\/nb\/wp-json\/wp\/v2\/pages"}],"about":[{"href":"https:\/\/ship-tracker.org\/nb\/wp-json\/wp\/v2\/types\/page"}],"author":[{"embeddable":true,"href":"https:\/\/ship-tracker.org\/nb\/wp-json\/wp\/v2\/users\/1"}],"replies":[{"embeddable":true,"href":"https:\/\/ship-tracker.org\/nb\/wp-json\/wp\/v2\/comments?post=3597"}],"version-history":[{"count":6,"href":"https:\/\/ship-tracker.org\/nb\/wp-json\/wp\/v2\/pages\/3597\/revisions"}],"predecessor-version":[{"id":5369,"href":"https:\/\/ship-tracker.org\/nb\/wp-json\/wp\/v2\/pages\/3597\/revisions\/5369"}],"wp:featuredmedia":[{"embeddable":true,"href":"https:\/\/ship-tracker.org\/nb\/wp-json\/wp\/v2\/media\/3599"}],"wp:attachment":[{"href":"https:\/\/ship-tracker.org\/nb\/wp-json\/wp\/v2\/media?parent=3597"}],"curies":[{"name":"wp","href":"https:\/\/api.w.org\/{rel}","templated":true}]}}