{"id":3583,"date":"2023-06-14T14:44:14","date_gmt":"2023-06-14T12:44:14","guid":{"rendered":"https:\/\/ship-tracker.org\/?page_id=3583"},"modified":"2023-06-14T14:44:14","modified_gmt":"2023-06-14T12:44:14","slug":"tracking-ship-container","status":"publish","type":"page","link":"https:\/\/ship-tracker.org\/nb\/tracking-ship-container\/","title":{"rendered":"Sporing av skipscontainer"},"content":{"rendered":"<p><strong>Live Container Tracker Inkluderer luftfrakt, kurerpakker og post<\/strong><\/p>\n<p>Vennligst skriv inn forsendelsesnummeret du vil spore:<br \/>\n<iframe loading=\"lazy\" class=\"tracking-form\" src=\"https:\/\/os.freightamigo.com\/wp\/v2\/tracking\" width=\"100%\" height=\"600px\" data-dashlane-rid=\"169e7ea8ce2cc400\" data-form-type=\"other\" data-dashlane-frameid=\"20497\"><\/iframe><\/p>\n<p><a href=\"https:\/\/ship-tracker.org\/nb\/\">Sporingsskip<\/a> containere er en viktig del av global handel og logistikk. N\u00e5r varer krysser hav og kontinenter, gir muligheten til \u00e5 overv\u00e5ke reisen deres i sanntid fordeler for alle interessenter \u2013 fra rederier til sluttforbrukere.<\/p>\n<h2>Teknologi<\/h2>\n<p>Moderne containersporing utnytter ulike teknologier, inkludert satellitt-GPS, RFID-brikker og IoT-enheter. Disse teknologiene gir sanntidsinformasjon om containerens plassering, milj\u00f8forhold og til og med sikkerhetsstatusen til containeren.<\/p>\n<ol>\n<li><strong>GPS-sporing:<\/strong> Global Positioning System (GPS) er en av de mest brukte teknologiene for sporing av containere. Ved \u00e5 installere GPS-enheter p\u00e5 containere kan rederier spore containernes plassering i sanntid hvor som helst over hele kloden.<\/li>\n<li><strong>RFID-tagger:<\/strong> Radio Frequency Identification (RFID)-brikker er en annen popul\u00e6r teknologi. Disse taggene kan lagre detaljert informasjon om beholderen og dens innhold. RFID-lesere installert p\u00e5 forskjellige punkter langs forsyningskjeden, for eksempel havner og distribusjonssentre, kan raskt skanne disse taggene og oppdatere containerens status.<\/li>\n<li><strong>IoT-enheter:<\/strong> Internet of Things (IoT)-enheter tilbyr avanserte sporingsfunksjoner. De kan overv\u00e5ke ikke bare beholderens plassering, men ogs\u00e5 milj\u00f8forhold som temperatur og fuktighet, noe som gj\u00f8r dem avgj\u00f8rende for transport av sensitive varer som mat eller legemidler.<\/li>\n<\/ol>\n<h2>fordeler<\/h2>\n<p>Sanntids containersporing gir en rekke fordeler.<\/p>\n<ol>\n<li><strong>Synlighet:<\/strong> Sporing gir full innsikt i fraktprosessen, slik at rederier og kunder kan vite hvor varene er til enhver tid. Denne \u00e5penheten kan redusere usikkerhet og forbedre planleggingen.<\/li>\n<li><strong>Effektivitet:<\/strong> Sanntidssporing kan identifisere flaskehalser og ineffektivitet i fraktprosessen, noe som f\u00f8rer til forbedringer i ruting og h\u00e5ndtering, og til slutt reduserer kostnadene.<\/li>\n<li><strong>Sikkerhet:<\/strong> Sporingsenheter kan varsle bedrifter om uautorisert tilgang til containere, noe som \u00f8ker sikkerheten til varene inne.<\/li>\n<\/ol>\n<h3>Fremtiden for containersporing:<\/h3>\n<p>Fremtiden for containersporing vil sannsynligvis bli formet av ytterligere fremskritt innen teknologi. Blokkkjedeteknologi, for eksempel, kan forbedre \u00e5penheten og sikkerheten til containersporing. Det kan lage en uforanderlig oversikt over hver containers reise, tilgjengelig for alle interessenter.<\/p>\n<p>AI og maskinl\u00e6ring kan analysere sporingsdata for \u00e5 forutsi forsinkelser og optimalisere ruter. I tillegg kan fremskritt innen IoT-enheter gi enda mer detaljert sanntidsinformasjon om containere og deres innhold.<\/p>\n<h3>Konklusjon<\/h3>\n<p>Containersporing er kjernen i den digitale revolusjonen i global handel. Ettersom teknologien fortsetter \u00e5 utvikle seg, vil den utvilsomt f\u00f8re til enda flere betydelige forbedringer i hvordan vi sporer og administrerer milliarder av containere som krysser havomr\u00e5dene v\u00e5re hvert \u00e5r, og gj\u00f8r global handel mer effektiv, sikker og gjennomsiktig.<\/p>","protected":false},"excerpt":{"rendered":"<p>Live Container Tracker Inkluderer flyfrakt, kurerpakker og post Vennligst skriv inn forsendelsesnummeret du \u00f8nsker \u00e5 spore: Sporing av skipscontainere er en viktig del av global handel og logistikk. N\u00e5r varer krysser hav og kontinenter, gir muligheten til \u00e5 overv\u00e5ke reisen deres i sanntid fordeler for alle interessenter \u2013 fra rederier til...&nbsp;<a href=\"https:\/\/ship-tracker.org\/nb\/tracking-ship-container\/\" rel=\"bookmark\">Les mer \u00bb<span class=\"screen-reader-text\">Sporing av skipscontainer<\/span><\/a><\/p>","protected":false},"author":1,"featured_media":3594,"parent":0,"menu_order":0,"comment_status":"closed","ping_status":"closed","template":"","meta":{"neve_meta_sidebar":"","neve_meta_container":"","neve_meta_enable_content_width":"","neve_meta_content_width":0,"neve_meta_title_alignment":"","neve_meta_author_avatar":"","neve_post_elements_order":"","neve_meta_disable_header":"","neve_meta_disable_footer":"","neve_meta_disable_title":"","neve_meta_reading_time":"","footnotes":""},"class_list":["post-3583","page","type-page","status-publish","has-post-thumbnail","hentry"],"yoast_head":"<!-- This site is optimized with the Yoast SEO plugin v26.9 - https:\/\/yoast.com\/product\/yoast-seo-wordpress\/ -->\n<title>Tracking Ship Container - Ship-tracker.org<\/title>\n<meta name=\"description\" content=\"Explore the revolution in global trade with real-time ship container tracking. Dive into the technologies enabling transparency.\" \/>\n<meta name=\"robots\" content=\"index, follow, max-snippet:-1, max-image-preview:large, max-video-preview:-1\" \/>\n<link rel=\"canonical\" href=\"https:\/\/ship-tracker.org\/nb\/tracking-ship-container\/\" \/>\n<meta property=\"og:locale\" content=\"nb_NO\" \/>\n<meta property=\"og:type\" content=\"article\" \/>\n<meta property=\"og:title\" content=\"Tracking Ship Container - Ship-tracker.org\" \/>\n<meta property=\"og:description\" content=\"Explore the revolution in global trade with real-time ship container tracking. Dive into the technologies enabling transparency.\" \/>\n<meta property=\"og:url\" content=\"https:\/\/ship-tracker.org\/nb\/tracking-ship-container\/\" \/>\n<meta property=\"og:site_name\" content=\"Ship-tracker.org\" \/>\n<meta property=\"og:image\" content=\"https:\/\/ship-tracker.org\/wp-content\/uploads\/2023\/06\/container-ship-g9d93bfd74_640.jpg\" \/>\n\t<meta property=\"og:image:width\" content=\"640\" \/>\n\t<meta property=\"og:image:height\" content=\"427\" \/>\n\t<meta property=\"og:image:type\" content=\"image\/jpeg\" \/>\n<meta name=\"twitter:card\" content=\"summary_large_image\" \/>\n<meta name=\"twitter:label1\" content=\"Ansl. lesetid\" \/>\n\t<meta name=\"twitter:data1\" content=\"2 minutter\" \/>\n<script type=\"application\/ld+json\" class=\"yoast-schema-graph\">{\"@context\":\"https:\/\/schema.org\",\"@graph\":[{\"@type\":\"WebPage\",\"@id\":\"https:\/\/ship-tracker.org\/tracking-ship-container\/\",\"url\":\"https:\/\/ship-tracker.org\/tracking-ship-container\/\",\"name\":\"Tracking Ship Container - Ship-tracker.org\",\"isPartOf\":{\"@id\":\"https:\/\/ship-tracker.org\/#website\"},\"primaryImageOfPage\":{\"@id\":\"https:\/\/ship-tracker.org\/tracking-ship-container\/#primaryimage\"},\"image\":{\"@id\":\"https:\/\/ship-tracker.org\/tracking-ship-container\/#primaryimage\"},\"thumbnailUrl\":\"https:\/\/ship-tracker.org\/wp-content\/uploads\/2023\/06\/container-ship-g9d93bfd74_640.jpg\",\"datePublished\":\"2023-06-14T12:44:14+00:00\",\"description\":\"Explore the revolution in global trade with real-time ship container tracking. Dive into the technologies enabling transparency.\",\"breadcrumb\":{\"@id\":\"https:\/\/ship-tracker.org\/tracking-ship-container\/#breadcrumb\"},\"inLanguage\":\"nb-NO\",\"potentialAction\":[{\"@type\":\"ReadAction\",\"target\":[\"https:\/\/ship-tracker.org\/tracking-ship-container\/\"]}]},{\"@type\":\"ImageObject\",\"inLanguage\":\"nb-NO\",\"@id\":\"https:\/\/ship-tracker.org\/tracking-ship-container\/#primaryimage\",\"url\":\"https:\/\/ship-tracker.org\/wp-content\/uploads\/2023\/06\/container-ship-g9d93bfd74_640.jpg\",\"contentUrl\":\"https:\/\/ship-tracker.org\/wp-content\/uploads\/2023\/06\/container-ship-g9d93bfd74_640.jpg\",\"width\":640,\"height\":427,\"caption\":\"Tracking Ship Container\"},{\"@type\":\"BreadcrumbList\",\"@id\":\"https:\/\/ship-tracker.org\/tracking-ship-container\/#breadcrumb\",\"itemListElement\":[{\"@type\":\"ListItem\",\"position\":1,\"name\":\"Startseite\",\"item\":\"https:\/\/ship-tracker.org\/\"},{\"@type\":\"ListItem\",\"position\":2,\"name\":\"Tracking Ship Container\"}]},{\"@type\":\"WebSite\",\"@id\":\"https:\/\/ship-tracker.org\/#website\",\"url\":\"https:\/\/ship-tracker.org\/\",\"name\":\"Ship-tracker.org\",\"description\":\"\",\"potentialAction\":[{\"@type\":\"SearchAction\",\"target\":{\"@type\":\"EntryPoint\",\"urlTemplate\":\"https:\/\/ship-tracker.org\/?s={search_term_string}\"},\"query-input\":{\"@type\":\"PropertyValueSpecification\",\"valueRequired\":true,\"valueName\":\"search_term_string\"}}],\"inLanguage\":\"nb-NO\"}]}<\/script>\n<!-- \/ Yoast SEO plugin. -->","yoast_head_json":{"title":"Sporing av skipscontainer - Ship-tracker.org","description":"Utforsk revolusjonen innen global handel med sporing av skipscontainer i sanntid. Dykk inn i teknologiene som muliggj\u00f8r \u00e5penhet.","robots":{"index":"index","follow":"follow","max-snippet":"max-snippet:-1","max-image-preview":"max-image-preview:large","max-video-preview":"max-video-preview:-1"},"canonical":"https:\/\/ship-tracker.org\/nb\/tracking-ship-container\/","og_locale":"nb_NO","og_type":"article","og_title":"Tracking Ship Container - Ship-tracker.org","og_description":"Explore the revolution in global trade with real-time ship container tracking. Dive into the technologies enabling transparency.","og_url":"https:\/\/ship-tracker.org\/nb\/tracking-ship-container\/","og_site_name":"Ship-tracker.org","og_image":[{"width":640,"height":427,"url":"https:\/\/ship-tracker.org\/wp-content\/uploads\/2023\/06\/container-ship-g9d93bfd74_640.jpg","type":"image\/jpeg"}],"twitter_card":"summary_large_image","twitter_misc":{"Ansl. lesetid":"2 minutter"},"schema":{"@context":"https:\/\/schema.org","@graph":[{"@type":"WebPage","@id":"https:\/\/ship-tracker.org\/tracking-ship-container\/","url":"https:\/\/ship-tracker.org\/tracking-ship-container\/","name":"Sporing av skipscontainer - Ship-tracker.org","isPartOf":{"@id":"https:\/\/ship-tracker.org\/#website"},"primaryImageOfPage":{"@id":"https:\/\/ship-tracker.org\/tracking-ship-container\/#primaryimage"},"image":{"@id":"https:\/\/ship-tracker.org\/tracking-ship-container\/#primaryimage"},"thumbnailUrl":"https:\/\/ship-tracker.org\/wp-content\/uploads\/2023\/06\/container-ship-g9d93bfd74_640.jpg","datePublished":"2023-06-14T12:44:14+00:00","description":"Utforsk revolusjonen innen global handel med sporing av skipscontainer i sanntid. Dykk inn i teknologiene som muliggj\u00f8r \u00e5penhet.","breadcrumb":{"@id":"https:\/\/ship-tracker.org\/tracking-ship-container\/#breadcrumb"},"inLanguage":"nb-NO","potentialAction":[{"@type":"ReadAction","target":["https:\/\/ship-tracker.org\/tracking-ship-container\/"]}]},{"@type":"ImageObject","inLanguage":"nb-NO","@id":"https:\/\/ship-tracker.org\/tracking-ship-container\/#primaryimage","url":"https:\/\/ship-tracker.org\/wp-content\/uploads\/2023\/06\/container-ship-g9d93bfd74_640.jpg","contentUrl":"https:\/\/ship-tracker.org\/wp-content\/uploads\/2023\/06\/container-ship-g9d93bfd74_640.jpg","width":640,"height":427,"caption":"Tracking Ship Container"},{"@type":"BreadcrumbList","@id":"https:\/\/ship-tracker.org\/tracking-ship-container\/#breadcrumb","itemListElement":[{"@type":"ListItem","position":1,"name":"Startseite","item":"https:\/\/ship-tracker.org\/"},{"@type":"ListItem","position":2,"name":"Tracking Ship Container"}]},{"@type":"WebSite","@id":"https:\/\/ship-tracker.org\/#website","url":"https:\/\/ship-tracker.org\/","name":"Ship-tracker.org","description":"","potentialAction":[{"@type":"SearchAction","target":{"@type":"EntryPoint","urlTemplate":"https:\/\/ship-tracker.org\/?s={search_term_string}"},"query-input":{"@type":"PropertyValueSpecification","valueRequired":true,"valueName":"search_term_string"}}],"inLanguage":"nb-NO"}]}},"_links":{"self":[{"href":"https:\/\/ship-tracker.org\/nb\/wp-json\/wp\/v2\/pages\/3583","targetHints":{"allow":["GET"]}}],"collection":[{"href":"https:\/\/ship-tracker.org\/nb\/wp-json\/wp\/v2\/pages"}],"about":[{"href":"https:\/\/ship-tracker.org\/nb\/wp-json\/wp\/v2\/types\/page"}],"author":[{"embeddable":true,"href":"https:\/\/ship-tracker.org\/nb\/wp-json\/wp\/v2\/users\/1"}],"replies":[{"embeddable":true,"href":"https:\/\/ship-tracker.org\/nb\/wp-json\/wp\/v2\/comments?post=3583"}],"version-history":[{"count":10,"href":"https:\/\/ship-tracker.org\/nb\/wp-json\/wp\/v2\/pages\/3583\/revisions"}],"predecessor-version":[{"id":3595,"href":"https:\/\/ship-tracker.org\/nb\/wp-json\/wp\/v2\/pages\/3583\/revisions\/3595"}],"wp:featuredmedia":[{"embeddable":true,"href":"https:\/\/ship-tracker.org\/nb\/wp-json\/wp\/v2\/media\/3594"}],"wp:attachment":[{"href":"https:\/\/ship-tracker.org\/nb\/wp-json\/wp\/v2\/media?parent=3583"}],"curies":[{"name":"wp","href":"https:\/\/api.w.org\/{rel}","templated":true}]}}