{"id":3554,"date":"2022-11-03T12:21:15","date_gmt":"2022-11-03T11:21:15","guid":{"rendered":"https:\/\/ship-tracker.org\/?page_id=3554"},"modified":"2022-11-03T12:25:25","modified_gmt":"2022-11-03T11:25:25","slug":"arvia","status":"publish","type":"page","link":"https:\/\/ship-tracker.org\/nb\/arvia\/","title":{"rendered":"Arvia"},"content":{"rendered":"<h2><span style=\"color: #000000;\">N\u00e5v\u00e6rende plassering og <\/span><span style=\"color: #000000;\">stilling til Arvia<\/span><\/h2>\n<p>Hvor er den n\u00e5v\u00e6rende posisjonen til Arvia n\u00e5?<\/p>\n<p><script type=\"text\/javascript\">\n  var width=\"100%\";var height=\"400\";\n  var mmsi=232040520;\n<\/script><script type=\"text\/javascript\" src=\"https:\/\/www.vesselfinder.com\/aismap.js\"><\/script><\/p>\n<p>Se Arvias n\u00e5v\u00e6rende plassering. Posisjonen til Arvia kan bestemmes n\u00f8yaktig av kartene over Schiffsradar og MarineTraffic. S\u00e5 du er alltid godt informert om hvor favorittskipet ditt er for \u00f8yeblikket.<\/p>\n<h2 class=\"title\"><span style=\"color: #000000;\">Arvia anmeldelse og spesifikasjoner<\/span><\/h2>\n<table style=\"height: 294px;\" width=\"400\">\n<tbody>\n<tr>\n<td style=\"width: 192px;\"><span style=\"color: #000000;\"><strong>Flaggstat<\/strong><\/span><\/td>\n<td style=\"width: 192px;\"><span style=\"color: #000000;\">Storbritannia<\/span><\/td>\n<\/tr>\n<tr>\n<td style=\"width: 192px;\"><span style=\"color: #000000;\"><strong>Bygge\u00e5r<\/strong><\/span><\/td>\n<td style=\"width: 192px;\"><span style=\"color: #000000;\">2022<\/span><\/td>\n<\/tr>\n<tr>\n<td style=\"width: 192px;\"><span style=\"color: #000000;\"><strong>Bygger<\/strong><\/span><\/td>\n<td style=\"width: 192px;\"><span style=\"color: #000000;\">Meyer Werft\u00a0<\/span><\/td>\n<\/tr>\n<tr>\n<td style=\"width: 192px;\"><span style=\"color: #000000;\"><strong>Lengde<\/strong><\/span><\/td>\n<td style=\"width: 192px;\"><span style=\"color: #000000;\"><span class=\"specificationUnit\">345 m<\/span><\/span><\/td>\n<\/tr>\n<tr>\n<td style=\"width: 192px;\"><span style=\"color: #000000;\"><strong>Str\u00e5le<\/strong><\/span><\/td>\n<td style=\"width: 192px;\"><span style=\"color: #000000;\"><span class=\"specificationUnit\">42 m<\/span><\/span><\/td>\n<\/tr>\n<tr>\n<td style=\"width: 192px;\"><span style=\"color: #000000;\"><strong>Bruttotonn<\/strong><\/span><\/td>\n<td style=\"width: 192px;\"><span style=\"color: #000000;\"><span class=\"specificationUnit\">184700 gt<\/span><\/span><\/td>\n<\/tr>\n<tr>\n<td style=\"width: 192px;\"><span style=\"color: #000000;\"><strong>Passasjerer<\/strong><\/span><\/td>\n<td style=\"width: 192px;\"><span style=\"color: #000000;\">5200<\/span><\/td>\n<\/tr>\n<tr>\n<td style=\"width: 192px;\"><span style=\"color: #000000;\"><strong>Mannskap<\/strong><\/span><\/td>\n<td style=\"width: 192px;\"><span style=\"color: #000000;\">1762<\/span><\/td>\n<\/tr>\n<tr>\n<td style=\"width: 192px;\"><span style=\"color: #000000;\"><strong>Dekk<\/strong>\u00a0<\/span><\/td>\n<td style=\"width: 192px;\"><span style=\"color: #000000;\">18<\/span><\/td>\n<\/tr>\n<tr>\n<td style=\"width: 192px;\"><span style=\"color: #000000;\"><strong>Hastighet<\/strong><\/span><\/td>\n<td style=\"width: 192px;\"><span style=\"color: #000000;\"><span class=\"specificationUnit\">17 kn<\/span><\/span><\/td>\n<\/tr>\n<tr>\n<td style=\"width: 192px;\"><span style=\"color: #000000;\"><strong><b>Eieren<\/b><\/strong><\/span><\/td>\n<td style=\"width: 192px;\"><span style=\"color: #000000;\"><a href=\"https:\/\/ship-tracker.org\/nb\/po-cruises\/\">P&amp;O Cruises<\/a><\/span><\/td>\n<\/tr>\n<\/tbody>\n<\/table>\n<p>&nbsp;<\/p>\n<figure id=\"attachment_3555\" aria-describedby=\"caption-attachment-3555\" style=\"width: 600px\" class=\"wp-caption aligncenter\"><img loading=\"lazy\" decoding=\"async\" class=\"size-full wp-image-3555\" src=\"https:\/\/ship-tracker.org\/wp-content\/uploads\/2022\/11\/mw_arvia_dh9_2122-scaled-e1667474280372.jpg\" alt=\"Arvia\" width=\"600\" height=\"368\" srcset=\"https:\/\/ship-tracker.org\/wp-content\/uploads\/2022\/11\/mw_arvia_dh9_2122-scaled-e1667474280372.jpg 600w, https:\/\/ship-tracker.org\/wp-content\/uploads\/2022\/11\/mw_arvia_dh9_2122-scaled-e1667474280372-300x184.jpg 300w, https:\/\/ship-tracker.org\/wp-content\/uploads\/2022\/11\/mw_arvia_dh9_2122-scaled-e1667474280372-18x12.jpg 18w\" sizes=\"auto, (max-width: 600px) 100vw, 600px\" \/><figcaption id=\"caption-attachment-3555\" class=\"wp-caption-text\">\u00a9 Meyer Werft<\/figcaption><\/figure>\n<h3 class=\"title\">P&amp;O Cruises fl\u00e5te<\/h3>\n<ul>\n<li><a href=\"https:\/\/ship-tracker.org\/nb\/britannia\/\">Britannia<\/a><\/li>\n<li><a href=\"https:\/\/ship-tracker.org\/nb\/azura\/\">Azura<\/a><\/li>\n<li><a href=\"https:\/\/ship-tracker.org\/nb\/ventura\/\">Ventura<\/a><\/li>\n<li><a href=\"https:\/\/ship-tracker.org\/nb\/arcadia\/\">Arcadia<\/a><\/li>\n<li><a href=\"https:\/\/ship-tracker.org\/nb\/oceana\/\">Oceana<\/a><\/li>\n<li><a href=\"https:\/\/ship-tracker.org\/nb\/aurora\/\">Aurora<\/a><\/li>\n<li><a href=\"https:\/\/ship-tracker.org\/nb\/pacific-explorer\/\">Pacific Explorer<\/a><\/li>\n<li><a href=\"https:\/\/ship-tracker.org\/nb\/pacific-aria\/\">Stillehavs-aria<\/a><\/li>\n<li><a href=\"https:\/\/ship-tracker.org\/nb\/pacific-dawn\/\">Pacific Dawn<\/a><\/li>\n<\/ul>","protected":false},"excerpt":{"rendered":"<p>Arvias n\u00e5v\u00e6rende plassering og posisjon Hvor er Arvias n\u00e5v\u00e6rende posisjon? Se Arvias n\u00e5v\u00e6rende plassering. Arvias posisjon kan bestemmes n\u00f8yaktig av kartene til Lloyds og MarineTraffic. S\u00e5 du er alltid godt informert om hvor favorittskipet ditt er for \u00f8yeblikket. Arvia-anmeldelse og spesifikasjoner Flaggstat Storbritannia Bygge\u00e5r\u2026&nbsp;<a href=\"https:\/\/ship-tracker.org\/nb\/arvia\/\" rel=\"bookmark\">Les mer \u00bb<span class=\"screen-reader-text\">Arvia<\/span><\/a><\/p>","protected":false},"author":1,"featured_media":3555,"parent":0,"menu_order":0,"comment_status":"closed","ping_status":"closed","template":"","meta":{"neve_meta_sidebar":"","neve_meta_container":"","neve_meta_enable_content_width":"","neve_meta_content_width":0,"neve_meta_title_alignment":"","neve_meta_author_avatar":"","neve_post_elements_order":"","neve_meta_disable_header":"","neve_meta_disable_footer":"","neve_meta_disable_title":"","neve_meta_reading_time":"","footnotes":""},"class_list":["post-3554","page","type-page","status-publish","has-post-thumbnail","hentry"],"yoast_head":"<!-- This site is optimized with the Yoast SEO plugin v26.9 - https:\/\/yoast.com\/product\/yoast-seo-wordpress\/ -->\n<title>Arvia\u2503Current location and position of P&amp;O Cruises<\/title>\n<meta name=\"description\" content=\"Arvia \u2693 Current location and position of Arvia \u2713 Cruise Ship Tracker \u2713 Live Ship Tracker \u2713 P&amp;O Cruises \u2713 Webcam\" \/>\n<meta name=\"robots\" content=\"index, follow, max-snippet:-1, max-image-preview:large, max-video-preview:-1\" \/>\n<link rel=\"canonical\" href=\"https:\/\/ship-tracker.org\/nb\/arvia\/\" \/>\n<meta property=\"og:locale\" content=\"nb_NO\" \/>\n<meta property=\"og:type\" content=\"article\" \/>\n<meta property=\"og:title\" content=\"Arvia\u2503Current location and position of P&amp;O Cruises\" \/>\n<meta property=\"og:description\" content=\"Arvia \u2693 Current location and position of Arvia \u2713 Cruise Ship Tracker \u2713 Live Ship Tracker \u2713 P&amp;O Cruises \u2713 Webcam\" \/>\n<meta property=\"og:url\" content=\"https:\/\/ship-tracker.org\/nb\/arvia\/\" \/>\n<meta property=\"og:site_name\" content=\"Ship-tracker.org\" \/>\n<meta property=\"article:modified_time\" content=\"2022-11-03T11:25:25+00:00\" \/>\n<meta property=\"og:image\" content=\"https:\/\/ship-tracker.org\/wp-content\/uploads\/2022\/11\/mw_arvia_dh9_2122-scaled-e1667474280372.jpg\" \/>\n\t<meta property=\"og:image:width\" content=\"600\" \/>\n\t<meta property=\"og:image:height\" content=\"368\" \/>\n\t<meta property=\"og:image:type\" content=\"image\/jpeg\" \/>\n<meta name=\"twitter:card\" content=\"summary_large_image\" \/>\n<meta name=\"twitter:label1\" content=\"Ansl. lesetid\" \/>\n\t<meta name=\"twitter:data1\" content=\"1 minutt\" \/>\n<script type=\"application\/ld+json\" class=\"yoast-schema-graph\">{\"@context\":\"https:\/\/schema.org\",\"@graph\":[{\"@type\":\"WebPage\",\"@id\":\"https:\/\/ship-tracker.org\/arvia\/\",\"url\":\"https:\/\/ship-tracker.org\/arvia\/\",\"name\":\"Arvia\u2503Current location and position of P&O Cruises\",\"isPartOf\":{\"@id\":\"https:\/\/ship-tracker.org\/#website\"},\"primaryImageOfPage\":{\"@id\":\"https:\/\/ship-tracker.org\/arvia\/#primaryimage\"},\"image\":{\"@id\":\"https:\/\/ship-tracker.org\/arvia\/#primaryimage\"},\"thumbnailUrl\":\"https:\/\/ship-tracker.org\/wp-content\/uploads\/2022\/11\/mw_arvia_dh9_2122-scaled-e1667474280372.jpg\",\"datePublished\":\"2022-11-03T11:21:15+00:00\",\"dateModified\":\"2022-11-03T11:25:25+00:00\",\"description\":\"Arvia \u2693 Current location and position of Arvia \u2713 Cruise Ship Tracker \u2713 Live Ship Tracker \u2713 P&O Cruises \u2713 Webcam\",\"breadcrumb\":{\"@id\":\"https:\/\/ship-tracker.org\/arvia\/#breadcrumb\"},\"inLanguage\":\"nb-NO\",\"potentialAction\":[{\"@type\":\"ReadAction\",\"target\":[\"https:\/\/ship-tracker.org\/arvia\/\"]}]},{\"@type\":\"ImageObject\",\"inLanguage\":\"nb-NO\",\"@id\":\"https:\/\/ship-tracker.org\/arvia\/#primaryimage\",\"url\":\"https:\/\/ship-tracker.org\/wp-content\/uploads\/2022\/11\/mw_arvia_dh9_2122-scaled-e1667474280372.jpg\",\"contentUrl\":\"https:\/\/ship-tracker.org\/wp-content\/uploads\/2022\/11\/mw_arvia_dh9_2122-scaled-e1667474280372.jpg\",\"width\":600,\"height\":368,\"caption\":\"\u00a9 Meyer Werft\"},{\"@type\":\"BreadcrumbList\",\"@id\":\"https:\/\/ship-tracker.org\/arvia\/#breadcrumb\",\"itemListElement\":[{\"@type\":\"ListItem\",\"position\":1,\"name\":\"Startseite\",\"item\":\"https:\/\/ship-tracker.org\/\"},{\"@type\":\"ListItem\",\"position\":2,\"name\":\"Arvia\"}]},{\"@type\":\"WebSite\",\"@id\":\"https:\/\/ship-tracker.org\/#website\",\"url\":\"https:\/\/ship-tracker.org\/\",\"name\":\"Ship-tracker.org\",\"description\":\"\",\"potentialAction\":[{\"@type\":\"SearchAction\",\"target\":{\"@type\":\"EntryPoint\",\"urlTemplate\":\"https:\/\/ship-tracker.org\/?s={search_term_string}\"},\"query-input\":{\"@type\":\"PropertyValueSpecification\",\"valueRequired\":true,\"valueName\":\"search_term_string\"}}],\"inLanguage\":\"nb-NO\"}]}<\/script>\n<!-- \/ Yoast SEO plugin. -->","yoast_head_json":{"title":"Arvia\u2503N\u00e5v\u00e6rende plassering og posisjon til P&amp;O Cruises","description":"Arvia \u2693 N\u00e5v\u00e6rende plassering og posisjon til Arvia \u2713 Cruiseship Tracker \u2713 Live Ship Tracker \u2713 P&amp;O Cruises \u2713 Webcam","robots":{"index":"index","follow":"follow","max-snippet":"max-snippet:-1","max-image-preview":"max-image-preview:large","max-video-preview":"max-video-preview:-1"},"canonical":"https:\/\/ship-tracker.org\/nb\/arvia\/","og_locale":"nb_NO","og_type":"article","og_title":"Arvia\u2503Current location and position of P&O Cruises","og_description":"Arvia \u2693 Current location and position of Arvia \u2713 Cruise Ship Tracker \u2713 Live Ship Tracker \u2713 P&O Cruises \u2713 Webcam","og_url":"https:\/\/ship-tracker.org\/nb\/arvia\/","og_site_name":"Ship-tracker.org","article_modified_time":"2022-11-03T11:25:25+00:00","og_image":[{"width":600,"height":368,"url":"https:\/\/ship-tracker.org\/wp-content\/uploads\/2022\/11\/mw_arvia_dh9_2122-scaled-e1667474280372.jpg","type":"image\/jpeg"}],"twitter_card":"summary_large_image","twitter_misc":{"Ansl. lesetid":"1 minutt"},"schema":{"@context":"https:\/\/schema.org","@graph":[{"@type":"WebPage","@id":"https:\/\/ship-tracker.org\/arvia\/","url":"https:\/\/ship-tracker.org\/arvia\/","name":"Arvia\u2503N\u00e5v\u00e6rende plassering og posisjon til P&amp;O Cruises","isPartOf":{"@id":"https:\/\/ship-tracker.org\/#website"},"primaryImageOfPage":{"@id":"https:\/\/ship-tracker.org\/arvia\/#primaryimage"},"image":{"@id":"https:\/\/ship-tracker.org\/arvia\/#primaryimage"},"thumbnailUrl":"https:\/\/ship-tracker.org\/wp-content\/uploads\/2022\/11\/mw_arvia_dh9_2122-scaled-e1667474280372.jpg","datePublished":"2022-11-03T11:21:15+00:00","dateModified":"2022-11-03T11:25:25+00:00","description":"Arvia \u2693 N\u00e5v\u00e6rende plassering og posisjon til Arvia \u2713 Cruiseship Tracker \u2713 Live Ship Tracker \u2713 P&amp;O Cruises \u2713 Webcam","breadcrumb":{"@id":"https:\/\/ship-tracker.org\/arvia\/#breadcrumb"},"inLanguage":"nb-NO","potentialAction":[{"@type":"ReadAction","target":["https:\/\/ship-tracker.org\/arvia\/"]}]},{"@type":"ImageObject","inLanguage":"nb-NO","@id":"https:\/\/ship-tracker.org\/arvia\/#primaryimage","url":"https:\/\/ship-tracker.org\/wp-content\/uploads\/2022\/11\/mw_arvia_dh9_2122-scaled-e1667474280372.jpg","contentUrl":"https:\/\/ship-tracker.org\/wp-content\/uploads\/2022\/11\/mw_arvia_dh9_2122-scaled-e1667474280372.jpg","width":600,"height":368,"caption":"\u00a9 Meyer Werft"},{"@type":"BreadcrumbList","@id":"https:\/\/ship-tracker.org\/arvia\/#breadcrumb","itemListElement":[{"@type":"ListItem","position":1,"name":"Startseite","item":"https:\/\/ship-tracker.org\/"},{"@type":"ListItem","position":2,"name":"Arvia"}]},{"@type":"WebSite","@id":"https:\/\/ship-tracker.org\/#website","url":"https:\/\/ship-tracker.org\/","name":"Ship-tracker.org","description":"","potentialAction":[{"@type":"SearchAction","target":{"@type":"EntryPoint","urlTemplate":"https:\/\/ship-tracker.org\/?s={search_term_string}"},"query-input":{"@type":"PropertyValueSpecification","valueRequired":true,"valueName":"search_term_string"}}],"inLanguage":"nb-NO"}]}},"_links":{"self":[{"href":"https:\/\/ship-tracker.org\/nb\/wp-json\/wp\/v2\/pages\/3554","targetHints":{"allow":["GET"]}}],"collection":[{"href":"https:\/\/ship-tracker.org\/nb\/wp-json\/wp\/v2\/pages"}],"about":[{"href":"https:\/\/ship-tracker.org\/nb\/wp-json\/wp\/v2\/types\/page"}],"author":[{"embeddable":true,"href":"https:\/\/ship-tracker.org\/nb\/wp-json\/wp\/v2\/users\/1"}],"replies":[{"embeddable":true,"href":"https:\/\/ship-tracker.org\/nb\/wp-json\/wp\/v2\/comments?post=3554"}],"version-history":[{"count":1,"href":"https:\/\/ship-tracker.org\/nb\/wp-json\/wp\/v2\/pages\/3554\/revisions"}],"predecessor-version":[{"id":3556,"href":"https:\/\/ship-tracker.org\/nb\/wp-json\/wp\/v2\/pages\/3554\/revisions\/3556"}],"wp:featuredmedia":[{"embeddable":true,"href":"https:\/\/ship-tracker.org\/nb\/wp-json\/wp\/v2\/media\/3555"}],"wp:attachment":[{"href":"https:\/\/ship-tracker.org\/nb\/wp-json\/wp\/v2\/media?parent=3554"}],"curies":[{"name":"wp","href":"https:\/\/api.w.org\/{rel}","templated":true}]}}