{"id":3533,"date":"2022-11-01T13:37:38","date_gmt":"2022-11-01T12:37:38","guid":{"rendered":"https:\/\/ship-tracker.org\/?page_id=3533"},"modified":"2024-09-20T14:49:34","modified_gmt":"2024-09-20T12:49:34","slug":"norwegian-prima","status":"publish","type":"page","link":"https:\/\/ship-tracker.org\/nb\/norwegian-prima\/","title":{"rendered":"Norsk Prima"},"content":{"rendered":"<p><script async src=\"https:\/\/pagead2.googlesyndication.com\/pagead\/js\/adsbygoogle.js\"><\/script><br \/>\n<!-- Ship-Tracker Display --><br \/>\n<ins class=\"adsbygoogle\" style=\"display: block;\" data-ad-client=\"ca-pub-1316785063791781\" data-ad-slot=\"8075999632\" data-ad-format=\"auto\" data-full-width-responsive=\"true\"><\/ins><br \/>\n<script>\n     (adsbygoogle = window.adsbygoogle || []).push({});\n<\/script><\/p>\n<h2><span style=\"color: #000000;\">N\u00e5v\u00e6rende plassering og <\/span><span style=\"color: #000000;\">stillingen til norske Prima<\/span><\/h2>\n<p>Hvor er den n\u00e5v\u00e6rende posisjonen til norske Prima n\u00e5?<br \/>\n<script async src=\"https:\/\/pagead2.googlesyndication.com\/pagead\/js\/adsbygoogle.js\"><\/script><br \/>\n<!-- Schip-Tracker Linkanzeigen --><br \/>\n<ins class=\"adsbygoogle\" style=\"display: block;\" data-ad-client=\"ca-pub-1316785063791781\" data-ad-slot=\"3429004156\" data-ad-format=\"link\" data-full-width-responsive=\"true\"><\/ins><br \/>\n<script>\n     (adsbygoogle = window.adsbygoogle || []).push({});\n<\/script><br \/>\n<script type=\"text\/javascript\">\n  var width=\"100%\";var height=\"400\";\n  var mmsi=311001059;\n<\/script><script type=\"text\/javascript\" src=\"https:\/\/www.vesselfinder.com\/aismap.js\"><\/script><br \/>\n<script async src=\"https:\/\/pagead2.googlesyndication.com\/pagead\/js\/adsbygoogle.js\"><\/script><br \/>\n<!-- Ship-Tracker Display --><br \/>\n<ins class=\"adsbygoogle\" style=\"display: block;\" data-ad-client=\"ca-pub-1316785063791781\" data-ad-slot=\"8075999632\" data-ad-format=\"auto\" data-full-width-responsive=\"true\"><\/ins><br \/>\n<script>\n     (adsbygoogle = window.adsbygoogle || []).push({});\n<\/script><br \/>\nSe Norwegian Prima n\u00e5v\u00e6rende posisjon. Posisjonen til Norwegian Prima kan bestemmes n\u00f8yaktig av kartene over Schiffsiff og MarineTraffic. S\u00e5 du er alltid godt informert om hvor favorittskipet ditt er for \u00f8yeblikket.<\/p>\n<h2 class=\"title\"><span style=\"color: #000000;\">Norsk Prima anmeldelse og spesifikasjoner<\/span><\/h2>\n<table style=\"height: 296px;\" width=\"400\">\n<tbody>\n<tr>\n<td style=\"width: 192px;\"><span style=\"color: #000000;\"><strong>Flaggstat<\/strong><\/span><\/td>\n<td style=\"width: 192px;\"><span style=\"color: #000000;\">Bahamas<\/span><\/td>\n<\/tr>\n<tr>\n<td style=\"width: 192px;\"><span style=\"color: #000000;\"><strong>Bygge\u00e5r<\/strong><\/span><\/td>\n<td style=\"width: 192px;\"><span style=\"color: #000000;\">2022<\/span><\/td>\n<\/tr>\n<tr>\n<td style=\"width: 192px;\"><span style=\"color: #000000;\"><strong>Bygger<\/strong><\/span><\/td>\n<td style=\"width: 192px;\"><span style=\"color: #000000;\">Fincantieri<\/span><\/td>\n<\/tr>\n<tr>\n<td style=\"width: 192px;\"><span style=\"color: #000000;\"><strong>Lengde<\/strong><\/span><\/td>\n<td style=\"width: 192px;\"><span style=\"color: #000000;\"><span class=\"specificationUnit\">294 m<\/span><\/span><\/td>\n<\/tr>\n<tr>\n<td style=\"width: 192px;\"><span style=\"color: #000000;\"><strong>Str\u00e5le<\/strong><\/span><\/td>\n<td style=\"width: 192px;\"><span style=\"color: #000000;\"><span class=\"specificationUnit\">41 m<\/span><\/span><\/td>\n<\/tr>\n<tr>\n<td style=\"width: 192px;\"><span style=\"color: #000000;\"><strong>Bruttotonn<\/strong><\/span><\/td>\n<td style=\"width: 192px;\"><span style=\"color: #000000;\"><span class=\"specificationUnit\">142500 gt<\/span><\/span><\/td>\n<\/tr>\n<tr>\n<td style=\"width: 192px;\"><span style=\"color: #000000;\"><strong>Passasjerer<\/strong><\/span><\/td>\n<td style=\"width: 192px;\"><span style=\"color: #000000;\">3215<\/span><\/td>\n<\/tr>\n<tr>\n<td style=\"width: 192px;\"><span style=\"color: #000000;\"><strong>Mannskap<\/strong><\/span><\/td>\n<td style=\"width: 192px;\"><span style=\"color: #000000;\">1388<\/span><\/td>\n<\/tr>\n<tr>\n<td style=\"width: 192px;\"><span style=\"color: #000000;\"><strong>Dekk<\/strong>\u00a0<\/span><\/td>\n<td style=\"width: 192px;\"><span style=\"color: #000000;\">20<\/span><\/td>\n<\/tr>\n<tr>\n<td style=\"width: 192px;\"><span style=\"color: #000000;\"><strong>Hastighet<\/strong><\/span><\/td>\n<td style=\"width: 192px;\"><span style=\"color: #000000;\">22<span class=\"specificationUnit\">\u00a0kn<\/span><\/span><\/td>\n<\/tr>\n<tr>\n<td style=\"width: 192px;\"><span style=\"color: #000000;\"><strong><b>Registerhavn<\/b><\/strong><\/span><\/td>\n<td style=\"width: 192px;\"><span style=\"color: #000000;\">Nassau<\/span><\/td>\n<\/tr>\n<tr>\n<td style=\"width: 192px;\"><span style=\"color: #000000;\"><strong>Hytter<\/strong><\/span><\/td>\n<td style=\"width: 192px;\"><span style=\"color: #000000;\">1646<\/span><\/td>\n<\/tr>\n<tr>\n<td style=\"width: 192px;\"><span style=\"color: #000000;\"><strong><b>Eieren<\/b><\/strong><\/span><\/td>\n<td style=\"width: 192px;\"><a href=\"https:\/\/ship-tracker.org\/nb\/norwegian-cruise-line\/\"><span style=\"color: #000000;\">Norwegian Cruise Line<\/span><\/a><\/td>\n<\/tr>\n<\/tbody>\n<\/table>\n<p><script async src=\"https:\/\/pagead2.googlesyndication.com\/pagead\/js\/adsbygoogle.js\"><\/script><br \/>\n<!-- Schip-Tracker Linkanzeigen --><br \/>\n<ins class=\"adsbygoogle\" style=\"display: block;\" data-ad-client=\"ca-pub-1316785063791781\" data-ad-slot=\"3429004156\" data-ad-format=\"link\" data-full-width-responsive=\"true\"><\/ins><br \/>\n<script>\n     (adsbygoogle = window.adsbygoogle || []).push({});\n<\/script><\/p>\n<figure id=\"attachment_3534\" aria-describedby=\"caption-attachment-3534\" style=\"width: 900px\" class=\"wp-caption aligncenter\"><img loading=\"lazy\" decoding=\"async\" class=\"size-full wp-image-3534\" src=\"https:\/\/ship-tracker.org\/wp-content\/uploads\/2022\/11\/208806-PR-Prima-Act_ssets_Carousel2-e1632326284334.jpg\" alt=\"Norsk Prima\" width=\"900\" height=\"506\" srcset=\"https:\/\/ship-tracker.org\/wp-content\/uploads\/2022\/11\/208806-PR-Prima-Act_ssets_Carousel2-e1632326284334.jpg 900w, https:\/\/ship-tracker.org\/wp-content\/uploads\/2022\/11\/208806-PR-Prima-Act_ssets_Carousel2-e1632326284334-300x169.jpg 300w, https:\/\/ship-tracker.org\/wp-content\/uploads\/2022\/11\/208806-PR-Prima-Act_ssets_Carousel2-e1632326284334-768x432.jpg 768w, https:\/\/ship-tracker.org\/wp-content\/uploads\/2022\/11\/208806-PR-Prima-Act_ssets_Carousel2-e1632326284334-18x10.jpg 18w, https:\/\/ship-tracker.org\/wp-content\/uploads\/2022\/11\/208806-PR-Prima-Act_ssets_Carousel2-e1632326284334-800x450.jpg 800w\" sizes=\"auto, (max-width: 900px) 100vw, 900px\" \/><figcaption id=\"caption-attachment-3534\" class=\"wp-caption-text\">\u00a9 Norwegian Cruise Line<\/figcaption><\/figure>\n<h3 class=\"title\">Norwegian Cruise Lines fl\u00e5te<\/h3>\n<ul>\n<li><a href=\"https:\/\/ship-tracker.org\/nb\/norwegian-encore\/\">Norsk Encore<\/a><\/li>\n<li><a href=\"https:\/\/ship-tracker.org\/nb\/norwegian-bliss\/\">Norsk Bliss<\/a><\/li>\n<li><a href=\"https:\/\/ship-tracker.org\/nb\/norwegian-escape\/\">Norwegian Escape<\/a><\/li>\n<li><a href=\"https:\/\/ship-tracker.org\/nb\/norwegian-getaway\/\">Norwegian Getaway<\/a><\/li>\n<li><a href=\"https:\/\/ship-tracker.org\/nb\/norwegian-breakaway\/\">Norwegian Breakaway<\/a><\/li>\n<li><a href=\"https:\/\/ship-tracker.org\/nb\/norwegian-epic\/\">Norsk epos<\/a><\/li>\n<li><a href=\"https:\/\/ship-tracker.org\/nb\/norwegian-gem\/\">Norsk perle<\/a><\/li>\n<li><a href=\"https:\/\/ship-tracker.org\/nb\/norwegian-jade\/\">Norsk Jade<\/a><\/li>\n<li><a href=\"https:\/\/ship-tracker.org\/nb\/norwegian-joy\/\">Norsk glede<\/a><\/li>\n<li><a href=\"https:\/\/ship-tracker.org\/nb\/norwegian-pearl\/\">Norsk Perle<\/a><\/li>\n<li><a href=\"https:\/\/ship-tracker.org\/nb\/norwegian-jewel\/\">Norsk juvel<\/a><\/li>\n<li><a href=\"https:\/\/ship-tracker.org\/nb\/pride-of-america\/\">Pride of America<\/a><\/li>\n<li><a href=\"https:\/\/ship-tracker.org\/nb\/norwegian-dawn\/\">Norsk Dawn<\/a><\/li>\n<li><a href=\"https:\/\/ship-tracker.org\/nb\/norwegian-star\/\">Norwegian Star<\/a><\/li>\n<li><a href=\"https:\/\/ship-tracker.org\/nb\/norwegian-sun\/\">Norsk Sol<\/a><\/li>\n<li><a href=\"https:\/\/ship-tracker.org\/nb\/norwegian-sky\/\">Norsk himmel<\/a><\/li>\n<li><a href=\"https:\/\/ship-tracker.org\/nb\/norwegian-spirit\/\">Norsk \u00c5nd<\/a><\/li>\n<li><a href=\"https:\/\/ship-tracker.org\/nb\/norwegian-viva\/\">Norske Viva<\/a><\/li>\n<li><a href=\"https:\/\/ship-tracker.org\/nb\/norwegian-aqua\/\">Norsk Aqua<\/a><\/li>\n<li><a href=\"https:\/\/ship-tracker.org\/nb\/norwegian-luna\/\">Norsk Luna<\/a><\/li>\n<\/ul>\n<div id=\"gtx-trans\" style=\"position: absolute; left: 29px; top: 2060.08px;\">\n<div class=\"gtx-trans-icon\"><\/div>\n<\/div>","protected":false},"excerpt":{"rendered":"<p>N\u00e5v\u00e6rende plassering og posisjon til Norwegian Prima Hvor er Norwegian Primas n\u00e5v\u00e6rende posisjon? Se Norwegian Primas n\u00e5v\u00e6rende plassering. Posisjonen til Norwegian Prima kan bestemmes n\u00f8yaktig av kartene til Skipsfart\u00f8yet og MarineTraffic. S\u00e5 du er alltid godt informert om hvor favorittskipet ditt er for \u00f8yeblikket. Norwegian Prima-anmeldelse og spesifikasjoner Flaggstat\u2026&nbsp;<a href=\"https:\/\/ship-tracker.org\/nb\/norwegian-prima\/\" rel=\"bookmark\">Les mer \u00bb<span class=\"screen-reader-text\">Norsk Prima<\/span><\/a><\/p>","protected":false},"author":1,"featured_media":0,"parent":0,"menu_order":0,"comment_status":"closed","ping_status":"closed","template":"","meta":{"neve_meta_sidebar":"","neve_meta_container":"","neve_meta_enable_content_width":"off","neve_meta_content_width":100,"neve_meta_title_alignment":"","neve_meta_author_avatar":"","neve_post_elements_order":"","neve_meta_disable_header":"","neve_meta_disable_footer":"","neve_meta_disable_title":"","neve_meta_reading_time":"","footnotes":""},"class_list":["post-3533","page","type-page","status-publish","hentry"],"yoast_head":"<!-- This site is optimized with the Yoast SEO plugin v27.4 - https:\/\/yoast.com\/product\/yoast-seo-wordpress\/ -->\n<title>Norwegian Prima \u2503 Current location and position of Norwegian<\/title>\n<meta name=\"description\" content=\"Norwegian Prima \u2693 Current location and position of Norwegian Prima \u2713 Cruise Ship Tracker \u2713 Live Ship Tracker \u2713 Review and Specifications\" \/>\n<meta name=\"robots\" content=\"index, follow, max-snippet:-1, max-image-preview:large, max-video-preview:-1\" \/>\n<link rel=\"canonical\" href=\"https:\/\/ship-tracker.org\/nb\/norwegian-prima\/\" \/>\n<meta property=\"og:locale\" content=\"nb_NO\" \/>\n<meta property=\"og:type\" content=\"article\" \/>\n<meta property=\"og:title\" content=\"Norwegian Prima \u2503 Current location and position of Norwegian\" \/>\n<meta property=\"og:description\" content=\"Norwegian Prima \u2693 Current location and position of Norwegian Prima \u2713 Cruise Ship Tracker \u2713 Live Ship Tracker \u2713 Review and Specifications\" \/>\n<meta property=\"og:url\" content=\"https:\/\/ship-tracker.org\/nb\/norwegian-prima\/\" \/>\n<meta property=\"og:site_name\" content=\"Ship-tracker.org\" \/>\n<meta property=\"article:modified_time\" content=\"2024-09-20T12:49:34+00:00\" \/>\n<meta property=\"og:image\" content=\"https:\/\/ship-tracker.org\/wp-content\/uploads\/2022\/11\/208806-PR-Prima-Act_ssets_Carousel2-e1632326284334.jpg\" \/>\n<meta name=\"twitter:card\" content=\"summary_large_image\" \/>\n<meta name=\"twitter:label1\" content=\"Ansl. lesetid\" \/>\n\t<meta name=\"twitter:data1\" content=\"1 minutt\" \/>\n<script type=\"application\/ld+json\" class=\"yoast-schema-graph\">{\"@context\":\"https:\\\/\\\/schema.org\",\"@graph\":[{\"@type\":\"WebPage\",\"@id\":\"https:\\\/\\\/ship-tracker.org\\\/norwegian-prima\\\/\",\"url\":\"https:\\\/\\\/ship-tracker.org\\\/norwegian-prima\\\/\",\"name\":\"Norwegian Prima \u2503 Current location and position of Norwegian\",\"isPartOf\":{\"@id\":\"https:\\\/\\\/ship-tracker.org\\\/#website\"},\"primaryImageOfPage\":{\"@id\":\"https:\\\/\\\/ship-tracker.org\\\/norwegian-prima\\\/#primaryimage\"},\"image\":{\"@id\":\"https:\\\/\\\/ship-tracker.org\\\/norwegian-prima\\\/#primaryimage\"},\"thumbnailUrl\":\"https:\\\/\\\/ship-tracker.org\\\/wp-content\\\/uploads\\\/2022\\\/11\\\/208806-PR-Prima-Act_ssets_Carousel2-e1632326284334.jpg\",\"datePublished\":\"2022-11-01T12:37:38+00:00\",\"dateModified\":\"2024-09-20T12:49:34+00:00\",\"description\":\"Norwegian Prima \u2693 Current location and position of Norwegian Prima \u2713 Cruise Ship Tracker \u2713 Live Ship Tracker \u2713 Review and Specifications\",\"breadcrumb\":{\"@id\":\"https:\\\/\\\/ship-tracker.org\\\/norwegian-prima\\\/#breadcrumb\"},\"inLanguage\":\"nb-NO\",\"potentialAction\":[{\"@type\":\"ReadAction\",\"target\":[\"https:\\\/\\\/ship-tracker.org\\\/norwegian-prima\\\/\"]}]},{\"@type\":\"ImageObject\",\"inLanguage\":\"nb-NO\",\"@id\":\"https:\\\/\\\/ship-tracker.org\\\/norwegian-prima\\\/#primaryimage\",\"url\":\"https:\\\/\\\/ship-tracker.org\\\/wp-content\\\/uploads\\\/2022\\\/11\\\/208806-PR-Prima-Act_ssets_Carousel2-e1632326284334.jpg\",\"contentUrl\":\"https:\\\/\\\/ship-tracker.org\\\/wp-content\\\/uploads\\\/2022\\\/11\\\/208806-PR-Prima-Act_ssets_Carousel2-e1632326284334.jpg\"},{\"@type\":\"BreadcrumbList\",\"@id\":\"https:\\\/\\\/ship-tracker.org\\\/norwegian-prima\\\/#breadcrumb\",\"itemListElement\":[{\"@type\":\"ListItem\",\"position\":1,\"name\":\"Startseite\",\"item\":\"https:\\\/\\\/ship-tracker.org\\\/\"},{\"@type\":\"ListItem\",\"position\":2,\"name\":\"Norwegian Prima\"}]},{\"@type\":\"WebSite\",\"@id\":\"https:\\\/\\\/ship-tracker.org\\\/#website\",\"url\":\"https:\\\/\\\/ship-tracker.org\\\/\",\"name\":\"Ship-tracker.org\",\"description\":\"\",\"potentialAction\":[{\"@type\":\"SearchAction\",\"target\":{\"@type\":\"EntryPoint\",\"urlTemplate\":\"https:\\\/\\\/ship-tracker.org\\\/?s={search_term_string}\"},\"query-input\":{\"@type\":\"PropertyValueSpecification\",\"valueRequired\":true,\"valueName\":\"search_term_string\"}}],\"inLanguage\":\"nb-NO\"}]}<\/script>\n<!-- \/ Yoast SEO plugin. -->","yoast_head_json":{"title":"Norsk Prima \u2503 N\u00e5v\u00e6rende plassering og posisjon til Norwegian","description":"Norwegian Prima \u2693 N\u00e5v\u00e6rende plassering og posisjon til Norwegian Prima \u2713 Cruiseskipsporing \u2713 Live Ship Tracker \u2713 Gjennomgang og spesifikasjoner","robots":{"index":"index","follow":"follow","max-snippet":"max-snippet:-1","max-image-preview":"max-image-preview:large","max-video-preview":"max-video-preview:-1"},"canonical":"https:\/\/ship-tracker.org\/nb\/norwegian-prima\/","og_locale":"nb_NO","og_type":"article","og_title":"Norwegian Prima \u2503 Current location and position of Norwegian","og_description":"Norwegian Prima \u2693 Current location and position of Norwegian Prima \u2713 Cruise Ship Tracker \u2713 Live Ship Tracker \u2713 Review and Specifications","og_url":"https:\/\/ship-tracker.org\/nb\/norwegian-prima\/","og_site_name":"Ship-tracker.org","article_modified_time":"2024-09-20T12:49:34+00:00","og_image":[{"url":"https:\/\/ship-tracker.org\/wp-content\/uploads\/2022\/11\/208806-PR-Prima-Act_ssets_Carousel2-e1632326284334.jpg","type":"","width":"","height":""}],"twitter_card":"summary_large_image","twitter_misc":{"Ansl. lesetid":"1 minutt"},"schema":{"@context":"https:\/\/schema.org","@graph":[{"@type":"WebPage","@id":"https:\/\/ship-tracker.org\/norwegian-prima\/","url":"https:\/\/ship-tracker.org\/norwegian-prima\/","name":"Norsk Prima \u2503 N\u00e5v\u00e6rende plassering og posisjon til Norwegian","isPartOf":{"@id":"https:\/\/ship-tracker.org\/#website"},"primaryImageOfPage":{"@id":"https:\/\/ship-tracker.org\/norwegian-prima\/#primaryimage"},"image":{"@id":"https:\/\/ship-tracker.org\/norwegian-prima\/#primaryimage"},"thumbnailUrl":"https:\/\/ship-tracker.org\/wp-content\/uploads\/2022\/11\/208806-PR-Prima-Act_ssets_Carousel2-e1632326284334.jpg","datePublished":"2022-11-01T12:37:38+00:00","dateModified":"2024-09-20T12:49:34+00:00","description":"Norwegian Prima \u2693 N\u00e5v\u00e6rende plassering og posisjon til Norwegian Prima \u2713 Cruiseskipsporing \u2713 Live Ship Tracker \u2713 Gjennomgang og spesifikasjoner","breadcrumb":{"@id":"https:\/\/ship-tracker.org\/norwegian-prima\/#breadcrumb"},"inLanguage":"nb-NO","potentialAction":[{"@type":"ReadAction","target":["https:\/\/ship-tracker.org\/norwegian-prima\/"]}]},{"@type":"ImageObject","inLanguage":"nb-NO","@id":"https:\/\/ship-tracker.org\/norwegian-prima\/#primaryimage","url":"https:\/\/ship-tracker.org\/wp-content\/uploads\/2022\/11\/208806-PR-Prima-Act_ssets_Carousel2-e1632326284334.jpg","contentUrl":"https:\/\/ship-tracker.org\/wp-content\/uploads\/2022\/11\/208806-PR-Prima-Act_ssets_Carousel2-e1632326284334.jpg"},{"@type":"BreadcrumbList","@id":"https:\/\/ship-tracker.org\/norwegian-prima\/#breadcrumb","itemListElement":[{"@type":"ListItem","position":1,"name":"Startseite","item":"https:\/\/ship-tracker.org\/"},{"@type":"ListItem","position":2,"name":"Norwegian Prima"}]},{"@type":"WebSite","@id":"https:\/\/ship-tracker.org\/#website","url":"https:\/\/ship-tracker.org\/","name":"Ship-tracker.org","description":"","potentialAction":[{"@type":"SearchAction","target":{"@type":"EntryPoint","urlTemplate":"https:\/\/ship-tracker.org\/?s={search_term_string}"},"query-input":{"@type":"PropertyValueSpecification","valueRequired":true,"valueName":"search_term_string"}}],"inLanguage":"nb-NO"}]}},"_links":{"self":[{"href":"https:\/\/ship-tracker.org\/nb\/wp-json\/wp\/v2\/pages\/3533","targetHints":{"allow":["GET"]}}],"collection":[{"href":"https:\/\/ship-tracker.org\/nb\/wp-json\/wp\/v2\/pages"}],"about":[{"href":"https:\/\/ship-tracker.org\/nb\/wp-json\/wp\/v2\/types\/page"}],"author":[{"embeddable":true,"href":"https:\/\/ship-tracker.org\/nb\/wp-json\/wp\/v2\/users\/1"}],"replies":[{"embeddable":true,"href":"https:\/\/ship-tracker.org\/nb\/wp-json\/wp\/v2\/comments?post=3533"}],"version-history":[{"count":4,"href":"https:\/\/ship-tracker.org\/nb\/wp-json\/wp\/v2\/pages\/3533\/revisions"}],"predecessor-version":[{"id":5358,"href":"https:\/\/ship-tracker.org\/nb\/wp-json\/wp\/v2\/pages\/3533\/revisions\/5358"}],"wp:attachment":[{"href":"https:\/\/ship-tracker.org\/nb\/wp-json\/wp\/v2\/media?parent=3533"}],"curies":[{"name":"wp","href":"https:\/\/api.w.org\/{rel}","templated":true}]}}