{"id":342,"date":"2017-09-17T21:55:55","date_gmt":"2017-09-17T19:55:55","guid":{"rendered":"http:\/\/ship-tracker.org\/?page_id=342"},"modified":"2022-10-27T13:43:34","modified_gmt":"2022-10-27T11:43:34","slug":"costa-neoromantica","status":"publish","type":"page","link":"https:\/\/ship-tracker.org\/nb\/costa-neoromantica\/","title":{"rendered":"Costa neoRomantica"},"content":{"rendered":"<p><script async src=\"https:\/\/pagead2.googlesyndication.com\/pagead\/js\/adsbygoogle.js\"><\/script><br \/>\n<!-- Ship-Tracker Display --><br \/>\n<ins class=\"adsbygoogle\" style=\"display: block;\" data-ad-client=\"ca-pub-1316785063791781\" data-ad-slot=\"8075999632\" data-ad-format=\"auto\" data-full-width-responsive=\"true\"><\/ins><br \/>\n<script>\n     (adsbygoogle = window.adsbygoogle || []).push({});\n<\/script><\/p>\n<h2><span style=\"color: #000000;\">N\u00e5v\u00e6rende plassering og <\/span><span style=\"color: #000000;\">posisjonen til Costa neoRomantica<\/span><\/h2>\n<p>Hvor er den n\u00e5v\u00e6rende posisjonen til Costa neoRomantica for tiden?<br \/>\n<script async src=\"https:\/\/pagead2.googlesyndication.com\/pagead\/js\/adsbygoogle.js\"><\/script><br \/>\n<!-- Schip-Tracker Linkanzeigen --><br \/>\n<ins class=\"adsbygoogle\" style=\"display: block;\" data-ad-client=\"ca-pub-1316785063791781\" data-ad-slot=\"3429004156\" data-ad-format=\"link\" data-full-width-responsive=\"true\"><\/ins><br \/>\n<script>\n     (adsbygoogle = window.adsbygoogle || []).push({});\n<\/script><br \/>\n<script type=\"text\/javascript\">\n  var width=\"1500\";\n  var height=\"500\";\n  var click_to_activate=false;\n  var default_maptype=2;\n  var imo=8821046;\n<\/script><br \/>\n<script type=\"text\/javascript\" src=\"https:\/\/www.vesselfinder.com\/aismap.js\">\n<\/script><\/p>\n<p><script async src=\"https:\/\/pagead2.googlesyndication.com\/pagead\/js\/adsbygoogle.js\"><\/script><br \/>\n<!-- Ship-Tracker Display --><br \/>\n<ins class=\"adsbygoogle\" style=\"display: block;\" data-ad-client=\"ca-pub-1316785063791781\" data-ad-slot=\"8075999632\" data-ad-format=\"auto\" data-full-width-responsive=\"true\"><\/ins><br \/>\n<script>\n     (adsbygoogle = window.adsbygoogle || []).push({});\n<\/script><\/p>\n<p>Se Costa neoRomanticas n\u00e5v\u00e6rende plassering. Posisjonen til Costa neoRomantica kan bestemmes n\u00f8yaktig av kartene over Schiffsiffror og MarineTraffic. S\u00e5 du er alltid godt informert om hvor favorittskipet ditt er for \u00f8yeblikket.<\/p>\n<h2 class=\"title\"><span style=\"color: #000000;\">Costa neoRomantica gjennomgang og spesifikasjoner<\/span><\/h2>\n<table style=\"height: 294px;\" width=\"400\">\n<tbody>\n<tr>\n<td style=\"width: 192px;\"><strong><span style=\"color: #000000;\">Flagg<\/span><\/strong><\/td>\n<td style=\"width: 192px;\"><span style=\"color: #000000;\">Italia<\/span><\/td>\n<\/tr>\n<tr>\n<td style=\"width: 192px;\"><strong><span style=\"color: #000000;\">Bygge\u00e5r<\/span><\/strong><\/td>\n<td style=\"width: 192px;\"><span style=\"color: #000000;\">1993<\/span><\/td>\n<\/tr>\n<tr>\n<td style=\"width: 192px;\"><strong><span style=\"color: #000000;\">Bygger<\/span><\/strong><\/td>\n<td style=\"width: 192px;\"><span style=\"color: #000000;\">Fincantieri<\/span><\/td>\n<\/tr>\n<tr>\n<td style=\"width: 192px;\"><strong><span style=\"color: #000000;\">Lengde<\/span><\/strong><\/td>\n<td style=\"width: 192px;\"><span style=\"color: #000000;\">220<span class=\"specificationUnit\">\u00a0m<\/span><\/span><\/td>\n<\/tr>\n<tr>\n<td style=\"width: 192px;\"><strong><span style=\"color: #000000;\">Str\u00e5le<\/span><\/strong><\/td>\n<td style=\"width: 192px;\"><span style=\"color: #000000;\">32<span class=\"specificationUnit\">\u00a0m<\/span><\/span><\/td>\n<\/tr>\n<tr>\n<td style=\"width: 192px;\"><strong><span style=\"color: #000000;\">Bruttotonn<\/span><\/strong><\/td>\n<td style=\"width: 192px;\"><span style=\"color: #000000;\">56769<span class=\"specificationUnit\">\u00a0gt<\/span><\/span><\/td>\n<\/tr>\n<tr>\n<td style=\"width: 192px;\"><strong><span style=\"color: #000000;\">Passasjerer<\/span><\/strong><\/td>\n<td style=\"width: 192px;\"><span style=\"color: #000000;\">1894<\/span><\/td>\n<\/tr>\n<tr>\n<td style=\"width: 192px;\"><strong><span style=\"color: #000000;\">Mannskap<\/span><\/strong><\/td>\n<td style=\"width: 192px;\"><span style=\"color: #000000;\">650<\/span><\/td>\n<\/tr>\n<tr>\n<td style=\"width: 192px;\"><strong><span style=\"color: #000000;\">Dekk<\/span><\/strong><\/td>\n<td style=\"width: 192px;\"><span style=\"color: #000000;\">13<\/span><\/td>\n<\/tr>\n<tr>\n<td style=\"width: 192px;\"><span style=\"color: #000000;\"><strong>Hastighet<\/strong><\/span><\/td>\n<td style=\"width: 192px;\"><span style=\"color: #000000;\">19<span class=\"specificationUnit\">\u00a0kn<\/span><\/span><\/td>\n<\/tr>\n<tr>\n<td style=\"width: 192px;\"><span style=\"color: #000000;\"><strong><b>Registerhavn<\/b><\/strong><\/span><\/td>\n<td style=\"width: 192px;\"><span style=\"color: #000000;\">Genua<\/span><\/td>\n<\/tr>\n<tr>\n<td style=\"width: 192px;\"><span style=\"color: #000000;\"><strong><b>Fremdrift<\/b><\/strong><\/span><\/td>\n<td style=\"width: 192px;\"><span style=\"color: #000000;\">Diesel-elektrisk<\/span><\/td>\n<\/tr>\n<tr>\n<td style=\"width: 192px;\"><span style=\"color: #000000;\"><strong><b>Cruiserederi<\/b><\/strong><\/span><\/td>\n<td style=\"width: 192px;\"><a href=\"https:\/\/ship-tracker.org\/nb\/costa-cruises\/\">Costa Cruises<\/a><\/td>\n<\/tr>\n<\/tbody>\n<\/table>\n<figure id=\"attachment_440\" aria-describedby=\"caption-attachment-440\" style=\"width: 300px\" class=\"wp-caption aligncenter\"><img loading=\"lazy\" decoding=\"async\" class=\"wp-image-440 size-medium\" src=\"https:\/\/ship-tracker.org\/wp-content\/uploads\/2017\/09\/Header_Serena_960x350-300x109-300x109.jpg\" alt=\"Costa neoRomantica\" width=\"300\" height=\"109\" \/><figcaption id=\"caption-attachment-440\" class=\"wp-caption-text\">Costa neoRomantica<\/p>\n<p>\u00a9 Costa Crociere<\/figcaption><\/figure>\n<h3 class=\"title\">Costa Cruises fl\u00e5te<\/h3>\n<ul>\n<li><a href=\"https:\/\/ship-tracker.org\/nb\/costa-toscana\/\">Costa Toscana<\/a><\/li>\n<li><a href=\"https:\/\/ship-tracker.org\/nb\/costa-firenze\/\">Costa Firenze<\/a><\/li>\n<li><a href=\"https:\/\/ship-tracker.org\/nb\/costa-venezia\/\">Costa Venezia<\/a><\/li>\n<li><a href=\"https:\/\/ship-tracker.org\/nb\/costa-smeralda\/\">Costa Smeralda<\/a><\/li>\n<li><a href=\"https:\/\/ship-tracker.org\/nb\/costa-diadema\/\">Costa Diadema<\/a><\/li>\n<li><a href=\"https:\/\/ship-tracker.org\/nb\/costa-fascinosa\/\">Costa Fascinosa<\/a><\/li>\n<li><a href=\"https:\/\/ship-tracker.org\/nb\/costa-favolosa\/\">Costa Favolosa<\/a><\/li>\n<li><a href=\"https:\/\/ship-tracker.org\/nb\/costa-deliziosa\/\">Costa Deliziosa<\/a><\/li>\n<li><a href=\"https:\/\/ship-tracker.org\/nb\/costa-luminosa\/\">Costa Luminosa<\/a><\/li>\n<li><a href=\"https:\/\/ship-tracker.org\/nb\/costa-pacifica\/\">Costa Pacifica<\/a><\/li>\n<li><a href=\"https:\/\/ship-tracker.org\/nb\/costa-serena\/\">Costa Serena<\/a><\/li>\n<li><a href=\"https:\/\/ship-tracker.org\/nb\/costa-magica\/\">Costa Magica<\/a><\/li>\n<li><a href=\"https:\/\/ship-tracker.org\/nb\/costa-mediterranea\/\">Costa Mediterranea<\/a><\/li>\n<li><a href=\"https:\/\/ship-tracker.org\/nb\/costa-fortuna\/\">Costa Fortuna<\/a><\/li>\n<li><a href=\"https:\/\/ship-tracker.org\/nb\/costa-victoria\/\">Costa Victoria<\/a><\/li>\n<\/ul>\n<p><script async src=\"https:\/\/pagead2.googlesyndication.com\/pagead\/js\/adsbygoogle.js\"><\/script><br \/>\n<!-- Schip-Tracker Linkanzeigen --><br \/>\n<ins class=\"adsbygoogle\" style=\"display: block;\" data-ad-client=\"ca-pub-1316785063791781\" data-ad-slot=\"3429004156\" data-ad-format=\"link\" data-full-width-responsive=\"true\"><\/ins><br \/>\n<script>\n     (adsbygoogle = window.adsbygoogle || []).push({});\n<\/script><\/p>\n<h4><span style=\"color: #000000;\">Costa neoRomantica video<\/span><\/h4>\n<div class=\"su-youtube su-u-responsive-media-yes\"><iframe loading=\"lazy\" width=\"600\" height=\"400\" src=\"https:\/\/www.youtube.com\/embed\/1KT0qBRa5JQ?\" frameborder=\"0\" allowfullscreen allow=\"autoplay; encrypted-media; picture-in-picture\" title=\"\"><\/iframe><\/div>","protected":false},"excerpt":{"rendered":"<p>Current location and position of Costa neoRomantica Where is the current position of Costa neoRomantica presently? View Costa neoRomantica\u00b4s current location.The position of Costa neoRomantica can be accurately determined by the maps of VesselFinder and MarineTraffic. So you are always well informed, where your favorite ship is currently. Costa neoRomantica Review and Specifications Flag Italy&hellip;&nbsp;<a href=\"https:\/\/ship-tracker.org\/nb\/costa-neoromantica\/\" rel=\"bookmark\">Les mer \u00bb<span class=\"screen-reader-text\">Costa neoRomantica<\/span><\/a><\/p>","protected":false},"author":1,"featured_media":0,"parent":0,"menu_order":0,"comment_status":"closed","ping_status":"closed","template":"","meta":{"neve_meta_sidebar":"","neve_meta_container":"","neve_meta_enable_content_width":"","neve_meta_content_width":0,"neve_meta_title_alignment":"","neve_meta_author_avatar":"","neve_post_elements_order":"","neve_meta_disable_header":"","neve_meta_disable_footer":"","neve_meta_disable_title":"","neve_meta_reading_time":"","footnotes":""},"class_list":["post-342","page","type-page","status-publish","hentry"],"yoast_head":"<!-- This site is optimized with the Yoast SEO plugin v26.9 - https:\/\/yoast.com\/product\/yoast-seo-wordpress\/ -->\n<title>Costa neoRomantica \u2503 Current location and position<\/title>\n<meta name=\"description\" content=\"Costa neoRomantica \u2693 Current location and position of Costa neoRomantica \u2713 Cruise Ship Tracker \u2713 Live Ship Tracker \u2713 Webcam\" \/>\n<meta name=\"robots\" content=\"index, follow, max-snippet:-1, max-image-preview:large, max-video-preview:-1\" \/>\n<link rel=\"canonical\" href=\"https:\/\/ship-tracker.org\/nb\/costa-neoromantica\/\" \/>\n<meta property=\"og:locale\" content=\"nb_NO\" \/>\n<meta property=\"og:type\" content=\"article\" \/>\n<meta property=\"og:title\" content=\"Costa neoRomantica \u2503 Current location and position\" \/>\n<meta property=\"og:description\" content=\"Costa neoRomantica \u2693 Current location and position of Costa neoRomantica \u2713 Cruise Ship Tracker \u2713 Live Ship Tracker \u2713 Webcam\" \/>\n<meta property=\"og:url\" content=\"https:\/\/ship-tracker.org\/nb\/costa-neoromantica\/\" \/>\n<meta property=\"og:site_name\" content=\"Ship-tracker.org\" \/>\n<meta property=\"article:modified_time\" content=\"2022-10-27T11:43:34+00:00\" \/>\n<meta property=\"og:image\" content=\"https:\/\/ship-tracker.org\/wp-content\/uploads\/2017\/09\/Header_Serena_960x350-300x109-300x109.jpg\" \/>\n<meta name=\"twitter:card\" content=\"summary_large_image\" \/>\n<meta name=\"twitter:label1\" content=\"Ansl. lesetid\" \/>\n\t<meta name=\"twitter:data1\" content=\"1 minutt\" \/>\n<script type=\"application\/ld+json\" class=\"yoast-schema-graph\">{\"@context\":\"https:\/\/schema.org\",\"@graph\":[{\"@type\":\"WebPage\",\"@id\":\"https:\/\/ship-tracker.org\/costa-neoromantica\/\",\"url\":\"https:\/\/ship-tracker.org\/costa-neoromantica\/\",\"name\":\"Costa neoRomantica \u2503 Current location and position\",\"isPartOf\":{\"@id\":\"https:\/\/ship-tracker.org\/#website\"},\"primaryImageOfPage\":{\"@id\":\"https:\/\/ship-tracker.org\/costa-neoromantica\/#primaryimage\"},\"image\":{\"@id\":\"https:\/\/ship-tracker.org\/costa-neoromantica\/#primaryimage\"},\"thumbnailUrl\":\"https:\/\/ship-tracker.org\/wp-content\/uploads\/2017\/09\/Header_Serena_960x350-300x109-300x109.jpg\",\"datePublished\":\"2017-09-17T19:55:55+00:00\",\"dateModified\":\"2022-10-27T11:43:34+00:00\",\"description\":\"Costa neoRomantica \u2693 Current location and position of Costa neoRomantica \u2713 Cruise Ship Tracker \u2713 Live Ship Tracker \u2713 Webcam\",\"breadcrumb\":{\"@id\":\"https:\/\/ship-tracker.org\/costa-neoromantica\/#breadcrumb\"},\"inLanguage\":\"nb-NO\",\"potentialAction\":[{\"@type\":\"ReadAction\",\"target\":[\"https:\/\/ship-tracker.org\/costa-neoromantica\/\"]}]},{\"@type\":\"ImageObject\",\"inLanguage\":\"nb-NO\",\"@id\":\"https:\/\/ship-tracker.org\/costa-neoromantica\/#primaryimage\",\"url\":\"https:\/\/ship-tracker.org\/wp-content\/uploads\/2017\/09\/Header_Serena_960x350-300x109-300x109.jpg\",\"contentUrl\":\"https:\/\/ship-tracker.org\/wp-content\/uploads\/2017\/09\/Header_Serena_960x350-300x109-300x109.jpg\"},{\"@type\":\"BreadcrumbList\",\"@id\":\"https:\/\/ship-tracker.org\/costa-neoromantica\/#breadcrumb\",\"itemListElement\":[{\"@type\":\"ListItem\",\"position\":1,\"name\":\"Startseite\",\"item\":\"https:\/\/ship-tracker.org\/\"},{\"@type\":\"ListItem\",\"position\":2,\"name\":\"Costa neoRomantica\"}]},{\"@type\":\"WebSite\",\"@id\":\"https:\/\/ship-tracker.org\/#website\",\"url\":\"https:\/\/ship-tracker.org\/\",\"name\":\"Ship-tracker.org\",\"description\":\"\",\"potentialAction\":[{\"@type\":\"SearchAction\",\"target\":{\"@type\":\"EntryPoint\",\"urlTemplate\":\"https:\/\/ship-tracker.org\/?s={search_term_string}\"},\"query-input\":{\"@type\":\"PropertyValueSpecification\",\"valueRequired\":true,\"valueName\":\"search_term_string\"}}],\"inLanguage\":\"nb-NO\"}]}<\/script>\n<!-- \/ Yoast SEO plugin. -->","yoast_head_json":{"title":"Costa neoRomantica \u2503 N\u00e5v\u00e6rende plassering og posisjon","description":"Costa neoRomantica \u2693 N\u00e5v\u00e6rende plassering og posisjon til Costa neoRomantica \u2713 Cruiseship Tracker \u2713 Live Ship Tracker \u2713 Webcam","robots":{"index":"index","follow":"follow","max-snippet":"max-snippet:-1","max-image-preview":"max-image-preview:large","max-video-preview":"max-video-preview:-1"},"canonical":"https:\/\/ship-tracker.org\/nb\/costa-neoromantica\/","og_locale":"nb_NO","og_type":"article","og_title":"Costa neoRomantica \u2503 Current location and position","og_description":"Costa neoRomantica \u2693 Current location and position of Costa neoRomantica \u2713 Cruise Ship Tracker \u2713 Live Ship Tracker \u2713 Webcam","og_url":"https:\/\/ship-tracker.org\/nb\/costa-neoromantica\/","og_site_name":"Ship-tracker.org","article_modified_time":"2022-10-27T11:43:34+00:00","og_image":[{"url":"https:\/\/ship-tracker.org\/wp-content\/uploads\/2017\/09\/Header_Serena_960x350-300x109-300x109.jpg","type":"","width":"","height":""}],"twitter_card":"summary_large_image","twitter_misc":{"Ansl. lesetid":"1 minutt"},"schema":{"@context":"https:\/\/schema.org","@graph":[{"@type":"WebPage","@id":"https:\/\/ship-tracker.org\/costa-neoromantica\/","url":"https:\/\/ship-tracker.org\/costa-neoromantica\/","name":"Costa neoRomantica \u2503 N\u00e5v\u00e6rende plassering og posisjon","isPartOf":{"@id":"https:\/\/ship-tracker.org\/#website"},"primaryImageOfPage":{"@id":"https:\/\/ship-tracker.org\/costa-neoromantica\/#primaryimage"},"image":{"@id":"https:\/\/ship-tracker.org\/costa-neoromantica\/#primaryimage"},"thumbnailUrl":"https:\/\/ship-tracker.org\/wp-content\/uploads\/2017\/09\/Header_Serena_960x350-300x109-300x109.jpg","datePublished":"2017-09-17T19:55:55+00:00","dateModified":"2022-10-27T11:43:34+00:00","description":"Costa neoRomantica \u2693 N\u00e5v\u00e6rende plassering og posisjon til Costa neoRomantica \u2713 Cruiseship Tracker \u2713 Live Ship Tracker \u2713 Webcam","breadcrumb":{"@id":"https:\/\/ship-tracker.org\/costa-neoromantica\/#breadcrumb"},"inLanguage":"nb-NO","potentialAction":[{"@type":"ReadAction","target":["https:\/\/ship-tracker.org\/costa-neoromantica\/"]}]},{"@type":"ImageObject","inLanguage":"nb-NO","@id":"https:\/\/ship-tracker.org\/costa-neoromantica\/#primaryimage","url":"https:\/\/ship-tracker.org\/wp-content\/uploads\/2017\/09\/Header_Serena_960x350-300x109-300x109.jpg","contentUrl":"https:\/\/ship-tracker.org\/wp-content\/uploads\/2017\/09\/Header_Serena_960x350-300x109-300x109.jpg"},{"@type":"BreadcrumbList","@id":"https:\/\/ship-tracker.org\/costa-neoromantica\/#breadcrumb","itemListElement":[{"@type":"ListItem","position":1,"name":"Startseite","item":"https:\/\/ship-tracker.org\/"},{"@type":"ListItem","position":2,"name":"Costa neoRomantica"}]},{"@type":"WebSite","@id":"https:\/\/ship-tracker.org\/#website","url":"https:\/\/ship-tracker.org\/","name":"Ship-tracker.org","description":"","potentialAction":[{"@type":"SearchAction","target":{"@type":"EntryPoint","urlTemplate":"https:\/\/ship-tracker.org\/?s={search_term_string}"},"query-input":{"@type":"PropertyValueSpecification","valueRequired":true,"valueName":"search_term_string"}}],"inLanguage":"nb-NO"}]}},"_links":{"self":[{"href":"https:\/\/ship-tracker.org\/nb\/wp-json\/wp\/v2\/pages\/342","targetHints":{"allow":["GET"]}}],"collection":[{"href":"https:\/\/ship-tracker.org\/nb\/wp-json\/wp\/v2\/pages"}],"about":[{"href":"https:\/\/ship-tracker.org\/nb\/wp-json\/wp\/v2\/types\/page"}],"author":[{"embeddable":true,"href":"https:\/\/ship-tracker.org\/nb\/wp-json\/wp\/v2\/users\/1"}],"replies":[{"embeddable":true,"href":"https:\/\/ship-tracker.org\/nb\/wp-json\/wp\/v2\/comments?post=342"}],"version-history":[{"count":7,"href":"https:\/\/ship-tracker.org\/nb\/wp-json\/wp\/v2\/pages\/342\/revisions"}],"predecessor-version":[{"id":2270,"href":"https:\/\/ship-tracker.org\/nb\/wp-json\/wp\/v2\/pages\/342\/revisions\/2270"}],"wp:attachment":[{"href":"https:\/\/ship-tracker.org\/nb\/wp-json\/wp\/v2\/media?parent=342"}],"curies":[{"name":"wp","href":"https:\/\/api.w.org\/{rel}","templated":true}]}}