{"id":3416,"date":"2022-02-06T18:24:15","date_gmt":"2022-02-06T17:24:15","guid":{"rendered":"https:\/\/ship-tracker.org\/?page_id=3416"},"modified":"2022-02-06T18:25:13","modified_gmt":"2022-02-06T17:25:13","slug":"seago-istanbul","status":"publish","type":"page","link":"https:\/\/ship-tracker.org\/nb\/seago-istanbul\/","title":{"rendered":"SEAGO ISTANBUL"},"content":{"rendered":"<p><strong>SEAGO ISTANBUL<\/strong> (IMO: 9313943, MMSI 219116000) seiler for tiden under flagget til <strong>Danmark<\/strong>. Fart\u00f8yet SEAGO ISTANBUL er en <strong>Containerskip<\/strong> innebygd <strong>2007<\/strong>. Hennes lengdelengde totalt (LOA) er <strong>293.86<\/strong>\u00a0m, str\u00e5len er <strong>32.28<\/strong>\u00a0meter.<strong> SEAGO ISTANBUL<\/strong> containerkapasitet er <strong>4504<\/strong>\u00a0<strong>TEU<\/strong>.<\/p>\n<h2>N\u00e5v\u00e6rende plassering og posisjon til SEAGO ISTANBUL (IMO 9313943) \u2013 Containerskip<\/h2>\n<p>Hvor er den n\u00e5v\u00e6rende posisjonen til SEAGO ISTANBUL for tiden?<\/p>\n<p><script type=\"text\/javascript\">\n  var width=\"100%\";var height=\"400\";\n  var mmsi=219116000;\n<\/script><script type=\"text\/javascript\" src=\"https:\/\/www.vesselfinder.com\/aismap.js\"><\/script><\/p>\n<p>Se SEAGO ISTANBUL n\u00e5v\u00e6rende plassering. Posisjonen til SEAGO ISTANBUL kan bestemmes n\u00f8yaktig av kartene over VesselFinder og MarineTraffic. S\u00e5 du er alltid godt informert om hvor favorittskipet ditt er for \u00f8yeblikket.<\/p>\n<h2>Fart\u00f8ydetaljer for SEAGO ISTANBUL<\/h2>\n<table>\n<tbody>\n<tr>\n<td style=\"width: 50%;\"><strong>Skipsopplysninger<\/strong><\/td>\n<td style=\"width: 50%;\"><strong>Verdi<\/strong><\/td>\n<\/tr>\n<tr>\n<td style=\"width: 50%;\">Fart\u00f8yets navn<\/td>\n<td style=\"width: 50%;\">SEAGO ISTANBUL<\/td>\n<\/tr>\n<tr>\n<td style=\"width: 50%;\">Skipstype<\/td>\n<td style=\"width: 50%;\">Containerskip<\/td>\n<\/tr>\n<tr>\n<td style=\"width: 50%;\">IMO<\/td>\n<td style=\"width: 50%;\">9313943<\/td>\n<\/tr>\n<tr>\n<td style=\"width: 50%;\">MMSI<\/td>\n<td style=\"width: 50%;\">219116000<\/td>\n<\/tr>\n<tr>\n<td style=\"width: 50%;\">Kallesignal<\/td>\n<td style=\"width: 50%;\">OXVE2<\/td>\n<\/tr>\n<tr>\n<td style=\"width: 50%;\">Flagg<\/td>\n<td style=\"width: 50%;\">Danmark<\/td>\n<\/tr>\n<tr>\n<td style=\"width: 50%;\">Bruttotonn<\/td>\n<td style=\"width: 50%;\">48788<\/td>\n<\/tr>\n<tr>\n<td style=\"width: 50%;\">D\u00f8dvekt<\/td>\n<td style=\"width: 50%;\">53701<\/td>\n<\/tr>\n<tr>\n<td style=\"width: 50%;\">Lengde<\/td>\n<td style=\"width: 50%;\">293,86 m<\/td>\n<\/tr>\n<tr>\n<td style=\"width: 50%;\">Str\u00e5le<\/td>\n<td style=\"width: 50%;\">32,28 m<\/td>\n<\/tr>\n<tr>\n<td style=\"width: 50%;\">Bygge\u00e5r<\/td>\n<td style=\"width: 50%;\">2007<\/td>\n<\/tr>\n<tr>\n<td style=\"width: 50%;\">Bygger<\/td>\n<td style=\"width: 50%;\">PS WERFTEN STRALSUND<\/td>\n<\/tr>\n<tr>\n<td style=\"width: 50%;\">Verft<\/td>\n<td style=\"width: 50%;\">STRALSUND<\/td>\n<\/tr>\n<tr>\n<td style=\"width: 50%;\">TEU<\/td>\n<td style=\"width: 50%;\">4504<\/td>\n<\/tr>\n<tr>\n<td style=\"width: 50%;\">Skipsoperat\u00f8r<\/td>\n<td style=\"width: 50%;\"><a href=\"https:\/\/ship-tracker.org\/nb\/maersk-line\/\">Maersk Line<\/a><\/td>\n<\/tr>\n<\/tbody>\n<\/table>\n<p>Alle detaljer er til informasjonsform\u00e5l, og ship-tracker.org er ikke ansvarlig for n\u00f8yaktigheten og p\u00e5liteligheten til dataverdier.<\/p>","protected":false},"excerpt":{"rendered":"<p>SEAGO ISTANBUL (IMO: 9313943, MMSI 219116000) seiler for tiden under dansk flagg. Skipet SEAGO ISTANBUL er et containerskip bygget i 2007. Lengden overalt (LOA) er 293,86 m, bredden er 32,28 meter. SEAGO ISTANBULs containerkapasitet er 4504 TEU. N\u00e5v\u00e6rende plassering og plassering av SEAGO ISTANBUL (IMO 9313943) \u2013 Containerskip Hvor er\u2026&nbsp;<a href=\"https:\/\/ship-tracker.org\/nb\/seago-istanbul\/\" rel=\"bookmark\">Les mer \u00bb<span class=\"screen-reader-text\">SEAGO ISTANBUL<\/span><\/a><\/p>","protected":false},"author":1,"featured_media":0,"parent":0,"menu_order":0,"comment_status":"closed","ping_status":"closed","template":"","meta":{"neve_meta_sidebar":"","neve_meta_container":"","neve_meta_enable_content_width":"","neve_meta_content_width":0,"neve_meta_title_alignment":"","neve_meta_author_avatar":"","neve_post_elements_order":"","neve_meta_disable_header":"","neve_meta_disable_footer":"","neve_meta_disable_title":"","neve_meta_reading_time":"","footnotes":""},"class_list":["post-3416","page","type-page","status-publish","hentry"],"yoast_head":"<!-- This site is optimized with the Yoast SEO plugin v27.4 - https:\/\/yoast.com\/product\/yoast-seo-wordpress\/ -->\n<title>SEAGO ISTANBUL - Container Ship, IMO 9313943 - Current location<\/title>\n<meta name=\"description\" content=\"Track current location and position of SEAGO ISTANBUL Container Ship on Live Map - IMO: 9313943 \u2713 Container Ship Tracking\" \/>\n<meta name=\"robots\" content=\"index, follow, max-snippet:-1, max-image-preview:large, max-video-preview:-1\" \/>\n<link rel=\"canonical\" href=\"https:\/\/ship-tracker.org\/nb\/seago-istanbul\/\" \/>\n<meta property=\"og:locale\" content=\"nb_NO\" \/>\n<meta property=\"og:type\" content=\"article\" \/>\n<meta property=\"og:title\" content=\"SEAGO ISTANBUL - Container Ship, IMO 9313943 - Current location\" \/>\n<meta property=\"og:description\" content=\"Track current location and position of SEAGO ISTANBUL Container Ship on Live Map - IMO: 9313943 \u2713 Container Ship Tracking\" \/>\n<meta property=\"og:url\" content=\"https:\/\/ship-tracker.org\/nb\/seago-istanbul\/\" \/>\n<meta property=\"og:site_name\" content=\"Ship-tracker.org\" \/>\n<meta property=\"article:modified_time\" content=\"2022-02-06T17:25:13+00:00\" \/>\n<meta name=\"twitter:card\" content=\"summary_large_image\" \/>\n<meta name=\"twitter:label1\" content=\"Ansl. lesetid\" \/>\n\t<meta name=\"twitter:data1\" content=\"1 minutt\" \/>\n<script type=\"application\/ld+json\" class=\"yoast-schema-graph\">{\"@context\":\"https:\\\/\\\/schema.org\",\"@graph\":[{\"@type\":\"WebPage\",\"@id\":\"https:\\\/\\\/ship-tracker.org\\\/seago-istanbul\\\/\",\"url\":\"https:\\\/\\\/ship-tracker.org\\\/seago-istanbul\\\/\",\"name\":\"SEAGO ISTANBUL - Container Ship, IMO 9313943 - Current location\",\"isPartOf\":{\"@id\":\"https:\\\/\\\/ship-tracker.org\\\/#website\"},\"datePublished\":\"2022-02-06T17:24:15+00:00\",\"dateModified\":\"2022-02-06T17:25:13+00:00\",\"description\":\"Track current location and position of SEAGO ISTANBUL Container Ship on Live Map - IMO: 9313943 \u2713 Container Ship Tracking\",\"breadcrumb\":{\"@id\":\"https:\\\/\\\/ship-tracker.org\\\/seago-istanbul\\\/#breadcrumb\"},\"inLanguage\":\"nb-NO\",\"potentialAction\":[{\"@type\":\"ReadAction\",\"target\":[\"https:\\\/\\\/ship-tracker.org\\\/seago-istanbul\\\/\"]}]},{\"@type\":\"BreadcrumbList\",\"@id\":\"https:\\\/\\\/ship-tracker.org\\\/seago-istanbul\\\/#breadcrumb\",\"itemListElement\":[{\"@type\":\"ListItem\",\"position\":1,\"name\":\"Startseite\",\"item\":\"https:\\\/\\\/ship-tracker.org\\\/\"},{\"@type\":\"ListItem\",\"position\":2,\"name\":\"SEAGO ISTANBUL\"}]},{\"@type\":\"WebSite\",\"@id\":\"https:\\\/\\\/ship-tracker.org\\\/#website\",\"url\":\"https:\\\/\\\/ship-tracker.org\\\/\",\"name\":\"Ship-tracker.org\",\"description\":\"\",\"potentialAction\":[{\"@type\":\"SearchAction\",\"target\":{\"@type\":\"EntryPoint\",\"urlTemplate\":\"https:\\\/\\\/ship-tracker.org\\\/?s={search_term_string}\"},\"query-input\":{\"@type\":\"PropertyValueSpecification\",\"valueRequired\":true,\"valueName\":\"search_term_string\"}}],\"inLanguage\":\"nb-NO\"}]}<\/script>\n<!-- \/ Yoast SEO plugin. -->","yoast_head_json":{"title":"SEAGO ISTANBUL - Container Ship, IMO 9313943 - N\u00e5v\u00e6rende plassering","description":"Spor n\u00e5v\u00e6rende plassering og posisjon til SEAGO ISTANBUL containerskip p\u00e5 live kart - IMO: 9313943 \u2713 Containerskip sporing","robots":{"index":"index","follow":"follow","max-snippet":"max-snippet:-1","max-image-preview":"max-image-preview:large","max-video-preview":"max-video-preview:-1"},"canonical":"https:\/\/ship-tracker.org\/nb\/seago-istanbul\/","og_locale":"nb_NO","og_type":"article","og_title":"SEAGO ISTANBUL - Container Ship, IMO 9313943 - Current location","og_description":"Track current location and position of SEAGO ISTANBUL Container Ship on Live Map - IMO: 9313943 \u2713 Container Ship Tracking","og_url":"https:\/\/ship-tracker.org\/nb\/seago-istanbul\/","og_site_name":"Ship-tracker.org","article_modified_time":"2022-02-06T17:25:13+00:00","twitter_card":"summary_large_image","twitter_misc":{"Ansl. lesetid":"1 minutt"},"schema":{"@context":"https:\/\/schema.org","@graph":[{"@type":"WebPage","@id":"https:\/\/ship-tracker.org\/seago-istanbul\/","url":"https:\/\/ship-tracker.org\/seago-istanbul\/","name":"SEAGO ISTANBUL - Container Ship, IMO 9313943 - N\u00e5v\u00e6rende plassering","isPartOf":{"@id":"https:\/\/ship-tracker.org\/#website"},"datePublished":"2022-02-06T17:24:15+00:00","dateModified":"2022-02-06T17:25:13+00:00","description":"Spor n\u00e5v\u00e6rende plassering og posisjon til SEAGO ISTANBUL containerskip p\u00e5 live kart - IMO: 9313943 \u2713 Containerskip sporing","breadcrumb":{"@id":"https:\/\/ship-tracker.org\/seago-istanbul\/#breadcrumb"},"inLanguage":"nb-NO","potentialAction":[{"@type":"ReadAction","target":["https:\/\/ship-tracker.org\/seago-istanbul\/"]}]},{"@type":"BreadcrumbList","@id":"https:\/\/ship-tracker.org\/seago-istanbul\/#breadcrumb","itemListElement":[{"@type":"ListItem","position":1,"name":"Startseite","item":"https:\/\/ship-tracker.org\/"},{"@type":"ListItem","position":2,"name":"SEAGO ISTANBUL"}]},{"@type":"WebSite","@id":"https:\/\/ship-tracker.org\/#website","url":"https:\/\/ship-tracker.org\/","name":"Ship-tracker.org","description":"","potentialAction":[{"@type":"SearchAction","target":{"@type":"EntryPoint","urlTemplate":"https:\/\/ship-tracker.org\/?s={search_term_string}"},"query-input":{"@type":"PropertyValueSpecification","valueRequired":true,"valueName":"search_term_string"}}],"inLanguage":"nb-NO"}]}},"_links":{"self":[{"href":"https:\/\/ship-tracker.org\/nb\/wp-json\/wp\/v2\/pages\/3416","targetHints":{"allow":["GET"]}}],"collection":[{"href":"https:\/\/ship-tracker.org\/nb\/wp-json\/wp\/v2\/pages"}],"about":[{"href":"https:\/\/ship-tracker.org\/nb\/wp-json\/wp\/v2\/types\/page"}],"author":[{"embeddable":true,"href":"https:\/\/ship-tracker.org\/nb\/wp-json\/wp\/v2\/users\/1"}],"replies":[{"embeddable":true,"href":"https:\/\/ship-tracker.org\/nb\/wp-json\/wp\/v2\/comments?post=3416"}],"version-history":[{"count":3,"href":"https:\/\/ship-tracker.org\/nb\/wp-json\/wp\/v2\/pages\/3416\/revisions"}],"predecessor-version":[{"id":3421,"href":"https:\/\/ship-tracker.org\/nb\/wp-json\/wp\/v2\/pages\/3416\/revisions\/3421"}],"wp:attachment":[{"href":"https:\/\/ship-tracker.org\/nb\/wp-json\/wp\/v2\/media?parent=3416"}],"curies":[{"name":"wp","href":"https:\/\/api.w.org\/{rel}","templated":true}]}}