{"id":332,"date":"2017-09-17T22:17:06","date_gmt":"2017-09-17T20:17:06","guid":{"rendered":"http:\/\/ship-tracker.org\/?page_id=332"},"modified":"2022-10-27T13:40:55","modified_gmt":"2022-10-27T11:40:55","slug":"costa-favolosa","status":"publish","type":"page","link":"https:\/\/ship-tracker.org\/nb\/costa-favolosa\/","title":{"rendered":"Costa Favolosa"},"content":{"rendered":"<p><script async src=\"https:\/\/pagead2.googlesyndication.com\/pagead\/js\/adsbygoogle.js\"><\/script><br \/>\n<!-- Ship-Tracker Display --><br \/>\n<ins class=\"adsbygoogle\" style=\"display: block;\" data-ad-client=\"ca-pub-1316785063791781\" data-ad-slot=\"8075999632\" data-ad-format=\"auto\" data-full-width-responsive=\"true\"><\/ins><br \/>\n<script>\n     (adsbygoogle = window.adsbygoogle || []).push({});\n<\/script><\/p>\n<h2><span style=\"color: #000000;\">N\u00e5v\u00e6rende plassering og <\/span><span style=\"color: #000000;\">posisjonen til Costa Favolosa<\/span><\/h2>\n<p>Hvor er den n\u00e5v\u00e6rende posisjonen til Costa Favolosa for \u00f8yeblikket?<br \/>\n<script async src=\"https:\/\/pagead2.googlesyndication.com\/pagead\/js\/adsbygoogle.js\"><\/script><br \/>\n<!-- Schip-Tracker Linkanzeigen --><br \/>\n<ins class=\"adsbygoogle\" style=\"display: block;\" data-ad-client=\"ca-pub-1316785063791781\" data-ad-slot=\"3429004156\" data-ad-format=\"link\" data-full-width-responsive=\"true\"><\/ins><br \/>\n<script>\n     (adsbygoogle = window.adsbygoogle || []).push({});\n<\/script><br \/>\n<script type=\"text\/javascript\">\n  var width=\"1500\";\n  var height=\"500\";\n  var click_to_activate=false;\n  var default_maptype=2;\n  var imo=9479852;\n<\/script><br \/>\n<script type=\"text\/javascript\" src=\"https:\/\/www.vesselfinder.com\/aismap.js\">\n<\/script><\/p>\n<p><script async src=\"https:\/\/pagead2.googlesyndication.com\/pagead\/js\/adsbygoogle.js\"><\/script><br \/>\n<!-- Ship-Tracker Display --><br \/>\n<ins class=\"adsbygoogle\" style=\"display: block;\" data-ad-client=\"ca-pub-1316785063791781\" data-ad-slot=\"8075999632\" data-ad-format=\"auto\" data-full-width-responsive=\"true\"><\/ins><br \/>\n<script>\n     (adsbygoogle = window.adsbygoogle || []).push({});\n<\/script><\/p>\n<p>Se Costa Favolosas n\u00e5v\u00e6rende plassering. Posisjonen til Costa Favolosa kan bestemmes n\u00f8yaktig av kartene over Schiffsiff og MarineTraffic. S\u00e5 du er alltid godt informert om hvor favorittskipet ditt er for \u00f8yeblikket.<\/p>\n<h2 class=\"title\"><span style=\"color: #000000;\">Costa Favolosa gjennomgang og spesifikasjoner<\/span><\/h2>\n<table style=\"height: 294px;\" width=\"400\">\n<tbody>\n<tr>\n<td style=\"width: 192px;\"><strong><span style=\"color: #000000;\">Flagg<\/span><\/strong><\/td>\n<td style=\"width: 192px;\"><span style=\"color: #000000;\">Italia<\/span><\/td>\n<\/tr>\n<tr>\n<td style=\"width: 192px;\"><strong><span style=\"color: #000000;\">Bygge\u00e5r<\/span><\/strong><\/td>\n<td style=\"width: 192px;\"><span style=\"color: #000000;\">2011<\/span><\/td>\n<\/tr>\n<tr>\n<td style=\"width: 192px;\"><strong><span style=\"color: #000000;\">Bygger<\/span><\/strong><\/td>\n<td style=\"width: 192px;\"><span style=\"color: #000000;\">Fincantieri<\/span><\/td>\n<\/tr>\n<tr>\n<td style=\"width: 192px;\"><strong><span style=\"color: #000000;\">Lengde<\/span><\/strong><\/td>\n<td style=\"width: 192px;\"><span style=\"color: #000000;\">289<span class=\"specificationUnit\">\u00a0m<\/span><\/span><\/td>\n<\/tr>\n<tr>\n<td style=\"width: 192px;\"><strong><span style=\"color: #000000;\">Str\u00e5le<\/span><\/strong><\/td>\n<td style=\"width: 192px;\"><span style=\"color: #000000;\">38<span class=\"specificationUnit\">\u00a0m<\/span><\/span><\/td>\n<\/tr>\n<tr>\n<td style=\"width: 192px;\"><strong><span style=\"color: #000000;\">Bruttotonn<\/span><\/strong><\/td>\n<td style=\"width: 192px;\"><span style=\"color: #000000;\">113216<span class=\"specificationUnit\">\u00a0gt<\/span><\/span><\/td>\n<\/tr>\n<tr>\n<td style=\"width: 192px;\"><strong><span style=\"color: #000000;\">Passasjerer<\/span><\/strong><\/td>\n<td style=\"width: 192px;\"><span style=\"color: #000000;\">3617<\/span><\/td>\n<\/tr>\n<tr>\n<td style=\"width: 192px;\"><strong><span style=\"color: #000000;\">Mannskap<\/span><\/strong><\/td>\n<td style=\"width: 192px;\"><span style=\"color: #000000;\">1100<\/span><\/td>\n<\/tr>\n<tr>\n<td style=\"width: 192px;\"><strong><span style=\"color: #000000;\">Dekk<\/span><\/strong><\/td>\n<td style=\"width: 192px;\"><span style=\"color: #000000;\">13<\/span><\/td>\n<\/tr>\n<tr>\n<td style=\"width: 192px;\"><span style=\"color: #000000;\"><strong>Hastighet<\/strong><\/span><\/td>\n<td style=\"width: 192px;\"><span style=\"color: #000000;\">22<span class=\"specificationUnit\">\u00a0kn<\/span><\/span><\/td>\n<\/tr>\n<tr>\n<td style=\"width: 192px;\"><span style=\"color: #000000;\"><strong><b>Registerhavn<\/b><\/strong><\/span><\/td>\n<td style=\"width: 192px;\"><span style=\"color: #000000;\">Genua<\/span><\/td>\n<\/tr>\n<tr>\n<td style=\"width: 192px;\"><span style=\"color: #000000;\"><strong><b>Fremdrift<\/b><\/strong><\/span><\/td>\n<td style=\"width: 192px;\"><span style=\"color: #000000;\">Diesel-elektrisk<\/span><\/td>\n<\/tr>\n<tr>\n<td style=\"width: 192px;\"><span style=\"color: #000000;\"><strong><b>Cruiserederi<\/b><\/strong><\/span><\/td>\n<td style=\"width: 192px;\"><a href=\"https:\/\/ship-tracker.org\/nb\/costa-cruises\/\">Costa Cruises<\/a><\/td>\n<\/tr>\n<\/tbody>\n<\/table>\n<figure id=\"attachment_440\" aria-describedby=\"caption-attachment-440\" style=\"width: 300px\" class=\"wp-caption aligncenter\"><img loading=\"lazy\" decoding=\"async\" class=\"wp-image-440 size-medium\" src=\"https:\/\/ship-tracker.org\/wp-content\/uploads\/2017\/09\/Header_Serena_960x350-300x109-300x109.jpg\" alt=\"Costa Favolosa\" width=\"300\" height=\"109\" \/><figcaption id=\"caption-attachment-440\" class=\"wp-caption-text\">Costa Favolosa<\/p>\n<p>\u00a9 Costa Crociere<\/figcaption><\/figure>\n<h3 class=\"title\">Costa Cruises fl\u00e5te<\/h3>\n<ul>\n<li><a href=\"https:\/\/ship-tracker.org\/nb\/costa-toscana\/\">Costa Toscana<\/a><\/li>\n<li><a href=\"https:\/\/ship-tracker.org\/nb\/costa-firenze\/\">Costa Firenze<\/a><\/li>\n<li><a href=\"https:\/\/ship-tracker.org\/nb\/costa-venezia\/\">Costa Venezia<\/a><\/li>\n<li><a href=\"https:\/\/ship-tracker.org\/nb\/costa-smeralda\/\">Costa Smeralda<\/a><\/li>\n<li><a href=\"https:\/\/ship-tracker.org\/nb\/costa-diadema\/\">Costa Diadema<\/a><\/li>\n<li><a href=\"https:\/\/ship-tracker.org\/nb\/costa-fascinosa\/\">Costa Fascinosa<\/a><\/li>\n<li><a href=\"https:\/\/ship-tracker.org\/nb\/costa-deliziosa\/\">Costa Deliziosa<\/a><\/li>\n<li><a href=\"https:\/\/ship-tracker.org\/nb\/costa-luminosa\/\">Costa Luminosa<\/a><\/li>\n<li><a href=\"https:\/\/ship-tracker.org\/nb\/costa-pacifica\/\">Costa Pacifica<\/a><\/li>\n<li><a href=\"https:\/\/ship-tracker.org\/nb\/costa-serena\/\">Costa Serena<\/a><\/li>\n<li><a href=\"https:\/\/ship-tracker.org\/nb\/costa-magica\/\">Costa Magica<\/a><\/li>\n<li><a href=\"https:\/\/ship-tracker.org\/nb\/costa-mediterranea\/\">Costa Mediterranea<\/a><\/li>\n<li><a href=\"https:\/\/ship-tracker.org\/nb\/costa-fortuna\/\">Costa Fortuna<\/a><\/li>\n<li><a href=\"https:\/\/ship-tracker.org\/nb\/costa-victoria\/\">Costa Victoria<\/a><\/li>\n<li><a href=\"https:\/\/ship-tracker.org\/nb\/costa-neoromantica\/\">Costa neoRomantica<\/a><\/li>\n<\/ul>\n<p><script async src=\"https:\/\/pagead2.googlesyndication.com\/pagead\/js\/adsbygoogle.js\"><\/script><br \/>\n<!-- Schip-Tracker Linkanzeigen --><br \/>\n<ins class=\"adsbygoogle\" style=\"display: block;\" data-ad-client=\"ca-pub-1316785063791781\" data-ad-slot=\"3429004156\" data-ad-format=\"link\" data-full-width-responsive=\"true\"><\/ins><br \/>\n<script>\n     (adsbygoogle = window.adsbygoogle || []).push({});\n<\/script><\/p>\n<h4><span style=\"color: #000000;\">Costa Favolosa video<\/span><\/h4>\n<div class=\"su-youtube su-u-responsive-media-yes\"><iframe loading=\"lazy\" width=\"600\" height=\"400\" src=\"https:\/\/www.youtube.com\/embed\/oIHtFXZpUTg?\" frameborder=\"0\" allowfullscreen allow=\"autoplay; encrypted-media; picture-in-picture\" title=\"\"><\/iframe><\/div>","protected":false},"excerpt":{"rendered":"<p>Gjeldende plassering og posisjon for Costa Favolosa Hvor er Costa Favolosas n\u00e5v\u00e6rende posisjon? Se Costa Favolosas n\u00e5v\u00e6rende plassering. Costa Favolosas posisjon kan bestemmes n\u00f8yaktig av kartene til Skipsfart\u00f8y og MarineTraffic. S\u00e5 du er alltid godt informert om hvor favorittskipet ditt er for \u00f8yeblikket. Costa Favolosa-anmeldelse og spesifikasjoner Flagg Italia\u2026&nbsp;<a href=\"https:\/\/ship-tracker.org\/nb\/costa-favolosa\/\" rel=\"bookmark\">Les mer \u00bb<span class=\"screen-reader-text\">Costa Favolosa<\/span><\/a><\/p>","protected":false},"author":1,"featured_media":0,"parent":0,"menu_order":0,"comment_status":"closed","ping_status":"closed","template":"","meta":{"neve_meta_sidebar":"","neve_meta_container":"","neve_meta_enable_content_width":"","neve_meta_content_width":0,"neve_meta_title_alignment":"","neve_meta_author_avatar":"","neve_post_elements_order":"","neve_meta_disable_header":"","neve_meta_disable_footer":"","neve_meta_disable_title":"","neve_meta_reading_time":"","footnotes":""},"class_list":["post-332","page","type-page","status-publish","hentry"],"yoast_head":"<!-- This site is optimized with the Yoast SEO plugin v26.9 - https:\/\/yoast.com\/product\/yoast-seo-wordpress\/ -->\n<title>Costa Favolosa \u2503 Current location and position of Costa Cruises<\/title>\n<meta name=\"description\" content=\"Costa Favolosa \u2693 Current location and position of Costa Favolosa \u2713 Cruise Ship Tracker \u2713 Live Ship Tracker \u2713 Webcam\" \/>\n<meta name=\"robots\" content=\"index, follow, max-snippet:-1, max-image-preview:large, max-video-preview:-1\" \/>\n<link rel=\"canonical\" href=\"https:\/\/ship-tracker.org\/nb\/costa-favolosa\/\" \/>\n<meta property=\"og:locale\" content=\"nb_NO\" \/>\n<meta property=\"og:type\" content=\"article\" \/>\n<meta property=\"og:title\" content=\"Costa Favolosa \u2503 Current location and position of Costa Cruises\" \/>\n<meta property=\"og:description\" content=\"Costa Favolosa \u2693 Current location and position of Costa Favolosa \u2713 Cruise Ship Tracker \u2713 Live Ship Tracker \u2713 Webcam\" \/>\n<meta property=\"og:url\" content=\"https:\/\/ship-tracker.org\/nb\/costa-favolosa\/\" \/>\n<meta property=\"og:site_name\" content=\"Ship-tracker.org\" \/>\n<meta property=\"article:modified_time\" content=\"2022-10-27T11:40:55+00:00\" \/>\n<meta property=\"og:image\" content=\"https:\/\/ship-tracker.org\/wp-content\/uploads\/2017\/09\/Header_Serena_960x350-300x109-300x109.jpg\" \/>\n<meta name=\"twitter:card\" content=\"summary_large_image\" \/>\n<meta name=\"twitter:label1\" content=\"Ansl. lesetid\" \/>\n\t<meta name=\"twitter:data1\" content=\"1 minutt\" \/>\n<script type=\"application\/ld+json\" class=\"yoast-schema-graph\">{\"@context\":\"https:\/\/schema.org\",\"@graph\":[{\"@type\":\"WebPage\",\"@id\":\"https:\/\/ship-tracker.org\/costa-favolosa\/\",\"url\":\"https:\/\/ship-tracker.org\/costa-favolosa\/\",\"name\":\"Costa Favolosa \u2503 Current location and position of Costa Cruises\",\"isPartOf\":{\"@id\":\"https:\/\/ship-tracker.org\/#website\"},\"primaryImageOfPage\":{\"@id\":\"https:\/\/ship-tracker.org\/costa-favolosa\/#primaryimage\"},\"image\":{\"@id\":\"https:\/\/ship-tracker.org\/costa-favolosa\/#primaryimage\"},\"thumbnailUrl\":\"https:\/\/ship-tracker.org\/wp-content\/uploads\/2017\/09\/Header_Serena_960x350-300x109-300x109.jpg\",\"datePublished\":\"2017-09-17T20:17:06+00:00\",\"dateModified\":\"2022-10-27T11:40:55+00:00\",\"description\":\"Costa Favolosa \u2693 Current location and position of Costa Favolosa \u2713 Cruise Ship Tracker \u2713 Live Ship Tracker \u2713 Webcam\",\"breadcrumb\":{\"@id\":\"https:\/\/ship-tracker.org\/costa-favolosa\/#breadcrumb\"},\"inLanguage\":\"nb-NO\",\"potentialAction\":[{\"@type\":\"ReadAction\",\"target\":[\"https:\/\/ship-tracker.org\/costa-favolosa\/\"]}]},{\"@type\":\"ImageObject\",\"inLanguage\":\"nb-NO\",\"@id\":\"https:\/\/ship-tracker.org\/costa-favolosa\/#primaryimage\",\"url\":\"https:\/\/ship-tracker.org\/wp-content\/uploads\/2017\/09\/Header_Serena_960x350-300x109-300x109.jpg\",\"contentUrl\":\"https:\/\/ship-tracker.org\/wp-content\/uploads\/2017\/09\/Header_Serena_960x350-300x109-300x109.jpg\"},{\"@type\":\"BreadcrumbList\",\"@id\":\"https:\/\/ship-tracker.org\/costa-favolosa\/#breadcrumb\",\"itemListElement\":[{\"@type\":\"ListItem\",\"position\":1,\"name\":\"Startseite\",\"item\":\"https:\/\/ship-tracker.org\/\"},{\"@type\":\"ListItem\",\"position\":2,\"name\":\"Costa Favolosa\"}]},{\"@type\":\"WebSite\",\"@id\":\"https:\/\/ship-tracker.org\/#website\",\"url\":\"https:\/\/ship-tracker.org\/\",\"name\":\"Ship-tracker.org\",\"description\":\"\",\"potentialAction\":[{\"@type\":\"SearchAction\",\"target\":{\"@type\":\"EntryPoint\",\"urlTemplate\":\"https:\/\/ship-tracker.org\/?s={search_term_string}\"},\"query-input\":{\"@type\":\"PropertyValueSpecification\",\"valueRequired\":true,\"valueName\":\"search_term_string\"}}],\"inLanguage\":\"nb-NO\"}]}<\/script>\n<!-- \/ Yoast SEO plugin. -->","yoast_head_json":{"title":"Costa Favolosa \u2503 N\u00e5v\u00e6rende plassering og posisjon til Costa Cruises","description":"Costa Favolosa \u2693 N\u00e5v\u00e6rende plassering og posisjon til Costa Favolosa \u2713 Cruiseskipsporing \u2713 Direkte skipsporing \u2713 Webkamera","robots":{"index":"index","follow":"follow","max-snippet":"max-snippet:-1","max-image-preview":"max-image-preview:large","max-video-preview":"max-video-preview:-1"},"canonical":"https:\/\/ship-tracker.org\/nb\/costa-favolosa\/","og_locale":"nb_NO","og_type":"article","og_title":"Costa Favolosa \u2503 Current location and position of Costa Cruises","og_description":"Costa Favolosa \u2693 Current location and position of Costa Favolosa \u2713 Cruise Ship Tracker \u2713 Live Ship Tracker \u2713 Webcam","og_url":"https:\/\/ship-tracker.org\/nb\/costa-favolosa\/","og_site_name":"Ship-tracker.org","article_modified_time":"2022-10-27T11:40:55+00:00","og_image":[{"url":"https:\/\/ship-tracker.org\/wp-content\/uploads\/2017\/09\/Header_Serena_960x350-300x109-300x109.jpg","type":"","width":"","height":""}],"twitter_card":"summary_large_image","twitter_misc":{"Ansl. lesetid":"1 minutt"},"schema":{"@context":"https:\/\/schema.org","@graph":[{"@type":"WebPage","@id":"https:\/\/ship-tracker.org\/costa-favolosa\/","url":"https:\/\/ship-tracker.org\/costa-favolosa\/","name":"Costa Favolosa \u2503 N\u00e5v\u00e6rende plassering og posisjon til Costa Cruises","isPartOf":{"@id":"https:\/\/ship-tracker.org\/#website"},"primaryImageOfPage":{"@id":"https:\/\/ship-tracker.org\/costa-favolosa\/#primaryimage"},"image":{"@id":"https:\/\/ship-tracker.org\/costa-favolosa\/#primaryimage"},"thumbnailUrl":"https:\/\/ship-tracker.org\/wp-content\/uploads\/2017\/09\/Header_Serena_960x350-300x109-300x109.jpg","datePublished":"2017-09-17T20:17:06+00:00","dateModified":"2022-10-27T11:40:55+00:00","description":"Costa Favolosa \u2693 N\u00e5v\u00e6rende plassering og posisjon til Costa Favolosa \u2713 Cruiseskipsporing \u2713 Direkte skipsporing \u2713 Webkamera","breadcrumb":{"@id":"https:\/\/ship-tracker.org\/costa-favolosa\/#breadcrumb"},"inLanguage":"nb-NO","potentialAction":[{"@type":"ReadAction","target":["https:\/\/ship-tracker.org\/costa-favolosa\/"]}]},{"@type":"ImageObject","inLanguage":"nb-NO","@id":"https:\/\/ship-tracker.org\/costa-favolosa\/#primaryimage","url":"https:\/\/ship-tracker.org\/wp-content\/uploads\/2017\/09\/Header_Serena_960x350-300x109-300x109.jpg","contentUrl":"https:\/\/ship-tracker.org\/wp-content\/uploads\/2017\/09\/Header_Serena_960x350-300x109-300x109.jpg"},{"@type":"BreadcrumbList","@id":"https:\/\/ship-tracker.org\/costa-favolosa\/#breadcrumb","itemListElement":[{"@type":"ListItem","position":1,"name":"Startseite","item":"https:\/\/ship-tracker.org\/"},{"@type":"ListItem","position":2,"name":"Costa Favolosa"}]},{"@type":"WebSite","@id":"https:\/\/ship-tracker.org\/#website","url":"https:\/\/ship-tracker.org\/","name":"Ship-tracker.org","description":"","potentialAction":[{"@type":"SearchAction","target":{"@type":"EntryPoint","urlTemplate":"https:\/\/ship-tracker.org\/?s={search_term_string}"},"query-input":{"@type":"PropertyValueSpecification","valueRequired":true,"valueName":"search_term_string"}}],"inLanguage":"nb-NO"}]}},"_links":{"self":[{"href":"https:\/\/ship-tracker.org\/nb\/wp-json\/wp\/v2\/pages\/332","targetHints":{"allow":["GET"]}}],"collection":[{"href":"https:\/\/ship-tracker.org\/nb\/wp-json\/wp\/v2\/pages"}],"about":[{"href":"https:\/\/ship-tracker.org\/nb\/wp-json\/wp\/v2\/types\/page"}],"author":[{"embeddable":true,"href":"https:\/\/ship-tracker.org\/nb\/wp-json\/wp\/v2\/users\/1"}],"replies":[{"embeddable":true,"href":"https:\/\/ship-tracker.org\/nb\/wp-json\/wp\/v2\/comments?post=332"}],"version-history":[{"count":7,"href":"https:\/\/ship-tracker.org\/nb\/wp-json\/wp\/v2\/pages\/332\/revisions"}],"predecessor-version":[{"id":2265,"href":"https:\/\/ship-tracker.org\/nb\/wp-json\/wp\/v2\/pages\/332\/revisions\/2265"}],"wp:attachment":[{"href":"https:\/\/ship-tracker.org\/nb\/wp-json\/wp\/v2\/media?parent=332"}],"curies":[{"name":"wp","href":"https:\/\/api.w.org\/{rel}","templated":true}]}}