{"id":3261,"date":"2020-05-17T19:57:06","date_gmt":"2020-05-17T17:57:06","guid":{"rendered":"https:\/\/ship-tracker.org\/?page_id=3261"},"modified":"2021-11-08T21:10:17","modified_gmt":"2021-11-08T20:10:17","slug":"thunderstorm-tracker","status":"publish","type":"page","link":"https:\/\/ship-tracker.org\/nb\/thunderstorm-tracker\/","title":{"rendered":"Tordenv\u00e6rsporer"},"content":{"rendered":"<h2 class=\"cruisin-style01\">Thunderstorm Tracker \u2013 Lynkart<\/h2>\n<p><script async src=\"https:\/\/pagead2.googlesyndication.com\/pagead\/js\/adsbygoogle.js\"><\/script><br \/>\n<!-- Ship-Tracker Display --><br \/>\n<ins class=\"adsbygoogle\" style=\"display: block;\" data-ad-client=\"ca-pub-1316785063791781\" data-ad-slot=\"8075999632\" data-ad-format=\"auto\" data-full-width-responsive=\"true\"><\/ins><br \/>\n<script>\n     (adsbygoogle = window.adsbygoogle || []).push({});\n<\/script><br \/>\n<strong>Live tordenv\u00e6rsporing. Inkluderer sporingskart, direkte radar, prognosekjegler og spor, vindhastighets- og trykkkart.<\/strong><\/p>\n<p>V\u00e6rradarkartet viser deg verdensomspennende kraftige stormer, tordenv\u00e6r og lyn og forteller deg hvordan en storm beveger seg. Kartet viser hvor det er aktuelle lynnedslag og lar deg f\u00f8lge hardt v\u00e6r live.<\/p>\n<p><strong>Flytt kartet for \u00e5 finne stormen du vil spore.<\/strong><br \/>\n<iframe loading=\"lazy\" src=\"https:\/\/embed.windy.com\/embed2.html?lat=55.529&amp;lon=3.164&amp;zoom=4&amp;level=surface&amp;overlay=radar&amp;menu=&amp;message=&amp;marker=&amp;calendar=&amp;pressure=&amp;type=map&amp;location=coordinates&amp;detail=&amp;detailLat=47.828&amp;detailLon=11.360&amp;metricWind=default&amp;metricTemp=default&amp;radarRange=-1\" width=\"100%\" height=\"450\" frameborder=\"0\"><\/iframe><\/p>\n<h2>hvordan skapes tordenv\u00e6r?<\/h2>\n<p>Jorden varmes opp av solen og fuktigheten fra jorda eller vannet fordamper og blander seg med luftlaget over bakken, som derved varmes opp. Denne varme og fuktige luften blir lettere, stiger til toppen og avkj\u00f8les igjen. Resultatet er en sky som i \u00f8kende grad utvikler seg til en tordensky. I likhet med et elektrisk st\u00f8t genereres det en elektrisk spenning som utlades i form av lyn. Luften i den s\u00e5kalte lynkanalen varmes opp eksplosivt, og utl\u00f8ser en trykkb\u00f8lge. Denne beveger seg med en lydhastighet p\u00e5 rundt 333 meter per sekund og danner tordenlyden.<\/p>\n<p><a href=\"https:\/\/ship-tracker.org\/nb\/hurricane-tracker\/\">Sjekk her for en tropisk storm<\/a>.<\/p>\n<p><script async src=\"https:\/\/pagead2.googlesyndication.com\/pagead\/js\/adsbygoogle.js\"><\/script><br \/>\n<!-- Ship-Tracker Display --><br \/>\n<ins class=\"adsbygoogle\" style=\"display: block;\" data-ad-client=\"ca-pub-1316785063791781\" data-ad-slot=\"8075999632\" data-ad-format=\"auto\" data-full-width-responsive=\"true\"><\/ins><br \/>\n<script>\n     (adsbygoogle = window.adsbygoogle || []).push({});\n<\/script><\/p>","protected":false},"excerpt":{"rendered":"<p>Thunderstorm Tracker \u2013 Lynkart Live Thunderstorm Tracker. Inkluderer sporingskart, direkte radar, prognosekjegler og spor, vindhastighets- og trykkkart. V\u00e6rradarkartet viser deg verdensomspennende kraftige stormer, tordenv\u00e6r og lyn og forteller deg hvordan en storm beveger seg. Kartet viser hvor det er gjeldende lynnedslag og lar deg f\u00f8lge...&nbsp;<a href=\"https:\/\/ship-tracker.org\/nb\/thunderstorm-tracker\/\" rel=\"bookmark\">Les mer \u00bb<span class=\"screen-reader-text\">Tordenv\u00e6rsporer<\/span><\/a><\/p>","protected":false},"author":1,"featured_media":3263,"parent":0,"menu_order":0,"comment_status":"closed","ping_status":"closed","template":"","meta":{"neve_meta_sidebar":"","neve_meta_container":"","neve_meta_enable_content_width":"","neve_meta_content_width":0,"neve_meta_title_alignment":"","neve_meta_author_avatar":"","neve_post_elements_order":"","neve_meta_disable_header":"","neve_meta_disable_footer":"","neve_meta_disable_title":"","neve_meta_reading_time":"","footnotes":""},"class_list":["post-3261","page","type-page","status-publish","has-post-thumbnail","hentry"],"yoast_head":"<!-- This site is optimized with the Yoast SEO plugin v27.4 - https:\/\/yoast.com\/product\/yoast-seo-wordpress\/ -->\n<title>Thunderstorm Tracker - Lightning Map - Ship-tracker.org<\/title>\n<meta name=\"description\" content=\"Thunderstorm Tracker \u2713 Includes tracking map, live radar, forecast cones and tracks, wind speed and pressure charts \u2713 Tropical Storms Map\" \/>\n<meta name=\"robots\" content=\"index, follow, max-snippet:-1, max-image-preview:large, max-video-preview:-1\" \/>\n<link rel=\"canonical\" href=\"https:\/\/ship-tracker.org\/nb\/thunderstorm-tracker\/\" \/>\n<meta property=\"og:locale\" content=\"nb_NO\" \/>\n<meta property=\"og:type\" content=\"article\" \/>\n<meta property=\"og:title\" content=\"Thunderstorm Tracker - Lightning Map - Ship-tracker.org\" \/>\n<meta property=\"og:description\" content=\"Thunderstorm Tracker \u2713 Includes tracking map, live radar, forecast cones and tracks, wind speed and pressure charts \u2713 Tropical Storms Map\" \/>\n<meta property=\"og:url\" content=\"https:\/\/ship-tracker.org\/nb\/thunderstorm-tracker\/\" \/>\n<meta property=\"og:site_name\" content=\"Ship-tracker.org\" \/>\n<meta property=\"article:modified_time\" content=\"2021-11-08T20:10:17+00:00\" \/>\n<meta property=\"og:image\" content=\"https:\/\/ship-tracker.org\/wp-content\/uploads\/2020\/05\/lightning-1056419_640.jpg\" \/>\n\t<meta property=\"og:image:width\" content=\"640\" \/>\n\t<meta property=\"og:image:height\" content=\"408\" \/>\n\t<meta property=\"og:image:type\" content=\"image\/jpeg\" \/>\n<meta name=\"twitter:card\" content=\"summary_large_image\" \/>\n<meta name=\"twitter:label1\" content=\"Ansl. lesetid\" \/>\n\t<meta name=\"twitter:data1\" content=\"1 minutt\" \/>\n<script type=\"application\/ld+json\" class=\"yoast-schema-graph\">{\"@context\":\"https:\\\/\\\/schema.org\",\"@graph\":[{\"@type\":\"WebPage\",\"@id\":\"https:\\\/\\\/ship-tracker.org\\\/thunderstorm-tracker\\\/\",\"url\":\"https:\\\/\\\/ship-tracker.org\\\/thunderstorm-tracker\\\/\",\"name\":\"Thunderstorm Tracker - Lightning Map - Ship-tracker.org\",\"isPartOf\":{\"@id\":\"https:\\\/\\\/ship-tracker.org\\\/#website\"},\"primaryImageOfPage\":{\"@id\":\"https:\\\/\\\/ship-tracker.org\\\/thunderstorm-tracker\\\/#primaryimage\"},\"image\":{\"@id\":\"https:\\\/\\\/ship-tracker.org\\\/thunderstorm-tracker\\\/#primaryimage\"},\"thumbnailUrl\":\"https:\\\/\\\/ship-tracker.org\\\/wp-content\\\/uploads\\\/2020\\\/05\\\/lightning-1056419_640.jpg\",\"datePublished\":\"2020-05-17T17:57:06+00:00\",\"dateModified\":\"2021-11-08T20:10:17+00:00\",\"description\":\"Thunderstorm Tracker \u2713 Includes tracking map, live radar, forecast cones and tracks, wind speed and pressure charts \u2713 Tropical Storms Map\",\"breadcrumb\":{\"@id\":\"https:\\\/\\\/ship-tracker.org\\\/thunderstorm-tracker\\\/#breadcrumb\"},\"inLanguage\":\"nb-NO\",\"potentialAction\":[{\"@type\":\"ReadAction\",\"target\":[\"https:\\\/\\\/ship-tracker.org\\\/thunderstorm-tracker\\\/\"]}]},{\"@type\":\"ImageObject\",\"inLanguage\":\"nb-NO\",\"@id\":\"https:\\\/\\\/ship-tracker.org\\\/thunderstorm-tracker\\\/#primaryimage\",\"url\":\"https:\\\/\\\/ship-tracker.org\\\/wp-content\\\/uploads\\\/2020\\\/05\\\/lightning-1056419_640.jpg\",\"contentUrl\":\"https:\\\/\\\/ship-tracker.org\\\/wp-content\\\/uploads\\\/2020\\\/05\\\/lightning-1056419_640.jpg\",\"width\":640,\"height\":408,\"caption\":\"Thunderstorm Tracker\"},{\"@type\":\"BreadcrumbList\",\"@id\":\"https:\\\/\\\/ship-tracker.org\\\/thunderstorm-tracker\\\/#breadcrumb\",\"itemListElement\":[{\"@type\":\"ListItem\",\"position\":1,\"name\":\"Startseite\",\"item\":\"https:\\\/\\\/ship-tracker.org\\\/\"},{\"@type\":\"ListItem\",\"position\":2,\"name\":\"Thunderstorm Tracker\"}]},{\"@type\":\"WebSite\",\"@id\":\"https:\\\/\\\/ship-tracker.org\\\/#website\",\"url\":\"https:\\\/\\\/ship-tracker.org\\\/\",\"name\":\"Ship-tracker.org\",\"description\":\"\",\"potentialAction\":[{\"@type\":\"SearchAction\",\"target\":{\"@type\":\"EntryPoint\",\"urlTemplate\":\"https:\\\/\\\/ship-tracker.org\\\/?s={search_term_string}\"},\"query-input\":{\"@type\":\"PropertyValueSpecification\",\"valueRequired\":true,\"valueName\":\"search_term_string\"}}],\"inLanguage\":\"nb-NO\"}]}<\/script>\n<!-- \/ Yoast SEO plugin. -->","yoast_head_json":{"title":"Thunderstorm Tracker - Lynkart - Ship-tracker.org","description":"Thunderstorm Tracker \u2713 Inkluderer sporingskart, live radar, prognosekjegler og spor, vindhastighets- og trykkkart \u2713 Tropical Storms Map","robots":{"index":"index","follow":"follow","max-snippet":"max-snippet:-1","max-image-preview":"max-image-preview:large","max-video-preview":"max-video-preview:-1"},"canonical":"https:\/\/ship-tracker.org\/nb\/thunderstorm-tracker\/","og_locale":"nb_NO","og_type":"article","og_title":"Thunderstorm Tracker - Lightning Map - Ship-tracker.org","og_description":"Thunderstorm Tracker \u2713 Includes tracking map, live radar, forecast cones and tracks, wind speed and pressure charts \u2713 Tropical Storms Map","og_url":"https:\/\/ship-tracker.org\/nb\/thunderstorm-tracker\/","og_site_name":"Ship-tracker.org","article_modified_time":"2021-11-08T20:10:17+00:00","og_image":[{"width":640,"height":408,"url":"https:\/\/ship-tracker.org\/wp-content\/uploads\/2020\/05\/lightning-1056419_640.jpg","type":"image\/jpeg"}],"twitter_card":"summary_large_image","twitter_misc":{"Ansl. lesetid":"1 minutt"},"schema":{"@context":"https:\/\/schema.org","@graph":[{"@type":"WebPage","@id":"https:\/\/ship-tracker.org\/thunderstorm-tracker\/","url":"https:\/\/ship-tracker.org\/thunderstorm-tracker\/","name":"Thunderstorm Tracker - Lynkart - Ship-tracker.org","isPartOf":{"@id":"https:\/\/ship-tracker.org\/#website"},"primaryImageOfPage":{"@id":"https:\/\/ship-tracker.org\/thunderstorm-tracker\/#primaryimage"},"image":{"@id":"https:\/\/ship-tracker.org\/thunderstorm-tracker\/#primaryimage"},"thumbnailUrl":"https:\/\/ship-tracker.org\/wp-content\/uploads\/2020\/05\/lightning-1056419_640.jpg","datePublished":"2020-05-17T17:57:06+00:00","dateModified":"2021-11-08T20:10:17+00:00","description":"Thunderstorm Tracker \u2713 Inkluderer sporingskart, live radar, prognosekjegler og spor, vindhastighets- og trykkkart \u2713 Tropical Storms Map","breadcrumb":{"@id":"https:\/\/ship-tracker.org\/thunderstorm-tracker\/#breadcrumb"},"inLanguage":"nb-NO","potentialAction":[{"@type":"ReadAction","target":["https:\/\/ship-tracker.org\/thunderstorm-tracker\/"]}]},{"@type":"ImageObject","inLanguage":"nb-NO","@id":"https:\/\/ship-tracker.org\/thunderstorm-tracker\/#primaryimage","url":"https:\/\/ship-tracker.org\/wp-content\/uploads\/2020\/05\/lightning-1056419_640.jpg","contentUrl":"https:\/\/ship-tracker.org\/wp-content\/uploads\/2020\/05\/lightning-1056419_640.jpg","width":640,"height":408,"caption":"Thunderstorm Tracker"},{"@type":"BreadcrumbList","@id":"https:\/\/ship-tracker.org\/thunderstorm-tracker\/#breadcrumb","itemListElement":[{"@type":"ListItem","position":1,"name":"Startseite","item":"https:\/\/ship-tracker.org\/"},{"@type":"ListItem","position":2,"name":"Thunderstorm Tracker"}]},{"@type":"WebSite","@id":"https:\/\/ship-tracker.org\/#website","url":"https:\/\/ship-tracker.org\/","name":"Ship-tracker.org","description":"","potentialAction":[{"@type":"SearchAction","target":{"@type":"EntryPoint","urlTemplate":"https:\/\/ship-tracker.org\/?s={search_term_string}"},"query-input":{"@type":"PropertyValueSpecification","valueRequired":true,"valueName":"search_term_string"}}],"inLanguage":"nb-NO"}]}},"_links":{"self":[{"href":"https:\/\/ship-tracker.org\/nb\/wp-json\/wp\/v2\/pages\/3261","targetHints":{"allow":["GET"]}}],"collection":[{"href":"https:\/\/ship-tracker.org\/nb\/wp-json\/wp\/v2\/pages"}],"about":[{"href":"https:\/\/ship-tracker.org\/nb\/wp-json\/wp\/v2\/types\/page"}],"author":[{"embeddable":true,"href":"https:\/\/ship-tracker.org\/nb\/wp-json\/wp\/v2\/users\/1"}],"replies":[{"embeddable":true,"href":"https:\/\/ship-tracker.org\/nb\/wp-json\/wp\/v2\/comments?post=3261"}],"version-history":[{"count":9,"href":"https:\/\/ship-tracker.org\/nb\/wp-json\/wp\/v2\/pages\/3261\/revisions"}],"predecessor-version":[{"id":3274,"href":"https:\/\/ship-tracker.org\/nb\/wp-json\/wp\/v2\/pages\/3261\/revisions\/3274"}],"wp:featuredmedia":[{"embeddable":true,"href":"https:\/\/ship-tracker.org\/nb\/wp-json\/wp\/v2\/media\/3263"}],"wp:attachment":[{"href":"https:\/\/ship-tracker.org\/nb\/wp-json\/wp\/v2\/media?parent=3261"}],"curies":[{"name":"wp","href":"https:\/\/api.w.org\/{rel}","templated":true}]}}