{"id":3183,"date":"2020-05-14T20:02:07","date_gmt":"2020-05-14T18:02:07","guid":{"rendered":"https:\/\/ship-tracker.org\/?page_id=3183"},"modified":"2022-10-27T16:37:32","modified_gmt":"2022-10-27T14:37:32","slug":"brittany-ferries","status":"publish","type":"page","link":"https:\/\/ship-tracker.org\/nb\/brittany-ferries\/","title":{"rendered":"Brittany Ferries"},"content":{"rendered":"<h2>Brittany Ferries Fleet Location Skip, IMO-nummer og MMSI<\/h2>\n<p><iframe id=\"dealFinder\" style=\"z-index: 1;\" src=\"https:\/\/wiz.directferries.com\/partners\/deal_finder_iframe.aspx?stdc=F4925&amp;cult=en-GB&amp;btn=47a347&amp;btnh=168b16&amp;btnt=FFFFFF&amp;tclr=000001&amp;lclr=000001&amp;lbld=400&amp;pclr=64b6e6&amp;sclr=64b6e6&amp;targ=0\" height=\"285\" frameborder=\"0\" marginwidth=\"0\" marginheight=\"0\" scrolling=\"no\"><\/iframe><br \/>\nHvor er den n\u00e5v\u00e6rende posisjonen til Brittany Ferries Fleet for tiden?<\/p>\n<table style=\"border-collapse: collapse; width: 100%; height: 312px;\">\n<tbody>\n<tr style=\"height: 24px;\">\n<td style=\"width: 457px; height: 24px;\"><span style=\"color: #1f405b;\"><strong>Skip<\/strong><\/span><\/td>\n<td style=\"width: 456px; height: 24px;\"><span style=\"color: #1f405b;\"><strong>IMO<\/strong><\/span><\/td>\n<td style=\"width: 456px; height: 24px;\"><span style=\"color: #1f405b;\"><strong>MMSI<\/strong><\/span><\/td>\n<\/tr>\n<tr style=\"height: 24px;\">\n<td style=\"width: 457px; height: 24px;\"><a href=\"https:\/\/ship-tracker.org\/nb\/bretagne\/\">Bretagne<\/a><\/td>\n<td style=\"width: 456px; height: 24px;\">8707329<\/td>\n<td style=\"width: 456px; height: 24px;\">227286000<\/td>\n<\/tr>\n<tr style=\"height: 24px;\">\n<td style=\"width: 457px; height: 24px;\"><a href=\"https:\/\/ship-tracker.org\/nb\/honfleur\/\">Honfleur<\/a><\/td>\n<td style=\"width: 456px; height: 24px;\">9832119<\/td>\n<td style=\"width: 456px; height: 24px;\"><\/td>\n<\/tr>\n<tr style=\"height: 24px;\">\n<td style=\"width: 457px; height: 24px;\"><a href=\"https:\/\/ship-tracker.org\/nb\/kerry\/\">Kerry<\/a><\/td>\n<td style=\"width: 456px; height: 24px;\">9243447<\/td>\n<td style=\"width: 456px; height: 24px;\">210772000<\/td>\n<\/tr>\n<tr style=\"height: 24px;\">\n<td style=\"width: 457px; height: 24px;\"><a href=\"https:\/\/ship-tracker.org\/nb\/baie-de-seine\/\">Baie de Seine<\/a><\/td>\n<td style=\"width: 456px; height: 24px;\">9212163<\/td>\n<td style=\"width: 456px; height: 24px;\">277569000<\/td>\n<\/tr>\n<tr style=\"height: 24px;\">\n<td style=\"width: 457px; height: 24px;\"><a href=\"https:\/\/ship-tracker.org\/nb\/armorique\/\">Armorique<\/a><\/td>\n<td style=\"width: 456px; height: 24px;\">9364980<\/td>\n<td style=\"width: 456px; height: 24px;\">228263700<\/td>\n<\/tr>\n<tr style=\"height: 24px;\">\n<td style=\"width: 457px; height: 24px;\"><a href=\"https:\/\/ship-tracker.org\/nb\/normandie-express\/\">Normandie Express<\/a><\/td>\n<td style=\"width: 456px; height: 24px;\">9221358<\/td>\n<td style=\"width: 456px; height: 24px;\">228237700<\/td>\n<\/tr>\n<tr style=\"height: 24px;\">\n<td style=\"width: 457px; height: 24px;\"><a href=\"https:\/\/ship-tracker.org\/nb\/etretat\/\">Etretat<\/a><\/td>\n<td style=\"width: 456px; height: 24px;\">9420423<\/td>\n<td style=\"width: 456px; height: 24px;\">228022900<\/td>\n<\/tr>\n<tr style=\"height: 24px;\">\n<td style=\"width: 457px; height: 24px;\"><a href=\"https:\/\/ship-tracker.org\/nb\/normandie\/\">Normandie<\/a><\/td>\n<td style=\"width: 456px; height: 24px;\">9006253<\/td>\n<td style=\"width: 456px; height: 24px;\">227273000<\/td>\n<\/tr>\n<tr style=\"height: 24px;\">\n<td style=\"width: 457px; height: 24px;\"><a href=\"https:\/\/ship-tracker.org\/nb\/barfleur\/\">Barfleur<\/a><\/td>\n<td style=\"width: 456px; height: 24px;\">9007130<\/td>\n<td style=\"width: 456px; height: 24px;\">227289000<\/td>\n<\/tr>\n<tr style=\"height: 24px;\">\n<td style=\"width: 457px; height: 24px;\"><a href=\"https:\/\/ship-tracker.org\/nb\/mont-st-michel\/\">Mont St Michel<\/a><\/td>\n<td style=\"width: 456px; height: 24px;\">9238337<\/td>\n<td style=\"width: 456px; height: 24px;\">227023100<\/td>\n<\/tr>\n<tr style=\"height: 24px;\">\n<td style=\"width: 457px; height: 24px;\"><a href=\"https:\/\/ship-tracker.org\/nb\/cap-finistere\/\">Cap Finistere<\/a><\/td>\n<td style=\"width: 456px; height: 24px;\">9198927<\/td>\n<td style=\"width: 456px; height: 24px;\">226318000<\/td>\n<\/tr>\n<tr style=\"height: 24px;\">\n<td style=\"width: 457px; height: 24px;\"><a href=\"https:\/\/ship-tracker.org\/nb\/pont-aven\/\">Pont Aven<\/a><\/td>\n<td style=\"width: 456px; height: 24px;\">9268708<\/td>\n<td style=\"width: 456px; height: 24px;\">228183600<\/td>\n<\/tr>\n<\/tbody>\n<\/table>","protected":false},"excerpt":{"rendered":"<p>Brittany Ferries Fleet Plassering Skip, IMO-nummer og MMSI Hvor er den n\u00e5v\u00e6rende posisjonen til Brittany Ferries Fleet for tiden? Send IMO Bretagne 8707329 227286000 Honfleur 9832119 Kerry 9243447 210772000 Baie de Seine 9212163 277569000 Armorique 9364980 2082163 Express 0721637 Express p\u00e5 9420423 228022900 Normandie 9006253 227273000 Barfleur 9007130 227289000 Mont St Michel 9238337\u2026&nbsp;<a href=\"https:\/\/ship-tracker.org\/nb\/brittany-ferries\/\" rel=\"bookmark\">Les mer \u00bb<span class=\"screen-reader-text\">Brittany Ferries<\/span><\/a><\/p>","protected":false},"author":1,"featured_media":3184,"parent":0,"menu_order":0,"comment_status":"closed","ping_status":"closed","template":"","meta":{"neve_meta_sidebar":"","neve_meta_container":"","neve_meta_enable_content_width":"","neve_meta_content_width":0,"neve_meta_title_alignment":"","neve_meta_author_avatar":"","neve_post_elements_order":"","neve_meta_disable_header":"","neve_meta_disable_footer":"","neve_meta_disable_title":"","neve_meta_reading_time":"","footnotes":""},"class_list":["post-3183","page","type-page","status-publish","has-post-thumbnail","hentry"],"yoast_head":"<!-- This site is optimized with the Yoast SEO plugin v27.4 - https:\/\/yoast.com\/product\/yoast-seo-wordpress\/ -->\n<title>Track Brittany Ferries Fleet | Cruise Ships | Marine Vessel<\/title>\n<meta name=\"description\" content=\"Brittany Ferries Fleet Location | Current Positions of Brittany Ferries ferry Ships, IMO numbers, MMSI, Webcam | Live Fleet Maps\" \/>\n<meta name=\"robots\" content=\"index, follow, max-snippet:-1, max-image-preview:large, max-video-preview:-1\" \/>\n<link rel=\"canonical\" href=\"https:\/\/ship-tracker.org\/nb\/brittany-ferries\/\" \/>\n<meta property=\"og:locale\" content=\"nb_NO\" \/>\n<meta property=\"og:type\" content=\"article\" \/>\n<meta property=\"og:title\" content=\"Track Brittany Ferries Fleet | Cruise Ships | Marine Vessel\" \/>\n<meta property=\"og:description\" content=\"Brittany Ferries Fleet Location | Current Positions of Brittany Ferries ferry Ships, IMO numbers, MMSI, Webcam | Live Fleet Maps\" \/>\n<meta property=\"og:url\" content=\"https:\/\/ship-tracker.org\/nb\/brittany-ferries\/\" \/>\n<meta property=\"og:site_name\" content=\"Ship-tracker.org\" \/>\n<meta property=\"article:modified_time\" content=\"2022-10-27T14:37:32+00:00\" \/>\n<meta property=\"og:image\" content=\"https:\/\/ship-tracker.org\/wp-content\/uploads\/2020\/05\/brittany-ferries-vector-logo.png\" \/>\n\t<meta property=\"og:image:width\" content=\"900\" \/>\n\t<meta property=\"og:image:height\" content=\"500\" \/>\n\t<meta property=\"og:image:type\" content=\"image\/png\" \/>\n<meta name=\"twitter:card\" content=\"summary_large_image\" \/>\n<meta name=\"twitter:label1\" content=\"Ansl. lesetid\" \/>\n\t<meta name=\"twitter:data1\" content=\"1 minutt\" \/>\n<script type=\"application\/ld+json\" class=\"yoast-schema-graph\">{\"@context\":\"https:\\\/\\\/schema.org\",\"@graph\":[{\"@type\":\"WebPage\",\"@id\":\"https:\\\/\\\/ship-tracker.org\\\/brittany-ferries\\\/\",\"url\":\"https:\\\/\\\/ship-tracker.org\\\/brittany-ferries\\\/\",\"name\":\"Track Brittany Ferries Fleet | Cruise Ships | Marine Vessel\",\"isPartOf\":{\"@id\":\"https:\\\/\\\/ship-tracker.org\\\/#website\"},\"primaryImageOfPage\":{\"@id\":\"https:\\\/\\\/ship-tracker.org\\\/brittany-ferries\\\/#primaryimage\"},\"image\":{\"@id\":\"https:\\\/\\\/ship-tracker.org\\\/brittany-ferries\\\/#primaryimage\"},\"thumbnailUrl\":\"https:\\\/\\\/ship-tracker.org\\\/wp-content\\\/uploads\\\/2020\\\/05\\\/brittany-ferries-vector-logo.png\",\"datePublished\":\"2020-05-14T18:02:07+00:00\",\"dateModified\":\"2022-10-27T14:37:32+00:00\",\"description\":\"Brittany Ferries Fleet Location | Current Positions of Brittany Ferries ferry Ships, IMO numbers, MMSI, Webcam | Live Fleet Maps\",\"breadcrumb\":{\"@id\":\"https:\\\/\\\/ship-tracker.org\\\/brittany-ferries\\\/#breadcrumb\"},\"inLanguage\":\"nb-NO\",\"potentialAction\":[{\"@type\":\"ReadAction\",\"target\":[\"https:\\\/\\\/ship-tracker.org\\\/brittany-ferries\\\/\"]}]},{\"@type\":\"ImageObject\",\"inLanguage\":\"nb-NO\",\"@id\":\"https:\\\/\\\/ship-tracker.org\\\/brittany-ferries\\\/#primaryimage\",\"url\":\"https:\\\/\\\/ship-tracker.org\\\/wp-content\\\/uploads\\\/2020\\\/05\\\/brittany-ferries-vector-logo.png\",\"contentUrl\":\"https:\\\/\\\/ship-tracker.org\\\/wp-content\\\/uploads\\\/2020\\\/05\\\/brittany-ferries-vector-logo.png\",\"width\":900,\"height\":500,\"caption\":\"Brittany Ferries\"},{\"@type\":\"BreadcrumbList\",\"@id\":\"https:\\\/\\\/ship-tracker.org\\\/brittany-ferries\\\/#breadcrumb\",\"itemListElement\":[{\"@type\":\"ListItem\",\"position\":1,\"name\":\"Startseite\",\"item\":\"https:\\\/\\\/ship-tracker.org\\\/\"},{\"@type\":\"ListItem\",\"position\":2,\"name\":\"Brittany Ferries\"}]},{\"@type\":\"WebSite\",\"@id\":\"https:\\\/\\\/ship-tracker.org\\\/#website\",\"url\":\"https:\\\/\\\/ship-tracker.org\\\/\",\"name\":\"Ship-tracker.org\",\"description\":\"\",\"potentialAction\":[{\"@type\":\"SearchAction\",\"target\":{\"@type\":\"EntryPoint\",\"urlTemplate\":\"https:\\\/\\\/ship-tracker.org\\\/?s={search_term_string}\"},\"query-input\":{\"@type\":\"PropertyValueSpecification\",\"valueRequired\":true,\"valueName\":\"search_term_string\"}}],\"inLanguage\":\"nb-NO\"}]}<\/script>\n<!-- \/ Yoast SEO plugin. -->","yoast_head_json":{"title":"Spor Brittany Ferries Fleet | Cruiseskip | Marine fart\u00f8y","description":"Brittany Ferries Fleet Plassering | N\u00e5v\u00e6rende posisjoner til Brittany Ferries ferge Skip, IMO-nummer, MMSI, Webkamera | Live fl\u00e5tekart","robots":{"index":"index","follow":"follow","max-snippet":"max-snippet:-1","max-image-preview":"max-image-preview:large","max-video-preview":"max-video-preview:-1"},"canonical":"https:\/\/ship-tracker.org\/nb\/brittany-ferries\/","og_locale":"nb_NO","og_type":"article","og_title":"Track Brittany Ferries Fleet | Cruise Ships | Marine Vessel","og_description":"Brittany Ferries Fleet Location | Current Positions of Brittany Ferries ferry Ships, IMO numbers, MMSI, Webcam | Live Fleet Maps","og_url":"https:\/\/ship-tracker.org\/nb\/brittany-ferries\/","og_site_name":"Ship-tracker.org","article_modified_time":"2022-10-27T14:37:32+00:00","og_image":[{"width":900,"height":500,"url":"https:\/\/ship-tracker.org\/wp-content\/uploads\/2020\/05\/brittany-ferries-vector-logo.png","type":"image\/png"}],"twitter_card":"summary_large_image","twitter_misc":{"Ansl. lesetid":"1 minutt"},"schema":{"@context":"https:\/\/schema.org","@graph":[{"@type":"WebPage","@id":"https:\/\/ship-tracker.org\/brittany-ferries\/","url":"https:\/\/ship-tracker.org\/brittany-ferries\/","name":"Spor Brittany Ferries Fleet | Cruiseskip | Marine fart\u00f8y","isPartOf":{"@id":"https:\/\/ship-tracker.org\/#website"},"primaryImageOfPage":{"@id":"https:\/\/ship-tracker.org\/brittany-ferries\/#primaryimage"},"image":{"@id":"https:\/\/ship-tracker.org\/brittany-ferries\/#primaryimage"},"thumbnailUrl":"https:\/\/ship-tracker.org\/wp-content\/uploads\/2020\/05\/brittany-ferries-vector-logo.png","datePublished":"2020-05-14T18:02:07+00:00","dateModified":"2022-10-27T14:37:32+00:00","description":"Brittany Ferries Fleet Plassering | N\u00e5v\u00e6rende posisjoner til Brittany Ferries ferge Skip, IMO-nummer, MMSI, Webkamera | Live fl\u00e5tekart","breadcrumb":{"@id":"https:\/\/ship-tracker.org\/brittany-ferries\/#breadcrumb"},"inLanguage":"nb-NO","potentialAction":[{"@type":"ReadAction","target":["https:\/\/ship-tracker.org\/brittany-ferries\/"]}]},{"@type":"ImageObject","inLanguage":"nb-NO","@id":"https:\/\/ship-tracker.org\/brittany-ferries\/#primaryimage","url":"https:\/\/ship-tracker.org\/wp-content\/uploads\/2020\/05\/brittany-ferries-vector-logo.png","contentUrl":"https:\/\/ship-tracker.org\/wp-content\/uploads\/2020\/05\/brittany-ferries-vector-logo.png","width":900,"height":500,"caption":"Brittany Ferries"},{"@type":"BreadcrumbList","@id":"https:\/\/ship-tracker.org\/brittany-ferries\/#breadcrumb","itemListElement":[{"@type":"ListItem","position":1,"name":"Startseite","item":"https:\/\/ship-tracker.org\/"},{"@type":"ListItem","position":2,"name":"Brittany Ferries"}]},{"@type":"WebSite","@id":"https:\/\/ship-tracker.org\/#website","url":"https:\/\/ship-tracker.org\/","name":"Ship-tracker.org","description":"","potentialAction":[{"@type":"SearchAction","target":{"@type":"EntryPoint","urlTemplate":"https:\/\/ship-tracker.org\/?s={search_term_string}"},"query-input":{"@type":"PropertyValueSpecification","valueRequired":true,"valueName":"search_term_string"}}],"inLanguage":"nb-NO"}]}},"_links":{"self":[{"href":"https:\/\/ship-tracker.org\/nb\/wp-json\/wp\/v2\/pages\/3183","targetHints":{"allow":["GET"]}}],"collection":[{"href":"https:\/\/ship-tracker.org\/nb\/wp-json\/wp\/v2\/pages"}],"about":[{"href":"https:\/\/ship-tracker.org\/nb\/wp-json\/wp\/v2\/types\/page"}],"author":[{"embeddable":true,"href":"https:\/\/ship-tracker.org\/nb\/wp-json\/wp\/v2\/users\/1"}],"replies":[{"embeddable":true,"href":"https:\/\/ship-tracker.org\/nb\/wp-json\/wp\/v2\/comments?post=3183"}],"version-history":[{"count":4,"href":"https:\/\/ship-tracker.org\/nb\/wp-json\/wp\/v2\/pages\/3183\/revisions"}],"predecessor-version":[{"id":3498,"href":"https:\/\/ship-tracker.org\/nb\/wp-json\/wp\/v2\/pages\/3183\/revisions\/3498"}],"wp:featuredmedia":[{"embeddable":true,"href":"https:\/\/ship-tracker.org\/nb\/wp-json\/wp\/v2\/media\/3184"}],"wp:attachment":[{"href":"https:\/\/ship-tracker.org\/nb\/wp-json\/wp\/v2\/media?parent=3183"}],"curies":[{"name":"wp","href":"https:\/\/api.w.org\/{rel}","templated":true}]}}