{"id":2877,"date":"2020-05-12T16:22:13","date_gmt":"2020-05-12T14:22:13","guid":{"rendered":"https:\/\/ship-tracker.org\/?page_id=2877"},"modified":"2022-10-27T16:11:32","modified_gmt":"2022-10-27T14:11:32","slug":"stena-vinga","status":"publish","type":"page","link":"https:\/\/ship-tracker.org\/nb\/stena-vinga\/","title":{"rendered":"Stena Vinga"},"content":{"rendered":"<p><script async src=\"https:\/\/pagead2.googlesyndication.com\/pagead\/js\/adsbygoogle.js\"><span data-mce-type=\"bookmark\" style=\"display: inline-block; width: 0px; overflow: hidden; line-height: 0;\" class=\"mce_SELRES_start\">\ufeff<\/span><span data-mce-type=\"bookmark\" style=\"display: inline-block; width: 0px; overflow: hidden; line-height: 0;\" class=\"mce_SELRES_start\">\ufeff<\/span><\/script><br \/>\n<!-- Ship-Tracker Display --><br \/>\n<ins class=\"adsbygoogle\" style=\"display: block;\" data-ad-client=\"ca-pub-1316785063791781\" data-ad-slot=\"8075999632\" data-ad-format=\"auto\" data-full-width-responsive=\"true\"><\/ins><br \/>\n<script>\n     (adsbygoogle = window.adsbygoogle || []).push({});\n<\/script><\/p>\n<h2><span style=\"color: #000000;\">N\u00e5v\u00e6rende plassering og <\/span><span style=\"color: #000000;\">stillingen til Stena Vinga<\/span><\/h2>\n<p>Hvor er den n\u00e5v\u00e6rende stillingen til Stena Vinga for tiden?<br \/>\n<script async src=\"https:\/\/pagead2.googlesyndication.com\/pagead\/js\/adsbygoogle.js\"><\/script><br \/>\n<!-- Schip-Tracker Linkanzeigen --><br \/>\n<ins class=\"adsbygoogle\" style=\"display: block;\" data-ad-client=\"ca-pub-1316785063791781\" data-ad-slot=\"3429004156\" data-ad-format=\"link\" data-full-width-responsive=\"true\"><\/ins><br \/>\n<script>\n     (adsbygoogle = window.adsbygoogle || []).push({});\n<\/script><br \/>\n<script type=\"text\/javascript\">\n  var width=\"100%\";var height=\"400\";\n  var mmsi=266467000;\n<\/script><script type=\"text\/javascript\" src=\"https:\/\/www.vesselfinder.com\/aismap.js\"><\/script><br \/>\n<script async src=\"https:\/\/pagead2.googlesyndication.com\/pagead\/js\/adsbygoogle.js\"><\/script><br \/>\n<!-- Ship-Tracker Display --><br \/>\n<ins class=\"adsbygoogle\" style=\"display: block;\" data-ad-client=\"ca-pub-1316785063791781\" data-ad-slot=\"8075999632\" data-ad-format=\"auto\" data-full-width-responsive=\"true\"><\/ins><br \/>\n<script>\n     (adsbygoogle = window.adsbygoogle || []).push({});\n<\/script><\/p>\n<p>Se Stena Vinga n\u00e5v\u00e6rende plassering. Posisjonen til Stena Vinga kan bestemmes n\u00f8yaktig av kartene over Schiffsradar og MarineTraffic. S\u00e5 du er alltid godt informert om hvor favorittskipet ditt er for \u00f8yeblikket.<\/p>\n<h2 class=\"title\"><span style=\"color: #000000;\">Stena Vinga anmeldelse og spesifikasjoner<\/span><\/h2>\n<table style=\"height: 294px;\" width=\"400\">\n<tbody>\n<tr>\n<td style=\"width: 192px;\"><span style=\"color: #000000;\"><strong>Flaggstat<\/strong><\/span><\/td>\n<td style=\"width: 192px;\"><span style=\"color: #000000;\">Sverige<\/span><\/td>\n<\/tr>\n<tr>\n<td style=\"width: 192px;\"><span style=\"color: #000000;\"><strong>Bygge\u00e5r<\/strong><\/span><\/td>\n<td style=\"width: 192px;\"><span style=\"color: #000000;\">2005<\/span><\/td>\n<\/tr>\n<tr>\n<td style=\"width: 192px;\"><span style=\"color: #000000;\"><strong>Bygger<\/strong><\/span><\/td>\n<td style=\"width: 192px;\"><span style=\"color: #000000;\">Merwede BV<\/span><\/td>\n<\/tr>\n<tr>\n<td style=\"width: 192px;\"><span style=\"color: #000000;\"><strong>Lengde<\/strong><\/span><\/td>\n<td style=\"width: 192px;\"><span style=\"color: #000000;\"><span class=\"specificationUnit\">129,90 m<\/span><\/span><\/td>\n<\/tr>\n<tr>\n<td style=\"width: 192px;\"><span style=\"color: #000000;\"><strong>Str\u00e5le<\/strong><\/span><\/td>\n<td style=\"width: 192px;\"><span style=\"color: #000000;\"><span class=\"specificationUnit\">23,40 m<\/span><\/span><\/td>\n<\/tr>\n<tr>\n<td style=\"width: 192px;\"><span style=\"color: #000000;\"><strong>Bruttotonn<\/strong><\/span><\/td>\n<td style=\"width: 192px;\"><span style=\"color: #000000;\"><span class=\"specificationUnit\">14551 gt<\/span><\/span><\/td>\n<\/tr>\n<tr>\n<td style=\"width: 192px;\"><span style=\"color: #000000;\"><strong>Passasjerer<\/strong><\/span><\/td>\n<td style=\"width: 192px;\"><span style=\"color: #000000;\">400<\/span><\/td>\n<\/tr>\n<tr>\n<td style=\"width: 192px;\"><span style=\"color: #000000;\"><strong>Hastighet<\/strong><\/span><\/td>\n<td style=\"width: 192px;\"><span style=\"color: #000000;\"><span class=\"specificationUnit\">18,5 kn<\/span><\/span><\/td>\n<\/tr>\n<tr>\n<td style=\"width: 192px;\"><span style=\"color: #000000;\"><strong>Biler<\/strong><\/span><\/td>\n<td style=\"width: 192px;\"><span style=\"color: #000000;\">200<\/span><\/td>\n<\/tr>\n<tr>\n<td style=\"width: 192px;\"><span style=\"color: #000000;\"><strong><b>Eieren<\/b><\/strong><\/span><\/td>\n<td style=\"width: 192px;\"><a href=\"https:\/\/ship-tracker.org\/nb\/stena-line\/\"><span style=\"color: #000000;\">Stena Line<\/span><\/a><\/td>\n<\/tr>\n<\/tbody>\n<\/table>\n<h3 class=\"title\">Stena Line fl\u00e5te<\/h3>\n<ul>\n<li><a href=\"https:\/\/ship-tracker.org\/nb\/stena-germanica\/\">Stena Germanica<\/a><\/li>\n<li><a href=\"https:\/\/ship-tracker.org\/nb\/stena-scandinavica\/\">Stena Scandinavica<\/a><\/li>\n<li><a href=\"https:\/\/ship-tracker.org\/nb\/mecklenburg-vorpommern\/\">Mecklenburg-Vorpommern<\/a><\/li>\n<li><a href=\"https:\/\/ship-tracker.org\/nb\/stena-skane\/\">Stena Skane<\/a><\/li>\n<li><a href=\"https:\/\/ship-tracker.org\/nb\/stena-danica\/\">Stena Danica<\/a><\/li>\n<li><a href=\"https:\/\/ship-tracker.org\/nb\/stena-horizon\/\">Stena Horisont<\/a><\/li>\n<li><a href=\"https:\/\/ship-tracker.org\/nb\/stena-mersey\/\">Stena Mersey<\/a><\/li>\n<li><a href=\"https:\/\/ship-tracker.org\/nb\/stena-lagan\/\">Stena Lagan<\/a><\/li>\n<li><a href=\"https:\/\/ship-tracker.org\/nb\/stena-edda\/\">Stena Edda<\/a><\/li>\n<li><a href=\"https:\/\/ship-tracker.org\/nb\/stena-superfast-vii\/\">Stena Superfast VII<\/a><\/li>\n<li><a href=\"https:\/\/ship-tracker.org\/nb\/stena-superfast-viii\/\">Stena Superfast VIII<\/a><\/li>\n<li><a href=\"https:\/\/ship-tracker.org\/nb\/stena-estrid\/\">Stena Estrid<\/a><\/li>\n<li><a href=\"https:\/\/ship-tracker.org\/nb\/stena-adventurer\/\">Stena Eventyrer<\/a><\/li>\n<li><a href=\"https:\/\/ship-tracker.org\/nb\/stena-europe\/\">Stena Europa<\/a><\/li>\n<li><a href=\"https:\/\/ship-tracker.org\/nb\/stena-hollandica\/\">Stena Hollandica<\/a><\/li>\n<li><a href=\"https:\/\/ship-tracker.org\/nb\/stena-britannica\/\">Stena Britannica<\/a><\/li>\n<li><a href=\"https:\/\/ship-tracker.org\/nb\/urd\/\">URD<\/a><\/li>\n<li><a href=\"https:\/\/ship-tracker.org\/nb\/stena-flavia\/\">Stena Flavia<\/a><\/li>\n<li><a href=\"https:\/\/ship-tracker.org\/nb\/scottish-viking\/\">skotsk viking<\/a><\/li>\n<li><a href=\"https:\/\/ship-tracker.org\/nb\/stena-gothica\/\">Stena Gothica<\/a><\/li>\n<li><a href=\"https:\/\/ship-tracker.org\/nb\/stena-vision\/\">Stena Vision<\/a><\/li>\n<li><a href=\"https:\/\/ship-tracker.org\/nb\/stena-spirit\/\">Stena Spirit<\/a><\/li>\n<li><a href=\"https:\/\/ship-tracker.org\/nb\/stena-baltica\/\">Stena Baltica<\/a><\/li>\n<li><a href=\"https:\/\/ship-tracker.org\/nb\/stena-nautica\/\">Stena Nautica<\/a><\/li>\n<li><a href=\"https:\/\/ship-tracker.org\/nb\/stena-jutlandica\/\">Stena Jutlandica<\/a><\/li>\n<\/ul>\n<p><script async src=\"https:\/\/pagead2.googlesyndication.com\/pagead\/js\/adsbygoogle.js\"><\/script><br \/>\n<!-- Schip-Tracker Linkanzeigen --><br \/>\n<ins class=\"adsbygoogle\" style=\"display: block;\" data-ad-client=\"ca-pub-1316785063791781\" data-ad-slot=\"3429004156\" data-ad-format=\"link\" data-full-width-responsive=\"true\"><\/ins><br \/>\n<script>\n     (adsbygoogle = window.adsbygoogle || []).push({});\n<\/script><\/p>\n<h4><span style=\"color: #000000;\">Stena Vinga Video<\/span><\/h4>\n<div class=\"su-youtube su-u-responsive-media-yes\"><iframe loading=\"lazy\" width=\"600\" height=\"400\" src=\"https:\/\/www.youtube.com\/embed\/A-xOvz20Y5w?\" frameborder=\"0\" allowfullscreen allow=\"autoplay; encrypted-media; picture-in-picture\" title=\"\"><\/iframe><\/div>","protected":false},"excerpt":{"rendered":"<p>N\u00e5v\u00e6rende plassering og posisjon til Stena Vinga Hvor er den n\u00e5v\u00e6rende posisjonen til Stena Vinga for \u00f8yeblikket? Se Stena Vinga n\u00e5v\u00e6rende plassering. Posisjonen til Stena Vinga kan bestemmes n\u00f8yaktig av kartene over Schiffsradar og MarineTraffic. S\u00e5 du er alltid godt informert om hvor favorittskipet ditt er for \u00f8yeblikket. Stena Vinga anmeldelse og spesifikasjoner Flagg...&nbsp;<a href=\"https:\/\/ship-tracker.org\/nb\/stena-vinga\/\" rel=\"bookmark\">Les mer \u00bb<span class=\"screen-reader-text\">Stena Vinga<\/span><\/a><\/p>","protected":false},"author":1,"featured_media":2869,"parent":0,"menu_order":0,"comment_status":"closed","ping_status":"closed","template":"","meta":{"neve_meta_sidebar":"","neve_meta_container":"","neve_meta_enable_content_width":"","neve_meta_content_width":0,"neve_meta_title_alignment":"","neve_meta_author_avatar":"","neve_post_elements_order":"","neve_meta_disable_header":"","neve_meta_disable_footer":"","neve_meta_disable_title":"","neve_meta_reading_time":"","footnotes":""},"class_list":["post-2877","page","type-page","status-publish","has-post-thumbnail","hentry"],"yoast_head":"<!-- This site is optimized with the Yoast SEO plugin v27.4 - https:\/\/yoast.com\/product\/yoast-seo-wordpress\/ -->\n<title>Stena Vinga\u2503Current location and position of Stena Line ferry<\/title>\n<meta name=\"description\" content=\"Stena Vinga \u2693 Current location and position of Stena Vinga \u2713 Cruise Ship Tracker \u2713 Live Ship Tracker \u2713 Stena Line ferry\" \/>\n<meta name=\"robots\" content=\"index, follow, max-snippet:-1, max-image-preview:large, max-video-preview:-1\" \/>\n<link rel=\"canonical\" href=\"https:\/\/ship-tracker.org\/nb\/stena-vinga\/\" \/>\n<meta property=\"og:locale\" content=\"nb_NO\" \/>\n<meta property=\"og:type\" content=\"article\" \/>\n<meta property=\"og:title\" content=\"Stena Vinga\u2503Current location and position of Stena Line ferry\" \/>\n<meta property=\"og:description\" content=\"Stena Vinga \u2693 Current location and position of Stena Vinga \u2713 Cruise Ship Tracker \u2713 Live Ship Tracker \u2713 Stena Line ferry\" \/>\n<meta property=\"og:url\" content=\"https:\/\/ship-tracker.org\/nb\/stena-vinga\/\" \/>\n<meta property=\"og:site_name\" content=\"Ship-tracker.org\" \/>\n<meta property=\"article:modified_time\" content=\"2022-10-27T14:11:32+00:00\" \/>\n<meta property=\"og:image\" content=\"https:\/\/ship-tracker.org\/wp-content\/uploads\/2020\/05\/stena_germanica_supergreen_1280x502px.jpg\" \/>\n\t<meta property=\"og:image:width\" content=\"638\" \/>\n\t<meta property=\"og:image:height\" content=\"250\" \/>\n\t<meta property=\"og:image:type\" content=\"image\/jpeg\" \/>\n<meta name=\"twitter:card\" content=\"summary_large_image\" \/>\n<meta name=\"twitter:label1\" content=\"Ansl. lesetid\" \/>\n\t<meta name=\"twitter:data1\" content=\"1 minutt\" \/>\n<script type=\"application\/ld+json\" class=\"yoast-schema-graph\">{\"@context\":\"https:\\\/\\\/schema.org\",\"@graph\":[{\"@type\":\"WebPage\",\"@id\":\"https:\\\/\\\/ship-tracker.org\\\/stena-vinga\\\/\",\"url\":\"https:\\\/\\\/ship-tracker.org\\\/stena-vinga\\\/\",\"name\":\"Stena Vinga\u2503Current location and position of Stena Line ferry\",\"isPartOf\":{\"@id\":\"https:\\\/\\\/ship-tracker.org\\\/#website\"},\"primaryImageOfPage\":{\"@id\":\"https:\\\/\\\/ship-tracker.org\\\/stena-vinga\\\/#primaryimage\"},\"image\":{\"@id\":\"https:\\\/\\\/ship-tracker.org\\\/stena-vinga\\\/#primaryimage\"},\"thumbnailUrl\":\"https:\\\/\\\/ship-tracker.org\\\/wp-content\\\/uploads\\\/2020\\\/05\\\/stena_germanica_supergreen_1280x502px.jpg\",\"datePublished\":\"2020-05-12T14:22:13+00:00\",\"dateModified\":\"2022-10-27T14:11:32+00:00\",\"description\":\"Stena Vinga \u2693 Current location and position of Stena Vinga \u2713 Cruise Ship Tracker \u2713 Live Ship Tracker \u2713 Stena Line ferry\",\"breadcrumb\":{\"@id\":\"https:\\\/\\\/ship-tracker.org\\\/stena-vinga\\\/#breadcrumb\"},\"inLanguage\":\"nb-NO\",\"potentialAction\":[{\"@type\":\"ReadAction\",\"target\":[\"https:\\\/\\\/ship-tracker.org\\\/stena-vinga\\\/\"]}]},{\"@type\":\"ImageObject\",\"inLanguage\":\"nb-NO\",\"@id\":\"https:\\\/\\\/ship-tracker.org\\\/stena-vinga\\\/#primaryimage\",\"url\":\"https:\\\/\\\/ship-tracker.org\\\/wp-content\\\/uploads\\\/2020\\\/05\\\/stena_germanica_supergreen_1280x502px.jpg\",\"contentUrl\":\"https:\\\/\\\/ship-tracker.org\\\/wp-content\\\/uploads\\\/2020\\\/05\\\/stena_germanica_supergreen_1280x502px.jpg\",\"width\":638,\"height\":250,\"caption\":\"Stena Horizon\"},{\"@type\":\"BreadcrumbList\",\"@id\":\"https:\\\/\\\/ship-tracker.org\\\/stena-vinga\\\/#breadcrumb\",\"itemListElement\":[{\"@type\":\"ListItem\",\"position\":1,\"name\":\"Startseite\",\"item\":\"https:\\\/\\\/ship-tracker.org\\\/\"},{\"@type\":\"ListItem\",\"position\":2,\"name\":\"Stena Vinga\"}]},{\"@type\":\"WebSite\",\"@id\":\"https:\\\/\\\/ship-tracker.org\\\/#website\",\"url\":\"https:\\\/\\\/ship-tracker.org\\\/\",\"name\":\"Ship-tracker.org\",\"description\":\"\",\"potentialAction\":[{\"@type\":\"SearchAction\",\"target\":{\"@type\":\"EntryPoint\",\"urlTemplate\":\"https:\\\/\\\/ship-tracker.org\\\/?s={search_term_string}\"},\"query-input\":{\"@type\":\"PropertyValueSpecification\",\"valueRequired\":true,\"valueName\":\"search_term_string\"}}],\"inLanguage\":\"nb-NO\"}]}<\/script>\n<!-- \/ Yoast SEO plugin. -->","yoast_head_json":{"title":"Stena Vinga\u2503N\u00e5v\u00e6rende plassering og posisjon til Stena Line-fergen","description":"Stena Vinga \u2693 N\u00e5v\u00e6rende plassering og posisjon til Stena Vinga \u2713 Cruiseship Tracker \u2713 Live Ship Tracker \u2713 Stena Line ferge","robots":{"index":"index","follow":"follow","max-snippet":"max-snippet:-1","max-image-preview":"max-image-preview:large","max-video-preview":"max-video-preview:-1"},"canonical":"https:\/\/ship-tracker.org\/nb\/stena-vinga\/","og_locale":"nb_NO","og_type":"article","og_title":"Stena Vinga\u2503Current location and position of Stena Line ferry","og_description":"Stena Vinga \u2693 Current location and position of Stena Vinga \u2713 Cruise Ship Tracker \u2713 Live Ship Tracker \u2713 Stena Line ferry","og_url":"https:\/\/ship-tracker.org\/nb\/stena-vinga\/","og_site_name":"Ship-tracker.org","article_modified_time":"2022-10-27T14:11:32+00:00","og_image":[{"width":638,"height":250,"url":"https:\/\/ship-tracker.org\/wp-content\/uploads\/2020\/05\/stena_germanica_supergreen_1280x502px.jpg","type":"image\/jpeg"}],"twitter_card":"summary_large_image","twitter_misc":{"Ansl. lesetid":"1 minutt"},"schema":{"@context":"https:\/\/schema.org","@graph":[{"@type":"WebPage","@id":"https:\/\/ship-tracker.org\/stena-vinga\/","url":"https:\/\/ship-tracker.org\/stena-vinga\/","name":"Stena Vinga\u2503N\u00e5v\u00e6rende plassering og posisjon til Stena Line-fergen","isPartOf":{"@id":"https:\/\/ship-tracker.org\/#website"},"primaryImageOfPage":{"@id":"https:\/\/ship-tracker.org\/stena-vinga\/#primaryimage"},"image":{"@id":"https:\/\/ship-tracker.org\/stena-vinga\/#primaryimage"},"thumbnailUrl":"https:\/\/ship-tracker.org\/wp-content\/uploads\/2020\/05\/stena_germanica_supergreen_1280x502px.jpg","datePublished":"2020-05-12T14:22:13+00:00","dateModified":"2022-10-27T14:11:32+00:00","description":"Stena Vinga \u2693 N\u00e5v\u00e6rende plassering og posisjon til Stena Vinga \u2713 Cruiseship Tracker \u2713 Live Ship Tracker \u2713 Stena Line ferge","breadcrumb":{"@id":"https:\/\/ship-tracker.org\/stena-vinga\/#breadcrumb"},"inLanguage":"nb-NO","potentialAction":[{"@type":"ReadAction","target":["https:\/\/ship-tracker.org\/stena-vinga\/"]}]},{"@type":"ImageObject","inLanguage":"nb-NO","@id":"https:\/\/ship-tracker.org\/stena-vinga\/#primaryimage","url":"https:\/\/ship-tracker.org\/wp-content\/uploads\/2020\/05\/stena_germanica_supergreen_1280x502px.jpg","contentUrl":"https:\/\/ship-tracker.org\/wp-content\/uploads\/2020\/05\/stena_germanica_supergreen_1280x502px.jpg","width":638,"height":250,"caption":"Stena Horizon"},{"@type":"BreadcrumbList","@id":"https:\/\/ship-tracker.org\/stena-vinga\/#breadcrumb","itemListElement":[{"@type":"ListItem","position":1,"name":"Startseite","item":"https:\/\/ship-tracker.org\/"},{"@type":"ListItem","position":2,"name":"Stena Vinga"}]},{"@type":"WebSite","@id":"https:\/\/ship-tracker.org\/#website","url":"https:\/\/ship-tracker.org\/","name":"Ship-tracker.org","description":"","potentialAction":[{"@type":"SearchAction","target":{"@type":"EntryPoint","urlTemplate":"https:\/\/ship-tracker.org\/?s={search_term_string}"},"query-input":{"@type":"PropertyValueSpecification","valueRequired":true,"valueName":"search_term_string"}}],"inLanguage":"nb-NO"}]}},"_links":{"self":[{"href":"https:\/\/ship-tracker.org\/nb\/wp-json\/wp\/v2\/pages\/2877","targetHints":{"allow":["GET"]}}],"collection":[{"href":"https:\/\/ship-tracker.org\/nb\/wp-json\/wp\/v2\/pages"}],"about":[{"href":"https:\/\/ship-tracker.org\/nb\/wp-json\/wp\/v2\/types\/page"}],"author":[{"embeddable":true,"href":"https:\/\/ship-tracker.org\/nb\/wp-json\/wp\/v2\/users\/1"}],"replies":[{"embeddable":true,"href":"https:\/\/ship-tracker.org\/nb\/wp-json\/wp\/v2\/comments?post=2877"}],"version-history":[{"count":3,"href":"https:\/\/ship-tracker.org\/nb\/wp-json\/wp\/v2\/pages\/2877\/revisions"}],"predecessor-version":[{"id":2983,"href":"https:\/\/ship-tracker.org\/nb\/wp-json\/wp\/v2\/pages\/2877\/revisions\/2983"}],"wp:featuredmedia":[{"embeddable":true,"href":"https:\/\/ship-tracker.org\/nb\/wp-json\/wp\/v2\/media\/2869"}],"wp:attachment":[{"href":"https:\/\/ship-tracker.org\/nb\/wp-json\/wp\/v2\/media?parent=2877"}],"curies":[{"name":"wp","href":"https:\/\/api.w.org\/{rel}","templated":true}]}}