{"id":2871,"date":"2020-05-12T16:22:13","date_gmt":"2020-05-12T14:22:13","guid":{"rendered":"https:\/\/ship-tracker.org\/?page_id=2871"},"modified":"2022-10-27T16:10:02","modified_gmt":"2022-10-27T14:10:02","slug":"stena-scandinavica","status":"publish","type":"page","link":"https:\/\/ship-tracker.org\/nb\/stena-scandinavica\/","title":{"rendered":"Stena Scandinavica"},"content":{"rendered":"<p><script async src=\"https:\/\/pagead2.googlesyndication.com\/pagead\/js\/adsbygoogle.js\"><span data-mce-type=\"bookmark\" style=\"display: inline-block; width: 0px; overflow: hidden; line-height: 0;\" class=\"mce_SELRES_start\">\ufeff<\/span><span data-mce-type=\"bookmark\" style=\"display: inline-block; width: 0px; overflow: hidden; line-height: 0;\" class=\"mce_SELRES_start\">\ufeff<\/span><\/script><br \/>\n<!-- Ship-Tracker Display --><br \/>\n<ins class=\"adsbygoogle\" style=\"display: block;\" data-ad-client=\"ca-pub-1316785063791781\" data-ad-slot=\"8075999632\" data-ad-format=\"auto\" data-full-width-responsive=\"true\"><\/ins><br \/>\n<script>\n     (adsbygoogle = window.adsbygoogle || []).push({});\n<\/script><\/p>\n<h2><span style=\"color: #000000;\">N\u00e5v\u00e6rende plassering og <\/span><span style=\"color: #000000;\">stillingen til Stena Scandinavica<\/span><\/h2>\n<p>Hvor er den n\u00e5v\u00e6rende stillingen til Stena Scandinavica for tiden?<br \/>\n<script async src=\"https:\/\/pagead2.googlesyndication.com\/pagead\/js\/adsbygoogle.js\"><\/script><br \/>\n<!-- Schip-Tracker Linkanzeigen --><br \/>\n<ins class=\"adsbygoogle\" style=\"display: block;\" data-ad-client=\"ca-pub-1316785063791781\" data-ad-slot=\"3429004156\" data-ad-format=\"link\" data-full-width-responsive=\"true\"><\/ins><br \/>\n<script>\n     (adsbygoogle = window.adsbygoogle || []).push({});\n<\/script><br \/>\n<script type=\"text\/javascript\">\n  var width=\"100%\";var height=\"400\";\n  var mmsi=266343000;\n<\/script><script type=\"text\/javascript\" src=\"https:\/\/www.vesselfinder.com\/aismap.js\"><\/script><br \/>\n<script async src=\"https:\/\/pagead2.googlesyndication.com\/pagead\/js\/adsbygoogle.js\"><\/script><br \/>\n<!-- Ship-Tracker Display --><br \/>\n<ins class=\"adsbygoogle\" style=\"display: block;\" data-ad-client=\"ca-pub-1316785063791781\" data-ad-slot=\"8075999632\" data-ad-format=\"auto\" data-full-width-responsive=\"true\"><\/ins><br \/>\n<script>\n     (adsbygoogle = window.adsbygoogle || []).push({});\n<\/script><\/p>\n<p>Se Stena Scandinavicas n\u00e5v\u00e6rende plassering. Plasseringen til Stena Scandinavica kan bestemmes n\u00f8yaktig av kartene over Schiffsradar og MarineTraffic. S\u00e5 du er alltid godt informert om hvor favorittskipet ditt er for \u00f8yeblikket.<\/p>\n<h2 class=\"title\"><span style=\"color: #000000;\">Stena Scandinavica gjennomgang og spesifikasjoner<\/span><\/h2>\n<table style=\"height: 294px;\" width=\"400\">\n<tbody>\n<tr>\n<td style=\"width: 192px;\"><span style=\"color: #000000;\"><strong>Flaggstat<\/strong><\/span><\/td>\n<td style=\"width: 192px;\"><span style=\"color: #000000;\">Sverige<\/span><\/td>\n<\/tr>\n<tr>\n<td style=\"width: 192px;\"><span style=\"color: #000000;\"><strong>Bygge\u00e5r<\/strong><\/span><\/td>\n<td style=\"width: 192px;\"><span style=\"color: #000000;\">2003 \u00a0<\/span><\/td>\n<\/tr>\n<tr>\n<td style=\"width: 192px;\"><span style=\"color: #000000;\"><strong>Bygger<\/strong><\/span><\/td>\n<td style=\"width: 192px;\"><span style=\"color: #000000;\">Hyundai Heavy Industries<\/span><\/td>\n<\/tr>\n<tr>\n<td style=\"width: 192px;\"><span style=\"color: #000000;\"><strong>Lengde<\/strong><\/span><\/td>\n<td style=\"width: 192px;\"><span style=\"color: #000000;\"><span class=\"specificationUnit\">240 m<\/span><\/span><\/td>\n<\/tr>\n<tr>\n<td style=\"width: 192px;\"><span style=\"color: #000000;\"><strong>Str\u00e5le<\/strong><\/span><\/td>\n<td style=\"width: 192px;\"><span style=\"color: #000000;\"><span class=\"specificationUnit\">30 m<\/span><\/span><\/td>\n<\/tr>\n<tr>\n<td style=\"width: 192px;\"><span style=\"color: #000000;\"><strong>Bruttotonn<\/strong><\/span><\/td>\n<td style=\"width: 192px;\"><span style=\"color: #000000;\"><span class=\"specificationUnit\">44 000 gt<\/span><\/span><\/td>\n<\/tr>\n<tr>\n<td style=\"width: 192px;\"><span style=\"color: #000000;\"><strong>Passasjerer<\/strong><\/span><\/td>\n<td style=\"width: 192px;\"><span style=\"color: #000000;\">1300<\/span><\/td>\n<\/tr>\n<tr>\n<td style=\"width: 192px;\"><span style=\"color: #000000;\"><strong>Hastighet<\/strong><\/span><\/td>\n<td style=\"width: 192px;\"><span style=\"color: #000000;\"><span class=\"specificationUnit\">23 kn<\/span><\/span><\/td>\n<\/tr>\n<tr>\n<td style=\"width: 192px;\"><span style=\"color: #000000;\"><strong>Biler<\/strong><\/span><\/td>\n<td style=\"width: 192px;\"><span style=\"color: #000000;\">300<\/span><\/td>\n<\/tr>\n<tr>\n<td style=\"width: 192px;\"><span style=\"color: #000000;\"><strong><b>Eieren<\/b><\/strong><\/span><\/td>\n<td style=\"width: 192px;\"><a href=\"https:\/\/ship-tracker.org\/nb\/stena-line\/\"><span style=\"color: #000000;\">Stena Line<\/span><\/a><\/td>\n<\/tr>\n<\/tbody>\n<\/table>\n<h3 class=\"title\">Stena Line fl\u00e5te<\/h3>\n<ul>\n<li><a href=\"https:\/\/ship-tracker.org\/nb\/stena-germanica\/\">Stena Germanica<\/a><\/li>\n<li><a href=\"https:\/\/ship-tracker.org\/nb\/mecklenburg-vorpommern\/\">Mecklenburg-Vorpommern<\/a><\/li>\n<li><a href=\"https:\/\/ship-tracker.org\/nb\/stena-skane\/\">Stena Skane<\/a><\/li>\n<li><a href=\"https:\/\/ship-tracker.org\/nb\/stena-vinga\/\">Stena Vinga<\/a><\/li>\n<li><a href=\"https:\/\/ship-tracker.org\/nb\/stena-danica\/\">Stena Danica<\/a><\/li>\n<li><a href=\"https:\/\/ship-tracker.org\/nb\/stena-horizon\/\">Stena Horisont<\/a><\/li>\n<li><a href=\"https:\/\/ship-tracker.org\/nb\/stena-mersey\/\">Stena Mersey<\/a><\/li>\n<li><a href=\"https:\/\/ship-tracker.org\/nb\/stena-lagan\/\">Stena Lagan<\/a><\/li>\n<li><a href=\"https:\/\/ship-tracker.org\/nb\/stena-edda\/\">Stena Edda<\/a><\/li>\n<li><a href=\"https:\/\/ship-tracker.org\/nb\/stena-superfast-vii\/\">Stena Superfast VII<\/a><\/li>\n<li><a href=\"https:\/\/ship-tracker.org\/nb\/stena-superfast-viii\/\">Stena Superfast VIII<\/a><\/li>\n<li><a href=\"https:\/\/ship-tracker.org\/nb\/stena-estrid\/\">Stena Estrid<\/a><\/li>\n<li><a href=\"https:\/\/ship-tracker.org\/nb\/stena-adventurer\/\">Stena Eventyrer<\/a><\/li>\n<li><a href=\"https:\/\/ship-tracker.org\/nb\/stena-europe\/\">Stena Europa<\/a><\/li>\n<li><a href=\"https:\/\/ship-tracker.org\/nb\/stena-hollandica\/\">Stena Hollandica<\/a><\/li>\n<li><a href=\"https:\/\/ship-tracker.org\/nb\/stena-britannica\/\">Stena Britannica<\/a><\/li>\n<li><a href=\"https:\/\/ship-tracker.org\/nb\/urd\/\">URD<\/a><\/li>\n<li><a href=\"https:\/\/ship-tracker.org\/nb\/stena-flavia\/\">Stena Flavia<\/a><\/li>\n<li><a href=\"https:\/\/ship-tracker.org\/nb\/scottish-viking\/\">skotsk viking<\/a><\/li>\n<li><a href=\"https:\/\/ship-tracker.org\/nb\/stena-gothica\/\">Stena Gothica<\/a><\/li>\n<li><a href=\"https:\/\/ship-tracker.org\/nb\/stena-vision\/\">Stena Vision<\/a><\/li>\n<li><a href=\"https:\/\/ship-tracker.org\/nb\/stena-spirit\/\">Stena Spirit<\/a><\/li>\n<li><a href=\"https:\/\/ship-tracker.org\/nb\/stena-baltica\/\">Stena Baltica<\/a><\/li>\n<li><a href=\"https:\/\/ship-tracker.org\/nb\/stena-nautica\/\">Stena Nautica<\/a><\/li>\n<li><a href=\"https:\/\/ship-tracker.org\/nb\/stena-jutlandica\/\">Stena Jutlandica<\/a><\/li>\n<\/ul>\n<p><script async src=\"https:\/\/pagead2.googlesyndication.com\/pagead\/js\/adsbygoogle.js\"><\/script><br \/>\n<!-- Schip-Tracker Linkanzeigen --><br \/>\n<ins class=\"adsbygoogle\" style=\"display: block;\" data-ad-client=\"ca-pub-1316785063791781\" data-ad-slot=\"3429004156\" data-ad-format=\"link\" data-full-width-responsive=\"true\"><\/ins><br \/>\n<script>\n     (adsbygoogle = window.adsbygoogle || []).push({});\n<\/script><\/p>\n<h4><span style=\"color: #000000;\">Stena Scandinavica Video<\/span><\/h4>\n<div class=\"su-youtube su-u-responsive-media-yes\"><iframe loading=\"lazy\" width=\"600\" height=\"400\" src=\"https:\/\/www.youtube.com\/embed\/JkyZHcj3A-I?\" frameborder=\"0\" allowfullscreen allow=\"autoplay; encrypted-media; picture-in-picture\" title=\"\"><\/iframe><\/div>","protected":false},"excerpt":{"rendered":"<p>Stena Scandinavicas n\u00e5v\u00e6rende plassering og posisjon Hvor er Stena Scandinavicas n\u00e5v\u00e6rende posisjon? Se Stena Scandinavicas n\u00e5v\u00e6rende plassering. Stena Scandinavicas posisjon kan bestemmes n\u00f8yaktig av kartene til Skipsfart\u00f8yet og MarineTraffic. S\u00e5 du er alltid godt informert om hvor favorittskipet ditt er for \u00f8yeblikket. Stena Scandinavica-anmeldelse og spesifikasjoner Flagg\u2026&nbsp;<a href=\"https:\/\/ship-tracker.org\/nb\/stena-scandinavica\/\" rel=\"bookmark\">Les mer \u00bb<span class=\"screen-reader-text\">Stena Scandinavica<\/span><\/a><\/p>","protected":false},"author":1,"featured_media":2869,"parent":0,"menu_order":0,"comment_status":"closed","ping_status":"closed","template":"","meta":{"neve_meta_sidebar":"","neve_meta_container":"","neve_meta_enable_content_width":"","neve_meta_content_width":0,"neve_meta_title_alignment":"","neve_meta_author_avatar":"","neve_post_elements_order":"","neve_meta_disable_header":"","neve_meta_disable_footer":"","neve_meta_disable_title":"","neve_meta_reading_time":"","footnotes":""},"class_list":["post-2871","page","type-page","status-publish","has-post-thumbnail","hentry"],"yoast_head":"<!-- This site is optimized with the Yoast SEO plugin v27.4 - https:\/\/yoast.com\/product\/yoast-seo-wordpress\/ -->\n<title>Stena Scandinavica\u2503Current location and position of Stena Line<\/title>\n<meta name=\"description\" content=\"Stena Scandinavica \u2693 Current location and position of Stena Scandinavica \u2713 Cruise Ship Tracker \u2713 Live Ship Tracker \u2713 Stena Line ferry\" \/>\n<meta name=\"robots\" content=\"index, follow, max-snippet:-1, max-image-preview:large, max-video-preview:-1\" \/>\n<link rel=\"canonical\" href=\"https:\/\/ship-tracker.org\/nb\/stena-scandinavica\/\" \/>\n<meta property=\"og:locale\" content=\"nb_NO\" \/>\n<meta property=\"og:type\" content=\"article\" \/>\n<meta property=\"og:title\" content=\"Stena Scandinavica\u2503Current location and position of Stena Line\" \/>\n<meta property=\"og:description\" content=\"Stena Scandinavica \u2693 Current location and position of Stena Scandinavica \u2713 Cruise Ship Tracker \u2713 Live Ship Tracker \u2713 Stena Line ferry\" \/>\n<meta property=\"og:url\" content=\"https:\/\/ship-tracker.org\/nb\/stena-scandinavica\/\" \/>\n<meta property=\"og:site_name\" content=\"Ship-tracker.org\" \/>\n<meta property=\"article:modified_time\" content=\"2022-10-27T14:10:02+00:00\" \/>\n<meta property=\"og:image\" content=\"https:\/\/ship-tracker.org\/wp-content\/uploads\/2020\/05\/stena_germanica_supergreen_1280x502px.jpg\" \/>\n\t<meta property=\"og:image:width\" content=\"638\" \/>\n\t<meta property=\"og:image:height\" content=\"250\" \/>\n\t<meta property=\"og:image:type\" content=\"image\/jpeg\" \/>\n<meta name=\"twitter:card\" content=\"summary_large_image\" \/>\n<meta name=\"twitter:label1\" content=\"Ansl. lesetid\" \/>\n\t<meta name=\"twitter:data1\" content=\"1 minutt\" \/>\n<script type=\"application\/ld+json\" class=\"yoast-schema-graph\">{\"@context\":\"https:\\\/\\\/schema.org\",\"@graph\":[{\"@type\":\"WebPage\",\"@id\":\"https:\\\/\\\/ship-tracker.org\\\/stena-scandinavica\\\/\",\"url\":\"https:\\\/\\\/ship-tracker.org\\\/stena-scandinavica\\\/\",\"name\":\"Stena Scandinavica\u2503Current location and position of Stena Line\",\"isPartOf\":{\"@id\":\"https:\\\/\\\/ship-tracker.org\\\/#website\"},\"primaryImageOfPage\":{\"@id\":\"https:\\\/\\\/ship-tracker.org\\\/stena-scandinavica\\\/#primaryimage\"},\"image\":{\"@id\":\"https:\\\/\\\/ship-tracker.org\\\/stena-scandinavica\\\/#primaryimage\"},\"thumbnailUrl\":\"https:\\\/\\\/ship-tracker.org\\\/wp-content\\\/uploads\\\/2020\\\/05\\\/stena_germanica_supergreen_1280x502px.jpg\",\"datePublished\":\"2020-05-12T14:22:13+00:00\",\"dateModified\":\"2022-10-27T14:10:02+00:00\",\"description\":\"Stena Scandinavica \u2693 Current location and position of Stena Scandinavica \u2713 Cruise Ship Tracker \u2713 Live Ship Tracker \u2713 Stena Line ferry\",\"breadcrumb\":{\"@id\":\"https:\\\/\\\/ship-tracker.org\\\/stena-scandinavica\\\/#breadcrumb\"},\"inLanguage\":\"nb-NO\",\"potentialAction\":[{\"@type\":\"ReadAction\",\"target\":[\"https:\\\/\\\/ship-tracker.org\\\/stena-scandinavica\\\/\"]}]},{\"@type\":\"ImageObject\",\"inLanguage\":\"nb-NO\",\"@id\":\"https:\\\/\\\/ship-tracker.org\\\/stena-scandinavica\\\/#primaryimage\",\"url\":\"https:\\\/\\\/ship-tracker.org\\\/wp-content\\\/uploads\\\/2020\\\/05\\\/stena_germanica_supergreen_1280x502px.jpg\",\"contentUrl\":\"https:\\\/\\\/ship-tracker.org\\\/wp-content\\\/uploads\\\/2020\\\/05\\\/stena_germanica_supergreen_1280x502px.jpg\",\"width\":638,\"height\":250,\"caption\":\"Stena Horizon\"},{\"@type\":\"BreadcrumbList\",\"@id\":\"https:\\\/\\\/ship-tracker.org\\\/stena-scandinavica\\\/#breadcrumb\",\"itemListElement\":[{\"@type\":\"ListItem\",\"position\":1,\"name\":\"Startseite\",\"item\":\"https:\\\/\\\/ship-tracker.org\\\/\"},{\"@type\":\"ListItem\",\"position\":2,\"name\":\"Stena Scandinavica\"}]},{\"@type\":\"WebSite\",\"@id\":\"https:\\\/\\\/ship-tracker.org\\\/#website\",\"url\":\"https:\\\/\\\/ship-tracker.org\\\/\",\"name\":\"Ship-tracker.org\",\"description\":\"\",\"potentialAction\":[{\"@type\":\"SearchAction\",\"target\":{\"@type\":\"EntryPoint\",\"urlTemplate\":\"https:\\\/\\\/ship-tracker.org\\\/?s={search_term_string}\"},\"query-input\":{\"@type\":\"PropertyValueSpecification\",\"valueRequired\":true,\"valueName\":\"search_term_string\"}}],\"inLanguage\":\"nb-NO\"}]}<\/script>\n<!-- \/ Yoast SEO plugin. -->","yoast_head_json":{"title":"Stena Scandinavica\u2503N\u00e5v\u00e6rende plassering og posisjon til Stena Line","description":"Stena Scandinavica \u2693 N\u00e5v\u00e6rende plassering og posisjon til Stena Scandinavica \u2713 Cruise Ship Tracker \u2713 Live Ship Tracker \u2713 Stena Line ferge","robots":{"index":"index","follow":"follow","max-snippet":"max-snippet:-1","max-image-preview":"max-image-preview:large","max-video-preview":"max-video-preview:-1"},"canonical":"https:\/\/ship-tracker.org\/nb\/stena-scandinavica\/","og_locale":"nb_NO","og_type":"article","og_title":"Stena Scandinavica\u2503Current location and position of Stena Line","og_description":"Stena Scandinavica \u2693 Current location and position of Stena Scandinavica \u2713 Cruise Ship Tracker \u2713 Live Ship Tracker \u2713 Stena Line ferry","og_url":"https:\/\/ship-tracker.org\/nb\/stena-scandinavica\/","og_site_name":"Ship-tracker.org","article_modified_time":"2022-10-27T14:10:02+00:00","og_image":[{"width":638,"height":250,"url":"https:\/\/ship-tracker.org\/wp-content\/uploads\/2020\/05\/stena_germanica_supergreen_1280x502px.jpg","type":"image\/jpeg"}],"twitter_card":"summary_large_image","twitter_misc":{"Ansl. lesetid":"1 minutt"},"schema":{"@context":"https:\/\/schema.org","@graph":[{"@type":"WebPage","@id":"https:\/\/ship-tracker.org\/stena-scandinavica\/","url":"https:\/\/ship-tracker.org\/stena-scandinavica\/","name":"Stena Scandinavica\u2503N\u00e5v\u00e6rende plassering og posisjon til Stena Line","isPartOf":{"@id":"https:\/\/ship-tracker.org\/#website"},"primaryImageOfPage":{"@id":"https:\/\/ship-tracker.org\/stena-scandinavica\/#primaryimage"},"image":{"@id":"https:\/\/ship-tracker.org\/stena-scandinavica\/#primaryimage"},"thumbnailUrl":"https:\/\/ship-tracker.org\/wp-content\/uploads\/2020\/05\/stena_germanica_supergreen_1280x502px.jpg","datePublished":"2020-05-12T14:22:13+00:00","dateModified":"2022-10-27T14:10:02+00:00","description":"Stena Scandinavica \u2693 N\u00e5v\u00e6rende plassering og posisjon til Stena Scandinavica \u2713 Cruise Ship Tracker \u2713 Live Ship Tracker \u2713 Stena Line ferge","breadcrumb":{"@id":"https:\/\/ship-tracker.org\/stena-scandinavica\/#breadcrumb"},"inLanguage":"nb-NO","potentialAction":[{"@type":"ReadAction","target":["https:\/\/ship-tracker.org\/stena-scandinavica\/"]}]},{"@type":"ImageObject","inLanguage":"nb-NO","@id":"https:\/\/ship-tracker.org\/stena-scandinavica\/#primaryimage","url":"https:\/\/ship-tracker.org\/wp-content\/uploads\/2020\/05\/stena_germanica_supergreen_1280x502px.jpg","contentUrl":"https:\/\/ship-tracker.org\/wp-content\/uploads\/2020\/05\/stena_germanica_supergreen_1280x502px.jpg","width":638,"height":250,"caption":"Stena Horizon"},{"@type":"BreadcrumbList","@id":"https:\/\/ship-tracker.org\/stena-scandinavica\/#breadcrumb","itemListElement":[{"@type":"ListItem","position":1,"name":"Startseite","item":"https:\/\/ship-tracker.org\/"},{"@type":"ListItem","position":2,"name":"Stena Scandinavica"}]},{"@type":"WebSite","@id":"https:\/\/ship-tracker.org\/#website","url":"https:\/\/ship-tracker.org\/","name":"Ship-tracker.org","description":"","potentialAction":[{"@type":"SearchAction","target":{"@type":"EntryPoint","urlTemplate":"https:\/\/ship-tracker.org\/?s={search_term_string}"},"query-input":{"@type":"PropertyValueSpecification","valueRequired":true,"valueName":"search_term_string"}}],"inLanguage":"nb-NO"}]}},"_links":{"self":[{"href":"https:\/\/ship-tracker.org\/nb\/wp-json\/wp\/v2\/pages\/2871","targetHints":{"allow":["GET"]}}],"collection":[{"href":"https:\/\/ship-tracker.org\/nb\/wp-json\/wp\/v2\/pages"}],"about":[{"href":"https:\/\/ship-tracker.org\/nb\/wp-json\/wp\/v2\/types\/page"}],"author":[{"embeddable":true,"href":"https:\/\/ship-tracker.org\/nb\/wp-json\/wp\/v2\/users\/1"}],"replies":[{"embeddable":true,"href":"https:\/\/ship-tracker.org\/nb\/wp-json\/wp\/v2\/comments?post=2871"}],"version-history":[{"count":3,"href":"https:\/\/ship-tracker.org\/nb\/wp-json\/wp\/v2\/pages\/2871\/revisions"}],"predecessor-version":[{"id":2986,"href":"https:\/\/ship-tracker.org\/nb\/wp-json\/wp\/v2\/pages\/2871\/revisions\/2986"}],"wp:featuredmedia":[{"embeddable":true,"href":"https:\/\/ship-tracker.org\/nb\/wp-json\/wp\/v2\/media\/2869"}],"wp:attachment":[{"href":"https:\/\/ship-tracker.org\/nb\/wp-json\/wp\/v2\/media?parent=2871"}],"curies":[{"name":"wp","href":"https:\/\/api.w.org\/{rel}","templated":true}]}}