{"id":2642,"date":"2020-05-09T15:35:14","date_gmt":"2020-05-09T13:35:14","guid":{"rendered":"https:\/\/ship-tracker.org\/?page_id=2642"},"modified":"2022-10-27T15:29:27","modified_gmt":"2022-10-27T13:29:27","slug":"britannia","status":"publish","type":"page","link":"https:\/\/ship-tracker.org\/nb\/britannia\/","title":{"rendered":"Britannia"},"content":{"rendered":"<p><script async src=\"https:\/\/pagead2.googlesyndication.com\/pagead\/js\/adsbygoogle.js\"><span data-mce-type=\"bookmark\" style=\"display: inline-block; width: 0px; overflow: hidden; line-height: 0;\" class=\"mce_SELRES_start\">\ufeff<\/span><\/script><br \/>\n<!-- Ship-Tracker Display --><br \/>\n<ins class=\"adsbygoogle\" style=\"display: block;\" data-ad-client=\"ca-pub-1316785063791781\" data-ad-slot=\"8075999632\" data-ad-format=\"auto\" data-full-width-responsive=\"true\"><\/ins><br \/>\n<script>\n     (adsbygoogle = window.adsbygoogle || []).push({});\n<\/script><\/p>\n<h2><span style=\"color: #000000;\">N\u00e5v\u00e6rende plassering og <\/span><span style=\"color: #000000;\">stilling til Britannia<\/span><\/h2>\n<p>Hvor er den n\u00e5v\u00e6rende posisjonen til Britannia n\u00e5?<br \/>\n<script async src=\"https:\/\/pagead2.googlesyndication.com\/pagead\/js\/adsbygoogle.js\"><\/script><br \/>\n<!-- Schip-Tracker Linkanzeigen --><br \/>\n<ins class=\"adsbygoogle\" style=\"display: block;\" data-ad-client=\"ca-pub-1316785063791781\" data-ad-slot=\"3429004156\" data-ad-format=\"link\" data-full-width-responsive=\"true\"><\/ins><br \/>\n<script>\n     (adsbygoogle = window.adsbygoogle || []).push({});\n<\/script><br \/>\n<script type=\"text\/javascript\">\n  var width=\"100%\";var height=\"400\";\n  var mmsi=235106595;\n<\/script><script type=\"text\/javascript\" src=\"https:\/\/www.vesselfinder.com\/aismap.js\"><\/script><br \/>\n<script async src=\"https:\/\/pagead2.googlesyndication.com\/pagead\/js\/adsbygoogle.js\"><\/script><br \/>\n<!-- Ship-Tracker Display --><br \/>\n<ins class=\"adsbygoogle\" style=\"display: block;\" data-ad-client=\"ca-pub-1316785063791781\" data-ad-slot=\"8075999632\" data-ad-format=\"auto\" data-full-width-responsive=\"true\"><\/ins><br \/>\n<script>\n     (adsbygoogle = window.adsbygoogle || []).push({});\n<\/script><\/p>\n<p>Se Britannias n\u00e5v\u00e6rende plassering. Posisjonen til Britannia kan bestemmes n\u00f8yaktig av kartene over Schiffsradar og MarineTraffic. S\u00e5 du er alltid godt informert om hvor favorittskipet ditt er for \u00f8yeblikket.<\/p>\n<h2 class=\"title\"><span style=\"color: #000000;\">Britannia anmeldelse og spesifikasjoner<\/span><\/h2>\n<table style=\"height: 294px;\" width=\"400\">\n<tbody>\n<tr>\n<td style=\"width: 192px;\"><span style=\"color: #000000;\"><strong>Flaggstat<\/strong><\/span><\/td>\n<td style=\"width: 192px;\"><span style=\"color: #000000;\">Storbritannia<\/span><\/td>\n<\/tr>\n<tr>\n<td style=\"width: 192px;\"><span style=\"color: #000000;\"><strong>Bygge\u00e5r<\/strong><\/span><\/td>\n<td style=\"width: 192px;\"><span style=\"color: #000000;\">2015 \u00a0<\/span><\/td>\n<\/tr>\n<tr>\n<td style=\"width: 192px;\"><span style=\"color: #000000;\"><strong>Bygger<\/strong><\/span><\/td>\n<td style=\"width: 192px;\"><span style=\"color: #000000;\">Fincantieri<\/span><\/td>\n<\/tr>\n<tr>\n<td style=\"width: 192px;\"><span style=\"color: #000000;\"><strong>Lengde<\/strong><\/span><\/td>\n<td style=\"width: 192px;\"><span style=\"color: #000000;\"><span class=\"specificationUnit\">330 m<\/span><\/span><\/td>\n<\/tr>\n<tr>\n<td style=\"width: 192px;\"><span style=\"color: #000000;\"><strong>Str\u00e5le<\/strong><\/span><\/td>\n<td style=\"width: 192px;\"><span style=\"color: #000000;\"><span class=\"specificationUnit\">47 m<\/span><\/span><\/td>\n<\/tr>\n<tr>\n<td style=\"width: 192px;\"><span style=\"color: #000000;\"><strong>Bruttotonn<\/strong><\/span><\/td>\n<td style=\"width: 192px;\"><span style=\"color: #000000;\"><span class=\"specificationUnit\">143730 gt<\/span><\/span><\/td>\n<\/tr>\n<tr>\n<td style=\"width: 192px;\"><span style=\"color: #000000;\"><strong>Passasjerer<\/strong><\/span><\/td>\n<td style=\"width: 192px;\"><span style=\"color: #000000;\">3650\u20134400<\/span><\/td>\n<\/tr>\n<tr>\n<td style=\"width: 192px;\"><span style=\"color: #000000;\"><strong>Mannskap<\/strong><\/span><\/td>\n<td style=\"width: 192px;\"><span style=\"color: #000000;\">1350<\/span><\/td>\n<\/tr>\n<tr>\n<td style=\"width: 192px;\"><span style=\"color: #000000;\"><strong>Dekk<\/strong>\u00a0<\/span><\/td>\n<td style=\"width: 192px;\"><span style=\"color: #000000;\">18<\/span><\/td>\n<\/tr>\n<tr>\n<td style=\"width: 192px;\"><span style=\"color: #000000;\"><strong>Hastighet<\/strong><\/span><\/td>\n<td style=\"width: 192px;\"><span style=\"color: #000000;\"><span class=\"specificationUnit\">22 kn<\/span><\/span><\/td>\n<\/tr>\n<tr>\n<td style=\"width: 192px;\"><span style=\"color: #000000;\"><strong><b>Eieren<\/b><\/strong><\/span><\/td>\n<td style=\"width: 192px;\"><a href=\"https:\/\/ship-tracker.org\/nb\/po-cruises\/\"><span style=\"color: #000000;\">P&amp;O Cruises<\/span><\/a><\/td>\n<\/tr>\n<\/tbody>\n<\/table>\n<h3 class=\"title\">P&amp;O Cruises fl\u00e5te<\/h3>\n<ul>\n<li><a href=\"https:\/\/ship-tracker.org\/nb\/iona\/\">Iona<\/a><\/li>\n<li><a href=\"https:\/\/ship-tracker.org\/nb\/azura\/\">Azura<\/a><\/li>\n<li><a href=\"https:\/\/ship-tracker.org\/nb\/ventura\/\">Ventura<\/a><\/li>\n<li><a href=\"https:\/\/ship-tracker.org\/nb\/arcadia\/\">Arcadia<\/a><\/li>\n<li><a href=\"https:\/\/ship-tracker.org\/nb\/oceana\/\">Oceana<\/a><\/li>\n<li><a href=\"https:\/\/ship-tracker.org\/nb\/aurora\/\">Aurora<\/a><\/li>\n<li><a href=\"https:\/\/ship-tracker.org\/nb\/pacific-explorer\/\">Pacific Explorer<\/a><\/li>\n<li><a href=\"https:\/\/ship-tracker.org\/nb\/pacific-aria\/\">Stillehavs-aria<\/a><\/li>\n<li><a href=\"https:\/\/ship-tracker.org\/nb\/pacific-dawn\/\">Pacific Dawn<\/a><\/li>\n<\/ul>\n<p><script async src=\"https:\/\/pagead2.googlesyndication.com\/pagead\/js\/adsbygoogle.js\"><\/script><br \/>\n<!-- Schip-Tracker Linkanzeigen --><br \/>\n<ins class=\"adsbygoogle\" style=\"display: block;\" data-ad-client=\"ca-pub-1316785063791781\" data-ad-slot=\"3429004156\" data-ad-format=\"link\" data-full-width-responsive=\"true\"><\/ins><br \/>\n<script>\n     (adsbygoogle = window.adsbygoogle || []).push({});\n<\/script><\/p>\n<h4><span style=\"color: #000000;\">Britannia video<\/span><\/h4>\n<div class=\"su-youtube su-u-responsive-media-yes\"><iframe loading=\"lazy\" width=\"600\" height=\"400\" src=\"https:\/\/www.youtube.com\/embed\/x105638Hxs4?\" frameborder=\"0\" allowfullscreen allow=\"autoplay; encrypted-media; picture-in-picture\" title=\"\"><\/iframe><\/div>","protected":false},"excerpt":{"rendered":"<p>N\u00e5v\u00e6rende plassering og posisjon til Britannia Hvor er den n\u00e5v\u00e6rende posisjonen til Britannia for \u00f8yeblikket? Se Britannias n\u00e5v\u00e6rende plassering. Posisjonen til Britannia kan bestemmes n\u00f8yaktig av kartene over Schiffsradar og MarineTraffic. S\u00e5 du er alltid godt informert om hvor favorittskipet ditt er for \u00f8yeblikket. Britannia anmeldelse og spesifikasjoner Flaggstat Storbritannia Bygge\u00e5r...&nbsp;<a href=\"https:\/\/ship-tracker.org\/nb\/britannia\/\" rel=\"bookmark\">Les mer \u00bb<span class=\"screen-reader-text\">Britannia<\/span><\/a><\/p>","protected":false},"author":1,"featured_media":746,"parent":0,"menu_order":0,"comment_status":"closed","ping_status":"closed","template":"","meta":{"neve_meta_sidebar":"","neve_meta_container":"","neve_meta_enable_content_width":"","neve_meta_content_width":0,"neve_meta_title_alignment":"","neve_meta_author_avatar":"","neve_post_elements_order":"","neve_meta_disable_header":"","neve_meta_disable_footer":"","neve_meta_disable_title":"","neve_meta_reading_time":"","footnotes":""},"class_list":["post-2642","page","type-page","status-publish","has-post-thumbnail","hentry"],"yoast_head":"<!-- This site is optimized with the Yoast SEO plugin v27.4 - https:\/\/yoast.com\/product\/yoast-seo-wordpress\/ -->\n<title>Britannia\u2503Current location and position of P&amp;O Cruises<\/title>\n<meta name=\"description\" content=\"Britannia \u2693 Current location and position of Britannia \u2713 Cruise Ship Tracker \u2713 Live Ship Tracker \u2713 P&amp;O Cruises\" \/>\n<meta name=\"robots\" content=\"index, follow, max-snippet:-1, max-image-preview:large, max-video-preview:-1\" \/>\n<link rel=\"canonical\" href=\"https:\/\/ship-tracker.org\/nb\/britannia\/\" \/>\n<meta property=\"og:locale\" content=\"nb_NO\" \/>\n<meta property=\"og:type\" content=\"article\" \/>\n<meta property=\"og:title\" content=\"Britannia\u2503Current location and position of P&amp;O Cruises\" \/>\n<meta property=\"og:description\" content=\"Britannia \u2693 Current location and position of Britannia \u2713 Cruise Ship Tracker \u2713 Live Ship Tracker \u2713 P&amp;O Cruises\" \/>\n<meta property=\"og:url\" content=\"https:\/\/ship-tracker.org\/nb\/britannia\/\" \/>\n<meta property=\"og:site_name\" content=\"Ship-tracker.org\" \/>\n<meta property=\"article:modified_time\" content=\"2022-10-27T13:29:27+00:00\" \/>\n<meta property=\"og:image\" content=\"https:\/\/ship-tracker.org\/wp-content\/uploads\/2019\/03\/cruise-ship-615116_640-1.jpg\" \/>\n\t<meta property=\"og:image:width\" content=\"640\" \/>\n\t<meta property=\"og:image:height\" content=\"357\" \/>\n\t<meta property=\"og:image:type\" content=\"image\/jpeg\" \/>\n<meta name=\"twitter:card\" content=\"summary_large_image\" \/>\n<meta name=\"twitter:label1\" content=\"Ansl. lesetid\" \/>\n\t<meta name=\"twitter:data1\" content=\"1 minutt\" \/>\n<script type=\"application\/ld+json\" class=\"yoast-schema-graph\">{\"@context\":\"https:\\\/\\\/schema.org\",\"@graph\":[{\"@type\":\"WebPage\",\"@id\":\"https:\\\/\\\/ship-tracker.org\\\/britannia\\\/\",\"url\":\"https:\\\/\\\/ship-tracker.org\\\/britannia\\\/\",\"name\":\"Britannia\u2503Current location and position of P&O Cruises\",\"isPartOf\":{\"@id\":\"https:\\\/\\\/ship-tracker.org\\\/#website\"},\"primaryImageOfPage\":{\"@id\":\"https:\\\/\\\/ship-tracker.org\\\/britannia\\\/#primaryimage\"},\"image\":{\"@id\":\"https:\\\/\\\/ship-tracker.org\\\/britannia\\\/#primaryimage\"},\"thumbnailUrl\":\"https:\\\/\\\/ship-tracker.org\\\/wp-content\\\/uploads\\\/2019\\\/03\\\/cruise-ship-615116_640-1.jpg\",\"datePublished\":\"2020-05-09T13:35:14+00:00\",\"dateModified\":\"2022-10-27T13:29:27+00:00\",\"description\":\"Britannia \u2693 Current location and position of Britannia \u2713 Cruise Ship Tracker \u2713 Live Ship Tracker \u2713 P&O Cruises\",\"breadcrumb\":{\"@id\":\"https:\\\/\\\/ship-tracker.org\\\/britannia\\\/#breadcrumb\"},\"inLanguage\":\"nb-NO\",\"potentialAction\":[{\"@type\":\"ReadAction\",\"target\":[\"https:\\\/\\\/ship-tracker.org\\\/britannia\\\/\"]}]},{\"@type\":\"ImageObject\",\"inLanguage\":\"nb-NO\",\"@id\":\"https:\\\/\\\/ship-tracker.org\\\/britannia\\\/#primaryimage\",\"url\":\"https:\\\/\\\/ship-tracker.org\\\/wp-content\\\/uploads\\\/2019\\\/03\\\/cruise-ship-615116_640-1.jpg\",\"contentUrl\":\"https:\\\/\\\/ship-tracker.org\\\/wp-content\\\/uploads\\\/2019\\\/03\\\/cruise-ship-615116_640-1.jpg\",\"width\":640,\"height\":357,\"caption\":\"EVER GIVEN\"},{\"@type\":\"BreadcrumbList\",\"@id\":\"https:\\\/\\\/ship-tracker.org\\\/britannia\\\/#breadcrumb\",\"itemListElement\":[{\"@type\":\"ListItem\",\"position\":1,\"name\":\"Startseite\",\"item\":\"https:\\\/\\\/ship-tracker.org\\\/\"},{\"@type\":\"ListItem\",\"position\":2,\"name\":\"Britannia\"}]},{\"@type\":\"WebSite\",\"@id\":\"https:\\\/\\\/ship-tracker.org\\\/#website\",\"url\":\"https:\\\/\\\/ship-tracker.org\\\/\",\"name\":\"Ship-tracker.org\",\"description\":\"\",\"potentialAction\":[{\"@type\":\"SearchAction\",\"target\":{\"@type\":\"EntryPoint\",\"urlTemplate\":\"https:\\\/\\\/ship-tracker.org\\\/?s={search_term_string}\"},\"query-input\":{\"@type\":\"PropertyValueSpecification\",\"valueRequired\":true,\"valueName\":\"search_term_string\"}}],\"inLanguage\":\"nb-NO\"}]}<\/script>\n<!-- \/ Yoast SEO plugin. -->","yoast_head_json":{"title":"Britannia\u2503N\u00e5v\u00e6rende plassering og posisjon til P&amp;O Cruises","description":"Britannia \u2693 N\u00e5v\u00e6rende plassering og posisjon til Britannia \u2713 Cruiseship Tracker \u2713 Live Ship Tracker \u2713 P&amp;O Cruises","robots":{"index":"index","follow":"follow","max-snippet":"max-snippet:-1","max-image-preview":"max-image-preview:large","max-video-preview":"max-video-preview:-1"},"canonical":"https:\/\/ship-tracker.org\/nb\/britannia\/","og_locale":"nb_NO","og_type":"article","og_title":"Britannia\u2503Current location and position of P&O Cruises","og_description":"Britannia \u2693 Current location and position of Britannia \u2713 Cruise Ship Tracker \u2713 Live Ship Tracker \u2713 P&O Cruises","og_url":"https:\/\/ship-tracker.org\/nb\/britannia\/","og_site_name":"Ship-tracker.org","article_modified_time":"2022-10-27T13:29:27+00:00","og_image":[{"width":640,"height":357,"url":"https:\/\/ship-tracker.org\/wp-content\/uploads\/2019\/03\/cruise-ship-615116_640-1.jpg","type":"image\/jpeg"}],"twitter_card":"summary_large_image","twitter_misc":{"Ansl. lesetid":"1 minutt"},"schema":{"@context":"https:\/\/schema.org","@graph":[{"@type":"WebPage","@id":"https:\/\/ship-tracker.org\/britannia\/","url":"https:\/\/ship-tracker.org\/britannia\/","name":"Britannia\u2503N\u00e5v\u00e6rende plassering og posisjon til P&amp;O Cruises","isPartOf":{"@id":"https:\/\/ship-tracker.org\/#website"},"primaryImageOfPage":{"@id":"https:\/\/ship-tracker.org\/britannia\/#primaryimage"},"image":{"@id":"https:\/\/ship-tracker.org\/britannia\/#primaryimage"},"thumbnailUrl":"https:\/\/ship-tracker.org\/wp-content\/uploads\/2019\/03\/cruise-ship-615116_640-1.jpg","datePublished":"2020-05-09T13:35:14+00:00","dateModified":"2022-10-27T13:29:27+00:00","description":"Britannia \u2693 N\u00e5v\u00e6rende plassering og posisjon til Britannia \u2713 Cruiseship Tracker \u2713 Live Ship Tracker \u2713 P&amp;O Cruises","breadcrumb":{"@id":"https:\/\/ship-tracker.org\/britannia\/#breadcrumb"},"inLanguage":"nb-NO","potentialAction":[{"@type":"ReadAction","target":["https:\/\/ship-tracker.org\/britannia\/"]}]},{"@type":"ImageObject","inLanguage":"nb-NO","@id":"https:\/\/ship-tracker.org\/britannia\/#primaryimage","url":"https:\/\/ship-tracker.org\/wp-content\/uploads\/2019\/03\/cruise-ship-615116_640-1.jpg","contentUrl":"https:\/\/ship-tracker.org\/wp-content\/uploads\/2019\/03\/cruise-ship-615116_640-1.jpg","width":640,"height":357,"caption":"EVER GIVEN"},{"@type":"BreadcrumbList","@id":"https:\/\/ship-tracker.org\/britannia\/#breadcrumb","itemListElement":[{"@type":"ListItem","position":1,"name":"Startseite","item":"https:\/\/ship-tracker.org\/"},{"@type":"ListItem","position":2,"name":"Britannia"}]},{"@type":"WebSite","@id":"https:\/\/ship-tracker.org\/#website","url":"https:\/\/ship-tracker.org\/","name":"Ship-tracker.org","description":"","potentialAction":[{"@type":"SearchAction","target":{"@type":"EntryPoint","urlTemplate":"https:\/\/ship-tracker.org\/?s={search_term_string}"},"query-input":{"@type":"PropertyValueSpecification","valueRequired":true,"valueName":"search_term_string"}}],"inLanguage":"nb-NO"}]}},"_links":{"self":[{"href":"https:\/\/ship-tracker.org\/nb\/wp-json\/wp\/v2\/pages\/2642","targetHints":{"allow":["GET"]}}],"collection":[{"href":"https:\/\/ship-tracker.org\/nb\/wp-json\/wp\/v2\/pages"}],"about":[{"href":"https:\/\/ship-tracker.org\/nb\/wp-json\/wp\/v2\/types\/page"}],"author":[{"embeddable":true,"href":"https:\/\/ship-tracker.org\/nb\/wp-json\/wp\/v2\/users\/1"}],"replies":[{"embeddable":true,"href":"https:\/\/ship-tracker.org\/nb\/wp-json\/wp\/v2\/comments?post=2642"}],"version-history":[{"count":3,"href":"https:\/\/ship-tracker.org\/nb\/wp-json\/wp\/v2\/pages\/2642\/revisions"}],"predecessor-version":[{"id":2687,"href":"https:\/\/ship-tracker.org\/nb\/wp-json\/wp\/v2\/pages\/2642\/revisions\/2687"}],"wp:featuredmedia":[{"embeddable":true,"href":"https:\/\/ship-tracker.org\/nb\/wp-json\/wp\/v2\/media\/746"}],"wp:attachment":[{"href":"https:\/\/ship-tracker.org\/nb\/wp-json\/wp\/v2\/media?parent=2642"}],"curies":[{"name":"wp","href":"https:\/\/api.w.org\/{rel}","templated":true}]}}