{"id":2606,"date":"2020-05-09T14:06:50","date_gmt":"2020-05-09T12:06:50","guid":{"rendered":"https:\/\/ship-tracker.org\/?page_id=2606"},"modified":"2022-11-01T13:55:44","modified_gmt":"2022-11-01T12:55:44","slug":"hapag-lloyd-cruises","status":"publish","type":"page","link":"https:\/\/ship-tracker.org\/nb\/hapag-lloyd-cruises\/","title":{"rendered":"Hapag-Lloyd Cruises"},"content":{"rendered":"<h2>Hapag-Lloyd Cruises fl\u00e5teplassering Skip, IMO-nummer, MMSI, webkameraer<\/h2>\n<p>Hvor er den n\u00e5v\u00e6rende posisjonen til Hapag-Lloyd Cruises Fleet for tiden?<\/p>\n<table style=\"border-collapse: collapse; width: 100%; height: 168px;\">\n<tbody>\n<tr style=\"height: 24px;\">\n<td style=\"width: 457px; height: 24px;\"><span style=\"color: #1f405b;\"><strong>Skip<\/strong><\/span><\/td>\n<td style=\"width: 456px; height: 24px;\"><span style=\"color: #1f405b;\"><strong>IMO<\/strong><\/span><\/td>\n<td style=\"width: 456px; height: 24px;\"><span style=\"color: #1f405b;\"><strong>MMSI<\/strong><\/span><\/td>\n<\/tr>\n<tr style=\"height: 24px;\">\n<td style=\"width: 457px; height: 24px;\"><a href=\"https:\/\/ship-tracker.org\/nb\/hanseatic-spirit\/\">Hanseatiske \u00e5nd<\/a><\/td>\n<td style=\"width: 456px; height: 24px;\">9857640<\/td>\n<td style=\"width: 456px; height: 24px;\">215973000<\/td>\n<\/tr>\n<tr style=\"height: 24px;\">\n<td style=\"width: 457px; height: 24px;\"><a href=\"https:\/\/ship-tracker.org\/nb\/hanseatic-inspiration\/\">Hanseatisk inspirasjon<\/a><\/td>\n<td style=\"width: 456px; height: 24px;\">9817145<\/td>\n<td style=\"width: 456px; height: 24px;\">311000910<\/td>\n<\/tr>\n<tr style=\"height: 24px;\">\n<td style=\"width: 457px; height: 24px;\"><a href=\"https:\/\/ship-tracker.org\/nb\/hanseatic-nature\/\">Hanseatiske natur<\/a><\/td>\n<td style=\"width: 456px; height: 24px;\">9817133<\/td>\n<td style=\"width: 456px; height: 24px;\">311000865<\/td>\n<\/tr>\n<tr style=\"height: 24px;\">\n<td style=\"width: 457px; height: 24px;\"><a href=\"https:\/\/ship-tracker.org\/nb\/ms-europa\/\">MS Europa\u00a0<\/a><\/td>\n<td style=\"width: 456px; height: 24px;\">9183855<\/td>\n<td style=\"width: 456px; height: 24px;\">308007000<\/td>\n<\/tr>\n<tr style=\"height: 24px;\">\n<td style=\"width: 457px; height: 24px;\"><a href=\"https:\/\/ship-tracker.org\/nb\/ms-europa-2\/\">MS Europa 2<\/a><\/td>\n<td style=\"width: 456px; height: 24px;\">9616230<\/td>\n<td style=\"width: 456px; height: 24px;\">229378000<\/td>\n<\/tr>\n<\/tbody>\n<\/table>\n<h2>Om Hapag-Lloyd Cruises<\/h2>\n<p>Hapag Lloyd Cruises tilbyr ikke skip for massemarkedet, men spesialiserer seg p\u00e5 luksus- og ekspedisjonscruise. Rederiet satser fortsatt p\u00e5 det tyske markedet, til tross for \u00f8kningen i utenlandske passasjerer. Hapag Lloyds fl\u00e5te best\u00e5r i dag av fire cruiseskip. I 2019 vil ytterligere to ekspedisjonsskip bli satt i drift. Skipene i fl\u00e5ten tilbyr hver for seg relativt f\u00e5 seter for passasjerer, noe som har den fordelen at den enkelte passasjer tilbys mer p\u00e5 ekspedisjonscruise.<\/p>\n<p>Hapag Lloyds cruisefl\u00e5te best\u00e5r av fire skip og vil bli utvidet til seks skip i 2019, da to nybygg i luksusekspedisjonssegmentet skal settes i drift i l\u00f8pet av disse to \u00e5rene. Generelt tilbyr skipene plass til f\u00e5 passasjerer og er ogs\u00e5 designet for ekspedisjoner i stedet for massemarkedet. De enkelte skipene i fl\u00e5ten har alle en meget h\u00f8y isklasse, slik at destinasjoner som Arktis eller Antarktis ogs\u00e5 kan n\u00e5s.<\/p>","protected":false},"excerpt":{"rendered":"<p>Hapag-Lloyd Cruises Fleet Plassering Skip, IMO-nummer, MMSI, Webkameraer Hvor er den n\u00e5v\u00e6rende posisjonen til Hapag-Lloyd Cruises Fleet for tiden? Send IMO Hanseatic Spirit 9857640 215973000 Hanseatic Inspiration 9817145 311000910 Hanseatic Nature 9817133 311000865 MS Europa 9183855 3080007145 308000702 Omtrent 3080007002 H 3002 H 302 3002 H 3002 3002 -Lloyd Cruises Hapag Lloyd Cruises tilbyr ikke skip for...&nbsp;<a href=\"https:\/\/ship-tracker.org\/nb\/hapag-lloyd-cruises\/\" rel=\"bookmark\">Les mer \u00bb<span class=\"screen-reader-text\">Hapag-Lloyd Cruises<\/span><\/a><\/p>","protected":false},"author":1,"featured_media":2607,"parent":0,"menu_order":0,"comment_status":"closed","ping_status":"closed","template":"","meta":{"neve_meta_sidebar":"","neve_meta_container":"","neve_meta_enable_content_width":"","neve_meta_content_width":0,"neve_meta_title_alignment":"","neve_meta_author_avatar":"","neve_post_elements_order":"","neve_meta_disable_header":"","neve_meta_disable_footer":"","neve_meta_disable_title":"","neve_meta_reading_time":"","footnotes":""},"class_list":["post-2606","page","type-page","status-publish","has-post-thumbnail","hentry"],"yoast_head":"<!-- This site is optimized with the Yoast SEO plugin v26.9 - https:\/\/yoast.com\/product\/yoast-seo-wordpress\/ -->\n<title>Track Hapag-Lloyd Cruises Fleet | Cruise Ships | Marine Vessel<\/title>\n<meta name=\"description\" content=\"Hapag-Lloyd Cruises Fleet Location | Current Positions of Hapag-Lloyd Cruises Ships, IMO numbers, MMSI, Webcam | Live Fleet Maps\" \/>\n<meta name=\"robots\" content=\"index, follow, max-snippet:-1, max-image-preview:large, max-video-preview:-1\" \/>\n<link rel=\"canonical\" href=\"https:\/\/ship-tracker.org\/nb\/hapag-lloyd-cruises\/\" \/>\n<meta property=\"og:locale\" content=\"nb_NO\" \/>\n<meta property=\"og:type\" content=\"article\" \/>\n<meta property=\"og:title\" content=\"Track Hapag-Lloyd Cruises Fleet | Cruise Ships | Marine Vessel\" \/>\n<meta property=\"og:description\" content=\"Hapag-Lloyd Cruises Fleet Location | Current Positions of Hapag-Lloyd Cruises Ships, IMO numbers, MMSI, Webcam | Live Fleet Maps\" \/>\n<meta property=\"og:url\" content=\"https:\/\/ship-tracker.org\/nb\/hapag-lloyd-cruises\/\" \/>\n<meta property=\"og:site_name\" content=\"Ship-tracker.org\" \/>\n<meta property=\"article:modified_time\" content=\"2022-11-01T12:55:44+00:00\" \/>\n<meta property=\"og:image\" content=\"https:\/\/ship-tracker.org\/wp-content\/uploads\/2020\/05\/HL_Logo3.svg.png\" \/>\n\t<meta property=\"og:image:width\" content=\"1200\" \/>\n\t<meta property=\"og:image:height\" content=\"785\" \/>\n\t<meta property=\"og:image:type\" content=\"image\/png\" \/>\n<meta name=\"twitter:card\" content=\"summary_large_image\" \/>\n<meta name=\"twitter:label1\" content=\"Ansl. lesetid\" \/>\n\t<meta name=\"twitter:data1\" content=\"1 minutt\" \/>\n<script type=\"application\/ld+json\" class=\"yoast-schema-graph\">{\"@context\":\"https:\/\/schema.org\",\"@graph\":[{\"@type\":\"WebPage\",\"@id\":\"https:\/\/ship-tracker.org\/hapag-lloyd-cruises\/\",\"url\":\"https:\/\/ship-tracker.org\/hapag-lloyd-cruises\/\",\"name\":\"Track Hapag-Lloyd Cruises Fleet | Cruise Ships | Marine Vessel\",\"isPartOf\":{\"@id\":\"https:\/\/ship-tracker.org\/#website\"},\"primaryImageOfPage\":{\"@id\":\"https:\/\/ship-tracker.org\/hapag-lloyd-cruises\/#primaryimage\"},\"image\":{\"@id\":\"https:\/\/ship-tracker.org\/hapag-lloyd-cruises\/#primaryimage\"},\"thumbnailUrl\":\"https:\/\/ship-tracker.org\/wp-content\/uploads\/2020\/05\/HL_Logo3.svg.png\",\"datePublished\":\"2020-05-09T12:06:50+00:00\",\"dateModified\":\"2022-11-01T12:55:44+00:00\",\"description\":\"Hapag-Lloyd Cruises Fleet Location | Current Positions of Hapag-Lloyd Cruises Ships, IMO numbers, MMSI, Webcam | Live Fleet Maps\",\"breadcrumb\":{\"@id\":\"https:\/\/ship-tracker.org\/hapag-lloyd-cruises\/#breadcrumb\"},\"inLanguage\":\"nb-NO\",\"potentialAction\":[{\"@type\":\"ReadAction\",\"target\":[\"https:\/\/ship-tracker.org\/hapag-lloyd-cruises\/\"]}]},{\"@type\":\"ImageObject\",\"inLanguage\":\"nb-NO\",\"@id\":\"https:\/\/ship-tracker.org\/hapag-lloyd-cruises\/#primaryimage\",\"url\":\"https:\/\/ship-tracker.org\/wp-content\/uploads\/2020\/05\/HL_Logo3.svg.png\",\"contentUrl\":\"https:\/\/ship-tracker.org\/wp-content\/uploads\/2020\/05\/HL_Logo3.svg.png\",\"width\":1200,\"height\":785,\"caption\":\"Hapag-Lloyd Cruises\"},{\"@type\":\"BreadcrumbList\",\"@id\":\"https:\/\/ship-tracker.org\/hapag-lloyd-cruises\/#breadcrumb\",\"itemListElement\":[{\"@type\":\"ListItem\",\"position\":1,\"name\":\"Startseite\",\"item\":\"https:\/\/ship-tracker.org\/\"},{\"@type\":\"ListItem\",\"position\":2,\"name\":\"Hapag-Lloyd Cruises\"}]},{\"@type\":\"WebSite\",\"@id\":\"https:\/\/ship-tracker.org\/#website\",\"url\":\"https:\/\/ship-tracker.org\/\",\"name\":\"Ship-tracker.org\",\"description\":\"\",\"potentialAction\":[{\"@type\":\"SearchAction\",\"target\":{\"@type\":\"EntryPoint\",\"urlTemplate\":\"https:\/\/ship-tracker.org\/?s={search_term_string}\"},\"query-input\":{\"@type\":\"PropertyValueSpecification\",\"valueRequired\":true,\"valueName\":\"search_term_string\"}}],\"inLanguage\":\"nb-NO\"}]}<\/script>\n<!-- \/ Yoast SEO plugin. -->","yoast_head_json":{"title":"Spor Hapag-Lloyd Cruises Fleet | Cruiseskip | Marine fart\u00f8y","description":"Hapag-Lloyd Cruises Fleet Plassering | N\u00e5v\u00e6rende posisjoner til Hapag-Lloyd Cruises-skip, IMO-nummer, MMSI, webkamera | Live fl\u00e5tekart","robots":{"index":"index","follow":"follow","max-snippet":"max-snippet:-1","max-image-preview":"max-image-preview:large","max-video-preview":"max-video-preview:-1"},"canonical":"https:\/\/ship-tracker.org\/nb\/hapag-lloyd-cruises\/","og_locale":"nb_NO","og_type":"article","og_title":"Track Hapag-Lloyd Cruises Fleet | Cruise Ships | Marine Vessel","og_description":"Hapag-Lloyd Cruises Fleet Location | Current Positions of Hapag-Lloyd Cruises Ships, IMO numbers, MMSI, Webcam | Live Fleet Maps","og_url":"https:\/\/ship-tracker.org\/nb\/hapag-lloyd-cruises\/","og_site_name":"Ship-tracker.org","article_modified_time":"2022-11-01T12:55:44+00:00","og_image":[{"width":1200,"height":785,"url":"https:\/\/ship-tracker.org\/wp-content\/uploads\/2020\/05\/HL_Logo3.svg.png","type":"image\/png"}],"twitter_card":"summary_large_image","twitter_misc":{"Ansl. lesetid":"1 minutt"},"schema":{"@context":"https:\/\/schema.org","@graph":[{"@type":"WebPage","@id":"https:\/\/ship-tracker.org\/hapag-lloyd-cruises\/","url":"https:\/\/ship-tracker.org\/hapag-lloyd-cruises\/","name":"Spor Hapag-Lloyd Cruises Fleet | Cruiseskip | Marine fart\u00f8y","isPartOf":{"@id":"https:\/\/ship-tracker.org\/#website"},"primaryImageOfPage":{"@id":"https:\/\/ship-tracker.org\/hapag-lloyd-cruises\/#primaryimage"},"image":{"@id":"https:\/\/ship-tracker.org\/hapag-lloyd-cruises\/#primaryimage"},"thumbnailUrl":"https:\/\/ship-tracker.org\/wp-content\/uploads\/2020\/05\/HL_Logo3.svg.png","datePublished":"2020-05-09T12:06:50+00:00","dateModified":"2022-11-01T12:55:44+00:00","description":"Hapag-Lloyd Cruises Fleet Plassering | N\u00e5v\u00e6rende posisjoner til Hapag-Lloyd Cruises-skip, IMO-nummer, MMSI, webkamera | Live fl\u00e5tekart","breadcrumb":{"@id":"https:\/\/ship-tracker.org\/hapag-lloyd-cruises\/#breadcrumb"},"inLanguage":"nb-NO","potentialAction":[{"@type":"ReadAction","target":["https:\/\/ship-tracker.org\/hapag-lloyd-cruises\/"]}]},{"@type":"ImageObject","inLanguage":"nb-NO","@id":"https:\/\/ship-tracker.org\/hapag-lloyd-cruises\/#primaryimage","url":"https:\/\/ship-tracker.org\/wp-content\/uploads\/2020\/05\/HL_Logo3.svg.png","contentUrl":"https:\/\/ship-tracker.org\/wp-content\/uploads\/2020\/05\/HL_Logo3.svg.png","width":1200,"height":785,"caption":"Hapag-Lloyd Cruises"},{"@type":"BreadcrumbList","@id":"https:\/\/ship-tracker.org\/hapag-lloyd-cruises\/#breadcrumb","itemListElement":[{"@type":"ListItem","position":1,"name":"Startseite","item":"https:\/\/ship-tracker.org\/"},{"@type":"ListItem","position":2,"name":"Hapag-Lloyd Cruises"}]},{"@type":"WebSite","@id":"https:\/\/ship-tracker.org\/#website","url":"https:\/\/ship-tracker.org\/","name":"Ship-tracker.org","description":"","potentialAction":[{"@type":"SearchAction","target":{"@type":"EntryPoint","urlTemplate":"https:\/\/ship-tracker.org\/?s={search_term_string}"},"query-input":{"@type":"PropertyValueSpecification","valueRequired":true,"valueName":"search_term_string"}}],"inLanguage":"nb-NO"}]}},"_links":{"self":[{"href":"https:\/\/ship-tracker.org\/nb\/wp-json\/wp\/v2\/pages\/2606","targetHints":{"allow":["GET"]}}],"collection":[{"href":"https:\/\/ship-tracker.org\/nb\/wp-json\/wp\/v2\/pages"}],"about":[{"href":"https:\/\/ship-tracker.org\/nb\/wp-json\/wp\/v2\/types\/page"}],"author":[{"embeddable":true,"href":"https:\/\/ship-tracker.org\/nb\/wp-json\/wp\/v2\/users\/1"}],"replies":[{"embeddable":true,"href":"https:\/\/ship-tracker.org\/nb\/wp-json\/wp\/v2\/comments?post=2606"}],"version-history":[{"count":4,"href":"https:\/\/ship-tracker.org\/nb\/wp-json\/wp\/v2\/pages\/2606\/revisions"}],"predecessor-version":[{"id":3550,"href":"https:\/\/ship-tracker.org\/nb\/wp-json\/wp\/v2\/pages\/2606\/revisions\/3550"}],"wp:featuredmedia":[{"embeddable":true,"href":"https:\/\/ship-tracker.org\/nb\/wp-json\/wp\/v2\/media\/2607"}],"wp:attachment":[{"href":"https:\/\/ship-tracker.org\/nb\/wp-json\/wp\/v2\/media?parent=2606"}],"curies":[{"name":"wp","href":"https:\/\/api.w.org\/{rel}","templated":true}]}}