{"id":2595,"date":"2020-05-09T13:57:32","date_gmt":"2020-05-09T11:57:32","guid":{"rendered":"https:\/\/ship-tracker.org\/?page_id=2595"},"modified":"2022-10-27T16:04:14","modified_gmt":"2022-10-27T14:04:14","slug":"fred-olsen-cruise-lines","status":"publish","type":"page","link":"https:\/\/ship-tracker.org\/nb\/fred-olsen-cruise-lines\/","title":{"rendered":"Fred Olsen Cruise Line"},"content":{"rendered":"<h2>Fred Olsen Cruise Line Fleet Location Skip, IMO-nummer, MMSI, Webkameraer<\/h2>\n<p>Hvor er den n\u00e5v\u00e6rende posisjonen til Fred Olsen Cruise Line Fleet for tiden?<\/p>\n<table style=\"border-collapse: collapse; width: 100%; height: 168px;\">\n<tbody>\n<tr style=\"height: 24px;\">\n<td style=\"width: 33.3575%; height: 24px;\"><span style=\"color: #1f405b;\"><strong>Skip<\/strong><\/span><\/td>\n<td style=\"width: 33.285%; height: 24px;\"><span style=\"color: #1f405b;\"><strong>IMO<\/strong><\/span><\/td>\n<td style=\"width: 33.285%; height: 24px;\"><span style=\"color: #1f405b;\"><strong>MMSI<\/strong><\/span><\/td>\n<\/tr>\n<tr style=\"height: 24px;\">\n<td style=\"width: 33.3575%; height: 24px;\"><a href=\"https:\/\/ship-tracker.org\/nb\/braemar\/\">Braemar<\/a><\/td>\n<td style=\"width: 33.285%; height: 24px;\">9000699<\/td>\n<td style=\"width: 33.285%; height: 24px;\">311541000<\/td>\n<\/tr>\n<tr style=\"height: 24px;\">\n<td style=\"width: 33.3575%; height: 24px;\"><a href=\"https:\/\/ship-tracker.org\/nb\/balmoral\/\">Balmoral<\/a><\/td>\n<td style=\"width: 33.285%; height: 24px;\">8506294<\/td>\n<td style=\"width: 33.285%; height: 24px;\">308785000<\/td>\n<\/tr>\n<tr style=\"height: 24px;\">\n<td style=\"width: 33.3575%; height: 24px;\"><a href=\"https:\/\/ship-tracker.org\/nb\/boudicca\/\">Boudicca<\/a><\/td>\n<td style=\"width: 33.285%; height: 24px;\">7218395<\/td>\n<td style=\"width: 33.285%; height: 24px;\">309964000<\/td>\n<\/tr>\n<tr style=\"height: 24px;\">\n<td style=\"width: 33.3575%; height: 24px;\"><a href=\"https:\/\/ship-tracker.org\/nb\/black-watch\/\">Svart klokke<\/a><\/td>\n<td style=\"width: 33.285%; height: 24px;\">7108930<\/td>\n<td style=\"width: 33.285%; height: 24px;\">311166000<\/td>\n<\/tr>\n<tr style=\"height: 24px;\">\n<td style=\"width: 33.3575%; height: 24px;\"><a href=\"https:\/\/ship-tracker.org\/nb\/ms-brabant\/\">MS Brabant<\/a><\/td>\n<td style=\"width: 33.285%; height: 24px;\"><\/td>\n<td style=\"width: 33.285%; height: 24px;\">211171530<\/td>\n<\/tr>\n<\/tbody>\n<\/table>\n<h2>Om Fred Olsen Cruise Line<\/h2>\n<p>Fred Olsen Cruise Line er et norsk cruiserederi med fire skip. Selskapet har hovedkontor i Ipswich, Suffolk, Storbritannia, og eies av Bonheur og Ganger Rolf. Fred Olsen ble grunnlagt i 1848 i Hvitsten, en liten by ved Oslofjorden, av tre Olsen-br\u00f8dre, Petter, Andras og Fredrik Christian, som kj\u00f8pte sine f\u00f8rste skip og grunnla et internasjonalt rederi. I dag er linjen i 5. generasjon av familien og driver selskaper innen cruise- og passasjerfart, skipsbygging, luftfart og offshoreindustrien.<\/p>","protected":false},"excerpt":{"rendered":"<p>Fred Olsen Cruise Line Fleet Plassering Skip, IMO-nummer, MMSI, Webkameraer Hvor er den n\u00e5v\u00e6rende posisjonen til Fred Olsen Cruise Line Fleet for tiden? Send IMO MMSI Braemar 9000699 311541000 Balmoral 8506294 308785000 Boudicca 7218395 309964000 Black Watch 7108930 311166000 MS Fred Olsen Cruise Line 53117 Cruise Line er Fred Ol Brabant Cruise Line\u2026&nbsp;<a href=\"https:\/\/ship-tracker.org\/nb\/fred-olsen-cruise-lines\/\" rel=\"bookmark\">Les mer \u00bb<span class=\"screen-reader-text\">Fred Olsen Cruise Line<\/span><\/a><\/p>","protected":false},"author":1,"featured_media":2596,"parent":0,"menu_order":0,"comment_status":"closed","ping_status":"closed","template":"","meta":{"neve_meta_sidebar":"","neve_meta_container":"","neve_meta_enable_content_width":"","neve_meta_content_width":0,"neve_meta_title_alignment":"","neve_meta_author_avatar":"","neve_post_elements_order":"","neve_meta_disable_header":"","neve_meta_disable_footer":"","neve_meta_disable_title":"","neve_meta_reading_time":"","footnotes":""},"class_list":["post-2595","page","type-page","status-publish","has-post-thumbnail","hentry"],"yoast_head":"<!-- This site is optimized with the Yoast SEO plugin v26.9 - https:\/\/yoast.com\/product\/yoast-seo-wordpress\/ -->\n<title>Track Fred Olsen Cruise Lines Fleet | Cruise Ships | Marine Vessel<\/title>\n<meta name=\"description\" content=\"Fred Olsen Cruise Lines Fleet Location | Current Positions of Fred Olsen Cruise Lines Ships, IMO numbers, MMSI, Webcam | Live Fleet Maps\" \/>\n<meta name=\"robots\" content=\"index, follow, max-snippet:-1, max-image-preview:large, max-video-preview:-1\" \/>\n<link rel=\"canonical\" href=\"https:\/\/ship-tracker.org\/nb\/fred-olsen-cruise-lines\/\" \/>\n<meta property=\"og:locale\" content=\"nb_NO\" \/>\n<meta property=\"og:type\" content=\"article\" \/>\n<meta property=\"og:title\" content=\"Track Fred Olsen Cruise Lines Fleet | Cruise Ships | Marine Vessel\" \/>\n<meta property=\"og:description\" content=\"Fred Olsen Cruise Lines Fleet Location | Current Positions of Fred Olsen Cruise Lines Ships, IMO numbers, MMSI, Webcam | Live Fleet Maps\" \/>\n<meta property=\"og:url\" content=\"https:\/\/ship-tracker.org\/nb\/fred-olsen-cruise-lines\/\" \/>\n<meta property=\"og:site_name\" content=\"Ship-tracker.org\" \/>\n<meta property=\"article:modified_time\" content=\"2022-10-27T14:04:14+00:00\" \/>\n<meta property=\"og:image\" content=\"https:\/\/ship-tracker.org\/wp-content\/uploads\/2020\/05\/26.jpg\" \/>\n\t<meta property=\"og:image:width\" content=\"800\" \/>\n\t<meta property=\"og:image:height\" content=\"600\" \/>\n\t<meta property=\"og:image:type\" content=\"image\/jpeg\" \/>\n<meta name=\"twitter:card\" content=\"summary_large_image\" \/>\n<meta name=\"twitter:label1\" content=\"Ansl. lesetid\" \/>\n\t<meta name=\"twitter:data1\" content=\"1 minutt\" \/>\n<script type=\"application\/ld+json\" class=\"yoast-schema-graph\">{\"@context\":\"https:\/\/schema.org\",\"@graph\":[{\"@type\":\"WebPage\",\"@id\":\"https:\/\/ship-tracker.org\/fred-olsen-cruise-lines\/\",\"url\":\"https:\/\/ship-tracker.org\/fred-olsen-cruise-lines\/\",\"name\":\"Track Fred Olsen Cruise Lines Fleet | Cruise Ships | Marine Vessel\",\"isPartOf\":{\"@id\":\"https:\/\/ship-tracker.org\/#website\"},\"primaryImageOfPage\":{\"@id\":\"https:\/\/ship-tracker.org\/fred-olsen-cruise-lines\/#primaryimage\"},\"image\":{\"@id\":\"https:\/\/ship-tracker.org\/fred-olsen-cruise-lines\/#primaryimage\"},\"thumbnailUrl\":\"https:\/\/ship-tracker.org\/wp-content\/uploads\/2020\/05\/26.jpg\",\"datePublished\":\"2020-05-09T11:57:32+00:00\",\"dateModified\":\"2022-10-27T14:04:14+00:00\",\"description\":\"Fred Olsen Cruise Lines Fleet Location | Current Positions of Fred Olsen Cruise Lines Ships, IMO numbers, MMSI, Webcam | Live Fleet Maps\",\"breadcrumb\":{\"@id\":\"https:\/\/ship-tracker.org\/fred-olsen-cruise-lines\/#breadcrumb\"},\"inLanguage\":\"nb-NO\",\"potentialAction\":[{\"@type\":\"ReadAction\",\"target\":[\"https:\/\/ship-tracker.org\/fred-olsen-cruise-lines\/\"]}]},{\"@type\":\"ImageObject\",\"inLanguage\":\"nb-NO\",\"@id\":\"https:\/\/ship-tracker.org\/fred-olsen-cruise-lines\/#primaryimage\",\"url\":\"https:\/\/ship-tracker.org\/wp-content\/uploads\/2020\/05\/26.jpg\",\"contentUrl\":\"https:\/\/ship-tracker.org\/wp-content\/uploads\/2020\/05\/26.jpg\",\"width\":800,\"height\":600,\"caption\":\"Fred Olsen Cruise Lines\"},{\"@type\":\"BreadcrumbList\",\"@id\":\"https:\/\/ship-tracker.org\/fred-olsen-cruise-lines\/#breadcrumb\",\"itemListElement\":[{\"@type\":\"ListItem\",\"position\":1,\"name\":\"Startseite\",\"item\":\"https:\/\/ship-tracker.org\/\"},{\"@type\":\"ListItem\",\"position\":2,\"name\":\"Fred Olsen Cruise Line\"}]},{\"@type\":\"WebSite\",\"@id\":\"https:\/\/ship-tracker.org\/#website\",\"url\":\"https:\/\/ship-tracker.org\/\",\"name\":\"Ship-tracker.org\",\"description\":\"\",\"potentialAction\":[{\"@type\":\"SearchAction\",\"target\":{\"@type\":\"EntryPoint\",\"urlTemplate\":\"https:\/\/ship-tracker.org\/?s={search_term_string}\"},\"query-input\":{\"@type\":\"PropertyValueSpecification\",\"valueRequired\":true,\"valueName\":\"search_term_string\"}}],\"inLanguage\":\"nb-NO\"}]}<\/script>\n<!-- \/ Yoast SEO plugin. -->","yoast_head_json":{"title":"Spor Fred Olsen Cruise Lines Fleet | Cruiseskip | Marine fart\u00f8y","description":"Fred Olsen Cruise Lines Fleet Plassering | N\u00e5v\u00e6rende posisjoner til Fred Olsen Cruise Lines-skip, IMO-nummer, MMSI, webkamera | Live fl\u00e5tekart","robots":{"index":"index","follow":"follow","max-snippet":"max-snippet:-1","max-image-preview":"max-image-preview:large","max-video-preview":"max-video-preview:-1"},"canonical":"https:\/\/ship-tracker.org\/nb\/fred-olsen-cruise-lines\/","og_locale":"nb_NO","og_type":"article","og_title":"Track Fred Olsen Cruise Lines Fleet | Cruise Ships | Marine Vessel","og_description":"Fred Olsen Cruise Lines Fleet Location | Current Positions of Fred Olsen Cruise Lines Ships, IMO numbers, MMSI, Webcam | Live Fleet Maps","og_url":"https:\/\/ship-tracker.org\/nb\/fred-olsen-cruise-lines\/","og_site_name":"Ship-tracker.org","article_modified_time":"2022-10-27T14:04:14+00:00","og_image":[{"width":800,"height":600,"url":"https:\/\/ship-tracker.org\/wp-content\/uploads\/2020\/05\/26.jpg","type":"image\/jpeg"}],"twitter_card":"summary_large_image","twitter_misc":{"Ansl. lesetid":"1 minutt"},"schema":{"@context":"https:\/\/schema.org","@graph":[{"@type":"WebPage","@id":"https:\/\/ship-tracker.org\/fred-olsen-cruise-lines\/","url":"https:\/\/ship-tracker.org\/fred-olsen-cruise-lines\/","name":"Spor Fred Olsen Cruise Lines Fleet | Cruiseskip | Marine fart\u00f8y","isPartOf":{"@id":"https:\/\/ship-tracker.org\/#website"},"primaryImageOfPage":{"@id":"https:\/\/ship-tracker.org\/fred-olsen-cruise-lines\/#primaryimage"},"image":{"@id":"https:\/\/ship-tracker.org\/fred-olsen-cruise-lines\/#primaryimage"},"thumbnailUrl":"https:\/\/ship-tracker.org\/wp-content\/uploads\/2020\/05\/26.jpg","datePublished":"2020-05-09T11:57:32+00:00","dateModified":"2022-10-27T14:04:14+00:00","description":"Fred Olsen Cruise Lines Fleet Plassering | N\u00e5v\u00e6rende posisjoner til Fred Olsen Cruise Lines-skip, IMO-nummer, MMSI, webkamera | Live fl\u00e5tekart","breadcrumb":{"@id":"https:\/\/ship-tracker.org\/fred-olsen-cruise-lines\/#breadcrumb"},"inLanguage":"nb-NO","potentialAction":[{"@type":"ReadAction","target":["https:\/\/ship-tracker.org\/fred-olsen-cruise-lines\/"]}]},{"@type":"ImageObject","inLanguage":"nb-NO","@id":"https:\/\/ship-tracker.org\/fred-olsen-cruise-lines\/#primaryimage","url":"https:\/\/ship-tracker.org\/wp-content\/uploads\/2020\/05\/26.jpg","contentUrl":"https:\/\/ship-tracker.org\/wp-content\/uploads\/2020\/05\/26.jpg","width":800,"height":600,"caption":"Fred Olsen Cruise Lines"},{"@type":"BreadcrumbList","@id":"https:\/\/ship-tracker.org\/fred-olsen-cruise-lines\/#breadcrumb","itemListElement":[{"@type":"ListItem","position":1,"name":"Startseite","item":"https:\/\/ship-tracker.org\/"},{"@type":"ListItem","position":2,"name":"Fred Olsen Cruise Line"}]},{"@type":"WebSite","@id":"https:\/\/ship-tracker.org\/#website","url":"https:\/\/ship-tracker.org\/","name":"Ship-tracker.org","description":"","potentialAction":[{"@type":"SearchAction","target":{"@type":"EntryPoint","urlTemplate":"https:\/\/ship-tracker.org\/?s={search_term_string}"},"query-input":{"@type":"PropertyValueSpecification","valueRequired":true,"valueName":"search_term_string"}}],"inLanguage":"nb-NO"}]}},"_links":{"self":[{"href":"https:\/\/ship-tracker.org\/nb\/wp-json\/wp\/v2\/pages\/2595","targetHints":{"allow":["GET"]}}],"collection":[{"href":"https:\/\/ship-tracker.org\/nb\/wp-json\/wp\/v2\/pages"}],"about":[{"href":"https:\/\/ship-tracker.org\/nb\/wp-json\/wp\/v2\/types\/page"}],"author":[{"embeddable":true,"href":"https:\/\/ship-tracker.org\/nb\/wp-json\/wp\/v2\/users\/1"}],"replies":[{"embeddable":true,"href":"https:\/\/ship-tracker.org\/nb\/wp-json\/wp\/v2\/comments?post=2595"}],"version-history":[{"count":2,"href":"https:\/\/ship-tracker.org\/nb\/wp-json\/wp\/v2\/pages\/2595\/revisions"}],"predecessor-version":[{"id":2703,"href":"https:\/\/ship-tracker.org\/nb\/wp-json\/wp\/v2\/pages\/2595\/revisions\/2703"}],"wp:featuredmedia":[{"embeddable":true,"href":"https:\/\/ship-tracker.org\/nb\/wp-json\/wp\/v2\/media\/2596"}],"wp:attachment":[{"href":"https:\/\/ship-tracker.org\/nb\/wp-json\/wp\/v2\/media?parent=2595"}],"curies":[{"name":"wp","href":"https:\/\/api.w.org\/{rel}","templated":true}]}}