{"id":2509,"date":"2020-05-08T19:03:22","date_gmt":"2020-05-08T17:03:22","guid":{"rendered":"https:\/\/ship-tracker.org\/?page_id=2509"},"modified":"2022-10-27T16:02:52","modified_gmt":"2022-10-27T14:02:52","slug":"oceania-cruises","status":"publish","type":"page","link":"https:\/\/ship-tracker.org\/nb\/oceania-cruises\/","title":{"rendered":"Oceania Cruises"},"content":{"rendered":"<h2><span style=\"color: #000000;\">Oceania Cruises<\/span> Fl\u00e5teplassering Skip, IMO-nummer, MMSI, webkameraer<\/h2>\n<p>Hvor er den n\u00e5v\u00e6rende posisjonen til Oceania Cruises Fleet for tiden?<\/p>\n<table style=\"border-collapse: collapse; width: 100%; height: 168px;\">\n<tbody>\n<tr style=\"height: 24px;\">\n<td style=\"width: 457px; height: 24px;\"><span style=\"color: #1f405b;\"><strong>Skip<\/strong><\/span><\/td>\n<td style=\"width: 456px; height: 24px;\"><span style=\"color: #1f405b;\"><strong>IMO<\/strong><\/span><\/td>\n<td style=\"width: 456px; height: 24px;\"><span style=\"color: #1f405b;\"><strong>MMSI<\/strong><\/span><\/td>\n<\/tr>\n<tr style=\"height: 24px;\">\n<td style=\"width: 457px; height: 24px;\"><a href=\"https:\/\/ship-tracker.org\/nb\/oceania-riviera\/\">Oceania Riviera<\/a><\/td>\n<td style=\"width: 456px; height: 24px;\">9438078<\/td>\n<td style=\"width: 456px; height: 24px;\">538004353<\/td>\n<\/tr>\n<tr style=\"height: 24px;\">\n<td style=\"width: 457px; height: 24px;\"><a href=\"https:\/\/ship-tracker.org\/nb\/oceania-marina\/\">Oceania Marina<\/a><\/td>\n<td style=\"width: 456px; height: 24px;\">9438066<\/td>\n<td style=\"width: 456px; height: 24px;\">538003668<\/td>\n<\/tr>\n<tr style=\"height: 24px;\">\n<td style=\"width: 457px; height: 24px;\"><a href=\"https:\/\/ship-tracker.org\/nb\/oceania-nautica\/\">Oceania Nautica<\/a><\/td>\n<td style=\"width: 456px; height: 24px;\">9200938<\/td>\n<td style=\"width: 456px; height: 24px;\">538001665<\/td>\n<\/tr>\n<tr style=\"height: 24px;\">\n<td style=\"width: 457px; height: 24px;\"><a href=\"https:\/\/ship-tracker.org\/nb\/oceania-sirena\/\">Oseania Sirena<\/a><\/td>\n<td style=\"width: 456px; height: 24px;\">9187899<\/td>\n<td style=\"width: 456px; height: 24px;\">538006842<\/td>\n<\/tr>\n<tr style=\"height: 24px;\">\n<td style=\"width: 457px; height: 24px;\"><a href=\"https:\/\/ship-tracker.org\/nb\/oceania-insignia\/\">Oceania Insignia<\/a><\/td>\n<td style=\"width: 456px; height: 24px;\">9156462<\/td>\n<td style=\"width: 456px; height: 24px;\">538001663<\/td>\n<\/tr>\n<tr style=\"height: 24px;\">\n<td style=\"width: 457px; height: 24px;\"><a href=\"https:\/\/ship-tracker.org\/nb\/oceania-regatta\/\">Oceania Regatta<\/a><\/td>\n<td style=\"width: 456px; height: 24px;\">9156474<\/td>\n<td style=\"width: 456px; height: 24px;\">538001664<\/td>\n<\/tr>\n<\/tbody>\n<\/table>\n<h2>Om Oceania Cruises<\/h2>\n<p>Oceania Cruises er et premium amerikansk cruisemerke som tilbyr en luksuri\u00f8s, men uformell atmosf\u00e6re med stilig interi\u00f8r og utmerket mat om bord p\u00e5 fl\u00e5ten. Fl\u00e5ten best\u00e5r av seks mellomstore cruiseskip for 684 og 1250 gjester hver. Oceania Cruises tar sine gjester til destinasjoner rundt om i verden, fra Europa til Kina, Australia og Karibia.<\/p>","protected":false},"excerpt":{"rendered":"<p>Oceania Cruises Fleet Plassering Skip, IMO-nummer, MMSI, Webkameraer Hvor er den n\u00e5v\u00e6rende posisjonen til Oceania Cruises Fleet for tiden? Skip IMO MMSI Oceania Riviera 9438078 538004353 Oceania Marina 9438066 538003668 Oceania Nautica 9200938 538001665 Oceania Sirena 9187899 538006842 Oceania 156 Regia 0 Oceania 156 Regia 0 9156474 538001664 Om Oceania Cruises Oceania Cruises er en premium amerikansk...&nbsp;<a href=\"https:\/\/ship-tracker.org\/nb\/oceania-cruises\/\" rel=\"bookmark\">Les mer \u00bb<span class=\"screen-reader-text\">Oceania Cruises<\/span><\/a><\/p>","protected":false},"author":1,"featured_media":2510,"parent":0,"menu_order":0,"comment_status":"closed","ping_status":"closed","template":"","meta":{"neve_meta_sidebar":"","neve_meta_container":"","neve_meta_enable_content_width":"","neve_meta_content_width":0,"neve_meta_title_alignment":"","neve_meta_author_avatar":"","neve_post_elements_order":"","neve_meta_disable_header":"","neve_meta_disable_footer":"","neve_meta_disable_title":"","neve_meta_reading_time":"","footnotes":""},"class_list":["post-2509","page","type-page","status-publish","has-post-thumbnail","hentry"],"yoast_head":"<!-- This site is optimized with the Yoast SEO plugin v26.9 - https:\/\/yoast.com\/product\/yoast-seo-wordpress\/ -->\n<title>Track Oceania Cruises Fleet | Cruise Ships | Marine Vessel<\/title>\n<meta name=\"description\" content=\"Oceania Cruises Fleet Location | Current Positions of Oceania Cruises Ships, IMO numbers, MMSI, Webcam | Live Fleet Maps | Live Ship Tracker\" \/>\n<meta name=\"robots\" content=\"index, follow, max-snippet:-1, max-image-preview:large, max-video-preview:-1\" \/>\n<link rel=\"canonical\" href=\"https:\/\/ship-tracker.org\/nb\/oceania-cruises\/\" \/>\n<meta property=\"og:locale\" content=\"nb_NO\" \/>\n<meta property=\"og:type\" content=\"article\" \/>\n<meta property=\"og:title\" content=\"Track Oceania Cruises Fleet | Cruise Ships | Marine Vessel\" \/>\n<meta property=\"og:description\" content=\"Oceania Cruises Fleet Location | Current Positions of Oceania Cruises Ships, IMO numbers, MMSI, Webcam | Live Fleet Maps | Live Ship Tracker\" \/>\n<meta property=\"og:url\" content=\"https:\/\/ship-tracker.org\/nb\/oceania-cruises\/\" \/>\n<meta property=\"og:site_name\" content=\"Ship-tracker.org\" \/>\n<meta property=\"article:modified_time\" content=\"2022-10-27T14:02:52+00:00\" \/>\n<meta property=\"og:image\" content=\"https:\/\/ship-tracker.org\/wp-content\/uploads\/2020\/05\/oceania-web.jpg\" \/>\n\t<meta property=\"og:image:width\" content=\"1000\" \/>\n\t<meta property=\"og:image:height\" content=\"682\" \/>\n\t<meta property=\"og:image:type\" content=\"image\/jpeg\" \/>\n<meta name=\"twitter:card\" content=\"summary_large_image\" \/>\n<meta name=\"twitter:label1\" content=\"Ansl. lesetid\" \/>\n\t<meta name=\"twitter:data1\" content=\"1 minutt\" \/>\n<script type=\"application\/ld+json\" class=\"yoast-schema-graph\">{\"@context\":\"https:\/\/schema.org\",\"@graph\":[{\"@type\":\"WebPage\",\"@id\":\"https:\/\/ship-tracker.org\/oceania-cruises\/\",\"url\":\"https:\/\/ship-tracker.org\/oceania-cruises\/\",\"name\":\"Track Oceania Cruises Fleet | Cruise Ships | Marine Vessel\",\"isPartOf\":{\"@id\":\"https:\/\/ship-tracker.org\/#website\"},\"primaryImageOfPage\":{\"@id\":\"https:\/\/ship-tracker.org\/oceania-cruises\/#primaryimage\"},\"image\":{\"@id\":\"https:\/\/ship-tracker.org\/oceania-cruises\/#primaryimage\"},\"thumbnailUrl\":\"https:\/\/ship-tracker.org\/wp-content\/uploads\/2020\/05\/oceania-web.jpg\",\"datePublished\":\"2020-05-08T17:03:22+00:00\",\"dateModified\":\"2022-10-27T14:02:52+00:00\",\"description\":\"Oceania Cruises Fleet Location | Current Positions of Oceania Cruises Ships, IMO numbers, MMSI, Webcam | Live Fleet Maps | Live Ship Tracker\",\"breadcrumb\":{\"@id\":\"https:\/\/ship-tracker.org\/oceania-cruises\/#breadcrumb\"},\"inLanguage\":\"nb-NO\",\"potentialAction\":[{\"@type\":\"ReadAction\",\"target\":[\"https:\/\/ship-tracker.org\/oceania-cruises\/\"]}]},{\"@type\":\"ImageObject\",\"inLanguage\":\"nb-NO\",\"@id\":\"https:\/\/ship-tracker.org\/oceania-cruises\/#primaryimage\",\"url\":\"https:\/\/ship-tracker.org\/wp-content\/uploads\/2020\/05\/oceania-web.jpg\",\"contentUrl\":\"https:\/\/ship-tracker.org\/wp-content\/uploads\/2020\/05\/oceania-web.jpg\",\"width\":1000,\"height\":682,\"caption\":\"Oceania Cruises\"},{\"@type\":\"BreadcrumbList\",\"@id\":\"https:\/\/ship-tracker.org\/oceania-cruises\/#breadcrumb\",\"itemListElement\":[{\"@type\":\"ListItem\",\"position\":1,\"name\":\"Startseite\",\"item\":\"https:\/\/ship-tracker.org\/\"},{\"@type\":\"ListItem\",\"position\":2,\"name\":\"Oceania Cruises\"}]},{\"@type\":\"WebSite\",\"@id\":\"https:\/\/ship-tracker.org\/#website\",\"url\":\"https:\/\/ship-tracker.org\/\",\"name\":\"Ship-tracker.org\",\"description\":\"\",\"potentialAction\":[{\"@type\":\"SearchAction\",\"target\":{\"@type\":\"EntryPoint\",\"urlTemplate\":\"https:\/\/ship-tracker.org\/?s={search_term_string}\"},\"query-input\":{\"@type\":\"PropertyValueSpecification\",\"valueRequired\":true,\"valueName\":\"search_term_string\"}}],\"inLanguage\":\"nb-NO\"}]}<\/script>\n<!-- \/ Yoast SEO plugin. -->","yoast_head_json":{"title":"Spor Oceania Cruises Fleet | Cruiseskip | Marine fart\u00f8y","description":"Oceania Cruises Fleet Plassering | N\u00e5v\u00e6rende posisjoner for cruiseskip i Oceania, IMO-nummer, MMSI, webkamera | Live Fleet Maps | Live Ship Tracker","robots":{"index":"index","follow":"follow","max-snippet":"max-snippet:-1","max-image-preview":"max-image-preview:large","max-video-preview":"max-video-preview:-1"},"canonical":"https:\/\/ship-tracker.org\/nb\/oceania-cruises\/","og_locale":"nb_NO","og_type":"article","og_title":"Track Oceania Cruises Fleet | Cruise Ships | Marine Vessel","og_description":"Oceania Cruises Fleet Location | Current Positions of Oceania Cruises Ships, IMO numbers, MMSI, Webcam | Live Fleet Maps | Live Ship Tracker","og_url":"https:\/\/ship-tracker.org\/nb\/oceania-cruises\/","og_site_name":"Ship-tracker.org","article_modified_time":"2022-10-27T14:02:52+00:00","og_image":[{"width":1000,"height":682,"url":"https:\/\/ship-tracker.org\/wp-content\/uploads\/2020\/05\/oceania-web.jpg","type":"image\/jpeg"}],"twitter_card":"summary_large_image","twitter_misc":{"Ansl. lesetid":"1 minutt"},"schema":{"@context":"https:\/\/schema.org","@graph":[{"@type":"WebPage","@id":"https:\/\/ship-tracker.org\/oceania-cruises\/","url":"https:\/\/ship-tracker.org\/oceania-cruises\/","name":"Spor Oceania Cruises Fleet | Cruiseskip | Marine fart\u00f8y","isPartOf":{"@id":"https:\/\/ship-tracker.org\/#website"},"primaryImageOfPage":{"@id":"https:\/\/ship-tracker.org\/oceania-cruises\/#primaryimage"},"image":{"@id":"https:\/\/ship-tracker.org\/oceania-cruises\/#primaryimage"},"thumbnailUrl":"https:\/\/ship-tracker.org\/wp-content\/uploads\/2020\/05\/oceania-web.jpg","datePublished":"2020-05-08T17:03:22+00:00","dateModified":"2022-10-27T14:02:52+00:00","description":"Oceania Cruises Fleet Plassering | N\u00e5v\u00e6rende posisjoner for cruiseskip i Oceania, IMO-nummer, MMSI, webkamera | Live Fleet Maps | Live Ship Tracker","breadcrumb":{"@id":"https:\/\/ship-tracker.org\/oceania-cruises\/#breadcrumb"},"inLanguage":"nb-NO","potentialAction":[{"@type":"ReadAction","target":["https:\/\/ship-tracker.org\/oceania-cruises\/"]}]},{"@type":"ImageObject","inLanguage":"nb-NO","@id":"https:\/\/ship-tracker.org\/oceania-cruises\/#primaryimage","url":"https:\/\/ship-tracker.org\/wp-content\/uploads\/2020\/05\/oceania-web.jpg","contentUrl":"https:\/\/ship-tracker.org\/wp-content\/uploads\/2020\/05\/oceania-web.jpg","width":1000,"height":682,"caption":"Oceania Cruises"},{"@type":"BreadcrumbList","@id":"https:\/\/ship-tracker.org\/oceania-cruises\/#breadcrumb","itemListElement":[{"@type":"ListItem","position":1,"name":"Startseite","item":"https:\/\/ship-tracker.org\/"},{"@type":"ListItem","position":2,"name":"Oceania Cruises"}]},{"@type":"WebSite","@id":"https:\/\/ship-tracker.org\/#website","url":"https:\/\/ship-tracker.org\/","name":"Ship-tracker.org","description":"","potentialAction":[{"@type":"SearchAction","target":{"@type":"EntryPoint","urlTemplate":"https:\/\/ship-tracker.org\/?s={search_term_string}"},"query-input":{"@type":"PropertyValueSpecification","valueRequired":true,"valueName":"search_term_string"}}],"inLanguage":"nb-NO"}]}},"_links":{"self":[{"href":"https:\/\/ship-tracker.org\/nb\/wp-json\/wp\/v2\/pages\/2509","targetHints":{"allow":["GET"]}}],"collection":[{"href":"https:\/\/ship-tracker.org\/nb\/wp-json\/wp\/v2\/pages"}],"about":[{"href":"https:\/\/ship-tracker.org\/nb\/wp-json\/wp\/v2\/types\/page"}],"author":[{"embeddable":true,"href":"https:\/\/ship-tracker.org\/nb\/wp-json\/wp\/v2\/users\/1"}],"replies":[{"embeddable":true,"href":"https:\/\/ship-tracker.org\/nb\/wp-json\/wp\/v2\/comments?post=2509"}],"version-history":[{"count":3,"href":"https:\/\/ship-tracker.org\/nb\/wp-json\/wp\/v2\/pages\/2509\/revisions"}],"predecessor-version":[{"id":2701,"href":"https:\/\/ship-tracker.org\/nb\/wp-json\/wp\/v2\/pages\/2509\/revisions\/2701"}],"wp:featuredmedia":[{"embeddable":true,"href":"https:\/\/ship-tracker.org\/nb\/wp-json\/wp\/v2\/media\/2510"}],"wp:attachment":[{"href":"https:\/\/ship-tracker.org\/nb\/wp-json\/wp\/v2\/media?parent=2509"}],"curies":[{"name":"wp","href":"https:\/\/api.w.org\/{rel}","templated":true}]}}