{"id":236,"date":"2017-09-14T19:10:17","date_gmt":"2017-09-14T17:10:17","guid":{"rendered":"http:\/\/ship-tracker.org\/?page_id=236"},"modified":"2021-11-08T21:13:30","modified_gmt":"2021-11-08T20:13:30","slug":"aidaperla","status":"publish","type":"page","link":"https:\/\/ship-tracker.org\/nb\/aidaperla\/","title":{"rendered":"AIDAperla"},"content":{"rendered":"<p><script async src=\"https:\/\/pagead2.googlesyndication.com\/pagead\/js\/adsbygoogle.js\"><\/script><br \/>\n<!-- Ship-Tracker Display --><br \/>\n<ins class=\"adsbygoogle\" style=\"display: block;\" data-ad-client=\"ca-pub-1316785063791781\" data-ad-slot=\"8075999632\" data-ad-format=\"auto\" data-full-width-responsive=\"true\"><\/ins><br \/>\n<script>\n     (adsbygoogle = window.adsbygoogle || []).push({});\n<\/script><\/p>\n<h2><span style=\"color: #000000;\">N\u00e5v\u00e6rende plassering og <\/span><span style=\"color: #000000;\">stillingen til AIDAperla<\/span><\/h2>\n<p>Hvor er den n\u00e5v\u00e6rende posisjonen til AIDAperla for tiden?<br \/>\n<script async src=\"https:\/\/pagead2.googlesyndication.com\/pagead\/js\/adsbygoogle.js\"><\/script><br \/>\n<!-- Schip-Tracker Linkanzeigen --><br \/>\n<ins class=\"adsbygoogle\" style=\"display: block;\" data-ad-client=\"ca-pub-1316785063791781\" data-ad-slot=\"3429004156\" data-ad-format=\"link\" data-full-width-responsive=\"true\"><\/ins><br \/>\n<script>\n     (adsbygoogle = window.adsbygoogle || []).push({});\n<\/script><br \/>\n<script type=\"text\/javascript\">\n  var width=\"1500\";\n  var height=\"500\";\n  var click_to_activate=false;\n  var default_maptype=2;\n  var imo=9636967;\n<\/script><br \/>\n<script type=\"text\/javascript\" src=\"https:\/\/www.vesselfinder.com\/aismap.js\">\n<\/script><br \/>\n<script async src=\"https:\/\/pagead2.googlesyndication.com\/pagead\/js\/adsbygoogle.js\"><\/script><br \/>\n<!-- Ship-Tracker Display --><br \/>\n<ins class=\"adsbygoogle\" style=\"display: block;\" data-ad-client=\"ca-pub-1316785063791781\" data-ad-slot=\"8075999632\" data-ad-format=\"auto\" data-full-width-responsive=\"true\"><\/ins><br \/>\n<script>\n     (adsbygoogle = window.adsbygoogle || []).push({});\n<\/script><\/p>\n<p>Se AIDAperla n\u00e5v\u00e6rende plassering. Posisjonen til AIDAperla kan bestemmes n\u00f8yaktig av kartene over Schiffsiff og MarineTraffic. S\u00e5 du er alltid godt informert om hvor favorittskipet ditt er for \u00f8yeblikket.<\/p>\n<h2 class=\"title\"><span style=\"color: #000000;\">AIDAperla gjennomgang og spesifikasjoner<\/span><\/h2>\n<table style=\"height: 296px;\" width=\"400\">\n<tbody>\n<tr>\n<td style=\"width: 192px;\"><span style=\"color: #000000;\"><strong>Flaggstat<\/strong><\/span><\/td>\n<td style=\"width: 192px;\"><span style=\"color: #000000;\">Italia<\/span><\/td>\n<\/tr>\n<tr>\n<td style=\"width: 192px;\"><span style=\"color: #000000;\"><strong>Bygge\u00e5r<\/strong><\/span><\/td>\n<td style=\"width: 192px;\"><span style=\"color: #000000;\">2017<\/span><\/td>\n<\/tr>\n<tr>\n<td style=\"width: 192px;\"><span style=\"color: #000000;\"><strong>Bygger<\/strong><\/span><\/td>\n<td style=\"width: 192px;\"><span style=\"color: #000000;\">Mitsubishi Heavy Industries\u00a0 <\/span><\/td>\n<\/tr>\n<tr>\n<td style=\"width: 192px;\"><span style=\"color: #000000;\"><strong>Lengde<\/strong><\/span><\/td>\n<td style=\"width: 192px;\"><span style=\"color: #000000;\">300<span class=\"specificationUnit\">\u00a0m<\/span> <\/span><\/td>\n<\/tr>\n<tr>\n<td style=\"width: 192px;\"><span style=\"color: #000000;\"><strong>Str\u00e5le<\/strong><\/span><\/td>\n<td style=\"width: 192px;\"><span style=\"color: #000000;\">37<span class=\"specificationUnit\">\u00a0m<\/span><\/span><\/td>\n<\/tr>\n<tr>\n<td style=\"width: 192px;\"><span style=\"color: #000000;\"><strong>Bruttotonn<\/strong><\/span><\/td>\n<td style=\"width: 192px;\"><span style=\"color: #000000;\">124500<span class=\"specificationUnit\">\u00a0gt<\/span><\/span><\/td>\n<\/tr>\n<tr>\n<td style=\"width: 192px;\"><span style=\"color: #000000;\"><strong>Passasjerer<\/strong><\/span><\/td>\n<td style=\"width: 192px;\"><span style=\"color: #000000;\">3400<\/span><\/td>\n<\/tr>\n<tr>\n<td style=\"width: 192px;\"><span style=\"color: #000000;\"><strong>Mannskap<\/strong><\/span><\/td>\n<td style=\"width: 192px;\"><span style=\"color: #000000;\">900<\/span><\/td>\n<\/tr>\n<tr>\n<td style=\"width: 192px;\"><span style=\"color: #000000;\"><strong>Dekk<\/strong>\u00a0<\/span><\/td>\n<td style=\"width: 192px;\"><span style=\"color: #000000;\">18<\/span><\/td>\n<\/tr>\n<tr>\n<td style=\"width: 192px;\"><span style=\"color: #000000;\"><strong>Hastighet<\/strong><\/span><\/td>\n<td style=\"width: 192px;\"><span style=\"color: #000000;\">22<span class=\"specificationUnit\">\u00a0kn<\/span><\/span><\/td>\n<\/tr>\n<tr>\n<td style=\"width: 192px;\"><span style=\"color: #000000;\"><strong><b>Registerhavn<\/b><\/strong><\/span><\/td>\n<td style=\"width: 192px;\"><span style=\"color: #000000;\">Genua<\/span><\/td>\n<\/tr>\n<tr>\n<td style=\"width: 192px;\"><span style=\"color: #000000;\"><strong><b>Fremdrift<\/b><\/strong><\/span><\/td>\n<td style=\"width: 192px;\"><span style=\"color: #000000;\">Diesel-elektrisk<\/span><\/td>\n<\/tr>\n<tr>\n<td style=\"width: 192px;\"><span style=\"color: #000000;\"><strong><b>Cruiserederi<\/b><\/strong><\/span><\/td>\n<td style=\"width: 192px;\"><a href=\"https:\/\/ship-tracker.org\/nb\/aida-cruises\/\">AIDA Cruises<\/a><\/td>\n<\/tr>\n<\/tbody>\n<\/table>\n<figure id=\"attachment_257\" aria-describedby=\"caption-attachment-257\" style=\"width: 625px\" class=\"wp-caption aligncenter\"><img loading=\"lazy\" decoding=\"async\" class=\"wp-image-257 size-full\" src=\"https:\/\/ship-tracker.org\/wp-content\/uploads\/2017\/09\/NR_GAllery_Arrival_Limasol_02.jpg\" alt=\"AIDAperla\" width=\"625\" height=\"352\" srcset=\"https:\/\/ship-tracker.org\/wp-content\/uploads\/2017\/09\/NR_GAllery_Arrival_Limasol_02.jpg 625w, https:\/\/ship-tracker.org\/wp-content\/uploads\/2017\/09\/NR_GAllery_Arrival_Limasol_02-300x169.jpg 300w\" sizes=\"auto, (max-width: 625px) 100vw, 625px\" \/><figcaption id=\"caption-attachment-257\" class=\"wp-caption-text\">AIDAperla<\/p>\n<p>\u00a9 AIDA Cruises<\/figcaption><\/figure>\n<h3 class=\"title\">AIDA Cruises fl\u00e5te<\/h3>\n<ul>\n<li><a href=\"https:\/\/ship-tracker.org\/nb\/aidanova\/\">AIDAnova<\/a><\/li>\n<li><a href=\"https:\/\/ship-tracker.org\/nb\/aidaprima\/\">AIDAprima<\/a><\/li>\n<li><a href=\"https:\/\/ship-tracker.org\/nb\/aidastella\/\">AIDAstella<\/a><\/li>\n<li><a href=\"https:\/\/ship-tracker.org\/nb\/aidamar\/\">AIDAmar<\/a><\/li>\n<li><a href=\"https:\/\/ship-tracker.org\/nb\/aidasol\/\">AIDAsol<\/a><\/li>\n<li><a href=\"https:\/\/ship-tracker.org\/nb\/aidablu\/\">AIDAblu<\/a><\/li>\n<li><a href=\"https:\/\/ship-tracker.org\/nb\/aidaluna\/\">AIDAluna<\/a><\/li>\n<li><a href=\"https:\/\/ship-tracker.org\/nb\/aidabella\/\">AIDAbella<\/a><\/li>\n<li><a href=\"https:\/\/ship-tracker.org\/nb\/aidadiva\/\">AIDAdiva<\/a><\/li>\n<li><a href=\"https:\/\/ship-tracker.org\/nb\/aidaaura\/\">AIDAaura<\/a><\/li>\n<li><a href=\"https:\/\/ship-tracker.org\/nb\/aidavita\/\">AIDAvita<\/a><\/li>\n<li><a href=\"https:\/\/ship-tracker.org\/nb\/aidamira\/\">AIDAmira<\/a><\/li>\n<li><a href=\"https:\/\/ship-tracker.org\/nb\/aidacara\/\">AIDAcara<\/a><\/li>\n<\/ul>\n<p><script async src=\"https:\/\/pagead2.googlesyndication.com\/pagead\/js\/adsbygoogle.js\"><\/script><br \/>\n<!-- Schip-Tracker Linkanzeigen --><br \/>\n<ins class=\"adsbygoogle\" style=\"display: block;\" data-ad-client=\"ca-pub-1316785063791781\" data-ad-slot=\"3429004156\" data-ad-format=\"link\" data-full-width-responsive=\"true\"><\/ins><br \/>\n<script>\n     (adsbygoogle = window.adsbygoogle || []).push({});\n<\/script><\/p>\n<h4><span style=\"color: #000000;\">AIDAperla video<\/span><\/h4>\n<div class=\"su-youtube su-u-responsive-media-yes\"><iframe loading=\"lazy\" width=\"600\" height=\"400\" src=\"https:\/\/www.youtube.com\/embed\/e_XHwmEInV4?\" frameborder=\"0\" allowfullscreen allow=\"autoplay; encrypted-media; picture-in-picture\" title=\"\"><\/iframe><\/div>","protected":false},"excerpt":{"rendered":"<p>N\u00e5v\u00e6rende plassering og posisjon til AIDAperla Hvor er n\u00e5v\u00e6rende posisjon til AIDAperla for \u00f8yeblikket? Se AIDAperla n\u00e5v\u00e6rende plassering. Posisjonen til AIDAperla kan bestemmes n\u00f8yaktig av kartene over Schiffsiff og MarineTraffic. S\u00e5 du er alltid godt informert om hvor favorittskipet ditt er for \u00f8yeblikket. AIDAperla anmeldelse og spesifikasjoner Flaggstat Italia Bygge\u00e5r 2017 Builder...&nbsp;<a href=\"https:\/\/ship-tracker.org\/nb\/aidaperla\/\" rel=\"bookmark\">Les mer \u00bb<span class=\"screen-reader-text\">AIDAperla<\/span><\/a><\/p>","protected":false},"author":1,"featured_media":0,"parent":0,"menu_order":0,"comment_status":"closed","ping_status":"closed","template":"","meta":{"neve_meta_sidebar":"","neve_meta_container":"","neve_meta_enable_content_width":"","neve_meta_content_width":0,"neve_meta_title_alignment":"","neve_meta_author_avatar":"","neve_post_elements_order":"","neve_meta_disable_header":"","neve_meta_disable_footer":"","neve_meta_disable_title":"","neve_meta_reading_time":"","footnotes":""},"class_list":["post-236","page","type-page","status-publish","hentry"],"yoast_head":"<!-- This site is optimized with the Yoast SEO plugin v26.9 - https:\/\/yoast.com\/product\/yoast-seo-wordpress\/ -->\n<title>AIDAperla \u2503 Current location and position of AIDAperla<\/title>\n<meta name=\"description\" content=\"AIDAperla \u2693 Current location and position of AIDAperla \u2713 Cruise Ship Tracker \u2713 Live Ship Tracker \u2713 Review and Specifications\" \/>\n<meta name=\"robots\" content=\"index, follow, max-snippet:-1, max-image-preview:large, max-video-preview:-1\" \/>\n<link rel=\"canonical\" href=\"https:\/\/ship-tracker.org\/nb\/aidaperla\/\" \/>\n<meta property=\"og:locale\" content=\"nb_NO\" \/>\n<meta property=\"og:type\" content=\"article\" \/>\n<meta property=\"og:title\" content=\"AIDAperla \u2503 Current location and position of AIDAperla\" \/>\n<meta property=\"og:description\" content=\"AIDAperla \u2693 Current location and position of AIDAperla \u2713 Cruise Ship Tracker \u2713 Live Ship Tracker \u2713 Review and Specifications\" \/>\n<meta property=\"og:url\" content=\"https:\/\/ship-tracker.org\/nb\/aidaperla\/\" \/>\n<meta property=\"og:site_name\" content=\"Ship-tracker.org\" \/>\n<meta property=\"article:modified_time\" content=\"2021-11-08T20:13:30+00:00\" \/>\n<meta property=\"og:image\" content=\"https:\/\/ship-tracker.org\/wp-content\/uploads\/2017\/09\/NR_GAllery_Arrival_Limasol_02.jpg\" \/>\n<meta name=\"twitter:card\" content=\"summary_large_image\" \/>\n<meta name=\"twitter:label1\" content=\"Ansl. lesetid\" \/>\n\t<meta name=\"twitter:data1\" content=\"1 minutt\" \/>\n<script type=\"application\/ld+json\" class=\"yoast-schema-graph\">{\"@context\":\"https:\/\/schema.org\",\"@graph\":[{\"@type\":\"WebPage\",\"@id\":\"https:\/\/ship-tracker.org\/aidaperla\/\",\"url\":\"https:\/\/ship-tracker.org\/aidaperla\/\",\"name\":\"AIDAperla \u2503 Current location and position of AIDAperla\",\"isPartOf\":{\"@id\":\"https:\/\/ship-tracker.org\/#website\"},\"primaryImageOfPage\":{\"@id\":\"https:\/\/ship-tracker.org\/aidaperla\/#primaryimage\"},\"image\":{\"@id\":\"https:\/\/ship-tracker.org\/aidaperla\/#primaryimage\"},\"thumbnailUrl\":\"https:\/\/ship-tracker.org\/wp-content\/uploads\/2017\/09\/NR_GAllery_Arrival_Limasol_02.jpg\",\"datePublished\":\"2017-09-14T17:10:17+00:00\",\"dateModified\":\"2021-11-08T20:13:30+00:00\",\"description\":\"AIDAperla \u2693 Current location and position of AIDAperla \u2713 Cruise Ship Tracker \u2713 Live Ship Tracker \u2713 Review and Specifications\",\"breadcrumb\":{\"@id\":\"https:\/\/ship-tracker.org\/aidaperla\/#breadcrumb\"},\"inLanguage\":\"nb-NO\",\"potentialAction\":[{\"@type\":\"ReadAction\",\"target\":[\"https:\/\/ship-tracker.org\/aidaperla\/\"]}]},{\"@type\":\"ImageObject\",\"inLanguage\":\"nb-NO\",\"@id\":\"https:\/\/ship-tracker.org\/aidaperla\/#primaryimage\",\"url\":\"https:\/\/ship-tracker.org\/wp-content\/uploads\/2017\/09\/NR_GAllery_Arrival_Limasol_02.jpg\",\"contentUrl\":\"https:\/\/ship-tracker.org\/wp-content\/uploads\/2017\/09\/NR_GAllery_Arrival_Limasol_02.jpg\"},{\"@type\":\"BreadcrumbList\",\"@id\":\"https:\/\/ship-tracker.org\/aidaperla\/#breadcrumb\",\"itemListElement\":[{\"@type\":\"ListItem\",\"position\":1,\"name\":\"Startseite\",\"item\":\"https:\/\/ship-tracker.org\/\"},{\"@type\":\"ListItem\",\"position\":2,\"name\":\"AIDAperla\"}]},{\"@type\":\"WebSite\",\"@id\":\"https:\/\/ship-tracker.org\/#website\",\"url\":\"https:\/\/ship-tracker.org\/\",\"name\":\"Ship-tracker.org\",\"description\":\"\",\"potentialAction\":[{\"@type\":\"SearchAction\",\"target\":{\"@type\":\"EntryPoint\",\"urlTemplate\":\"https:\/\/ship-tracker.org\/?s={search_term_string}\"},\"query-input\":{\"@type\":\"PropertyValueSpecification\",\"valueRequired\":true,\"valueName\":\"search_term_string\"}}],\"inLanguage\":\"nb-NO\"}]}<\/script>\n<!-- \/ Yoast SEO plugin. -->","yoast_head_json":{"title":"AIDAperla \u2503 N\u00e5v\u00e6rende plassering og posisjon til AIDAperla","description":"AIDAperla \u2693 N\u00e5v\u00e6rende plassering og posisjon til AIDAperla \u2713 Cruiseship Tracker \u2713 Live Ship Tracker \u2713 Gjennomgang og spesifikasjoner","robots":{"index":"index","follow":"follow","max-snippet":"max-snippet:-1","max-image-preview":"max-image-preview:large","max-video-preview":"max-video-preview:-1"},"canonical":"https:\/\/ship-tracker.org\/nb\/aidaperla\/","og_locale":"nb_NO","og_type":"article","og_title":"AIDAperla \u2503 Current location and position of AIDAperla","og_description":"AIDAperla \u2693 Current location and position of AIDAperla \u2713 Cruise Ship Tracker \u2713 Live Ship Tracker \u2713 Review and Specifications","og_url":"https:\/\/ship-tracker.org\/nb\/aidaperla\/","og_site_name":"Ship-tracker.org","article_modified_time":"2021-11-08T20:13:30+00:00","og_image":[{"url":"https:\/\/ship-tracker.org\/wp-content\/uploads\/2017\/09\/NR_GAllery_Arrival_Limasol_02.jpg","type":"","width":"","height":""}],"twitter_card":"summary_large_image","twitter_misc":{"Ansl. lesetid":"1 minutt"},"schema":{"@context":"https:\/\/schema.org","@graph":[{"@type":"WebPage","@id":"https:\/\/ship-tracker.org\/aidaperla\/","url":"https:\/\/ship-tracker.org\/aidaperla\/","name":"AIDAperla \u2503 N\u00e5v\u00e6rende plassering og posisjon til AIDAperla","isPartOf":{"@id":"https:\/\/ship-tracker.org\/#website"},"primaryImageOfPage":{"@id":"https:\/\/ship-tracker.org\/aidaperla\/#primaryimage"},"image":{"@id":"https:\/\/ship-tracker.org\/aidaperla\/#primaryimage"},"thumbnailUrl":"https:\/\/ship-tracker.org\/wp-content\/uploads\/2017\/09\/NR_GAllery_Arrival_Limasol_02.jpg","datePublished":"2017-09-14T17:10:17+00:00","dateModified":"2021-11-08T20:13:30+00:00","description":"AIDAperla \u2693 N\u00e5v\u00e6rende plassering og posisjon til AIDAperla \u2713 Cruiseship Tracker \u2713 Live Ship Tracker \u2713 Gjennomgang og spesifikasjoner","breadcrumb":{"@id":"https:\/\/ship-tracker.org\/aidaperla\/#breadcrumb"},"inLanguage":"nb-NO","potentialAction":[{"@type":"ReadAction","target":["https:\/\/ship-tracker.org\/aidaperla\/"]}]},{"@type":"ImageObject","inLanguage":"nb-NO","@id":"https:\/\/ship-tracker.org\/aidaperla\/#primaryimage","url":"https:\/\/ship-tracker.org\/wp-content\/uploads\/2017\/09\/NR_GAllery_Arrival_Limasol_02.jpg","contentUrl":"https:\/\/ship-tracker.org\/wp-content\/uploads\/2017\/09\/NR_GAllery_Arrival_Limasol_02.jpg"},{"@type":"BreadcrumbList","@id":"https:\/\/ship-tracker.org\/aidaperla\/#breadcrumb","itemListElement":[{"@type":"ListItem","position":1,"name":"Startseite","item":"https:\/\/ship-tracker.org\/"},{"@type":"ListItem","position":2,"name":"AIDAperla"}]},{"@type":"WebSite","@id":"https:\/\/ship-tracker.org\/#website","url":"https:\/\/ship-tracker.org\/","name":"Ship-tracker.org","description":"","potentialAction":[{"@type":"SearchAction","target":{"@type":"EntryPoint","urlTemplate":"https:\/\/ship-tracker.org\/?s={search_term_string}"},"query-input":{"@type":"PropertyValueSpecification","valueRequired":true,"valueName":"search_term_string"}}],"inLanguage":"nb-NO"}]}},"_links":{"self":[{"href":"https:\/\/ship-tracker.org\/nb\/wp-json\/wp\/v2\/pages\/236","targetHints":{"allow":["GET"]}}],"collection":[{"href":"https:\/\/ship-tracker.org\/nb\/wp-json\/wp\/v2\/pages"}],"about":[{"href":"https:\/\/ship-tracker.org\/nb\/wp-json\/wp\/v2\/types\/page"}],"author":[{"embeddable":true,"href":"https:\/\/ship-tracker.org\/nb\/wp-json\/wp\/v2\/users\/1"}],"replies":[{"embeddable":true,"href":"https:\/\/ship-tracker.org\/nb\/wp-json\/wp\/v2\/comments?post=236"}],"version-history":[{"count":7,"href":"https:\/\/ship-tracker.org\/nb\/wp-json\/wp\/v2\/pages\/236\/revisions"}],"predecessor-version":[{"id":2216,"href":"https:\/\/ship-tracker.org\/nb\/wp-json\/wp\/v2\/pages\/236\/revisions\/2216"}],"wp:attachment":[{"href":"https:\/\/ship-tracker.org\/nb\/wp-json\/wp\/v2\/media?parent=236"}],"curies":[{"name":"wp","href":"https:\/\/api.w.org\/{rel}","templated":true}]}}