{"id":2123,"date":"2020-04-29T14:20:25","date_gmt":"2020-04-29T12:20:25","guid":{"rendered":"https:\/\/ship-tracker.org\/?page_id=2123"},"modified":"2022-10-27T15:58:51","modified_gmt":"2022-10-27T13:58:51","slug":"disney-cruise-line","status":"publish","type":"page","link":"https:\/\/ship-tracker.org\/nb\/disney-cruise-line\/","title":{"rendered":"Disney Cruise Line"},"content":{"rendered":"<h2>Disney Cruise Line Fleet Plassering Skip, IMO-nummer, MMSI, Webkameraer<\/h2>\n<p>Hvor er den n\u00e5v\u00e6rende posisjonen til Disney Cruise Line Fleet for tiden?<\/p>\n<table>\n<tbody>\n<tr style=\"height: 24px;\">\n<td style=\"width: 457px; height: 24px;\"><span style=\"color: #1f405b;\"><strong>Skip<\/strong><\/span><\/td>\n<td style=\"width: 456px; height: 24px;\"><span style=\"color: #1f405b;\"><strong>IMO<\/strong><\/span><\/td>\n<td style=\"width: 456px; height: 24px;\"><span style=\"color: #1f405b;\"><strong>MMSI<\/strong><\/span><\/td>\n<\/tr>\n<tr style=\"height: 24px;\">\n<td style=\"width: 457px; height: 24px;\"><a href=\"https:\/\/ship-tracker.org\/nb\/disney-fantasy\/\">Disney Fantasy<\/a><\/td>\n<td style=\"width: 456px; height: 24px;\">9434254<\/td>\n<td style=\"width: 456px; height: 24px;\">311042900<\/td>\n<\/tr>\n<tr style=\"height: 24px;\">\n<td style=\"width: 457px; height: 24px;\"><a href=\"https:\/\/ship-tracker.org\/nb\/disney-dream\/\">Disney dr\u00f8m<\/a><\/td>\n<td style=\"width: 456px; height: 24px;\">9434254<\/td>\n<td style=\"width: 456px; height: 24px;\">311042900<\/td>\n<\/tr>\n<tr style=\"height: 24px;\">\n<td style=\"width: 457px; height: 24px;\"><a href=\"https:\/\/ship-tracker.org\/nb\/disney-wonder\/\">Disney Wonder<\/a><\/td>\n<td style=\"width: 456px; height: 24px;\">9126819<\/td>\n<td style=\"width: 456px; height: 24px;\">308457000<\/td>\n<\/tr>\n<tr style=\"height: 24px;\">\n<td style=\"width: 457px; height: 24px;\"><a href=\"https:\/\/ship-tracker.org\/nb\/disney-magic\/\">Disney magi<\/a><\/td>\n<td style=\"width: 456px; height: 24px;\">9126807<\/td>\n<td style=\"width: 456px; height: 24px;\">308516000<\/td>\n<\/tr>\n<tr style=\"height: 24px;\">\n<td style=\"width: 457px; height: 24px;\"><a href=\"https:\/\/ship-tracker.org\/nb\/disney-wish\/\">Disney Wish<\/a><\/td>\n<td style=\"width: 456px; height: 24px;\">9834739<\/td>\n<td style=\"width: 456px; height: 24px;\">311001098<\/td>\n<\/tr>\n<\/tbody>\n<\/table>\n<h2>Om Disney Cruise Line<\/h2>\n<p>Disney Cruise Line, basert i Florida, har n\u00e5 fire cruiseskip og en privat \u00f8y p\u00e5 Bahamas. B\u00e5de om bord p\u00e5 skipene og i land ved Castaway Cay er selskapet fullt ut tilpasset familiens behov. En fotoseanse med Pluto, eller nyte et bes\u00f8k av Donald Duck og Langbein over middag \u2013 dette er \u00f8yeblikkene som f\u00e5r barnehjerter til \u00e5 banke raskere, selv de til barn som for lengst er blitt myndige. Selv om Disney Cruise Line ikke har funnet opp cruiset p\u00e5 nytt, kan slike opplevelser og \u00f8yeblikk bare oppleves om bord p\u00e5 Disney-skipene og gj\u00f8re et cruise til en unik og uforglemmelig opplevelse.<\/p>\n<p>Selv om cruiseskipene til Disney Cruise Line er en destinasjon i seg selv, er destinasjonene de betjener like imponerende. Mens cruise i Europa, b\u00e5de i nord og i Middelhavet, heller er i mindretall og derfor nyter stor popularitet, er det for oss heller de mer eksotiske destinasjonene Disney Cruise Line bes\u00f8ker gjennom hele \u00e5ret. Bahamas er selvsagt spesielt popul\u00e6re, hvor Disney Cruise Line til og med har sin egen private \u00f8y, Castaway Cay.<\/p>","protected":false},"excerpt":{"rendered":"<p>Disney Cruise Line Fleet Plassering Skip, IMO-nummer, MMSI, Webkameraer Hvor er den n\u00e5v\u00e6rende posisjonen til Disney Cruise Line Fleet for tiden? Send IMO MMSI Disney Fantasy 9434254 311042900 Disney Dream 9434254 311042900 Disney Wonder 9126819 308457000 Disney Magic 9126807 308516000 Disney Wish 9834254 311042900 Disney Cruise basert i Florida Cruise 9838109 n\u00e5 Disney Line Cruise 9838107 Cruise Line, Florida Cruise 9838109&nbsp;<a href=\"https:\/\/ship-tracker.org\/nb\/disney-cruise-line\/\" rel=\"bookmark\">Les mer \u00bb<span class=\"screen-reader-text\">Disney Cruise Line<\/span><\/a><\/p>","protected":false},"author":1,"featured_media":2124,"parent":0,"menu_order":0,"comment_status":"closed","ping_status":"closed","template":"","meta":{"neve_meta_sidebar":"","neve_meta_container":"","neve_meta_enable_content_width":"","neve_meta_content_width":0,"neve_meta_title_alignment":"","neve_meta_author_avatar":"","neve_post_elements_order":"","neve_meta_disable_header":"","neve_meta_disable_footer":"","neve_meta_disable_title":"","neve_meta_reading_time":"","footnotes":""},"class_list":["post-2123","page","type-page","status-publish","has-post-thumbnail","hentry"],"yoast_head":"<!-- This site is optimized with the Yoast SEO plugin v26.9 - https:\/\/yoast.com\/product\/yoast-seo-wordpress\/ -->\n<title>Track Disney Cruise Line Fleet | Cruise Ships | Marine Vessel<\/title>\n<meta name=\"description\" content=\"Disney Cruise Line Fleet Location | Current Positions of Disney Cruise Line Ships, IMO numbers, MMSI, Webcam | Live Fleet Maps | Ship Tracker\" \/>\n<meta name=\"robots\" content=\"index, follow, max-snippet:-1, max-image-preview:large, max-video-preview:-1\" \/>\n<link rel=\"canonical\" href=\"https:\/\/ship-tracker.org\/nb\/disney-cruise-line\/\" \/>\n<meta property=\"og:locale\" content=\"nb_NO\" \/>\n<meta property=\"og:type\" content=\"article\" \/>\n<meta property=\"og:title\" content=\"Track Disney Cruise Line Fleet | Cruise Ships | Marine Vessel\" \/>\n<meta property=\"og:description\" content=\"Disney Cruise Line Fleet Location | Current Positions of Disney Cruise Line Ships, IMO numbers, MMSI, Webcam | Live Fleet Maps | Ship Tracker\" \/>\n<meta property=\"og:url\" content=\"https:\/\/ship-tracker.org\/nb\/disney-cruise-line\/\" \/>\n<meta property=\"og:site_name\" content=\"Ship-tracker.org\" \/>\n<meta property=\"article:modified_time\" content=\"2022-10-27T13:58:51+00:00\" \/>\n<meta property=\"og:image\" content=\"https:\/\/ship-tracker.org\/wp-content\/uploads\/2020\/04\/disney-cruise-line-web.jpg\" \/>\n\t<meta property=\"og:image:width\" content=\"1000\" \/>\n\t<meta property=\"og:image:height\" content=\"682\" \/>\n\t<meta property=\"og:image:type\" content=\"image\/jpeg\" \/>\n<meta name=\"twitter:card\" content=\"summary_large_image\" \/>\n<meta name=\"twitter:label1\" content=\"Ansl. lesetid\" \/>\n\t<meta name=\"twitter:data1\" content=\"2 minutter\" \/>\n<script type=\"application\/ld+json\" class=\"yoast-schema-graph\">{\"@context\":\"https:\/\/schema.org\",\"@graph\":[{\"@type\":\"WebPage\",\"@id\":\"https:\/\/ship-tracker.org\/disney-cruise-line\/\",\"url\":\"https:\/\/ship-tracker.org\/disney-cruise-line\/\",\"name\":\"Track Disney Cruise Line Fleet | Cruise Ships | Marine Vessel\",\"isPartOf\":{\"@id\":\"https:\/\/ship-tracker.org\/#website\"},\"primaryImageOfPage\":{\"@id\":\"https:\/\/ship-tracker.org\/disney-cruise-line\/#primaryimage\"},\"image\":{\"@id\":\"https:\/\/ship-tracker.org\/disney-cruise-line\/#primaryimage\"},\"thumbnailUrl\":\"https:\/\/ship-tracker.org\/wp-content\/uploads\/2020\/04\/disney-cruise-line-web.jpg\",\"datePublished\":\"2020-04-29T12:20:25+00:00\",\"dateModified\":\"2022-10-27T13:58:51+00:00\",\"description\":\"Disney Cruise Line Fleet Location | Current Positions of Disney Cruise Line Ships, IMO numbers, MMSI, Webcam | Live Fleet Maps | Ship Tracker\",\"breadcrumb\":{\"@id\":\"https:\/\/ship-tracker.org\/disney-cruise-line\/#breadcrumb\"},\"inLanguage\":\"nb-NO\",\"potentialAction\":[{\"@type\":\"ReadAction\",\"target\":[\"https:\/\/ship-tracker.org\/disney-cruise-line\/\"]}]},{\"@type\":\"ImageObject\",\"inLanguage\":\"nb-NO\",\"@id\":\"https:\/\/ship-tracker.org\/disney-cruise-line\/#primaryimage\",\"url\":\"https:\/\/ship-tracker.org\/wp-content\/uploads\/2020\/04\/disney-cruise-line-web.jpg\",\"contentUrl\":\"https:\/\/ship-tracker.org\/wp-content\/uploads\/2020\/04\/disney-cruise-line-web.jpg\",\"width\":1000,\"height\":682,\"caption\":\"Disney Cruise Line\"},{\"@type\":\"BreadcrumbList\",\"@id\":\"https:\/\/ship-tracker.org\/disney-cruise-line\/#breadcrumb\",\"itemListElement\":[{\"@type\":\"ListItem\",\"position\":1,\"name\":\"Startseite\",\"item\":\"https:\/\/ship-tracker.org\/\"},{\"@type\":\"ListItem\",\"position\":2,\"name\":\"Disney Cruise Line\"}]},{\"@type\":\"WebSite\",\"@id\":\"https:\/\/ship-tracker.org\/#website\",\"url\":\"https:\/\/ship-tracker.org\/\",\"name\":\"Ship-tracker.org\",\"description\":\"\",\"potentialAction\":[{\"@type\":\"SearchAction\",\"target\":{\"@type\":\"EntryPoint\",\"urlTemplate\":\"https:\/\/ship-tracker.org\/?s={search_term_string}\"},\"query-input\":{\"@type\":\"PropertyValueSpecification\",\"valueRequired\":true,\"valueName\":\"search_term_string\"}}],\"inLanguage\":\"nb-NO\"}]}<\/script>\n<!-- \/ Yoast SEO plugin. -->","yoast_head_json":{"title":"Spor Disney Cruise Line Fleet | Cruiseskip | Marine fart\u00f8y","description":"Plassering av Disney Cruise Line Fleet | N\u00e5v\u00e6rende posisjoner for Disney Cruise Line-skip, IMO-nummer, MMSI, Webkamera | Live Fleet Maps | Skipssporer","robots":{"index":"index","follow":"follow","max-snippet":"max-snippet:-1","max-image-preview":"max-image-preview:large","max-video-preview":"max-video-preview:-1"},"canonical":"https:\/\/ship-tracker.org\/nb\/disney-cruise-line\/","og_locale":"nb_NO","og_type":"article","og_title":"Track Disney Cruise Line Fleet | Cruise Ships | Marine Vessel","og_description":"Disney Cruise Line Fleet Location | Current Positions of Disney Cruise Line Ships, IMO numbers, MMSI, Webcam | Live Fleet Maps | Ship Tracker","og_url":"https:\/\/ship-tracker.org\/nb\/disney-cruise-line\/","og_site_name":"Ship-tracker.org","article_modified_time":"2022-10-27T13:58:51+00:00","og_image":[{"width":1000,"height":682,"url":"https:\/\/ship-tracker.org\/wp-content\/uploads\/2020\/04\/disney-cruise-line-web.jpg","type":"image\/jpeg"}],"twitter_card":"summary_large_image","twitter_misc":{"Ansl. lesetid":"2 minutter"},"schema":{"@context":"https:\/\/schema.org","@graph":[{"@type":"WebPage","@id":"https:\/\/ship-tracker.org\/disney-cruise-line\/","url":"https:\/\/ship-tracker.org\/disney-cruise-line\/","name":"Spor Disney Cruise Line Fleet | Cruiseskip | Marine fart\u00f8y","isPartOf":{"@id":"https:\/\/ship-tracker.org\/#website"},"primaryImageOfPage":{"@id":"https:\/\/ship-tracker.org\/disney-cruise-line\/#primaryimage"},"image":{"@id":"https:\/\/ship-tracker.org\/disney-cruise-line\/#primaryimage"},"thumbnailUrl":"https:\/\/ship-tracker.org\/wp-content\/uploads\/2020\/04\/disney-cruise-line-web.jpg","datePublished":"2020-04-29T12:20:25+00:00","dateModified":"2022-10-27T13:58:51+00:00","description":"Plassering av Disney Cruise Line Fleet | N\u00e5v\u00e6rende posisjoner for Disney Cruise Line-skip, IMO-nummer, MMSI, Webkamera | Live Fleet Maps | Skipssporer","breadcrumb":{"@id":"https:\/\/ship-tracker.org\/disney-cruise-line\/#breadcrumb"},"inLanguage":"nb-NO","potentialAction":[{"@type":"ReadAction","target":["https:\/\/ship-tracker.org\/disney-cruise-line\/"]}]},{"@type":"ImageObject","inLanguage":"nb-NO","@id":"https:\/\/ship-tracker.org\/disney-cruise-line\/#primaryimage","url":"https:\/\/ship-tracker.org\/wp-content\/uploads\/2020\/04\/disney-cruise-line-web.jpg","contentUrl":"https:\/\/ship-tracker.org\/wp-content\/uploads\/2020\/04\/disney-cruise-line-web.jpg","width":1000,"height":682,"caption":"Disney Cruise Line"},{"@type":"BreadcrumbList","@id":"https:\/\/ship-tracker.org\/disney-cruise-line\/#breadcrumb","itemListElement":[{"@type":"ListItem","position":1,"name":"Startseite","item":"https:\/\/ship-tracker.org\/"},{"@type":"ListItem","position":2,"name":"Disney Cruise Line"}]},{"@type":"WebSite","@id":"https:\/\/ship-tracker.org\/#website","url":"https:\/\/ship-tracker.org\/","name":"Ship-tracker.org","description":"","potentialAction":[{"@type":"SearchAction","target":{"@type":"EntryPoint","urlTemplate":"https:\/\/ship-tracker.org\/?s={search_term_string}"},"query-input":{"@type":"PropertyValueSpecification","valueRequired":true,"valueName":"search_term_string"}}],"inLanguage":"nb-NO"}]}},"_links":{"self":[{"href":"https:\/\/ship-tracker.org\/nb\/wp-json\/wp\/v2\/pages\/2123","targetHints":{"allow":["GET"]}}],"collection":[{"href":"https:\/\/ship-tracker.org\/nb\/wp-json\/wp\/v2\/pages"}],"about":[{"href":"https:\/\/ship-tracker.org\/nb\/wp-json\/wp\/v2\/types\/page"}],"author":[{"embeddable":true,"href":"https:\/\/ship-tracker.org\/nb\/wp-json\/wp\/v2\/users\/1"}],"replies":[{"embeddable":true,"href":"https:\/\/ship-tracker.org\/nb\/wp-json\/wp\/v2\/comments?post=2123"}],"version-history":[{"count":5,"href":"https:\/\/ship-tracker.org\/nb\/wp-json\/wp\/v2\/pages\/2123\/revisions"}],"predecessor-version":[{"id":3480,"href":"https:\/\/ship-tracker.org\/nb\/wp-json\/wp\/v2\/pages\/2123\/revisions\/3480"}],"wp:featuredmedia":[{"embeddable":true,"href":"https:\/\/ship-tracker.org\/nb\/wp-json\/wp\/v2\/media\/2124"}],"wp:attachment":[{"href":"https:\/\/ship-tracker.org\/nb\/wp-json\/wp\/v2\/media?parent=2123"}],"curies":[{"name":"wp","href":"https:\/\/api.w.org\/{rel}","templated":true}]}}